{"id":10192,"date":"2021-01-28T12:58:01","date_gmt":"2021-01-28T12:58:01","guid":{"rendered":"https:\/\/mythslegendes.com\/?page_id=10192"},"modified":"2023-03-05T09:34:51","modified_gmt":"2023-03-05T09:34:51","slug":"mythologie-tokelau","status":"publish","type":"page","link":"https:\/\/mythslegendes.com\/en\/tokelau-mythology\/","title":{"rendered":"Tokelau Mythology"},"content":{"rendered":"<div data-elementor-type=\"wp-page\" data-elementor-id=\"10192\" class=\"elementor elementor-10192\">\n\t\t\t\t\t\t<section class=\"elementor-section elementor-top-section elementor-element elementor-element-b96b6f5 elementor-section-boxed elementor-section-height-default elementor-section-height-default\" data-id=\"b96b6f5\" data-element_type=\"section\" data-e-type=\"section\">\n\t\t\t\t\t\t<div class=\"elementor-container elementor-column-gap-default\">\n\t\t\t\t\t<div class=\"elementor-column elementor-col-33 elementor-top-column elementor-element elementor-element-7d2b74d\" data-id=\"7d2b74d\" data-element_type=\"column\" data-e-type=\"column\">\n\t\t\t<div class=\"elementor-widget-wrap elementor-element-populated\">\n\t\t\t\t\t\t<div class=\"elementor-element elementor-element-5765178 elementor-align-justify elementor-widget elementor-widget-button\" data-id=\"5765178\" data-element_type=\"widget\" data-e-type=\"widget\" data-widget_type=\"button.default\">\n\t\t\t\t<div class=\"elementor-widget-container\">\n\t\t\t\t\t\t\t\t\t<div class=\"elementor-button-wrapper\">\n\t\t\t\t\t<a class=\"elementor-button elementor-button-link elementor-size-sm\" href=\"https:\/\/mythslegendes.com\/en\/mythes-et-legendes-oceaniques-1855\/\">\n\t\t\t\t\t\t<span class=\"elementor-button-content-wrapper\">\n\t\t\t\t\t\t\t\t\t<span class=\"elementor-button-text\">Back to the Cultural Group<\/span>\n\t\t\t\t\t<\/span>\n\t\t\t\t\t<\/a>\n\t\t\t\t<\/div>\n\t\t\t\t\t\t\t\t<\/div>\n\t\t\t\t<\/div>\n\t\t\t\t\t<\/div>\n\t\t<\/div>\n\t\t\t\t<div class=\"elementor-column elementor-col-33 elementor-top-column elementor-element elementor-element-1f5701a\" data-id=\"1f5701a\" data-element_type=\"column\" data-e-type=\"column\">\n\t\t\t<div class=\"elementor-widget-wrap elementor-element-populated\">\n\t\t\t\t\t\t<div class=\"elementor-element elementor-element-f51cde4 elementor-align-justify elementor-widget elementor-widget-button\" data-id=\"f51cde4\" data-element_type=\"widget\" data-e-type=\"widget\" data-widget_type=\"button.default\">\n\t\t\t\t<div class=\"elementor-widget-container\">\n\t\t\t\t\t\t\t\t\t<div class=\"elementor-button-wrapper\">\n\t\t\t\t\t<a class=\"elementor-button elementor-button-link elementor-size-sm\" href=\"https:\/\/mythslegendes.com\/en\/book-libraries\/\">\n\t\t\t\t\t\t<span class=\"elementor-button-content-wrapper\">\n\t\t\t\t\t\t\t\t\t<span class=\"elementor-button-text\">Dedicated Shop<\/span>\n\t\t\t\t\t<\/span>\n\t\t\t\t\t<\/a>\n\t\t\t\t<\/div>\n\t\t\t\t\t\t\t\t<\/div>\n\t\t\t\t<\/div>\n\t\t\t\t\t<\/div>\n\t\t<\/div>\n\t\t\t\t<div class=\"elementor-column elementor-col-33 elementor-top-column elementor-element elementor-element-fa349f7\" data-id=\"fa349f7\" data-element_type=\"column\" data-e-type=\"column\">\n\t\t\t<div class=\"elementor-widget-wrap elementor-element-populated\">\n\t\t\t\t\t\t<div class=\"elementor-element elementor-element-cd00cb9 elementor-align-justify elementor-widget elementor-widget-button\" data-id=\"cd00cb9\" data-element_type=\"widget\" data-e-type=\"widget\" data-widget_type=\"button.default\">\n\t\t\t\t<div class=\"elementor-widget-container\">\n\t\t\t\t\t\t\t\t\t<div class=\"elementor-button-wrapper\">\n\t\t\t\t\t<a class=\"elementor-button elementor-button-link elementor-size-sm\" href=\"https:\/\/fr.wikipedia.org\/wiki\/Tokelau\" target=\"_blank\" rel=\"noopener\">\n\t\t\t\t\t\t<span class=\"elementor-button-content-wrapper\">\n\t\t\t\t\t\t\t\t\t<span class=\"elementor-button-text\">Wiki<\/span>\n\t\t\t\t\t<\/span>\n\t\t\t\t\t<\/a>\n\t\t\t\t<\/div>\n\t\t\t\t\t\t\t\t<\/div>\n\t\t\t\t<\/div>\n\t\t\t\t\t<\/div>\n\t\t<\/div>\n\t\t\t\t\t<\/div>\n\t\t<\/section>\n\t\t\t\t<section class=\"elementor-section elementor-top-section elementor-element elementor-element-8cb0f3a elementor-section-boxed elementor-section-height-default elementor-section-height-default\" data-id=\"8cb0f3a\" data-element_type=\"section\" data-e-type=\"section\">\n\t\t\t\t\t\t<div class=\"elementor-container elementor-column-gap-default\">\n\t\t\t\t\t<div class=\"elementor-column elementor-col-100 elementor-top-column elementor-element elementor-element-a5b236a\" data-id=\"a5b236a\" data-element_type=\"column\" data-e-type=\"column\">\n\t\t\t<div class=\"elementor-widget-wrap elementor-element-populated\">\n\t\t\t\t\t\t<div class=\"elementor-element elementor-element-0684870 elementor-widget elementor-widget-heading\" data-id=\"0684870\" data-element_type=\"widget\" data-e-type=\"widget\" data-widget_type=\"heading.default\">\n\t\t\t\t<div class=\"elementor-widget-container\">\n\t\t\t\t\t<div id=\"ez-toc-container\" class=\"ez-toc-v2_0_82_2 counter-hierarchy ez-toc-counter ez-toc-grey ez-toc-container-direction\">\n<div class=\"ez-toc-title-container\">\n<p class=\"ez-toc-title\" style=\"cursor:inherit\">Contents<\/p>\n<span class=\"ez-toc-title-toggle\"><a href=\"#\" class=\"ez-toc-pull-right ez-toc-btn ez-toc-btn-xs ez-toc-btn-default ez-toc-toggle\" aria-label=\"Toggle Table of Content\"><span class=\"ez-toc-js-icon-con\"><span class=\"\"><span class=\"eztoc-hide\" style=\"display:none;\">Toggle<\/span><span class=\"ez-toc-icon-toggle-span\"><svg style=\"fill: #999;color:#999\" xmlns=\"http:\/\/www.w3.org\/2000\/svg\" class=\"list-377408\" width=\"20px\" height=\"20px\" viewbox=\"0 0 24 24\" fill=\"none\"><path d=\"M6 6H4v2h2V6zm14 0H8v2h12V6zM4 11h2v2H4v-2zm16 0H8v2h12v-2zM4 16h2v2H4v-2zm16 0H8v2h12v-2z\" fill=\"currentColor\"><\/path><\/svg><svg style=\"fill: #999;color:#999\" class=\"arrow-unsorted-368013\" xmlns=\"http:\/\/www.w3.org\/2000\/svg\" width=\"10px\" height=\"10px\" viewbox=\"0 0 24 24\" version=\"1.2\" baseprofile=\"tiny\"><path d=\"M18.2 9.3l-6.2-6.3-6.2 6.3c-.2.2-.3.4-.3.7s.1.5.3.7c.2.2.4.3.7.3h11c.3 0 .5-.1.7-.3.2-.2.3-.5.3-.7s-.1-.5-.3-.7zM5.8 14.7l6.2 6.3 6.2-6.3c.2-.2.3-.5.3-.7s-.1-.5-.3-.7c-.2-.2-.4-.3-.7-.3h-11c-.3 0-.5.1-.7.3-.2.2-.3.5-.3.7s.1.5.3.7z\"\/><\/svg><\/span><\/span><\/span><\/a><\/span><\/div>\n<nav><ul class='ez-toc-list ez-toc-list-level-1' ><li class='ez-toc-page-1 ez-toc-heading-level-2'><a class=\"ez-toc-link ez-toc-heading-1\" href=\"https:\/\/mythslegendes.com\/en\/tokelau-mythology\/#Mythologie-Tokelau\" >Tokelau Mythology<\/a><\/li><li class='ez-toc-page-1 ez-toc-heading-level-2'><a class=\"ez-toc-link ez-toc-heading-2\" href=\"https:\/\/mythslegendes.com\/en\/tokelau-mythology\/#Mythologie-Tokelau-textes\" >Tokelau mythology (texts)<\/a><\/li><li class='ez-toc-page-1 ez-toc-heading-level-2'><a class=\"ez-toc-link ez-toc-heading-3\" href=\"https:\/\/mythslegendes.com\/en\/tokelau-mythology\/#Livres-sur-la-mythologie-Iles-oceaniques\" >Oceanic Islands Mythology Books<\/a><\/li><\/ul><\/nav><\/div>\n<h2 class=\"elementor-heading-title elementor-size-default\"><span class=\"ez-toc-section\" id=\"Mythologie-Tokelau\"><\/span>Tokelau Mythology<span class=\"ez-toc-section-end\"><\/span><\/h2>\t\t\t\t<\/div>\n\t\t\t\t<\/div>\n\t\t\t\t\t<\/div>\n\t\t<\/div>\n\t\t\t\t\t<\/div>\n\t\t<\/section>\n\t\t\t\t<section class=\"elementor-section elementor-top-section elementor-element elementor-element-1cb139b elementor-section-boxed elementor-section-height-default elementor-section-height-default\" data-id=\"1cb139b\" data-element_type=\"section\" data-e-type=\"section\">\n\t\t\t\t\t\t<div class=\"elementor-container elementor-column-gap-default\">\n\t\t\t\t\t<div class=\"elementor-column elementor-col-100 elementor-top-column elementor-element elementor-element-984e439\" data-id=\"984e439\" data-element_type=\"column\" data-e-type=\"column\">\n\t\t\t<div class=\"elementor-widget-wrap elementor-element-populated\">\n\t\t\t\t\t\t<div class=\"elementor-element elementor-element-d1454c6 elementor-widget elementor-widget-text-editor\" data-id=\"d1454c6\" data-element_type=\"widget\" data-e-type=\"widget\" data-widget_type=\"text-editor.default\">\n\t\t\t\t<div class=\"elementor-widget-container\">\n\t\t\t\t\t\t\t\t\t<p>The <a href=\"https:\/\/mythslegendes.com\/en\/\">mythology<\/a> Tokelau refers to the peoples living on the Tokelau Islands (Fakaofo, Nukunonu, Atafu). 5,000 years ago, inhabitants of the coast of the <a href=\"https:\/\/mythslegendes.com\/en\/mythes-et-legendes-chinois-1768\/\">China<\/a> from the south, farmers of millet and rice, began to cross the strait to settle in Taiwan. Around 2000 <abbr class=\"abbr nowrap\" title=\"before Jesus Christ\">BCE<\/abbr>, migration takes place from Taiwan to the Philippines.<\/p><p>New migrations soon begin from the Philippines to Celebes and Timor and from there to the other islands of the Indonesian archipelago. Around 1500 <abbr class=\"abbr nowrap\" title=\"before Jesus Christ\">BCE<\/abbr>, another movement leads from the Philippines to New Guinea and beyond, the Pacific Islands. The Austronesians are undoubtedly the first navigators in the history of mankind.<\/p><p>Although archaeological evidence indicates that the Tokelau Atolls were occupied around 1,000 years ago, oral traditions and reconstructed genealogies trace the occupation back to only a few hundred years. The three atolls lived quite independently of each other while maintaining great social and linguistic cohesion. Tokelau society was dominated by clans of traditional chiefs (the <i>aliki<\/i> Polynesians) and there have been both numerous skirmishes and inter-island weddings.<\/p><p><img decoding=\"async\" class=\"alignnone wp-image-5284 size-full\" src=\"https:\/\/mythslegendes.com\/wp-content\/uploads\/2020\/09\/AlphaOmega-e1602613368367.png\" alt=\"Tokelau mythology\" width=\"25\" height=\"26\" title=\"\"><\/p>\t\t\t\t\t\t\t\t<\/div>\n\t\t\t\t<\/div>\n\t\t\t\t\t<\/div>\n\t\t<\/div>\n\t\t\t\t\t<\/div>\n\t\t<\/section>\n\t\t\t\t<section class=\"elementor-section elementor-top-section elementor-element elementor-element-08b1629 elementor-section-boxed elementor-section-height-default elementor-section-height-default\" data-id=\"08b1629\" data-element_type=\"section\" data-e-type=\"section\">\n\t\t\t\t\t\t<div class=\"elementor-container elementor-column-gap-default\">\n\t\t\t\t\t<div class=\"elementor-column elementor-col-100 elementor-top-column elementor-element elementor-element-fbb6319\" data-id=\"fbb6319\" data-element_type=\"column\" data-e-type=\"column\">\n\t\t\t<div class=\"elementor-widget-wrap elementor-element-populated\">\n\t\t\t\t\t\t<div class=\"elementor-element elementor-element-9d91f9c elementor-widget elementor-widget-heading\" data-id=\"9d91f9c\" data-element_type=\"widget\" data-e-type=\"widget\" data-widget_type=\"heading.default\">\n\t\t\t\t<div class=\"elementor-widget-container\">\n\t\t\t\t\t<h2 class=\"elementor-heading-title elementor-size-default\"><span class=\"ez-toc-section\" id=\"Mythologie-Tokelau-textes\"><\/span>Tokelau mythology (texts)<span class=\"ez-toc-section-end\"><\/span><\/h2>\t\t\t\t<\/div>\n\t\t\t\t<\/div>\n\t\t\t\t\t<\/div>\n\t\t<\/div>\n\t\t\t\t\t<\/div>\n\t\t<\/section>\n\t\t\t\t<section class=\"elementor-section elementor-top-section elementor-element elementor-element-8e61d45 elementor-section-boxed elementor-section-height-default elementor-section-height-default\" data-id=\"8e61d45\" data-element_type=\"section\" data-e-type=\"section\">\n\t\t\t\t\t\t<div class=\"elementor-container elementor-column-gap-default\">\n\t\t\t\t\t<div class=\"elementor-column elementor-col-100 elementor-top-column elementor-element elementor-element-0f559fe\" data-id=\"0f559fe\" data-element_type=\"column\" data-e-type=\"column\">\n\t\t\t<div class=\"elementor-widget-wrap elementor-element-populated\">\n\t\t\t\t\t\t<div class=\"elementor-element elementor-element-531c1cd elementor-widget elementor-widget-toggle\" data-id=\"531c1cd\" data-element_type=\"widget\" data-e-type=\"widget\" data-widget_type=\"toggle.default\">\n\t\t\t\t<div class=\"elementor-widget-container\">\n\t\t\t\t\t\t\t<div class=\"elementor-toggle\">\n\t\t\t\t\t\t\t<div class=\"elementor-toggle-item\">\n\t\t\t\t\t<div id=\"elementor-tab-title-8711\" class=\"elementor-tab-title\" data-tab=\"1\" role=\"button\" aria-controls=\"elementor-tab-content-8711\" aria-expanded=\"false\">\n\t\t\t\t\t\t\t\t\t\t\t\t<span class=\"elementor-toggle-icon elementor-toggle-icon-left\" aria-hidden=\"true\">\n\t\t\t\t\t\t\t\t\t\t\t\t\t\t\t<span class=\"elementor-toggle-icon-closed\"><i class=\"fas fa-caret-right\"><\/i><\/span>\n\t\t\t\t\t\t\t\t<span class=\"elementor-toggle-icon-opened\"><i class=\"elementor-toggle-icon-opened fas fa-caret-up\"><\/i><\/span>\n\t\t\t\t\t\t\t\t\t\t\t\t\t<\/span>\n\t\t\t\t\t\t\t\t\t\t\t\t<a class=\"elementor-toggle-title\" tabindex=\"0\">Religion Tokelau<\/a>\n\t\t\t\t\t<\/div>\n\n\t\t\t\t\t<div id=\"elementor-tab-content-8711\" class=\"elementor-tab-content elementor-clearfix\" data-tab=\"1\" role=\"region\" aria-labelledby=\"elementor-tab-title-8711\"><ul><li><a href=\"https:\/\/mythslegendes.com\/en\/tokelau-mythology\/gods-tokelau\/\"><strong>Tokelauan Gods<\/strong><\/a><\/li><li><a href=\"https:\/\/mythslegendes.com\/en\/tokelau-mythology\/religion-tokelau\/\"><strong>Religion Tokelau<\/strong><\/a><\/li><li><a href=\"https:\/\/mythslegendes.com\/en\/tokelau-mythology\/rituals-tokelau\/\"><strong>Rituals Tokelau<\/strong><\/a><\/li><li><a href=\"https:\/\/mythslegendes.com\/en\/tokelau-mythology\/medicine-tokelau\/\"><strong>Medicine Tokelau<\/strong><\/a><\/li><li><strong><a href=\"https:\/\/mythslegendes.com\/en\/tokelau-mythology\/dances-tokelau\/\">Tokelauan Dances<\/a><\/strong><\/li><li><a href=\"https:\/\/mythslegendes.com\/en\/tokelau-mythology\/music-tokelau\/\"><strong>Music Tokelau<\/strong><\/a><\/li><\/ul><\/div>\n\t\t\t\t<\/div>\n\t\t\t\t\t\t\t<div class=\"elementor-toggle-item\">\n\t\t\t\t\t<div id=\"elementor-tab-title-8712\" class=\"elementor-tab-title\" data-tab=\"2\" role=\"button\" aria-controls=\"elementor-tab-content-8712\" aria-expanded=\"false\">\n\t\t\t\t\t\t\t\t\t\t\t\t<span class=\"elementor-toggle-icon elementor-toggle-icon-left\" aria-hidden=\"true\">\n\t\t\t\t\t\t\t\t\t\t\t\t\t\t\t<span class=\"elementor-toggle-icon-closed\"><i class=\"fas fa-caret-right\"><\/i><\/span>\n\t\t\t\t\t\t\t\t<span class=\"elementor-toggle-icon-opened\"><i class=\"elementor-toggle-icon-opened fas fa-caret-up\"><\/i><\/span>\n\t\t\t\t\t\t\t\t\t\t\t\t\t<\/span>\n\t\t\t\t\t\t\t\t\t\t\t\t<a class=\"elementor-toggle-title\" tabindex=\"0\">Songs and Legends Tokelau<\/a>\n\t\t\t\t\t<\/div>\n\n\t\t\t\t\t<div id=\"elementor-tab-content-8712\" class=\"elementor-tab-content elementor-clearfix\" data-tab=\"2\" role=\"region\" aria-labelledby=\"elementor-tab-title-8712\"><ul><li class=\"expanded\"><em>The <a href=\"https:\/\/mythslegendes.com\/en\/\">myths<\/a> from Sina<\/em><br \/><ul class=\"toc\"><li><a href=\"https:\/\/mythslegendes.com\/en\/tokelau-mythology\/tale-tokelau-sinaiono\/\"><strong>Sinaiono\u00a0<\/strong><\/a><\/li><li><a href=\"https:\/\/mythslegendes.com\/en\/tokelau-mythology\/tale-tokelau-sinalangi\/\"><strong>Sinalangi\u00a0<\/strong><\/a><\/li><li><a href=\"https:\/\/mythslegendes.com\/en\/tokelau-mythology\/tale-tokelau-alomoanaki\/\"><strong>Alomoanaki<\/strong><\/a><\/li><li><a href=\"https:\/\/mythslegendes.com\/en\/tokelau-mythology\/tale-tokelau-sifo\/\"><strong>sifo<\/strong><\/a><\/li><li><a href=\"https:\/\/mythslegendes.com\/en\/tokelau-mythology\/tale-tokelau-matilafoafoa\/\"><strong>Matilafoafoa<\/strong><\/a><\/li><li><strong><a href=\"https:\/\/mythslegendes.com\/en\/tokelau-mythology\/tale-tokelau-the-stars\/\">The stars<\/a><abbr title=\"page\"><\/abbr><\/strong><\/li><\/ul><\/li><li><a href=\"https:\/\/mythslegendes.com\/en\/tokelau-mythology\/tale-tokelau-tae-a-tangaloa\/\"><strong>Tae-A-Tangaloa<\/strong><\/a><\/li><li><strong><a href=\"https:\/\/mythslegendes.com\/en\/tokelau-mythology\/tale-tokelau-pupunatavai\/\">Pupunatavai<\/a><abbr title=\"page\"><\/abbr><\/strong><\/li><\/ul><\/div>\n\t\t\t\t<\/div>\n\t\t\t\t\t\t\t\t<\/div>\n\t\t\t\t\t\t<\/div>\n\t\t\t\t<\/div>\n\t\t\t\t\t<\/div>\n\t\t<\/div>\n\t\t\t\t\t<\/div>\n\t\t<\/section>\n\t\t\t\t<section class=\"elementor-section elementor-top-section elementor-element elementor-element-f685ad3 elementor-section-boxed elementor-section-height-default elementor-section-height-default\" data-id=\"f685ad3\" data-element_type=\"section\" data-e-type=\"section\">\n\t\t\t\t\t\t<div class=\"elementor-container elementor-column-gap-default\">\n\t\t\t\t\t<div class=\"elementor-column elementor-col-100 elementor-top-column elementor-element elementor-element-22d7c28\" data-id=\"22d7c28\" data-element_type=\"column\" data-e-type=\"column\">\n\t\t\t<div class=\"elementor-widget-wrap elementor-element-populated\">\n\t\t\t\t\t\t<div class=\"elementor-element elementor-element-ce5664b elementor-widget elementor-widget-heading\" data-id=\"ce5664b\" data-element_type=\"widget\" data-e-type=\"widget\" data-widget_type=\"heading.default\">\n\t\t\t\t<div class=\"elementor-widget-container\">\n\t\t\t\t\t<h2 class=\"elementor-heading-title elementor-size-default\"><span class=\"ez-toc-section\" id=\"Livres-sur-la-mythologie-Iles-oceaniques\"><\/span>Oceanic Islands Mythology Books<span class=\"ez-toc-section-end\"><\/span><\/h2>\t\t\t\t<\/div>\n\t\t\t\t<\/div>\n\t\t\t\t\t<\/div>\n\t\t<\/div>\n\t\t\t\t\t<\/div>\n\t\t<\/section>\n\t\t\t\t<section class=\"elementor-section elementor-top-section elementor-element elementor-element-3fd8d35 elementor-section-boxed elementor-section-height-default elementor-section-height-default\" data-id=\"3fd8d35\" data-element_type=\"section\" data-e-type=\"section\">\n\t\t\t\t\t\t<div class=\"elementor-container elementor-column-gap-default\">\n\t\t\t\t\t<div class=\"elementor-column elementor-col-100 elementor-top-column elementor-element elementor-element-661e3c0\" data-id=\"661e3c0\" data-element_type=\"column\" data-e-type=\"column\">\n\t\t\t<div class=\"elementor-widget-wrap elementor-element-populated\">\n\t\t\t\t\t\t<div class=\"elementor-element elementor-element-fafdbd5 elementor-widget elementor-widget-text-editor\" data-id=\"fafdbd5\" data-element_type=\"widget\" data-e-type=\"widget\" data-widget_type=\"text-editor.default\">\n\t\t\t\t<div class=\"elementor-widget-container\">\n\t\t\t\t\t\t\t\t\t<p>Comics \/ Illustrated:<\/p><p>In French :<\/p><ul><li><a href=\"https:\/\/www.amazon.fr\/Contes-L%C3%A9gendes-Polyn%C3%A9sie-b%C3%A9n%C3%A9fices-revers%C3%A9s\/dp\/B01GZVY4T0?&amp;linkCode=ll1&amp;tag=mythscience-21&amp;linkId=d7445480af95408065b4c405cd8dc171&amp;language=fr_FR&amp;ref_=as_li_ss_tl\" target=\"_blank\" rel=\"noopener\">Tales &amp; Legends of Polynesia<\/a><\/li><li><a href=\"https:\/\/www.amazon.fr\/Contes-sages-Polyn%C3%A9sie-Celine-Ripoll\/dp\/2021092070?&amp;linkCode=ll1&amp;tag=mythscience-21&amp;linkId=3949b9a599341942e3056f6cbba103a2&amp;language=fr_FR&amp;ref_=as_li_ss_tl\" target=\"_blank\" rel=\"noopener\">Tales of the sages of Polynesia<\/a><\/li><li><a href=\"https:\/\/www.amazon.fr\/mythologie-tahitienne-pour-tous-compagnie\/dp\/2955686093?&amp;linkCode=sl1&amp;tag=mythscience-21&amp;linkId=031fb5d0ab73f906a9726aa331a593f8&amp;language=fr_FR&amp;ref_=as_li_ss_tl\" target=\"_blank\" rel=\"noopener\">Tahitian mythology for everyone: Maui, Hiro, Hina and company<\/a><\/li><li><a href=\"https:\/\/www.amazon.fr\/Mahine-f%C3%A9es-fleurs-Contes-Imaginaires\/dp\/1479201766?&amp;linkCode=sl1&amp;tag=mythscience-21&amp;linkId=86c85dcf661c034b8302705c3ffd4ffb&amp;language=fr_FR&amp;ref_=as_li_ss_tl\" target=\"_blank\" rel=\"noopener\">Mahine and the Flower Fairies: The Imaginary Tales of Tahiti<\/a><\/li><li><a href=\"https:\/\/www.amazon.fr\/dp\/2070732975?&amp;linkCode=ll1&amp;tag=mythscience-21&amp;linkId=b253d93bbf2afd2d36ad5dbbc3be806f&amp;language=fr_FR&amp;ref_=as_li_ss_tl\" target=\"_blank\" rel=\"noopener\">Tahitian myths<\/a><\/li><li><a href=\"https:\/\/www.amazon.fr\/dp\/1720924635?&amp;linkCode=ll1&amp;tag=mythscience-21&amp;linkId=6fddf166d6f188346a372adbdb46aa6f&amp;language=fr_FR&amp;ref_=as_li_ss_tl\" target=\"_blank\" rel=\"noopener\">Hiro and Hina: Walks in the heart of the legends of Bora-Bora and other islands<\/a><\/li><\/ul><p>Only in English:<\/p><ul><li><a href=\"https:\/\/www.amazon.fr\/Oceanic-Mythology-Polynesia-Micronesia-Australia\/dp\/0814803865?&amp;linkCode=ll1&amp;tag=mythscience-21&amp;linkId=d91d68155ca23d0bb60bc46837ce2406&amp;language=fr_FR&amp;ref_=as_li_ss_tl\" target=\"_blank\" rel=\"noopener\">Oceanic Mythology: The Myths of Polynesia, Micronesia, Melanesia, Australia<\/a><\/li><li><a href=\"https:\/\/www.amazon.fr\/Mysterious-Polynesia-Legends-Mysteries-Polynesians\/dp\/1700751158?&amp;linkCode=ll1&amp;tag=mythscience-21&amp;linkId=8624fa19e305ea560805b4dfea414d9a&amp;language=fr_FR&amp;ref_=as_li_ss_tl\" target=\"_blank\" rel=\"noopener\">Mysterious Polynesia: The Myths, Legends, and Mysteries of the Polynesians<\/a><\/li><li><a href=\"https:\/\/www.amazon.fr\/Handbook-Polynesian-Mythology-Robert-Craig\/dp\/1576078949?&amp;linkCode=sl1&amp;tag=mythscience-21&amp;linkId=0a9bc21d35f26865230d1a375f2cca8c&amp;language=fr_FR&amp;ref_=as_li_ss_tl\" target=\"_blank\" rel=\"noopener\">Handbook of Polynesian Mythology<\/a><\/li><li><a href=\"https:\/\/www.amazon.fr\/Shark-Caller-Zillah-Bethell\/dp\/1474966845?&amp;linkCode=sl1&amp;tag=mythscience-21&amp;linkId=93eab977d1c445951d4e747dc1b2a566&amp;language=fr_FR&amp;ref_=as_li_ss_tl\" target=\"_blank\" rel=\"noopener\">The Shark Caller<\/a><\/li><li><a href=\"https:\/\/www.amazon.fr\/Pele-Volcano-Goddess-Hawaii-History\/dp\/0786463473?&amp;linkCode=sl1&amp;tag=mythscience-21&amp;linkId=879a222a204176c78c888f6c1cfb5cc9&amp;language=fr_FR&amp;ref_=as_li_ss_tl\" target=\"_blank\" rel=\"noopener\">Pele, Volcano Goddess of Hawai&#039;i<\/a><\/li><li><a href=\"https:\/\/www.amazon.fr\/POLYNESIAN-TATTOO-Handbook-meaningful-Polynesian\/dp\/8890601655?&amp;linkCode=sl1&amp;tag=mythscience-21&amp;linkId=ddd2b41ca26b7cb54d675d371eb353ea&amp;language=fr_FR&amp;ref_=as_li_ss_tl\" target=\"_blank\" rel=\"noopener\">The POLYNESIAN TATTOO Handbook<\/a><\/li><li><a href=\"https:\/\/www.amazon.fr\/Maori-History-Legacy-Zealands-Indigenous\/dp\/1724562355?&amp;linkCode=sl1&amp;tag=mythscience-21&amp;linkId=40a4e19e4c639ab5e1ac1e1961963f04&amp;language=fr_FR&amp;ref_=as_li_ss_tl\" target=\"_blank\" rel=\"noopener\">The Maori: The History and Legacy of New Zealand&#039;s Indigenous People<\/a><\/li><li><a href=\"https:\/\/www.amazon.fr\/Maori-Myths-Legendary-Tales-Reed\/dp\/1877246107?&amp;linkCode=ll1&amp;tag=mythscience-21&amp;linkId=5dc3e0e2f6927c159defa9552e4aed23&amp;language=fr_FR&amp;ref_=as_li_ss_tl\" target=\"_blank\" rel=\"noopener\">Maori Myths and Legendary Tales<\/a><\/li><li><a href=\"https:\/\/www.amazon.fr\/Purakau-Maori-Retold-Writers-English-ebook\/dp\/B07P935FRF?&amp;linkCode=ll1&amp;tag=mythscience-21&amp;linkId=f305dbbf26dc66e907ba9c7e4c7cfeef&amp;language=fr_FR&amp;ref_=as_li_ss_tl\" target=\"_blank\" rel=\"noopener\">Purakau: Maori Myths Retold by Maori Writers<\/a><\/li><li><a href=\"https:\/\/www.amazon.fr\/Straight-Path-Spirit-Ancestral-Traditions-ebook\/dp\/B0082CXFJ6?&amp;linkCode=ll1&amp;tag=mythscience-21&amp;linkId=79509b0621656c9b04357fd1c0f5d3f1&amp;language=fr_FR&amp;ref_=as_li_ss_tl\" target=\"_blank\" rel=\"noopener\">The Straight Path of the Spirit: Ancestral Wisdom and Healing Traditions in Fiji<\/a><\/li><li><a href=\"https:\/\/www.amazon.fr\/Tongas-First-King-Other-Folktales\/dp\/1737699419?&amp;linkCode=ll1&amp;tag=mythscience-21&amp;linkId=eb76822abcef60486dddb6572a7af3b6&amp;language=fr_FR&amp;ref_=as_li_ss_tl\" target=\"_blank\" rel=\"noopener\">Tonga&#039;s First King and Other Folktales<\/a><\/li><li><a href=\"https:\/\/www.amazon.fr\/Sina-Magical-Eel-Legends-Polynesia\/dp\/1091943605?&amp;linkCode=sl1&amp;tag=mythscience-21&amp;linkId=44f85c2eb4860488404344b382d831a1&amp;language=fr_FR&amp;ref_=as_li_ss_tl\" target=\"_blank\" rel=\"noopener\">Sina And The Magical Eel: Legends from Polynesia<\/a><\/li><li><a href=\"https:\/\/www.amazon.fr\/New-Guinea-Ceremonies-David-Gillison\/dp\/0810906015?&amp;linkCode=ll1&amp;tag=mythscience-21&amp;linkId=24f7afff35e88d0f79476e4aa23a4b14&amp;language=fr_FR&amp;ref_=as_li_ss_tl\" target=\"_blank\" rel=\"noopener\">New Guinea Ceremonies<\/a><\/li><\/ul>\t\t\t\t\t\t\t\t<\/div>\n\t\t\t\t<\/div>\n\t\t\t\t\t<\/div>\n\t\t<\/div>\n\t\t\t\t\t<\/div>\n\t\t<\/section>\n\t\t\t\t<\/div>","protected":false},"excerpt":{"rendered":"<p>Retour au Groupe Culturel Boutique D\u00e9di\u00e9e Wiki Mythologie Tokelau La mythologie Tokelau fait r\u00e9f\u00e9rence aux peuples vivant sur les \u00eeles &hellip; <\/p>","protected":false},"author":1,"featured_media":0,"parent":0,"menu_order":0,"comment_status":"closed","ping_status":"closed","template":"","meta":{"footnotes":""},"class_list":["post-10192","page","type-page","status-publish","hentry"],"amp_enabled":true,"_links":{"self":[{"href":"https:\/\/mythslegendes.com\/en\/wp-json\/wp\/v2\/pages\/10192","targetHints":{"allow":["GET"]}}],"collection":[{"href":"https:\/\/mythslegendes.com\/en\/wp-json\/wp\/v2\/pages"}],"about":[{"href":"https:\/\/mythslegendes.com\/en\/wp-json\/wp\/v2\/types\/page"}],"author":[{"embeddable":true,"href":"https:\/\/mythslegendes.com\/en\/wp-json\/wp\/v2\/users\/1"}],"replies":[{"embeddable":true,"href":"https:\/\/mythslegendes.com\/en\/wp-json\/wp\/v2\/comments?post=10192"}],"version-history":[{"count":10,"href":"https:\/\/mythslegendes.com\/en\/wp-json\/wp\/v2\/pages\/10192\/revisions"}],"predecessor-version":[{"id":27346,"href":"https:\/\/mythslegendes.com\/en\/wp-json\/wp\/v2\/pages\/10192\/revisions\/27346"}],"wp:attachment":[{"href":"https:\/\/mythslegendes.com\/en\/wp-json\/wp\/v2\/media?parent=10192"}],"curies":[{"name":"wp","href":"https:\/\/api.w.org\/{rel}","templated":true}]}}