{"id":1026,"date":"2020-06-16T14:47:41","date_gmt":"2020-06-16T13:47:41","guid":{"rendered":"https:\/\/mythslegendes.com\/?page_id=1026"},"modified":"2022-12-03T22:07:00","modified_gmt":"2022-12-03T22:07:00","slug":"laminak-et-genies","status":"publish","type":"page","link":"https:\/\/mythslegendes.com\/en\/basque-mythology\/laminak-et-genies\/","title":{"rendered":"Laminak and Geniuses"},"content":{"rendered":"<div data-elementor-type=\"wp-page\" data-elementor-id=\"1026\" class=\"elementor elementor-1026\">\n\t\t\t\t\t\t<section class=\"elementor-section elementor-top-section elementor-element elementor-element-7e320d1 elementor-section-boxed elementor-section-height-default elementor-section-height-default\" data-id=\"7e320d1\" data-element_type=\"section\" data-e-type=\"section\">\n\t\t\t\t\t\t<div class=\"elementor-container elementor-column-gap-default\">\n\t\t\t\t\t<div class=\"elementor-column elementor-col-50 elementor-top-column elementor-element elementor-element-061690e\" data-id=\"061690e\" data-element_type=\"column\" data-e-type=\"column\">\n\t\t\t<div class=\"elementor-widget-wrap elementor-element-populated\">\n\t\t\t\t\t\t<div class=\"elementor-element elementor-element-1f70170 elementor-align-justify elementor-widget elementor-widget-button\" data-id=\"1f70170\" data-element_type=\"widget\" data-e-type=\"widget\" data-widget_type=\"button.default\">\n\t\t\t\t<div class=\"elementor-widget-container\">\n\t\t\t\t\t\t\t\t\t<div class=\"elementor-button-wrapper\">\n\t\t\t\t\t<a class=\"elementor-button elementor-button-link elementor-size-sm\" href=\"https:\/\/mythslegendes.com\/en\/basque-mythology\/\">\n\t\t\t\t\t\t<span class=\"elementor-button-content-wrapper\">\n\t\t\t\t\t\t\t\t\t<span class=\"elementor-button-text\">Basque mythology<\/span>\n\t\t\t\t\t<\/span>\n\t\t\t\t\t<\/a>\n\t\t\t\t<\/div>\n\t\t\t\t\t\t\t\t<\/div>\n\t\t\t\t<\/div>\n\t\t\t\t\t<\/div>\n\t\t<\/div>\n\t\t\t\t<div class=\"elementor-column elementor-col-50 elementor-top-column elementor-element elementor-element-0b3c7bd\" data-id=\"0b3c7bd\" data-element_type=\"column\" data-e-type=\"column\">\n\t\t\t<div class=\"elementor-widget-wrap elementor-element-populated\">\n\t\t\t\t\t\t<div class=\"elementor-element elementor-element-a177f75 elementor-align-justify elementor-widget elementor-widget-button\" data-id=\"a177f75\" data-element_type=\"widget\" data-e-type=\"widget\" data-widget_type=\"button.default\">\n\t\t\t\t<div class=\"elementor-widget-container\">\n\t\t\t\t\t\t\t\t\t<div class=\"elementor-button-wrapper\">\n\t\t\t\t\t<a class=\"elementor-button elementor-button-link elementor-size-sm\" href=\"https:\/\/fr.wikipedia.org\/wiki\/Mythologie_basque\" target=\"_blank\" rel=\"noopener\">\n\t\t\t\t\t\t<span class=\"elementor-button-content-wrapper\">\n\t\t\t\t\t\t\t\t\t<span class=\"elementor-button-text\">Wiki<\/span>\n\t\t\t\t\t<\/span>\n\t\t\t\t\t<\/a>\n\t\t\t\t<\/div>\n\t\t\t\t\t\t\t\t<\/div>\n\t\t\t\t<\/div>\n\t\t\t\t\t<\/div>\n\t\t<\/div>\n\t\t\t\t\t<\/div>\n\t\t<\/section>\n\t\t\t\t<section class=\"elementor-section elementor-top-section elementor-element elementor-element-1defe674 elementor-section-boxed elementor-section-height-default elementor-section-height-default\" data-id=\"1defe674\" data-element_type=\"section\" data-e-type=\"section\">\n\t\t\t\t\t\t<div class=\"elementor-container elementor-column-gap-default\">\n\t\t\t\t\t<div class=\"elementor-column elementor-col-100 elementor-top-column elementor-element elementor-element-5d3be45b\" data-id=\"5d3be45b\" data-element_type=\"column\" data-e-type=\"column\">\n\t\t\t<div class=\"elementor-widget-wrap elementor-element-populated\">\n\t\t\t\t\t\t<div class=\"elementor-element elementor-element-48d7c9b8 elementor-widget elementor-widget-text-editor\" data-id=\"48d7c9b8\" data-element_type=\"widget\" data-e-type=\"widget\" data-widget_type=\"text-editor.default\">\n\t\t\t\t<div class=\"elementor-widget-container\">\n\t\t\t\t\t\t\t\t\t<p><\/p>\n<p>One of the beings that appears most frequently in the stories are the Lami\u00f1ak (Lamin, Lami\u00f1aku, Eilalamina, Latsari\u2026), women with the feet of hens, goats or with a fish tail, living in caves or wells. They are often seen combing their hair with a precious (golden) comb and at the edge of streams, fountains or cave entrances. Those who are left with an offering overnight will help in the daily work.<\/p>\n<p><img decoding=\"async\" class=\"alignnone wp-image-5284 size-full\" src=\"https:\/\/mythslegendes.com\/wp-content\/uploads\/2020\/09\/AlphaOmega-e1602613368367.png\" alt=\"Laminak\" width=\"25\" height=\"26\" title=\"\"><\/p>\n<div id=\"ez-toc-container\" class=\"ez-toc-v2_0_82_2 counter-hierarchy ez-toc-counter ez-toc-grey ez-toc-container-direction\">\n<div class=\"ez-toc-title-container\">\n<p class=\"ez-toc-title\" style=\"cursor:inherit\">Contents<\/p>\n<span class=\"ez-toc-title-toggle\"><a href=\"#\" class=\"ez-toc-pull-right ez-toc-btn ez-toc-btn-xs ez-toc-btn-default ez-toc-toggle\" aria-label=\"Toggle Table of Content\"><span class=\"ez-toc-js-icon-con\"><span class=\"\"><span class=\"eztoc-hide\" style=\"display:none;\">Toggle<\/span><span class=\"ez-toc-icon-toggle-span\"><svg style=\"fill: #999;color:#999\" xmlns=\"http:\/\/www.w3.org\/2000\/svg\" class=\"list-377408\" width=\"20px\" height=\"20px\" viewbox=\"0 0 24 24\" fill=\"none\"><path d=\"M6 6H4v2h2V6zm14 0H8v2h12V6zM4 11h2v2H4v-2zm16 0H8v2h12v-2zM4 16h2v2H4v-2zm16 0H8v2h12v-2z\" fill=\"currentColor\"><\/path><\/svg><svg style=\"fill: #999;color:#999\" class=\"arrow-unsorted-368013\" xmlns=\"http:\/\/www.w3.org\/2000\/svg\" width=\"10px\" height=\"10px\" viewbox=\"0 0 24 24\" version=\"1.2\" baseprofile=\"tiny\"><path d=\"M18.2 9.3l-6.2-6.3-6.2 6.3c-.2.2-.3.4-.3.7s.1.5.3.7c.2.2.4.3.7.3h11c.3 0 .5-.1.7-.3.2-.2.3-.5.3-.7s-.1-.5-.3-.7zM5.8 14.7l6.2 6.3 6.2-6.3c.2-.2.3-.5.3-.7s-.1-.5-.3-.7c-.2-.2-.4-.3-.7-.3h-11c-.3 0-.5.1-.7.3-.2.2-.3.5-.3.7s.1.5.3.7z\"\/><\/svg><\/span><\/span><\/span><\/a><\/span><\/div>\n<nav><ul class='ez-toc-list ez-toc-list-level-1' ><li class='ez-toc-page-1 ez-toc-heading-level-2'><a class=\"ez-toc-link ez-toc-heading-1\" href=\"https:\/\/mythslegendes.com\/en\/basque-mythology\/laminak-et-genies\/#Laminak\" >Laminak<\/a><\/li><\/ul><\/nav><\/div>\n<h2><span class=\"ez-toc-section\" id=\"Laminak\"><\/span>Laminak<span class=\"ez-toc-section-end\"><\/span><\/h2>\n<p><\/p>\n<p><\/p>\n<p>Many are the <a href=\"https:\/\/mythslegendes.com\/en\/\">legends<\/a> which tell the stories of impossible love between captured lami\u00f1ak and handsome young men.<\/p>\n<p>In some places we can distinguish between male and female lami\u00f1ak. It is said that the building of Christian hermitages in rural, deforested and mountainous areas, as well as public prayers, have contributed to their disappearance, although we continue to see them in many places, still with their faces so attractive.<\/p>\n<p><\/p>\n<p><\/p>\n<p>Anyway, toponymy <a href=\"https:\/\/mythslegendes.com\/en\/basque-mythology\/\">Basque<\/a> is abundant in appellations that originate from the lami\u00f1ak: Lamiaran (valley of the lami\u00f1ak), Lamuxain (well of the lami\u00f1ak, Laminiturri (fountain of the lami\u00f1ak), Lami\u00f1erreka (stream of the lami\u00f1ak) etc.<\/p>\n<p><\/p>\n<p><\/p>\n<p>They are credited with carrying out certain works and constructions such as bridges: that of EBRAIN (Bidarrai in Lower Navarre, ARROSA (Arrosa in Lower Navarre), AZALAIN (Andoain in Gipuzkoa), URKULU (Gatzaga in Gipuzkoa)\u2026 dolmens: SORGINETXE ( Arrizala en Alaba), MAIRETXE (Mendive in Lower Navarre), and some house churches and castles.<\/p>\n<p><\/p>\n<p><\/p>\n<p>It is also said that the Licq en Soule bridge was built by the lami\u00f1ak (see the <a href=\"https:\/\/mythslegendes.com\/en\/\">legend<\/a>).<\/p>\n<p>Here is another version told by Jaureguiberri de Tardets (Soule):<\/p>\n<p><\/p>\n<p><\/p>\n<p>\u201cA long time ago, the lami\u00f1ak of the Letxarantz\u00fc hill undertook to build a bridge over the Gave de Licq. A difficult job if there is one. But is there something the Lami\u00f1ak can&#039;t do?<\/p>\n<p>The night was very dark and they did not want to see or meet onlookers. They set to work quickly and silently in order to finish it before dawn. They climbed the arch of the bridge not from both sides simultaneously, like the men, but from one side and then from the second as they were used to doing.<\/p>\n<p>There was a baker nearby and, as usual, just before dawn, he lit the oven. A young rooster in the henhouse, seeing this light, believed that the day was breaking and began to crow.<\/p>\n<p>The lami\u00f1ak, with their stones in their arms, would adjust it to its place. When they heard the rooster&#039;s field, threw the stone at the bottom of the Gave then fled screaming in the dark.<\/p>\n<p>Since that day, when the gave is low, everyone can see in the foundation, a large hole: This is the place that the last stone of the lami\u00f1ak was to occupy. &quot;<\/p>\n<p><\/p>\n<p><\/p>\n<p>In the thick forests one finds the BASAJAUN, BASOJAUN or ANXO, lord of the forests with the human body and long hair. It is a being of unusual strength and, depending on the version, can cause fear or devote itself to protecting the flocks of the shepherds. He has one foot like men&#039;s, and the other, on the other hand, is round. He is hairy from head to toe. When it walks in the surroundings, the wolf does not venture to approach it and the shepherds can sleep peacefully.<\/p>\n<p>This description is prevalent in many accounts. Sometimes we talk about his wife, BASANDERE. Very close to this character, although different, the TARTALO or TORTO, a cyclops with terrifying behavior and cannibalistic habits.<\/p>\n<p><\/p>\n<p><\/p>\n<p>Some of these many geniuses are nocturnal. This is the case of GAUEKO (he punishes all those who dare to challenge or underestimate the night), IELTXU or IRITXU (in the form of a bird or with a human face, he is recognizable by the fire that emerges from his mouth ), GAUARGI (genius in the form of light) and INGUMA (of an evil nature and preoccupied with entering homes to disturb its occupants).<\/p>\n<p><\/p>\n<p><\/p>\n<p>There are many other elves, more or less mischievous and sympathetic (IRETXO, IRATXO, INTXISU, IRELTXU, GORRI TXIKI\u2026) Likewise, the SORGI\u00d1 is a nocturnal genius in the service of MARI, whose name will later serve as a designate witches.<\/p>\n<p><\/p>\t\t\t\t\t\t\t\t<\/div>\n\t\t\t\t<\/div>\n\t\t\t\t\t<\/div>\n\t\t<\/div>\n\t\t\t\t\t<\/div>\n\t\t<\/section>\n\t\t\t\t<\/div>","protected":false},"excerpt":{"rendered":"<p>Basque Mythology Wiki One of the beings that appears most frequently in stories are the Lami\u00f1ak (Lamin, Lami\u00f1aku, Eilalamina, \u2026 <\/p>","protected":false},"author":1,"featured_media":0,"parent":1004,"menu_order":0,"comment_status":"closed","ping_status":"closed","template":"","meta":{"footnotes":""},"class_list":["post-1026","page","type-page","status-publish","hentry"],"amp_enabled":true,"_links":{"self":[{"href":"https:\/\/mythslegendes.com\/en\/wp-json\/wp\/v2\/pages\/1026","targetHints":{"allow":["GET"]}}],"collection":[{"href":"https:\/\/mythslegendes.com\/en\/wp-json\/wp\/v2\/pages"}],"about":[{"href":"https:\/\/mythslegendes.com\/en\/wp-json\/wp\/v2\/types\/page"}],"author":[{"embeddable":true,"href":"https:\/\/mythslegendes.com\/en\/wp-json\/wp\/v2\/users\/1"}],"replies":[{"embeddable":true,"href":"https:\/\/mythslegendes.com\/en\/wp-json\/wp\/v2\/comments?post=1026"}],"version-history":[{"count":1,"href":"https:\/\/mythslegendes.com\/en\/wp-json\/wp\/v2\/pages\/1026\/revisions"}],"predecessor-version":[{"id":24638,"href":"https:\/\/mythslegendes.com\/en\/wp-json\/wp\/v2\/pages\/1026\/revisions\/24638"}],"up":[{"embeddable":true,"href":"https:\/\/mythslegendes.com\/en\/wp-json\/wp\/v2\/pages\/1004"}],"wp:attachment":[{"href":"https:\/\/mythslegendes.com\/en\/wp-json\/wp\/v2\/media?parent=1026"}],"curies":[{"name":"wp","href":"https:\/\/api.w.org\/{rel}","templated":true}]}}