{"id":1049,"date":"2020-06-23T09:48:25","date_gmt":"2020-06-23T08:48:25","guid":{"rendered":"https:\/\/mythslegendes.com\/?page_id=1049"},"modified":"2022-12-03T22:07:01","modified_gmt":"2022-12-03T22:07:01","slug":"les-sorcieres-en-alava","status":"publish","type":"page","link":"https:\/\/mythslegendes.com\/en\/basque-mythology\/the-witches-in-alava\/","title":{"rendered":"Witches in Alava"},"content":{"rendered":"<div data-elementor-type=\"wp-page\" data-elementor-id=\"1049\" class=\"elementor elementor-1049\">\n\t\t\t\t\t\t<section class=\"elementor-section elementor-top-section elementor-element elementor-element-d85d453 elementor-section-boxed elementor-section-height-default elementor-section-height-default\" data-id=\"d85d453\" data-element_type=\"section\" data-e-type=\"section\">\n\t\t\t\t\t\t<div class=\"elementor-container elementor-column-gap-default\">\n\t\t\t\t\t<div class=\"elementor-column elementor-col-50 elementor-top-column elementor-element elementor-element-ebc3de5\" data-id=\"ebc3de5\" data-element_type=\"column\" data-e-type=\"column\">\n\t\t\t<div class=\"elementor-widget-wrap elementor-element-populated\">\n\t\t\t\t\t\t<div class=\"elementor-element elementor-element-52aa8ae elementor-align-justify elementor-widget elementor-widget-button\" data-id=\"52aa8ae\" data-element_type=\"widget\" data-e-type=\"widget\" data-widget_type=\"button.default\">\n\t\t\t\t<div class=\"elementor-widget-container\">\n\t\t\t\t\t\t\t\t\t<div class=\"elementor-button-wrapper\">\n\t\t\t\t\t<a class=\"elementor-button elementor-button-link elementor-size-sm\" href=\"https:\/\/mythslegendes.com\/en\/basque-mythology\/\">\n\t\t\t\t\t\t<span class=\"elementor-button-content-wrapper\">\n\t\t\t\t\t\t\t\t\t<span class=\"elementor-button-text\">Basque mythology<\/span>\n\t\t\t\t\t<\/span>\n\t\t\t\t\t<\/a>\n\t\t\t\t<\/div>\n\t\t\t\t\t\t\t\t<\/div>\n\t\t\t\t<\/div>\n\t\t\t\t\t<\/div>\n\t\t<\/div>\n\t\t\t\t<div class=\"elementor-column elementor-col-50 elementor-top-column elementor-element elementor-element-63a1c03\" data-id=\"63a1c03\" data-element_type=\"column\" data-e-type=\"column\">\n\t\t\t<div class=\"elementor-widget-wrap elementor-element-populated\">\n\t\t\t\t\t\t<div class=\"elementor-element elementor-element-77299ed elementor-align-justify elementor-widget elementor-widget-button\" data-id=\"77299ed\" data-element_type=\"widget\" data-e-type=\"widget\" data-widget_type=\"button.default\">\n\t\t\t\t<div class=\"elementor-widget-container\">\n\t\t\t\t\t\t\t\t\t<div class=\"elementor-button-wrapper\">\n\t\t\t\t\t<a class=\"elementor-button elementor-button-link elementor-size-sm\" href=\"https:\/\/fr.wikipedia.org\/wiki\/Mythologie_basque\" target=\"_blank\" rel=\"noopener\">\n\t\t\t\t\t\t<span class=\"elementor-button-content-wrapper\">\n\t\t\t\t\t\t\t\t\t<span class=\"elementor-button-text\">Wiki<\/span>\n\t\t\t\t\t<\/span>\n\t\t\t\t\t<\/a>\n\t\t\t\t<\/div>\n\t\t\t\t\t\t\t\t<\/div>\n\t\t\t\t<\/div>\n\t\t\t\t\t<\/div>\n\t\t<\/div>\n\t\t\t\t\t<\/div>\n\t\t<\/section>\n\t\t\t\t<section class=\"elementor-section elementor-top-section elementor-element elementor-element-2a69ca48 elementor-section-boxed elementor-section-height-default elementor-section-height-default\" data-id=\"2a69ca48\" data-element_type=\"section\" data-e-type=\"section\">\n\t\t\t\t\t\t<div class=\"elementor-container elementor-column-gap-default\">\n\t\t\t\t\t<div class=\"elementor-column elementor-col-100 elementor-top-column elementor-element elementor-element-61522a09\" data-id=\"61522a09\" data-element_type=\"column\" data-e-type=\"column\">\n\t\t\t<div class=\"elementor-widget-wrap elementor-element-populated\">\n\t\t\t\t\t\t<div class=\"elementor-element elementor-element-463d5d52 elementor-widget elementor-widget-text-editor\" data-id=\"463d5d52\" data-element_type=\"widget\" data-e-type=\"widget\" data-widget_type=\"text-editor.default\">\n\t\t\t\t<div class=\"elementor-widget-container\">\n\t\t\t\t\t\t\t\t\t<p><\/p>\n<div id=\"ez-toc-container\" class=\"ez-toc-v2_0_82_2 counter-hierarchy ez-toc-counter ez-toc-grey ez-toc-container-direction\">\n<div class=\"ez-toc-title-container\">\n<p class=\"ez-toc-title\" style=\"cursor:inherit\">Contents<\/p>\n<span class=\"ez-toc-title-toggle\"><a href=\"#\" class=\"ez-toc-pull-right ez-toc-btn ez-toc-btn-xs ez-toc-btn-default ez-toc-toggle\" aria-label=\"Toggle Table of Content\"><span class=\"ez-toc-js-icon-con\"><span class=\"\"><span class=\"eztoc-hide\" style=\"display:none;\">Toggle<\/span><span class=\"ez-toc-icon-toggle-span\"><svg style=\"fill: #999;color:#999\" xmlns=\"http:\/\/www.w3.org\/2000\/svg\" class=\"list-377408\" width=\"20px\" height=\"20px\" viewbox=\"0 0 24 24\" fill=\"none\"><path d=\"M6 6H4v2h2V6zm14 0H8v2h12V6zM4 11h2v2H4v-2zm16 0H8v2h12v-2zM4 16h2v2H4v-2zm16 0H8v2h12v-2z\" fill=\"currentColor\"><\/path><\/svg><svg style=\"fill: #999;color:#999\" class=\"arrow-unsorted-368013\" xmlns=\"http:\/\/www.w3.org\/2000\/svg\" width=\"10px\" height=\"10px\" viewbox=\"0 0 24 24\" version=\"1.2\" baseprofile=\"tiny\"><path d=\"M18.2 9.3l-6.2-6.3-6.2 6.3c-.2.2-.3.4-.3.7s.1.5.3.7c.2.2.4.3.7.3h11c.3 0 .5-.1.7-.3.2-.2.3-.5.3-.7s-.1-.5-.3-.7zM5.8 14.7l6.2 6.3 6.2-6.3c.2-.2.3-.5.3-.7s-.1-.5-.3-.7c-.2-.2-.4-.3-.7-.3h-11c-.3 0-.5.1-.7.3-.2.2-.3.5-.3.7s.1.5.3.7z\"\/><\/svg><\/span><\/span><\/span><\/a><\/span><\/div>\n<nav><ul class='ez-toc-list ez-toc-list-level-1' ><li class='ez-toc-page-1 ez-toc-heading-level-2'><a class=\"ez-toc-link ez-toc-heading-1\" href=\"https:\/\/mythslegendes.com\/en\/basque-mythology\/the-witches-in-alava\/#Histoires-de-sorcieres-en-Alava\" >Witch stories in Alava<\/a><\/li><li class='ez-toc-page-1 ez-toc-heading-level-2'><a class=\"ez-toc-link ez-toc-heading-2\" href=\"https:\/\/mythslegendes.com\/en\/basque-mythology\/the-witches-in-alava\/#Le-chat-echaude\" >The scalded cat<\/a><\/li><li class='ez-toc-page-1 ez-toc-heading-level-2'><a class=\"ez-toc-link ez-toc-heading-3\" href=\"https:\/\/mythslegendes.com\/en\/basque-mythology\/the-witches-in-alava\/#La-sorciere-de-Montoria\" >The witch of Montoria<\/a><\/li><li class='ez-toc-page-1 ez-toc-heading-level-2'><a class=\"ez-toc-link ez-toc-heading-4\" href=\"https:\/\/mythslegendes.com\/en\/basque-mythology\/the-witches-in-alava\/#La-sorciere-de-Tobillas\" >The Witch of Tobillas<\/a><\/li><li class='ez-toc-page-1 ez-toc-heading-level-2'><a class=\"ez-toc-link ez-toc-heading-5\" href=\"https:\/\/mythslegendes.com\/en\/basque-mythology\/the-witches-in-alava\/#La-vengeance-des-sorcieres\" >Revenge of the witches<\/a><\/li><\/ul><\/nav><\/div>\n<h2 class=\"wp-block-heading\"><span class=\"ez-toc-section\" id=\"Histoires-de-sorcieres-en-Alava\"><\/span>Witch stories in Alava<span class=\"ez-toc-section-end\"><\/span><\/h2>\n<p>Here are stories of witches in Alava: The Scalded Cat, The Witch of Montoria, The Witch of Tobillas, The Witches&#039; Revenge.<\/p>\n<p><img decoding=\"async\" class=\"alignnone wp-image-5284 size-full\" src=\"https:\/\/mythslegendes.com\/wp-content\/uploads\/2020\/09\/AlphaOmega-e1602613368367.png\" alt=\"stories of witches in Alava\" width=\"25\" height=\"26\" title=\"\"><\/p>\n<h2><span class=\"ez-toc-section\" id=\"Le-chat-echaude\"><\/span>The scalded cat<span class=\"ez-toc-section-end\"><\/span><\/h2>\n<p><\/p>\n<p>In Orbiso, a group of women used to meet in the evening to gossip. But sometimes the next day, all over the neighborhood, we knew what had been said the day before. So for several consecutive days.<\/p>\n<p><\/p>\n<p>During one of these evening meetings, she noticed that near them was a black cat. So they secretly decided for the next day to bring a cauldron of boiling oil. So they did and when the cat appeared, got ready to pour the contents of the cauldron on him. The cat fled, meowing in pain.<\/p>\n<p><\/p>\n<p>But, oh! Surprise! The next morning, one of the women from the village appeared with her head scalded, her face covered with enormous blisters.<\/p>\n<p><\/p>\n<hr class=\"wp-block-separator\" \/>\n<p><\/p>\n<h2 class=\"wp-block-heading\"><span class=\"ez-toc-section\" id=\"La-sorciere-de-Montoria\"><\/span>The witch of Montoria<span class=\"ez-toc-section-end\"><\/span><\/h2>\n<p><\/p>\n<p>She was an old woman who wandered from village to village in the southern lands of Alava, with such a reputation as a witch and sorcerer that everyone, seeing her, ran away from her path like madmen to avoid hexes. To get an idea of the panic that this woman was causing and at the risk of appearing exaggerated, the peasants who knew her related this:<br \/>One day, in a house in Pe\u00f1acerrada, people were killing the pig.<\/p>\n<p>They had already bled him, cut his ears, his feet and were finishing taking him outside to ventilate him when a curvy old woman appeared, serious and with a mischievous look, dressed entirely in black. Approaching the pig, the latter, despite being dead, belly open, without ears or legs, began to run to hide in his enclosure. The old woman, hunched over, was none other than the famous witch of Montoria.<\/p>\n<p><\/p>\n<hr class=\"wp-block-separator\" \/>\n<p><\/p>\n<h2 class=\"wp-block-heading\"><span class=\"ez-toc-section\" id=\"La-sorciere-de-Tobillas\"><\/span>The Witch of Tobillas<span class=\"ez-toc-section-end\"><\/span><\/h2>\n<p><\/p>\n<p>One night, sleeping in his hut, a shepherd from Tobillas, a village belonging to the village of Valdegovia, was awakened with a start by barking. At first he didn&#039;t care much and tried to continue sleeping. Not only did the barking not stop, but its intensity increased and the shepherd came out to drive the animal away. When he saw that huge dog in front of the door, menacing, with gleaming fangs under the full moon. <\/p>\n<p>It was not a normal dog. As he also looked like a human, this strange dog with a we know what clever, the shepherd returned to his cabin, took a stick that he always had at the foot of his bed just in case ... and hit him so violent on the head that any other dog would have perished instantly.<\/p>\n<p><\/p>\n<p>But, not only did he not die despite the enormous wound and the loss of a lot of blood, he rushed at the aggressor as if to ask him another blow. But the man did nothing, and he took it well, the animal ended up moving away with its tail between its paws, grumbling in a way that seemed to the shepherd to be a devilish attitude.<\/p>\n<p><\/p>\n<p>The following night, the shepherd discovered an old woman from the village with her head bandaged, and the latter seeing him moved away with a strange look, the man concluded that this woman was a witch and that, transformed into a dog, was the one who had come to bark near his cabin. As in addition, the man had boasted of his success with some friends, this old woman of Tobillas was not long, because of the popular malicious work which is the rumor, to be taken like the official witch of the village. .<\/p>\n<p><\/p>\n<hr class=\"wp-block-separator\" \/>\n<p><\/p>\n<h2 class=\"wp-block-heading\"><span class=\"ez-toc-section\" id=\"La-vengeance-des-sorcieres\"><\/span>Revenge of the witches<span class=\"ez-toc-section-end\"><\/span><\/h2>\n<p><\/p>\n<p>A shepherd from Salinillas de Burad\u00f3n owned a large flock of sheep. One day an old beggar asked her for alms. The shepherd gave him nothing, content to start a ritual:<br \/>- God protects you !<br \/>The old woman threatened him irascibly:<br \/>- You&#039;ll remember me!<br \/>And of course the shepherd remembered the beggar. That same day, all of his sheep began to get sick and died, one after another, until the last.<\/p>\n<p><\/p>\t\t\t\t\t\t\t\t<\/div>\n\t\t\t\t<\/div>\n\t\t\t\t\t<\/div>\n\t\t<\/div>\n\t\t\t\t\t<\/div>\n\t\t<\/section>\n\t\t\t\t<\/div>","protected":false},"excerpt":{"rendered":"<p>Mythologie Basque Wiki Histoires de sorci\u00e8res en Alava Voici des histoires de sorci\u00e8res en Alava : Le Chat \u00e9chaud\u00e9, La &hellip; <\/p>","protected":false},"author":1,"featured_media":0,"parent":1004,"menu_order":0,"comment_status":"closed","ping_status":"closed","template":"","meta":{"footnotes":""},"class_list":["post-1049","page","type-page","status-publish","hentry"],"amp_enabled":true,"_links":{"self":[{"href":"https:\/\/mythslegendes.com\/en\/wp-json\/wp\/v2\/pages\/1049","targetHints":{"allow":["GET"]}}],"collection":[{"href":"https:\/\/mythslegendes.com\/en\/wp-json\/wp\/v2\/pages"}],"about":[{"href":"https:\/\/mythslegendes.com\/en\/wp-json\/wp\/v2\/types\/page"}],"author":[{"embeddable":true,"href":"https:\/\/mythslegendes.com\/en\/wp-json\/wp\/v2\/users\/1"}],"replies":[{"embeddable":true,"href":"https:\/\/mythslegendes.com\/en\/wp-json\/wp\/v2\/comments?post=1049"}],"version-history":[{"count":1,"href":"https:\/\/mythslegendes.com\/en\/wp-json\/wp\/v2\/pages\/1049\/revisions"}],"predecessor-version":[{"id":24642,"href":"https:\/\/mythslegendes.com\/en\/wp-json\/wp\/v2\/pages\/1049\/revisions\/24642"}],"up":[{"embeddable":true,"href":"https:\/\/mythslegendes.com\/en\/wp-json\/wp\/v2\/pages\/1004"}],"wp:attachment":[{"href":"https:\/\/mythslegendes.com\/en\/wp-json\/wp\/v2\/media?parent=1049"}],"curies":[{"name":"wp","href":"https:\/\/api.w.org\/{rel}","templated":true}]}}