{"id":1076,"date":"2020-06-23T09:43:16","date_gmt":"2020-06-23T08:43:16","guid":{"rendered":"https:\/\/mythslegendes.com\/?page_id=1076"},"modified":"2022-12-03T22:07:01","modified_gmt":"2022-12-03T22:07:01","slug":"la-guerisseuse-de-salvatierra","status":"publish","type":"page","link":"https:\/\/mythslegendes.com\/en\/basque-mythology\/the-healer-of-salvatierra\/","title":{"rendered":"The healer of Salvatierra"},"content":{"rendered":"<div data-elementor-type=\"wp-page\" data-elementor-id=\"1076\" class=\"elementor elementor-1076\">\n\t\t\t\t\t\t<section class=\"elementor-section elementor-top-section elementor-element elementor-element-1bf63c1 elementor-section-boxed elementor-section-height-default elementor-section-height-default\" data-id=\"1bf63c1\" data-element_type=\"section\" data-e-type=\"section\">\n\t\t\t\t\t\t<div class=\"elementor-container elementor-column-gap-default\">\n\t\t\t\t\t<div class=\"elementor-column elementor-col-50 elementor-top-column elementor-element elementor-element-b1f147d\" data-id=\"b1f147d\" data-element_type=\"column\" data-e-type=\"column\">\n\t\t\t<div class=\"elementor-widget-wrap elementor-element-populated\">\n\t\t\t\t\t\t<div class=\"elementor-element elementor-element-f36e703 elementor-align-justify elementor-widget elementor-widget-button\" data-id=\"f36e703\" data-element_type=\"widget\" data-e-type=\"widget\" data-widget_type=\"button.default\">\n\t\t\t\t<div class=\"elementor-widget-container\">\n\t\t\t\t\t\t\t\t\t<div class=\"elementor-button-wrapper\">\n\t\t\t\t\t<a class=\"elementor-button elementor-button-link elementor-size-sm\" href=\"https:\/\/mythslegendes.com\/en\/basque-mythology\/\">\n\t\t\t\t\t\t<span class=\"elementor-button-content-wrapper\">\n\t\t\t\t\t\t\t\t\t<span class=\"elementor-button-text\">Basque mythology<\/span>\n\t\t\t\t\t<\/span>\n\t\t\t\t\t<\/a>\n\t\t\t\t<\/div>\n\t\t\t\t\t\t\t\t<\/div>\n\t\t\t\t<\/div>\n\t\t\t\t\t<\/div>\n\t\t<\/div>\n\t\t\t\t<div class=\"elementor-column elementor-col-50 elementor-top-column elementor-element elementor-element-1e24184\" data-id=\"1e24184\" data-element_type=\"column\" data-e-type=\"column\">\n\t\t\t<div class=\"elementor-widget-wrap elementor-element-populated\">\n\t\t\t\t\t\t<div class=\"elementor-element elementor-element-48f9ae1 elementor-align-justify elementor-widget elementor-widget-button\" data-id=\"48f9ae1\" data-element_type=\"widget\" data-e-type=\"widget\" data-widget_type=\"button.default\">\n\t\t\t\t<div class=\"elementor-widget-container\">\n\t\t\t\t\t\t\t\t\t<div class=\"elementor-button-wrapper\">\n\t\t\t\t\t<a class=\"elementor-button elementor-button-link elementor-size-sm\" href=\"https:\/\/fr.wikipedia.org\/wiki\/Mythologie_basque\" target=\"_blank\" rel=\"noopener\">\n\t\t\t\t\t\t<span class=\"elementor-button-content-wrapper\">\n\t\t\t\t\t\t\t\t\t<span class=\"elementor-button-text\">Wiki<\/span>\n\t\t\t\t\t<\/span>\n\t\t\t\t\t<\/a>\n\t\t\t\t<\/div>\n\t\t\t\t\t\t\t\t<\/div>\n\t\t\t\t<\/div>\n\t\t\t\t\t<\/div>\n\t\t<\/div>\n\t\t\t\t\t<\/div>\n\t\t<\/section>\n\t\t\t\t<section class=\"elementor-section elementor-top-section elementor-element elementor-element-60bde385 elementor-section-boxed elementor-section-height-default elementor-section-height-default\" data-id=\"60bde385\" data-element_type=\"section\" data-e-type=\"section\">\n\t\t\t\t\t\t<div class=\"elementor-container elementor-column-gap-default\">\n\t\t\t\t\t<div class=\"elementor-column elementor-col-100 elementor-top-column elementor-element elementor-element-374b9538\" data-id=\"374b9538\" data-element_type=\"column\" data-e-type=\"column\">\n\t\t\t<div class=\"elementor-widget-wrap elementor-element-populated\">\n\t\t\t\t\t\t<div class=\"elementor-element elementor-element-5a187a6b elementor-widget elementor-widget-text-editor\" data-id=\"5a187a6b\" data-element_type=\"widget\" data-e-type=\"widget\" data-widget_type=\"text-editor.default\">\n\t\t\t\t<div class=\"elementor-widget-container\">\n\t\t\t\t\t\t\t\t\t\n<p>The Salvatierra healer lived over 300 years ago and was very popular. His memory has come down to the present day thanks to the stories of his own family. It was his descendants who, generation after generation, remembered the adventures and misadventures of this character in the heat of the fire. Just as some historians have mentioned its existence in more or less malevolent form. This is Anastasia, the famous healer of Salvatierra or Agurain.<\/p>\n<p><img decoding=\"async\" class=\"alignnone wp-image-5284 size-full\" src=\"https:\/\/mythslegendes.com\/wp-content\/uploads\/2020\/09\/AlphaOmega-e1602613368367.png\" alt=\"The healer of Salvatierra\" width=\"25\" height=\"26\" title=\"\"><\/p>\n<div id=\"ez-toc-container\" class=\"ez-toc-v2_0_83 counter-hierarchy ez-toc-counter ez-toc-grey ez-toc-container-direction\">\n<div class=\"ez-toc-title-container\">\n<p class=\"ez-toc-title\" style=\"cursor:inherit\">Contents<\/p>\n<span class=\"ez-toc-title-toggle\"><a href=\"#\" class=\"ez-toc-pull-right ez-toc-btn ez-toc-btn-xs ez-toc-btn-default ez-toc-toggle\" aria-label=\"Toggle Table of Content\"><span class=\"ez-toc-js-icon-con\"><span class=\"\"><span class=\"eztoc-hide\" style=\"display:none;\">Toggle<\/span><span class=\"ez-toc-icon-toggle-span\"><svg style=\"fill: #999;color:#999\" xmlns=\"http:\/\/www.w3.org\/2000\/svg\" class=\"list-377408\" width=\"20px\" height=\"20px\" viewbox=\"0 0 24 24\" fill=\"none\"><path d=\"M6 6H4v2h2V6zm14 0H8v2h12V6zM4 11h2v2H4v-2zm16 0H8v2h12v-2zM4 16h2v2H4v-2zm16 0H8v2h12v-2z\" fill=\"currentColor\"><\/path><\/svg><svg style=\"fill: #999;color:#999\" class=\"arrow-unsorted-368013\" xmlns=\"http:\/\/www.w3.org\/2000\/svg\" width=\"10px\" height=\"10px\" viewbox=\"0 0 24 24\" version=\"1.2\" baseprofile=\"tiny\"><path d=\"M18.2 9.3l-6.2-6.3-6.2 6.3c-.2.2-.3.4-.3.7s.1.5.3.7c.2.2.4.3.7.3h11c.3 0 .5-.1.7-.3.2-.2.3-.5.3-.7s-.1-.5-.3-.7zM5.8 14.7l6.2 6.3 6.2-6.3c.2-.2.3-.5.3-.7s-.1-.5-.3-.7c-.2-.2-.4-.3-.7-.3h-11c-.3 0-.5.1-.7.3-.2.2-.3.5-.3.7s.1.5.3.7z\"\/><\/svg><\/span><\/span><\/span><\/a><\/span><\/div>\n<nav><ul class='ez-toc-list ez-toc-list-level-1' ><li class='ez-toc-page-1 ez-toc-heading-level-2'><a class=\"ez-toc-link ez-toc-heading-1\" href=\"https:\/\/mythslegendes.com\/en\/basque-mythology\/the-healer-of-salvatierra\/#La-guerisseuse-de-Salvatierra\" >The healer of Salvatierra<\/a><\/li><\/ul><\/nav><\/div>\n<h2><span class=\"ez-toc-section\" id=\"La-guerisseuse-de-Salvatierra\"><\/span>The healer of Salvatierra<span class=\"ez-toc-section-end\"><\/span><\/h2>\n\n<p>It was a time when doctors did not have the knowledge they enjoy today. So, the illnesses, wounds and other pains of people, rich or poor, especially the poor for that matter, were treated by healers. These were mysterious characters, having powers unknown to the majority of those around them and who practiced most often, as veterinarians or diviners. They were said to be a curious mixture of sorcerer, doctor and pharmacist, generally practicing clandestinely. To tell the truth, luck did not always smile on them, often they ended up beaten in prison or on the stakes of the Inquisition.<\/p>\n\n<p>Anastasia was a bit of all of these things and people came to consult her for various ailments. From a simple cold to chronic rheumatism. From a simple childbirth to a complicated abortion. She also knew the filters of love, the remedy against impotence, and against the excessive fertility of certain women.<\/p>\n\n<p>She was also able to cure an eye disease or make a wife&#039;s infertile womb fertile. For this people came from distant places like Lagr\u00e1n, Orbiso, Villodas, Sobr\u00f3n, Andollu\u2026. And even from Valdegov\u00eda.<\/p>\n\n<p>It is said that during her youth she was of great beauty and broke the hearts of many men. Why did she become a healer? Difficult to answer, some say that it is following a disappointment in love. Apparently she was madly in love with the mayor, justice of the peace, of Salvatierra but this one repudiated her for things today unknown but after a moment of cohabitation. What seems to be proven is that, following the disappointment in love, Anastasia was about to enter the convent. But she didn&#039;t. On the contrary, she began to study medical sciences as well as other lesser known ones such as pharmacy and zoology. In addition to acquiring certain esoteric knowledge.<\/p>\n\n<p>Once converted into a healer, she settled in a modest house, under thick trees and near a stream in her native village of Salvatierra. It was in this house that she spent the rest of her days, receiving people from whom she used to collect something for her consultations. We could talk about a lot of things, some positive, some less so, the majority completely forgotten these days. But one in particular still lingers in popular memory.<\/p>\n\n<p>One day she was called by the Xim\u00e9nes de Aberasturri family to go to their house in Gaceo, a place near Salvatierra. The motive was none other than the headache of such an illustrious lineage: Count Ximenes. She had to treat an intestinal pain and to be able to diagnose, the healer began by auscultating the patient. Then, with the seriousness of her gestures, she recommended a mustard poultice, to be applied very hot on the patient&#039;s stomach.<\/p>\n\n<p>This preparation must have been very hot because the patient died during the night, victim of serious burns to the abdomen. But this same Xim\u00e9nes, because of his cruel character and the abuse he committed on people, was not mourned at his funeral. We did not put the healer in prison either, on the contrary, we buried the affair and we decided to have a party that day in the village until we had fireworks, the work of the local pyrotechnician, a certain Mosen Pablo.<\/p>\n\n<p>The last and fatal act of her life, Anastasia will do it one day when the spirits of the inhabitants of Salvatierra are excited. It was there that she was asked to heal the natural son of Ramiro Xandoval, elected councilor of the city. She diagnosed a pernicious dog cold, prescribing a curious diet. Do not eat frozen meat, green beans, chickpeas but on the contrary, recommending to eat hake at will. At that time, this fish was so expensive that the little patient was left without hake. He ended up dying in a short time in his father&#039;s arms.<\/p>\n\n<p>Everyone started insulting the healer who was already old at the time. Everyone saw in her the cause of all the evils of the village, past and present. And all also wanted Anastasia&#039;s death with the cry of:<br \/>&quot;The healer at the gallows!&quot; \u00bb<\/p>\n\n<p>Finally the villagers mutinied, the healer was arrested and in front of a large crowd, hungry for macabre emotions, was hanged as if it were a witch.<\/p>\n\t\t\t\t\t\t\t\t<\/div>\n\t\t\t\t<\/div>\n\t\t\t\t\t<\/div>\n\t\t<\/div>\n\t\t\t\t\t<\/div>\n\t\t<\/section>\n\t\t\t\t<\/div>","protected":false},"excerpt":{"rendered":"<p>Mythologie Basque Wiki La gu\u00e9risseuse de Salvatierra v\u00e9cut il y a plus de 300 ans et fut tr\u00e8s populaire. Son &hellip; <\/p>","protected":false},"author":1,"featured_media":0,"parent":1004,"menu_order":0,"comment_status":"closed","ping_status":"closed","template":"","meta":{"footnotes":""},"class_list":["post-1076","page","type-page","status-publish","hentry"],"amp_enabled":true,"_links":{"self":[{"href":"https:\/\/mythslegendes.com\/en\/wp-json\/wp\/v2\/pages\/1076","targetHints":{"allow":["GET"]}}],"collection":[{"href":"https:\/\/mythslegendes.com\/en\/wp-json\/wp\/v2\/pages"}],"about":[{"href":"https:\/\/mythslegendes.com\/en\/wp-json\/wp\/v2\/types\/page"}],"author":[{"embeddable":true,"href":"https:\/\/mythslegendes.com\/en\/wp-json\/wp\/v2\/users\/1"}],"replies":[{"embeddable":true,"href":"https:\/\/mythslegendes.com\/en\/wp-json\/wp\/v2\/comments?post=1076"}],"version-history":[{"count":1,"href":"https:\/\/mythslegendes.com\/en\/wp-json\/wp\/v2\/pages\/1076\/revisions"}],"predecessor-version":[{"id":24649,"href":"https:\/\/mythslegendes.com\/en\/wp-json\/wp\/v2\/pages\/1076\/revisions\/24649"}],"up":[{"embeddable":true,"href":"https:\/\/mythslegendes.com\/en\/wp-json\/wp\/v2\/pages\/1004"}],"wp:attachment":[{"href":"https:\/\/mythslegendes.com\/en\/wp-json\/wp\/v2\/media?parent=1076"}],"curies":[{"name":"wp","href":"https:\/\/api.w.org\/{rel}","templated":true}]}}