{"id":1094,"date":"2020-06-23T09:51:19","date_gmt":"2020-06-23T08:51:19","guid":{"rendered":"https:\/\/mythslegendes.com\/?page_id=1094"},"modified":"2022-12-03T22:07:01","modified_gmt":"2022-12-03T22:07:01","slug":"dans-lakelarre-de-petralanda","status":"publish","type":"page","link":"https:\/\/mythslegendes.com\/en\/basque-mythology\/in-lakelarre-de-petralanda\/","title":{"rendered":"In the Akelarre of Petralanda"},"content":{"rendered":"<div data-elementor-type=\"wp-page\" data-elementor-id=\"1094\" class=\"elementor elementor-1094\">\n\t\t\t\t\t\t<section class=\"elementor-section elementor-top-section elementor-element elementor-element-c690f64 elementor-section-boxed elementor-section-height-default elementor-section-height-default\" data-id=\"c690f64\" data-element_type=\"section\" data-e-type=\"section\">\n\t\t\t\t\t\t<div class=\"elementor-container elementor-column-gap-default\">\n\t\t\t\t\t<div class=\"elementor-column elementor-col-50 elementor-top-column elementor-element elementor-element-09b2283\" data-id=\"09b2283\" data-element_type=\"column\" data-e-type=\"column\">\n\t\t\t<div class=\"elementor-widget-wrap elementor-element-populated\">\n\t\t\t\t\t\t<div class=\"elementor-element elementor-element-3b78fa1 elementor-align-justify elementor-widget elementor-widget-button\" data-id=\"3b78fa1\" data-element_type=\"widget\" data-e-type=\"widget\" data-widget_type=\"button.default\">\n\t\t\t\t<div class=\"elementor-widget-container\">\n\t\t\t\t\t\t\t\t\t<div class=\"elementor-button-wrapper\">\n\t\t\t\t\t<a class=\"elementor-button elementor-button-link elementor-size-sm\" href=\"https:\/\/mythslegendes.com\/en\/basque-mythology\/\">\n\t\t\t\t\t\t<span class=\"elementor-button-content-wrapper\">\n\t\t\t\t\t\t\t\t\t<span class=\"elementor-button-text\">Basque mythology<\/span>\n\t\t\t\t\t<\/span>\n\t\t\t\t\t<\/a>\n\t\t\t\t<\/div>\n\t\t\t\t\t\t\t\t<\/div>\n\t\t\t\t<\/div>\n\t\t\t\t\t<\/div>\n\t\t<\/div>\n\t\t\t\t<div class=\"elementor-column elementor-col-50 elementor-top-column elementor-element elementor-element-30e0812\" data-id=\"30e0812\" data-element_type=\"column\" data-e-type=\"column\">\n\t\t\t<div class=\"elementor-widget-wrap elementor-element-populated\">\n\t\t\t\t\t\t<div class=\"elementor-element elementor-element-8d72cbc elementor-align-justify elementor-widget elementor-widget-button\" data-id=\"8d72cbc\" data-element_type=\"widget\" data-e-type=\"widget\" data-widget_type=\"button.default\">\n\t\t\t\t<div class=\"elementor-widget-container\">\n\t\t\t\t\t\t\t\t\t<div class=\"elementor-button-wrapper\">\n\t\t\t\t\t<a class=\"elementor-button elementor-button-link elementor-size-sm\" href=\"https:\/\/fr.wikipedia.org\/wiki\/Mythologie_basque\" target=\"_blank\" rel=\"noopener\">\n\t\t\t\t\t\t<span class=\"elementor-button-content-wrapper\">\n\t\t\t\t\t\t\t\t\t<span class=\"elementor-button-text\">Wiki<\/span>\n\t\t\t\t\t<\/span>\n\t\t\t\t\t<\/a>\n\t\t\t\t<\/div>\n\t\t\t\t\t\t\t\t<\/div>\n\t\t\t\t<\/div>\n\t\t\t\t\t<\/div>\n\t\t<\/div>\n\t\t\t\t\t<\/div>\n\t\t<\/section>\n\t\t\t\t<section class=\"elementor-section elementor-top-section elementor-element elementor-element-5ae0a7e4 elementor-section-boxed elementor-section-height-default elementor-section-height-default\" data-id=\"5ae0a7e4\" data-element_type=\"section\" data-e-type=\"section\">\n\t\t\t\t\t\t<div class=\"elementor-container elementor-column-gap-default\">\n\t\t\t\t\t<div class=\"elementor-column elementor-col-100 elementor-top-column elementor-element elementor-element-7deea054\" data-id=\"7deea054\" data-element_type=\"column\" data-e-type=\"column\">\n\t\t\t<div class=\"elementor-widget-wrap elementor-element-populated\">\n\t\t\t\t\t\t<div class=\"elementor-element elementor-element-3f38132a elementor-widget elementor-widget-text-editor\" data-id=\"3f38132a\" data-element_type=\"widget\" data-e-type=\"widget\" data-widget_type=\"text-editor.default\">\n\t\t\t\t<div class=\"elementor-widget-container\">\n\t\t\t\t\t\t\t\t\t<p><\/p>\n<p>This is the story of the Akelarre festival in Petralanda.<\/p>\n<p><img decoding=\"async\" class=\"alignnone wp-image-5284 size-full\" src=\"https:\/\/mythslegendes.com\/wp-content\/uploads\/2020\/09\/AlphaOmega-e1602613368367.png\" alt=\"Akelarre of Petralanda\" width=\"25\" height=\"26\" title=\"\"><\/p>\n<div id=\"ez-toc-container\" class=\"ez-toc-v2_0_82_2 counter-hierarchy ez-toc-counter ez-toc-grey ez-toc-container-direction\">\n<div class=\"ez-toc-title-container\">\n<p class=\"ez-toc-title\" style=\"cursor:inherit\">Contents<\/p>\n<span class=\"ez-toc-title-toggle\"><a href=\"#\" class=\"ez-toc-pull-right ez-toc-btn ez-toc-btn-xs ez-toc-btn-default ez-toc-toggle\" aria-label=\"Toggle Table of Content\"><span class=\"ez-toc-js-icon-con\"><span class=\"\"><span class=\"eztoc-hide\" style=\"display:none;\">Toggle<\/span><span class=\"ez-toc-icon-toggle-span\"><svg style=\"fill: #999;color:#999\" xmlns=\"http:\/\/www.w3.org\/2000\/svg\" class=\"list-377408\" width=\"20px\" height=\"20px\" viewbox=\"0 0 24 24\" fill=\"none\"><path d=\"M6 6H4v2h2V6zm14 0H8v2h12V6zM4 11h2v2H4v-2zm16 0H8v2h12v-2zM4 16h2v2H4v-2zm16 0H8v2h12v-2z\" fill=\"currentColor\"><\/path><\/svg><svg style=\"fill: #999;color:#999\" class=\"arrow-unsorted-368013\" xmlns=\"http:\/\/www.w3.org\/2000\/svg\" width=\"10px\" height=\"10px\" viewbox=\"0 0 24 24\" version=\"1.2\" baseprofile=\"tiny\"><path d=\"M18.2 9.3l-6.2-6.3-6.2 6.3c-.2.2-.3.4-.3.7s.1.5.3.7c.2.2.4.3.7.3h11c.3 0 .5-.1.7-.3.2-.2.3-.5.3-.7s-.1-.5-.3-.7zM5.8 14.7l6.2 6.3 6.2-6.3c.2-.2.3-.5.3-.7s-.1-.5-.3-.7c-.2-.2-.4-.3-.7-.3h-11c-.3 0-.5.1-.7.3-.2.2-.3.5-.3.7s.1.5.3.7z\"\/><\/svg><\/span><\/span><\/span><\/a><\/span><\/div>\n<nav><ul class='ez-toc-list ez-toc-list-level-1' ><li class='ez-toc-page-1 ez-toc-heading-level-2'><a class=\"ez-toc-link ez-toc-heading-1\" href=\"https:\/\/mythslegendes.com\/en\/basque-mythology\/in-lakelarre-de-petralanda\/#Akelarre-de-Petralanda\" >Akelarre of Petralanda<\/a><\/li><\/ul><\/nav><\/div>\n<h2><span class=\"ez-toc-section\" id=\"Akelarre-de-Petralanda\"><\/span>Akelarre of Petralanda<span class=\"ez-toc-section-end\"><\/span><\/h2>\n<p>Two brothers, with different opinions, were discussing. One said that the most important thing is to fulfill the duties of the church while the second thought that the main thing was travel. As they did not agree, the one who had planned the trip took the road and the other went to church.<\/p>\n<p><\/p>\n<p><\/p>\n<p>In the evening, the traveler, who intended to settle in a distant region, climbed an oak tree to spend the night there as best as possible and safe from nocturnal beasts. He snuggled up and, exhausted by the day he had just spent, soon fell into a deep sleep. Suddenly, he woke up with a start because of a din and discovered a group of completely naked women, dancing in a circle at the foot of the tree, around a stake.<\/p>\n<p>When they had had enough of dancing and jumping, they joined around the fire and one said to the others:<br \/>The king&#039;s daughter is very ill and no one is able to detect the cause. Yet his recovery is very simple. All she would have to do is eat a piece of host that she dropped the last time she received communion and which is in the mouth of a toad.<br \/>&quot;And where is this toad?&quot; asked the youngest, full of curiosity.<br \/>\u2013 Below a stone on the floor of the church, at the foot of the holy water.<\/p>\n<p><\/p>\n<p><\/p>\n<p>The witches thus continued their entertainment for quite a while, then, as dawn approached, left. At this moment, our occasional spy discreetly descended from his tree and took the path to the church indicated by the women. He found the column of holy water, the stone on the ground and the toad with a piece of host in its mouth. He took it off carefully, wrapped it in a clean handkerchief and ran towards the king&#039;s palace.<\/p>\n<p><\/p>\n<p><\/p>\n<p>When he arrived at the palace saying that he was coming to heal the king&#039;s daughter, everyone looked at him with great skepticism, especially since many surgeons, physicists and charlatans from distant horizons had made the same proposals. .<\/p>\n<p>It cost nothing, they let him in all the same and, finding himself facing the patient, he placed the host on her tongue, saying:<br \/>\u2013 Eat this blessed bread and you will see that you will immediately recover your health!<\/p>\n<p><\/p>\n<p><\/p>\n<p>It was so. The princess swallowed this piece of host and at the same time regained her health as if by magic before the immense joy of the occupants of the palace and more particularly that of her father, the king. The latter, so happy with this event, promised the young man a mountain of money. Our traveler returned to his village and that now he was rich, his brother wanted to know the cause of this sudden and resounding fortune.<\/p>\n<p>Hearing of the feast of the akelarre (literally: field of the goat. meeting place of witches) which had been held in Petralanda, he said to himself:<br \/>- I too have to go there without wasting time, let&#039;s see if I have the same luck!<\/p>\n<p><\/p>\n<p><\/p>\n<p>Without hesitation, he took the path to Petralanda and climbed the same oak as his brother had done before. When night fell, the witches did not take long to arrive but, unlike the first time, they did not dance, were not happy, did not undress but gathered very concerned.<\/p>\n<p>The one who seemed to lead the group said without preamble:<br \/>\u201cThe king&#039;s daughter was healed, and if she was, that means someone knew our secret.<br \/>\u2013 But how is that possible? inquired one of the younger ones.<br \/>\u2013 Very easy: because we have a spy in our akelarre!.<br \/>- Ohhh! said the others in chorus, full of astonishment.<br \/>&quot;We have to find out and give him what he deserves!&quot; accused the first.<\/p>\n<p><\/p>\n<p><\/p>\n<p>The witches hastened to search behind every tuft of grass, every pebble or tree in the area. They soon found our man, trembling with fear, on top of the oak tree. They all climbed up to the branch on which he was huddled, threw him to the ground unceremoniously. Once on the ground, they hounded him, hitting him on the back of the neck, scratching him, punching him and kicking him until the first light of day. Their departure put an end to his torture. Hours later, a muleteer found the poor man at the foot of the tree in Petralanda, half disengaged, half disfigured, barely able to articulate a few words.<\/p>\n<p><\/p>\t\t\t\t\t\t\t\t<\/div>\n\t\t\t\t<\/div>\n\t\t\t\t\t<\/div>\n\t\t<\/div>\n\t\t\t\t\t<\/div>\n\t\t<\/section>\n\t\t\t\t<\/div>","protected":false},"excerpt":{"rendered":"<p>Mythologie Basque Wiki Voici l&rsquo;histoire de la f\u00eate de l&rsquo;Akelarre de Petralanda. Akelarre de Petralanda Deux fr\u00e8res, aux avis diff\u00e9rents, &hellip; <\/p>","protected":false},"author":1,"featured_media":0,"parent":1004,"menu_order":0,"comment_status":"closed","ping_status":"closed","template":"","meta":{"footnotes":""},"class_list":["post-1094","page","type-page","status-publish","hentry"],"amp_enabled":true,"_links":{"self":[{"href":"https:\/\/mythslegendes.com\/en\/wp-json\/wp\/v2\/pages\/1094","targetHints":{"allow":["GET"]}}],"collection":[{"href":"https:\/\/mythslegendes.com\/en\/wp-json\/wp\/v2\/pages"}],"about":[{"href":"https:\/\/mythslegendes.com\/en\/wp-json\/wp\/v2\/types\/page"}],"author":[{"embeddable":true,"href":"https:\/\/mythslegendes.com\/en\/wp-json\/wp\/v2\/users\/1"}],"replies":[{"embeddable":true,"href":"https:\/\/mythslegendes.com\/en\/wp-json\/wp\/v2\/comments?post=1094"}],"version-history":[{"count":1,"href":"https:\/\/mythslegendes.com\/en\/wp-json\/wp\/v2\/pages\/1094\/revisions"}],"predecessor-version":[{"id":24655,"href":"https:\/\/mythslegendes.com\/en\/wp-json\/wp\/v2\/pages\/1094\/revisions\/24655"}],"up":[{"embeddable":true,"href":"https:\/\/mythslegendes.com\/en\/wp-json\/wp\/v2\/pages\/1004"}],"wp:attachment":[{"href":"https:\/\/mythslegendes.com\/en\/wp-json\/wp\/v2\/media?parent=1094"}],"curies":[{"name":"wp","href":"https:\/\/api.w.org\/{rel}","templated":true}]}}