{"id":1098,"date":"2020-06-23T09:54:12","date_gmt":"2020-06-23T08:54:12","guid":{"rendered":"https:\/\/mythslegendes.com\/?page_id=1098"},"modified":"2022-12-03T22:07:02","modified_gmt":"2022-12-03T22:07:02","slug":"a-la-havanne-en-une-nuit","status":"publish","type":"page","link":"https:\/\/mythslegendes.com\/en\/basque-mythology\/in-havana-in-one-night\/","title":{"rendered":"In Havana in one night"},"content":{"rendered":"<div data-elementor-type=\"wp-page\" data-elementor-id=\"1098\" class=\"elementor elementor-1098\">\n\t\t\t\t\t\t<section class=\"elementor-section elementor-top-section elementor-element elementor-element-d6e5ced elementor-section-boxed elementor-section-height-default elementor-section-height-default\" data-id=\"d6e5ced\" data-element_type=\"section\" data-e-type=\"section\">\n\t\t\t\t\t\t<div class=\"elementor-container elementor-column-gap-default\">\n\t\t\t\t\t<div class=\"elementor-column elementor-col-50 elementor-top-column elementor-element elementor-element-869de39\" data-id=\"869de39\" data-element_type=\"column\" data-e-type=\"column\">\n\t\t\t<div class=\"elementor-widget-wrap elementor-element-populated\">\n\t\t\t\t\t\t<div class=\"elementor-element elementor-element-28dfe25 elementor-align-justify elementor-widget elementor-widget-button\" data-id=\"28dfe25\" data-element_type=\"widget\" data-e-type=\"widget\" data-widget_type=\"button.default\">\n\t\t\t\t<div class=\"elementor-widget-container\">\n\t\t\t\t\t\t\t\t\t<div class=\"elementor-button-wrapper\">\n\t\t\t\t\t<a class=\"elementor-button elementor-button-link elementor-size-sm\" href=\"https:\/\/mythslegendes.com\/en\/basque-mythology\/\">\n\t\t\t\t\t\t<span class=\"elementor-button-content-wrapper\">\n\t\t\t\t\t\t\t\t\t<span class=\"elementor-button-text\">Basque mythology<\/span>\n\t\t\t\t\t<\/span>\n\t\t\t\t\t<\/a>\n\t\t\t\t<\/div>\n\t\t\t\t\t\t\t\t<\/div>\n\t\t\t\t<\/div>\n\t\t\t\t\t<\/div>\n\t\t<\/div>\n\t\t\t\t<div class=\"elementor-column elementor-col-50 elementor-top-column elementor-element elementor-element-4c956c1\" data-id=\"4c956c1\" data-element_type=\"column\" data-e-type=\"column\">\n\t\t\t<div class=\"elementor-widget-wrap elementor-element-populated\">\n\t\t\t\t\t\t<div class=\"elementor-element elementor-element-77a97a9 elementor-align-justify elementor-widget elementor-widget-button\" data-id=\"77a97a9\" data-element_type=\"widget\" data-e-type=\"widget\" data-widget_type=\"button.default\">\n\t\t\t\t<div class=\"elementor-widget-container\">\n\t\t\t\t\t\t\t\t\t<div class=\"elementor-button-wrapper\">\n\t\t\t\t\t<a class=\"elementor-button elementor-button-link elementor-size-sm\" href=\"https:\/\/fr.wikipedia.org\/wiki\/Mythologie_basque\" target=\"_blank\" rel=\"noopener\">\n\t\t\t\t\t\t<span class=\"elementor-button-content-wrapper\">\n\t\t\t\t\t\t\t\t\t<span class=\"elementor-button-text\">Wiki<\/span>\n\t\t\t\t\t<\/span>\n\t\t\t\t\t<\/a>\n\t\t\t\t<\/div>\n\t\t\t\t\t\t\t\t<\/div>\n\t\t\t\t<\/div>\n\t\t\t\t\t<\/div>\n\t\t<\/div>\n\t\t\t\t\t<\/div>\n\t\t<\/section>\n\t\t\t\t<section class=\"elementor-section elementor-top-section elementor-element elementor-element-5f473d36 elementor-section-boxed elementor-section-height-default elementor-section-height-default\" data-id=\"5f473d36\" data-element_type=\"section\" data-e-type=\"section\">\n\t\t\t\t\t\t<div class=\"elementor-container elementor-column-gap-default\">\n\t\t\t\t\t<div class=\"elementor-column elementor-col-100 elementor-top-column elementor-element elementor-element-425afdcf\" data-id=\"425afdcf\" data-element_type=\"column\" data-e-type=\"column\">\n\t\t\t<div class=\"elementor-widget-wrap elementor-element-populated\">\n\t\t\t\t\t\t<div class=\"elementor-element elementor-element-3c0308ca elementor-widget elementor-widget-text-editor\" data-id=\"3c0308ca\" data-element_type=\"widget\" data-e-type=\"widget\" data-widget_type=\"text-editor.default\">\n\t\t\t\t<div class=\"elementor-widget-container\">\n\t\t\t\t\t\t\t\t\t<p><\/p>\n<p>This is the story of the witches who traveled to Havana in one night.<\/p>\n<p><img decoding=\"async\" class=\"alignnone wp-image-5284 size-full\" src=\"https:\/\/mythslegendes.com\/wp-content\/uploads\/2020\/09\/AlphaOmega-e1602613368367.png\" alt=\"Havana in one night\" width=\"25\" height=\"26\" title=\"\"><\/p>\n<div id=\"ez-toc-container\" class=\"ez-toc-v2_0_82_2 counter-hierarchy ez-toc-counter ez-toc-grey ez-toc-container-direction\">\n<div class=\"ez-toc-title-container\">\n<p class=\"ez-toc-title\" style=\"cursor:inherit\">Contents<\/p>\n<span class=\"ez-toc-title-toggle\"><a href=\"#\" class=\"ez-toc-pull-right ez-toc-btn ez-toc-btn-xs ez-toc-btn-default ez-toc-toggle\" aria-label=\"Toggle Table of Content\"><span class=\"ez-toc-js-icon-con\"><span class=\"\"><span class=\"eztoc-hide\" style=\"display:none;\">Toggle<\/span><span class=\"ez-toc-icon-toggle-span\"><svg style=\"fill: #999;color:#999\" xmlns=\"http:\/\/www.w3.org\/2000\/svg\" class=\"list-377408\" width=\"20px\" height=\"20px\" viewbox=\"0 0 24 24\" fill=\"none\"><path d=\"M6 6H4v2h2V6zm14 0H8v2h12V6zM4 11h2v2H4v-2zm16 0H8v2h12v-2zM4 16h2v2H4v-2zm16 0H8v2h12v-2z\" fill=\"currentColor\"><\/path><\/svg><svg style=\"fill: #999;color:#999\" class=\"arrow-unsorted-368013\" xmlns=\"http:\/\/www.w3.org\/2000\/svg\" width=\"10px\" height=\"10px\" viewbox=\"0 0 24 24\" version=\"1.2\" baseprofile=\"tiny\"><path d=\"M18.2 9.3l-6.2-6.3-6.2 6.3c-.2.2-.3.4-.3.7s.1.5.3.7c.2.2.4.3.7.3h11c.3 0 .5-.1.7-.3.2-.2.3-.5.3-.7s-.1-.5-.3-.7zM5.8 14.7l6.2 6.3 6.2-6.3c.2-.2.3-.5.3-.7s-.1-.5-.3-.7c-.2-.2-.4-.3-.7-.3h-11c-.3 0-.5.1-.7.3-.2.2-.3.5-.3.7s.1.5.3.7z\"\/><\/svg><\/span><\/span><\/span><\/a><\/span><\/div>\n<nav><ul class='ez-toc-list ez-toc-list-level-1' ><li class='ez-toc-page-1 ez-toc-heading-level-2'><a class=\"ez-toc-link ez-toc-heading-1\" href=\"https:\/\/mythslegendes.com\/en\/basque-mythology\/in-havana-in-one-night\/#La-Havanne-en-une-nuit\" >Havana in one night<\/a><\/li><\/ul><\/nav><\/div>\n<h2><span class=\"ez-toc-section\" id=\"La-Havanne-en-une-nuit\"><\/span>Havana in one night<span class=\"ez-toc-section-end\"><\/span><\/h2>\n<p>One stormy day, fishing boats entered the port of Elantxobe. They remained moored in the port after having taken out the sails, oars, etc. There were only baskets left on board and the crewmen went back to sleep ashore.<\/p>\n<p><\/p>\n<p><\/p>\n<p>Shortly before midnight, an old fisherman returned to the boat and, as usual, lay down in one of the baskets to smoke a pipe. Tired as he was from this day&#039;s work, he soon fell into a deep sleep. He woke up with a start hearing female voices and noticed that the boat was sailing at high speed.<\/p>\n<p>Instead of getting up he remained very quiet in his improvised hiding place while watching what was happening. He discovered that indeed the boat sailed in a vertiginous way and that those who paddled so vigorously were two women dressed in red dresses.<\/p>\n<p><\/p>\n<p><\/p>\n<p>The boat that seemed to be flying soon arrived in Havana where it was moored on a fine sandy beach illuminated by a perfectly circular silver-colored moon. The women jumped down and disappeared.<\/p>\n<p>Suspecting it was witches, the old fisherman also jumped down and picked up an exotic fruit from a branch of the first tree he saw. Immediately he returned to his boat and hid in his basket. Still as usual, he lit his pipe when the witches returned after doing god knows what sorcery, one of them exclaimed:<br \/>\u2013 Here, it smells like a pipe, here, it smells like a pipe!<br \/>- let&#039;s see if there is not some man hiding! launched the second.<\/p>\n<p><\/p>\n<p><\/p>\n<p>Cursing himself for his giddiness, the fisherman put out his pipe as well as he could and stood quite still at the bottom of his basket, holding his breath.<\/p>\n<p><\/p>\n<p><\/p>\n<p>The witches looked here and there but seeing no one, got on board and took up the oars again said:<br \/>\u2013 At each row a hundred leagues.<\/p>\n<p><\/p>\n<p><\/p>\n<p>Immediately the boat split the waters of the Atlantic like lightning and a moment later found itself again moored in the port of Elantxobe as if it had never moved from this place. The witches disappeared and the old fisherman came out of his hiding place.<\/p>\n<p>When, at dawn, the other fishermen arrived, the old man hastened to tell them of his nocturnal adventure:<br \/>\u2013 Last night three witches came here and brought me to Havana!<\/p>\n<p><\/p>\n<p><\/p>\n<p>You should have seen the faces held by his companions, the bursts of laughter that we heard in the boats, the ironic comments that our old fisherman had to put up with!.<br \/>\u2013 This, you dreamed it!<br \/>- You imagined it!<br \/>- You invented it!<br \/>- You are rambling!<\/p>\n<p><\/p>\n<p><\/p>\n<p>Without losing his calm or getting angry, the old man put the exotic fruit he had picked up in Havana before his companions&#039; eyes and proudly told them:<br \/>&quot;Do you think something like this might happen around here?&quot;<\/p>\n<p><\/p>\n<p><\/p>\n<p>Everyone looked at this fruit with genuine astonishment and as more than one recognized in it a typical Caribbean product, they were silent, worried, and went back to work without saying a word.<\/p>\n<p><\/p>\n<p><\/p>\n<p>Indeed, this could only be an act of the witches.<\/p>\n<p><\/p>\t\t\t\t\t\t\t\t<\/div>\n\t\t\t\t<\/div>\n\t\t\t\t\t<\/div>\n\t\t<\/div>\n\t\t\t\t\t<\/div>\n\t\t<\/section>\n\t\t\t\t<\/div>","protected":false},"excerpt":{"rendered":"<p>Mythologie Basque Wiki Voici l&rsquo;histoire des sorci\u00e8res qui ont voyag\u00e9 \u00e0 la Havanne en une nuit. La Havanne en une &hellip; <\/p>","protected":false},"author":1,"featured_media":0,"parent":1004,"menu_order":0,"comment_status":"closed","ping_status":"closed","template":"","meta":{"footnotes":""},"class_list":["post-1098","page","type-page","status-publish","hentry"],"amp_enabled":true,"_links":{"self":[{"href":"https:\/\/mythslegendes.com\/en\/wp-json\/wp\/v2\/pages\/1098","targetHints":{"allow":["GET"]}}],"collection":[{"href":"https:\/\/mythslegendes.com\/en\/wp-json\/wp\/v2\/pages"}],"about":[{"href":"https:\/\/mythslegendes.com\/en\/wp-json\/wp\/v2\/types\/page"}],"author":[{"embeddable":true,"href":"https:\/\/mythslegendes.com\/en\/wp-json\/wp\/v2\/users\/1"}],"replies":[{"embeddable":true,"href":"https:\/\/mythslegendes.com\/en\/wp-json\/wp\/v2\/comments?post=1098"}],"version-history":[{"count":1,"href":"https:\/\/mythslegendes.com\/en\/wp-json\/wp\/v2\/pages\/1098\/revisions"}],"predecessor-version":[{"id":24656,"href":"https:\/\/mythslegendes.com\/en\/wp-json\/wp\/v2\/pages\/1098\/revisions\/24656"}],"up":[{"embeddable":true,"href":"https:\/\/mythslegendes.com\/en\/wp-json\/wp\/v2\/pages\/1004"}],"wp:attachment":[{"href":"https:\/\/mythslegendes.com\/en\/wp-json\/wp\/v2\/media?parent=1098"}],"curies":[{"name":"wp","href":"https:\/\/api.w.org\/{rel}","templated":true}]}}