{"id":1106,"date":"2020-06-23T09:59:06","date_gmt":"2020-06-23T08:59:06","guid":{"rendered":"https:\/\/mythslegendes.com\/?page_id=1106"},"modified":"2022-12-03T22:07:02","modified_gmt":"2022-12-03T22:07:02","slug":"la-sorciere-danboto","status":"publish","type":"page","link":"https:\/\/mythslegendes.com\/en\/basque-mythology\/the-witch-danboto\/","title":{"rendered":"The Witch of Anboto"},"content":{"rendered":"<div data-elementor-type=\"wp-page\" data-elementor-id=\"1106\" class=\"elementor elementor-1106\">\n\t\t\t\t\t\t<section class=\"elementor-section elementor-top-section elementor-element elementor-element-ff438a4 elementor-section-boxed elementor-section-height-default elementor-section-height-default\" data-id=\"ff438a4\" data-element_type=\"section\" data-e-type=\"section\">\n\t\t\t\t\t\t<div class=\"elementor-container elementor-column-gap-default\">\n\t\t\t\t\t<div class=\"elementor-column elementor-col-50 elementor-top-column elementor-element elementor-element-aa2b5c3\" data-id=\"aa2b5c3\" data-element_type=\"column\" data-e-type=\"column\">\n\t\t\t<div class=\"elementor-widget-wrap elementor-element-populated\">\n\t\t\t\t\t\t<div class=\"elementor-element elementor-element-644f0e5 elementor-align-justify elementor-widget elementor-widget-button\" data-id=\"644f0e5\" data-element_type=\"widget\" data-e-type=\"widget\" data-widget_type=\"button.default\">\n\t\t\t\t<div class=\"elementor-widget-container\">\n\t\t\t\t\t\t\t\t\t<div class=\"elementor-button-wrapper\">\n\t\t\t\t\t<a class=\"elementor-button elementor-button-link elementor-size-sm\" href=\"https:\/\/mythslegendes.com\/en\/basque-mythology\/\">\n\t\t\t\t\t\t<span class=\"elementor-button-content-wrapper\">\n\t\t\t\t\t\t\t\t\t<span class=\"elementor-button-text\">Basque mythology<\/span>\n\t\t\t\t\t<\/span>\n\t\t\t\t\t<\/a>\n\t\t\t\t<\/div>\n\t\t\t\t\t\t\t\t<\/div>\n\t\t\t\t<\/div>\n\t\t\t\t\t<\/div>\n\t\t<\/div>\n\t\t\t\t<div class=\"elementor-column elementor-col-50 elementor-top-column elementor-element elementor-element-0b07e37\" data-id=\"0b07e37\" data-element_type=\"column\" data-e-type=\"column\">\n\t\t\t<div class=\"elementor-widget-wrap elementor-element-populated\">\n\t\t\t\t\t\t<div class=\"elementor-element elementor-element-cd7181e elementor-align-justify elementor-widget elementor-widget-button\" data-id=\"cd7181e\" data-element_type=\"widget\" data-e-type=\"widget\" data-widget_type=\"button.default\">\n\t\t\t\t<div class=\"elementor-widget-container\">\n\t\t\t\t\t\t\t\t\t<div class=\"elementor-button-wrapper\">\n\t\t\t\t\t<a class=\"elementor-button elementor-button-link elementor-size-sm\" href=\"https:\/\/fr.wikipedia.org\/wiki\/Mythologie_basque\" target=\"_blank\" rel=\"noopener\">\n\t\t\t\t\t\t<span class=\"elementor-button-content-wrapper\">\n\t\t\t\t\t\t\t\t\t<span class=\"elementor-button-text\">Wiki<\/span>\n\t\t\t\t\t<\/span>\n\t\t\t\t\t<\/a>\n\t\t\t\t<\/div>\n\t\t\t\t\t\t\t\t<\/div>\n\t\t\t\t<\/div>\n\t\t\t\t\t<\/div>\n\t\t<\/div>\n\t\t\t\t\t<\/div>\n\t\t<\/section>\n\t\t\t\t<section class=\"elementor-section elementor-top-section elementor-element elementor-element-5c74b15f elementor-section-boxed elementor-section-height-default elementor-section-height-default\" data-id=\"5c74b15f\" data-element_type=\"section\" data-e-type=\"section\">\n\t\t\t\t\t\t<div class=\"elementor-container elementor-column-gap-default\">\n\t\t\t\t\t<div class=\"elementor-column elementor-col-100 elementor-top-column elementor-element elementor-element-aae437a\" data-id=\"aae437a\" data-element_type=\"column\" data-e-type=\"column\">\n\t\t\t<div class=\"elementor-widget-wrap elementor-element-populated\">\n\t\t\t\t\t\t<div class=\"elementor-element elementor-element-36293288 elementor-widget elementor-widget-text-editor\" data-id=\"36293288\" data-element_type=\"widget\" data-e-type=\"widget\" data-widget_type=\"text-editor.default\">\n\t\t\t\t<div class=\"elementor-widget-container\">\n\t\t\t\t\t\t\t\t\t<p><\/p>\n<p>Here is the story of the witch of Anboto.<\/p>\n<p><img decoding=\"async\" class=\"alignnone wp-image-5284 size-full\" src=\"https:\/\/mythslegendes.com\/wp-content\/uploads\/2020\/09\/AlphaOmega-e1602613368367.png\" alt=\"the witch of Anboto\" width=\"25\" height=\"26\" title=\"\"><\/p>\n<div id=\"ez-toc-container\" class=\"ez-toc-v2_0_82_2 counter-hierarchy ez-toc-counter ez-toc-grey ez-toc-container-direction\">\n<div class=\"ez-toc-title-container\">\n<p class=\"ez-toc-title\" style=\"cursor:inherit\">Contents<\/p>\n<span class=\"ez-toc-title-toggle\"><a href=\"#\" class=\"ez-toc-pull-right ez-toc-btn ez-toc-btn-xs ez-toc-btn-default ez-toc-toggle\" aria-label=\"Toggle Table of Content\"><span class=\"ez-toc-js-icon-con\"><span class=\"\"><span class=\"eztoc-hide\" style=\"display:none;\">Toggle<\/span><span class=\"ez-toc-icon-toggle-span\"><svg style=\"fill: #999;color:#999\" xmlns=\"http:\/\/www.w3.org\/2000\/svg\" class=\"list-377408\" width=\"20px\" height=\"20px\" viewbox=\"0 0 24 24\" fill=\"none\"><path d=\"M6 6H4v2h2V6zm14 0H8v2h12V6zM4 11h2v2H4v-2zm16 0H8v2h12v-2zM4 16h2v2H4v-2zm16 0H8v2h12v-2z\" fill=\"currentColor\"><\/path><\/svg><svg style=\"fill: #999;color:#999\" class=\"arrow-unsorted-368013\" xmlns=\"http:\/\/www.w3.org\/2000\/svg\" width=\"10px\" height=\"10px\" viewbox=\"0 0 24 24\" version=\"1.2\" baseprofile=\"tiny\"><path d=\"M18.2 9.3l-6.2-6.3-6.2 6.3c-.2.2-.3.4-.3.7s.1.5.3.7c.2.2.4.3.7.3h11c.3 0 .5-.1.7-.3.2-.2.3-.5.3-.7s-.1-.5-.3-.7zM5.8 14.7l6.2 6.3 6.2-6.3c.2-.2.3-.5.3-.7s-.1-.5-.3-.7c-.2-.2-.4-.3-.7-.3h-11c-.3 0-.5.1-.7.3-.2.2-.3.5-.3.7s.1.5.3.7z\"\/><\/svg><\/span><\/span><\/span><\/a><\/span><\/div>\n<nav><ul class='ez-toc-list ez-toc-list-level-1' ><li class='ez-toc-page-1 ez-toc-heading-level-2'><a class=\"ez-toc-link ez-toc-heading-1\" href=\"https:\/\/mythslegendes.com\/en\/basque-mythology\/the-witch-danboto\/#La-sorciere-dAnboto\" >The Witch of Anboto<\/a><\/li><\/ul><\/nav><\/div>\n<h2><span class=\"ez-toc-section\" id=\"La-sorciere-dAnboto\"><\/span>The Witch of Anboto<span class=\"ez-toc-section-end\"><\/span><\/h2>\n<p>It is said that, desiring offspring, a nobleman, after many years of marriage without having had children, spent her time in church imploring all the saints in heaven to be the mother of a daughter. It is said that for her relentlessness to give birth to a girl, she spent a good part of her fortune in offerings and donations to the church in order to obtain the grace of God.<\/p>\n<p><\/p>\n<p><\/p>\n<p>It is also said that, for the same reasons, she constantly prayed to the virgin overflowing with fervor. But, it is also said that, tired of not being heard in her prayers by these famous deities, one day she left the temple, full of anger, planted herself in the middle of the porch and, raising her voice to the maximum so that all could hear it. &#039;hear, shouted in his delirium:<\/p>\n<p>- Neither God nor the virgin nor the saints of heaven listen to my request, I call the devil to ask for a girl, so he will take her to his twentieth birthday!<\/p>\n<p><\/p>\n<p><\/p>\n<p>When we heard him say such a thing, we crossed hastily, some considering it as blasphemy, others dismayed to hear that such absurdity was at the origin of his misfortune.<\/p>\n<p><\/p>\n<p><\/p>\n<p>Better, the neighbors of the lady were scandalized and astonished, dominated by a certain fear when shortly after she announced to be pregnant. Because, indeed, it is said that this woman so eager was pregnant and that the pregnancy was normal during which she had no setbacks, nor the slightest indisposition or illness and that she gave birth to a beautiful little girl, smiling, with Blond hair.<\/p>\n<p>But, one day, to see her so pretty and despite the happiness of being a mother and especially remembering with deep concern these famous words spoken to the devil, decided to do something to protect her daughter.<\/p>\n<p><\/p>\n<p><\/p>\n<p>What did this mother do? They say that she had no other idea than to have a crystal urn made, put the little one in it and spent hours contemplating it. So, day after day, week after week, month after month, for twenty years. And not one more day. On her twentieth birthday and faced with this mother&#039;s helplessness, pain and despair, the devil appeared, broke the urn with a deafening crash, grabbed the girl by the hair and took her through the air without anyone , absolutely no one can stop it.<\/p>\n<p><\/p>\n<p><\/p>\n<p>It is said that the devil took the girl to the top of Anboto, to a cave where she was later seen. This cave is said to be the spectacular Sorginkoba (Witches Cave), accessible by seasoned climbers and looks towards the Arrazola Gorge. It is said that the witch in question is none other than the Lady or Witch of Anboto, sometimes seen sitting at the entrance, combing her beautiful golden hair with a gold comb. It is said that sometimes, converted into a fireball, it crosses the firmament towards the coastal territories of Gipuzkoa and when this happened, it was a sign of bad weather.<\/p>\n<p><\/p>\n<p><\/p>\n<p>Of course it is also said that in reality, the story of the woman wishing to give birth to a girl and the urn is a pretty story. What really happened was that the angry mother cast the following curse on her daughter:<br \/>\u201cI hope you will fly through the air as many years as there are grains of red beans contained in a fan\u00e8gue\u201d (capacity measure: 55.5 liters).<\/p>\n<p><\/p>\n<p><\/p>\n<p>Since then the girl spent seven years in Superlaur and seven more in Anboto following a powerful enchantment.<\/p>\n<p><\/p>\t\t\t\t\t\t\t\t<\/div>\n\t\t\t\t<\/div>\n\t\t\t\t\t<\/div>\n\t\t<\/div>\n\t\t\t\t\t<\/div>\n\t\t<\/section>\n\t\t\t\t<\/div>","protected":false},"excerpt":{"rendered":"<p>Mythologie Basque Wiki Voici l&rsquo;histoire de la sorci\u00e8re d&rsquo;Anboto. La sorci\u00e8re d&rsquo;Anboto On dit que, d\u00e9sirant une descendance, une noble, &hellip; <\/p>","protected":false},"author":1,"featured_media":0,"parent":1004,"menu_order":0,"comment_status":"closed","ping_status":"closed","template":"","meta":{"footnotes":""},"class_list":["post-1106","page","type-page","status-publish","hentry"],"amp_enabled":true,"_links":{"self":[{"href":"https:\/\/mythslegendes.com\/en\/wp-json\/wp\/v2\/pages\/1106","targetHints":{"allow":["GET"]}}],"collection":[{"href":"https:\/\/mythslegendes.com\/en\/wp-json\/wp\/v2\/pages"}],"about":[{"href":"https:\/\/mythslegendes.com\/en\/wp-json\/wp\/v2\/types\/page"}],"author":[{"embeddable":true,"href":"https:\/\/mythslegendes.com\/en\/wp-json\/wp\/v2\/users\/1"}],"replies":[{"embeddable":true,"href":"https:\/\/mythslegendes.com\/en\/wp-json\/wp\/v2\/comments?post=1106"}],"version-history":[{"count":1,"href":"https:\/\/mythslegendes.com\/en\/wp-json\/wp\/v2\/pages\/1106\/revisions"}],"predecessor-version":[{"id":24658,"href":"https:\/\/mythslegendes.com\/en\/wp-json\/wp\/v2\/pages\/1106\/revisions\/24658"}],"up":[{"embeddable":true,"href":"https:\/\/mythslegendes.com\/en\/wp-json\/wp\/v2\/pages\/1004"}],"wp:attachment":[{"href":"https:\/\/mythslegendes.com\/en\/wp-json\/wp\/v2\/media?parent=1106"}],"curies":[{"name":"wp","href":"https:\/\/api.w.org\/{rel}","templated":true}]}}