{"id":1138,"date":"2020-06-23T10:38:25","date_gmt":"2020-06-23T09:38:25","guid":{"rendered":"https:\/\/mythslegendes.com\/?page_id=1138"},"modified":"2022-12-03T22:07:02","modified_gmt":"2022-12-03T22:07:02","slug":"le-lamina-et-la-vieille","status":"publish","type":"page","link":"https:\/\/mythslegendes.com\/en\/basque-mythology\/the-lamina-and-the-old\/","title":{"rendered":"The lami\u00f1a and the old woman"},"content":{"rendered":"<div data-elementor-type=\"wp-page\" data-elementor-id=\"1138\" class=\"elementor elementor-1138\">\n\t\t\t\t\t\t<section class=\"elementor-section elementor-top-section elementor-element elementor-element-a11e75d elementor-section-boxed elementor-section-height-default elementor-section-height-default\" data-id=\"a11e75d\" data-element_type=\"section\" data-e-type=\"section\">\n\t\t\t\t\t\t<div class=\"elementor-container elementor-column-gap-default\">\n\t\t\t\t\t<div class=\"elementor-column elementor-col-50 elementor-top-column elementor-element elementor-element-628a811\" data-id=\"628a811\" data-element_type=\"column\" data-e-type=\"column\">\n\t\t\t<div class=\"elementor-widget-wrap elementor-element-populated\">\n\t\t\t\t\t\t<div class=\"elementor-element elementor-element-cb660e7 elementor-align-justify elementor-widget elementor-widget-button\" data-id=\"cb660e7\" data-element_type=\"widget\" data-e-type=\"widget\" data-widget_type=\"button.default\">\n\t\t\t\t<div class=\"elementor-widget-container\">\n\t\t\t\t\t\t\t\t\t<div class=\"elementor-button-wrapper\">\n\t\t\t\t\t<a class=\"elementor-button elementor-button-link elementor-size-sm\" href=\"https:\/\/mythslegendes.com\/en\/basque-mythology\/\">\n\t\t\t\t\t\t<span class=\"elementor-button-content-wrapper\">\n\t\t\t\t\t\t\t\t\t<span class=\"elementor-button-text\">Basque mythology<\/span>\n\t\t\t\t\t<\/span>\n\t\t\t\t\t<\/a>\n\t\t\t\t<\/div>\n\t\t\t\t\t\t\t\t<\/div>\n\t\t\t\t<\/div>\n\t\t\t\t\t<\/div>\n\t\t<\/div>\n\t\t\t\t<div class=\"elementor-column elementor-col-50 elementor-top-column elementor-element elementor-element-0b7876e\" data-id=\"0b7876e\" data-element_type=\"column\" data-e-type=\"column\">\n\t\t\t<div class=\"elementor-widget-wrap elementor-element-populated\">\n\t\t\t\t\t\t<div class=\"elementor-element elementor-element-b41e750 elementor-align-justify elementor-widget elementor-widget-button\" data-id=\"b41e750\" data-element_type=\"widget\" data-e-type=\"widget\" data-widget_type=\"button.default\">\n\t\t\t\t<div class=\"elementor-widget-container\">\n\t\t\t\t\t\t\t\t\t<div class=\"elementor-button-wrapper\">\n\t\t\t\t\t<a class=\"elementor-button elementor-button-link elementor-size-sm\" href=\"https:\/\/fr.wikipedia.org\/wiki\/Mythologie_basque\" target=\"_blank\" rel=\"noopener\">\n\t\t\t\t\t\t<span class=\"elementor-button-content-wrapper\">\n\t\t\t\t\t\t\t\t\t<span class=\"elementor-button-text\">Wiki<\/span>\n\t\t\t\t\t<\/span>\n\t\t\t\t\t<\/a>\n\t\t\t\t<\/div>\n\t\t\t\t\t\t\t\t<\/div>\n\t\t\t\t<\/div>\n\t\t\t\t\t<\/div>\n\t\t<\/div>\n\t\t\t\t\t<\/div>\n\t\t<\/section>\n\t\t\t\t<section class=\"elementor-section elementor-top-section elementor-element elementor-element-541daf87 elementor-section-boxed elementor-section-height-default elementor-section-height-default\" data-id=\"541daf87\" data-element_type=\"section\" data-e-type=\"section\">\n\t\t\t\t\t\t<div class=\"elementor-container elementor-column-gap-default\">\n\t\t\t\t\t<div class=\"elementor-column elementor-col-100 elementor-top-column elementor-element elementor-element-3a3e0ed0\" data-id=\"3a3e0ed0\" data-element_type=\"column\" data-e-type=\"column\">\n\t\t\t<div class=\"elementor-widget-wrap elementor-element-populated\">\n\t\t\t\t\t\t<div class=\"elementor-element elementor-element-7de93f41 elementor-widget elementor-widget-text-editor\" data-id=\"7de93f41\" data-element_type=\"widget\" data-e-type=\"widget\" data-widget_type=\"text-editor.default\">\n\t\t\t\t<div class=\"elementor-widget-container\">\n\t\t\t\t\t\t\t\t\t<p><\/p>\n<p>Here is the story of the lamina and the old woman. There was a man and a woman in one house, both of which had reached a certain age. The man went to bed early, while the woman lingered every evening in spinning phiru-phiru. But, also every evening, and always at the same time, it happened to the poor spinner that, along the fireplace, an unknown woman descended, who did not go away until she had obtained some crumbs from supper. .<\/p>\n<p><img decoding=\"async\" class=\"alignnone wp-image-5284 size-full\" src=\"https:\/\/mythslegendes.com\/wp-content\/uploads\/2020\/09\/AlphaOmega-e1602613368367.png\" alt=\"the lamina and the old woman\" width=\"25\" height=\"26\" title=\"\"><\/p>\n<div id=\"ez-toc-container\" class=\"ez-toc-v2_0_82_2 counter-hierarchy ez-toc-counter ez-toc-grey ez-toc-container-direction\">\n<div class=\"ez-toc-title-container\">\n<p class=\"ez-toc-title\" style=\"cursor:inherit\">Contents<\/p>\n<span class=\"ez-toc-title-toggle\"><a href=\"#\" class=\"ez-toc-pull-right ez-toc-btn ez-toc-btn-xs ez-toc-btn-default ez-toc-toggle\" aria-label=\"Toggle Table of Content\"><span class=\"ez-toc-js-icon-con\"><span class=\"\"><span class=\"eztoc-hide\" style=\"display:none;\">Toggle<\/span><span class=\"ez-toc-icon-toggle-span\"><svg style=\"fill: #999;color:#999\" xmlns=\"http:\/\/www.w3.org\/2000\/svg\" class=\"list-377408\" width=\"20px\" height=\"20px\" viewbox=\"0 0 24 24\" fill=\"none\"><path d=\"M6 6H4v2h2V6zm14 0H8v2h12V6zM4 11h2v2H4v-2zm16 0H8v2h12v-2zM4 16h2v2H4v-2zm16 0H8v2h12v-2z\" fill=\"currentColor\"><\/path><\/svg><svg style=\"fill: #999;color:#999\" class=\"arrow-unsorted-368013\" xmlns=\"http:\/\/www.w3.org\/2000\/svg\" width=\"10px\" height=\"10px\" viewbox=\"0 0 24 24\" version=\"1.2\" baseprofile=\"tiny\"><path d=\"M18.2 9.3l-6.2-6.3-6.2 6.3c-.2.2-.3.4-.3.7s.1.5.3.7c.2.2.4.3.7.3h11c.3 0 .5-.1.7-.3.2-.2.3-.5.3-.7s-.1-.5-.3-.7zM5.8 14.7l6.2 6.3 6.2-6.3c.2-.2.3-.5.3-.7s-.1-.5-.3-.7c-.2-.2-.4-.3-.7-.3h-11c-.3 0-.5.1-.7.3-.2.2-.3.5-.3.7s.1.5.3.7z\"\/><\/svg><\/span><\/span><\/span><\/a><\/span><\/div>\n<nav><ul class='ez-toc-list ez-toc-list-level-1' ><li class='ez-toc-page-1 ez-toc-heading-level-2'><a class=\"ez-toc-link ez-toc-heading-1\" href=\"https:\/\/mythslegendes.com\/en\/basque-mythology\/the-lamina-and-the-old\/#Le-lamina-et-la-vieille\" >The lamina and the old woman<\/a><\/li><\/ul><\/nav><\/div>\n<h2><span class=\"ez-toc-section\" id=\"Le-lamina-et-la-vieille\"><\/span>The lamina and the old woman<span class=\"ez-toc-section-end\"><\/span><\/h2>\n<p>The spinner had barely started frying her ham, when she heard the same noise and the same request:<br \/>- &quot;Chichi&#039;ta papa, papa buchtia? (meat and bread, soaked bread?)<\/p>\n<p><\/p>\n<p><\/p>\n<p>It had been repeating itself for a few weeks already, and the poor frightened woman did not venture to say anything to her man, in the hope that the lami\u00f1a would end up not coming back. One evening, however, as in a dream, the man thought he perceived that his companion was conversing with someone ...<\/p>\n<p>When the poor woman came to bed, her husband asked her:<br \/>- &quot; So say ! Weren&#039;t you talking with someone a moment ago? &quot;<br \/>- &quot; Yes &quot;\u00a0<br \/>- &quot;Who did you have there?&quot; &quot;<br \/>- &quot;Here, I don&#039;t know at all myself who it is, but, it is already a few weeks that the same monster appears to me; and it is always at the same time, as soon as my supper begins.<\/p>\n<p><\/p>\n<p><\/p>\n<p>And, inevitably, he asks me:<br \/>- &quot;Chichi&#039;ta papa, papa buchtia? &quot;<br \/>- &quot;And you give it to him? &quot;<br \/>- &quot; It must be so. What to do ? &quot;<br \/>- &quot; Its good ! tomorrow night, I will stay in your place. Someone who arrives at this time, it can&#039;t be good! A wizard ? A lami\u00f1a? ... We will see him tomorrow. I will put on your shawl and handkerchief as best I can, as well as the other evenings. &quot;<\/p>\n<p><\/p>\n<p><\/p>\n<p>The next day, as agreed, the woman goes to bed, while, remaining by the fireside, the man is already pretending to slip away ... Very quickly, he perceives a great noise: the forever unknown, descending firrindan along from the fireplace, sits down close to him and immediately calls out:<br \/>- &quot;Chichi&#039;ta papa, papa buchtia? &quot;<\/p>\n<p><\/p>\n<p><\/p>\n<p>Our man acts as if he hadn&#039;t heard, and, phiru, phiru, starts to run frantically. So the lami\u00f1a to ask him:<br \/>- &quot;How furiously you are working this evening!<br \/>- &quot;Yes, yesterday, frin, frin, firun, firun, today fran, fran, furdulu, furdulu\u2026&quot;<\/p>\n<p><\/p>\n<p><\/p>\n<p>And the spinner was still spinning, watching the stranger out of the corner of his eye. Immediately, he recognized a lami\u00f1a, and immediately also said to himself that it was a question of driving him out of there, as quickly as possible.<\/p>\n<p>For his part, having been suspicious of something, the lami\u00f1a asked:<br \/>- &quot;You are not, this evening, what you usually are. You seem tough to me\u2026 What&#039;s your name? &quot;<br \/>- &quot;Nehorknereburu&quot;. (myself, my person)<br \/>- &quot;Nehorknereburu? ... And chichi&#039;ta papa, papa buchtia? ...<\/p>\n<p><\/p>\n<p><\/p>\n<p>Our man had his stove in the corner of the fireplace; he puts it on the fire, all loaded with fat, and leaves it there until it is very reddened. Very happy already, the lami\u00f1a did not stop rubbing his hands:<br \/>- \u00abchichi&#039;ta papa, papa buchtia! &quot;<\/p>\n<p><\/p>\n<p><\/p>\n<p>Suddenly, calculating that the pan must be red hot, the spinner suddenly seizes it (braun) and, pla, throws the fat to the lami\u00f1a, right in the middle of the face ... Immediately, screaming, the lami\u00f1a goes up the chimney . Once outside, in a shrill clamor, he assembles all his Lami\u00f1ak companions.<\/p>\n<p>With his hands on his burnt face, he ceaselessly laments, and his companions could not understand anything from his words:<br \/>- &quot;What do you have? What do you have? ... Who has damaged you in this way? ...<br \/>- \u00bbNehorknereburuk! (myself, my person! ...)<br \/>- &quot;Since you yourself damaged your person, whose fault is it? And what do you want from us? ...<\/p>\n<p><\/p>\n<p><\/p>\n<p>And, by the dark night, the lami\u00f1ak immediately vanished in all directions.<\/p>\n<p><\/p>\t\t\t\t\t\t\t\t<\/div>\n\t\t\t\t<\/div>\n\t\t\t\t\t<\/div>\n\t\t<\/div>\n\t\t\t\t\t<\/div>\n\t\t<\/section>\n\t\t\t\t<\/div>","protected":false},"excerpt":{"rendered":"<p>Basque Mythology Wiki Here is the story of the lamina and the old woman. There was a man in a house and... <\/p>","protected":false},"author":1,"featured_media":0,"parent":1004,"menu_order":0,"comment_status":"closed","ping_status":"closed","template":"","meta":{"footnotes":""},"class_list":["post-1138","page","type-page","status-publish","hentry"],"amp_enabled":true,"_links":{"self":[{"href":"https:\/\/mythslegendes.com\/en\/wp-json\/wp\/v2\/pages\/1138","targetHints":{"allow":["GET"]}}],"collection":[{"href":"https:\/\/mythslegendes.com\/en\/wp-json\/wp\/v2\/pages"}],"about":[{"href":"https:\/\/mythslegendes.com\/en\/wp-json\/wp\/v2\/types\/page"}],"author":[{"embeddable":true,"href":"https:\/\/mythslegendes.com\/en\/wp-json\/wp\/v2\/users\/1"}],"replies":[{"embeddable":true,"href":"https:\/\/mythslegendes.com\/en\/wp-json\/wp\/v2\/comments?post=1138"}],"version-history":[{"count":1,"href":"https:\/\/mythslegendes.com\/en\/wp-json\/wp\/v2\/pages\/1138\/revisions"}],"predecessor-version":[{"id":24665,"href":"https:\/\/mythslegendes.com\/en\/wp-json\/wp\/v2\/pages\/1138\/revisions\/24665"}],"up":[{"embeddable":true,"href":"https:\/\/mythslegendes.com\/en\/wp-json\/wp\/v2\/pages\/1004"}],"wp:attachment":[{"href":"https:\/\/mythslegendes.com\/en\/wp-json\/wp\/v2\/media?parent=1138"}],"curies":[{"name":"wp","href":"https:\/\/api.w.org\/{rel}","templated":true}]}}