{"id":1292,"date":"2020-06-23T11:59:32","date_gmt":"2020-06-23T10:59:32","guid":{"rendered":"https:\/\/mythslegendes.com\/?page_id=1292"},"modified":"2022-12-03T22:07:04","modified_gmt":"2022-12-03T22:07:04","slug":"la-lamina-en-couche","status":"publish","type":"page","link":"https:\/\/mythslegendes.com\/en\/basque-mythology\/la-lamina-in-layer\/","title":{"rendered":"La lami\u00f1a in a layer"},"content":{"rendered":"<div data-elementor-type=\"wp-page\" data-elementor-id=\"1292\" class=\"elementor elementor-1292\">\n\t\t\t\t\t\t<section class=\"elementor-section elementor-top-section elementor-element elementor-element-47f6092 elementor-section-boxed elementor-section-height-default elementor-section-height-default\" data-id=\"47f6092\" data-element_type=\"section\" data-e-type=\"section\">\n\t\t\t\t\t\t<div class=\"elementor-container elementor-column-gap-default\">\n\t\t\t\t\t<div class=\"elementor-column elementor-col-50 elementor-top-column elementor-element elementor-element-08216e5\" data-id=\"08216e5\" data-element_type=\"column\" data-e-type=\"column\">\n\t\t\t<div class=\"elementor-widget-wrap elementor-element-populated\">\n\t\t\t\t\t\t<div class=\"elementor-element elementor-element-3101f31 elementor-align-justify elementor-widget elementor-widget-button\" data-id=\"3101f31\" data-element_type=\"widget\" data-e-type=\"widget\" data-widget_type=\"button.default\">\n\t\t\t\t<div class=\"elementor-widget-container\">\n\t\t\t\t\t\t\t\t\t<div class=\"elementor-button-wrapper\">\n\t\t\t\t\t<a class=\"elementor-button elementor-button-link elementor-size-sm\" href=\"https:\/\/mythslegendes.com\/en\/basque-mythology\/\">\n\t\t\t\t\t\t<span class=\"elementor-button-content-wrapper\">\n\t\t\t\t\t\t\t\t\t<span class=\"elementor-button-text\">Basque mythology<\/span>\n\t\t\t\t\t<\/span>\n\t\t\t\t\t<\/a>\n\t\t\t\t<\/div>\n\t\t\t\t\t\t\t\t<\/div>\n\t\t\t\t<\/div>\n\t\t\t\t\t<\/div>\n\t\t<\/div>\n\t\t\t\t<div class=\"elementor-column elementor-col-50 elementor-top-column elementor-element elementor-element-dcd7b5d\" data-id=\"dcd7b5d\" data-element_type=\"column\" data-e-type=\"column\">\n\t\t\t<div class=\"elementor-widget-wrap elementor-element-populated\">\n\t\t\t\t\t\t<div class=\"elementor-element elementor-element-21233b5 elementor-align-justify elementor-widget elementor-widget-button\" data-id=\"21233b5\" data-element_type=\"widget\" data-e-type=\"widget\" data-widget_type=\"button.default\">\n\t\t\t\t<div class=\"elementor-widget-container\">\n\t\t\t\t\t\t\t\t\t<div class=\"elementor-button-wrapper\">\n\t\t\t\t\t<a class=\"elementor-button elementor-button-link elementor-size-sm\" href=\"https:\/\/fr.wikipedia.org\/wiki\/Mythologie_basque\" target=\"_blank\" rel=\"noopener\">\n\t\t\t\t\t\t<span class=\"elementor-button-content-wrapper\">\n\t\t\t\t\t\t\t\t\t<span class=\"elementor-button-text\">Wiki<\/span>\n\t\t\t\t\t<\/span>\n\t\t\t\t\t<\/a>\n\t\t\t\t<\/div>\n\t\t\t\t\t\t\t\t<\/div>\n\t\t\t\t<\/div>\n\t\t\t\t\t<\/div>\n\t\t<\/div>\n\t\t\t\t\t<\/div>\n\t\t<\/section>\n\t\t\t\t<section class=\"elementor-section elementor-top-section elementor-element elementor-element-12ca72e1 elementor-section-boxed elementor-section-height-default elementor-section-height-default\" data-id=\"12ca72e1\" data-element_type=\"section\" data-e-type=\"section\">\n\t\t\t\t\t\t<div class=\"elementor-container elementor-column-gap-default\">\n\t\t\t\t\t<div class=\"elementor-column elementor-col-100 elementor-top-column elementor-element elementor-element-c340a92\" data-id=\"c340a92\" data-element_type=\"column\" data-e-type=\"column\">\n\t\t\t<div class=\"elementor-widget-wrap elementor-element-populated\">\n\t\t\t\t\t\t<div class=\"elementor-element elementor-element-78a0cf92 elementor-widget elementor-widget-text-editor\" data-id=\"78a0cf92\" data-element_type=\"widget\" data-e-type=\"widget\" data-widget_type=\"text-editor.default\">\n\t\t\t\t<div class=\"elementor-widget-container\">\n\t\t\t\t\t\t\t\t\t<p><\/p>\n<p>Here is the story of the layered lamina. The story is made up of four parts in oral tradition.<\/p>\n<p><img decoding=\"async\" class=\"alignnone wp-image-5284 size-full\" src=\"https:\/\/mythslegendes.com\/wp-content\/uploads\/2020\/09\/AlphaOmega-e1602613368367.png\" alt=\"lamina in layer\" width=\"25\" height=\"26\" title=\"\"><\/p>\n<div id=\"ez-toc-container\" class=\"ez-toc-v2_0_82_2 counter-hierarchy ez-toc-counter ez-toc-grey ez-toc-container-direction\">\n<div class=\"ez-toc-title-container\">\n<p class=\"ez-toc-title\" style=\"cursor:inherit\">Contents<\/p>\n<span class=\"ez-toc-title-toggle\"><a href=\"#\" class=\"ez-toc-pull-right ez-toc-btn ez-toc-btn-xs ez-toc-btn-default ez-toc-toggle\" aria-label=\"Toggle Table of Content\"><span class=\"ez-toc-js-icon-con\"><span class=\"\"><span class=\"eztoc-hide\" style=\"display:none;\">Toggle<\/span><span class=\"ez-toc-icon-toggle-span\"><svg style=\"fill: #999;color:#999\" xmlns=\"http:\/\/www.w3.org\/2000\/svg\" class=\"list-377408\" width=\"20px\" height=\"20px\" viewbox=\"0 0 24 24\" fill=\"none\"><path d=\"M6 6H4v2h2V6zm14 0H8v2h12V6zM4 11h2v2H4v-2zm16 0H8v2h12v-2zM4 16h2v2H4v-2zm16 0H8v2h12v-2z\" fill=\"currentColor\"><\/path><\/svg><svg style=\"fill: #999;color:#999\" class=\"arrow-unsorted-368013\" xmlns=\"http:\/\/www.w3.org\/2000\/svg\" width=\"10px\" height=\"10px\" viewbox=\"0 0 24 24\" version=\"1.2\" baseprofile=\"tiny\"><path d=\"M18.2 9.3l-6.2-6.3-6.2 6.3c-.2.2-.3.4-.3.7s.1.5.3.7c.2.2.4.3.7.3h11c.3 0 .5-.1.7-.3.2-.2.3-.5.3-.7s-.1-.5-.3-.7zM5.8 14.7l6.2 6.3 6.2-6.3c.2-.2.3-.5.3-.7s-.1-.5-.3-.7c-.2-.2-.4-.3-.7-.3h-11c-.3 0-.5.1-.7.3-.2.2-.3.5-.3.7s.1.5.3.7z\"\/><\/svg><\/span><\/span><\/span><\/a><\/span><\/div>\n<nav><ul class='ez-toc-list ez-toc-list-level-1' ><li class='ez-toc-page-1 ez-toc-heading-level-2'><a class=\"ez-toc-link ez-toc-heading-1\" href=\"https:\/\/mythslegendes.com\/en\/basque-mythology\/la-lamina-in-layer\/#Lamina-en-couche-partie-1\" >Lamina in diaper, part 1<\/a><\/li><li class='ez-toc-page-1 ez-toc-heading-level-2'><a class=\"ez-toc-link ez-toc-heading-2\" href=\"https:\/\/mythslegendes.com\/en\/basque-mythology\/la-lamina-in-layer\/#2\" >2<\/a><\/li><li class='ez-toc-page-1 ez-toc-heading-level-2'><a class=\"ez-toc-link ez-toc-heading-3\" href=\"https:\/\/mythslegendes.com\/en\/basque-mythology\/la-lamina-in-layer\/#3\" >3<\/a><\/li><li class='ez-toc-page-1 ez-toc-heading-level-2'><a class=\"ez-toc-link ez-toc-heading-4\" href=\"https:\/\/mythslegendes.com\/en\/basque-mythology\/la-lamina-in-layer\/#4\" >4<\/a><\/li><\/ul><\/nav><\/div>\n<h2 class=\"wp-block-heading\"><span class=\"ez-toc-section\" id=\"Lamina-en-couche-partie-1\"><\/span>Lamina in diaper, part 1<span class=\"ez-toc-section-end\"><\/span><\/h2>\n<p><\/p>\n<p>In Lacarry the Laminaks used to come to the Bustanogia house, but one night, one of these Lami\u00f1ak came to find the hostess because one of them was giving birth and she was having some difficulties. , she needed help.<br \/>The woman replied that she agreed to help them on condition that she warned her husband. This one said to the Lamina:<br \/>&quot;I don&#039;t mind my wife going to help you, but bring her back to me exactly here.&quot; &quot;\u00a0<\/p>\n<p><\/p>\n<p>La Lamina lifted the woman onto her shoulders and carried her into a deep abyss. Bustanogia&#039;s mistress helped Lami\u00f1a to give birth. Then the Lami\u00f1ak offered her supper but they asked him not to take anything home. However, before the whiteness of the Lami\u00f1ak bread, the woman did not resist. She hid a piece of it in her blouse to show it off at home.<\/p>\n<p>At the end of the meal, the Lami\u00f1ak asked her what she wanted in thanks: a jar of honey or a jar of butter?<\/p>\n<p>The woman replied that she preferred butter because it would render better service than honey. The Lami\u00f1ak insisted that she take the honey because it was much better. But the woman said she still preferred the butter. Then the Lami\u00f1ak said to him:<br \/>&quot;- You will find your reward, tomorrow, in your cupboard! &quot;\u00a0<\/p>\n<p><\/p>\n<p>La Lami\u00f1a wanted to take the woman back on her shoulders but she could not lift her.<br \/>&quot;- You took something from here! &quot;\u00a0<br \/>&quot;- No, I did not take anything&quot; replied the woman.<br \/>&quot; - Oh yes ! &quot;\u00a0<\/p>\n<p><\/p>\n<p>Then the woman showed him the piece of bread.<br \/>&quot;You have to leave it here, otherwise I can&#039;t take you home.&quot; &quot;\u00a0<\/p>\n<p><\/p>\n<p>The woman left the piece of white bread and climbed up onto La Lami\u00f1a&#039;s shoulders. She returned home. The next day she found the pot of<br \/>butter full of money. If she had chosen the honey pot she would have found it filled with gold.<\/p>\n<p><\/p>\n<hr class=\"wp-block-separator\" \/>\n<p><\/p>\n<h2 class=\"wp-block-heading\"><span class=\"ez-toc-section\" id=\"2\"><\/span>2<span class=\"ez-toc-section-end\"><\/span><\/h2>\n<p><\/p>\n<p>Next to the Sor\u00e7aburu house in Gotein, a stream flows, the source of which is not far away. Next to the source, in a cave, lived the Lami\u00f1ak.<\/p>\n<p><\/p>\n<p>One day, a Lami\u00f1a was seized with pain. The lady of Sor\u00e7aburu, who was a midwife, was called to deliver her. Thanks to her, the child arrived happily. The next day, the midwife returned to swaddle the child, and when her work was finished, a Lami\u00f1a offered her in payment the choice between two fire pots, one covered with gold, the other with honey. The lady of Sor\u00e7aburu chooses the pot with the gold lid. Then the Lami\u00f1a said to him:<\/p>\n<p><\/p>\n<p>&quot;- Ah! you did not meet well. The pot with the golden lid is filled with honey, the pot with the honey lid is full of gold. &quot;<\/p>\n<p><\/p>\n<hr class=\"wp-block-separator\" \/>\n<p><\/p>\n<h2 class=\"wp-block-heading\"><span class=\"ez-toc-section\" id=\"3\"><\/span>3<span class=\"ez-toc-section-end\"><\/span><\/h2>\n<p><\/p>\n<p>My mother&#039;s grandmother was a midwife in Ahaxe. One night, at a late hour, a Lami\u00f1a came to fetch her to give birth to his wife. My grandmother was very afraid, and consulted her husband, quite embarrassed himself.<\/p>\n<p>The Lami\u00f1a reassured her, and, putting her on her back, carried her, without knowing how, to the bank of the Eddy. He let her pass the stream without getting wet, and made her enter a room which was the most dangling she had seen, and made of hewn stones.<\/p>\n<p>My grandmother did her office and put the child in its cradle after having swaddled it.<\/p>\n<p><\/p>\n<p>They made her eat and drink well, and gave her a large sum in payment. But he was forbidden to take anything from the house except what was given to him. However, as she had never seen such beautiful bread and wanted to show it at home, she put small pieces in her pocket.<\/p>\n<p>When the grand-grandmother arrived at the water&#039;s edge with the Lami\u00f1a, the latter told her that he could not make her cross because she had stolen something, She confessed that she had, in fact, put in her pocket a small piece of bread to show at home what she had eaten.<\/p>\n<p>The Lami\u00f1a made him throw it into the water, after which he carried it beyond, as before, without getting his feet wet, to the farmyard. Once on the ground, my grand-grandfather turned her head, and the Lami\u00f1a, with a stab, cut off one eye to punish her for having stolen it in spite of her defense.<\/p>\n<p><\/p>\n<hr class=\"wp-block-separator\" \/>\n<p><\/p>\n<h2 class=\"wp-block-heading\"><span class=\"ez-toc-section\" id=\"4\"><\/span>4<span class=\"ez-toc-section-end\"><\/span><\/h2>\n<p><\/p>\n<p>One evening of Saint John, a beautiful girl arrived at the house of the mistress of the house GORRITEPE just as the sun was about to rise:<\/p>\n<p><\/p>\n<p>- &quot;Hello, Marguerite, you must come under the forest; there is a woman there in need of a child, and you must help her \u201d.<br \/>- &quot;And who are you? I do not know you &quot;.<br \/>- &quot;You will know who I am; but, please, come at once \u201d.<br \/>- &quot;I cannot leave the house now; I must prepare the reapers&#039; lunch.<br \/>- &quot;Follow me, please; you will surely be very happy; you will have your fortune made if you help us bring this child into the world. &quot;<\/p>\n<p>She agrees, and both arrive under the wood. The girl gives Marguerite a wand and says to her:<br \/>- &quot;Hit the earth! She did so in confidence, and at the same time a beautiful portal opened before her. After entering it, she found herself in a beautiful castle, the inside and the outside of which shone like the sun:<br \/>- &quot;Do not be afraid, Marguerite; here we are. &quot;<\/p>\n<p><\/p>\n<p>They enter a large bedroom which was the most beautiful of all. There, there was a lami\u00f1a in need of a child and on the verge of giving birth; all around the room were filled with little beings, all seated and none of whom ever moved. Marguerite did her office and was then pampered as much as possible. He was given in particular a certain bread which was white as snow. As it was getting late, Marguerite wanted to retire to the house. The same young girl accompanied him to the gate; but they could never open the door:<\/p>\n<p><\/p>\n<p>- &quot;You, you will have taken something here! \u00bbSaid his companion.<br \/>- &quot; Me ! nothing, if not this little piece of bread, to show those back home how beautiful it is! &quot;<br \/>- &quot;But you have to leave it here. &quot;<br \/>She leaves him, and instantly the door opens.<br \/>- &quot;Here is your payment, Marguerite; here is a golden pear. Never tell anyone, and hide it well in your closet. Every morning you will find a pile of gold next to it. &quot;<\/p>\n<p><\/p>\n<p>She did so, and the next morning she went to look and found the pile of gold, and also the following days, for a long time, so that although this house was loaded with debts, they paid everything and bought great goods. The husband became jealous of it, and Marguerite, out of love for the peace of her household, told her her secret. During the following night, the pear disappeared, and there was no trace of it. There are still today in this place a few holes called the lami\u00f1ak holes.<\/p>\n<p><\/p>\t\t\t\t\t\t\t\t<\/div>\n\t\t\t\t<\/div>\n\t\t\t\t\t<\/div>\n\t\t<\/div>\n\t\t\t\t\t<\/div>\n\t\t<\/section>\n\t\t\t\t<\/div>","protected":false},"excerpt":{"rendered":"<p>Basque Mythology Wiki Here is the story of the layered lamina. The story is made up of four parts in oral tradition. ... <\/p>","protected":false},"author":1,"featured_media":0,"parent":1004,"menu_order":0,"comment_status":"closed","ping_status":"closed","template":"","meta":{"footnotes":""},"class_list":["post-1292","page","type-page","status-publish","hentry"],"amp_enabled":true,"_links":{"self":[{"href":"https:\/\/mythslegendes.com\/en\/wp-json\/wp\/v2\/pages\/1292","targetHints":{"allow":["GET"]}}],"collection":[{"href":"https:\/\/mythslegendes.com\/en\/wp-json\/wp\/v2\/pages"}],"about":[{"href":"https:\/\/mythslegendes.com\/en\/wp-json\/wp\/v2\/types\/page"}],"author":[{"embeddable":true,"href":"https:\/\/mythslegendes.com\/en\/wp-json\/wp\/v2\/users\/1"}],"replies":[{"embeddable":true,"href":"https:\/\/mythslegendes.com\/en\/wp-json\/wp\/v2\/comments?post=1292"}],"version-history":[{"count":1,"href":"https:\/\/mythslegendes.com\/en\/wp-json\/wp\/v2\/pages\/1292\/revisions"}],"predecessor-version":[{"id":24705,"href":"https:\/\/mythslegendes.com\/en\/wp-json\/wp\/v2\/pages\/1292\/revisions\/24705"}],"up":[{"embeddable":true,"href":"https:\/\/mythslegendes.com\/en\/wp-json\/wp\/v2\/pages\/1004"}],"wp:attachment":[{"href":"https:\/\/mythslegendes.com\/en\/wp-json\/wp\/v2\/media?parent=1292"}],"curies":[{"name":"wp","href":"https:\/\/api.w.org\/{rel}","templated":true}]}}