{"id":1345,"date":"2020-06-23T12:57:11","date_gmt":"2020-06-23T11:57:11","guid":{"rendered":"https:\/\/mythslegendes.com\/?page_id=1345"},"modified":"2022-12-03T22:07:05","modified_gmt":"2022-12-03T22:07:05","slug":"le-tartare-et-les-trois-enfants","status":"publish","type":"page","link":"https:\/\/mythslegendes.com\/en\/basque-mythology\/the-tartare-and-the-three-children\/","title":{"rendered":"Tartarus and the three children"},"content":{"rendered":"<div data-elementor-type=\"wp-page\" data-elementor-id=\"1345\" class=\"elementor elementor-1345\">\n\t\t\t\t\t\t<section class=\"elementor-section elementor-top-section elementor-element elementor-element-9daa368 elementor-section-boxed elementor-section-height-default elementor-section-height-default\" data-id=\"9daa368\" data-element_type=\"section\" data-e-type=\"section\">\n\t\t\t\t\t\t<div class=\"elementor-container elementor-column-gap-default\">\n\t\t\t\t\t<div class=\"elementor-column elementor-col-50 elementor-top-column elementor-element elementor-element-be36820\" data-id=\"be36820\" data-element_type=\"column\" data-e-type=\"column\">\n\t\t\t<div class=\"elementor-widget-wrap elementor-element-populated\">\n\t\t\t\t\t\t<div class=\"elementor-element elementor-element-2ef4243 elementor-align-justify elementor-widget elementor-widget-button\" data-id=\"2ef4243\" data-element_type=\"widget\" data-e-type=\"widget\" data-widget_type=\"button.default\">\n\t\t\t\t<div class=\"elementor-widget-container\">\n\t\t\t\t\t\t\t\t\t<div class=\"elementor-button-wrapper\">\n\t\t\t\t\t<a class=\"elementor-button elementor-button-link elementor-size-sm\" href=\"https:\/\/mythslegendes.com\/en\/basque-mythology\/\">\n\t\t\t\t\t\t<span class=\"elementor-button-content-wrapper\">\n\t\t\t\t\t\t\t\t\t<span class=\"elementor-button-text\">Basque mythology<\/span>\n\t\t\t\t\t<\/span>\n\t\t\t\t\t<\/a>\n\t\t\t\t<\/div>\n\t\t\t\t\t\t\t\t<\/div>\n\t\t\t\t<\/div>\n\t\t\t\t\t<\/div>\n\t\t<\/div>\n\t\t\t\t<div class=\"elementor-column elementor-col-50 elementor-top-column elementor-element elementor-element-161ca4b\" data-id=\"161ca4b\" data-element_type=\"column\" data-e-type=\"column\">\n\t\t\t<div class=\"elementor-widget-wrap elementor-element-populated\">\n\t\t\t\t\t\t<div class=\"elementor-element elementor-element-e6eaa04 elementor-align-justify elementor-widget elementor-widget-button\" data-id=\"e6eaa04\" data-element_type=\"widget\" data-e-type=\"widget\" data-widget_type=\"button.default\">\n\t\t\t\t<div class=\"elementor-widget-container\">\n\t\t\t\t\t\t\t\t\t<div class=\"elementor-button-wrapper\">\n\t\t\t\t\t<a class=\"elementor-button elementor-button-link elementor-size-sm\" href=\"https:\/\/fr.wikipedia.org\/wiki\/Mythologie_basque\" target=\"_blank\" rel=\"noopener\">\n\t\t\t\t\t\t<span class=\"elementor-button-content-wrapper\">\n\t\t\t\t\t\t\t\t\t<span class=\"elementor-button-text\">Wiki<\/span>\n\t\t\t\t\t<\/span>\n\t\t\t\t\t<\/a>\n\t\t\t\t<\/div>\n\t\t\t\t\t\t\t\t<\/div>\n\t\t\t\t<\/div>\n\t\t\t\t\t<\/div>\n\t\t<\/div>\n\t\t\t\t\t<\/div>\n\t\t<\/section>\n\t\t\t\t<section class=\"elementor-section elementor-top-section elementor-element elementor-element-29abf1d6 elementor-section-boxed elementor-section-height-default elementor-section-height-default\" data-id=\"29abf1d6\" data-element_type=\"section\" data-e-type=\"section\">\n\t\t\t\t\t\t<div class=\"elementor-container elementor-column-gap-default\">\n\t\t\t\t\t<div class=\"elementor-column elementor-col-100 elementor-top-column elementor-element elementor-element-7b6fe42f\" data-id=\"7b6fe42f\" data-element_type=\"column\" data-e-type=\"column\">\n\t\t\t<div class=\"elementor-widget-wrap elementor-element-populated\">\n\t\t\t\t\t\t<div class=\"elementor-element elementor-element-5e0262a5 elementor-widget elementor-widget-text-editor\" data-id=\"5e0262a5\" data-element_type=\"widget\" data-e-type=\"widget\" data-widget_type=\"text-editor.default\">\n\t\t\t\t<div class=\"elementor-widget-container\">\n\t\t\t\t\t\t\t\t\t<p><\/p>\n<p>Here is the story of Tartarus and the three children. Three children were left orphans of father and mother. As they were destitute, not even having a piece of bread to eat, they followed their younger brother&#039;s advice and set out to seek their fortune.<\/p>\n<p>From forest to forest, they arrived in the evening without finding a house to have supper. The youngest climbs a tree and discovers a beautiful castle in the distance. He leads his brothers there, rejoicing in the hope of a good meal. They knock and ask for the charity of food and shelter for the night.<\/p>\n<p><img decoding=\"async\" class=\"alignnone wp-image-5284 size-full\" src=\"https:\/\/mythslegendes.com\/wp-content\/uploads\/2020\/09\/AlphaOmega-e1602613368367.png\" alt=\"the tartare and the three children\" width=\"25\" height=\"26\" title=\"\"><\/p>\n<div id=\"ez-toc-container\" class=\"ez-toc-v2_0_82_2 counter-hierarchy ez-toc-counter ez-toc-grey ez-toc-container-direction\">\n<div class=\"ez-toc-title-container\">\n<p class=\"ez-toc-title\" style=\"cursor:inherit\">Contents<\/p>\n<span class=\"ez-toc-title-toggle\"><a href=\"#\" class=\"ez-toc-pull-right ez-toc-btn ez-toc-btn-xs ez-toc-btn-default ez-toc-toggle\" aria-label=\"Toggle Table of Content\"><span class=\"ez-toc-js-icon-con\"><span class=\"\"><span class=\"eztoc-hide\" style=\"display:none;\">Toggle<\/span><span class=\"ez-toc-icon-toggle-span\"><svg style=\"fill: #999;color:#999\" xmlns=\"http:\/\/www.w3.org\/2000\/svg\" class=\"list-377408\" width=\"20px\" height=\"20px\" viewbox=\"0 0 24 24\" fill=\"none\"><path d=\"M6 6H4v2h2V6zm14 0H8v2h12V6zM4 11h2v2H4v-2zm16 0H8v2h12v-2zM4 16h2v2H4v-2zm16 0H8v2h12v-2z\" fill=\"currentColor\"><\/path><\/svg><svg style=\"fill: #999;color:#999\" class=\"arrow-unsorted-368013\" xmlns=\"http:\/\/www.w3.org\/2000\/svg\" width=\"10px\" height=\"10px\" viewbox=\"0 0 24 24\" version=\"1.2\" baseprofile=\"tiny\"><path d=\"M18.2 9.3l-6.2-6.3-6.2 6.3c-.2.2-.3.4-.3.7s.1.5.3.7c.2.2.4.3.7.3h11c.3 0 .5-.1.7-.3.2-.2.3-.5.3-.7s-.1-.5-.3-.7zM5.8 14.7l6.2 6.3 6.2-6.3c.2-.2.3-.5.3-.7s-.1-.5-.3-.7c-.2-.2-.4-.3-.7-.3h-11c-.3 0-.5.1-.7.3-.2.2-.3.5-.3.7s.1.5.3.7z\"\/><\/svg><\/span><\/span><\/span><\/a><\/span><\/div>\n<nav><ul class='ez-toc-list ez-toc-list-level-1' ><li class='ez-toc-page-1 ez-toc-heading-level-2'><a class=\"ez-toc-link ez-toc-heading-1\" href=\"https:\/\/mythslegendes.com\/en\/basque-mythology\/the-tartare-and-the-three-children\/#Le-tartare-et-les-trois-enfants\" >The tartare and the three children<\/a><\/li><\/ul><\/nav><\/div>\n<h2><span class=\"ez-toc-section\" id=\"Le-tartare-et-les-trois-enfants\"><\/span>The tartare and the three children<span class=\"ez-toc-section-end\"><\/span><\/h2>\n<p><\/p>\n<p>The master was absent. The maid ushers them in and serves them a hearty supper which they never leave a crumb. Then she makes them sleep in a bottomless barrel.<br \/>&quot;Be careful,&quot; she said to them, &quot;not to make any noise, not to utter a word; for soon the Tartarus will return, my master, and if he discovers that there is any Christian with him, he will eat you without mercy.<\/p>\n<p><\/p>\n<p>The three orphans, seized with terror, keep silent, hardly daring to breathe.<br \/>&#039;There is,&#039; he said growling, &#039;some Christian here.<br \/>- You are mistaken, sir, there is not.<br \/>- If there was at least; I can smell it. Tell me the truth or I will exterminate you.<\/p>\n<p><\/p>\n<p>The terrified servant did not dare to deny further.<br \/>- To tell the truth, sir, a few Christians have come here during your absence. But they are very small and have arrived half dead of cold and hunger. I warmed them up by the fire and gave them something to eat. They are there, in this barrel, already asleep.<br \/>- Get out of there said the Tartarus in a harsh voice, removing the cover placed on the barrel.<\/p>\n<p><\/p>\n<p>The children get out of their diapers and come in trembling.<br \/>&quot;Give them more to eat and to drink,&quot; said the Tartarus to the servant, &quot;and lead them to the room where the bed is.&quot;<\/p>\n<p><\/p>\n<p>The maid obeyed and then went back down to the kitchen. The Tartarus had put a large pot full of water on the fire and was sharpening his knife. He tells him :<br \/>- Watch these children, and when they sleep, come and tell me.<\/p>\n<p><\/p>\n<p>The maid goes up to the bedroom and finds the children awake.<br \/>&quot;Poor little ones,&quot; she said to them in a low voice, &quot;take great care of yourself; in a little while my wicked master will come up to kill you.<\/p>\n<p><\/p>\n<p>She then goes back down to the kitchen and announces to Tartare that the children are not yet asleep.<\/p>\n<p><\/p>\n<p>However, the three brothers take advice. How to escape? Through the window, no doubt. But it is very high and they have no rope. The cadet says that the bed sheet, securely fastened, can replace the rope, as long as they go down one by one. They thus escape and move away at full speed. The maid comes to the door. She listens ; she looks through the keyhole and neither sees nor hears anything.<\/p>\n<p><\/p>\n<p>The warned Tartarus climbs the stairs, enters the bedroom and stabs the bed as much as he can. In the morning he thinks of preparing his stew and finds the bed empty.<\/p>\n<p><\/p>\n<p>- Where did you put these three lambs?<br \/>- I haven&#039;t touched it and haven&#039;t come back to the bedroom since last night.<br \/>- They left ; but I will catch up with them. Give me my boots right away.<\/p>\n<p><\/p>\n<p>Now when the Tartarus had put on his boots, he was a hundred leagues in a single stride. You think it didn&#039;t take long for him to catch up with the kids. They saw him coming from afar and hid behind a bush. The Tartarus, however, chose a good place to lie down and soon fell asleep.<\/p>\n<p><\/p>\n<p>The children were well acquainted with the virtue of the hundred-league boots and resolved to seize them, as their only means of salvation. They approach the sleeper silently and slowly take off his boots.<\/p>\n<p>Immediately, they take the road to the castle:<br \/>- Here, they say to the servant, we come on behalf of Monsieur to ask you to give us the money which is in the cupboard. It is to pay us for having found his boots that we are bringing you back.<\/p>\n<p><\/p>\n<p>The servant, persuaded by the sight of the boots, gave them the money from the cupboard, with which the three children returned to their house, now rich.<\/p>\n<p><\/p>\n<p>As for the Tartarus, deprived of his boots, he had great difficulty getting home. And you can imagine what his anger and his shame was when he heard that he had been duped by children.<\/p>\n<p><\/p>\t\t\t\t\t\t\t\t<\/div>\n\t\t\t\t<\/div>\n\t\t\t\t\t<\/div>\n\t\t<\/div>\n\t\t\t\t\t<\/div>\n\t\t<\/section>\n\t\t\t\t<\/div>","protected":false},"excerpt":{"rendered":"<p>Mythologie Basque Wiki Voici l&rsquo;histoire du Tartare et les trois enfants. Trois enfants \u00e9taient rest\u00e9s orphelins de p\u00e8re et de &hellip; <\/p>","protected":false},"author":1,"featured_media":0,"parent":1004,"menu_order":0,"comment_status":"closed","ping_status":"closed","template":"","meta":{"footnotes":""},"class_list":["post-1345","page","type-page","status-publish","hentry"],"amp_enabled":true,"_links":{"self":[{"href":"https:\/\/mythslegendes.com\/en\/wp-json\/wp\/v2\/pages\/1345","targetHints":{"allow":["GET"]}}],"collection":[{"href":"https:\/\/mythslegendes.com\/en\/wp-json\/wp\/v2\/pages"}],"about":[{"href":"https:\/\/mythslegendes.com\/en\/wp-json\/wp\/v2\/types\/page"}],"author":[{"embeddable":true,"href":"https:\/\/mythslegendes.com\/en\/wp-json\/wp\/v2\/users\/1"}],"replies":[{"embeddable":true,"href":"https:\/\/mythslegendes.com\/en\/wp-json\/wp\/v2\/comments?post=1345"}],"version-history":[{"count":1,"href":"https:\/\/mythslegendes.com\/en\/wp-json\/wp\/v2\/pages\/1345\/revisions"}],"predecessor-version":[{"id":24718,"href":"https:\/\/mythslegendes.com\/en\/wp-json\/wp\/v2\/pages\/1345\/revisions\/24718"}],"up":[{"embeddable":true,"href":"https:\/\/mythslegendes.com\/en\/wp-json\/wp\/v2\/pages\/1004"}],"wp:attachment":[{"href":"https:\/\/mythslegendes.com\/en\/wp-json\/wp\/v2\/media?parent=1345"}],"curies":[{"name":"wp","href":"https:\/\/api.w.org\/{rel}","templated":true}]}}