{"id":1388,"date":"2020-06-23T15:57:09","date_gmt":"2020-06-23T14:57:09","guid":{"rendered":"https:\/\/mythslegendes.com\/?page_id=1388"},"modified":"2022-12-03T22:07:05","modified_gmt":"2022-12-03T22:07:05","slug":"les-treize-principes-daradia","status":"publish","type":"page","link":"https:\/\/mythslegendes.com\/en\/etruscan-mythology\/the-thirteen-principles-daradia\/","title":{"rendered":"The Thirteen Principles of Aradia"},"content":{"rendered":"<div data-elementor-type=\"wp-page\" data-elementor-id=\"1388\" class=\"elementor elementor-1388\">\n\t\t\t\t\t\t<section class=\"elementor-section elementor-top-section elementor-element elementor-element-a675d64 elementor-section-boxed elementor-section-height-default elementor-section-height-default\" data-id=\"a675d64\" data-element_type=\"section\" data-e-type=\"section\">\n\t\t\t\t\t\t<div class=\"elementor-container elementor-column-gap-default\">\n\t\t\t\t\t<div class=\"elementor-column elementor-col-50 elementor-top-column elementor-element elementor-element-a23a404\" data-id=\"a23a404\" data-element_type=\"column\" data-e-type=\"column\">\n\t\t\t<div class=\"elementor-widget-wrap elementor-element-populated\">\n\t\t\t\t\t\t<div class=\"elementor-element elementor-element-323463f elementor-align-justify elementor-widget elementor-widget-button\" data-id=\"323463f\" data-element_type=\"widget\" data-e-type=\"widget\" data-widget_type=\"button.default\">\n\t\t\t\t<div class=\"elementor-widget-container\">\n\t\t\t\t\t\t\t\t\t<div class=\"elementor-button-wrapper\">\n\t\t\t\t\t<a class=\"elementor-button elementor-button-link elementor-size-sm\" href=\"https:\/\/mythslegendes.com\/en\/etruscan-mythology\/\">\n\t\t\t\t\t\t<span class=\"elementor-button-content-wrapper\">\n\t\t\t\t\t\t\t\t\t<span class=\"elementor-button-text\">Etruscan mythology<\/span>\n\t\t\t\t\t<\/span>\n\t\t\t\t\t<\/a>\n\t\t\t\t<\/div>\n\t\t\t\t\t\t\t\t<\/div>\n\t\t\t\t<\/div>\n\t\t\t\t\t<\/div>\n\t\t<\/div>\n\t\t\t\t<div class=\"elementor-column elementor-col-50 elementor-top-column elementor-element elementor-element-2a2aa18\" data-id=\"2a2aa18\" data-element_type=\"column\" data-e-type=\"column\">\n\t\t\t<div class=\"elementor-widget-wrap elementor-element-populated\">\n\t\t\t\t\t\t<div class=\"elementor-element elementor-element-8865bb8 elementor-align-justify elementor-widget elementor-widget-button\" data-id=\"8865bb8\" data-element_type=\"widget\" data-e-type=\"widget\" data-widget_type=\"button.default\">\n\t\t\t\t<div class=\"elementor-widget-container\">\n\t\t\t\t\t\t\t\t\t<div class=\"elementor-button-wrapper\">\n\t\t\t\t\t<a class=\"elementor-button elementor-button-link elementor-size-sm\" href=\"https:\/\/fr.wikipedia.org\/wiki\/Aradia,_or_the_Gospel_of_the_Witches\" target=\"_blank\" rel=\"noopener\">\n\t\t\t\t\t\t<span class=\"elementor-button-content-wrapper\">\n\t\t\t\t\t\t\t\t\t<span class=\"elementor-button-text\">Wiki<\/span>\n\t\t\t\t\t<\/span>\n\t\t\t\t\t<\/a>\n\t\t\t\t<\/div>\n\t\t\t\t\t\t\t\t<\/div>\n\t\t\t\t<\/div>\n\t\t\t\t\t<\/div>\n\t\t<\/div>\n\t\t\t\t\t<\/div>\n\t\t<\/section>\n\t\t\t\t<section class=\"elementor-section elementor-top-section elementor-element elementor-element-3b686c43 elementor-section-boxed elementor-section-height-default elementor-section-height-default\" data-id=\"3b686c43\" data-element_type=\"section\" data-e-type=\"section\">\n\t\t\t\t\t\t<div class=\"elementor-container elementor-column-gap-default\">\n\t\t\t\t\t<div class=\"elementor-column elementor-col-100 elementor-top-column elementor-element elementor-element-74d24746\" data-id=\"74d24746\" data-element_type=\"column\" data-e-type=\"column\">\n\t\t\t<div class=\"elementor-widget-wrap elementor-element-populated\">\n\t\t\t\t\t\t<div class=\"elementor-element elementor-element-17fd6dd2 elementor-widget elementor-widget-text-editor\" data-id=\"17fd6dd2\" data-element_type=\"widget\" data-e-type=\"widget\" data-widget_type=\"text-editor.default\">\n\t\t\t\t<div class=\"elementor-widget-container\">\n\t\t\t\t\t\t\t\t\t\n<p>Voici treize principes tels qu&rsquo;enseign\u00e9s par Aradia, qui vous en apprendront beaucoup sur la croyance pa\u00efenne de la Vecchia Religione telle quelle fut autrefois et comme elle l&rsquo;est encore aujourd&rsquo;hui.<\/p>\n<p><img decoding=\"async\" class=\"alignnone wp-image-5284 size-full\" src=\"https:\/\/mythslegendes.com\/wp-content\/uploads\/2020\/09\/AlphaOmega-e1602613368367.png\" alt=\"The Thirteen Aradia Principles\" width=\"25\" height=\"26\" title=\"\"><\/p>\n<div id=\"ez-toc-container\" class=\"ez-toc-v2_0_82_2 counter-hierarchy ez-toc-counter ez-toc-grey ez-toc-container-direction\">\n<div class=\"ez-toc-title-container\">\n<p class=\"ez-toc-title\" style=\"cursor:inherit\">Contents<\/p>\n<span class=\"ez-toc-title-toggle\"><a href=\"#\" class=\"ez-toc-pull-right ez-toc-btn ez-toc-btn-xs ez-toc-btn-default ez-toc-toggle\" aria-label=\"Toggle Table of Content\"><span class=\"ez-toc-js-icon-con\"><span class=\"\"><span class=\"eztoc-hide\" style=\"display:none;\">Toggle<\/span><span class=\"ez-toc-icon-toggle-span\"><svg style=\"fill: #999;color:#999\" xmlns=\"http:\/\/www.w3.org\/2000\/svg\" class=\"list-377408\" width=\"20px\" height=\"20px\" viewbox=\"0 0 24 24\" fill=\"none\"><path d=\"M6 6H4v2h2V6zm14 0H8v2h12V6zM4 11h2v2H4v-2zm16 0H8v2h12v-2zM4 16h2v2H4v-2zm16 0H8v2h12v-2z\" fill=\"currentColor\"><\/path><\/svg><svg style=\"fill: #999;color:#999\" class=\"arrow-unsorted-368013\" xmlns=\"http:\/\/www.w3.org\/2000\/svg\" width=\"10px\" height=\"10px\" viewbox=\"0 0 24 24\" version=\"1.2\" baseprofile=\"tiny\"><path d=\"M18.2 9.3l-6.2-6.3-6.2 6.3c-.2.2-.3.4-.3.7s.1.5.3.7c.2.2.4.3.7.3h11c.3 0 .5-.1.7-.3.2-.2.3-.5.3-.7s-.1-.5-.3-.7zM5.8 14.7l6.2 6.3 6.2-6.3c.2-.2.3-.5.3-.7s-.1-.5-.3-.7c-.2-.2-.4-.3-.7-.3h-11c-.3 0-.5.1-.7.3-.2.2-.3.5-.3.7s.1.5.3.7z\"\/><\/svg><\/span><\/span><\/span><\/a><\/span><\/div>\n<nav><ul class='ez-toc-list ez-toc-list-level-1' ><li class='ez-toc-page-1 ez-toc-heading-level-2'><a class=\"ez-toc-link ez-toc-heading-1\" href=\"https:\/\/mythslegendes.com\/en\/etruscan-mythology\/the-thirteen-principles-daradia\/#Les-treize-principes\" >The Thirteen Principles<\/a><\/li><\/ul><\/nav><\/div>\n<h2><span class=\"ez-toc-section\" id=\"Les-treize-principes\"><\/span>The Thirteen Principles<span class=\"ez-toc-section-end\"><\/span><\/h2>\n<p>Voici la liste des treize principes d&rsquo;Aradia :<\/p>\n\n<p>We believe that the Source of All Things, the Great Spirit, is both masculine and feminine in nature.<\/p>\n\n<p>Nous croyons que les humains portent en eux l&rsquo;\u00e9tincelle divine de leurs Cr\u00e9ateurs et qu&rsquo;ils sont en r\u00e9alit\u00e9 des \u00eatres temporairement de mati\u00e8res physiques.<\/p>\n\n<p>Nous croyons en la R\u00e9incarnation et la voyons comme un processus \u00e0 entamer pour lib\u00e9rer l&rsquo;\u00e2me de la dimension physique.<\/p>\n\n<p>We believe in psychic faculties and see the &quot;supernatural&quot; as a natural thing, outlawed by Judaic and Christian cultures, but restored through the practice of the Old Religion.<\/p>\n\n<p>Nous croyons que la magie est une manifestation de l&rsquo;\u00e9nergie dirig\u00e9e par l&rsquo;esprit gr\u00e2ce \u00e0 diff\u00e9rentes techniques anciennes.<\/p>\n\n<p>We believe in other dimensions, worlds, spheres, realities and immaterial creatures, such as fairies.<\/p>\n\n<p>Nous croyons en la Loi d&rsquo;Action-R\u00e9action. Laquelle dit que ce que nous faisons influence et affecte autrui et ce que font les autres nous influencent et nous affectent. Par cons\u00e9quent, nous faisons tout ce qui est entre notre pouvoir pour vivre en harmonie et en paix avec tout ce qui nous entoure, ce qui implique que nous faisons attention \u00e0 nos pens\u00e9es et \u00e0 nos gestes.<\/p>\n\n<p>Nous croyons au Karma, c&rsquo;est-\u00e0-dire en la responsabilit\u00e9 de chacun et aux cons\u00e9quences de nos actes.<\/p>\n\n<p>Nous croyons en l&rsquo;Amour, la Vie et l&rsquo;Harmonie, ces trois valeurs sont le fondement de notre croyance et de notre spiritualit\u00e9.<\/p>\n\n<p>Nous croyons en l&rsquo;expression des croyances religieuses \u00e0 travers les rites, c\u00e9r\u00e9monies, f\u00eates et festivals.<\/p>\n\n<p>Nous croyons \u00e0 l&rsquo;\u00c9nergie de la Terre, ce qui veut dire que nous reconnaissons qu&rsquo;il existe des endroits de puissance, de pouvoir naturel sur Terre, ainsi qu&rsquo;aux propri\u00e9t\u00e9s magiques et m\u00e9dicinales d&rsquo;objets naturels, tels que les plantes et les cristaux.<\/p>\n\n<p>Nous croyons que l&rsquo;esprit \u00e9volue toujours avec succ\u00e8s, donc que la mort est une \u00e9tape de la vie positive, tout comme nous croyons en un au-del\u00e0 positif et heureux, sans qu&rsquo;il s&rsquo;agisse d&rsquo;un \u00abparadis\u00bb tel que celui dont parle les juifs et les chr\u00e9tiens.<\/p>\n\n<p>Nous croyons que toutes choses existantes sont d&rsquo;\u00e9gale importance, puisque tout est li\u00e9 et reli\u00e9 dans le grand cycle de la vie.<\/p>\n\t\t\t\t\t\t\t\t<\/div>\n\t\t\t\t<\/div>\n\t\t\t\t\t<\/div>\n\t\t<\/div>\n\t\t\t\t\t<\/div>\n\t\t<\/section>\n\t\t\t\t<\/div>","protected":false},"excerpt":{"rendered":"<p>Mythologie Etrusque Wiki Voici treize principes tels qu&rsquo;enseign\u00e9s par Aradia, qui vous en apprendront beaucoup sur la croyance pa\u00efenne de &hellip; <\/p>","protected":false},"author":1,"featured_media":0,"parent":1366,"menu_order":0,"comment_status":"closed","ping_status":"closed","template":"","meta":{"footnotes":""},"class_list":["post-1388","page","type-page","status-publish","hentry"],"amp_enabled":true,"_links":{"self":[{"href":"https:\/\/mythslegendes.com\/en\/wp-json\/wp\/v2\/pages\/1388","targetHints":{"allow":["GET"]}}],"collection":[{"href":"https:\/\/mythslegendes.com\/en\/wp-json\/wp\/v2\/pages"}],"about":[{"href":"https:\/\/mythslegendes.com\/en\/wp-json\/wp\/v2\/types\/page"}],"author":[{"embeddable":true,"href":"https:\/\/mythslegendes.com\/en\/wp-json\/wp\/v2\/users\/1"}],"replies":[{"embeddable":true,"href":"https:\/\/mythslegendes.com\/en\/wp-json\/wp\/v2\/comments?post=1388"}],"version-history":[{"count":1,"href":"https:\/\/mythslegendes.com\/en\/wp-json\/wp\/v2\/pages\/1388\/revisions"}],"predecessor-version":[{"id":24724,"href":"https:\/\/mythslegendes.com\/en\/wp-json\/wp\/v2\/pages\/1388\/revisions\/24724"}],"up":[{"embeddable":true,"href":"https:\/\/mythslegendes.com\/en\/wp-json\/wp\/v2\/pages\/1366"}],"wp:attachment":[{"href":"https:\/\/mythslegendes.com\/en\/wp-json\/wp\/v2\/media?parent=1388"}],"curies":[{"name":"wp","href":"https:\/\/api.w.org\/{rel}","templated":true}]}}