{"id":210,"date":"2019-10-11T17:24:20","date_gmt":"2019-10-11T16:24:20","guid":{"rendered":"https:\/\/mythslegendes.com\/?page_id=210"},"modified":"2021-04-15T10:50:09","modified_gmt":"2021-04-15T10:50:09","slug":"divers-mythologie-bretonne","status":"publish","type":"page","link":"https:\/\/mythslegendes.com\/en\/breton-mythology\/miscellaneous-breton-mythology\/","title":{"rendered":"Miscellaneous (Breton mythology)"},"content":{"rendered":"<div id=\"ez-toc-container\" class=\"ez-toc-v2_0_82_2 counter-hierarchy ez-toc-counter ez-toc-grey ez-toc-container-direction\">\n<div class=\"ez-toc-title-container\">\n<p class=\"ez-toc-title\" style=\"cursor:inherit\">Contents<\/p>\n<span class=\"ez-toc-title-toggle\"><a href=\"#\" class=\"ez-toc-pull-right ez-toc-btn ez-toc-btn-xs ez-toc-btn-default ez-toc-toggle\" aria-label=\"Toggle Table of Content\"><span class=\"ez-toc-js-icon-con\"><span class=\"\"><span class=\"eztoc-hide\" style=\"display:none;\">Toggle<\/span><span class=\"ez-toc-icon-toggle-span\"><svg style=\"fill: #999;color:#999\" xmlns=\"http:\/\/www.w3.org\/2000\/svg\" class=\"list-377408\" width=\"20px\" height=\"20px\" viewbox=\"0 0 24 24\" fill=\"none\"><path d=\"M6 6H4v2h2V6zm14 0H8v2h12V6zM4 11h2v2H4v-2zm16 0H8v2h12v-2zM4 16h2v2H4v-2zm16 0H8v2h12v-2z\" fill=\"currentColor\"><\/path><\/svg><svg style=\"fill: #999;color:#999\" class=\"arrow-unsorted-368013\" xmlns=\"http:\/\/www.w3.org\/2000\/svg\" width=\"10px\" height=\"10px\" viewbox=\"0 0 24 24\" version=\"1.2\" baseprofile=\"tiny\"><path d=\"M18.2 9.3l-6.2-6.3-6.2 6.3c-.2.2-.3.4-.3.7s.1.5.3.7c.2.2.4.3.7.3h11c.3 0 .5-.1.7-.3.2-.2.3-.5.3-.7s-.1-.5-.3-.7zM5.8 14.7l6.2 6.3 6.2-6.3c.2-.2.3-.5.3-.7s-.1-.5-.3-.7c-.2-.2-.4-.3-.7-.3h-11c-.3 0-.5.1-.7.3-.2.2-.3.5-.3.7s.1.5.3.7z\"\/><\/svg><\/span><\/span><\/span><\/a><\/span><\/div>\n<nav><ul class='ez-toc-list ez-toc-list-level-1' ><li class='ez-toc-page-1 ez-toc-heading-level-2'><a class=\"ez-toc-link ez-toc-heading-1\" href=\"https:\/\/mythslegendes.com\/en\/breton-mythology\/miscellaneous-breton-mythology\/#Legendes-diverses-de-Bretagne\" >Various legends of Brittany<\/a><\/li><li class='ez-toc-page-1 ez-toc-heading-level-2'><a class=\"ez-toc-link ez-toc-heading-2\" href=\"https:\/\/mythslegendes.com\/en\/breton-mythology\/miscellaneous-breton-mythology\/#Legendes-diverses-dEcosse\" >Miscellaneous legends of Scotland<\/a><\/li><li class='ez-toc-page-1 ez-toc-heading-level-2'><a class=\"ez-toc-link ez-toc-heading-3\" href=\"https:\/\/mythslegendes.com\/en\/breton-mythology\/miscellaneous-breton-mythology\/#La-princesse-aux-cheveux-dor\" >The Golden Haired Princess<\/a><\/li><li class='ez-toc-page-1 ez-toc-heading-level-2'><a class=\"ez-toc-link ez-toc-heading-4\" href=\"https:\/\/mythslegendes.com\/en\/breton-mythology\/miscellaneous-breton-mythology\/#Le-mythe-de-Psyche\" >The myth of Psyche<\/a><\/li><li class='ez-toc-page-1 ez-toc-heading-level-2'><a class=\"ez-toc-link ez-toc-heading-5\" href=\"https:\/\/mythslegendes.com\/en\/breton-mythology\/miscellaneous-breton-mythology\/#Bestiaire-particularite-de-Bretagne\" >Bestiary (particularity of Brittany)<\/a><\/li><\/ul><\/nav><\/div>\n<h2 class=\"wp-block-heading\"><span class=\"ez-toc-section\" id=\"Legendes-diverses-de-Bretagne\"><\/span>Various legends of Brittany<span class=\"ez-toc-section-end\"><\/span><\/h2>\n\n\n\n<ul class=\"wp-block-list\"><li><strong><a href=\"https:\/\/mythslegendes.com\/en\/\">The morgans of the island of Ouessant<\/a><\/strong><\/li><li><strong><a href=\"https:\/\/mythslegendes.com\/en\/\">The Prophecy of Gwenc&#039;Hlan<\/a><\/strong><\/li><li><strong><a href=\"https:\/\/mythslegendes.com\/en\/\">Perronik the idiot<\/a><\/strong><\/li><li><strong><a href=\"https:\/\/mythslegendes.com\/en\/\">The Petrified of Brehat<\/a><\/strong><\/li><li><strong><a href=\"https:\/\/mythslegendes.com\/en\/\">Cat&#039;s Gold<\/a><\/strong><\/li><li><strong><a href=\"https:\/\/mythslegendes.com\/en\/\">The Fountain of Barenton<\/a><\/strong><\/li><li><strong><a href=\"https:\/\/mythslegendes.com\/en\/\">Ankou<\/a><\/strong><\/li><li><strong><a href=\"https:\/\/mythslegendes.com\/en\/\">King Dalmar<\/a><\/strong><\/li><li><strong><a href=\"https:\/\/mythslegendes.com\/en\/\">Youenn Kerm\u00e9nou<\/a><\/strong><\/li><li><strong><a href=\"https:\/\/mythslegendes.com\/en\/\">The Body-Without-Soul<\/a><\/strong><\/li><\/ul>\n\n\n\n<h2 class=\"wp-block-heading\"><span class=\"ez-toc-section\" id=\"Legendes-diverses-dEcosse\"><\/span>Miscellaneous legends of Scotland<span class=\"ez-toc-section-end\"><\/span><\/h2>\n\n\n\n<ul class=\"wp-block-list\"><li><strong><a href=\"https:\/\/mythslegendes.com\/en\/breton-mythology\/miscellaneous-breton-mythology\/le-dit-des-rois-decosse\/\">The Tale of the Kings of Scotland<\/a><\/strong><\/li><li><strong>The Dean of Lismore<\/strong><\/li><li><strong><a href=\"https:\/\/mythslegendes.com\/en\/breton-mythology\/miscellaneous-breton-mythology\/laments-of-deirdre\/\">Deirdre&#039;s Lamentations<\/a><\/strong><\/li><li><strong>The Death of Fraoch<\/strong><\/li><li><strong>The Death of Carill<\/strong><\/li><\/ul>\n\n\n\n<h2 class=\"wp-block-heading\"><span class=\"ez-toc-section\" id=\"La-princesse-aux-cheveux-dor\"><\/span>The Golden Haired Princess<span class=\"ez-toc-section-end\"><\/span><\/h2>\n\n\n\n<ul class=\"wp-block-list\"><li><strong><a href=\"https:\/\/mythslegendes.com\/en\/\">N&#039;oun-Doare<\/a><\/strong><\/li><li><strong><a href=\"https:\/\/mythslegendes.com\/en\/\">The Fourteen Mares And The Horse Of The World<\/a><\/strong><\/li><li><strong><a href=\"https:\/\/mythslegendes.com\/en\/\">The Blond Princess<\/a><\/strong><\/li><li><strong><a href=\"https:\/\/mythslegendes.com\/en\/\">The Princess of the Shining Star<\/a><\/strong><\/li><li><strong><a href=\"https:\/\/mythslegendes.com\/en\/\">The Princess of the Enchanted Palace<\/a><\/strong><\/li><li><strong><a href=\"https:\/\/mythslegendes.com\/en\/\">Princess Tro\u00efol<\/a><\/strong><\/li><li><strong><a href=\"https:\/\/mythslegendes.com\/en\/\">The Magician Ferragio<\/a><\/strong><\/li><\/ul>\n\n\n\n<h2 class=\"wp-block-heading\"><span class=\"ez-toc-section\" id=\"Le-mythe-de-Psyche\"><\/span>The myth of Psyche<span class=\"ez-toc-section-end\"><\/span><\/h2>\n\n\n\n<ul class=\"wp-block-list\"><li><strong><a href=\"https:\/\/mythslegendes.com\/en\/\">The Wild Sow<\/a><\/strong><\/li><li><strong><a href=\"https:\/\/mythslegendes.com\/en\/\">The Foal-Man<\/a><\/strong><\/li><li><strong><a href=\"https:\/\/mythslegendes.com\/en\/\">The Gray Wolf&#039;s Wife<\/a><\/strong><\/li><li><strong><a href=\"https:\/\/mythslegendes.com\/en\/\">The Pot Man<\/a><\/strong><\/li><li><strong><a href=\"https:\/\/mythslegendes.com\/en\/\">The Toad Man<\/a><\/strong><\/li><\/ul>\n\n\n\n<h2 class=\"wp-block-heading\"><span class=\"ez-toc-section\" id=\"Bestiaire-particularite-de-Bretagne\"><\/span>Bestiary (particularity of Brittany)<span class=\"ez-toc-section-end\"><\/span><\/h2>\n\n\n\n<ul class=\"wp-block-list\"><li><a href=\"https:\/\/mythslegendes.com\/en\/breton-mythology\/miscellaneous-breton-mythology\/korrigan\/\"><strong>Korrigan<\/strong><\/a><\/li><\/ul>","protected":false},"excerpt":{"rendered":"<p>L\u00e9gendes diverses de Bretagne Les morgans de l&rsquo;\u00eele d&rsquo;Ouessant La Proph\u00e9tie de Gwenc&rsquo;Hlan Perronik l&rsquo;idiot Les p\u00e9trifi\u00e9s de Brehat L&rsquo;Or &hellip; <\/p>","protected":false},"author":1,"featured_media":21,"parent":96,"menu_order":0,"comment_status":"closed","ping_status":"closed","template":"","meta":{"footnotes":""},"class_list":["post-210","page","type-page","status-publish","has-post-thumbnail","hentry"],"amp_enabled":true,"_links":{"self":[{"href":"https:\/\/mythslegendes.com\/en\/wp-json\/wp\/v2\/pages\/210","targetHints":{"allow":["GET"]}}],"collection":[{"href":"https:\/\/mythslegendes.com\/en\/wp-json\/wp\/v2\/pages"}],"about":[{"href":"https:\/\/mythslegendes.com\/en\/wp-json\/wp\/v2\/types\/page"}],"author":[{"embeddable":true,"href":"https:\/\/mythslegendes.com\/en\/wp-json\/wp\/v2\/users\/1"}],"replies":[{"embeddable":true,"href":"https:\/\/mythslegendes.com\/en\/wp-json\/wp\/v2\/comments?post=210"}],"version-history":[{"count":0,"href":"https:\/\/mythslegendes.com\/en\/wp-json\/wp\/v2\/pages\/210\/revisions"}],"up":[{"embeddable":true,"href":"https:\/\/mythslegendes.com\/en\/wp-json\/wp\/v2\/pages\/96"}],"wp:featuredmedia":[{"embeddable":true,"href":"https:\/\/mythslegendes.com\/en\/wp-json\/wp\/v2\/media\/21"}],"wp:attachment":[{"href":"https:\/\/mythslegendes.com\/en\/wp-json\/wp\/v2\/media?parent=210"}],"curies":[{"name":"wp","href":"https:\/\/api.w.org\/{rel}","templated":true}]}}