{"id":21924,"date":"2022-08-03T17:52:48","date_gmt":"2022-08-03T17:52:48","guid":{"rendered":"https:\/\/mythslegendes.com\/?page_id=21924"},"modified":"2022-08-03T17:59:13","modified_gmt":"2022-08-03T17:59:13","slug":"rituels-tokelau","status":"publish","type":"page","link":"https:\/\/mythslegendes.com\/en\/tokelau-mythology\/rituals-tokelau\/","title":{"rendered":"Rituals Tokelau"},"content":{"rendered":"\t\t<div data-elementor-type=\"wp-page\" data-elementor-id=\"21924\" class=\"elementor elementor-21924\">\n\t\t\t\t\t\t<section class=\"elementor-section elementor-top-section elementor-element elementor-element-ee52843 elementor-section-boxed elementor-section-height-default elementor-section-height-default\" data-id=\"ee52843\" data-element_type=\"section\" data-e-type=\"section\">\n\t\t\t\t\t\t<div class=\"elementor-container elementor-column-gap-default\">\n\t\t\t\t\t<div class=\"elementor-column elementor-col-50 elementor-top-column elementor-element elementor-element-a4b32c7\" data-id=\"a4b32c7\" data-element_type=\"column\" data-e-type=\"column\">\n\t\t\t<div class=\"elementor-widget-wrap elementor-element-populated\">\n\t\t\t\t\t\t<div class=\"elementor-element elementor-element-ac1edec elementor-align-justify elementor-widget elementor-widget-button\" data-id=\"ac1edec\" data-element_type=\"widget\" data-e-type=\"widget\" data-widget_type=\"button.default\">\n\t\t\t\t<div class=\"elementor-widget-container\">\n\t\t\t\t\t\t\t\t\t<div class=\"elementor-button-wrapper\">\n\t\t\t\t\t<a class=\"elementor-button elementor-button-link elementor-size-sm\" href=\"https:\/\/mythslegendes.com\/mythologie-tokelau\/\">\n\t\t\t\t\t\t<span class=\"elementor-button-content-wrapper\">\n\t\t\t\t\t\t\t\t\t<span class=\"elementor-button-text\">Mythologie Tokelau<\/span>\n\t\t\t\t\t<\/span>\n\t\t\t\t\t<\/a>\n\t\t\t\t<\/div>\n\t\t\t\t\t\t\t\t<\/div>\n\t\t\t\t<\/div>\n\t\t\t\t\t<\/div>\n\t\t<\/div>\n\t\t\t\t<div class=\"elementor-column elementor-col-50 elementor-top-column elementor-element elementor-element-1cdcc8a\" data-id=\"1cdcc8a\" data-element_type=\"column\" data-e-type=\"column\">\n\t\t\t<div class=\"elementor-widget-wrap elementor-element-populated\">\n\t\t\t\t\t\t<div class=\"elementor-element elementor-element-eac9a1b elementor-align-justify elementor-widget elementor-widget-button\" data-id=\"eac9a1b\" data-element_type=\"widget\" data-e-type=\"widget\" data-widget_type=\"button.default\">\n\t\t\t\t<div class=\"elementor-widget-container\">\n\t\t\t\t\t\t\t\t\t<div class=\"elementor-button-wrapper\">\n\t\t\t\t\t<a class=\"elementor-button elementor-button-link elementor-size-sm\" href=\"https:\/\/nzetc.victoria.ac.nz\/tm\/scholarly\/tei-MacToke-t1-body-d1-d4.html\" target=\"_blank\" rel=\"noopener\">\n\t\t\t\t\t\t<span class=\"elementor-button-content-wrapper\">\n\t\t\t\t\t\t\t\t\t<span class=\"elementor-button-text\">Wiki<\/span>\n\t\t\t\t\t<\/span>\n\t\t\t\t\t<\/a>\n\t\t\t\t<\/div>\n\t\t\t\t\t\t\t\t<\/div>\n\t\t\t\t<\/div>\n\t\t\t\t\t<\/div>\n\t\t<\/div>\n\t\t\t\t\t<\/div>\n\t\t<\/section>\n\t\t\t\t<section class=\"elementor-section elementor-top-section elementor-element elementor-element-b359f18 elementor-section-boxed elementor-section-height-default elementor-section-height-default\" data-id=\"b359f18\" data-element_type=\"section\" data-e-type=\"section\">\n\t\t\t\t\t\t<div class=\"elementor-container elementor-column-gap-default\">\n\t\t\t\t\t<div class=\"elementor-column elementor-col-100 elementor-top-column elementor-element elementor-element-606bb29\" data-id=\"606bb29\" data-element_type=\"column\" data-e-type=\"column\">\n\t\t\t<div class=\"elementor-widget-wrap elementor-element-populated\">\n\t\t\t\t\t\t<div class=\"elementor-element elementor-element-cfc9063 elementor-widget elementor-widget-text-editor\" data-id=\"cfc9063\" data-element_type=\"widget\" data-e-type=\"widget\" data-widget_type=\"text-editor.default\">\n\t\t\t\t<div class=\"elementor-widget-container\">\n\t\t\t\t\t\t\t\t\t<p>Les rituels <a href=\"https:\/\/mythslegendes.com\/en\/tokelau-mythology\/\">Tokelau<\/a> \u00e9taient tr\u00e8s l\u00e9ger et presque enti\u00e8rement confin\u00e9 \u00e0 une c\u00e9r\u00e9monie annuelle \u00e0 la divinit\u00e9 supr\u00eame. La communication avait lieu avec les esprits ancestraux. Les esprits de la nature abondaient dans les bois et la mer.<\/p><p><img decoding=\"async\" class=\"alignnone wp-image-9347 size-full\" src=\"http:\/\/mythslegendes.com\/wp-content\/uploads\/2020\/09\/cropped-AlphaOmega-e1602613368367.png\" alt=\"rituels Tokelau\" width=\"25\" height=\"25\" title=\"\"><\/p>\t\t\t\t\t\t\t\t<\/div>\n\t\t\t\t<\/div>\n\t\t\t\t\t<\/div>\n\t\t<\/div>\n\t\t\t\t\t<\/div>\n\t\t<\/section>\n\t\t\t\t<section class=\"elementor-section elementor-top-section elementor-element elementor-element-22d42a4 elementor-section-boxed elementor-section-height-default elementor-section-height-default\" data-id=\"22d42a4\" data-element_type=\"section\" data-e-type=\"section\">\n\t\t\t\t\t\t<div class=\"elementor-container elementor-column-gap-default\">\n\t\t\t\t\t<div class=\"elementor-column elementor-col-100 elementor-top-column elementor-element elementor-element-13c133f\" data-id=\"13c133f\" data-element_type=\"column\" data-e-type=\"column\">\n\t\t\t<div class=\"elementor-widget-wrap elementor-element-populated\">\n\t\t\t\t\t\t<div class=\"elementor-element elementor-element-e39de9a elementor-widget elementor-widget-heading\" data-id=\"e39de9a\" data-element_type=\"widget\" data-e-type=\"widget\" data-widget_type=\"heading.default\">\n\t\t\t\t<div class=\"elementor-widget-container\">\n\t\t\t\t\t<div id=\"ez-toc-container\" class=\"ez-toc-v2_0_82_2 counter-hierarchy ez-toc-counter ez-toc-grey ez-toc-container-direction\">\n<div class=\"ez-toc-title-container\">\n<p class=\"ez-toc-title\" style=\"cursor:inherit\">Contenus<\/p>\n<span class=\"ez-toc-title-toggle\"><a href=\"#\" class=\"ez-toc-pull-right ez-toc-btn ez-toc-btn-xs ez-toc-btn-default ez-toc-toggle\" aria-label=\"Toggle Table of Content\"><span class=\"ez-toc-js-icon-con\"><span class=\"\"><span class=\"eztoc-hide\" style=\"display:none;\">Toggle<\/span><span class=\"ez-toc-icon-toggle-span\"><svg style=\"fill: #999;color:#999\" xmlns=\"http:\/\/www.w3.org\/2000\/svg\" class=\"list-377408\" width=\"20px\" height=\"20px\" viewBox=\"0 0 24 24\" fill=\"none\"><path d=\"M6 6H4v2h2V6zm14 0H8v2h12V6zM4 11h2v2H4v-2zm16 0H8v2h12v-2zM4 16h2v2H4v-2zm16 0H8v2h12v-2z\" fill=\"currentColor\"><\/path><\/svg><svg style=\"fill: #999;color:#999\" class=\"arrow-unsorted-368013\" xmlns=\"http:\/\/www.w3.org\/2000\/svg\" width=\"10px\" height=\"10px\" viewBox=\"0 0 24 24\" version=\"1.2\" baseProfile=\"tiny\"><path d=\"M18.2 9.3l-6.2-6.3-6.2 6.3c-.2.2-.3.4-.3.7s.1.5.3.7c.2.2.4.3.7.3h11c.3 0 .5-.1.7-.3.2-.2.3-.5.3-.7s-.1-.5-.3-.7zM5.8 14.7l6.2 6.3 6.2-6.3c.2-.2.3-.5.3-.7s-.1-.5-.3-.7c-.2-.2-.4-.3-.7-.3h-11c-.3 0-.5.1-.7.3-.2.2-.3.5-.3.7s.1.5.3.7z\"\/><\/svg><\/span><\/span><\/span><\/a><\/span><\/div>\n<nav><ul class='ez-toc-list ez-toc-list-level-1 ' ><li class='ez-toc-page-1 ez-toc-heading-level-2'><a class=\"ez-toc-link ez-toc-heading-1\" href=\"https:\/\/mythslegendes.com\/en\/tokelau-mythology\/rituals-tokelau\/#Rituels-Tokelau-ceremonie-annuelle\" >Rituels Tokelau : c\u00e9r\u00e9monie annuelle<\/a><\/li><li class='ez-toc-page-1 ez-toc-heading-level-2'><a class=\"ez-toc-link ez-toc-heading-2\" href=\"https:\/\/mythslegendes.com\/en\/tokelau-mythology\/rituals-tokelau\/#Rituels-Tokelau-priere-a-Tui-Tokelau\" >Rituels Tokelau : pri\u00e8re \u00e0 Tui Tokelau<\/a><\/li><li class='ez-toc-page-1 ez-toc-heading-level-2'><a class=\"ez-toc-link ez-toc-heading-3\" href=\"https:\/\/mythslegendes.com\/en\/tokelau-mythology\/rituals-tokelau\/#Rituels-Tokelau-la-terre-des-morts\" >Rituels Tokelau : la terre des morts<\/a><\/li><\/ul><\/nav><\/div>\n<h2 class=\"elementor-heading-title elementor-size-default\"><span class=\"ez-toc-section\" id=\"Rituels-Tokelau-ceremonie-annuelle\"><\/span>Rituels Tokelau : c\u00e9r\u00e9monie annuelle<span class=\"ez-toc-section-end\"><\/span><\/h2>\t\t\t\t<\/div>\n\t\t\t\t<\/div>\n\t\t\t\t\t<\/div>\n\t\t<\/div>\n\t\t\t\t\t<\/div>\n\t\t<\/section>\n\t\t\t\t<section class=\"elementor-section elementor-top-section elementor-element elementor-element-5f76ab0 elementor-section-boxed elementor-section-height-default elementor-section-height-default\" data-id=\"5f76ab0\" data-element_type=\"section\" data-e-type=\"section\">\n\t\t\t\t\t\t<div class=\"elementor-container elementor-column-gap-default\">\n\t\t\t\t\t<div class=\"elementor-column elementor-col-100 elementor-top-column elementor-element elementor-element-8ee673d\" data-id=\"8ee673d\" data-element_type=\"column\" data-e-type=\"column\">\n\t\t\t<div class=\"elementor-widget-wrap elementor-element-populated\">\n\t\t\t\t\t\t<div class=\"elementor-element elementor-element-dbe7361 elementor-widget elementor-widget-text-editor\" data-id=\"dbe7361\" data-element_type=\"widget\" data-e-type=\"widget\" data-widget_type=\"text-editor.default\">\n\t\t\t\t<div class=\"elementor-widget-container\">\n\t\t\t\t\t\t\t\t\t<p>En mai de chaque ann\u00e9e, le grand pr\u00eatre de Fakaofu r\u00e9servait quatre semaines au culte de Tui Tokelau et nommait des \u00e9missaires pour annoncer l&rsquo;heure aux autres \u00eeles. L&rsquo;heure \u00e9tait d\u00e9termin\u00e9e par le lever de la pleine lune en juin, qui d\u00e9terminait \u00e9galement l&rsquo;heure du culte de Tangaloa aux Samoa. Apr\u00e8s l&rsquo;annonce, tous les biens ont \u00e9t\u00e9 r\u00e9par\u00e9s et rang\u00e9s. Les maisons ont \u00e9t\u00e9 recouvertes de chaume et balay\u00e9es, les canots r\u00e9par\u00e9s et de nouveaux v\u00eatements ont \u00e9t\u00e9 tress\u00e9s.\u00a0<\/p><p>Des bandes de jeunes ramassaient les d\u00e9bris des malae du village et les jetaient \u00e0 la mer. Lorsque les m\u00e9nages et les terres furent en ordre, le conseil du village d\u00e9clara que les deux semaines suivantes devaient \u00eatre consacr\u00e9es \u00e0 la collecte de nourriture. Pendant sept jours, tous les hommes et femmes actifs ont cueilli des noix de coco et des fruits de fala pandanus dans leurs plantations. Les sept jours suivants sont consacr\u00e9s \u00e0 la p\u00eache et toutes les pirogues du village partent en mer.\u00a0<\/p><p>Les hommes \u00e0 la maison p\u00eachaient avec leurs filets et les femmes ratissaient les r\u00e9cifs \u00e0 la recherche de calmars et de coquillages. Dans les cuisines, les jeunes gens et les vieilles femmes pr\u00e9paraient de simples puddings \u00e0 la noix de coco et au fala pandanus, et faisaient griller et s\u00e9cher le poisson au soleil.<\/p><p>De nombreux nouveaux tapis, des pendentifs en nacre, les moiti\u00e9s inutilis\u00e9es des coquilles transform\u00e9es en jarrets de bonite, des jupes en pandanus malo et en feuille de cocotier et des tresses en sennit ont \u00e9t\u00e9 fabriqu\u00e9s et collect\u00e9s pour \u00eatre envoy\u00e9s \u00e0 Fakaofu en offrandes. De la nourriture \u00e9tait rassembl\u00e9e pour l&rsquo;\u00e9quipage du canot portant les offrandes et comme cadeaux au grand pr\u00eatre.<\/p><p>Le voyage de la pirogue portant ces offrandes \u00e9tait une mission sacr\u00e9e et un lourd tapu \u00e9tait plac\u00e9 sur le capitaine. On croyait que tout d\u00e9sordre parmi son \u00e9quipage ferait d\u00e9vier le canot de sa route. De nombreuses autres pirogues accompagnaient ce navire pour se joindre \u00e0 la f\u00eate. Cependant, le d\u00e9sastre leur arriverait imm\u00e9diatement s&rsquo;ils entraient dans le passage de Fakaofu avant la pirogue sacr\u00e9e.\u00a0<\/p><p>Vaovela, un fils de Tonuia d&rsquo;Atafu, brisa ce tapu ; en franchissant un r\u00e9cif, une vague le renversa et la coque du canot \u00e9crasa le pied de son fils contre le corail. Lorsque les navires approchaient de Fakaofu, les tapis \u00e0 pr\u00e9senter \u00e9taient accroch\u00e9s au m\u00e2t et expos\u00e9s.<\/p><p>Burrows pense que ces offrandes repr\u00e9sentaient un hommage \u00e0 la suzerainet\u00e9 de Fakaofu, mais elles \u00e9taient si sacr\u00e9es qu&rsquo;il est peu probable qu&rsquo;elles aient \u00e9t\u00e9 prises par le peuple Fakaofu comme cadeaux.<\/p><p>Un tapu a \u00e9t\u00e9 plac\u00e9 sur toute activit\u00e9 \u00e0 la fin des sept jours de p\u00eache et la c\u00e9r\u00e9monie d&rsquo;adoration \u00e0 Tui Tokelau a commenc\u00e9. Les c\u00e9r\u00e9monies religieuses se d\u00e9roulaient les premiers jours et \u00e9taient suivies d&rsquo;une longue p\u00e9riode de danses et de festins. Personne ne pouvait quitter le village ; lorsqu&rsquo;ils n&rsquo;\u00e9taient pas sur le malae, les gens devaient rester chez eux. Des pri\u00e8res et des danses ont \u00e9t\u00e9 faites jusque tard dans la nuit \u00e0 la lumi\u00e8re de grandes torches br\u00fbl\u00e9es en l&rsquo;honneur de Tui Tokelau.<\/p><p>La c\u00e9r\u00e9monie a commenc\u00e9 en enlevant les v\u00eatements pourris et les cadeaux de l&rsquo;ann\u00e9e pr\u00e9c\u00e9dente de la dalle de corail de Tui Tokelau et en les rempla\u00e7ant par de nouvelles offrandes. On a dit que les anciennes offrandes avaient \u00e9t\u00e9 br\u00fbl\u00e9es, mais Turner rapporte qu&rsquo;elles ont \u00e9t\u00e9 mises de c\u00f4t\u00e9 et laiss\u00e9es \u00e0 se d\u00e9composer, \u00e9tant trop sacr\u00e9es pour que quiconque les touche. Lister d\u00e9crit la c\u00e9r\u00e9monie comme suit :<\/p><p>Quand ils [les voyageurs] ont d\u00e9barqu\u00e9, les nattes ont \u00e9t\u00e9 enroul\u00e9es autour de la pierre [de Tui Tokelau] pour rester jusqu&rsquo;\u00e0 ce qu&rsquo;elles pourrissent, et les coquilles de perles ont \u00e9t\u00e9 plac\u00e9es le long des avant-toits de la maison sacr\u00e9e pour les dieux, \u00e0 port\u00e9e de main. La pierre \u00e9tait ointe d&rsquo;huile de noix de coco parfum\u00e9e aux fleurs; puis le roi \u00e9tait port\u00e9 devant la pierre, assis sur sa chaise, avec l&#8217;embl\u00e8me de la royaut\u00e9 en feuille de cocotier autour du cou, et une ligne noire de charbon de bois trac\u00e9e sur son front, le peuple suivant en procession avec des cris de Tu-tu et r\u00e9jouissance g\u00e9n\u00e9rale.<\/p><p>Alors le grand chef, en tant que pr\u00eatre de Tui Tokelau, a commenc\u00e9 sa pri\u00e8re pour le beau temps et une abondante provision de fruits et de poissons. Cela a \u00e9t\u00e9 suivi d&rsquo;une danse \u00e0 laquelle les femmes d&rsquo;abord, puis les hommes ont particip\u00e9.<\/p>\t\t\t\t\t\t\t\t<\/div>\n\t\t\t\t<\/div>\n\t\t\t\t\t<\/div>\n\t\t<\/div>\n\t\t\t\t\t<\/div>\n\t\t<\/section>\n\t\t\t\t<section class=\"elementor-section elementor-top-section elementor-element elementor-element-3d3483f elementor-section-boxed elementor-section-height-default elementor-section-height-default\" data-id=\"3d3483f\" data-element_type=\"section\" data-e-type=\"section\">\n\t\t\t\t\t\t<div class=\"elementor-container elementor-column-gap-default\">\n\t\t\t\t\t<div class=\"elementor-column elementor-col-100 elementor-top-column elementor-element elementor-element-4ea2510\" data-id=\"4ea2510\" data-element_type=\"column\" data-e-type=\"column\">\n\t\t\t<div class=\"elementor-widget-wrap elementor-element-populated\">\n\t\t\t\t\t\t<div class=\"elementor-element elementor-element-c390b76 elementor-widget elementor-widget-heading\" data-id=\"c390b76\" data-element_type=\"widget\" data-e-type=\"widget\" data-widget_type=\"heading.default\">\n\t\t\t\t<div class=\"elementor-widget-container\">\n\t\t\t\t\t<h2 class=\"elementor-heading-title elementor-size-default\"><span class=\"ez-toc-section\" id=\"Rituels-Tokelau-priere-a-Tui-Tokelau\"><\/span>Rituels Tokelau : pri\u00e8re \u00e0 Tui Tokelau<span class=\"ez-toc-section-end\"><\/span><\/h2>\t\t\t\t<\/div>\n\t\t\t\t<\/div>\n\t\t\t\t\t<\/div>\n\t\t<\/div>\n\t\t\t\t\t<\/div>\n\t\t<\/section>\n\t\t\t\t<section class=\"elementor-section elementor-top-section elementor-element elementor-element-ce4aa9f elementor-section-boxed elementor-section-height-default elementor-section-height-default\" data-id=\"ce4aa9f\" data-element_type=\"section\" data-e-type=\"section\">\n\t\t\t\t\t\t<div class=\"elementor-container elementor-column-gap-default\">\n\t\t\t\t\t<div class=\"elementor-column elementor-col-100 elementor-top-column elementor-element elementor-element-9fba1f4\" data-id=\"9fba1f4\" data-element_type=\"column\" data-e-type=\"column\">\n\t\t\t<div class=\"elementor-widget-wrap elementor-element-populated\">\n\t\t\t\t\t\t<div class=\"elementor-element elementor-element-0f602ab elementor-widget elementor-widget-text-editor\" data-id=\"0f602ab\" data-element_type=\"widget\" data-e-type=\"widget\" data-widget_type=\"text-editor.default\">\n\t\t\t\t<div class=\"elementor-widget-container\">\n\t\t\t\t\t\t\t\t\t<p>Tulou, tulou, tulou, tulou..u..u<br \/>Fanake la ki \u00e0 langi.<br \/>Il tai6 ua,<br \/>Il tai malino,<br \/>Il tai malama,<br \/>Fanaifo7 ki \u00e0 ulufenua,<br \/>Il tai taume,<br \/>Il tai singano,<br \/>Fanaifo ki \u00e0 uluulu.<br \/>Il tai manini,<br \/>Il tai,<br \/>Fanaiko ki \u00e0 moana.<br \/>Il tai fonu,<br \/>Il tai atu,<br \/>Fanaifo ki \u00e0 namo.<br \/>Il tai fasua,<br \/>Il tai tifa,<br \/>Il tai paikea,<br \/>Il tai.<\/p><p>Tulou (mot d&rsquo;excuse souvent utilis\u00e9 aujourd&rsquo;hui comme \u00ab\u00a0excuse\u00a0\u00bb ou \u00ab\u00a0pardon\u00a0\u00bb).<br \/>Montez l\u00e0 vers les cieux.<br \/>Qu&rsquo;il y ait beaucoup de pluie,<br \/>Qu&rsquo;il y ait beaucoup de calme,<br \/>Qu&rsquo;il y ait beaucoup de lumi\u00e8re,<br \/>Faites descendre dans les plantations.<br \/>Beaucoup de (gaines de) fleurs de coco,<br \/>Beaucoup de jeunes fruits hala pandanus,<br \/>Envoyez vers le r\u00e9cif.<br \/>Beaucoup de manini (petits poissons),<br \/>Qu&rsquo;il y en ait beaucoup,<br \/>Envoyez en haute mer.<br \/>Beaucoup de tortue,<br \/>Beaucoup de bonite,<br \/>Envoyez vers le lagon.<br \/>Beaucoup de coquillages Tridacna,<br \/>Beaucoup de coquille de nacre,<br \/>Beaucoup de vers,<br \/>Qu&rsquo;il y en ait beaucoup.<\/p><p>Smith donne une pri\u00e8re similaire \u00e0 Rarotongan demandant une nourriture abondante et \u00ab adress\u00e9e \u00e0 ces mauvais esprits \u00bb. Il ajoute:<\/p><p>Apr\u00e8s que l&rsquo;incantation a \u00e9t\u00e9 r\u00e9cit\u00e9e, la nourriture est partag\u00e9e par les chefs et les pr\u00eatres, apr\u00e8s quoi la nourriture est distribu\u00e9e \u00e0 tout le peuple et une f\u00eate est organis\u00e9e.<\/p><p>La description suivante de la c\u00e9r\u00e9monie \u00e0 <a href=\"https:\/\/mythslegendes.com\/en\/tokelau-mythology\/\">Atafu<\/a> est tir\u00e9e des notes du Dr Andrew Thomson, ancien directeur de l&rsquo;observatoire d&rsquo;Apia, Samoa, qui \u00e9tait \u00e0 Tokelau en 1928.<\/p><p>La c\u00e9r\u00e9monie a eu lieu en juin le soir de la pleine lune. Au d\u00e9but de l&rsquo;apr\u00e8s-midi, les gens d\u00e9posaient leurs offrandes \u00e0 40 ou 50 pieds devant la maison du dieu. Il s&rsquo;agissait de grandes nattes mesurant 12 pieds sur 6 pieds, destin\u00e9es \u00e0 servir de v\u00eatements (malo) pour la colonne de pierre de Tui Tokelau.<\/p><p>La c\u00e9r\u00e9monie a commenc\u00e9 en d\u00e9but de soir\u00e9e avant le lever de la lune. Le pr\u00eatre, nomm\u00e9 \u00e0 Atafu de Fakaofu, commen\u00e7a par une longue pri\u00e8re au cours de laquelle il regarda le ciel et demanda que le soleil continue \u00e0 briller et que la pluie soit abondante, puis il regarda la mer et demanda que les poissons soient nombreux pendant la ann\u00e9e, et finalement il a regard\u00e9 la terre et a demand\u00e9 que les noix de coco poussent en grande quantit\u00e9.\u00a0<\/p><p>Pendant tout ce temps, les gens regardaient le ciel. Les hommes se tenaient \u00e0 moins de 15 ou 20 pieds de la maison du dieu pendant la c\u00e9r\u00e9monie, mais les femmes et les enfants sont rest\u00e9s \u00e0 plusieurs centaines de pieds.<\/p><p>Apr\u00e8s la pri\u00e8re, le pr\u00eatre apporta les offrandes de nattes dans la chambre int\u00e9rieure de la maison du dieu et les divisa en deux parties, l&rsquo;une pour la c\u00e9r\u00e9monie imm\u00e9diate et l&rsquo;autre pour la c\u00e9r\u00e9monie \u00e0 Fakaofu. Il ramena \u00e0 l&rsquo;ext\u00e9rieur les nattes \u00e0 enrouler sur la dalle Atafu de Tui Tokelau et enleva les nattes pourries dont la dalle avait \u00e9t\u00e9 rev\u00eatue l&rsquo;ann\u00e9e pr\u00e9c\u00e9dente.<\/p><p>Il les d\u00e9posa dans l&rsquo;enceinte de pierre \u00e0 c\u00f4t\u00e9 de la maison du dieu. Dix hommes choisis ont aid\u00e9 le pr\u00eatre \u00e0 enrouler les nouvelles nattes 8. Cela a conclu le rituel apr\u00e8s quoi il y avait une f\u00eate qui se poursuivait jusqu&rsquo;au milieu de la nuit.<\/p>\t\t\t\t\t\t\t\t<\/div>\n\t\t\t\t<\/div>\n\t\t\t\t\t<\/div>\n\t\t<\/div>\n\t\t\t\t\t<\/div>\n\t\t<\/section>\n\t\t\t\t<section class=\"elementor-section elementor-top-section elementor-element elementor-element-315ae81 elementor-section-boxed elementor-section-height-default elementor-section-height-default\" data-id=\"315ae81\" data-element_type=\"section\" data-e-type=\"section\">\n\t\t\t\t\t\t<div class=\"elementor-container elementor-column-gap-default\">\n\t\t\t\t\t<div class=\"elementor-column elementor-col-100 elementor-top-column elementor-element elementor-element-8c4e411\" data-id=\"8c4e411\" data-element_type=\"column\" data-e-type=\"column\">\n\t\t\t<div class=\"elementor-widget-wrap elementor-element-populated\">\n\t\t\t\t\t\t<div class=\"elementor-element elementor-element-c07320f elementor-widget elementor-widget-heading\" data-id=\"c07320f\" data-element_type=\"widget\" data-e-type=\"widget\" data-widget_type=\"heading.default\">\n\t\t\t\t<div class=\"elementor-widget-container\">\n\t\t\t\t\t<h2 class=\"elementor-heading-title elementor-size-default\"><span class=\"ez-toc-section\" id=\"Rituels-Tokelau-la-terre-des-morts\"><\/span>Rituels Tokelau : la terre des morts<span class=\"ez-toc-section-end\"><\/span><\/h2>\t\t\t\t<\/div>\n\t\t\t\t<\/div>\n\t\t\t\t\t<\/div>\n\t\t<\/div>\n\t\t\t\t\t<\/div>\n\t\t<\/section>\n\t\t\t\t<section class=\"elementor-section elementor-top-section elementor-element elementor-element-995275d elementor-section-boxed elementor-section-height-default elementor-section-height-default\" data-id=\"995275d\" data-element_type=\"section\" data-e-type=\"section\">\n\t\t\t\t\t\t<div class=\"elementor-container elementor-column-gap-default\">\n\t\t\t\t\t<div class=\"elementor-column elementor-col-100 elementor-top-column elementor-element elementor-element-09e5b04\" data-id=\"09e5b04\" data-element_type=\"column\" data-e-type=\"column\">\n\t\t\t<div class=\"elementor-widget-wrap elementor-element-populated\">\n\t\t\t\t\t\t<div class=\"elementor-element elementor-element-350df54 elementor-widget elementor-widget-text-editor\" data-id=\"350df54\" data-element_type=\"widget\" data-e-type=\"widget\" data-widget_type=\"text-editor.default\">\n\t\t\t\t<div class=\"elementor-widget-container\">\n\t\t\t\t\t\t\t\t\t<p>On pensait que les esprits des morts (nganga) se rendaient \u00e0 Tualiku, o\u00f9 r\u00e9gnait le dieu Te Sesema. Tualiku n&rsquo;a pas \u00e9t\u00e9 localis\u00e9, mais la signification du nom, \u00ab\u00a0le fond de la mer\u00a0\u00bb, sugg\u00e8re qu&rsquo;il se trouvait sur le bord de l&rsquo;horizon. C&rsquo;\u00e9tait un v\u00e9ritable paradis de l&rsquo;imaginaire polyn\u00e9sien, o\u00f9 les bienheureux dansaient et mangeaient toute la journ\u00e9e et toute la nuit et portaient des fleurs \u00e0 leurs oreilles, et des ornements en nacre (lei) autour du cou, interdits \u00e0 tous les hommes ordinaires dans la vie.\u00a0<\/p><p>\u00c0 Tualiku, il y avait aussi un purgatoire o\u00f9 les \u00e2mes des hommes damn\u00e9s pour n&rsquo;avoir jamais \u00e9t\u00e9 circoncis de leur vivant (ngatino seki faeloa) traversaient l&rsquo;\u00e9ternit\u00e9 avec de grands disques de pierre comme des meules sur le dos.<\/p><p>Les indig\u00e8nes croyaient que leurs esprits pouvaient choisir leur r\u00e9sidence pour l&rsquo;au-del\u00e0. Alors que la mort approchait, un homme a dit \u00e0 ses amis qu&rsquo;il allait sur la lune ou dans une partie des cieux o\u00f9 il pourrait \u00eatre vu par ses amis. Une \u00e2me peut \u00e9galement choisir de rester sur terre dans la tombe, selon Turner, qui ajoute :<\/p><p>Ils croyaient, de plus, qu&rsquo;il y avait certains mauvais esprits toujours \u00e0 l&rsquo;aff\u00fbt des \u00eatres humains, et que, s&rsquo;il en \u00e9tait attrap\u00e9, leurs \u00e2mes \u00e9taient tra\u00een\u00e9es \u00e0 travers l&rsquo;univers pour toujours, comme les esclaves de ces d\u00e9mons, et ne trouvaient jamais de repos. place. C&rsquo;est pourquoi c&rsquo;\u00e9tait un dicton courant \u00e0 Tokelau: \u00abPrenez soin de l&rsquo;\u00e2me. Il vit pour toujours. Peu importe le corps, il pourrit dans la tombe !<\/p>\t\t\t\t\t\t\t\t<\/div>\n\t\t\t\t<\/div>\n\t\t\t\t\t<\/div>\n\t\t<\/div>\n\t\t\t\t\t<\/div>\n\t\t<\/section>\n\t\t\t\t<\/div>\n\t\t","protected":false},"excerpt":{"rendered":"<p>Mythology Tokelau Wiki The Tokelau rituals were very light and almost entirely confined to an annual ceremony to the deity... <\/p>","protected":false},"author":1,"featured_media":0,"parent":10192,"menu_order":0,"comment_status":"closed","ping_status":"closed","template":"","meta":{"footnotes":""},"class_list":["post-21924","page","type-page","status-publish","hentry"],"amp_enabled":true,"_links":{"self":[{"href":"https:\/\/mythslegendes.com\/en\/wp-json\/wp\/v2\/pages\/21924","targetHints":{"allow":["GET"]}}],"collection":[{"href":"https:\/\/mythslegendes.com\/en\/wp-json\/wp\/v2\/pages"}],"about":[{"href":"https:\/\/mythslegendes.com\/en\/wp-json\/wp\/v2\/types\/page"}],"author":[{"embeddable":true,"href":"https:\/\/mythslegendes.com\/en\/wp-json\/wp\/v2\/users\/1"}],"replies":[{"embeddable":true,"href":"https:\/\/mythslegendes.com\/en\/wp-json\/wp\/v2\/comments?post=21924"}],"version-history":[{"count":3,"href":"https:\/\/mythslegendes.com\/en\/wp-json\/wp\/v2\/pages\/21924\/revisions"}],"predecessor-version":[{"id":21931,"href":"https:\/\/mythslegendes.com\/en\/wp-json\/wp\/v2\/pages\/21924\/revisions\/21931"}],"up":[{"embeddable":true,"href":"https:\/\/mythslegendes.com\/en\/wp-json\/wp\/v2\/pages\/10192"}],"wp:attachment":[{"href":"https:\/\/mythslegendes.com\/en\/wp-json\/wp\/v2\/media?parent=21924"}],"curies":[{"name":"wp","href":"https:\/\/api.w.org\/{rel}","templated":true}]}}