{"id":22084,"date":"2022-08-04T00:33:42","date_gmt":"2022-08-04T00:33:42","guid":{"rendered":"https:\/\/mythslegendes.com\/?page_id=22084"},"modified":"2022-08-04T00:35:41","modified_gmt":"2022-08-04T00:35:41","slug":"conte-cheyenne-eye-juggler","status":"publish","type":"page","link":"https:\/\/mythslegendes.com\/en\/cheyenne-arapaho-mythology\/tale-cheyenne-eye-juggler\/","title":{"rendered":"Cheyenne Tale: Eye Juggler"},"content":{"rendered":"\t\t<div data-elementor-type=\"wp-page\" data-elementor-id=\"22084\" class=\"elementor elementor-22084\">\n\t\t\t\t\t\t<section class=\"elementor-section elementor-top-section elementor-element elementor-element-45c4b6c elementor-section-boxed elementor-section-height-default elementor-section-height-default\" data-id=\"45c4b6c\" data-element_type=\"section\" data-e-type=\"section\">\n\t\t\t\t\t\t<div class=\"elementor-container elementor-column-gap-default\">\n\t\t\t\t\t<div class=\"elementor-column elementor-col-50 elementor-top-column elementor-element elementor-element-1c7fa04\" data-id=\"1c7fa04\" data-element_type=\"column\" data-e-type=\"column\">\n\t\t\t<div class=\"elementor-widget-wrap elementor-element-populated\">\n\t\t\t\t\t\t<div class=\"elementor-element elementor-element-5835dfb elementor-align-justify elementor-widget elementor-widget-button\" data-id=\"5835dfb\" data-element_type=\"widget\" data-e-type=\"widget\" data-widget_type=\"button.default\">\n\t\t\t\t<div class=\"elementor-widget-container\">\n\t\t\t\t\t\t\t\t\t<div class=\"elementor-button-wrapper\">\n\t\t\t\t\t<a class=\"elementor-button elementor-button-link elementor-size-sm\" href=\"https:\/\/mythslegendes.com\/mythologie-cheyenne-arapaho\/\">\n\t\t\t\t\t\t<span class=\"elementor-button-content-wrapper\">\n\t\t\t\t\t\t\t\t\t<span class=\"elementor-button-text\">Mythologie Cheyenne-Arapaho<\/span>\n\t\t\t\t\t<\/span>\n\t\t\t\t\t<\/a>\n\t\t\t\t<\/div>\n\t\t\t\t\t\t\t\t<\/div>\n\t\t\t\t<\/div>\n\t\t\t\t\t<\/div>\n\t\t<\/div>\n\t\t\t\t<div class=\"elementor-column elementor-col-50 elementor-top-column elementor-element elementor-element-df1ddb0\" data-id=\"df1ddb0\" data-element_type=\"column\" data-e-type=\"column\">\n\t\t\t<div class=\"elementor-widget-wrap elementor-element-populated\">\n\t\t\t\t\t\t<div class=\"elementor-element elementor-element-1369ad1 elementor-align-justify elementor-widget elementor-widget-button\" data-id=\"1369ad1\" data-element_type=\"widget\" data-e-type=\"widget\" data-widget_type=\"button.default\">\n\t\t\t\t<div class=\"elementor-widget-container\">\n\t\t\t\t\t\t\t\t\t<div class=\"elementor-button-wrapper\">\n\t\t\t\t\t<a class=\"elementor-button elementor-button-link elementor-size-sm\" href=\"https:\/\/www.firstpeople.us\/FP-Html-Legends\/TheEyeJuggler-Cheyenne.html\" target=\"_blank\" rel=\"noopener\">\n\t\t\t\t\t\t<span class=\"elementor-button-content-wrapper\">\n\t\t\t\t\t\t\t\t\t<span class=\"elementor-button-text\">Wiki<\/span>\n\t\t\t\t\t<\/span>\n\t\t\t\t\t<\/a>\n\t\t\t\t<\/div>\n\t\t\t\t\t\t\t\t<\/div>\n\t\t\t\t<\/div>\n\t\t\t\t\t<\/div>\n\t\t<\/div>\n\t\t\t\t\t<\/div>\n\t\t<\/section>\n\t\t\t\t<section class=\"elementor-section elementor-top-section elementor-element elementor-element-0e91e7b elementor-section-boxed elementor-section-height-default elementor-section-height-default\" data-id=\"0e91e7b\" data-element_type=\"section\" data-e-type=\"section\">\n\t\t\t\t\t\t<div class=\"elementor-container elementor-column-gap-default\">\n\t\t\t\t\t<div class=\"elementor-column elementor-col-100 elementor-top-column elementor-element elementor-element-2dfcafc\" data-id=\"2dfcafc\" data-element_type=\"column\" data-e-type=\"column\">\n\t\t\t<div class=\"elementor-widget-wrap elementor-element-populated\">\n\t\t\t\t\t\t<div class=\"elementor-element elementor-element-2aac701 elementor-widget elementor-widget-text-editor\" data-id=\"2aac701\" data-element_type=\"widget\" data-e-type=\"widget\" data-widget_type=\"text-editor.default\">\n\t\t\t\t<div class=\"elementor-widget-container\">\n\t\t\t\t\t\t\t\t\t<p>Les\u00a0<strong><a href=\"https:\/\/mythslegendes.com\/en\/cheyenne-arapaho-mythology\/\">Cheyennes<\/a><\/strong> sont une nation am\u00e9rindienne des Grandes Plaines, proches alli\u00e9s des <a href=\"https:\/\/mythslegendes.com\/en\/cheyenne-arapaho-mythology\/\">Arapahos<\/a> et g\u00e9n\u00e9ralement alli\u00e9s des Lakotas (<a href=\"https:\/\/mythslegendes.com\/en\/mythes-et-legendes-siouans-2127\/\">Sioux<\/a>). Ils sont l\u2019une des plus c\u00e9l\u00e8bres et importantes tribus des Plaines. Voici leur conte : The Eye Juggler (en).<\/p><p><img decoding=\"async\" class=\"alignnone wp-image-9347 size-full\" src=\"http:\/\/mythslegendes.com\/wp-content\/uploads\/2020\/09\/cropped-AlphaOmega-e1602613368367.png\" alt=\"The Eye Juggler\" width=\"25\" height=\"25\" title=\"\"><\/p>\t\t\t\t\t\t\t\t<\/div>\n\t\t\t\t<\/div>\n\t\t\t\t\t<\/div>\n\t\t<\/div>\n\t\t\t\t\t<\/div>\n\t\t<\/section>\n\t\t\t\t<section class=\"elementor-section elementor-top-section elementor-element elementor-element-ee1635e elementor-section-boxed elementor-section-height-default elementor-section-height-default\" data-id=\"ee1635e\" data-element_type=\"section\" data-e-type=\"section\">\n\t\t\t\t\t\t<div class=\"elementor-container elementor-column-gap-default\">\n\t\t\t\t\t<div class=\"elementor-column elementor-col-100 elementor-top-column elementor-element elementor-element-0f6521a\" data-id=\"0f6521a\" data-element_type=\"column\" data-e-type=\"column\">\n\t\t\t<div class=\"elementor-widget-wrap elementor-element-populated\">\n\t\t\t\t\t\t<div class=\"elementor-element elementor-element-53c70f6 elementor-widget elementor-widget-heading\" data-id=\"53c70f6\" data-element_type=\"widget\" data-e-type=\"widget\" data-widget_type=\"heading.default\">\n\t\t\t\t<div class=\"elementor-widget-container\">\n\t\t\t\t\t<div id=\"ez-toc-container\" class=\"ez-toc-v2_0_82_2 counter-hierarchy ez-toc-counter ez-toc-grey ez-toc-container-direction\">\n<div class=\"ez-toc-title-container\">\n<p class=\"ez-toc-title\" style=\"cursor:inherit\">Contenus<\/p>\n<span class=\"ez-toc-title-toggle\"><a href=\"#\" class=\"ez-toc-pull-right ez-toc-btn ez-toc-btn-xs ez-toc-btn-default ez-toc-toggle\" aria-label=\"Toggle Table of Content\"><span class=\"ez-toc-js-icon-con\"><span class=\"\"><span class=\"eztoc-hide\" style=\"display:none;\">Toggle<\/span><span class=\"ez-toc-icon-toggle-span\"><svg style=\"fill: #999;color:#999\" xmlns=\"http:\/\/www.w3.org\/2000\/svg\" class=\"list-377408\" width=\"20px\" height=\"20px\" viewBox=\"0 0 24 24\" fill=\"none\"><path d=\"M6 6H4v2h2V6zm14 0H8v2h12V6zM4 11h2v2H4v-2zm16 0H8v2h12v-2zM4 16h2v2H4v-2zm16 0H8v2h12v-2z\" fill=\"currentColor\"><\/path><\/svg><svg style=\"fill: #999;color:#999\" class=\"arrow-unsorted-368013\" xmlns=\"http:\/\/www.w3.org\/2000\/svg\" width=\"10px\" height=\"10px\" viewBox=\"0 0 24 24\" version=\"1.2\" baseProfile=\"tiny\"><path d=\"M18.2 9.3l-6.2-6.3-6.2 6.3c-.2.2-.3.4-.3.7s.1.5.3.7c.2.2.4.3.7.3h11c.3 0 .5-.1.7-.3.2-.2.3-.5.3-.7s-.1-.5-.3-.7zM5.8 14.7l6.2 6.3 6.2-6.3c.2-.2.3-.5.3-.7s-.1-.5-.3-.7c-.2-.2-.4-.3-.7-.3h-11c-.3 0-.5.1-.7.3-.2.2-.3.5-.3.7s.1.5.3.7z\"\/><\/svg><\/span><\/span><\/span><\/a><\/span><\/div>\n<nav><ul class='ez-toc-list ez-toc-list-level-1 ' ><li class='ez-toc-page-1 ez-toc-heading-level-2'><a class=\"ez-toc-link ez-toc-heading-1\" href=\"https:\/\/mythslegendes.com\/en\/cheyenne-arapaho-mythology\/tale-cheyenne-eye-juggler\/#The-Eye-Juggler\" >The Eye Juggler<\/a><\/li><\/ul><\/nav><\/div>\n<h2 class=\"elementor-heading-title elementor-size-default\"><span class=\"ez-toc-section\" id=\"The-Eye-Juggler\"><\/span>The Eye Juggler<span class=\"ez-toc-section-end\"><\/span><\/h2>\t\t\t\t<\/div>\n\t\t\t\t<\/div>\n\t\t\t\t\t<\/div>\n\t\t<\/div>\n\t\t\t\t\t<\/div>\n\t\t<\/section>\n\t\t\t\t<section class=\"elementor-section elementor-top-section elementor-element elementor-element-23799b2 elementor-section-boxed elementor-section-height-default elementor-section-height-default\" data-id=\"23799b2\" data-element_type=\"section\" data-e-type=\"section\">\n\t\t\t\t\t\t<div class=\"elementor-container elementor-column-gap-default\">\n\t\t\t\t\t<div class=\"elementor-column elementor-col-100 elementor-top-column elementor-element elementor-element-2872abd\" data-id=\"2872abd\" data-element_type=\"column\" data-e-type=\"column\">\n\t\t\t<div class=\"elementor-widget-wrap elementor-element-populated\">\n\t\t\t\t\t\t<div class=\"elementor-element elementor-element-7d7822e elementor-widget elementor-widget-text-editor\" data-id=\"7d7822e\" data-element_type=\"widget\" data-e-type=\"widget\" data-widget_type=\"text-editor.default\">\n\t\t\t\t<div class=\"elementor-widget-container\">\n\t\t\t\t\t\t\t\t\t<p>There was a man that could send his eyes out of his head, on the\nlimb of a tree, and call them back again, by saying &quot;Eyes hang\nupon a branch.&quot;<\/p>\n<p>White-man saw him doing this, and came to him crying; he wanted\nto learn this too.<\/p>\n<p>The man taught him, but warned him not to do it more than four\ntimes in one day. White-man went off along the river. When he came\nto the highest tree he could see, he sent his eyes to the top. Then\nhe called them back. He thought he could do this as often as he\nwished, disregarding the warning.<\/p>\n<p>The fifth time his eyes remained fastened to the limb. All day\nhe called, but the eyes began to swell and spoil, and flies gathered\non them. White-man grew tired and lay down, facing his eyes, still\ncalling for them, though they never came; and he cried. At night\nhe was half asleep, when a mouse ran over him. He closed his lids\nthat the mice would not see he was blind, and lay still, in order\nto catch one.<\/p>\n<p>At last one sat on his breast. He kept quiet to let it become used\nto him, and the mouse went on his face, trying to cut his hair for\nits nest. Then it licked his tears, but let its tail hang in his\nmouth. He closed it, and caught the mouse. He seized it tightly,\nand made it guide him, telling him of his misfortune. The mouse\nsaid it could see the eyes, and they had swelled to an enormous\nsize. It offered to climb the tree and get them for him, but White-man\nwould not let it go. It tried to wriggle free, but he held it fast.\nThen the mouse asked on what condition he would release it, and\nWhite-man said, only if it gave him one of its eyes.[94] So it gave\nhim one, and he could see again, and let the mouse go. But the small\neye was far back in his socket, and he could not see very well with it.<\/p>\n<p>A buffalo was grazing near by, and as White-man stood near him\ncrying, he looked on and wondered. White-man said: &quot;Here is\na buffalo, who has the power to help me in my trouble.&quot; So\nthe Buffalo asked him what he wanted. White-man told him he had\nlost his eye and needed one. The buffalo took out one of his and\nput it in White-man&rsquo;s head. Now White-man could see far again. But\nthe eye did not fit the socket; most of it was outside. The other\nwas far inside. Thus he remained.<\/p>\t\t\t\t\t\t\t\t<\/div>\n\t\t\t\t<\/div>\n\t\t\t\t\t<\/div>\n\t\t<\/div>\n\t\t\t\t\t<\/div>\n\t\t<\/section>\n\t\t\t\t<\/div>\n\t\t","protected":false},"excerpt":{"rendered":"<p>Cheyenne-Arapaho Mythology Wiki The Cheyenne are a Native American nation of the Great Plains, close allies of the Arapaho and generally allies of the Lakota... <\/p>","protected":false},"author":1,"featured_media":0,"parent":3895,"menu_order":0,"comment_status":"closed","ping_status":"closed","template":"","meta":{"footnotes":""},"class_list":["post-22084","page","type-page","status-publish","hentry"],"amp_enabled":true,"_links":{"self":[{"href":"https:\/\/mythslegendes.com\/en\/wp-json\/wp\/v2\/pages\/22084","targetHints":{"allow":["GET"]}}],"collection":[{"href":"https:\/\/mythslegendes.com\/en\/wp-json\/wp\/v2\/pages"}],"about":[{"href":"https:\/\/mythslegendes.com\/en\/wp-json\/wp\/v2\/types\/page"}],"author":[{"embeddable":true,"href":"https:\/\/mythslegendes.com\/en\/wp-json\/wp\/v2\/users\/1"}],"replies":[{"embeddable":true,"href":"https:\/\/mythslegendes.com\/en\/wp-json\/wp\/v2\/comments?post=22084"}],"version-history":[{"count":3,"href":"https:\/\/mythslegendes.com\/en\/wp-json\/wp\/v2\/pages\/22084\/revisions"}],"predecessor-version":[{"id":22089,"href":"https:\/\/mythslegendes.com\/en\/wp-json\/wp\/v2\/pages\/22084\/revisions\/22089"}],"up":[{"embeddable":true,"href":"https:\/\/mythslegendes.com\/en\/wp-json\/wp\/v2\/pages\/3895"}],"wp:attachment":[{"href":"https:\/\/mythslegendes.com\/en\/wp-json\/wp\/v2\/media?parent=22084"}],"curies":[{"name":"wp","href":"https:\/\/api.w.org\/{rel}","templated":true}]}}