{"id":22392,"date":"2022-08-07T17:38:20","date_gmt":"2022-08-07T17:38:20","guid":{"rendered":"https:\/\/mythslegendes.com\/?page_id=22392"},"modified":"2022-08-07T17:41:51","modified_gmt":"2022-08-07T17:41:51","slug":"anansi-et-le-cameleon","status":"publish","type":"page","link":"https:\/\/mythslegendes.com\/en\/akan-mythology\/anansi-and-the-chameleon\/","title":{"rendered":"Anansi and the Chameleon"},"content":{"rendered":"<div data-elementor-type=\"wp-page\" data-elementor-id=\"22392\" class=\"elementor elementor-22392\">\n\t\t\t\t\t\t<section class=\"elementor-section elementor-top-section elementor-element elementor-element-d3d83c6 elementor-section-boxed elementor-section-height-default elementor-section-height-default\" data-id=\"d3d83c6\" data-element_type=\"section\" data-e-type=\"section\">\n\t\t\t\t\t\t<div class=\"elementor-container elementor-column-gap-default\">\n\t\t\t\t\t<div class=\"elementor-column elementor-col-50 elementor-top-column elementor-element elementor-element-964db72\" data-id=\"964db72\" data-element_type=\"column\" data-e-type=\"column\">\n\t\t\t<div class=\"elementor-widget-wrap elementor-element-populated\">\n\t\t\t\t\t\t<div class=\"elementor-element elementor-element-9f422cf elementor-align-justify elementor-widget elementor-widget-button\" data-id=\"9f422cf\" data-element_type=\"widget\" data-e-type=\"widget\" data-widget_type=\"button.default\">\n\t\t\t\t<div class=\"elementor-widget-container\">\n\t\t\t\t\t\t\t\t\t<div class=\"elementor-button-wrapper\">\n\t\t\t\t\t<a class=\"elementor-button elementor-button-link elementor-size-sm\" href=\"https:\/\/mythslegendes.com\/en\/akan-mythology\/\">\n\t\t\t\t\t\t<span class=\"elementor-button-content-wrapper\">\n\t\t\t\t\t\t\t\t\t<span class=\"elementor-button-text\">Akan mythology<\/span>\n\t\t\t\t\t<\/span>\n\t\t\t\t\t<\/a>\n\t\t\t\t<\/div>\n\t\t\t\t\t\t\t\t<\/div>\n\t\t\t\t<\/div>\n\t\t\t\t\t<\/div>\n\t\t<\/div>\n\t\t\t\t<div class=\"elementor-column elementor-col-50 elementor-top-column elementor-element elementor-element-d383392\" data-id=\"d383392\" data-element_type=\"column\" data-e-type=\"column\">\n\t\t\t<div class=\"elementor-widget-wrap elementor-element-populated\">\n\t\t\t\t\t\t<div class=\"elementor-element elementor-element-2042c0d elementor-align-justify elementor-widget elementor-widget-button\" data-id=\"2042c0d\" data-element_type=\"widget\" data-e-type=\"widget\" data-widget_type=\"button.default\">\n\t\t\t\t<div class=\"elementor-widget-container\">\n\t\t\t\t\t\t\t\t\t<div class=\"elementor-button-wrapper\">\n\t\t\t\t\t<a class=\"elementor-button elementor-button-link elementor-size-sm\" href=\"https:\/\/www.gateway-africa.com\/stories\/anansi-and-the-chameleon.html\" target=\"_blank\" rel=\"noopener\">\n\t\t\t\t\t\t<span class=\"elementor-button-content-wrapper\">\n\t\t\t\t\t\t\t\t\t<span class=\"elementor-button-text\">Wiki<\/span>\n\t\t\t\t\t<\/span>\n\t\t\t\t\t<\/a>\n\t\t\t\t<\/div>\n\t\t\t\t\t\t\t\t<\/div>\n\t\t\t\t<\/div>\n\t\t\t\t\t<\/div>\n\t\t<\/div>\n\t\t\t\t\t<\/div>\n\t\t<\/section>\n\t\t\t\t<section class=\"elementor-section elementor-top-section elementor-element elementor-element-838ddb4 elementor-section-boxed elementor-section-height-default elementor-section-height-default\" data-id=\"838ddb4\" data-element_type=\"section\" data-e-type=\"section\">\n\t\t\t\t\t\t<div class=\"elementor-container elementor-column-gap-default\">\n\t\t\t\t\t<div class=\"elementor-column elementor-col-100 elementor-top-column elementor-element elementor-element-23f3d34\" data-id=\"23f3d34\" data-element_type=\"column\" data-e-type=\"column\">\n\t\t\t<div class=\"elementor-widget-wrap elementor-element-populated\">\n\t\t\t\t\t\t<div class=\"elementor-element elementor-element-b7046c2 elementor-widget elementor-widget-text-editor\" data-id=\"b7046c2\" data-element_type=\"widget\" data-e-type=\"widget\" data-widget_type=\"text-editor.default\">\n\t\t\t\t<div class=\"elementor-widget-container\">\n\t\t\t\t\t\t\t\t\t<p>Here is the tale Anansi and the Chameleon.<\/p><p><img decoding=\"async\" class=\"alignnone wp-image-9347 size-full\" src=\"http:\/\/mythslegendes.com\/wp-content\/uploads\/2020\/09\/cropped-AlphaOmega-e1602613368367.png\" alt=\"Anansi and the Chameleon\" width=\"25\" height=\"25\" title=\"\"><\/p>\t\t\t\t\t\t\t\t<\/div>\n\t\t\t\t<\/div>\n\t\t\t\t\t<\/div>\n\t\t<\/div>\n\t\t\t\t\t<\/div>\n\t\t<\/section>\n\t\t\t\t<section class=\"elementor-section elementor-top-section elementor-element elementor-element-5e56b07 elementor-section-boxed elementor-section-height-default elementor-section-height-default\" data-id=\"5e56b07\" data-element_type=\"section\" data-e-type=\"section\">\n\t\t\t\t\t\t<div class=\"elementor-container elementor-column-gap-default\">\n\t\t\t\t\t<div class=\"elementor-column elementor-col-100 elementor-top-column elementor-element elementor-element-0a8f6d0\" data-id=\"0a8f6d0\" data-element_type=\"column\" data-e-type=\"column\">\n\t\t\t<div class=\"elementor-widget-wrap elementor-element-populated\">\n\t\t\t\t\t\t<div class=\"elementor-element elementor-element-731e2a4 elementor-widget elementor-widget-heading\" data-id=\"731e2a4\" data-element_type=\"widget\" data-e-type=\"widget\" data-widget_type=\"heading.default\">\n\t\t\t\t<div class=\"elementor-widget-container\">\n\t\t\t\t\t<div id=\"ez-toc-container\" class=\"ez-toc-v2_0_82_2 counter-hierarchy ez-toc-counter ez-toc-grey ez-toc-container-direction\">\n<div class=\"ez-toc-title-container\">\n<p class=\"ez-toc-title\" style=\"cursor:inherit\">Contents<\/p>\n<span class=\"ez-toc-title-toggle\"><a href=\"#\" class=\"ez-toc-pull-right ez-toc-btn ez-toc-btn-xs ez-toc-btn-default ez-toc-toggle\" aria-label=\"Toggle Table of Content\"><span class=\"ez-toc-js-icon-con\"><span class=\"\"><span class=\"eztoc-hide\" style=\"display:none;\">Toggle<\/span><span class=\"ez-toc-icon-toggle-span\"><svg style=\"fill: #999;color:#999\" xmlns=\"http:\/\/www.w3.org\/2000\/svg\" class=\"list-377408\" width=\"20px\" height=\"20px\" viewbox=\"0 0 24 24\" fill=\"none\"><path d=\"M6 6H4v2h2V6zm14 0H8v2h12V6zM4 11h2v2H4v-2zm16 0H8v2h12v-2zM4 16h2v2H4v-2zm16 0H8v2h12v-2z\" fill=\"currentColor\"><\/path><\/svg><svg style=\"fill: #999;color:#999\" class=\"arrow-unsorted-368013\" xmlns=\"http:\/\/www.w3.org\/2000\/svg\" width=\"10px\" height=\"10px\" viewbox=\"0 0 24 24\" version=\"1.2\" baseprofile=\"tiny\"><path d=\"M18.2 9.3l-6.2-6.3-6.2 6.3c-.2.2-.3.4-.3.7s.1.5.3.7c.2.2.4.3.7.3h11c.3 0 .5-.1.7-.3.2-.2.3-.5.3-.7s-.1-.5-.3-.7zM5.8 14.7l6.2 6.3 6.2-6.3c.2-.2.3-.5.3-.7s-.1-.5-.3-.7c-.2-.2-.4-.3-.7-.3h-11c-.3 0-.5.1-.7.3-.2.2-.3.5-.3.7s.1.5.3.7z\"\/><\/svg><\/span><\/span><\/span><\/a><\/span><\/div>\n<nav><ul class='ez-toc-list ez-toc-list-level-1' ><li class='ez-toc-page-1 ez-toc-heading-level-2'><a class=\"ez-toc-link ez-toc-heading-1\" href=\"https:\/\/mythslegendes.com\/en\/akan-mythology\/anansi-and-the-chameleon\/#Anansi-et-le-Cameleon\" >Anansi and the Chameleon<\/a><\/li><\/ul><\/nav><\/div>\n<h2 class=\"elementor-heading-title elementor-size-default\"><span class=\"ez-toc-section\" id=\"Anansi-et-le-Cameleon\"><\/span>Anansi and the Chameleon<span class=\"ez-toc-section-end\"><\/span><\/h2>\t\t\t\t<\/div>\n\t\t\t\t<\/div>\n\t\t\t\t\t<\/div>\n\t\t<\/div>\n\t\t\t\t\t<\/div>\n\t\t<\/section>\n\t\t\t\t<section class=\"elementor-section elementor-top-section elementor-element elementor-element-49b52b5 elementor-section-boxed elementor-section-height-default elementor-section-height-default\" data-id=\"49b52b5\" data-element_type=\"section\" data-e-type=\"section\">\n\t\t\t\t\t\t<div class=\"elementor-container elementor-column-gap-default\">\n\t\t\t\t\t<div class=\"elementor-column elementor-col-100 elementor-top-column elementor-element elementor-element-8d9382a\" data-id=\"8d9382a\" data-element_type=\"column\" data-e-type=\"column\">\n\t\t\t<div class=\"elementor-widget-wrap elementor-element-populated\">\n\t\t\t\t\t\t<div class=\"elementor-element elementor-element-6f8a3d5 elementor-widget elementor-widget-text-editor\" data-id=\"6f8a3d5\" data-element_type=\"widget\" data-e-type=\"widget\" data-widget_type=\"text-editor.default\">\n\t\t\t\t<div class=\"elementor-widget-container\">\n\t\t\t\t\t\t\t\t\t<p>As we have already said, Anansi was one of God&#039;s favorites. But Anansi grew more conceited and arrogant day by day.<\/p><p>In fact, God became so annoyed with Anansi&#039;s boastfulness that he had &quot;deceived&quot; God in the &quot;Sun and Moon&quot; episode that he was seriously considering withdrawing his patronage from Anansi.<\/p><p>Anansi lived in the same African village as the chameleon.<\/p><p>Anansi was wealthy and had the finest fields in the area, while Chameleon was poor and worked hard in his meager fields to make ends meet.<\/p><p>However, a year of rain fell on Chameleon&#039;s fields, which were now bountiful with good harvests. To teach Anansi a lesson, God let no rain fall on Anansi&#039;s land and the crops dried up and dust blew everywhere.<\/p><p>Anansi then decided to take the fields of Chameleon for himself. Anansi first tried to buy the fields, but Chameleon refused to sell. Anansi offered more and more in exchange, but Chameleon still kept the land. Early one morning, Anansi boldly walked down the road to Chameleon Fields and began harvesting the crops.<\/p><p>When Chameleon saw this, he got very angry and chased Anansi away. When a chameleon walks, it leaves no trace; it&#039;s virtually impossible to tell where a chameleon has been. Knowing this, Anansi took Chameleon to the tribal court to sue for possession of the fields.<\/p><p>The chief asked Chameleon to prove that the fields were his; Chameleon had no proof to offer. Anansi, on the other hand, took the leader to Chameleon Fields, pointing to the many footprints on the road. They were Anansi&#039;s footprints, and the chief assigned the fields to Anansi on the spot.<\/p><p>Although the court decision gave the land to Anansi, God has greater justice than the courts have pronounced. So, God gives Chameleon an idea for a clever plan.<\/p><p>Chameleon dug a very deep hole and put a roof over it. From the outside, the hole looked tiny. But, in fact, Chameleon had dug a vast underground cavern. So the chameleon took vines and flies and made a coat out of them. When the sun hits flies, they glow with a variety of colors, but they are still flies.<\/p><p>Chameleon came down the road wearing this cloak of flies and vines when he met Anansi.<\/p><p>Anansi&#039;s first words to Chameleon were, \u201cHello, my friend. I hope there is no hard feelings between us. Anansi saw what looked like a nice cape and offered to buy it.<\/p><p>Chameleon pretended to be magnanimous and told Anansi that the coat would be his, if only Anansi would fill Chameleon&#039;s &quot;little hole&quot; with food.<br \/>Anansi easily agreed, boasting that he would fill it twice.<\/p><p>Anansi then brought the coat to the chief who had acted as a judge in the trial, and gave the coat to the chief as a gift. The leader admired the coat and thanked him profusely.<\/p><p>Anansi worked day and night to fill Chameleon&#039;s hole with food and the hole still wasn&#039;t full. He worked for weeks and the hole still wasn&#039;t full. After a while, Anansi realized that Chameleon had tricked him.<\/p><p>Meanwhile, the chief walked down the road wearing a coat of flies. One day the vines snapped and the flies buzzed in all directions, leaving the chief naked and livid with anger at Anansi.<\/p><p>The leader was getting angrier and angrier with every step he took, as he began to see Anansi&#039;s vanity and arrogance. When the chief found Anansi, he ordered him not only to return Chameleon&#039;s property, but also to give Chameleon the best of his own fields.<\/p><p>As soon as Chameleon took possession of the best field in Anansi, it rained on that field for the first time in months, and now Chameleon was the richest in the village.<\/p><p>The moral of this African story? \u2013 Vanity and arrogance, just like humility and hard work, have rewards, each in its own way.<\/p>\t\t\t\t\t\t\t\t<\/div>\n\t\t\t\t<\/div>\n\t\t\t\t\t<\/div>\n\t\t<\/div>\n\t\t\t\t\t<\/div>\n\t\t<\/section>\n\t\t\t\t<\/div>","protected":false},"excerpt":{"rendered":"<p>Mythologie Akan Wiki Voici le conte Anansi et le Cam\u00e9l\u00e9on. Anansi et le Cam\u00e9l\u00e9on Comme nous l&rsquo;avons d\u00e9j\u00e0 dit, Anansi &hellip; <\/p>","protected":false},"author":1,"featured_media":0,"parent":4092,"menu_order":0,"comment_status":"closed","ping_status":"closed","template":"","meta":{"footnotes":""},"class_list":["post-22392","page","type-page","status-publish","hentry"],"amp_enabled":true,"_links":{"self":[{"href":"https:\/\/mythslegendes.com\/en\/wp-json\/wp\/v2\/pages\/22392","targetHints":{"allow":["GET"]}}],"collection":[{"href":"https:\/\/mythslegendes.com\/en\/wp-json\/wp\/v2\/pages"}],"about":[{"href":"https:\/\/mythslegendes.com\/en\/wp-json\/wp\/v2\/types\/page"}],"author":[{"embeddable":true,"href":"https:\/\/mythslegendes.com\/en\/wp-json\/wp\/v2\/users\/1"}],"replies":[{"embeddable":true,"href":"https:\/\/mythslegendes.com\/en\/wp-json\/wp\/v2\/comments?post=22392"}],"version-history":[{"count":3,"href":"https:\/\/mythslegendes.com\/en\/wp-json\/wp\/v2\/pages\/22392\/revisions"}],"predecessor-version":[{"id":22397,"href":"https:\/\/mythslegendes.com\/en\/wp-json\/wp\/v2\/pages\/22392\/revisions\/22397"}],"up":[{"embeddable":true,"href":"https:\/\/mythslegendes.com\/en\/wp-json\/wp\/v2\/pages\/4092"}],"wp:attachment":[{"href":"https:\/\/mythslegendes.com\/en\/wp-json\/wp\/v2\/media?parent=22392"}],"curies":[{"name":"wp","href":"https:\/\/api.w.org\/{rel}","templated":true}]}}