{"id":2247,"date":"2020-07-10T13:01:51","date_gmt":"2020-07-10T12:01:51","guid":{"rendered":"https:\/\/mythslegendes.com\/?page_id=2247"},"modified":"2022-12-03T22:07:06","modified_gmt":"2022-12-03T22:07:06","slug":"pantheon-lusitanien","status":"publish","type":"page","link":"https:\/\/mythslegendes.com\/en\/iberian-mythology\/lusitano-pantheon\/","title":{"rendered":"Lusitanian Pantheon"},"content":{"rendered":"<div data-elementor-type=\"wp-page\" data-elementor-id=\"2247\" class=\"elementor elementor-2247\">\n\t\t\t\t\t\t<section class=\"elementor-section elementor-top-section elementor-element elementor-element-6b32b92 elementor-section-boxed elementor-section-height-default elementor-section-height-default\" data-id=\"6b32b92\" data-element_type=\"section\" data-e-type=\"section\">\n\t\t\t\t\t\t<div class=\"elementor-container elementor-column-gap-default\">\n\t\t\t\t\t<div class=\"elementor-column elementor-col-50 elementor-top-column elementor-element elementor-element-58a0ff0\" data-id=\"58a0ff0\" data-element_type=\"column\" data-e-type=\"column\">\n\t\t\t<div class=\"elementor-widget-wrap elementor-element-populated\">\n\t\t\t\t\t\t<div class=\"elementor-element elementor-element-9a4eb74 elementor-align-justify elementor-widget elementor-widget-button\" data-id=\"9a4eb74\" data-element_type=\"widget\" data-e-type=\"widget\" data-widget_type=\"button.default\">\n\t\t\t\t<div class=\"elementor-widget-container\">\n\t\t\t\t\t\t\t\t\t<div class=\"elementor-button-wrapper\">\n\t\t\t\t\t<a class=\"elementor-button elementor-button-link elementor-size-sm\" href=\"https:\/\/mythslegendes.com\/en\/iberian-mythology\/\">\n\t\t\t\t\t\t<span class=\"elementor-button-content-wrapper\">\n\t\t\t\t\t\t\t\t\t<span class=\"elementor-button-text\">Iberian mythology<\/span>\n\t\t\t\t\t<\/span>\n\t\t\t\t\t<\/a>\n\t\t\t\t<\/div>\n\t\t\t\t\t\t\t\t<\/div>\n\t\t\t\t<\/div>\n\t\t\t\t\t<\/div>\n\t\t<\/div>\n\t\t\t\t<div class=\"elementor-column elementor-col-50 elementor-top-column elementor-element elementor-element-31f14cb\" data-id=\"31f14cb\" data-element_type=\"column\" data-e-type=\"column\">\n\t\t\t<div class=\"elementor-widget-wrap elementor-element-populated\">\n\t\t\t\t\t\t<div class=\"elementor-element elementor-element-c5eb0e0 elementor-align-justify elementor-widget elementor-widget-button\" data-id=\"c5eb0e0\" data-element_type=\"widget\" data-e-type=\"widget\" data-widget_type=\"button.default\">\n\t\t\t\t<div class=\"elementor-widget-container\">\n\t\t\t\t\t\t\t\t\t<div class=\"elementor-button-wrapper\">\n\t\t\t\t\t<a class=\"elementor-button elementor-button-link elementor-size-sm\" href=\"https:\/\/en.wikipedia.org\/wiki\/Spanish_mythology\" target=\"_blank\" rel=\"noopener\">\n\t\t\t\t\t\t<span class=\"elementor-button-content-wrapper\">\n\t\t\t\t\t\t\t\t\t<span class=\"elementor-button-text\">Wiki<\/span>\n\t\t\t\t\t<\/span>\n\t\t\t\t\t<\/a>\n\t\t\t\t<\/div>\n\t\t\t\t\t\t\t\t<\/div>\n\t\t\t\t<\/div>\n\t\t\t\t\t<\/div>\n\t\t<\/div>\n\t\t\t\t\t<\/div>\n\t\t<\/section>\n\t\t\t\t<section class=\"elementor-section elementor-top-section elementor-element elementor-element-11ec5f8e elementor-section-boxed elementor-section-height-default elementor-section-height-default\" data-id=\"11ec5f8e\" data-element_type=\"section\" data-e-type=\"section\">\n\t\t\t\t\t\t<div class=\"elementor-container elementor-column-gap-default\">\n\t\t\t\t\t<div class=\"elementor-column elementor-col-100 elementor-top-column elementor-element elementor-element-4d850378\" data-id=\"4d850378\" data-element_type=\"column\" data-e-type=\"column\">\n\t\t\t<div class=\"elementor-widget-wrap elementor-element-populated\">\n\t\t\t\t\t\t<div class=\"elementor-element elementor-element-51170bfa elementor-widget elementor-widget-text-editor\" data-id=\"51170bfa\" data-element_type=\"widget\" data-e-type=\"widget\" data-widget_type=\"text-editor.default\">\n\t\t\t\t<div class=\"elementor-widget-container\">\n\t\t\t\t\t\t\t\t\t\n<p>Here is a non-exhaustive list of the gods and goddesses of the pantheon <a href=\"https:\/\/mythslegendes.com\/en\/iberian-mythology\/\">Lusitano<\/a>.<\/p>\n<p><img decoding=\"async\" class=\"alignnone wp-image-5284 size-full\" src=\"https:\/\/mythslegendes.com\/wp-content\/uploads\/2020\/09\/AlphaOmega-e1602613368367.png\" alt=\"Lusitano pantheon\" width=\"25\" height=\"26\" title=\"\"><\/p>\n<div id=\"ez-toc-container\" class=\"ez-toc-v2_0_82_2 counter-hierarchy ez-toc-counter ez-toc-grey ez-toc-container-direction\">\n<div class=\"ez-toc-title-container\">\n<p class=\"ez-toc-title\" style=\"cursor:inherit\">Contents<\/p>\n<span class=\"ez-toc-title-toggle\"><a href=\"#\" class=\"ez-toc-pull-right ez-toc-btn ez-toc-btn-xs ez-toc-btn-default ez-toc-toggle\" aria-label=\"Toggle Table of Content\"><span class=\"ez-toc-js-icon-con\"><span class=\"\"><span class=\"eztoc-hide\" style=\"display:none;\">Toggle<\/span><span class=\"ez-toc-icon-toggle-span\"><svg style=\"fill: #999;color:#999\" xmlns=\"http:\/\/www.w3.org\/2000\/svg\" class=\"list-377408\" width=\"20px\" height=\"20px\" viewbox=\"0 0 24 24\" fill=\"none\"><path d=\"M6 6H4v2h2V6zm14 0H8v2h12V6zM4 11h2v2H4v-2zm16 0H8v2h12v-2zM4 16h2v2H4v-2zm16 0H8v2h12v-2z\" fill=\"currentColor\"><\/path><\/svg><svg style=\"fill: #999;color:#999\" class=\"arrow-unsorted-368013\" xmlns=\"http:\/\/www.w3.org\/2000\/svg\" width=\"10px\" height=\"10px\" viewbox=\"0 0 24 24\" version=\"1.2\" baseprofile=\"tiny\"><path d=\"M18.2 9.3l-6.2-6.3-6.2 6.3c-.2.2-.3.4-.3.7s.1.5.3.7c.2.2.4.3.7.3h11c.3 0 .5-.1.7-.3.2-.2.3-.5.3-.7s-.1-.5-.3-.7zM5.8 14.7l6.2 6.3 6.2-6.3c.2-.2.3-.5.3-.7s-.1-.5-.3-.7c-.2-.2-.4-.3-.7-.3h-11c-.3 0-.5.1-.7.3-.2.2-.3.5-.3.7s.1.5.3.7z\"\/><\/svg><\/span><\/span><\/span><\/a><\/span><\/div>\n<nav><ul class='ez-toc-list ez-toc-list-level-1' ><li class='ez-toc-page-1 ez-toc-heading-level-2'><a class=\"ez-toc-link ez-toc-heading-1\" href=\"https:\/\/mythslegendes.com\/en\/iberian-mythology\/lusitano-pantheon\/#Pantheon-lusitanien\" >Lusitanian Pantheon<\/a><\/li><\/ul><\/nav><\/div>\n<h2><span class=\"ez-toc-section\" id=\"Pantheon-lusitanien\"><\/span>Lusitanian Pantheon<span class=\"ez-toc-section-end\"><\/span><\/h2>\n<p>Ategina:<br \/>Triple Goddess: of nature, healing, and the night, which would make her a hellish deity. Identified by the Romans as Prosepina, as the goddess of the seasons and spring. A sanctuary is found for him in Elvia. \u00a0<\/p>\n\n<p>Endovelico:<br \/>God of health and well-being. Its associated animal is the boar. There is a temple dedicated to him in S\u00e3o Miguel da Mota in the Alentejo.<\/p>\n\n<p>Ares Lusitania:<br \/>God of horses, identified as the vehicle for transmitting a spiritual request and gaining access to heaven through his triumph in battles or his supreme sacrifice.\u00a0<\/p>\n\n<p>Bandonga<br \/>Goddess of <a href=\"https:\/\/mythslegendes.com\/en\/mythes-et-legendes-celtiques-20\/\">Celts<\/a> Lusitanians, whose name &quot;Band&quot; means in the language <a href=\"https:\/\/mythslegendes.com\/en\/mythes-et-legendes-celtiques-20\/\">Celtic<\/a> &quot;to order&quot; or &quot;to prohibit&quot;, but also a feminine prefix (still used today in <a href=\"https:\/\/mythslegendes.com\/en\/irish-mythology\/\">Ireland<\/a>, for example in Banshee).<br \/><br \/>Bormanico:<br \/>Guardian god of thermal waters.<\/p>\n\n<p>Carioceco:<br \/>Lusitano god of war, equivalent to Mars (Ares).<\/p>\n\n<p>Epona:<br \/>Fertility goddess represented with her cornucopia. Protector of horses who allowed access to the afterlife.<\/p>\n\n<p>Nabia:<br \/>Goddess of rivers and waters<br \/>\u00a0<br \/>Nantosvelta:<br \/>Goddess of nature and the hunt.<br \/><br \/>Runesocesius:<br \/>God of war, he was mysterious and martial in nature. It formed a trilogy with At\u00e9gina and Endov\u00e9lico.<br \/>\u00a0<br \/>Sucellus:<br \/>God of agriculture, flowers and alcoholic beverages. He is often depicted with a barrel of beer suspended from a stake and the hammer of God. His wife is Nantosvelta.<\/p>\n\n<p>Tongoenabiago:<br \/>God of the source of oaths (his name means God of the sworn source). In Braga, a fountain is dedicated to this God for the promises made to him. It is therefore understood that the oaths were sworn by him from the source of his invocation.<\/p>\n\n<p>Trebaruna:<br \/>Initially a household deity, she later adopted her best-known role as a goddess of warrior, battle, and death in battle. Many inscriptions refer to this characteristic of our goddess. The name, explains d&#039;Arbois de Jubainville, an eminent Celtic of the beginning of the century, of Trebo + rune, that is to say &quot;secret of the house&quot;.<\/p>\n\t\t\t\t\t\t\t\t<\/div>\n\t\t\t\t<\/div>\n\t\t\t\t\t<\/div>\n\t\t<\/div>\n\t\t\t\t\t<\/div>\n\t\t<\/section>\n\t\t\t\t<\/div>","protected":false},"excerpt":{"rendered":"<p>Mythologie Ib\u00e9rique Wiki Voici une liste non exhaustive des dieux et d\u00e9esses du panth\u00e9on lusitanien. Panth\u00e9on lusitanien At\u00e9gina\u00a0:Triple D\u00e9esse: de &hellip; <\/p>","protected":false},"author":1,"featured_media":0,"parent":2187,"menu_order":0,"comment_status":"closed","ping_status":"closed","template":"","meta":{"footnotes":""},"class_list":["post-2247","page","type-page","status-publish","hentry"],"amp_enabled":true,"_links":{"self":[{"href":"https:\/\/mythslegendes.com\/en\/wp-json\/wp\/v2\/pages\/2247","targetHints":{"allow":["GET"]}}],"collection":[{"href":"https:\/\/mythslegendes.com\/en\/wp-json\/wp\/v2\/pages"}],"about":[{"href":"https:\/\/mythslegendes.com\/en\/wp-json\/wp\/v2\/types\/page"}],"author":[{"embeddable":true,"href":"https:\/\/mythslegendes.com\/en\/wp-json\/wp\/v2\/users\/1"}],"replies":[{"embeddable":true,"href":"https:\/\/mythslegendes.com\/en\/wp-json\/wp\/v2\/comments?post=2247"}],"version-history":[{"count":1,"href":"https:\/\/mythslegendes.com\/en\/wp-json\/wp\/v2\/pages\/2247\/revisions"}],"predecessor-version":[{"id":24749,"href":"https:\/\/mythslegendes.com\/en\/wp-json\/wp\/v2\/pages\/2247\/revisions\/24749"}],"up":[{"embeddable":true,"href":"https:\/\/mythslegendes.com\/en\/wp-json\/wp\/v2\/pages\/2187"}],"wp:attachment":[{"href":"https:\/\/mythslegendes.com\/en\/wp-json\/wp\/v2\/media?parent=2247"}],"curies":[{"name":"wp","href":"https:\/\/api.w.org\/{rel}","templated":true}]}}