{"id":22902,"date":"2022-09-02T08:31:20","date_gmt":"2022-09-02T08:31:20","guid":{"rendered":"https:\/\/mythslegendes.com\/?page_id=22902"},"modified":"2022-09-02T08:39:50","modified_gmt":"2022-09-02T08:39:50","slug":"tafai-tataa-rotui","status":"publish","type":"page","link":"https:\/\/mythslegendes.com\/en\/tahitian-mythology-of-the-wind\/tafai-tataa-rotui\/","title":{"rendered":"Tafa&#039;i to Tataa and Rotui"},"content":{"rendered":"<div data-elementor-type=\"wp-page\" data-elementor-id=\"22902\" class=\"elementor elementor-22902\">\n\t\t\t\t\t\t<section class=\"elementor-section elementor-top-section elementor-element elementor-element-f5ea36a elementor-section-boxed elementor-section-height-default elementor-section-height-default\" data-id=\"f5ea36a\" data-element_type=\"section\" data-e-type=\"section\">\n\t\t\t\t\t\t<div class=\"elementor-container elementor-column-gap-default\">\n\t\t\t\t\t<div class=\"elementor-column elementor-col-50 elementor-top-column elementor-element elementor-element-2e8b5ab\" data-id=\"2e8b5ab\" data-element_type=\"column\" data-e-type=\"column\">\n\t\t\t<div class=\"elementor-widget-wrap elementor-element-populated\">\n\t\t\t\t\t\t<div class=\"elementor-element elementor-element-d4ac462 elementor-align-justify elementor-widget elementor-widget-button\" data-id=\"d4ac462\" data-element_type=\"widget\" data-e-type=\"widget\" data-widget_type=\"button.default\">\n\t\t\t\t<div class=\"elementor-widget-container\">\n\t\t\t\t\t\t\t\t\t<div class=\"elementor-button-wrapper\">\n\t\t\t\t\t<a class=\"elementor-button elementor-button-link elementor-size-sm\" href=\"https:\/\/mythslegendes.com\/en\/tahitian-mythology-of-the-wind\/\">\n\t\t\t\t\t\t<span class=\"elementor-button-content-wrapper\">\n\t\t\t\t\t\t\t\t\t<span class=\"elementor-button-text\">Tahitian Wind Mythology<\/span>\n\t\t\t\t\t<\/span>\n\t\t\t\t\t<\/a>\n\t\t\t\t<\/div>\n\t\t\t\t\t\t\t\t<\/div>\n\t\t\t\t<\/div>\n\t\t\t\t\t<\/div>\n\t\t<\/div>\n\t\t\t\t<div class=\"elementor-column elementor-col-50 elementor-top-column elementor-element elementor-element-f08bd95\" data-id=\"f08bd95\" data-element_type=\"column\" data-e-type=\"column\">\n\t\t\t<div class=\"elementor-widget-wrap elementor-element-populated\">\n\t\t\t\t\t\t<div class=\"elementor-element elementor-element-63c5480 elementor-align-justify elementor-widget elementor-widget-button\" data-id=\"63c5480\" data-element_type=\"widget\" data-e-type=\"widget\" data-widget_type=\"button.default\">\n\t\t\t\t<div class=\"elementor-widget-container\">\n\t\t\t\t\t\t\t\t\t<div class=\"elementor-button-wrapper\">\n\t\t\t\t\t<a class=\"elementor-button elementor-button-link elementor-size-sm\" href=\"https:\/\/www.tahitiheritage.pf\/tafai-poursuit-ame-femme-decedee\/\" target=\"_blank\" rel=\"noopener\">\n\t\t\t\t\t\t<span class=\"elementor-button-content-wrapper\">\n\t\t\t\t\t\t\t\t\t<span class=\"elementor-button-text\">Wiki<\/span>\n\t\t\t\t\t<\/span>\n\t\t\t\t\t<\/a>\n\t\t\t\t<\/div>\n\t\t\t\t\t\t\t\t<\/div>\n\t\t\t\t<\/div>\n\t\t\t\t\t<\/div>\n\t\t<\/div>\n\t\t\t\t\t<\/div>\n\t\t<\/section>\n\t\t\t\t<section class=\"elementor-section elementor-top-section elementor-element elementor-element-98841a5 elementor-section-boxed elementor-section-height-default elementor-section-height-default\" data-id=\"98841a5\" data-element_type=\"section\" data-e-type=\"section\">\n\t\t\t\t\t\t<div class=\"elementor-container elementor-column-gap-default\">\n\t\t\t\t\t<div class=\"elementor-column elementor-col-100 elementor-top-column elementor-element elementor-element-da19492\" data-id=\"da19492\" data-element_type=\"column\" data-e-type=\"column\">\n\t\t\t<div class=\"elementor-widget-wrap elementor-element-populated\">\n\t\t\t\t\t\t<div class=\"elementor-element elementor-element-37044c0 elementor-widget elementor-widget-text-editor\" data-id=\"37044c0\" data-element_type=\"widget\" data-e-type=\"widget\" data-widget_type=\"text-editor.default\">\n\t\t\t\t<div class=\"elementor-widget-container\">\n\t\t\t\t\t\t\t\t\t<p>After his many exploits, such as his descent into the kingdom of darkness, the Po, or his fight against the Moiri pig in Hawaii, <a href=\"https:\/\/mythslegendes.com\/en\/tahitian-mythology-of-the-wind\/\">Tafa&#039;i<\/a>, the legendary Polynesian hero seeks in Tataa and Mount Rotui the soul of his wife Hina who has just died. He barely catches her by the hair at the edge of the spirit world.<\/p><p><img decoding=\"async\" class=\"alignnone wp-image-9347 size-full\" src=\"http:\/\/mythslegendes.com\/wp-content\/uploads\/2020\/09\/cropped-AlphaOmega-e1602613368367.png\" alt=\"auntie rotui\" width=\"25\" height=\"25\" title=\"\"><\/p>\t\t\t\t\t\t\t\t<\/div>\n\t\t\t\t<\/div>\n\t\t\t\t\t<\/div>\n\t\t<\/div>\n\t\t\t\t\t<\/div>\n\t\t<\/section>\n\t\t\t\t<section class=\"elementor-section elementor-top-section elementor-element elementor-element-043700c elementor-section-boxed elementor-section-height-default elementor-section-height-default\" data-id=\"043700c\" data-element_type=\"section\" data-e-type=\"section\">\n\t\t\t\t\t\t<div class=\"elementor-container elementor-column-gap-default\">\n\t\t\t\t\t<div class=\"elementor-column elementor-col-100 elementor-top-column elementor-element elementor-element-57e21e0\" data-id=\"57e21e0\" data-element_type=\"column\" data-e-type=\"column\">\n\t\t\t<div class=\"elementor-widget-wrap elementor-element-populated\">\n\t\t\t\t\t\t<div class=\"elementor-element elementor-element-79c6ca2 elementor-widget elementor-widget-heading\" data-id=\"79c6ca2\" data-element_type=\"widget\" data-e-type=\"widget\" data-widget_type=\"heading.default\">\n\t\t\t\t<div class=\"elementor-widget-container\">\n\t\t\t\t\t<div id=\"ez-toc-container\" class=\"ez-toc-v2_0_82_2 counter-hierarchy ez-toc-counter ez-toc-grey ez-toc-container-direction\">\n<div class=\"ez-toc-title-container\">\n<p class=\"ez-toc-title\" style=\"cursor:inherit\">Contents<\/p>\n<span class=\"ez-toc-title-toggle\"><a href=\"#\" class=\"ez-toc-pull-right ez-toc-btn ez-toc-btn-xs ez-toc-btn-default ez-toc-toggle\" aria-label=\"Toggle Table of Content\"><span class=\"ez-toc-js-icon-con\"><span class=\"\"><span class=\"eztoc-hide\" style=\"display:none;\">Toggle<\/span><span class=\"ez-toc-icon-toggle-span\"><svg style=\"fill: #999;color:#999\" xmlns=\"http:\/\/www.w3.org\/2000\/svg\" class=\"list-377408\" width=\"20px\" height=\"20px\" viewbox=\"0 0 24 24\" fill=\"none\"><path d=\"M6 6H4v2h2V6zm14 0H8v2h12V6zM4 11h2v2H4v-2zm16 0H8v2h12v-2zM4 16h2v2H4v-2zm16 0H8v2h12v-2z\" fill=\"currentColor\"><\/path><\/svg><svg style=\"fill: #999;color:#999\" class=\"arrow-unsorted-368013\" xmlns=\"http:\/\/www.w3.org\/2000\/svg\" width=\"10px\" height=\"10px\" viewbox=\"0 0 24 24\" version=\"1.2\" baseprofile=\"tiny\"><path d=\"M18.2 9.3l-6.2-6.3-6.2 6.3c-.2.2-.3.4-.3.7s.1.5.3.7c.2.2.4.3.7.3h11c.3 0 .5-.1.7-.3.2-.2.3-.5.3-.7s-.1-.5-.3-.7zM5.8 14.7l6.2 6.3 6.2-6.3c.2-.2.3-.5.3-.7s-.1-.5-.3-.7c-.2-.2-.4-.3-.7-.3h-11c-.3 0-.5.1-.7.3-.2.2-.3.5-.3.7s.1.5.3.7z\"\/><\/svg><\/span><\/span><\/span><\/a><\/span><\/div>\n<nav><ul class='ez-toc-list ez-toc-list-level-1' ><li class='ez-toc-page-1 ez-toc-heading-level-2'><a class=\"ez-toc-link ez-toc-heading-1\" href=\"https:\/\/mythslegendes.com\/en\/tahitian-mythology-of-the-wind\/tafai-tataa-rotui\/#Tafai-cherche-sa-femme-a-Tataa-et-Rotui\" >Tafa&#039;i is looking for his wife in Tataa and Rotui<\/a><\/li><\/ul><\/nav><\/div>\n<h2 class=\"elementor-heading-title elementor-size-default\"><span class=\"ez-toc-section\" id=\"Tafai-cherche-sa-femme-a-Tataa-et-Rotui\"><\/span>Tafa&#039;i is looking for his wife in Tataa and Rotui<span class=\"ez-toc-section-end\"><\/span><\/h2>\t\t\t\t<\/div>\n\t\t\t\t<\/div>\n\t\t\t\t\t<\/div>\n\t\t<\/div>\n\t\t\t\t\t<\/div>\n\t\t<\/section>\n\t\t\t\t<section class=\"elementor-section elementor-top-section elementor-element elementor-element-ee24d57 elementor-section-boxed elementor-section-height-default elementor-section-height-default\" data-id=\"ee24d57\" data-element_type=\"section\" data-e-type=\"section\">\n\t\t\t\t\t\t<div class=\"elementor-container elementor-column-gap-default\">\n\t\t\t\t\t<div class=\"elementor-column elementor-col-100 elementor-top-column elementor-element elementor-element-cc96521\" data-id=\"cc96521\" data-element_type=\"column\" data-e-type=\"column\">\n\t\t\t<div class=\"elementor-widget-wrap elementor-element-populated\">\n\t\t\t\t\t\t<div class=\"elementor-element elementor-element-ef0ce38 elementor-widget elementor-widget-text-editor\" data-id=\"ef0ce38\" data-element_type=\"widget\" data-e-type=\"widget\" data-widget_type=\"text-editor.default\">\n\t\t\t\t<div class=\"elementor-widget-container\">\n\t\t\t\t\t\t\t\t\t<p>One day when he was returning from a long journey, he had the sorrow of finding his wife dead. She had just died and her body, still warm, lay on an altar in the ancestral marae guarded by the tahua (priests) and family. Soon, in his distress Tafa&#039;i decided to dispute it with the Gods!<\/p><p>Having asked the tahua which side his wife&#039;s soul had fled to. This one tells her that she left the sacred places and was for the moment with other souls in Tata&#039;a, in the North-West of <a href=\"https:\/\/mythslegendes.com\/en\/tahitian-mythology-of-the-wind\/\">Tahiti<\/a>. The promontory of Tataa is in fact the take-off point for the souls (rereraa varua) of Tahiti before leaving for Paradise or the Darkness of <a href=\"https:\/\/mythslegendes.com\/en\/tahitian-mythology-leeward\/\">Raiatea<\/a>.<\/p><p>Tafa&#039;i, wasting no time, grabbed his big paddle and put his canoe Niu into the sea, then he launched himself on the calm waters of the lagoon and arrived in Punaauia at nightfall just in time to see the departure souls.<\/p><p>He learned that his wife&#039;s soul had recently departed for Mount Rotui on Moorea, where souls take flight for Mount Temehani in Raiatea, which was the last place from which they could return to this world.<\/p><p>He rushed to Mount Rotui and in a short time found himself at the top. But there again he found that Hina&#039;s soul had already left for some time.<\/p><p>Undeterred Tafa&#039;i picked up his canoe and flew it to Ra&#039;iatea and without stopping climbed Mount Temehani to a certain place on the mountain from which two paths started, one towards the cliff on the right called &quot;Stone of life&quot; (Te \u00f2fa\u00ec ora) from where the spirits ascended to the R\u00f4hutu no&#039;ano&#039;a (paradise). The other path descended into the gaping crater of Temehani and from there went into the Po auahi (hell).<\/p><p>The moon was setting and the morning star announced the day when Tafa&#039;i arrived in this place, he found there the god T\u00fb-ta-horoa who guarded the access to the paths. Tafa&#039;i asked him if Hina his wife had already crossed this place and, to his great relief, the god answered him that she had not arrived yet. He added that Tafa&#039;i needed to hide in the bushes and gather strength so he could capture her in flight, as this was the last place from which souls could be brought back to this world.<\/p><p>Out of breath Tafa&#039;i hid and hardly had he regained his strength when he heard the sound of leaves moving; it was the god telling him to be ready.<\/p><p>Soon Tafa&#039;i saw the tall stature of his wife who was so familiar to him, she advanced on the edge of the rock then moved away abruptly sensing the presence of a human being. At that moment, and before she could fly towards the Stone of Life where she would have escaped her, Tafa&#039;i made a prodigious leap in the air and seized her by the hair. Hina struggled vigorously as she looked forward to going to the spirit world, but her husband held firm and, after hearing Tu-ta-horoa tell her that the time had not yet come for her to leave this world, she decided to return with her husband.<\/p><p>Once back in &#039;Uporu (Mahina), Hina reintegrated her body which was still in a state and everyone rejoiced at the happy return of Tafa&#039;i and his wife from the confines of the spirit world.<\/p>\t\t\t\t\t\t\t\t<\/div>\n\t\t\t\t<\/div>\n\t\t\t\t\t<\/div>\n\t\t<\/div>\n\t\t\t\t\t<\/div>\n\t\t<\/section>\n\t\t\t\t<\/div>","protected":false},"excerpt":{"rendered":"<p>Tahitian Wind Mythology Wiki After his many exploits, such as his descent into the kingdom of darkness, the Po, or his \u2026 <\/p>","protected":false},"author":1,"featured_media":0,"parent":9989,"menu_order":0,"comment_status":"closed","ping_status":"closed","template":"","meta":{"footnotes":""},"class_list":["post-22902","page","type-page","status-publish","hentry"],"amp_enabled":true,"_links":{"self":[{"href":"https:\/\/mythslegendes.com\/en\/wp-json\/wp\/v2\/pages\/22902","targetHints":{"allow":["GET"]}}],"collection":[{"href":"https:\/\/mythslegendes.com\/en\/wp-json\/wp\/v2\/pages"}],"about":[{"href":"https:\/\/mythslegendes.com\/en\/wp-json\/wp\/v2\/types\/page"}],"author":[{"embeddable":true,"href":"https:\/\/mythslegendes.com\/en\/wp-json\/wp\/v2\/users\/1"}],"replies":[{"embeddable":true,"href":"https:\/\/mythslegendes.com\/en\/wp-json\/wp\/v2\/comments?post=22902"}],"version-history":[{"count":3,"href":"https:\/\/mythslegendes.com\/en\/wp-json\/wp\/v2\/pages\/22902\/revisions"}],"predecessor-version":[{"id":22914,"href":"https:\/\/mythslegendes.com\/en\/wp-json\/wp\/v2\/pages\/22902\/revisions\/22914"}],"up":[{"embeddable":true,"href":"https:\/\/mythslegendes.com\/en\/wp-json\/wp\/v2\/pages\/9989"}],"wp:attachment":[{"href":"https:\/\/mythslegendes.com\/en\/wp-json\/wp\/v2\/media?parent=22902"}],"curies":[{"name":"wp","href":"https:\/\/api.w.org\/{rel}","templated":true}]}}