{"id":24118,"date":"2022-10-17T17:31:52","date_gmt":"2022-10-17T17:31:52","guid":{"rendered":"https:\/\/mythslegendes.com\/?page_id=24118"},"modified":"2022-10-17T17:37:02","modified_gmt":"2022-10-17T17:37:02","slug":"wan-ok-phansa","status":"publish","type":"page","link":"https:\/\/mythslegendes.com\/en\/wan-ok-phansa\/","title":{"rendered":"Wan Ok Phansa"},"content":{"rendered":"\t\t<div data-elementor-type=\"wp-page\" data-elementor-id=\"24118\" class=\"elementor elementor-24118\">\n\t\t\t\t\t\t<section class=\"elementor-section elementor-top-section elementor-element elementor-element-4d97389 elementor-section-boxed elementor-section-height-default elementor-section-height-default\" data-id=\"4d97389\" data-element_type=\"section\" data-e-type=\"section\">\n\t\t\t\t\t\t<div class=\"elementor-container elementor-column-gap-default\">\n\t\t\t\t\t<div class=\"elementor-column elementor-col-50 elementor-top-column elementor-element elementor-element-7ec0353\" data-id=\"7ec0353\" data-element_type=\"column\" data-e-type=\"column\">\n\t\t\t<div class=\"elementor-widget-wrap elementor-element-populated\">\n\t\t\t\t\t\t<div class=\"elementor-element elementor-element-6432f60 elementor-align-justify elementor-widget elementor-widget-button\" data-id=\"6432f60\" data-element_type=\"widget\" data-e-type=\"widget\" data-widget_type=\"button.default\">\n\t\t\t\t<div class=\"elementor-widget-container\">\n\t\t\t\t\t\t\t\t\t<div class=\"elementor-button-wrapper\">\n\t\t\t\t\t<a class=\"elementor-button elementor-button-link elementor-size-sm\" href=\"https:\/\/mythslegendes.com\/calendrier-octobre-342\/\">\n\t\t\t\t\t\t<span class=\"elementor-button-content-wrapper\">\n\t\t\t\t\t\t\t\t\t<span class=\"elementor-button-text\">F\u00eates d'Octobre<\/span>\n\t\t\t\t\t<\/span>\n\t\t\t\t\t<\/a>\n\t\t\t\t<\/div>\n\t\t\t\t\t\t\t\t<\/div>\n\t\t\t\t<\/div>\n\t\t\t\t\t<\/div>\n\t\t<\/div>\n\t\t\t\t<div class=\"elementor-column elementor-col-50 elementor-top-column elementor-element elementor-element-b1a064a\" data-id=\"b1a064a\" data-element_type=\"column\" data-e-type=\"column\">\n\t\t\t<div class=\"elementor-widget-wrap elementor-element-populated\">\n\t\t\t\t\t\t<div class=\"elementor-element elementor-element-8a80194 elementor-align-justify elementor-widget elementor-widget-button\" data-id=\"8a80194\" data-element_type=\"widget\" data-e-type=\"widget\" data-widget_type=\"button.default\">\n\t\t\t\t<div class=\"elementor-widget-container\">\n\t\t\t\t\t\t\t\t\t<div class=\"elementor-button-wrapper\">\n\t\t\t\t\t<a class=\"elementor-button elementor-button-link elementor-size-sm\" href=\"https:\/\/www.facebook.com\/mythslegendes\" target=\"_blank\" rel=\"noopener\">\n\t\t\t\t\t\t<span class=\"elementor-button-content-wrapper\">\n\t\t\t\t\t\t\t\t\t<span class=\"elementor-button-text\">F\u00eates du jour<\/span>\n\t\t\t\t\t<\/span>\n\t\t\t\t\t<\/a>\n\t\t\t\t<\/div>\n\t\t\t\t\t\t\t\t<\/div>\n\t\t\t\t<\/div>\n\t\t\t\t\t<\/div>\n\t\t<\/div>\n\t\t\t\t\t<\/div>\n\t\t<\/section>\n\t\t\t\t<section class=\"elementor-section elementor-top-section elementor-element elementor-element-9c3f060 elementor-section-boxed elementor-section-height-default elementor-section-height-default\" data-id=\"9c3f060\" data-element_type=\"section\" data-e-type=\"section\">\n\t\t\t\t\t\t<div class=\"elementor-container elementor-column-gap-default\">\n\t\t\t\t\t<div class=\"elementor-column elementor-col-100 elementor-top-column elementor-element elementor-element-1b97272\" data-id=\"1b97272\" data-element_type=\"column\" data-e-type=\"column\">\n\t\t\t<div class=\"elementor-widget-wrap elementor-element-populated\">\n\t\t\t\t\t\t<div class=\"elementor-element elementor-element-80ef550 elementor-widget elementor-widget-text-editor\" data-id=\"80ef550\" data-element_type=\"widget\" data-e-type=\"widget\" data-widget_type=\"text-editor.default\">\n\t\t\t\t<div class=\"elementor-widget-container\">\n\t\t\t\t\t\t\t\t\t<p>Wan Ok Phansa ( tha\u00ef : \u0e27\u0e31\u0e19\u0e2d\u0e2d\u0e01\u0e1e\u0e23\u0e23\u0e29\u0e32 ; litt\u00e9ralement \u00ab\u00a0jour de sortie de Vassa\u00a0\u00bb, \u0e2d\u0e2d\u0e01 en tha\u00ef signifiant sortie ou cong\u00e9) est le dernier jour de l&rsquo;observance tha\u00ef-lao de Vassa. Il se produit en octobre, trois mois lunaires apr\u00e8s le d\u00e9but de Vassa, connu sous le nom de Wan Khao Phansa (tha\u00ef : \u0e27\u0e31\u0e19\u0e40\u0e02\u0e49\u0e32\u0e1e\u0e23\u0e23\u0e29\u0e32).<\/p><p><img decoding=\"async\" class=\"alignnone wp-image-9347 size-full\" src=\"https:\/\/mythslegendes.com\/wp-content\/uploads\/2020\/09\/cropped-AlphaOmega-e1602613368367.png\" alt=\"Wan Ok Phansa\" width=\"25\" height=\"25\" title=\"\"><\/p>\t\t\t\t\t\t\t\t<\/div>\n\t\t\t\t<\/div>\n\t\t\t\t\t<\/div>\n\t\t<\/div>\n\t\t\t\t\t<\/div>\n\t\t<\/section>\n\t\t\t\t<section class=\"elementor-section elementor-top-section elementor-element elementor-element-0f754a3 elementor-section-boxed elementor-section-height-default elementor-section-height-default\" data-id=\"0f754a3\" data-element_type=\"section\" data-e-type=\"section\">\n\t\t\t\t\t\t<div class=\"elementor-container elementor-column-gap-default\">\n\t\t\t\t\t<div class=\"elementor-column elementor-col-100 elementor-top-column elementor-element elementor-element-3814ef4\" data-id=\"3814ef4\" data-element_type=\"column\" data-e-type=\"column\">\n\t\t\t<div class=\"elementor-widget-wrap elementor-element-populated\">\n\t\t\t\t\t\t<div class=\"elementor-element elementor-element-5ce3f5e elementor-widget elementor-widget-heading\" data-id=\"5ce3f5e\" data-element_type=\"widget\" data-e-type=\"widget\" data-widget_type=\"heading.default\">\n\t\t\t\t<div class=\"elementor-widget-container\">\n\t\t\t\t\t<div id=\"ez-toc-container\" class=\"ez-toc-v2_0_82_2 counter-hierarchy ez-toc-counter ez-toc-grey ez-toc-container-direction\">\n<div class=\"ez-toc-title-container\">\n<p class=\"ez-toc-title\" style=\"cursor:inherit\">Contenus<\/p>\n<span class=\"ez-toc-title-toggle\"><a href=\"#\" class=\"ez-toc-pull-right ez-toc-btn ez-toc-btn-xs ez-toc-btn-default ez-toc-toggle\" aria-label=\"Toggle Table of Content\"><span class=\"ez-toc-js-icon-con\"><span class=\"\"><span class=\"eztoc-hide\" style=\"display:none;\">Toggle<\/span><span class=\"ez-toc-icon-toggle-span\"><svg style=\"fill: #999;color:#999\" xmlns=\"http:\/\/www.w3.org\/2000\/svg\" class=\"list-377408\" width=\"20px\" height=\"20px\" viewBox=\"0 0 24 24\" fill=\"none\"><path d=\"M6 6H4v2h2V6zm14 0H8v2h12V6zM4 11h2v2H4v-2zm16 0H8v2h12v-2zM4 16h2v2H4v-2zm16 0H8v2h12v-2z\" fill=\"currentColor\"><\/path><\/svg><svg style=\"fill: #999;color:#999\" class=\"arrow-unsorted-368013\" xmlns=\"http:\/\/www.w3.org\/2000\/svg\" width=\"10px\" height=\"10px\" viewBox=\"0 0 24 24\" version=\"1.2\" baseProfile=\"tiny\"><path d=\"M18.2 9.3l-6.2-6.3-6.2 6.3c-.2.2-.3.4-.3.7s.1.5.3.7c.2.2.4.3.7.3h11c.3 0 .5-.1.7-.3.2-.2.3-.5.3-.7s-.1-.5-.3-.7zM5.8 14.7l6.2 6.3 6.2-6.3c.2-.2.3-.5.3-.7s-.1-.5-.3-.7c-.2-.2-.4-.3-.7-.3h-11c-.3 0-.5.1-.7.3-.2.2-.3.5-.3.7s.1.5.3.7z\"\/><\/svg><\/span><\/span><\/span><\/a><\/span><\/div>\n<nav><ul class='ez-toc-list ez-toc-list-level-1 ' ><li class='ez-toc-page-1 ez-toc-heading-level-2'><a class=\"ez-toc-link ez-toc-heading-1\" href=\"https:\/\/mythslegendes.com\/en\/wan-ok-phansa\/#Wan-Ok-Phansa-la-fin-de-la-periode-de-Vassa\" >Wan Ok Phansa, la fin de la p\u00e9riode de Vassa<\/a><\/li><\/ul><\/nav><\/div>\n<h2 class=\"elementor-heading-title elementor-size-default\"><span class=\"ez-toc-section\" id=\"Wan-Ok-Phansa-la-fin-de-la-periode-de-Vassa\"><\/span>Wan Ok Phansa, la fin de la p\u00e9riode de Vassa<span class=\"ez-toc-section-end\"><\/span><\/h2>\t\t\t\t<\/div>\n\t\t\t\t<\/div>\n\t\t\t\t\t<\/div>\n\t\t<\/div>\n\t\t\t\t\t<\/div>\n\t\t<\/section>\n\t\t\t\t<section class=\"elementor-section elementor-top-section elementor-element elementor-element-5a536f3 elementor-section-boxed elementor-section-height-default elementor-section-height-default\" data-id=\"5a536f3\" data-element_type=\"section\" data-e-type=\"section\">\n\t\t\t\t\t\t<div class=\"elementor-container elementor-column-gap-default\">\n\t\t\t\t\t<div class=\"elementor-column elementor-col-100 elementor-top-column elementor-element elementor-element-8338468\" data-id=\"8338468\" data-element_type=\"column\" data-e-type=\"column\">\n\t\t\t<div class=\"elementor-widget-wrap elementor-element-populated\">\n\t\t\t\t\t\t<div class=\"elementor-element elementor-element-6b8b1d2 elementor-widget elementor-widget-text-editor\" data-id=\"6b8b1d2\" data-element_type=\"widget\" data-e-type=\"widget\" data-widget_type=\"text-editor.default\">\n\t\t\t\t<div class=\"elementor-widget-container\">\n\t\t\t\t\t\t\t\t\t<p>La journ\u00e9e est c\u00e9l\u00e9br\u00e9e en Isan par des processions de bateaux illumin\u00e9s ( tha\u00ef : \u0e44\u0e2b\u0e25\u0e40\u0e23\u0e37\u0e2d\u0e44\u0e1f lai ruea fai , nord-est de la Tha\u00eflande : \u0e44\u0e2b\u0e25\u0e40\u0e2e\u0e37\u0e2d\u0e44\u0e1f lai huea fai ), notamment dans la province de Nakhon Phanom sur le M\u00e9kong et \u00e0 Ubon Ratchathani sur la rivi\u00e8re Mun .<\/p><p>Les principales c\u00e9r\u00e9monies comportent des bateaux de 8 \u00e0 10 m\u00e8tres de long, autrefois en bois de bananier ou en bambou mais maintenant parfois en d&rsquo;autres mat\u00e9riaux. Les bateaux sont remplis d&rsquo;offrandes telles que le khao tom (bonbons au riz gluant envelopp\u00e9s dans des feuilles de bananier) et d\u00e9cor\u00e9s \u00e0 l&rsquo;ext\u00e9rieur de fleurs, de bougies et de lampes. Les bateaux sont mis \u00e0 l&rsquo;eau le soir.<\/p><p>De plus, certains c\u00e9l\u00e9brants lancent individuellement leurs propres navires, plus petits. Des courses de bateaux ont \u00e9galement lieu \u00e0 cette \u00e9poque dans de nombreux endroits du pays afin de plaire aux esprits N\u0101ga. Le long du M\u00e9kong, les gens lancent de petites montgolfi\u00e8res, agissant comme des lanternes, autour de la nuit de Wan Ok Phansa.<\/p><p>Lancer les bateaux (ou les lanternes) symbolise vos souhaits mais aussi l&rsquo;\u00e9limination des sentiments n\u00e9gatifs inutiles.<\/p>\t\t\t\t\t\t\t\t<\/div>\n\t\t\t\t<\/div>\n\t\t\t\t\t<\/div>\n\t\t<\/div>\n\t\t\t\t\t<\/div>\n\t\t<\/section>\n\t\t\t\t<section class=\"elementor-section elementor-top-section elementor-element elementor-element-d5c2de1 elementor-section-boxed elementor-section-height-default elementor-section-height-default\" data-id=\"d5c2de1\" data-element_type=\"section\" data-e-type=\"section\">\n\t\t\t\t\t\t<div class=\"elementor-container elementor-column-gap-default\">\n\t\t\t\t\t<div class=\"elementor-column elementor-col-100 elementor-top-column elementor-element elementor-element-dad1cd7\" data-id=\"dad1cd7\" data-element_type=\"column\" data-e-type=\"column\">\n\t\t\t<div class=\"elementor-widget-wrap elementor-element-populated\">\n\t\t\t\t\t\t<div class=\"elementor-element elementor-element-6bebfa0 elementor-widget elementor-widget-text-editor\" data-id=\"6bebfa0\" data-element_type=\"widget\" data-e-type=\"widget\" data-widget_type=\"text-editor.default\">\n\t\t\t\t<div class=\"elementor-widget-container\">\n\t\t\t\t\t\t\t\t\t<p>Voici le texte de nos r\u00e9seaux sociaux :<\/p><p>Aujourd&rsquo;hui, les bouddhistes tha\u00eflandais f\u00eatent Wan Ok Phansa. Le soir, des bateaux richement d\u00e9cor\u00e9s, illumin\u00e9s et garnis de nourritures sont offerts aux fleuves pour satisfaire les esprits Naga. <a class=\"x1i10hfl xjbqb8w x6umtig x1b1mbwd xaqea5y xav7gou x9f619 x1ypdohk xt0psk2 xe8uvvx xdj266r x11i5rnm xat24cr x1mh8g0r xexx8yu x4uap5 x18d9i69 xkhd6sd x16tdsg8 x1hl2dhg xggy1nq x1a2a7pz xt0b8zv x1fey0fg\" tabindex=\"0\" role=\"link\" href=\"https:\/\/www.facebook.com\/hashtag\/mythologie?__cft__[0]=AZXtyNKtFjeH_hafWVX2BLwbLGb9rwx5fVU2BnKGDZLJIXAdqHb3KN_Dm5rbrh3yt2rXT1iwHXBG94qKEPnmI6EciHOYO0N9qxuvnwpj2Vab-Mcv9YII0Zp52XzI5gk5aOU&amp;__tn__=*NK-R\" target=\"_blank\" rel=\"noopener\">#mythologie<\/a> <a class=\"x1i10hfl xjbqb8w x6umtig x1b1mbwd xaqea5y xav7gou x9f619 x1ypdohk xt0psk2 xe8uvvx xdj266r x11i5rnm xat24cr x1mh8g0r xexx8yu x4uap5 x18d9i69 xkhd6sd x16tdsg8 x1hl2dhg xggy1nq x1a2a7pz xt0b8zv x1fey0fg\" tabindex=\"0\" role=\"link\" href=\"https:\/\/www.facebook.com\/hashtag\/mythe?__cft__[0]=AZXtyNKtFjeH_hafWVX2BLwbLGb9rwx5fVU2BnKGDZLJIXAdqHb3KN_Dm5rbrh3yt2rXT1iwHXBG94qKEPnmI6EciHOYO0N9qxuvnwpj2Vab-Mcv9YII0Zp52XzI5gk5aOU&amp;__tn__=*NK-R\" target=\"_blank\" rel=\"noopener\">#mythe<\/a> <a class=\"x1i10hfl xjbqb8w x6umtig x1b1mbwd xaqea5y xav7gou x9f619 x1ypdohk xt0psk2 xe8uvvx xdj266r x11i5rnm xat24cr x1mh8g0r xexx8yu x4uap5 x18d9i69 xkhd6sd x16tdsg8 x1hl2dhg xggy1nq x1a2a7pz xt0b8zv x1fey0fg\" tabindex=\"0\" role=\"link\" href=\"https:\/\/www.facebook.com\/hashtag\/l%C3%A9gende?__cft__[0]=AZXtyNKtFjeH_hafWVX2BLwbLGb9rwx5fVU2BnKGDZLJIXAdqHb3KN_Dm5rbrh3yt2rXT1iwHXBG94qKEPnmI6EciHOYO0N9qxuvnwpj2Vab-Mcv9YII0Zp52XzI5gk5aOU&amp;__tn__=*NK-R\" target=\"_blank\" rel=\"noopener\">#l\u00e9gende<\/a> <a class=\"x1i10hfl xjbqb8w x6umtig x1b1mbwd xaqea5y xav7gou x9f619 x1ypdohk xt0psk2 xe8uvvx xdj266r x11i5rnm xat24cr x1mh8g0r xexx8yu x4uap5 x18d9i69 xkhd6sd x16tdsg8 x1hl2dhg xggy1nq x1a2a7pz xt0b8zv x1fey0fg\" tabindex=\"0\" role=\"link\" href=\"https:\/\/www.facebook.com\/hashtag\/calendrier?__cft__[0]=AZXtyNKtFjeH_hafWVX2BLwbLGb9rwx5fVU2BnKGDZLJIXAdqHb3KN_Dm5rbrh3yt2rXT1iwHXBG94qKEPnmI6EciHOYO0N9qxuvnwpj2Vab-Mcv9YII0Zp52XzI5gk5aOU&amp;__tn__=*NK-R\" target=\"_blank\" rel=\"noopener\">#calendrier<\/a> <a class=\"x1i10hfl xjbqb8w x6umtig x1b1mbwd xaqea5y xav7gou x9f619 x1ypdohk xt0psk2 xe8uvvx xdj266r x11i5rnm xat24cr x1mh8g0r xexx8yu x4uap5 x18d9i69 xkhd6sd x16tdsg8 x1hl2dhg xggy1nq x1a2a7pz xt0b8zv x1fey0fg\" tabindex=\"0\" role=\"link\" href=\"https:\/\/www.facebook.com\/hashtag\/wanokphansa?__cft__[0]=AZXtyNKtFjeH_hafWVX2BLwbLGb9rwx5fVU2BnKGDZLJIXAdqHb3KN_Dm5rbrh3yt2rXT1iwHXBG94qKEPnmI6EciHOYO0N9qxuvnwpj2Vab-Mcv9YII0Zp52XzI5gk5aOU&amp;__tn__=*NK-R\" target=\"_blank\" rel=\"noopener\">#wanokphansa<\/a> <a class=\"x1i10hfl xjbqb8w x6umtig x1b1mbwd xaqea5y xav7gou x9f619 x1ypdohk xt0psk2 xe8uvvx xdj266r x11i5rnm xat24cr x1mh8g0r xexx8yu x4uap5 x18d9i69 xkhd6sd x16tdsg8 x1hl2dhg xggy1nq x1a2a7pz xt0b8zv x1fey0fg\" tabindex=\"0\" role=\"link\" href=\"https:\/\/www.facebook.com\/hashtag\/bouddhisme?__cft__[0]=AZXtyNKtFjeH_hafWVX2BLwbLGb9rwx5fVU2BnKGDZLJIXAdqHb3KN_Dm5rbrh3yt2rXT1iwHXBG94qKEPnmI6EciHOYO0N9qxuvnwpj2Vab-Mcv9YII0Zp52XzI5gk5aOU&amp;__tn__=*NK-R\" target=\"_blank\" rel=\"noopener\">#bouddhisme<\/a> <a class=\"x1i10hfl xjbqb8w x6umtig x1b1mbwd xaqea5y xav7gou x9f619 x1ypdohk xt0psk2 xe8uvvx xdj266r x11i5rnm xat24cr x1mh8g0r xexx8yu x4uap5 x18d9i69 xkhd6sd x16tdsg8 x1hl2dhg xggy1nq x1a2a7pz xt0b8zv x1fey0fg\" tabindex=\"0\" role=\"link\" href=\"https:\/\/www.facebook.com\/hashtag\/mekong?__cft__[0]=AZXtyNKtFjeH_hafWVX2BLwbLGb9rwx5fVU2BnKGDZLJIXAdqHb3KN_Dm5rbrh3yt2rXT1iwHXBG94qKEPnmI6EciHOYO0N9qxuvnwpj2Vab-Mcv9YII0Zp52XzI5gk5aOU&amp;__tn__=*NK-R\" target=\"_blank\" rel=\"noopener\">#mekong<\/a><\/p>\t\t\t\t\t\t\t\t<\/div>\n\t\t\t\t<\/div>\n\t\t\t\t\t<\/div>\n\t\t<\/div>\n\t\t\t\t\t<\/div>\n\t\t<\/section>\n\t\t\t\t<section class=\"elementor-section elementor-top-section elementor-element elementor-element-2fe3737 elementor-section-boxed elementor-section-height-default elementor-section-height-default\" data-id=\"2fe3737\" data-element_type=\"section\" data-e-type=\"section\">\n\t\t\t\t\t\t<div class=\"elementor-container elementor-column-gap-default\">\n\t\t\t\t\t<div class=\"elementor-column elementor-col-100 elementor-top-column elementor-element elementor-element-40892b2\" data-id=\"40892b2\" data-element_type=\"column\" data-e-type=\"column\">\n\t\t\t<div class=\"elementor-widget-wrap elementor-element-populated\">\n\t\t\t\t\t\t<div class=\"elementor-element elementor-element-da12189 elementor-widget elementor-widget-image\" data-id=\"da12189\" data-element_type=\"widget\" data-e-type=\"widget\" data-widget_type=\"image.default\">\n\t\t\t\t<div class=\"elementor-widget-container\">\n\t\t\t\t\t\t\t\t\t\t\t\t\t\t\t<img fetchpriority=\"high\" decoding=\"async\" width=\"640\" height=\"427\" src=\"https:\/\/mythslegendes.com\/wp-content\/uploads\/2022\/10\/Ok-Phansa-fete-bouddhiste.jpg\" class=\"attachment-medium_large size-medium_large wp-image-24121\" alt=\"\" srcset=\"https:\/\/mythslegendes.com\/wp-content\/uploads\/2022\/10\/Ok-Phansa-fete-bouddhiste.jpg 666w, https:\/\/mythslegendes.com\/wp-content\/uploads\/2022\/10\/Ok-Phansa-fete-bouddhiste-300x200.jpg 300w, https:\/\/mythslegendes.com\/wp-content\/uploads\/2022\/10\/Ok-Phansa-fete-bouddhiste-18x12.jpg 18w, https:\/\/mythslegendes.com\/wp-content\/uploads\/2022\/10\/Ok-Phansa-fete-bouddhiste-600x400.jpg 600w\" sizes=\"(max-width: 640px) 100vw, 640px\" title=\"\">\t\t\t\t\t\t\t\t\t\t\t\t\t\t\t<\/div>\n\t\t\t\t<\/div>\n\t\t\t\t\t<\/div>\n\t\t<\/div>\n\t\t\t\t\t<\/div>\n\t\t<\/section>\n\t\t\t\t<\/div>\n\t\t","protected":false},"excerpt":{"rendered":"<p>October Festivals Wan Ok Phansa Day Festivals (Thai: \u0e27\u0e31\u0e19\u0e2d\u0e2d\u0e01\u0e1e\u0e23\u0e23\u0e29\u0e32; literally \u201cVassa release day\u201d, \u0e2d\u0e2d\u0e01 \u2026 <\/p>","protected":false},"author":1,"featured_media":0,"parent":0,"menu_order":0,"comment_status":"closed","ping_status":"closed","template":"","meta":{"footnotes":""},"class_list":["post-24118","page","type-page","status-publish","hentry"],"amp_enabled":true,"_links":{"self":[{"href":"https:\/\/mythslegendes.com\/en\/wp-json\/wp\/v2\/pages\/24118","targetHints":{"allow":["GET"]}}],"collection":[{"href":"https:\/\/mythslegendes.com\/en\/wp-json\/wp\/v2\/pages"}],"about":[{"href":"https:\/\/mythslegendes.com\/en\/wp-json\/wp\/v2\/types\/page"}],"author":[{"embeddable":true,"href":"https:\/\/mythslegendes.com\/en\/wp-json\/wp\/v2\/users\/1"}],"replies":[{"embeddable":true,"href":"https:\/\/mythslegendes.com\/en\/wp-json\/wp\/v2\/comments?post=24118"}],"version-history":[{"count":3,"href":"https:\/\/mythslegendes.com\/en\/wp-json\/wp\/v2\/pages\/24118\/revisions"}],"predecessor-version":[{"id":24124,"href":"https:\/\/mythslegendes.com\/en\/wp-json\/wp\/v2\/pages\/24118\/revisions\/24124"}],"wp:attachment":[{"href":"https:\/\/mythslegendes.com\/en\/wp-json\/wp\/v2\/media?parent=24118"}],"curies":[{"name":"wp","href":"https:\/\/api.w.org\/{rel}","templated":true}]}}