{"id":24153,"date":"2022-10-18T11:03:34","date_gmt":"2022-10-18T11:03:34","guid":{"rendered":"https:\/\/mythslegendes.com\/?page_id=24153"},"modified":"2022-10-18T11:35:13","modified_gmt":"2022-10-18T11:35:13","slug":"le-poeme-a-la-louange-de-sei%e1%b8%ab-adi","status":"publish","type":"page","link":"https:\/\/mythslegendes.com\/en\/kurdish-mythology\/the-poem-in-praise-of-sei%e1%b8%ab-adi\/","title":{"rendered":"The poem in praise of \u0160ei\u1e2b &#039;Ad\u00ee"},"content":{"rendered":"<div data-elementor-type=\"wp-page\" data-elementor-id=\"24153\" class=\"elementor elementor-24153\">\n\t\t\t\t\t\t<section class=\"elementor-section elementor-top-section elementor-element elementor-element-b5d9aff elementor-section-boxed elementor-section-height-default elementor-section-height-default\" data-id=\"b5d9aff\" data-element_type=\"section\" data-e-type=\"section\">\n\t\t\t\t\t\t<div class=\"elementor-container elementor-column-gap-default\">\n\t\t\t\t\t<div class=\"elementor-column elementor-col-50 elementor-top-column elementor-element elementor-element-b45d15a\" data-id=\"b45d15a\" data-element_type=\"column\" data-e-type=\"column\">\n\t\t\t<div class=\"elementor-widget-wrap elementor-element-populated\">\n\t\t\t\t\t\t<div class=\"elementor-element elementor-element-d13a452 elementor-align-justify elementor-widget elementor-widget-button\" data-id=\"d13a452\" data-element_type=\"widget\" data-e-type=\"widget\" data-widget_type=\"button.default\">\n\t\t\t\t<div class=\"elementor-widget-container\">\n\t\t\t\t\t\t\t\t\t<div class=\"elementor-button-wrapper\">\n\t\t\t\t\t<a class=\"elementor-button elementor-button-link elementor-size-sm\" href=\"https:\/\/mythslegendes.com\/en\/kurdish-mythology\/\">\n\t\t\t\t\t\t<span class=\"elementor-button-content-wrapper\">\n\t\t\t\t\t\t\t\t\t<span class=\"elementor-button-text\">Kurdish mythology<\/span>\n\t\t\t\t\t<\/span>\n\t\t\t\t\t<\/a>\n\t\t\t\t<\/div>\n\t\t\t\t\t\t\t\t<\/div>\n\t\t\t\t<\/div>\n\t\t\t\t\t<\/div>\n\t\t<\/div>\n\t\t\t\t<div class=\"elementor-column elementor-col-50 elementor-top-column elementor-element elementor-element-5bf347f\" data-id=\"5bf347f\" data-element_type=\"column\" data-e-type=\"column\">\n\t\t\t<div class=\"elementor-widget-wrap elementor-element-populated\">\n\t\t\t\t\t\t<div class=\"elementor-element elementor-element-25d8deb elementor-align-justify elementor-widget elementor-widget-button\" data-id=\"25d8deb\" data-element_type=\"widget\" data-e-type=\"widget\" data-widget_type=\"button.default\">\n\t\t\t\t<div class=\"elementor-widget-container\">\n\t\t\t\t\t\t\t\t\t<div class=\"elementor-button-wrapper\">\n\t\t\t\t\t<a class=\"elementor-button elementor-button-link elementor-size-sm\" href=\"https:\/\/www.sacred-texts.com\/asia\/sby\/index.htm\" target=\"_blank\" rel=\"noopener\">\n\t\t\t\t\t\t<span class=\"elementor-button-content-wrapper\">\n\t\t\t\t\t\t\t\t\t<span class=\"elementor-button-text\">Wiki<\/span>\n\t\t\t\t\t<\/span>\n\t\t\t\t\t<\/a>\n\t\t\t\t<\/div>\n\t\t\t\t\t\t\t\t<\/div>\n\t\t\t\t<\/div>\n\t\t\t\t\t<\/div>\n\t\t<\/div>\n\t\t\t\t\t<\/div>\n\t\t<\/section>\n\t\t\t\t<section class=\"elementor-section elementor-top-section elementor-element elementor-element-3a371a6 elementor-section-boxed elementor-section-height-default elementor-section-height-default\" data-id=\"3a371a6\" data-element_type=\"section\" data-e-type=\"section\">\n\t\t\t\t\t\t<div class=\"elementor-container elementor-column-gap-default\">\n\t\t\t\t\t<div class=\"elementor-column elementor-col-100 elementor-top-column elementor-element elementor-element-c69c49a\" data-id=\"c69c49a\" data-element_type=\"column\" data-e-type=\"column\">\n\t\t\t<div class=\"elementor-widget-wrap elementor-element-populated\">\n\t\t\t\t\t\t<div class=\"elementor-element elementor-element-065ffaa elementor-widget elementor-widget-text-editor\" data-id=\"065ffaa\" data-element_type=\"widget\" data-e-type=\"widget\" data-widget_type=\"text-editor.default\">\n\t\t\t\t<div class=\"elementor-widget-container\">\n\t\t\t\t\t\t\t\t\t<p>the <a href=\"https:\/\/mythslegendes.com\/en\/book-libraries\/\">Book<\/a> black <a href=\"https:\/\/mythslegendes.com\/en\/kurdish-mythology\/\">Yazidi<\/a> (here the poem in praise of \u0160ei\u1e2b &#039;Ad\u00ee) is one of two <a href=\"https:\/\/mythslegendes.com\/en\/book-libraries\/\">books<\/a> written in the style of a sacred book of <a href=\"https:\/\/mythslegendes.com\/en\/kurdish-mythology\/\">Yazidis<\/a> in their native language Kurmanji (northern Kurdish), the other being the Yezidi Book of Revelations (or Revelation).<\/p><p><img decoding=\"async\" class=\"alignnone wp-image-9347 size-full\" src=\"https:\/\/mythslegendes.com\/wp-content\/uploads\/2020\/09\/cropped-AlphaOmega-e1602613368367.png\" alt=\"poem in praise of \u0160ei\u1e2b &#039;Ad\u00ee\" width=\"25\" height=\"25\" title=\"\">\u00a0<\/p>\t\t\t\t\t\t\t\t<\/div>\n\t\t\t\t<\/div>\n\t\t\t\t\t<\/div>\n\t\t<\/div>\n\t\t\t\t\t<\/div>\n\t\t<\/section>\n\t\t\t\t<section class=\"elementor-section elementor-top-section elementor-element elementor-element-2e8e7a6 elementor-section-boxed elementor-section-height-default elementor-section-height-default\" data-id=\"2e8e7a6\" data-element_type=\"section\" data-e-type=\"section\">\n\t\t\t\t\t\t<div class=\"elementor-container elementor-column-gap-default\">\n\t\t\t\t\t<div class=\"elementor-column elementor-col-100 elementor-top-column elementor-element elementor-element-17743e4\" data-id=\"17743e4\" data-element_type=\"column\" data-e-type=\"column\">\n\t\t\t<div class=\"elementor-widget-wrap elementor-element-populated\">\n\t\t\t\t\t\t<div class=\"elementor-element elementor-element-bce5ce1 elementor-widget elementor-widget-heading\" data-id=\"bce5ce1\" data-element_type=\"widget\" data-e-type=\"widget\" data-widget_type=\"heading.default\">\n\t\t\t\t<div class=\"elementor-widget-container\">\n\t\t\t\t\t<div id=\"ez-toc-container\" class=\"ez-toc-v2_0_82_2 counter-hierarchy ez-toc-counter ez-toc-grey ez-toc-container-direction\">\n<div class=\"ez-toc-title-container\">\n<p class=\"ez-toc-title\" style=\"cursor:inherit\">Contents<\/p>\n<span class=\"ez-toc-title-toggle\"><a href=\"#\" class=\"ez-toc-pull-right ez-toc-btn ez-toc-btn-xs ez-toc-btn-default ez-toc-toggle\" aria-label=\"Toggle Table of Content\"><span class=\"ez-toc-js-icon-con\"><span class=\"\"><span class=\"eztoc-hide\" style=\"display:none;\">Toggle<\/span><span class=\"ez-toc-icon-toggle-span\"><svg style=\"fill: #999;color:#999\" xmlns=\"http:\/\/www.w3.org\/2000\/svg\" class=\"list-377408\" width=\"20px\" height=\"20px\" viewbox=\"0 0 24 24\" fill=\"none\"><path d=\"M6 6H4v2h2V6zm14 0H8v2h12V6zM4 11h2v2H4v-2zm16 0H8v2h12v-2zM4 16h2v2H4v-2zm16 0H8v2h12v-2z\" fill=\"currentColor\"><\/path><\/svg><svg style=\"fill: #999;color:#999\" class=\"arrow-unsorted-368013\" xmlns=\"http:\/\/www.w3.org\/2000\/svg\" width=\"10px\" height=\"10px\" viewbox=\"0 0 24 24\" version=\"1.2\" baseprofile=\"tiny\"><path d=\"M18.2 9.3l-6.2-6.3-6.2 6.3c-.2.2-.3.4-.3.7s.1.5.3.7c.2.2.4.3.7.3h11c.3 0 .5-.1.7-.3.2-.2.3-.5.3-.7s-.1-.5-.3-.7zM5.8 14.7l6.2 6.3 6.2-6.3c.2-.2.3-.5.3-.7s-.1-.5-.3-.7c-.2-.2-.4-.3-.7-.3h-11c-.3 0-.5.1-.7.3-.2.2-.3.5-.3.7s.1.5.3.7z\"\/><\/svg><\/span><\/span><\/span><\/a><\/span><\/div>\n<nav><ul class='ez-toc-list ez-toc-list-level-1' ><li class='ez-toc-page-1 ez-toc-heading-level-2'><a class=\"ez-toc-link ez-toc-heading-1\" href=\"https:\/\/mythslegendes.com\/en\/kurdish-mythology\/the-poem-in-praise-of-sei%e1%b8%ab-adi\/#Le-poeme-a-la-louange-de-Sei%E1%B8%AB-%E2%80%98Adi\" >The poem in praise of \u0160ei\u1e2b &#039;Ad\u00ee<\/a><\/li><\/ul><\/nav><\/div>\n<h2 class=\"elementor-heading-title elementor-size-default\"><span class=\"ez-toc-section\" id=\"Le-poeme-a-la-louange-de-Sei%E1%B8%AB-%E2%80%98Adi\"><\/span>The poem in praise of \u0160ei\u1e2b &#039;Ad\u00ee<span class=\"ez-toc-section-end\"><\/span><\/h2>\t\t\t\t<\/div>\n\t\t\t\t<\/div>\n\t\t\t\t\t<\/div>\n\t\t<\/div>\n\t\t\t\t\t<\/div>\n\t\t<\/section>\n\t\t\t\t<section class=\"elementor-section elementor-top-section elementor-element elementor-element-0f536a4 elementor-section-boxed elementor-section-height-default elementor-section-height-default\" data-id=\"0f536a4\" data-element_type=\"section\" data-e-type=\"section\">\n\t\t\t\t\t\t<div class=\"elementor-container elementor-column-gap-default\">\n\t\t\t\t\t<div class=\"elementor-column elementor-col-100 elementor-top-column elementor-element elementor-element-0338eb3\" data-id=\"0338eb3\" data-element_type=\"column\" data-e-type=\"column\">\n\t\t\t<div class=\"elementor-widget-wrap elementor-element-populated\">\n\t\t\t\t\t\t<div class=\"elementor-element elementor-element-093fbe5 elementor-widget elementor-widget-text-editor\" data-id=\"093fbe5\" data-element_type=\"widget\" data-e-type=\"widget\" data-widget_type=\"text-editor.default\">\n\t\t\t\t<div class=\"elementor-widget-container\">\n\t\t\t\t\t\t\t\t\t<p>may peace be on him<\/p><pre>My understanding surrounds the truth of things,<br \/>And my truth is mixed in me,<br \/>And the truth of my progeny is self-exposed,<br \/>And when we found out, it was totally in me.<br \/>And everything in the universe is beneath me,<br \/>And all the habitable and deserted parts,<br \/>And all that is created is under me,<br \/>And I am the dominating power that precedes all that exists.<br \/>And I&#039;m the one who spoke a true word,<br \/>And I am the righteous judge and ruler of the earth.<br \/>And I am he whom men adore in my glory,<br \/>Come to me and kiss my feet.<br \/>And I am he who spread their height on the heavens.<br \/>And I&#039;m the one who cried in the beginning.<br \/>And I am the one who reveals all things by myself,<br \/>And I&#039;m the one to whom came the book of good tidings<br \/>From my Lord, who burns the mountains.<br \/>And I&#039;m the one to whom all created men come<br \/>In obedience to kiss my feet.<br \/>I produce fruits of the first juice of the first youth<br \/>By my presence, and turn to me, ray disciples.<br \/>And before this light the darkness of the morning dissipated.<br \/>I guide those who seek advice.<br \/>I am the one who made Adam dwell in heaven<br \/>And Nimrod to inhabit a burning fire.<br \/>And I am the one who guided Ahmed the righteous,<br \/>And let him come my way and my way.<br \/>And I am the one to whom all creatures<br \/>Come for my good ends and my gifts.<br \/>And I am the one who has visited all the heights,<br \/>And kindness and charity proceed from my mercy.<br \/>And I&#039;m the one who made all hearts fear<br \/>My purpose, and they magnify the majesty and power of my horror.<br \/>And I&#039;m the one to whom the destructive lion came<br \/>Raging, and I yelled at him. and he became stone.<br \/>And I&#039;m the one the serpent came to,<br \/>And by my will I made it dust.<br \/>And I&#039;m the one who hit the rock and made it shake,<br \/>And causes the sweetest of waters to spring from its sides.<br \/>And I am the one who sent down the certain truth;<br \/>For me is the book that comforts the oppressed.<br \/>And I am he who judged righteously,<br \/>And when I judged it was my right<br \/>And I am the one who made the springs to give water,<br \/>Sweeter and more agreeable than all waters.<br \/>And it was I who made it appear in my mercy,<br \/>And by my power I called him pure.<br \/>And I am he to whom the Lord of heaven said:<br \/>You are the just judge and Ruler of the earth.<br \/>And I&#039;m the one who revealed some of my wonders,<br \/>And some of my virtues are manifested in what exists.<br \/>And I&#039;m the one who made the mountains bend,<br \/>Move under me and as I please.<br \/>And I am he before whose majesty the wild beasts cried;<br \/>They turned to me worshiping and kissed my feet.<br \/>And I am &#039;Ad\u00ee a\u0161-\u0160\u00e2m\u00ee, the son of Mus\u00e2fir.<br \/>Verily the All-Merciful has assigned names to me,<br \/>The heavenly throne, and the seat, and the (seven) heavens, and the earth.<br \/>In the secret of my knowledge, there is no other God than me.<br \/>These things are subject to my power.<br \/>O my enemies, why do you deny me?<br \/>O men, do not deny me, but submit yourselves.<br \/>On the day of judgment, you will be happy to meet me.<br \/>Who dies in my love, I will throw it away<br \/>In the midst of Paradise, by my will and my pleasure;<br \/>But the one who dies without caring about me<br \/>Will be tormented in misery and affliction.<br \/>I say that I am the only one and the exalted;<br \/>I create and enrich those I want.<br \/>Praise him myself, for all is by my will,<br \/>And the universe is enlightened by some of my gifts.<br \/>I am the king who magnifies himself,<br \/>And all the riches of creation are at my auction.<br \/>I have made known to you, O people, some of my ways.<br \/>Who desires me must abandon the world.<br \/>And I can also say the true saying,<br \/>And the upper garden is for those who give me pleasure.<br \/>I sought the truth and I became a confirming truth;<br \/>And by the same truth, they will occupy, like me, the highest place.<\/pre>\t\t\t\t\t\t\t\t<\/div>\n\t\t\t\t<\/div>\n\t\t\t\t\t<\/div>\n\t\t<\/div>\n\t\t\t\t\t<\/div>\n\t\t<\/section>\n\t\t\t\t<\/div>","protected":false},"excerpt":{"rendered":"<p>Kurdish Mythology Wiki The Yezidi Black Book (here the poem in praise of \u0160ei\u1e2b &#039;Ad\u00ee) is one of the two \u2026 <\/p>","protected":false},"author":1,"featured_media":0,"parent":3095,"menu_order":0,"comment_status":"closed","ping_status":"closed","template":"","meta":{"footnotes":""},"class_list":["post-24153","page","type-page","status-publish","hentry"],"amp_enabled":true,"_links":{"self":[{"href":"https:\/\/mythslegendes.com\/en\/wp-json\/wp\/v2\/pages\/24153","targetHints":{"allow":["GET"]}}],"collection":[{"href":"https:\/\/mythslegendes.com\/en\/wp-json\/wp\/v2\/pages"}],"about":[{"href":"https:\/\/mythslegendes.com\/en\/wp-json\/wp\/v2\/types\/page"}],"author":[{"embeddable":true,"href":"https:\/\/mythslegendes.com\/en\/wp-json\/wp\/v2\/users\/1"}],"replies":[{"embeddable":true,"href":"https:\/\/mythslegendes.com\/en\/wp-json\/wp\/v2\/comments?post=24153"}],"version-history":[{"count":3,"href":"https:\/\/mythslegendes.com\/en\/wp-json\/wp\/v2\/pages\/24153\/revisions"}],"predecessor-version":[{"id":24159,"href":"https:\/\/mythslegendes.com\/en\/wp-json\/wp\/v2\/pages\/24153\/revisions\/24159"}],"up":[{"embeddable":true,"href":"https:\/\/mythslegendes.com\/en\/wp-json\/wp\/v2\/pages\/3095"}],"wp:attachment":[{"href":"https:\/\/mythslegendes.com\/en\/wp-json\/wp\/v2\/media?parent=24153"}],"curies":[{"name":"wp","href":"https:\/\/api.w.org\/{rel}","templated":true}]}}