{"id":2428,"date":"2020-07-11T14:49:35","date_gmt":"2020-07-11T13:49:35","guid":{"rendered":"https:\/\/mythslegendes.com\/?page_id=2428"},"modified":"2022-12-03T22:07:08","modified_gmt":"2022-12-03T22:07:08","slug":"etangs-de-nohedes","status":"publish","type":"page","link":"https:\/\/mythslegendes.com\/en\/iberian-mythology\/ponds-of-nohedes\/","title":{"rendered":"The ponds of Noh\u00e8des"},"content":{"rendered":"<div data-elementor-type=\"wp-page\" data-elementor-id=\"2428\" class=\"elementor elementor-2428\">\n\t\t\t\t\t\t<section class=\"elementor-section elementor-top-section elementor-element elementor-element-3fbb4f1 elementor-section-boxed elementor-section-height-default elementor-section-height-default\" data-id=\"3fbb4f1\" data-element_type=\"section\" data-e-type=\"section\">\n\t\t\t\t\t\t<div class=\"elementor-container elementor-column-gap-default\">\n\t\t\t\t\t<div class=\"elementor-column elementor-col-50 elementor-top-column elementor-element elementor-element-c1421c5\" data-id=\"c1421c5\" data-element_type=\"column\" data-e-type=\"column\">\n\t\t\t<div class=\"elementor-widget-wrap elementor-element-populated\">\n\t\t\t\t\t\t<div class=\"elementor-element elementor-element-b0b82eb elementor-align-justify elementor-widget elementor-widget-button\" data-id=\"b0b82eb\" data-element_type=\"widget\" data-e-type=\"widget\" data-widget_type=\"button.default\">\n\t\t\t\t<div class=\"elementor-widget-container\">\n\t\t\t\t\t\t\t\t\t<div class=\"elementor-button-wrapper\">\n\t\t\t\t\t<a class=\"elementor-button elementor-button-link elementor-size-sm\" href=\"https:\/\/mythslegendes.com\/en\/iberian-mythology\/\">\n\t\t\t\t\t\t<span class=\"elementor-button-content-wrapper\">\n\t\t\t\t\t\t\t\t\t<span class=\"elementor-button-text\">Iberian mythology<\/span>\n\t\t\t\t\t<\/span>\n\t\t\t\t\t<\/a>\n\t\t\t\t<\/div>\n\t\t\t\t\t\t\t\t<\/div>\n\t\t\t\t<\/div>\n\t\t\t\t\t<\/div>\n\t\t<\/div>\n\t\t\t\t<div class=\"elementor-column elementor-col-50 elementor-top-column elementor-element elementor-element-89fce71\" data-id=\"89fce71\" data-element_type=\"column\" data-e-type=\"column\">\n\t\t\t<div class=\"elementor-widget-wrap elementor-element-populated\">\n\t\t\t\t\t\t<div class=\"elementor-element elementor-element-5faa821 elementor-align-justify elementor-widget elementor-widget-button\" data-id=\"5faa821\" data-element_type=\"widget\" data-e-type=\"widget\" data-widget_type=\"button.default\">\n\t\t\t\t<div class=\"elementor-widget-container\">\n\t\t\t\t\t\t\t\t\t<div class=\"elementor-button-wrapper\">\n\t\t\t\t\t<a class=\"elementor-button elementor-button-link elementor-size-sm\" href=\"https:\/\/en.wikipedia.org\/wiki\/Spanish_mythology\" target=\"_blank\" rel=\"noopener\">\n\t\t\t\t\t\t<span class=\"elementor-button-content-wrapper\">\n\t\t\t\t\t\t\t\t\t<span class=\"elementor-button-text\">Wiki<\/span>\n\t\t\t\t\t<\/span>\n\t\t\t\t\t<\/a>\n\t\t\t\t<\/div>\n\t\t\t\t\t\t\t\t<\/div>\n\t\t\t\t<\/div>\n\t\t\t\t\t<\/div>\n\t\t<\/div>\n\t\t\t\t\t<\/div>\n\t\t<\/section>\n\t\t\t\t<section class=\"elementor-section elementor-top-section elementor-element elementor-element-f39a2f0 elementor-section-boxed elementor-section-height-default elementor-section-height-default\" data-id=\"f39a2f0\" data-element_type=\"section\" data-e-type=\"section\">\n\t\t\t\t\t\t<div class=\"elementor-container elementor-column-gap-default\">\n\t\t\t\t\t<div class=\"elementor-column elementor-col-100 elementor-top-column elementor-element elementor-element-6752b73f\" data-id=\"6752b73f\" data-element_type=\"column\" data-e-type=\"column\">\n\t\t\t<div class=\"elementor-widget-wrap elementor-element-populated\">\n\t\t\t\t\t\t<div class=\"elementor-element elementor-element-3b4fd5b3 elementor-widget elementor-widget-text-editor\" data-id=\"3b4fd5b3\" data-element_type=\"widget\" data-e-type=\"widget\" data-widget_type=\"text-editor.default\">\n\t\t\t\t<div class=\"elementor-widget-container\">\n\t\t\t\t\t\t\t\t\t<p><\/p>\n<p>The ponds of Noh\u00e8des inspire a profound terror in the people of the country: hence the many stories which, although naively, relate the Catalan chroniclers.<\/p>\n<p><img decoding=\"async\" class=\"alignnone wp-image-5284 size-full\" src=\"https:\/\/mythslegendes.com\/wp-content\/uploads\/2020\/09\/AlphaOmega-e1602613368367.png\" alt=\"The ponds of Noh\u00e8des\" width=\"25\" height=\"26\" title=\"\"><\/p>\n<div id=\"ez-toc-container\" class=\"ez-toc-v2_0_82_2 counter-hierarchy ez-toc-counter ez-toc-grey ez-toc-container-direction\">\n<div class=\"ez-toc-title-container\">\n<p class=\"ez-toc-title\" style=\"cursor:inherit\">Contents<\/p>\n<span class=\"ez-toc-title-toggle\"><a href=\"#\" class=\"ez-toc-pull-right ez-toc-btn ez-toc-btn-xs ez-toc-btn-default ez-toc-toggle\" aria-label=\"Toggle Table of Content\"><span class=\"ez-toc-js-icon-con\"><span class=\"\"><span class=\"eztoc-hide\" style=\"display:none;\">Toggle<\/span><span class=\"ez-toc-icon-toggle-span\"><svg style=\"fill: #999;color:#999\" xmlns=\"http:\/\/www.w3.org\/2000\/svg\" class=\"list-377408\" width=\"20px\" height=\"20px\" viewbox=\"0 0 24 24\" fill=\"none\"><path d=\"M6 6H4v2h2V6zm14 0H8v2h12V6zM4 11h2v2H4v-2zm16 0H8v2h12v-2zM4 16h2v2H4v-2zm16 0H8v2h12v-2z\" fill=\"currentColor\"><\/path><\/svg><svg style=\"fill: #999;color:#999\" class=\"arrow-unsorted-368013\" xmlns=\"http:\/\/www.w3.org\/2000\/svg\" width=\"10px\" height=\"10px\" viewbox=\"0 0 24 24\" version=\"1.2\" baseprofile=\"tiny\"><path d=\"M18.2 9.3l-6.2-6.3-6.2 6.3c-.2.2-.3.4-.3.7s.1.5.3.7c.2.2.4.3.7.3h11c.3 0 .5-.1.7-.3.2-.2.3-.5.3-.7s-.1-.5-.3-.7zM5.8 14.7l6.2 6.3 6.2-6.3c.2-.2.3-.5.3-.7s-.1-.5-.3-.7c-.2-.2-.4-.3-.7-.3h-11c-.3 0-.5.1-.7.3-.2.2-.3.5-.3.7s.1.5.3.7z\"\/><\/svg><\/span><\/span><\/span><\/a><\/span><\/div>\n<nav><ul class='ez-toc-list ez-toc-list-level-1' ><li class='ez-toc-page-1 ez-toc-heading-level-2'><a class=\"ez-toc-link ez-toc-heading-1\" href=\"https:\/\/mythslegendes.com\/en\/iberian-mythology\/ponds-of-nohedes\/#Les-etangs-de-Nohedes\" >The ponds of Noh\u00e8des<\/a><\/li><\/ul><\/nav><\/div>\n<h2><span class=\"ez-toc-section\" id=\"Les-etangs-de-Nohedes\"><\/span>The ponds of Noh\u00e8des<span class=\"ez-toc-section-end\"><\/span><\/h2>\n<p><\/p>\n<p>Thus F\u00e9lieu de la Pe\u00f1a, the author of the &quot;Anales del Principal de Catalu\u00f1a&quot;, affirms that, if one throws a stone in the Black Pond, the water becomes cloudy, boils and produces vapors which turn into storm clouds. In the \u201cCronica de Catalufia\u201d (1609) Pujades recounts that Pedro de M\u00e9sa, lord of Noh\u00e8des and Monteilla sold his daughter to the devils who took her to the infernal palace of the Black Pond.<\/p>\n<p>Seven years later, the young girl managed to escape and rejoin her father. She was thus able to tell what she had seen, describe the palace of the devils, their secret meetings and reveal their projects and their spells.<\/p>\n<p><\/p>\n<p>Other authors assert that the pond contains large trout endowed with curious properties: when fried on the pan, they jump and escape through the chimney: they are said to be demons. One of the most curious <a href=\"https:\/\/mythslegendes.com\/en\/\">legends<\/a> that is told about the Black Pond is still the following:<\/p>\n<p><\/p>\n<p>The lord of Paracols, whose manor stood a few leagues from Noh\u00e8des, having left with his troops on a distant expedition, had entrusted his niece with the care of the old castle. He had taken care to hide his treasures in a secret and almost inaccessible place, which the young girl had promised never to reveal. Left alone, in the middle of these ramparts where the cries of war and the clanking of weapons had resounded, the blond child knelt on a velvet prie-dieu and implored the protection of the Virgin.<\/p>\n<p><\/p>\n<p>The next day, unknown warriors invaded the castle and a menacing knight appeared before her.<\/p>\n<p><\/p>\n<p>At first frightened by this unexpected visit, the young girl began to pray, hiding her face in her hands. But soon regaining courage, she questioned the knight and asked him what he had come to do. His soft and harmonious voice impressed the fierce knight who remained dumbfounded.<\/p>\n<p><\/p>\n<p>- &quot; What do you want from me ? So speak. \u00bb<\/p>\n<p><\/p>\n<p>\u2014 \u201cIn vain I wonder and try to explain my confusion. I had never trembled, even in the presence of the most formidable adversaries, and under the spell of your voice, I feel my will paralyzed. It would be barbaric to execute against you that I admire my master&#039;s order and I prefer to confess my mission to you. The count of Cerdagne knows that the lord of Paracols guards immense treasures. He asked me to come here in his absence, with armed people, to kill you and seize the wealth entrusted to you.<\/p>\n<p><\/p>\n<p>- &quot;Why commit a useless crime, replied the young girl apparently calm. I&#039;m going to spare him some trouble, because here is the key to the hiding place. I myself want to follow your steps; but I warn you that it will be necessary to overcome terrible dangers before arriving at the places which contain our wealth.<\/p>\n<p><\/p>\n<p>&quot;Let&#039;s go,&quot; said the warrior.<\/p>\n<p><\/p>\n<p>And they departed, followed by the troops, towards Noh\u00e9des, to the banks of the Black Pond.<\/p>\n<p><\/p>\n<p>&quot;Here we are at the end of our journey,&quot; said the young girl. In this rock that emerges from the middle of the dark waves is the treasure. The key I gave you opens a heavy iron door concealed by a pedestal which supports a statue of the Virgin. \u00bb<\/p>\n<p><\/p>\n<p>The soldiers built a raft and made their arrangements to arrive on the rock, while the kneeling maiden addressed ardent prayers to the Virgin protector of the treasure. The knight embarked resolutely, but without being completely reassured: he could not help shuddering before this lugubrious pond like the Styx, dug in the middle of steep mountains and giant pines. Could we venture without fear into this abyss? Would not mermaids or sea monsters arise in front of him?<\/p>\n<p>Suddenly a rustle of wings caught his attention: A black bird was flying through the air. And taking a large stone, one of the soldiers shot the ominous bird. But the fall of the projectile in the water caused a distant echo which reverberated from mountain to mountain, getting bigger and bigger, like thunder. At the same time, black clouds were gathering over the Black Pond, as if suddenly generated by the mountains.<\/p>\n<p><\/p>\n<p>On the shore, the young girl, who was still praying, thanked the Virgin for granting her wishes by provoking the storm. Nevertheless the vassals of the Count of Cerdagne were not discouraged. In vain rumbled above their heads formidable and threatening voices, like a chorus of furious giants: they rowed harder towards the coveted rock. They were finally able to land and seize the treasures; but their greed became dangerous, because too heavy a weight could overwhelm the boat: They will be forced to abandon half the booty.<\/p>\n<p><\/p>\n<p>The knight, happy to have reached his goal, shone to return near the count de Cerdagne, to deposit at his feet the treasures of the lord of Paracols. But he counted without the storm which suddenly broke out. Lightning streaked through the air, a tremendous crack tore through the air, reverberating from rock to rock. The waters of the lake rose and engulfed the raft.<\/p>\n<p><\/p>\n<p>This is how the subjects of the Count of Cerdagne were punished for having provoked the wrath of the fairies of the Black Pond.<\/p>\n<p><\/p>\t\t\t\t\t\t\t\t<\/div>\n\t\t\t\t<\/div>\n\t\t\t\t\t<\/div>\n\t\t<\/div>\n\t\t\t\t\t<\/div>\n\t\t<\/section>\n\t\t\t\t<\/div>","protected":false},"excerpt":{"rendered":"<p>Iberian Mythology Wiki The ponds of Noh\u00e8des inspire deep terror in the people of the country: hence the many \u2026 <\/p>","protected":false},"author":1,"featured_media":0,"parent":2187,"menu_order":0,"comment_status":"closed","ping_status":"closed","template":"","meta":{"footnotes":""},"class_list":["post-2428","page","type-page","status-publish","hentry"],"amp_enabled":true,"_links":{"self":[{"href":"https:\/\/mythslegendes.com\/en\/wp-json\/wp\/v2\/pages\/2428","targetHints":{"allow":["GET"]}}],"collection":[{"href":"https:\/\/mythslegendes.com\/en\/wp-json\/wp\/v2\/pages"}],"about":[{"href":"https:\/\/mythslegendes.com\/en\/wp-json\/wp\/v2\/types\/page"}],"author":[{"embeddable":true,"href":"https:\/\/mythslegendes.com\/en\/wp-json\/wp\/v2\/users\/1"}],"replies":[{"embeddable":true,"href":"https:\/\/mythslegendes.com\/en\/wp-json\/wp\/v2\/comments?post=2428"}],"version-history":[{"count":1,"href":"https:\/\/mythslegendes.com\/en\/wp-json\/wp\/v2\/pages\/2428\/revisions"}],"predecessor-version":[{"id":24782,"href":"https:\/\/mythslegendes.com\/en\/wp-json\/wp\/v2\/pages\/2428\/revisions\/24782"}],"up":[{"embeddable":true,"href":"https:\/\/mythslegendes.com\/en\/wp-json\/wp\/v2\/pages\/2187"}],"wp:attachment":[{"href":"https:\/\/mythslegendes.com\/en\/wp-json\/wp\/v2\/media?parent=2428"}],"curies":[{"name":"wp","href":"https:\/\/api.w.org\/{rel}","templated":true}]}}