{"id":2497,"date":"2020-07-12T20:15:49","date_gmt":"2020-07-12T19:15:49","guid":{"rendered":"https:\/\/mythslegendes.com\/?page_id=2497"},"modified":"2022-12-03T22:07:09","modified_gmt":"2022-12-03T22:07:09","slug":"le-mendiant","status":"publish","type":"page","link":"https:\/\/mythslegendes.com\/en\/iberian-mythology\/the-beggar\/","title":{"rendered":"The beggar"},"content":{"rendered":"<div data-elementor-type=\"wp-page\" data-elementor-id=\"2497\" class=\"elementor elementor-2497\">\n\t\t\t\t\t\t<section class=\"elementor-section elementor-top-section elementor-element elementor-element-47e6d29 elementor-section-boxed elementor-section-height-default elementor-section-height-default\" data-id=\"47e6d29\" data-element_type=\"section\" data-e-type=\"section\">\n\t\t\t\t\t\t<div class=\"elementor-container elementor-column-gap-default\">\n\t\t\t\t\t<div class=\"elementor-column elementor-col-50 elementor-top-column elementor-element elementor-element-5fbe19e\" data-id=\"5fbe19e\" data-element_type=\"column\" data-e-type=\"column\">\n\t\t\t<div class=\"elementor-widget-wrap elementor-element-populated\">\n\t\t\t\t\t\t<div class=\"elementor-element elementor-element-08c5581 elementor-align-justify elementor-widget elementor-widget-button\" data-id=\"08c5581\" data-element_type=\"widget\" data-e-type=\"widget\" data-widget_type=\"button.default\">\n\t\t\t\t<div class=\"elementor-widget-container\">\n\t\t\t\t\t\t\t\t\t<div class=\"elementor-button-wrapper\">\n\t\t\t\t\t<a class=\"elementor-button elementor-button-link elementor-size-sm\" href=\"https:\/\/mythslegendes.com\/en\/iberian-mythology\/\">\n\t\t\t\t\t\t<span class=\"elementor-button-content-wrapper\">\n\t\t\t\t\t\t\t\t\t<span class=\"elementor-button-text\">Iberian mythology<\/span>\n\t\t\t\t\t<\/span>\n\t\t\t\t\t<\/a>\n\t\t\t\t<\/div>\n\t\t\t\t\t\t\t\t<\/div>\n\t\t\t\t<\/div>\n\t\t\t\t\t<\/div>\n\t\t<\/div>\n\t\t\t\t<div class=\"elementor-column elementor-col-50 elementor-top-column elementor-element elementor-element-f80e4d3\" data-id=\"f80e4d3\" data-element_type=\"column\" data-e-type=\"column\">\n\t\t\t<div class=\"elementor-widget-wrap elementor-element-populated\">\n\t\t\t\t\t\t<div class=\"elementor-element elementor-element-a4a6ead elementor-align-justify elementor-widget elementor-widget-button\" data-id=\"a4a6ead\" data-element_type=\"widget\" data-e-type=\"widget\" data-widget_type=\"button.default\">\n\t\t\t\t<div class=\"elementor-widget-container\">\n\t\t\t\t\t\t\t\t\t<div class=\"elementor-button-wrapper\">\n\t\t\t\t\t<a class=\"elementor-button elementor-button-link elementor-size-sm\" href=\"https:\/\/en.wikipedia.org\/wiki\/Spanish_mythology\" target=\"_blank\" rel=\"noopener\">\n\t\t\t\t\t\t<span class=\"elementor-button-content-wrapper\">\n\t\t\t\t\t\t\t\t\t<span class=\"elementor-button-text\">Wiki<\/span>\n\t\t\t\t\t<\/span>\n\t\t\t\t\t<\/a>\n\t\t\t\t<\/div>\n\t\t\t\t\t\t\t\t<\/div>\n\t\t\t\t<\/div>\n\t\t\t\t\t<\/div>\n\t\t<\/div>\n\t\t\t\t\t<\/div>\n\t\t<\/section>\n\t\t\t\t<section class=\"elementor-section elementor-top-section elementor-element elementor-element-35b26609 elementor-section-boxed elementor-section-height-default elementor-section-height-default\" data-id=\"35b26609\" data-element_type=\"section\" data-e-type=\"section\">\n\t\t\t\t\t\t<div class=\"elementor-container elementor-column-gap-default\">\n\t\t\t\t\t<div class=\"elementor-column elementor-col-100 elementor-top-column elementor-element elementor-element-47ffce60\" data-id=\"47ffce60\" data-element_type=\"column\" data-e-type=\"column\">\n\t\t\t<div class=\"elementor-widget-wrap elementor-element-populated\">\n\t\t\t\t\t\t<div class=\"elementor-element elementor-element-6d47f53a elementor-widget elementor-widget-text-editor\" data-id=\"6d47f53a\" data-element_type=\"widget\" data-e-type=\"widget\" data-widget_type=\"text-editor.default\">\n\t\t\t\t<div class=\"elementor-widget-container\">\n\t\t\t\t\t\t\t\t\t<p><\/p>\n<p>It is everywhere widespread <a href=\"https:\/\/mythslegendes.com\/en\/\">legend<\/a> of Jesus disguised as a beggar, knocking at the door of the first comer and chastising or rewarding a guest, depending on whether he was badly or well received by him.<\/p>\n<p><img decoding=\"async\" class=\"alignnone wp-image-5284 size-full\" src=\"https:\/\/mythslegendes.com\/wp-content\/uploads\/2020\/09\/AlphaOmega-e1602613368367.png\" alt=\"The beggar\" width=\"25\" height=\"26\" title=\"\"><\/p>\n<div id=\"ez-toc-container\" class=\"ez-toc-v2_0_82_2 counter-hierarchy ez-toc-counter ez-toc-grey ez-toc-container-direction\">\n<div class=\"ez-toc-title-container\">\n<p class=\"ez-toc-title\" style=\"cursor:inherit\">Contents<\/p>\n<span class=\"ez-toc-title-toggle\"><a href=\"#\" class=\"ez-toc-pull-right ez-toc-btn ez-toc-btn-xs ez-toc-btn-default ez-toc-toggle\" aria-label=\"Toggle Table of Content\"><span class=\"ez-toc-js-icon-con\"><span class=\"\"><span class=\"eztoc-hide\" style=\"display:none;\">Toggle<\/span><span class=\"ez-toc-icon-toggle-span\"><svg style=\"fill: #999;color:#999\" xmlns=\"http:\/\/www.w3.org\/2000\/svg\" class=\"list-377408\" width=\"20px\" height=\"20px\" viewbox=\"0 0 24 24\" fill=\"none\"><path d=\"M6 6H4v2h2V6zm14 0H8v2h12V6zM4 11h2v2H4v-2zm16 0H8v2h12v-2zM4 16h2v2H4v-2zm16 0H8v2h12v-2z\" fill=\"currentColor\"><\/path><\/svg><svg style=\"fill: #999;color:#999\" class=\"arrow-unsorted-368013\" xmlns=\"http:\/\/www.w3.org\/2000\/svg\" width=\"10px\" height=\"10px\" viewbox=\"0 0 24 24\" version=\"1.2\" baseprofile=\"tiny\"><path d=\"M18.2 9.3l-6.2-6.3-6.2 6.3c-.2.2-.3.4-.3.7s.1.5.3.7c.2.2.4.3.7.3h11c.3 0 .5-.1.7-.3.2-.2.3-.5.3-.7s-.1-.5-.3-.7zM5.8 14.7l6.2 6.3 6.2-6.3c.2-.2.3-.5.3-.7s-.1-.5-.3-.7c-.2-.2-.4-.3-.7-.3h-11c-.3 0-.5.1-.7.3-.2.2-.3.5-.3.7s.1.5.3.7z\"\/><\/svg><\/span><\/span><\/span><\/a><\/span><\/div>\n<nav><ul class='ez-toc-list ez-toc-list-level-1' ><li class='ez-toc-page-1 ez-toc-heading-level-2'><a class=\"ez-toc-link ez-toc-heading-1\" href=\"https:\/\/mythslegendes.com\/en\/iberian-mythology\/the-beggar\/#Le-mendiant\" >The beggar<\/a><\/li><\/ul><\/nav><\/div>\n<h2><span class=\"ez-toc-section\" id=\"Le-mendiant\"><\/span>The beggar<span class=\"ez-toc-section-end\"><\/span><\/h2>\n<p><\/p>\n<p>Jacinto Verdaguer says that in Barbazan, in the <a href=\"https:\/\/mythslegendes.com\/en\/iberian-mythology\/\">Catalonia<\/a>, a beggar arrived during a stormy night and, going from door to door, sought a lodging to pass the night sheltered from the wind and the rain; everywhere they pushed him away and he began to believe that he would not find a single compassionate soul, when, knocking at the last door of the village, he was received by two brave peasants who made him eat and prepared a good fire for him.<\/p>\n<p><\/p>\n<p>The beggar was none other than Jesus. He destroyed the inhospitable village, respecting the only house where he had received a good welcome. A lake today occupies the place of the village of Barbazan (reminiscent of the sad adventure of Sodom and Gomorrah). We tell in Roussillon a lot of <a href=\"https:\/\/mythslegendes.com\/en\/\">legends<\/a> Of this genre.<\/p>\n<p><\/p>\n<p>For example, this one.<\/p>\n<p><\/p>\n<p>A poor wretch was going one day through the countryside seeking refuge from the bad weather. He was walking, he was still walking, when he arrived in a village: quite ashamed he knocked at the door of a rich house. The mistress of the house was a wicked housewife; she would have sent the poor man away had it not been for the husband&#039;s intervention, who, being more compassionate, made him lie down on a heap of straw, under the stairs, in the kennel.<\/p>\n<p><\/p>\n<p>But the mistress was seized during the night with violent pains in her stomach and we were obliged to go and fetch the best doctor in the village; While she was being attended to, her husband went to inquire about the beggar, brought him to the fire, and told him of his wife&#039;s illness. The beggar then kicked three times, saying: &quot;Stomach ache, go into the ground, it is Our Lord who orders it.&quot; Immediately the patient was cured.<\/p>\n<p>The host prostrated himself at the feet of the beggar, who was none other than Our Lord in person, and thanked him for this miracle. But Our Lord raised him up and told him that this miracle should teach his wife to have pity on poor people who ask for charity.<\/p>\n<p><\/p>\t\t\t\t\t\t\t\t<\/div>\n\t\t\t\t<\/div>\n\t\t\t\t\t<\/div>\n\t\t<\/div>\n\t\t\t\t\t<\/div>\n\t\t<\/section>\n\t\t\t\t<\/div>","protected":false},"excerpt":{"rendered":"<p>Mythologie Ib\u00e9rique Wiki Elle est partout r\u00e9pandue la l\u00e9gende de J\u00e9sus d\u00e9guis\u00e9 en mendiant, frappant \u00e0 la porte du premier &hellip; <\/p>","protected":false},"author":1,"featured_media":0,"parent":2187,"menu_order":0,"comment_status":"closed","ping_status":"closed","template":"","meta":{"footnotes":""},"class_list":["post-2497","page","type-page","status-publish","hentry"],"amp_enabled":true,"_links":{"self":[{"href":"https:\/\/mythslegendes.com\/en\/wp-json\/wp\/v2\/pages\/2497","targetHints":{"allow":["GET"]}}],"collection":[{"href":"https:\/\/mythslegendes.com\/en\/wp-json\/wp\/v2\/pages"}],"about":[{"href":"https:\/\/mythslegendes.com\/en\/wp-json\/wp\/v2\/types\/page"}],"author":[{"embeddable":true,"href":"https:\/\/mythslegendes.com\/en\/wp-json\/wp\/v2\/users\/1"}],"replies":[{"embeddable":true,"href":"https:\/\/mythslegendes.com\/en\/wp-json\/wp\/v2\/comments?post=2497"}],"version-history":[{"count":1,"href":"https:\/\/mythslegendes.com\/en\/wp-json\/wp\/v2\/pages\/2497\/revisions"}],"predecessor-version":[{"id":24791,"href":"https:\/\/mythslegendes.com\/en\/wp-json\/wp\/v2\/pages\/2497\/revisions\/24791"}],"up":[{"embeddable":true,"href":"https:\/\/mythslegendes.com\/en\/wp-json\/wp\/v2\/pages\/2187"}],"wp:attachment":[{"href":"https:\/\/mythslegendes.com\/en\/wp-json\/wp\/v2\/media?parent=2497"}],"curies":[{"name":"wp","href":"https:\/\/api.w.org\/{rel}","templated":true}]}}