{"id":2503,"date":"2020-07-12T20:19:36","date_gmt":"2020-07-12T19:19:36","guid":{"rendered":"https:\/\/mythslegendes.com\/?page_id=2503"},"modified":"2022-12-03T22:07:09","modified_gmt":"2022-12-03T22:07:09","slug":"le-pape-saint-lin","status":"publish","type":"page","link":"https:\/\/mythslegendes.com\/en\/iberian-mythology\/pope-saint-lin\/","title":{"rendered":"Pope Saint Lin"},"content":{"rendered":"<div data-elementor-type=\"wp-page\" data-elementor-id=\"2503\" class=\"elementor elementor-2503\">\n\t\t\t\t\t\t<section class=\"elementor-section elementor-top-section elementor-element elementor-element-8b6f11b elementor-section-boxed elementor-section-height-default elementor-section-height-default\" data-id=\"8b6f11b\" data-element_type=\"section\" data-e-type=\"section\">\n\t\t\t\t\t\t<div class=\"elementor-container elementor-column-gap-default\">\n\t\t\t\t\t<div class=\"elementor-column elementor-col-50 elementor-top-column elementor-element elementor-element-2739f20\" data-id=\"2739f20\" data-element_type=\"column\" data-e-type=\"column\">\n\t\t\t<div class=\"elementor-widget-wrap elementor-element-populated\">\n\t\t\t\t\t\t<div class=\"elementor-element elementor-element-7f24840 elementor-align-justify elementor-widget elementor-widget-button\" data-id=\"7f24840\" data-element_type=\"widget\" data-e-type=\"widget\" data-widget_type=\"button.default\">\n\t\t\t\t<div class=\"elementor-widget-container\">\n\t\t\t\t\t\t\t\t\t<div class=\"elementor-button-wrapper\">\n\t\t\t\t\t<a class=\"elementor-button elementor-button-link elementor-size-sm\" href=\"https:\/\/mythslegendes.com\/en\/iberian-mythology\/\">\n\t\t\t\t\t\t<span class=\"elementor-button-content-wrapper\">\n\t\t\t\t\t\t\t\t\t<span class=\"elementor-button-text\">Iberian mythology<\/span>\n\t\t\t\t\t<\/span>\n\t\t\t\t\t<\/a>\n\t\t\t\t<\/div>\n\t\t\t\t\t\t\t\t<\/div>\n\t\t\t\t<\/div>\n\t\t\t\t\t<\/div>\n\t\t<\/div>\n\t\t\t\t<div class=\"elementor-column elementor-col-50 elementor-top-column elementor-element elementor-element-863a825\" data-id=\"863a825\" data-element_type=\"column\" data-e-type=\"column\">\n\t\t\t<div class=\"elementor-widget-wrap elementor-element-populated\">\n\t\t\t\t\t\t<div class=\"elementor-element elementor-element-622ca98 elementor-align-justify elementor-widget elementor-widget-button\" data-id=\"622ca98\" data-element_type=\"widget\" data-e-type=\"widget\" data-widget_type=\"button.default\">\n\t\t\t\t<div class=\"elementor-widget-container\">\n\t\t\t\t\t\t\t\t\t<div class=\"elementor-button-wrapper\">\n\t\t\t\t\t<a class=\"elementor-button elementor-button-link elementor-size-sm\" href=\"https:\/\/en.wikipedia.org\/wiki\/Spanish_mythology\" target=\"_blank\" rel=\"noopener\">\n\t\t\t\t\t\t<span class=\"elementor-button-content-wrapper\">\n\t\t\t\t\t\t\t\t\t<span class=\"elementor-button-text\">Wiki<\/span>\n\t\t\t\t\t<\/span>\n\t\t\t\t\t<\/a>\n\t\t\t\t<\/div>\n\t\t\t\t\t\t\t\t<\/div>\n\t\t\t\t<\/div>\n\t\t\t\t\t<\/div>\n\t\t<\/div>\n\t\t\t\t\t<\/div>\n\t\t<\/section>\n\t\t\t\t<section class=\"elementor-section elementor-top-section elementor-element elementor-element-2e84a63a elementor-section-boxed elementor-section-height-default elementor-section-height-default\" data-id=\"2e84a63a\" data-element_type=\"section\" data-e-type=\"section\">\n\t\t\t\t\t\t<div class=\"elementor-container elementor-column-gap-default\">\n\t\t\t\t\t<div class=\"elementor-column elementor-col-100 elementor-top-column elementor-element elementor-element-7f781ebe\" data-id=\"7f781ebe\" data-element_type=\"column\" data-e-type=\"column\">\n\t\t\t<div class=\"elementor-widget-wrap elementor-element-populated\">\n\t\t\t\t\t\t<div class=\"elementor-element elementor-element-72edd185 elementor-widget elementor-widget-text-editor\" data-id=\"72edd185\" data-element_type=\"widget\" data-e-type=\"widget\" data-widget_type=\"text-editor.default\">\n\t\t\t\t<div class=\"elementor-widget-container\">\n\t\t\t\t\t\t\t\t\t<p><\/p>\n<p>Saint Lin was the second pope in history. He lived in the smallholding of Cabrils, currently annexed to Talau, parish of Ayguatebia. One day when he was plowing, ambassadors from Rome came to announce to him that he was designated to be the successor of the reigning pontiff, who was seriously ill. - &quot;I will not believe in your mission, says Saint Lin, until this spur is covered with flowers and fruits. Instantly the sting was covered with flowers and fruits.<\/p>\n<p><img decoding=\"async\" class=\"alignnone wp-image-5284 size-full\" src=\"https:\/\/mythslegendes.com\/wp-content\/uploads\/2020\/09\/AlphaOmega-e1602613368367.png\" alt=\"Pope Saint Lin\" width=\"25\" height=\"26\" title=\"\"><\/p>\n<div id=\"ez-toc-container\" class=\"ez-toc-v2_0_82_2 counter-hierarchy ez-toc-counter ez-toc-grey ez-toc-container-direction\">\n<div class=\"ez-toc-title-container\">\n<p class=\"ez-toc-title\" style=\"cursor:inherit\">Contents<\/p>\n<span class=\"ez-toc-title-toggle\"><a href=\"#\" class=\"ez-toc-pull-right ez-toc-btn ez-toc-btn-xs ez-toc-btn-default ez-toc-toggle\" aria-label=\"Toggle Table of Content\"><span class=\"ez-toc-js-icon-con\"><span class=\"\"><span class=\"eztoc-hide\" style=\"display:none;\">Toggle<\/span><span class=\"ez-toc-icon-toggle-span\"><svg style=\"fill: #999;color:#999\" xmlns=\"http:\/\/www.w3.org\/2000\/svg\" class=\"list-377408\" width=\"20px\" height=\"20px\" viewbox=\"0 0 24 24\" fill=\"none\"><path d=\"M6 6H4v2h2V6zm14 0H8v2h12V6zM4 11h2v2H4v-2zm16 0H8v2h12v-2zM4 16h2v2H4v-2zm16 0H8v2h12v-2z\" fill=\"currentColor\"><\/path><\/svg><svg style=\"fill: #999;color:#999\" class=\"arrow-unsorted-368013\" xmlns=\"http:\/\/www.w3.org\/2000\/svg\" width=\"10px\" height=\"10px\" viewbox=\"0 0 24 24\" version=\"1.2\" baseprofile=\"tiny\"><path d=\"M18.2 9.3l-6.2-6.3-6.2 6.3c-.2.2-.3.4-.3.7s.1.5.3.7c.2.2.4.3.7.3h11c.3 0 .5-.1.7-.3.2-.2.3-.5.3-.7s-.1-.5-.3-.7zM5.8 14.7l6.2 6.3 6.2-6.3c.2-.2.3-.5.3-.7s-.1-.5-.3-.7c-.2-.2-.4-.3-.7-.3h-11c-.3 0-.5.1-.7.3-.2.2-.3.5-.3.7s.1.5.3.7z\"\/><\/svg><\/span><\/span><\/span><\/a><\/span><\/div>\n<nav><ul class='ez-toc-list ez-toc-list-level-1' ><li class='ez-toc-page-1 ez-toc-heading-level-2'><a class=\"ez-toc-link ez-toc-heading-1\" href=\"https:\/\/mythslegendes.com\/en\/iberian-mythology\/pope-saint-lin\/#Saint-Lin\" >Saint-Lin<\/a><\/li><\/ul><\/nav><\/div>\n<h2><span class=\"ez-toc-section\" id=\"Saint-Lin\"><\/span>Saint-Lin<span class=\"ez-toc-section-end\"><\/span><\/h2>\n<p><\/p>\n<p>He continued. \u201cI will only believe in your mission if I come out of the place and touch a spring of clear, lively and fresh water. Instantly the spring gushed forth. Convinced this time, he brought his oxen back to the farm, said goodbye to his mother (who lived in Marcevol) and followed the Roman ambassadors.<\/p>\n<p><\/p>\n<p>Indeed, he was elected pope. His mother came to Rome to see him. As you might imagine, she was dressed like the peasant women of Conflent, black velvet bodice, coarse woolen skirt, bonnet <a href=\"https:\/\/mythslegendes.com\/en\/iberian-mythology\/\">Catalan<\/a>, coarse shoe. The courtiers made her put on a superb costume, in the fashion of Roman ladies. Lin received her mother and said, \u201cI don&#039;t recognize this woman; that one takes away from him this vanity which suits him so badly. Thus was done, and a few moments later the pope was in the arms of his mother, whom he kissed affectionately.<\/p>\n<p><\/p>\n<p>To be a little more consistent with history, it should be noted that St Lin, the 2nd pope, was the successor of St Peter, during the I<sup>er<\/sup> century. A time during which, of course, Christianity had not arrived in Ayguatebia. (It will take 8 centuries to get there) Besides, no Catalan village still existed. This <a href=\"https:\/\/mythslegendes.com\/en\/\">legend<\/a> is an amalgam with a true story: Ayguatebia is the birthplace of St Ermengol, who is invoked against drought. This illustrious character, living during the tenth century, was bishop of Urgell.<\/p>\n<p><\/p>\t\t\t\t\t\t\t\t<\/div>\n\t\t\t\t<\/div>\n\t\t\t\t\t<\/div>\n\t\t<\/div>\n\t\t\t\t\t<\/div>\n\t\t<\/section>\n\t\t\t\t<\/div>","protected":false},"excerpt":{"rendered":"<p>Mythologie Ib\u00e9rique Wiki Saint Lin fut le deuxi\u00e8me pape de l&rsquo;histoire. Il habitait la m\u00e9tairie de Cabrils, actuellement annexe de &hellip; <\/p>","protected":false},"author":1,"featured_media":0,"parent":2187,"menu_order":0,"comment_status":"closed","ping_status":"closed","template":"","meta":{"footnotes":""},"class_list":["post-2503","page","type-page","status-publish","hentry"],"amp_enabled":true,"_links":{"self":[{"href":"https:\/\/mythslegendes.com\/en\/wp-json\/wp\/v2\/pages\/2503","targetHints":{"allow":["GET"]}}],"collection":[{"href":"https:\/\/mythslegendes.com\/en\/wp-json\/wp\/v2\/pages"}],"about":[{"href":"https:\/\/mythslegendes.com\/en\/wp-json\/wp\/v2\/types\/page"}],"author":[{"embeddable":true,"href":"https:\/\/mythslegendes.com\/en\/wp-json\/wp\/v2\/users\/1"}],"replies":[{"embeddable":true,"href":"https:\/\/mythslegendes.com\/en\/wp-json\/wp\/v2\/comments?post=2503"}],"version-history":[{"count":1,"href":"https:\/\/mythslegendes.com\/en\/wp-json\/wp\/v2\/pages\/2503\/revisions"}],"predecessor-version":[{"id":24793,"href":"https:\/\/mythslegendes.com\/en\/wp-json\/wp\/v2\/pages\/2503\/revisions\/24793"}],"up":[{"embeddable":true,"href":"https:\/\/mythslegendes.com\/en\/wp-json\/wp\/v2\/pages\/2187"}],"wp:attachment":[{"href":"https:\/\/mythslegendes.com\/en\/wp-json\/wp\/v2\/media?parent=2503"}],"curies":[{"name":"wp","href":"https:\/\/api.w.org\/{rel}","templated":true}]}}