{"id":2507,"date":"2020-07-12T20:20:55","date_gmt":"2020-07-12T19:20:55","guid":{"rendered":"https:\/\/mythslegendes.com\/?page_id=2507"},"modified":"2022-12-03T22:07:09","modified_gmt":"2022-12-03T22:07:09","slug":"guillaume-de-cabestany","status":"publish","type":"page","link":"https:\/\/mythslegendes.com\/en\/iberian-mythology\/guillaume-de-cabestany\/","title":{"rendered":"Guillaume de Cabestany"},"content":{"rendered":"<div data-elementor-type=\"wp-page\" data-elementor-id=\"2507\" class=\"elementor elementor-2507\">\n\t\t\t\t\t\t<section class=\"elementor-section elementor-top-section elementor-element elementor-element-b39ef8e elementor-section-boxed elementor-section-height-default elementor-section-height-default\" data-id=\"b39ef8e\" data-element_type=\"section\" data-e-type=\"section\">\n\t\t\t\t\t\t<div class=\"elementor-container elementor-column-gap-default\">\n\t\t\t\t\t<div class=\"elementor-column elementor-col-50 elementor-top-column elementor-element elementor-element-55a9fac\" data-id=\"55a9fac\" data-element_type=\"column\" data-e-type=\"column\">\n\t\t\t<div class=\"elementor-widget-wrap elementor-element-populated\">\n\t\t\t\t\t\t<div class=\"elementor-element elementor-element-4713a0e elementor-align-justify elementor-widget elementor-widget-button\" data-id=\"4713a0e\" data-element_type=\"widget\" data-e-type=\"widget\" data-widget_type=\"button.default\">\n\t\t\t\t<div class=\"elementor-widget-container\">\n\t\t\t\t\t\t\t\t\t<div class=\"elementor-button-wrapper\">\n\t\t\t\t\t<a class=\"elementor-button elementor-button-link elementor-size-sm\" href=\"https:\/\/mythslegendes.com\/en\/iberian-mythology\/\">\n\t\t\t\t\t\t<span class=\"elementor-button-content-wrapper\">\n\t\t\t\t\t\t\t\t\t<span class=\"elementor-button-text\">Iberian mythology<\/span>\n\t\t\t\t\t<\/span>\n\t\t\t\t\t<\/a>\n\t\t\t\t<\/div>\n\t\t\t\t\t\t\t\t<\/div>\n\t\t\t\t<\/div>\n\t\t\t\t\t<\/div>\n\t\t<\/div>\n\t\t\t\t<div class=\"elementor-column elementor-col-50 elementor-top-column elementor-element elementor-element-5475f8a\" data-id=\"5475f8a\" data-element_type=\"column\" data-e-type=\"column\">\n\t\t\t<div class=\"elementor-widget-wrap elementor-element-populated\">\n\t\t\t\t\t\t<div class=\"elementor-element elementor-element-1c475dc elementor-align-justify elementor-widget elementor-widget-button\" data-id=\"1c475dc\" data-element_type=\"widget\" data-e-type=\"widget\" data-widget_type=\"button.default\">\n\t\t\t\t<div class=\"elementor-widget-container\">\n\t\t\t\t\t\t\t\t\t<div class=\"elementor-button-wrapper\">\n\t\t\t\t\t<a class=\"elementor-button elementor-button-link elementor-size-sm\" href=\"https:\/\/en.wikipedia.org\/wiki\/Spanish_mythology\" target=\"_blank\" rel=\"noopener\">\n\t\t\t\t\t\t<span class=\"elementor-button-content-wrapper\">\n\t\t\t\t\t\t\t\t\t<span class=\"elementor-button-text\">Wiki<\/span>\n\t\t\t\t\t<\/span>\n\t\t\t\t\t<\/a>\n\t\t\t\t<\/div>\n\t\t\t\t\t\t\t\t<\/div>\n\t\t\t\t<\/div>\n\t\t\t\t\t<\/div>\n\t\t<\/div>\n\t\t\t\t\t<\/div>\n\t\t<\/section>\n\t\t\t\t<section class=\"elementor-section elementor-top-section elementor-element elementor-element-65dbf8dd elementor-section-boxed elementor-section-height-default elementor-section-height-default\" data-id=\"65dbf8dd\" data-element_type=\"section\" data-e-type=\"section\">\n\t\t\t\t\t\t<div class=\"elementor-container elementor-column-gap-default\">\n\t\t\t\t\t<div class=\"elementor-column elementor-col-100 elementor-top-column elementor-element elementor-element-4ff3c738\" data-id=\"4ff3c738\" data-element_type=\"column\" data-e-type=\"column\">\n\t\t\t<div class=\"elementor-widget-wrap elementor-element-populated\">\n\t\t\t\t\t\t<div class=\"elementor-element elementor-element-1d871b3c elementor-widget elementor-widget-text-editor\" data-id=\"1d871b3c\" data-element_type=\"widget\" data-e-type=\"widget\" data-widget_type=\"text-editor.default\">\n\t\t\t\t<div class=\"elementor-widget-container\">\n\t\t\t\t\t\t\t\t\t<p><\/p>\n<p>Guillaume de Cabestany was castellan of Cabestany. A real character, we find him in 1175 during the signing of his father Arnau&#039;s will. He participated in the Battle of Las Navas de Tolosa in 1212 against the Saracens.<\/p>\n<p><img decoding=\"async\" class=\"alignnone wp-image-5284 size-full\" src=\"https:\/\/mythslegendes.com\/wp-content\/uploads\/2020\/09\/AlphaOmega-e1602613368367.png\" alt=\"Guillaume de Cabestany\" width=\"25\" height=\"26\" title=\"\"><\/p>\n<div id=\"ez-toc-container\" class=\"ez-toc-v2_0_82_2 counter-hierarchy ez-toc-counter ez-toc-grey ez-toc-container-direction\">\n<div class=\"ez-toc-title-container\">\n<p class=\"ez-toc-title\" style=\"cursor:inherit\">Contents<\/p>\n<span class=\"ez-toc-title-toggle\"><a href=\"#\" class=\"ez-toc-pull-right ez-toc-btn ez-toc-btn-xs ez-toc-btn-default ez-toc-toggle\" aria-label=\"Toggle Table of Content\"><span class=\"ez-toc-js-icon-con\"><span class=\"\"><span class=\"eztoc-hide\" style=\"display:none;\">Toggle<\/span><span class=\"ez-toc-icon-toggle-span\"><svg style=\"fill: #999;color:#999\" xmlns=\"http:\/\/www.w3.org\/2000\/svg\" class=\"list-377408\" width=\"20px\" height=\"20px\" viewbox=\"0 0 24 24\" fill=\"none\"><path d=\"M6 6H4v2h2V6zm14 0H8v2h12V6zM4 11h2v2H4v-2zm16 0H8v2h12v-2zM4 16h2v2H4v-2zm16 0H8v2h12v-2z\" fill=\"currentColor\"><\/path><\/svg><svg style=\"fill: #999;color:#999\" class=\"arrow-unsorted-368013\" xmlns=\"http:\/\/www.w3.org\/2000\/svg\" width=\"10px\" height=\"10px\" viewbox=\"0 0 24 24\" version=\"1.2\" baseprofile=\"tiny\"><path d=\"M18.2 9.3l-6.2-6.3-6.2 6.3c-.2.2-.3.4-.3.7s.1.5.3.7c.2.2.4.3.7.3h11c.3 0 .5-.1.7-.3.2-.2.3-.5.3-.7s-.1-.5-.3-.7zM5.8 14.7l6.2 6.3 6.2-6.3c.2-.2.3-.5.3-.7s-.1-.5-.3-.7c-.2-.2-.4-.3-.7-.3h-11c-.3 0-.5.1-.7.3-.2.2-.3.5-.3.7s.1.5.3.7z\"\/><\/svg><\/span><\/span><\/span><\/a><\/span><\/div>\n<nav><ul class='ez-toc-list ez-toc-list-level-1' ><li class='ez-toc-page-1 ez-toc-heading-level-2'><a class=\"ez-toc-link ez-toc-heading-1\" href=\"https:\/\/mythslegendes.com\/en\/iberian-mythology\/guillaume-de-cabestany\/#Guillaume-de-Cabestany\" >Guillaume de Cabestany<\/a><\/li><\/ul><\/nav><\/div>\n<h2><span class=\"ez-toc-section\" id=\"Guillaume-de-Cabestany\"><\/span>Guillaume de Cabestany<span class=\"ez-toc-section-end\"><\/span><\/h2>\n<p>He was also a poet, his poems were sometimes written in Occitan:<\/p>\n<p><\/p>\n<p><em>Aissi cum selh que baissa el fuelh,<\/em><\/p>\n<p><\/p>\n<p><em>E take from the flors la gensor<\/em><\/p>\n<p><\/p>\n<p><em>(Like one who bends a branch,<\/em><\/p>\n<p><\/p>\n<p><em>and take the most beautiful flower)<\/em><\/p>\n<p><\/p>\n<p>In love with Saurimonde, wife of Raimond de Castell-Rossello, he celebrated her in his verses and knew how to please her. The husband, transported by jealousy, took William far from the castle and, having killed him by treachery, tore out his heart which he made his wife eat.<\/p>\n<p><\/p>\n<p>When he had revealed the secret to Saurimonde, the latter said that \u201cthis dish had been so good and so tasty that no one else would ever take the taste out of his mouth\u201d. The husband, hearing this answer, ran to get his sword. Frightened Saurimonde rushed from the top of the tower of her castle and perished in the fall.<\/p>\n<p><\/p>\n<p>King Alfonso II of Aragon came to the scene and ordered the barbarian husband to be arrested. He demanded that the two victims be buried in the same tomb in front of the door of the Saint Jean church in Perpignan.<\/p>\n<p>A solemn service was instituted for the repose of their souls, and there lasted a time when the knights and noble ladies of <a href=\"https:\/\/mythslegendes.com\/en\/iberian-mythology\/\">Catalonia<\/a>, Cerdagne, Roussillon and Narbonne came to attend every year. The king had Raymond put to death in his prison and confiscated his castles and lands to give them to the parents of Guillaume and Saurimonde.<\/p>\n<p><\/p>\n<p>Here is an extract from a piece of poetry that Guillaume addressed one day to his beloved. Obviously, the translation is with.<\/p>\n<p><\/p>\n<p><em>In sovinensa<\/em><\/p>\n<p><\/p>\n<p><em>Tenc la cara e&#039;l doltz ris,<\/em><\/p>\n<p><\/p>\n<p><em>Vostra valensa,<\/em><\/p>\n<p><\/p>\n<p><em>E&#039;l belh cors blanc e lis;<\/em><\/p>\n<p><\/p>\n<p><em>If you per crezensa<\/em><\/p>\n<p><\/p>\n<p><em>Estes va god tan fis,<\/em><\/p>\n<p><\/p>\n<p><em>Vius ses falhensa<\/em><\/p>\n<p><\/p>\n<p><em>Will enter paradise.<\/em><\/p>\n<p><\/p>\n<p><em>&#8230;&#8230;&#8230;&#8230;&#8230;&#8230;&#8230;&#8230;&#8230;.<\/em><\/p>\n<p><\/p>\n<p><em>Sox, cum seria<\/em><\/p>\n<p><\/p>\n<p><em>Than god thank you no i trobles<\/em><\/p>\n<p><\/p>\n<p><em>Ab yours, friend,<\/em><\/p>\n<p><\/p>\n<p><em>La genser qu&#039;anc nasques;<\/em><\/p>\n<p><\/p>\n<p><em>That god nueg e dia,<\/em><\/p>\n<p><\/p>\n<p><em>Of genolhs of pes<\/em><\/p>\n<p><\/p>\n<p><em>Sancta Maria<\/em><\/p>\n<p><\/p>\n<p><em>Prec Vostr&#039;amor mi de;<\/em><\/p>\n<p><\/p>\n<p><em>May God flee noyritz children<\/em><\/p>\n<p><\/p>\n<p><em>Per far your comans:<\/em><\/p>\n<p><\/p>\n<p><em>And ja diens no m&#039;enans,<\/em><\/p>\n<p><\/p>\n<p><em>If ever I see myself, get out of it.<\/em><\/p>\n<p><\/p>\n<p><em>Franca res de bon aire,<\/em><\/p>\n<p><\/p>\n<p><em>Suffer that God kisses los guans,<\/em><\/p>\n<p><\/p>\n<p><em>Only als sui doptans<\/em><\/p>\n<p><\/p>\n<p><em>\u00a0\u00a0\u00a0\u00a0\u00a0Guillems de Cabestanh<\/em><\/p>\n<p><\/p>\t\t\t\t\t\t\t\t<\/div>\n\t\t\t\t<\/div>\n\t\t\t\t\t<\/div>\n\t\t<\/div>\n\t\t\t\t\t<\/div>\n\t\t<\/section>\n\t\t\t\t<\/div>","protected":false},"excerpt":{"rendered":"<p>Mythologie Ib\u00e9rique Wiki Guillaume de Cabestany \u00e9tait ch\u00e2telain de Cabestany. Personnage r\u00e9el, on le trouve en 1175 lors de la &hellip; <\/p>","protected":false},"author":1,"featured_media":0,"parent":2187,"menu_order":0,"comment_status":"closed","ping_status":"closed","template":"","meta":{"footnotes":""},"class_list":["post-2507","page","type-page","status-publish","hentry"],"amp_enabled":true,"_links":{"self":[{"href":"https:\/\/mythslegendes.com\/en\/wp-json\/wp\/v2\/pages\/2507","targetHints":{"allow":["GET"]}}],"collection":[{"href":"https:\/\/mythslegendes.com\/en\/wp-json\/wp\/v2\/pages"}],"about":[{"href":"https:\/\/mythslegendes.com\/en\/wp-json\/wp\/v2\/types\/page"}],"author":[{"embeddable":true,"href":"https:\/\/mythslegendes.com\/en\/wp-json\/wp\/v2\/users\/1"}],"replies":[{"embeddable":true,"href":"https:\/\/mythslegendes.com\/en\/wp-json\/wp\/v2\/comments?post=2507"}],"version-history":[{"count":1,"href":"https:\/\/mythslegendes.com\/en\/wp-json\/wp\/v2\/pages\/2507\/revisions"}],"predecessor-version":[{"id":24794,"href":"https:\/\/mythslegendes.com\/en\/wp-json\/wp\/v2\/pages\/2507\/revisions\/24794"}],"up":[{"embeddable":true,"href":"https:\/\/mythslegendes.com\/en\/wp-json\/wp\/v2\/pages\/2187"}],"wp:attachment":[{"href":"https:\/\/mythslegendes.com\/en\/wp-json\/wp\/v2\/media?parent=2507"}],"curies":[{"name":"wp","href":"https:\/\/api.w.org\/{rel}","templated":true}]}}