{"id":2522,"date":"2020-07-12T20:28:50","date_gmt":"2020-07-12T19:28:50","guid":{"rendered":"https:\/\/mythslegendes.com\/?page_id=2522"},"modified":"2022-12-03T22:07:09","modified_gmt":"2022-12-03T22:07:09","slug":"le-rocher-du-capucin","status":"publish","type":"page","link":"https:\/\/mythslegendes.com\/en\/iberian-mythology\/the-rocher-du-capuchin\/","title":{"rendered":"The Capuchin Rock"},"content":{"rendered":"<div data-elementor-type=\"wp-page\" data-elementor-id=\"2522\" class=\"elementor elementor-2522\">\n\t\t\t\t\t\t<section class=\"elementor-section elementor-top-section elementor-element elementor-element-27b77af elementor-section-boxed elementor-section-height-default elementor-section-height-default\" data-id=\"27b77af\" data-element_type=\"section\" data-e-type=\"section\">\n\t\t\t\t\t\t<div class=\"elementor-container elementor-column-gap-default\">\n\t\t\t\t\t<div class=\"elementor-column elementor-col-50 elementor-top-column elementor-element elementor-element-d22fcdd\" data-id=\"d22fcdd\" data-element_type=\"column\" data-e-type=\"column\">\n\t\t\t<div class=\"elementor-widget-wrap elementor-element-populated\">\n\t\t\t\t\t\t<div class=\"elementor-element elementor-element-827a8d6 elementor-align-justify elementor-widget elementor-widget-button\" data-id=\"827a8d6\" data-element_type=\"widget\" data-e-type=\"widget\" data-widget_type=\"button.default\">\n\t\t\t\t<div class=\"elementor-widget-container\">\n\t\t\t\t\t\t\t\t\t<div class=\"elementor-button-wrapper\">\n\t\t\t\t\t<a class=\"elementor-button elementor-button-link elementor-size-sm\" href=\"https:\/\/mythslegendes.com\/en\/iberian-mythology\/\">\n\t\t\t\t\t\t<span class=\"elementor-button-content-wrapper\">\n\t\t\t\t\t\t\t\t\t<span class=\"elementor-button-text\">Iberian mythology<\/span>\n\t\t\t\t\t<\/span>\n\t\t\t\t\t<\/a>\n\t\t\t\t<\/div>\n\t\t\t\t\t\t\t\t<\/div>\n\t\t\t\t<\/div>\n\t\t\t\t\t<\/div>\n\t\t<\/div>\n\t\t\t\t<div class=\"elementor-column elementor-col-50 elementor-top-column elementor-element elementor-element-7e1f182\" data-id=\"7e1f182\" data-element_type=\"column\" data-e-type=\"column\">\n\t\t\t<div class=\"elementor-widget-wrap elementor-element-populated\">\n\t\t\t\t\t\t<div class=\"elementor-element elementor-element-cb59c06 elementor-align-justify elementor-widget elementor-widget-button\" data-id=\"cb59c06\" data-element_type=\"widget\" data-e-type=\"widget\" data-widget_type=\"button.default\">\n\t\t\t\t<div class=\"elementor-widget-container\">\n\t\t\t\t\t\t\t\t\t<div class=\"elementor-button-wrapper\">\n\t\t\t\t\t<a class=\"elementor-button elementor-button-link elementor-size-sm\" href=\"https:\/\/en.wikipedia.org\/wiki\/Spanish_mythology\" target=\"_blank\" rel=\"noopener\">\n\t\t\t\t\t\t<span class=\"elementor-button-content-wrapper\">\n\t\t\t\t\t\t\t\t\t<span class=\"elementor-button-text\">Wiki<\/span>\n\t\t\t\t\t<\/span>\n\t\t\t\t\t<\/a>\n\t\t\t\t<\/div>\n\t\t\t\t\t\t\t\t<\/div>\n\t\t\t\t<\/div>\n\t\t\t\t\t<\/div>\n\t\t<\/div>\n\t\t\t\t\t<\/div>\n\t\t<\/section>\n\t\t\t\t<section class=\"elementor-section elementor-top-section elementor-element elementor-element-6b919ded elementor-section-boxed elementor-section-height-default elementor-section-height-default\" data-id=\"6b919ded\" data-element_type=\"section\" data-e-type=\"section\">\n\t\t\t\t\t\t<div class=\"elementor-container elementor-column-gap-default\">\n\t\t\t\t\t<div class=\"elementor-column elementor-col-100 elementor-top-column elementor-element elementor-element-7e0d4308\" data-id=\"7e0d4308\" data-element_type=\"column\" data-e-type=\"column\">\n\t\t\t<div class=\"elementor-widget-wrap elementor-element-populated\">\n\t\t\t\t\t\t<div class=\"elementor-element elementor-element-5471e0f3 elementor-widget elementor-widget-text-editor\" data-id=\"5471e0f3\" data-element_type=\"widget\" data-e-type=\"widget\" data-widget_type=\"text-editor.default\">\n\t\t\t\t<div class=\"elementor-widget-container\">\n\t\t\t\t\t\t\t\t\t\n<p>In his Recorts d&#039;un excursionista, Bosch de la Trinxeria speaks of a rock that can be seen two kilometers from the road linking Prats-do-Mollo to La Preste: the Capuchin rock, the distance gives the tourist l illusion of a hooded brother kneeling on the crest of the mountain and absorbed in reading a breviary; the silhouette of the religious stands out clearly on the horizon, and one notices with astonishment the correct proportions of his body, which seems to have been chiseled by a skilful sculptor.<\/p>\n<p><img decoding=\"async\" class=\"alignnone wp-image-5284 size-full\" src=\"https:\/\/mythslegendes.com\/wp-content\/uploads\/2020\/09\/AlphaOmega-e1602613368367.png\" alt=\"the capuchin rock\" width=\"25\" height=\"26\" title=\"\"><\/p>\n<div id=\"ez-toc-container\" class=\"ez-toc-v2_0_82_2 counter-hierarchy ez-toc-counter ez-toc-grey ez-toc-container-direction\">\n<div class=\"ez-toc-title-container\">\n<p class=\"ez-toc-title\" style=\"cursor:inherit\">Contents<\/p>\n<span class=\"ez-toc-title-toggle\"><a href=\"#\" class=\"ez-toc-pull-right ez-toc-btn ez-toc-btn-xs ez-toc-btn-default ez-toc-toggle\" aria-label=\"Toggle Table of Content\"><span class=\"ez-toc-js-icon-con\"><span class=\"\"><span class=\"eztoc-hide\" style=\"display:none;\">Toggle<\/span><span class=\"ez-toc-icon-toggle-span\"><svg style=\"fill: #999;color:#999\" xmlns=\"http:\/\/www.w3.org\/2000\/svg\" class=\"list-377408\" width=\"20px\" height=\"20px\" viewbox=\"0 0 24 24\" fill=\"none\"><path d=\"M6 6H4v2h2V6zm14 0H8v2h12V6zM4 11h2v2H4v-2zm16 0H8v2h12v-2zM4 16h2v2H4v-2zm16 0H8v2h12v-2z\" fill=\"currentColor\"><\/path><\/svg><svg style=\"fill: #999;color:#999\" class=\"arrow-unsorted-368013\" xmlns=\"http:\/\/www.w3.org\/2000\/svg\" width=\"10px\" height=\"10px\" viewbox=\"0 0 24 24\" version=\"1.2\" baseprofile=\"tiny\"><path d=\"M18.2 9.3l-6.2-6.3-6.2 6.3c-.2.2-.3.4-.3.7s.1.5.3.7c.2.2.4.3.7.3h11c.3 0 .5-.1.7-.3.2-.2.3-.5.3-.7s-.1-.5-.3-.7zM5.8 14.7l6.2 6.3 6.2-6.3c.2-.2.3-.5.3-.7s-.1-.5-.3-.7c-.2-.2-.4-.3-.7-.3h-11c-.3 0-.5.1-.7.3-.2.2-.3.5-.3.7s.1.5.3.7z\"\/><\/svg><\/span><\/span><\/span><\/a><\/span><\/div>\n<nav><ul class='ez-toc-list ez-toc-list-level-1' ><li class='ez-toc-page-1 ez-toc-heading-level-2'><a class=\"ez-toc-link ez-toc-heading-1\" href=\"https:\/\/mythslegendes.com\/en\/iberian-mythology\/the-rocher-du-capuchin\/#Le-rocher-du-capucin\" >The Capuchin Rock<\/a><\/li><\/ul><\/nav><\/div>\n<h2><span class=\"ez-toc-section\" id=\"Le-rocher-du-capucin\"><\/span>The Capuchin Rock<span class=\"ez-toc-section-end\"><\/span><\/h2>\n\n<p>It is nevertheless a work of nature, because the closer one approaches, the better one distinguishes the imprecision of the forms; we thought we saw a perfect statue and it is not even the sketch of an apprentice; it is simply a pile of granite stones. These stones, to which chance seems to have given a human form, nevertheless have their <a href=\"https:\/\/mythslegendes.com\/en\/\">legend<\/a>.<\/p>\n\n<p>Brother Miquel was part of the convent of Sainte Marguerite (located at Cal d&#039;Ar\u00e8s), where the travelers who were lost in the mountains took refuge during the blast. One evening he provided himself with provisions and generous wine and set out for the Pass through the snow-covered paths: terrible weather ensued; an icy wind was lashing his face when he suddenly thought he heard desperate cries. Guided by the sound of the unknown path he made active searches in the ravine and discovered two beings half buried under the snow: an adorable young girl and her old father.<\/p>\n\n<p>Brother Miquel saved them from their perilous position, offered them food and accompanied them to the convent. But as the young girl walked with great difficulty, he carried her courageously on his shoulders to her destination. The poor travelers found good food, good fire and good lodging at the convent, while waiting to resume their journey through the mountain.<\/p>\n\n<p>But the beautiful maiden made a deep impression on the generous host. And as the first passions are always the most violent, Brother Miquel fell prey to the most ardent love: in vain did he fight against himself and he submitted to the harshest mortifications, in vain he prayed to God. to restore her peace, the demon seemed to fan her flame and make the image of the seductive stranger more alive in her memory.<\/p>\n\n<p>The unfortunate man resolved to flee the presence of the young girl and left the convent during the night, heading towards Prats. But the storm broke in the mountain and the trembling brother walked in the shadows, slums roared with thunder. Lightning illuminated fantastic apparitions.<\/p>\n\n<p>Vanquished by the elements, the monk fell, and around his body, the demons rushed to attack his soul. But the guardian angel came to save Brother Miquel:<\/p>\n\n<p>- &quot;Kneel down,&quot; he said, &quot;because your sin is serious.&quot; You will remain in prayer until the last judgment.<\/p>\n\n<p>And that is why we still see the brother kneeling on the crest of the mountain. The locals even claim that during the storm the poor brother utters lamentable cries:<\/p>\n\n<p>&quot;Pardoneu me, Deu meu! .., Prou, prou\u2026 ,. Ay! desgraciat de mi! (Forgive me, my God! Enough, enough Ah! Unhappy that I am!)<\/p>\n\n<p>And on hearing these complaints the shepherds fled, making the sign of the cross.<\/p>\n\t\t\t\t\t\t\t\t<\/div>\n\t\t\t\t<\/div>\n\t\t\t\t\t<\/div>\n\t\t<\/div>\n\t\t\t\t\t<\/div>\n\t\t<\/section>\n\t\t\t\t<\/div>","protected":false},"excerpt":{"rendered":"<p>Mythologie Ib\u00e9rique Wiki Dans ses Recorts d&rsquo;un excursionista, Bosch de la Trinxeria parle d&rsquo;un roc que l&rsquo;on aper\u00e7oit \u00e0 deux &hellip; <\/p>","protected":false},"author":1,"featured_media":0,"parent":2187,"menu_order":0,"comment_status":"closed","ping_status":"closed","template":"","meta":{"footnotes":""},"class_list":["post-2522","page","type-page","status-publish","hentry"],"amp_enabled":true,"_links":{"self":[{"href":"https:\/\/mythslegendes.com\/en\/wp-json\/wp\/v2\/pages\/2522","targetHints":{"allow":["GET"]}}],"collection":[{"href":"https:\/\/mythslegendes.com\/en\/wp-json\/wp\/v2\/pages"}],"about":[{"href":"https:\/\/mythslegendes.com\/en\/wp-json\/wp\/v2\/types\/page"}],"author":[{"embeddable":true,"href":"https:\/\/mythslegendes.com\/en\/wp-json\/wp\/v2\/users\/1"}],"replies":[{"embeddable":true,"href":"https:\/\/mythslegendes.com\/en\/wp-json\/wp\/v2\/comments?post=2522"}],"version-history":[{"count":1,"href":"https:\/\/mythslegendes.com\/en\/wp-json\/wp\/v2\/pages\/2522\/revisions"}],"predecessor-version":[{"id":24799,"href":"https:\/\/mythslegendes.com\/en\/wp-json\/wp\/v2\/pages\/2522\/revisions\/24799"}],"up":[{"embeddable":true,"href":"https:\/\/mythslegendes.com\/en\/wp-json\/wp\/v2\/pages\/2187"}],"wp:attachment":[{"href":"https:\/\/mythslegendes.com\/en\/wp-json\/wp\/v2\/media?parent=2522"}],"curies":[{"name":"wp","href":"https:\/\/api.w.org\/{rel}","templated":true}]}}