{"id":2935,"date":"2020-07-22T17:57:22","date_gmt":"2020-07-22T16:57:22","guid":{"rendered":"https:\/\/mythslegendes.com\/?page_id=2935"},"modified":"2022-12-03T22:07:14","modified_gmt":"2022-12-03T22:07:14","slug":"le-marae","status":"publish","type":"page","link":"https:\/\/mythslegendes.com\/en\/maori-mythology\/the-marae\/","title":{"rendered":"The Marae"},"content":{"rendered":"<div data-elementor-type=\"wp-page\" data-elementor-id=\"2935\" class=\"elementor elementor-2935\">\n\t\t\t\t\t\t<section class=\"elementor-section elementor-top-section elementor-element elementor-element-fb2a854 elementor-section-boxed elementor-section-height-default elementor-section-height-default\" data-id=\"fb2a854\" data-element_type=\"section\" data-e-type=\"section\">\n\t\t\t\t\t\t<div class=\"elementor-container elementor-column-gap-default\">\n\t\t\t\t\t<div class=\"elementor-column elementor-col-50 elementor-top-column elementor-element elementor-element-187a372\" data-id=\"187a372\" data-element_type=\"column\" data-e-type=\"column\">\n\t\t\t<div class=\"elementor-widget-wrap elementor-element-populated\">\n\t\t\t\t\t\t<div class=\"elementor-element elementor-element-328cbe1 elementor-align-justify elementor-widget elementor-widget-button\" data-id=\"328cbe1\" data-element_type=\"widget\" data-e-type=\"widget\" data-widget_type=\"button.default\">\n\t\t\t\t<div class=\"elementor-widget-container\">\n\t\t\t\t\t\t\t\t\t<div class=\"elementor-button-wrapper\">\n\t\t\t\t\t<a class=\"elementor-button elementor-button-link elementor-size-sm\" href=\"https:\/\/mythslegendes.com\/en\/maori-mythology\/\">\n\t\t\t\t\t\t<span class=\"elementor-button-content-wrapper\">\n\t\t\t\t\t\t\t\t\t<span class=\"elementor-button-text\">Maori mythology<\/span>\n\t\t\t\t\t<\/span>\n\t\t\t\t\t<\/a>\n\t\t\t\t<\/div>\n\t\t\t\t\t\t\t\t<\/div>\n\t\t\t\t<\/div>\n\t\t\t\t\t<\/div>\n\t\t<\/div>\n\t\t\t\t<div class=\"elementor-column elementor-col-50 elementor-top-column elementor-element elementor-element-7520e51\" data-id=\"7520e51\" data-element_type=\"column\" data-e-type=\"column\">\n\t\t\t<div class=\"elementor-widget-wrap elementor-element-populated\">\n\t\t\t\t\t\t<div class=\"elementor-element elementor-element-3f701e1 elementor-align-justify elementor-widget elementor-widget-button\" data-id=\"3f701e1\" data-element_type=\"widget\" data-e-type=\"widget\" data-widget_type=\"button.default\">\n\t\t\t\t<div class=\"elementor-widget-container\">\n\t\t\t\t\t\t\t\t\t<div class=\"elementor-button-wrapper\">\n\t\t\t\t\t<a class=\"elementor-button elementor-button-link elementor-size-sm\" href=\"https:\/\/fr.wikipedia.org\/wiki\/Mythologie_maorie\" target=\"_blank\" rel=\"noopener\">\n\t\t\t\t\t\t<span class=\"elementor-button-content-wrapper\">\n\t\t\t\t\t\t\t\t\t<span class=\"elementor-button-text\">Wiki<\/span>\n\t\t\t\t\t<\/span>\n\t\t\t\t\t<\/a>\n\t\t\t\t<\/div>\n\t\t\t\t\t\t\t\t<\/div>\n\t\t\t\t<\/div>\n\t\t\t\t\t<\/div>\n\t\t<\/div>\n\t\t\t\t\t<\/div>\n\t\t<\/section>\n\t\t\t\t<section class=\"elementor-section elementor-top-section elementor-element elementor-element-760ae439 elementor-section-boxed elementor-section-height-default elementor-section-height-default\" data-id=\"760ae439\" data-element_type=\"section\" data-e-type=\"section\">\n\t\t\t\t\t\t<div class=\"elementor-container elementor-column-gap-default\">\n\t\t\t\t\t<div class=\"elementor-column elementor-col-100 elementor-top-column elementor-element elementor-element-279eb84f\" data-id=\"279eb84f\" data-element_type=\"column\" data-e-type=\"column\">\n\t\t\t<div class=\"elementor-widget-wrap elementor-element-populated\">\n\t\t\t\t\t\t<div class=\"elementor-element elementor-element-2eea4dd8 elementor-widget elementor-widget-text-editor\" data-id=\"2eea4dd8\" data-element_type=\"widget\" data-e-type=\"widget\" data-widget_type=\"text-editor.default\">\n\t\t\t\t<div class=\"elementor-widget-container\">\n\t\t\t\t\t\t\t\t\t\n<p>The M\u0101ori people are a tribal people made up of 79 traditional tribes spread across the <a href=\"https:\/\/mythslegendes.com\/en\/maori-mythology\/\">New Zealand<\/a>. The Marae, a sacred place of gathering, is the place of greatest mana, of the highest spirituality, the place which increases the dignity of the person and the place where M\u0101ori customs reach their ultimate expression.<\/p>\n<p><img decoding=\"async\" class=\"alignnone wp-image-5284 size-full\" src=\"https:\/\/mythslegendes.com\/wp-content\/uploads\/2020\/09\/AlphaOmega-e1602613368367.png\" alt=\"The Marae\" width=\"25\" height=\"26\" title=\"\"><\/p>\n<div id=\"ez-toc-container\" class=\"ez-toc-v2_0_82_2 counter-hierarchy ez-toc-counter ez-toc-grey ez-toc-container-direction\">\n<div class=\"ez-toc-title-container\">\n<p class=\"ez-toc-title\" style=\"cursor:inherit\">Contents<\/p>\n<span class=\"ez-toc-title-toggle\"><a href=\"#\" class=\"ez-toc-pull-right ez-toc-btn ez-toc-btn-xs ez-toc-btn-default ez-toc-toggle\" aria-label=\"Toggle Table of Content\"><span class=\"ez-toc-js-icon-con\"><span class=\"\"><span class=\"eztoc-hide\" style=\"display:none;\">Toggle<\/span><span class=\"ez-toc-icon-toggle-span\"><svg style=\"fill: #999;color:#999\" xmlns=\"http:\/\/www.w3.org\/2000\/svg\" class=\"list-377408\" width=\"20px\" height=\"20px\" viewbox=\"0 0 24 24\" fill=\"none\"><path d=\"M6 6H4v2h2V6zm14 0H8v2h12V6zM4 11h2v2H4v-2zm16 0H8v2h12v-2zM4 16h2v2H4v-2zm16 0H8v2h12v-2z\" fill=\"currentColor\"><\/path><\/svg><svg style=\"fill: #999;color:#999\" class=\"arrow-unsorted-368013\" xmlns=\"http:\/\/www.w3.org\/2000\/svg\" width=\"10px\" height=\"10px\" viewbox=\"0 0 24 24\" version=\"1.2\" baseprofile=\"tiny\"><path d=\"M18.2 9.3l-6.2-6.3-6.2 6.3c-.2.2-.3.4-.3.7s.1.5.3.7c.2.2.4.3.7.3h11c.3 0 .5-.1.7-.3.2-.2.3-.5.3-.7s-.1-.5-.3-.7zM5.8 14.7l6.2 6.3 6.2-6.3c.2-.2.3-.5.3-.7s-.1-.5-.3-.7c-.2-.2-.4-.3-.7-.3h-11c-.3 0-.5.1-.7.3-.2.2-.3.5-.3.7s.1.5.3.7z\"\/><\/svg><\/span><\/span><\/span><\/a><\/span><\/div>\n<nav><ul class='ez-toc-list ez-toc-list-level-1' ><li class='ez-toc-page-1 ez-toc-heading-level-2'><a class=\"ez-toc-link ez-toc-heading-1\" href=\"https:\/\/mythslegendes.com\/en\/maori-mythology\/the-marae\/#Le-Marae\" >The Marae<\/a><\/li><\/ul><\/nav><\/div>\n<h2><span class=\"ez-toc-section\" id=\"Le-Marae\"><\/span>The Marae<span class=\"ez-toc-section-end\"><\/span><\/h2>\n\n<p>He aha te mea nui? What is the greatest thing?<br \/>He tangata! It&#039;s the people, He tangata!<br \/>He tangata! It&#039;s the people, He tangata! It&#039;s the people.<\/p>\n\n<p>The Marae, or meeting place, is the turanga-waewae of M\u0101ori. It is the basis of traditional M\u0101ori community life. It is their &quot;home&quot;. It is at the Marae that official events take place: celebrations, weddings, baptisms, tribal meetings, funerals. People can also be called there for &quot;hui&quot;.<\/p>\n\n<p>Literally &quot;hui&quot; means to come together, to come together. Unlike other meetings, the \u201chui\u201d usually takes place according to M\u0101ori protocol. If the \u201chui\u201d concerns a dispute between two parties, each presents its arguments so that a consensual arrangement can finally be reached. Otherwise, a new \u201chui\u201d will be called later.<\/p>\n\n<p>The \u201ctangata whenua\u201d are responsible for the local Marae. They make decisions about the marae; if guests are expected, for example, they take care of the organization. They are the ones who define everyone&#039;s roles in the Marae, and ensure that visitors are well received.<\/p>\n\n<p>Young people are asked to participate in the work in the Marae. The elders of the Marae have authority and are respected. The Kaumatua (old people) are the Elders of the Marae. Their role is to teach young people the M\u0101ori traditions: \u201cwhaikorero\u201d (speeches), \u201cwhakapapa\u201d (genealogy) or \u201cwaiata\u201d (song). The Kaumatua also participate in welcoming visitors.<\/p>\n\n<p>Waiata (singing) is very important in M\u0101ori life. Over the centuries, waiata has recorded the history, <a href=\"https:\/\/mythslegendes.com\/en\/\">legends<\/a> and particular events in people&#039;s lives. A person who has the floor can lead to a song at some point in their speech. Some waiata, however, can only be sung on certain occasions, such as a &quot;tangi&quot; (funeral song) for example.<\/p>\n\n<p>A European, or &quot;Pakeha&quot;, can only enter a Marae with the permission of the Elders, and he must show due respect while in the marae complex. If a group of visitors comes to the Marae, a special ceremony takes place. This ceremony is called &quot;te wero&quot; and is always led by a man. Wero means &quot;to throw a spear&quot;.<\/p>\n\n<p>The &quot;wero&quot; is always led by a male person. After the haka, a challenge item is placed on the ground by one of the Marae&#039;s men. Visitors should wait at the entrance to the marae until they have a chance to show that they have come with peaceful intentions.<\/p>\n\n<p>The &quot;wero&quot; can be driven by a high-ranking woman, a queen, for example, but the &quot;taki&quot; (the spear of challenge) must be picked up by a man in her party. This is the traditional way of determining whether visitors to the Marae have come in peace or with hostile intentions.<\/p>\n\n<p>When the &quot;manuhiri&quot; visitors advance in the Marae, they should all stay together, and walk slowly and respectfully. The women of the Marae take part in the welcome call, the \u201cTe karanga\u201d:<\/p>\n\n<p>\u201cApproach, visitors from afar! Welcome ! Welcome! (Haere mai, Haere mai). Bring with you the spirits of your dead, may they be greeted. May they be mourned. Go up to our Marae, go up to the sacred Marae of our people. Welcome ! Welcome ! (Haere mai, Haere mai) &quot;<\/p>\n\n<p>For the M\u0101ori, generosity and hospitality are of the utmost importance.<\/p>\n\n<p>Usually, visitors to the M\u0101ori will stop for a minute or two to remember those who have died, before entering further into the Marae. When visitors are inside the Marae, greetings begin.<\/p>\n\n<p>The M\u0101ori practice a traditional welcome called \u201cpowhiri\u201d, which consists of a \u201chongi\u201d. The &quot;hongi&quot;, a welcoming ritual of touching someone else&#039;s nose with the tip of your nose in greeting, is the mixture of the breath of two people, which represents unity. Often it is practiced three times in a row: the first contact to greet the person, the second in recognition of the ancestors, the last pressure of the nose and forehead to honor life in this world.<\/p>\n\n<p>After the greetings, the speeches begin. The one who speaks moves forward and backward while speaking. Most of the speeches are followed by chants (waiata) by the women.<\/p>\n\n<p>Adjacent to the Marae, erected on a separate area, is the Marae-Atea, usually facing the main entrance to the Marae. This is where the Whare is located.<\/p>\n\n<p>We can talk about whare in many different ways: whare tipuna or whare tupuna (the ancestral house), whare whakairo (the carved house), whare nui (the big house), whare hui (the meeting house), whare moe or whare puni (the house where one sleeps) or whare runanga (the council house).<\/p>\n\n<p>The whare is almost always located, as in the past, between the marae and the entrance gate. The whare is used for funerals, religious gatherings or to receive guests. No member of the local tribal community lives permanently in the whare. With rare exceptions, the whare almost always bears the name of an ancestor.<\/p>\n\n<p>The whare represents in principle, symbolically, the chief and his ancestors. Outside, on the facade of the whare, at the very top, is the tekoteko, a sculpted figure, placed on the roof and at the entrance to the whare. The tekoteko represents the head of the ancestor.<\/p>\n\n<p>The \u201cmaihi\u201d, or carved part of the tekoteko hanging from the whare, shows the ancestor&#039;s arms, open as if to welcome visitors. The beam in the center of the whare, which runs through it end to end, represents the ancestor&#039;s spine.<\/p>\n\n<p>And we chose a particularly strong piece of wood, because when the spine is strong, the whole body is strong. The carved rafters found inside the whare represent the ancestor&#039;s ribs. The silhouettes carved along the interior walls of the whare represent the ancestors of the people of the local marae, as well as those of other tribes.<\/p>\n\n<p>Outside the whare one can see smaller and larger sculptures of Koruru. The sticking out tongue is a provocation towards the enemy, (just as it is a gesture of defiance during the haka, the war dance). The eyes of the koruru, in shiny paua shell (the New Zealand abalone shell), represent the Ruru, the M\u0101ori name for the small native owl of New Zealand.<\/p>\n\t\t\t\t\t\t\t\t<\/div>\n\t\t\t\t<\/div>\n\t\t\t\t\t<\/div>\n\t\t<\/div>\n\t\t\t\t\t<\/div>\n\t\t<\/section>\n\t\t\t\t<\/div>","protected":false},"excerpt":{"rendered":"<p>Mythologie Maori Wiki Le peuple M\u0101ori est un peuple tribal constitu\u00e9 de 79 tribus traditionnelles r\u00e9parties dans la Nouvelle-Z\u00e9lande. Le &hellip; <\/p>","protected":false},"author":1,"featured_media":0,"parent":2889,"menu_order":0,"comment_status":"closed","ping_status":"closed","template":"","meta":{"footnotes":""},"class_list":["post-2935","page","type-page","status-publish","hentry"],"amp_enabled":true,"_links":{"self":[{"href":"https:\/\/mythslegendes.com\/en\/wp-json\/wp\/v2\/pages\/2935","targetHints":{"allow":["GET"]}}],"collection":[{"href":"https:\/\/mythslegendes.com\/en\/wp-json\/wp\/v2\/pages"}],"about":[{"href":"https:\/\/mythslegendes.com\/en\/wp-json\/wp\/v2\/types\/page"}],"author":[{"embeddable":true,"href":"https:\/\/mythslegendes.com\/en\/wp-json\/wp\/v2\/users\/1"}],"replies":[{"embeddable":true,"href":"https:\/\/mythslegendes.com\/en\/wp-json\/wp\/v2\/comments?post=2935"}],"version-history":[{"count":1,"href":"https:\/\/mythslegendes.com\/en\/wp-json\/wp\/v2\/pages\/2935\/revisions"}],"predecessor-version":[{"id":24872,"href":"https:\/\/mythslegendes.com\/en\/wp-json\/wp\/v2\/pages\/2935\/revisions\/24872"}],"up":[{"embeddable":true,"href":"https:\/\/mythslegendes.com\/en\/wp-json\/wp\/v2\/pages\/2889"}],"wp:attachment":[{"href":"https:\/\/mythslegendes.com\/en\/wp-json\/wp\/v2\/media?parent=2935"}],"curies":[{"name":"wp","href":"https:\/\/api.w.org\/{rel}","templated":true}]}}