{"id":30225,"date":"2025-04-02T13:50:13","date_gmt":"2025-04-02T13:50:13","guid":{"rendered":"https:\/\/mythslegendes.com\/?page_id=30225"},"modified":"2025-04-02T15:34:50","modified_gmt":"2025-04-02T15:34:50","slug":"mythologie-d-aton","status":"publish","type":"page","link":"https:\/\/mythslegendes.com\/en\/mythologie-d-aton\/","title":{"rendered":"Mythologie d Aton"},"content":{"rendered":"<div data-elementor-type=\"wp-page\" data-elementor-id=\"30225\" class=\"elementor elementor-30225\">\n\t\t\t\t\t\t<section class=\"elementor-section elementor-top-section elementor-element elementor-element-6787a89 elementor-section-boxed elementor-section-height-default elementor-section-height-default\" data-id=\"6787a89\" data-element_type=\"section\" data-e-type=\"section\">\n\t\t\t\t\t\t<div class=\"elementor-container elementor-column-gap-default\">\n\t\t\t\t\t<div class=\"elementor-column elementor-col-33 elementor-top-column elementor-element elementor-element-8cdf9bc\" data-id=\"8cdf9bc\" data-element_type=\"column\" data-e-type=\"column\">\n\t\t\t<div class=\"elementor-widget-wrap elementor-element-populated\">\n\t\t\t\t\t\t<div class=\"elementor-element elementor-element-da066f8 elementor-align-justify elementor-widget elementor-widget-button\" data-id=\"da066f8\" data-element_type=\"widget\" data-e-type=\"widget\" data-widget_type=\"button.default\">\n\t\t\t\t<div class=\"elementor-widget-container\">\n\t\t\t\t\t\t\t\t\t<div class=\"elementor-button-wrapper\">\n\t\t\t\t\t<a class=\"elementor-button elementor-button-link elementor-size-sm\" href=\"https:\/\/mythslegendes.com\/en\/mythes-et-legendes-afroasiatique-1962\/\">\n\t\t\t\t\t\t<span class=\"elementor-button-content-wrapper\">\n\t\t\t\t\t\t\t\t\t<span class=\"elementor-button-text\">Back to cultural group<\/span>\n\t\t\t\t\t<\/span>\n\t\t\t\t\t<\/a>\n\t\t\t\t<\/div>\n\t\t\t\t\t\t\t\t<\/div>\n\t\t\t\t<\/div>\n\t\t\t\t\t<\/div>\n\t\t<\/div>\n\t\t\t\t<div class=\"elementor-column elementor-col-33 elementor-top-column elementor-element elementor-element-ef013fb\" data-id=\"ef013fb\" data-element_type=\"column\" data-e-type=\"column\">\n\t\t\t<div class=\"elementor-widget-wrap elementor-element-populated\">\n\t\t\t\t\t\t<div class=\"elementor-element elementor-element-fa39589 elementor-align-justify elementor-widget elementor-widget-button\" data-id=\"fa39589\" data-element_type=\"widget\" data-e-type=\"widget\" data-widget_type=\"button.default\">\n\t\t\t\t<div class=\"elementor-widget-container\">\n\t\t\t\t\t\t\t\t\t<div class=\"elementor-button-wrapper\">\n\t\t\t\t\t<a class=\"elementor-button elementor-button-link elementor-size-sm\" href=\"https:\/\/mythslegendes.com\/en\/book-libraries\/\">\n\t\t\t\t\t\t<span class=\"elementor-button-content-wrapper\">\n\t\t\t\t\t\t\t\t\t<span class=\"elementor-button-text\">Library<\/span>\n\t\t\t\t\t<\/span>\n\t\t\t\t\t<\/a>\n\t\t\t\t<\/div>\n\t\t\t\t\t\t\t\t<\/div>\n\t\t\t\t<\/div>\n\t\t\t\t\t<\/div>\n\t\t<\/div>\n\t\t\t\t<div class=\"elementor-column elementor-col-33 elementor-top-column elementor-element elementor-element-712c7ea\" data-id=\"712c7ea\" data-element_type=\"column\" data-e-type=\"column\">\n\t\t\t<div class=\"elementor-widget-wrap elementor-element-populated\">\n\t\t\t\t\t\t<div class=\"elementor-element elementor-element-7f6d08d elementor-align-justify elementor-widget elementor-widget-button\" data-id=\"7f6d08d\" data-element_type=\"widget\" data-e-type=\"widget\" data-widget_type=\"button.default\">\n\t\t\t\t<div class=\"elementor-widget-container\">\n\t\t\t\t\t\t\t\t\t<div class=\"elementor-button-wrapper\">\n\t\t\t\t\t<a class=\"elementor-button elementor-button-link elementor-size-sm\" href=\"https:\/\/en.wikipedia.org\/wiki\/Atenism\" target=\"_blank\" rel=\"noopener\">\n\t\t\t\t\t\t<span class=\"elementor-button-content-wrapper\">\n\t\t\t\t\t\t\t\t\t<span class=\"elementor-button-text\">Wiki<\/span>\n\t\t\t\t\t<\/span>\n\t\t\t\t\t<\/a>\n\t\t\t\t<\/div>\n\t\t\t\t\t\t\t\t<\/div>\n\t\t\t\t<\/div>\n\t\t\t\t\t<\/div>\n\t\t<\/div>\n\t\t\t\t\t<\/div>\n\t\t<\/section>\n\t\t\t\t<section class=\"elementor-section elementor-top-section elementor-element elementor-element-9779ab6 elementor-section-boxed elementor-section-height-default elementor-section-height-default\" data-id=\"9779ab6\" data-element_type=\"section\" data-e-type=\"section\">\n\t\t\t\t\t\t<div class=\"elementor-container elementor-column-gap-default\">\n\t\t\t\t\t<div class=\"elementor-column elementor-col-100 elementor-top-column elementor-element elementor-element-29939c6\" data-id=\"29939c6\" data-element_type=\"column\" data-e-type=\"column\">\n\t\t\t<div class=\"elementor-widget-wrap elementor-element-populated\">\n\t\t\t\t\t\t<div class=\"elementor-element elementor-element-7c99984 elementor-widget elementor-widget-heading\" data-id=\"7c99984\" data-element_type=\"widget\" data-e-type=\"widget\" data-widget_type=\"heading.default\">\n\t\t\t\t<div class=\"elementor-widget-container\">\n\t\t\t\t\t<div id=\"ez-toc-container\" class=\"ez-toc-v2_0_82_2 counter-hierarchy ez-toc-counter ez-toc-grey ez-toc-container-direction\">\n<div class=\"ez-toc-title-container\">\n<p class=\"ez-toc-title\" style=\"cursor:inherit\">Contents<\/p>\n<span class=\"ez-toc-title-toggle\"><a href=\"#\" class=\"ez-toc-pull-right ez-toc-btn ez-toc-btn-xs ez-toc-btn-default ez-toc-toggle\" aria-label=\"Toggle Table of Content\"><span class=\"ez-toc-js-icon-con\"><span class=\"\"><span class=\"eztoc-hide\" style=\"display:none;\">Toggle<\/span><span class=\"ez-toc-icon-toggle-span\"><svg style=\"fill: #999;color:#999\" xmlns=\"http:\/\/www.w3.org\/2000\/svg\" class=\"list-377408\" width=\"20px\" height=\"20px\" viewbox=\"0 0 24 24\" fill=\"none\"><path d=\"M6 6H4v2h2V6zm14 0H8v2h12V6zM4 11h2v2H4v-2zm16 0H8v2h12v-2zM4 16h2v2H4v-2zm16 0H8v2h12v-2z\" fill=\"currentColor\"><\/path><\/svg><svg style=\"fill: #999;color:#999\" class=\"arrow-unsorted-368013\" xmlns=\"http:\/\/www.w3.org\/2000\/svg\" width=\"10px\" height=\"10px\" viewbox=\"0 0 24 24\" version=\"1.2\" baseprofile=\"tiny\"><path d=\"M18.2 9.3l-6.2-6.3-6.2 6.3c-.2.2-.3.4-.3.7s.1.5.3.7c.2.2.4.3.7.3h11c.3 0 .5-.1.7-.3.2-.2.3-.5.3-.7s-.1-.5-.3-.7zM5.8 14.7l6.2 6.3 6.2-6.3c.2-.2.3-.5.3-.7s-.1-.5-.3-.7c-.2-.2-.4-.3-.7-.3h-11c-.3 0-.5.1-.7.3-.2.2-.3.5-.3.7s.1.5.3.7z\"\/><\/svg><\/span><\/span><\/span><\/a><\/span><\/div>\n<nav><ul class='ez-toc-list ez-toc-list-level-1' ><li class='ez-toc-page-1 ez-toc-heading-level-2'><a class=\"ez-toc-link ez-toc-heading-1\" href=\"https:\/\/mythslegendes.com\/en\/mythologie-d-aton\/#Mythologie-d-Aton-Atenisme\" >Mythologie d Aton - At\u00e9nisme<\/a><\/li><li class='ez-toc-page-1 ez-toc-heading-level-2'><a class=\"ez-toc-link ez-toc-heading-2\" href=\"https:\/\/mythslegendes.com\/en\/mythologie-d-aton\/#Mythologie-dAton-Atenisme-texte\" >Mythologie d'Aton - At\u00e9nisme (texte)<\/a><\/li><li class='ez-toc-page-1 ez-toc-heading-level-2'><a class=\"ez-toc-link ez-toc-heading-3\" href=\"https:\/\/mythslegendes.com\/en\/mythologie-d-aton\/#Livres-sur-la-mythologie-Afroasiatique\" >Books on Afroasiatic Mythology<\/a><\/li><\/ul><\/nav><\/div>\n<h2 class=\"elementor-heading-title elementor-size-default\"><span class=\"ez-toc-section\" id=\"Mythologie-d-Aton-Atenisme\"><\/span>Mythologie d Aton - At\u00e9nisme<span class=\"ez-toc-section-end\"><\/span><\/h2>\t\t\t\t<\/div>\n\t\t\t\t<\/div>\n\t\t\t\t\t<\/div>\n\t\t<\/div>\n\t\t\t\t\t<\/div>\n\t\t<\/section>\n\t\t\t\t<section class=\"elementor-section elementor-top-section elementor-element elementor-element-e7b4105 elementor-section-boxed elementor-section-height-default elementor-section-height-default\" data-id=\"e7b4105\" data-element_type=\"section\" data-e-type=\"section\">\n\t\t\t\t\t\t<div class=\"elementor-container elementor-column-gap-default\">\n\t\t\t\t\t<div class=\"elementor-column elementor-col-100 elementor-top-column elementor-element elementor-element-bc0111d\" data-id=\"bc0111d\" data-element_type=\"column\" data-e-type=\"column\">\n\t\t\t<div class=\"elementor-widget-wrap elementor-element-populated\">\n\t\t\t\t\t\t<div class=\"elementor-element elementor-element-d5aad71 elementor-widget elementor-widget-text-editor\" data-id=\"d5aad71\" data-element_type=\"widget\" data-e-type=\"widget\" data-widget_type=\"text-editor.default\">\n\t\t\t\t<div class=\"elementor-widget-container\">\n\t\t\t\t\t\t\t\t\t<p>The <a href=\"https:\/\/mythslegendes.com\/en\/\">mythology<\/a> d&rsquo;Aton ou At\u00e9nisme \u00e9galement connu sous les noms de religion d&rsquo;Aton, religion d&rsquo;Amarna, r\u00e9volution d&rsquo;Amarna et h\u00e9r\u00e9sie d&rsquo;Amarna, \u00e9tait une religion de l&rsquo;\u00c9gypte antique. Elle fut fond\u00e9e par Akhenaton, un pharaon qui r\u00e9gna sur le Nouvel Empire sous la XVIIIe dynastie.<\/p><p><img decoding=\"async\" class=\"alignnone wp-image-9347 size-full\" src=\"http:\/\/mythslegendes.com\/wp-content\/uploads\/2020\/09\/cropped-AlphaOmega-e1602613368367.png\" alt=\"aton at\u00e9nisme\" width=\"25\" height=\"25\" title=\"\"><\/p><p>Cette religion est d\u00e9crite comme monoth\u00e9iste ou monolatriste, bien que certains \u00e9gyptologues soutiennent qu&rsquo;elle \u00e9tait en r\u00e9alit\u00e9 h\u00e9noth\u00e9iste. L&rsquo;at\u00e9nisme \u00e9tait centr\u00e9 sur le culte d&rsquo;Aton, un dieu repr\u00e9sent\u00e9 par le disque solaire. Aton \u00e9tait \u00e0 l&rsquo;origine un aspect de R\u00e2, la divinit\u00e9 solaire traditionnelle de l&rsquo;\u00c9gypte, bien qu&rsquo;Akhenaton l&rsquo;ait plus tard affirm\u00e9 comme \u00e9tant le plus \u00e9lev\u00e9 de toutes les divinit\u00e9s.<\/p><p>Au XIVe si\u00e8cle av. J.-C., l&rsquo;at\u00e9nisme fut la religion d&rsquo;\u00c9tat de l&rsquo;\u00c9gypte pendant une vingtaine d&rsquo;ann\u00e9es, et Akhenaton r\u00e9prima le culte d&rsquo;autres dieux\u00a0; il ferma de nombreux temples traditionnels, ordonnant la construction de temples atonistes \u00e0 la place, et r\u00e9prima \u00e9galement les traditionalistes religieux. Cependant, les pharaons suivants renvers\u00e8rent le mouvement apr\u00e8s la mort d&rsquo;Akhenaton, r\u00e9tablissant ainsi la religion polyth\u00e9iste traditionnelle de la civilisation \u00e9gyptienne. Des efforts \u00e0 grande \u00e9chelle ont ensuite \u00e9t\u00e9 entrepris pour supprimer de l\u2019\u00c9gypte et des archives \u00e9gyptiennes toute pr\u00e9sence ou mention d\u2019Akhenaton, des temples atonistes et des affirmations d\u2019un dieu supr\u00eame unique.<\/p>\t\t\t\t\t\t\t\t<\/div>\n\t\t\t\t<\/div>\n\t\t\t\t\t<\/div>\n\t\t<\/div>\n\t\t\t\t\t<\/div>\n\t\t<\/section>\n\t\t\t\t<section class=\"elementor-section elementor-top-section elementor-element elementor-element-b7bf0eb elementor-section-boxed elementor-section-height-default elementor-section-height-default\" data-id=\"b7bf0eb\" data-element_type=\"section\" data-e-type=\"section\">\n\t\t\t\t\t\t<div class=\"elementor-container elementor-column-gap-default\">\n\t\t\t\t\t<div class=\"elementor-column elementor-col-100 elementor-top-column elementor-element elementor-element-218122b\" data-id=\"218122b\" data-element_type=\"column\" data-e-type=\"column\">\n\t\t\t<div class=\"elementor-widget-wrap elementor-element-populated\">\n\t\t\t\t\t\t<div class=\"elementor-element elementor-element-4236af6 elementor-widget elementor-widget-heading\" data-id=\"4236af6\" data-element_type=\"widget\" data-e-type=\"widget\" data-widget_type=\"heading.default\">\n\t\t\t\t<div class=\"elementor-widget-container\">\n\t\t\t\t\t<h2 class=\"elementor-heading-title elementor-size-default\"><span class=\"ez-toc-section\" id=\"Mythologie-dAton-Atenisme-texte\"><\/span>Mythologie d'Aton - At\u00e9nisme (texte)<span class=\"ez-toc-section-end\"><\/span><\/h2>\t\t\t\t<\/div>\n\t\t\t\t<\/div>\n\t\t\t\t\t<\/div>\n\t\t<\/div>\n\t\t\t\t\t<\/div>\n\t\t<\/section>\n\t\t\t\t<section class=\"elementor-section elementor-top-section elementor-element elementor-element-cc196f4 elementor-section-boxed elementor-section-height-default elementor-section-height-default\" data-id=\"cc196f4\" data-element_type=\"section\" data-e-type=\"section\">\n\t\t\t\t\t\t<div class=\"elementor-container elementor-column-gap-default\">\n\t\t\t\t\t<div class=\"elementor-column elementor-col-100 elementor-top-column elementor-element elementor-element-81eb56c\" data-id=\"81eb56c\" data-element_type=\"column\" data-e-type=\"column\">\n\t\t\t<div class=\"elementor-widget-wrap elementor-element-populated\">\n\t\t\t\t\t\t<div class=\"elementor-element elementor-element-d8422a9 elementor-widget elementor-widget-toggle\" data-id=\"d8422a9\" data-element_type=\"widget\" data-e-type=\"widget\" data-widget_type=\"toggle.default\">\n\t\t\t\t<div class=\"elementor-widget-container\">\n\t\t\t\t\t\t\t<div class=\"elementor-toggle\">\n\t\t\t\t\t\t\t<div class=\"elementor-toggle-item\">\n\t\t\t\t\t<div id=\"elementor-tab-title-2261\" class=\"elementor-tab-title\" data-tab=\"1\" role=\"button\" aria-controls=\"elementor-tab-content-2261\" aria-expanded=\"false\">\n\t\t\t\t\t\t\t\t\t\t\t\t<span class=\"elementor-toggle-icon elementor-toggle-icon-left\" aria-hidden=\"true\">\n\t\t\t\t\t\t\t\t\t\t\t\t\t\t\t<span class=\"elementor-toggle-icon-closed\"><i class=\"fas fa-caret-right\"><\/i><\/span>\n\t\t\t\t\t\t\t\t<span class=\"elementor-toggle-icon-opened\"><i class=\"elementor-toggle-icon-opened fas fa-caret-up\"><\/i><\/span>\n\t\t\t\t\t\t\t\t\t\t\t\t\t<\/span>\n\t\t\t\t\t\t\t\t\t\t\t\t<a class=\"elementor-toggle-title\" tabindex=\"0\">Culture et histoire d'At\u00e9nisme<\/a>\n\t\t\t\t\t<\/div>\n\n\t\t\t\t\t<div id=\"elementor-tab-content-2261\" class=\"elementor-tab-content elementor-clearfix\" data-tab=\"1\" role=\"region\" aria-labelledby=\"elementor-tab-title-2261\"><ul><li><a href=\"https:\/\/ancientegyptonline.co.uk\/amarnafamily\/\" target=\"_blank\" rel=\"noopener\">La famille Amarna<\/a><\/li><li><a href=\"https:\/\/ancientegyptonline.co.uk\/amarnareligion\/\" target=\"_blank\" rel=\"noopener\">Atenism<\/a><\/li><li><a href=\"https:\/\/www.ancient-egypt.co.uk\/people\/the-aten.htm\" target=\"_blank\" rel=\"noopener\">Av\u00e8nement de l&rsquo;at\u00e9nisme<\/a><\/li><li><a href=\"https:\/\/www.thecollector.com\/akhenaten-monotheism\/\" target=\"_blank\" rel=\"noopener\">Monoth\u00e9isme et at\u00e9nisme<\/a><\/li><li><a href=\"https:\/\/en.wikipedia.org\/wiki\/Akhenaten#Akhenaten_and_monotheism_in_Abrahamic_religions\" target=\"_blank\" rel=\"noopener\">Akhenaton et religion Abrahamique<\/a><\/li><\/ul><\/div>\n\t\t\t\t<\/div>\n\t\t\t\t\t\t\t\t<\/div>\n\t\t\t\t\t\t<\/div>\n\t\t\t\t<\/div>\n\t\t\t\t\t<\/div>\n\t\t<\/div>\n\t\t\t\t\t<\/div>\n\t\t<\/section>\n\t\t\t\t<section class=\"elementor-section elementor-top-section elementor-element elementor-element-640dbc9 elementor-section-boxed elementor-section-height-default elementor-section-height-default\" data-id=\"640dbc9\" data-element_type=\"section\" data-e-type=\"section\">\n\t\t\t\t\t\t<div class=\"elementor-container elementor-column-gap-default\">\n\t\t\t\t\t<div class=\"elementor-column elementor-col-100 elementor-top-column elementor-element elementor-element-11d0c38\" data-id=\"11d0c38\" data-element_type=\"column\" data-e-type=\"column\">\n\t\t\t<div class=\"elementor-widget-wrap elementor-element-populated\">\n\t\t\t\t\t\t<div class=\"elementor-element elementor-element-b8efb76 elementor-widget elementor-widget-heading\" data-id=\"b8efb76\" data-element_type=\"widget\" data-e-type=\"widget\" data-widget_type=\"heading.default\">\n\t\t\t\t<div class=\"elementor-widget-container\">\n\t\t\t\t\t<h2 class=\"elementor-heading-title elementor-size-default\"><span class=\"ez-toc-section\" id=\"Livres-sur-la-mythologie-Afroasiatique\"><\/span>Books on Afroasiatic Mythology<span class=\"ez-toc-section-end\"><\/span><\/h2>\t\t\t\t<\/div>\n\t\t\t\t<\/div>\n\t\t\t\t\t<\/div>\n\t\t<\/div>\n\t\t\t\t\t<\/div>\n\t\t<\/section>\n\t\t\t\t<section class=\"elementor-section elementor-top-section elementor-element elementor-element-89d0c6d elementor-section-boxed elementor-section-height-default elementor-section-height-default\" data-id=\"89d0c6d\" data-element_type=\"section\" data-e-type=\"section\">\n\t\t\t\t\t\t<div class=\"elementor-container elementor-column-gap-default\">\n\t\t\t\t\t<div class=\"elementor-column elementor-col-100 elementor-top-column elementor-element elementor-element-9550e88\" data-id=\"9550e88\" data-element_type=\"column\" data-e-type=\"column\">\n\t\t\t<div class=\"elementor-widget-wrap elementor-element-populated\">\n\t\t\t\t\t\t<div class=\"elementor-element elementor-element-eaa10b2 elementor-widget elementor-widget-text-editor\" data-id=\"eaa10b2\" data-element_type=\"widget\" data-e-type=\"widget\" data-widget_type=\"text-editor.default\">\n\t\t\t\t<div class=\"elementor-widget-container\">\n\t\t\t\t\t\t\t\t\t<p class=\"Lexical__paragraph\" dir=\"ltr\">Comics \/ Illustrated:<\/p><ul class=\"Lexical__ul Lexical__ul--depth-1\"><li class=\"Lexical__listItem\" value=\"1\"><a class=\"Lexical__link\" href=\"https:\/\/www.amazon.fr\/Mythologie-%C3%A9gyptienne-Carnet-Bruno-Wennagel\/dp\/2371045152?&amp;linkCode=ll1&amp;tag=mythscience-21&amp;linkId=8edb6987ad14d9ff8cffdbef01964cf1&amp;language=fr_FR&amp;ref_=as_li_ss_tl\" target=\"_blank\" rel=\"noopener\">Egyptian Mythology - Notebook<\/a><\/li><li class=\"Lexical__listItem\" value=\"2\"><a class=\"Lexical__link\" href=\"https:\/\/www.amazon.fr\/contes-Thot-Fables-l%C3%89gypte-antique\/dp\/2956909002?&amp;linkCode=sl1&amp;tag=mythscience-21&amp;linkId=9da2b56436ff8070cad1bbc78e31f6f8&amp;language=fr_FR&amp;ref_=as_li_ss_tl\" target=\"_blank\" rel=\"noopener\">The Tales of Thoth: Fables, Tales and Myths of Ancient Egypt<\/a><\/li><\/ul><p class=\"Lexical__paragraph\" dir=\"ltr\">In French :<\/p><p class=\"Lexical__paragraph\" dir=\"ltr\">Only in English:<\/p><ul class=\"Lexical__ul Lexical__ul--depth-1\"><li class=\"Lexical__listItem\" value=\"1\"><a class=\"Lexical__link\" href=\"https:\/\/www.amazon.fr\/Mille-une-nuits-1\/dp\/2080712004?&amp;linkCode=sl1&amp;tag=mythscience-21&amp;linkId=4ad43ed4aeaf1dbee2c47645f1ff65dd&amp;language=fr_FR&amp;ref_=as_li_ss_tl\" target=\"_blank\" rel=\"noopener\">One Thousand and One Nights, Volume 1<\/a><\/li><li class=\"Lexical__listItem\" value=\"2\"><a class=\"Lexical__link\" href=\"https:\/\/www.amazon.fr\/Mille-une-nuits-2\/dp\/2080712012?&amp;linkCode=sl1&amp;tag=mythscience-21&amp;linkId=5fcf9dd03318c68cf0e470a63898103e&amp;language=fr_FR&amp;ref_=as_li_ss_tl\" target=\"_blank\" rel=\"noopener\">One Thousand and One Nights, Volume 2<\/a><\/li><li class=\"Lexical__listItem\" value=\"3\"><a class=\"Lexical__link\" href=\"https:\/\/www.amazon.fr\/dp\/2080712020?&amp;linkCode=sl1&amp;tag=mythscience-21&amp;linkId=ed6f6b74ab514090973809486eb6231d&amp;language=fr_FR&amp;ref_=as_li_ss_tl\" target=\"_blank\" rel=\"noopener\">One Thousand and One Nights, Volume 3<\/a><\/li><li class=\"Lexical__listItem\" value=\"4\"><a class=\"Lexical__link\" href=\"https:\/\/www.amazon.fr\/dp\/0141021764?&amp;linkCode=sl1&amp;tag=mythscience-21&amp;linkId=6840d608a65aea2dea034b01f8a857b1&amp;language=fr_FR&amp;ref_=as_li_ss_tl\" target=\"_blank\" rel=\"noopener\">The Penguin Book of Myths and Legends of Ancient Egypt<\/a><\/li><li class=\"Lexical__listItem\" value=\"5\"><a class=\"Lexical__link\" href=\"https:\/\/www.amazon.fr\/Contes-sages-berb%C3%A8res-Malika-Halbaoui\/dp\/2021474461?&amp;linkCode=ll1&amp;tag=mythscience-21&amp;linkId=65253afa1777dbd0f576ceb558d9205d&amp;language=fr_FR&amp;ref_=as_li_ss_tl\" target=\"_blank\" rel=\"noopener\">Tales of Berber sages<\/a><\/li><li class=\"Lexical__listItem\" value=\"6\"><a class=\"Lexical__link\" href=\"https:\/\/www.amazon.fr\/Contes-l%C3%A9gendes-Tunisie-Boubaker-Ayadi\/dp\/2910272591?&amp;linkCode=sl1&amp;tag=mythscience-21&amp;linkId=43a6ee3107cb025bfefcdb9618d4ecab&amp;language=fr_FR&amp;ref_=as_li_ss_tl\" target=\"_blank\" rel=\"noopener\">Tales and legends of Tunisia<\/a><\/li><li class=\"Lexical__listItem\" value=\"7\"><a class=\"Lexical__link\" href=\"https:\/\/www.amazon.fr\/Last-Storytellers-Tales-Heart-Morocco\/dp\/1838600000?&amp;linkCode=sl1&amp;tag=mythscience-21&amp;linkId=a0ed5bd66e89e5c957c66ed12078ae1f&amp;language=fr_FR&amp;ref_=as_li_ss_tl\" target=\"_blank\" rel=\"noopener\">The Last Storytellers: Tales from the Heart of Morocco<\/a><\/li><\/ul>\t\t\t\t\t\t\t\t<\/div>\n\t\t\t\t<\/div>\n\t\t\t\t\t<\/div>\n\t\t<\/div>\n\t\t\t\t\t<\/div>\n\t\t<\/section>\n\t\t\t\t<\/div>","protected":false},"excerpt":{"rendered":"<p>Retour au groupe culturel Biblioth\u00e8que Wiki Mythologie d Aton &#8211; At\u00e9nisme La mythologie d&rsquo;Aton ou At\u00e9nisme \u00e9galement connu sous les &hellip; <\/p>","protected":false},"author":1,"featured_media":0,"parent":0,"menu_order":0,"comment_status":"closed","ping_status":"closed","template":"","meta":{"footnotes":""},"class_list":["post-30225","page","type-page","status-publish","hentry"],"amp_enabled":true,"_links":{"self":[{"href":"https:\/\/mythslegendes.com\/en\/wp-json\/wp\/v2\/pages\/30225","targetHints":{"allow":["GET"]}}],"collection":[{"href":"https:\/\/mythslegendes.com\/en\/wp-json\/wp\/v2\/pages"}],"about":[{"href":"https:\/\/mythslegendes.com\/en\/wp-json\/wp\/v2\/types\/page"}],"author":[{"embeddable":true,"href":"https:\/\/mythslegendes.com\/en\/wp-json\/wp\/v2\/users\/1"}],"replies":[{"embeddable":true,"href":"https:\/\/mythslegendes.com\/en\/wp-json\/wp\/v2\/comments?post=30225"}],"version-history":[{"count":10,"href":"https:\/\/mythslegendes.com\/en\/wp-json\/wp\/v2\/pages\/30225\/revisions"}],"predecessor-version":[{"id":30241,"href":"https:\/\/mythslegendes.com\/en\/wp-json\/wp\/v2\/pages\/30225\/revisions\/30241"}],"wp:attachment":[{"href":"https:\/\/mythslegendes.com\/en\/wp-json\/wp\/v2\/media?parent=30225"}],"curies":[{"name":"wp","href":"https:\/\/api.w.org\/{rel}","templated":true}]}}