{"id":3129,"date":"2020-07-24T09:39:25","date_gmt":"2020-07-24T08:39:25","guid":{"rendered":"https:\/\/mythslegendes.com\/?page_id=3129"},"modified":"2022-12-03T22:07:51","modified_gmt":"2022-12-03T22:07:51","slug":"yarsanisme","status":"publish","type":"page","link":"https:\/\/mythslegendes.com\/en\/kurdish-mythology\/yarsanism\/","title":{"rendered":"Yarsanism"},"content":{"rendered":"<div data-elementor-type=\"wp-page\" data-elementor-id=\"3129\" class=\"elementor elementor-3129\">\n\t\t\t\t\t\t<section class=\"elementor-section elementor-top-section elementor-element elementor-element-07a5eff elementor-section-boxed elementor-section-height-default elementor-section-height-default\" data-id=\"07a5eff\" data-element_type=\"section\" data-e-type=\"section\">\n\t\t\t\t\t\t<div class=\"elementor-container elementor-column-gap-default\">\n\t\t\t\t\t<div class=\"elementor-column elementor-col-50 elementor-top-column elementor-element elementor-element-f8753bb\" data-id=\"f8753bb\" data-element_type=\"column\" data-e-type=\"column\">\n\t\t\t<div class=\"elementor-widget-wrap elementor-element-populated\">\n\t\t\t\t\t\t<div class=\"elementor-element elementor-element-1724494 elementor-align-justify elementor-widget elementor-widget-button\" data-id=\"1724494\" data-element_type=\"widget\" data-e-type=\"widget\" data-widget_type=\"button.default\">\n\t\t\t\t<div class=\"elementor-widget-container\">\n\t\t\t\t\t\t\t\t\t<div class=\"elementor-button-wrapper\">\n\t\t\t\t\t<a class=\"elementor-button elementor-button-link elementor-size-sm\" href=\"https:\/\/mythslegendes.com\/en\/kurdish-mythology\/\">\n\t\t\t\t\t\t<span class=\"elementor-button-content-wrapper\">\n\t\t\t\t\t\t\t\t\t<span class=\"elementor-button-text\">Kurdish mythology<\/span>\n\t\t\t\t\t<\/span>\n\t\t\t\t\t<\/a>\n\t\t\t\t<\/div>\n\t\t\t\t\t\t\t\t<\/div>\n\t\t\t\t<\/div>\n\t\t\t\t\t<\/div>\n\t\t<\/div>\n\t\t\t\t<div class=\"elementor-column elementor-col-50 elementor-top-column elementor-element elementor-element-fee5d82\" data-id=\"fee5d82\" data-element_type=\"column\" data-e-type=\"column\">\n\t\t\t<div class=\"elementor-widget-wrap elementor-element-populated\">\n\t\t\t\t\t\t<div class=\"elementor-element elementor-element-4010c3a elementor-align-justify elementor-widget elementor-widget-button\" data-id=\"4010c3a\" data-element_type=\"widget\" data-e-type=\"widget\" data-widget_type=\"button.default\">\n\t\t\t\t<div class=\"elementor-widget-container\">\n\t\t\t\t\t\t\t\t\t<div class=\"elementor-button-wrapper\">\n\t\t\t\t\t<a class=\"elementor-button elementor-button-link elementor-size-sm\" href=\"https:\/\/fr.abcdef.wiki\/wiki\/Kurdish_mythology\" target=\"_blank\" rel=\"noopener\">\n\t\t\t\t\t\t<span class=\"elementor-button-content-wrapper\">\n\t\t\t\t\t\t\t\t\t<span class=\"elementor-button-text\">Wiki<\/span>\n\t\t\t\t\t<\/span>\n\t\t\t\t\t<\/a>\n\t\t\t\t<\/div>\n\t\t\t\t\t\t\t\t<\/div>\n\t\t\t\t<\/div>\n\t\t\t\t\t<\/div>\n\t\t<\/div>\n\t\t\t\t\t<\/div>\n\t\t<\/section>\n\t\t\t\t<section class=\"elementor-section elementor-top-section elementor-element elementor-element-bccadd4 elementor-section-boxed elementor-section-height-default elementor-section-height-default\" data-id=\"bccadd4\" data-element_type=\"section\" data-e-type=\"section\">\n\t\t\t\t\t\t<div class=\"elementor-container elementor-column-gap-default\">\n\t\t\t\t\t<div class=\"elementor-column elementor-col-100 elementor-top-column elementor-element elementor-element-d1f9b6a\" data-id=\"d1f9b6a\" data-element_type=\"column\" data-e-type=\"column\">\n\t\t\t<div class=\"elementor-widget-wrap elementor-element-populated\">\n\t\t\t\t\t\t<div class=\"elementor-element elementor-element-f40acc4 elementor-widget elementor-widget-text-editor\" data-id=\"f40acc4\" data-element_type=\"widget\" data-e-type=\"widget\" data-widget_type=\"text-editor.default\">\n\t\t\t\t<div class=\"elementor-widget-container\">\n\t\t\t\t\t\t\t\t\t<p>the <strong>y\u00e2rs\u00e2nism<\/strong> Where <strong>yaresanism<\/strong> (Kurdish: <em>y\u00e2res\u00e2n<\/em>) Or <strong>Ahl-e Haqq<\/strong> (Persian: \u0627\u0647\u0644 \u062d\u0642, <em>\u201cAhl-e Haqq\u201d<\/em>, derived from Arabic and which can be understood as <em>\u201cPeople of truth\u201d<\/em> as good as <em>\u201cMan of God\u201d<\/em>) is a religion founded by Sultan Sah\u00e2k at the end of the 14th century<sup>e<\/sup>\u00a0century in <a href=\"https:\/\/mythslegendes.com\/en\/mythology-of-the-great-iran\/\">Iran<\/a> Western (Kurdistan <a href=\"https:\/\/mythslegendes.com\/en\/mythology-of-the-great-iran\/\">Iranian<\/a>).<\/p>\n<p><img decoding=\"async\" class=\"alignnone wp-image-5284 size-full\" src=\"https:\/\/mythslegendes.com\/wp-content\/uploads\/2020\/09\/AlphaOmega-e1602613368367.png\" alt=\"Yarsanism\" width=\"25\" height=\"26\" title=\"\"><\/p>\t\t\t\t\t\t\t\t<\/div>\n\t\t\t\t<\/div>\n\t\t\t\t\t<\/div>\n\t\t<\/div>\n\t\t\t\t\t<\/div>\n\t\t<\/section>\n\t\t\t\t<section class=\"elementor-section elementor-top-section elementor-element elementor-element-65d8a8c elementor-section-boxed elementor-section-height-default elementor-section-height-default\" data-id=\"65d8a8c\" data-element_type=\"section\" data-e-type=\"section\">\n\t\t\t\t\t\t<div class=\"elementor-container elementor-column-gap-default\">\n\t\t\t\t\t<div class=\"elementor-column elementor-col-100 elementor-top-column elementor-element elementor-element-9afb006\" data-id=\"9afb006\" data-element_type=\"column\" data-e-type=\"column\">\n\t\t\t<div class=\"elementor-widget-wrap elementor-element-populated\">\n\t\t\t\t\t\t<div class=\"elementor-element elementor-element-18583bd elementor-widget elementor-widget-heading\" data-id=\"18583bd\" data-element_type=\"widget\" data-e-type=\"widget\" data-widget_type=\"heading.default\">\n\t\t\t\t<div class=\"elementor-widget-container\">\n\t\t\t\t\t<div id=\"ez-toc-container\" class=\"ez-toc-v2_0_82_2 counter-hierarchy ez-toc-counter ez-toc-grey ez-toc-container-direction\">\n<div class=\"ez-toc-title-container\">\n<p class=\"ez-toc-title\" style=\"cursor:inherit\">Contents<\/p>\n<span class=\"ez-toc-title-toggle\"><a href=\"#\" class=\"ez-toc-pull-right ez-toc-btn ez-toc-btn-xs ez-toc-btn-default ez-toc-toggle\" aria-label=\"Toggle Table of Content\"><span class=\"ez-toc-js-icon-con\"><span class=\"\"><span class=\"eztoc-hide\" style=\"display:none;\">Toggle<\/span><span class=\"ez-toc-icon-toggle-span\"><svg style=\"fill: #999;color:#999\" xmlns=\"http:\/\/www.w3.org\/2000\/svg\" class=\"list-377408\" width=\"20px\" height=\"20px\" viewbox=\"0 0 24 24\" fill=\"none\"><path d=\"M6 6H4v2h2V6zm14 0H8v2h12V6zM4 11h2v2H4v-2zm16 0H8v2h12v-2zM4 16h2v2H4v-2zm16 0H8v2h12v-2z\" fill=\"currentColor\"><\/path><\/svg><svg style=\"fill: #999;color:#999\" class=\"arrow-unsorted-368013\" xmlns=\"http:\/\/www.w3.org\/2000\/svg\" width=\"10px\" height=\"10px\" viewbox=\"0 0 24 24\" version=\"1.2\" baseprofile=\"tiny\"><path d=\"M18.2 9.3l-6.2-6.3-6.2 6.3c-.2.2-.3.4-.3.7s.1.5.3.7c.2.2.4.3.7.3h11c.3 0 .5-.1.7-.3.2-.2.3-.5.3-.7s-.1-.5-.3-.7zM5.8 14.7l6.2 6.3 6.2-6.3c.2-.2.3-.5.3-.7s-.1-.5-.3-.7c-.2-.2-.4-.3-.7-.3h-11c-.3 0-.5.1-.7.3-.2.2-.3.5-.3.7s.1.5.3.7z\"\/><\/svg><\/span><\/span><\/span><\/a><\/span><\/div>\n<nav><ul class='ez-toc-list ez-toc-list-level-1' ><li class='ez-toc-page-1 ez-toc-heading-level-2'><a class=\"ez-toc-link ez-toc-heading-1\" href=\"https:\/\/mythslegendes.com\/en\/kurdish-mythology\/yarsanism\/#Yarsanisme\" >Yarsanism<\/a><\/li><\/ul><\/nav><\/div>\n<h2 class=\"elementor-heading-title elementor-size-default\"><span class=\"ez-toc-section\" id=\"Yarsanisme\"><\/span>Yarsanism<span class=\"ez-toc-section-end\"><\/span><\/h2>\t\t\t\t<\/div>\n\t\t\t\t<\/div>\n\t\t\t\t\t<\/div>\n\t\t<\/div>\n\t\t\t\t\t<\/div>\n\t\t<\/section>\n\t\t\t\t<section class=\"elementor-section elementor-top-section elementor-element elementor-element-10d4c949 elementor-section-boxed elementor-section-height-default elementor-section-height-default\" data-id=\"10d4c949\" data-element_type=\"section\" data-e-type=\"section\">\n\t\t\t\t\t\t<div class=\"elementor-container elementor-column-gap-default\">\n\t\t\t\t\t<div class=\"elementor-column elementor-col-100 elementor-top-column elementor-element elementor-element-2ca01135\" data-id=\"2ca01135\" data-element_type=\"column\" data-e-type=\"column\">\n\t\t\t<div class=\"elementor-widget-wrap elementor-element-populated\">\n\t\t\t\t\t\t<div class=\"elementor-element elementor-element-4601a5f0 elementor-widget elementor-widget-text-editor\" data-id=\"4601a5f0\" data-element_type=\"widget\" data-e-type=\"widget\" data-widget_type=\"text-editor.default\">\n\t\t\t\t<div class=\"elementor-widget-container\">\n\t\t\t\t\t\t\t\t\t<p><\/p>\n<p><\/p>\n<p>The origins of Yars\u00e2nism are difficult to determine because there are borrowings from numerous beliefs.<\/p>\n<p><\/p>\n<p>According to Ir\u00e8ne M\u00e9likoff, Y\u00e2rs\u00e2nism is a religious order similar to other esoteric heterodox groups of Shiite Muslim origin such as the Ghulat (known as \u201cBaltinites\u201d), the Alevis, the Druze or the Ismailis. Moreover, the members of this community practice <em>taqiya<\/em> (concealment) like the Druze. Considered apostates, they were persecuted by the Sunni authorities.<\/p>\n<p><\/p>\n<p>On the other hand, independent university researchers consider Y\u00e2rs\u00e2nism as one religion among others: thus, according to Mehrdad Izady, Y\u00e2rs\u00e2nism is one of the three religions forming Yazdanism (with Alevism and Yezidism), a term he erected to designate religions that it considers to be <a href=\"https:\/\/mythslegendes.com\/en\/kurdish-mythology\/\">kurds<\/a> and containing elements that predate Islam. Regarding the common points between these three religions, the Turkologist Ir\u00e8ne M\u00e9likoff writes that \u201cthe three Bektashi-Alevi principles concerning the Creation of the World (..) are also found in religions specific to the Kurds, among the <a href=\"https:\/\/mythslegendes.com\/en\/kurdish-mythology\/\">Yazidis<\/a> and the Ahl-\u00e8-Hakk \u00bb\u201d. <\/p>\n<p>Other common points exist between these religions such as the belief in the \u201cPeacock Angel\u201d common to Yarsanism and Yezidism or the representation of the \u201cPeacock Angel\u201d in the form of a rooster, an animal object of veneration among the Alevis.<\/p>\n<p><\/p>\n<p>The Y\u00e2rs\u00e2ns have a religious literature mainly written in Goran\u00ee and marginally in Persian, although some Y\u00e2rs\u00e2ns today also speak Turkmen and Sorani.<\/p>\n<p><\/p>\n<p>Until the 20th<sup>e<\/sup>\u00a0century, the Y\u00e2rs\u00e2n faith was, like the Druze faith, preached only within the Kurdish community and only to <em>chekedes<\/em> (\u201cborn in the community\u201d), excluding <em>chasbed\u00e9s<\/em> (\u201cattached\u201d, entered the community by marriage with a Y\u00e2rs\u00e2n family). This community mainly comprised the Kurdish tribes of Gurans, Qalkanis, Bajalanis and Sanjabis, living mainly in western Iran.<\/p>\n<p><\/p>\n<div>\u00a0<\/div>\n<div>\u00a0<\/div>\t\t\t\t\t\t\t\t<\/div>\n\t\t\t\t<\/div>\n\t\t\t\t\t<\/div>\n\t\t<\/div>\n\t\t\t\t\t<\/div>\n\t\t<\/section>\n\t\t\t\t<\/div>","protected":false},"excerpt":{"rendered":"<p>Mythologie Kurde Wiki Le y\u00e2rs\u00e2nisme ou yaresanisme (kurde\u00a0: y\u00e2res\u00e2n) ou Ahl-e Haqq (persan:\u0627\u0647\u0644 \u062d\u0642, \u00ab\u00a0Ahl-e Haqq\u00a0\u00bb, d\u00e9riv\u00e9 de l&rsquo;arabe et &hellip; <\/p>","protected":false},"author":1,"featured_media":0,"parent":3095,"menu_order":0,"comment_status":"closed","ping_status":"closed","template":"","meta":{"footnotes":""},"class_list":["post-3129","page","type-page","status-publish","hentry"],"amp_enabled":true,"_links":{"self":[{"href":"https:\/\/mythslegendes.com\/en\/wp-json\/wp\/v2\/pages\/3129","targetHints":{"allow":["GET"]}}],"collection":[{"href":"https:\/\/mythslegendes.com\/en\/wp-json\/wp\/v2\/pages"}],"about":[{"href":"https:\/\/mythslegendes.com\/en\/wp-json\/wp\/v2\/types\/page"}],"author":[{"embeddable":true,"href":"https:\/\/mythslegendes.com\/en\/wp-json\/wp\/v2\/users\/1"}],"replies":[{"embeddable":true,"href":"https:\/\/mythslegendes.com\/en\/wp-json\/wp\/v2\/comments?post=3129"}],"version-history":[{"count":2,"href":"https:\/\/mythslegendes.com\/en\/wp-json\/wp\/v2\/pages\/3129\/revisions"}],"predecessor-version":[{"id":25063,"href":"https:\/\/mythslegendes.com\/en\/wp-json\/wp\/v2\/pages\/3129\/revisions\/25063"}],"up":[{"embeddable":true,"href":"https:\/\/mythslegendes.com\/en\/wp-json\/wp\/v2\/pages\/3095"}],"wp:attachment":[{"href":"https:\/\/mythslegendes.com\/en\/wp-json\/wp\/v2\/media?parent=3129"}],"curies":[{"name":"wp","href":"https:\/\/api.w.org\/{rel}","templated":true}]}}