{"id":3168,"date":"2020-07-24T11:31:03","date_gmt":"2020-07-24T10:31:03","guid":{"rendered":"https:\/\/mythslegendes.com\/?page_id=3168"},"modified":"2023-03-05T07:30:07","modified_gmt":"2023-03-05T07:30:07","slug":"mythologie-nakh","status":"publish","type":"page","link":"https:\/\/mythslegendes.com\/en\/mythology-nakh\/","title":{"rendered":"Nakh-Chechen mythology"},"content":{"rendered":"<div data-elementor-type=\"wp-page\" data-elementor-id=\"3168\" class=\"elementor elementor-3168\">\n\t\t\t\t\t\t<section class=\"elementor-section elementor-top-section elementor-element elementor-element-d3310e2 elementor-section-boxed elementor-section-height-default elementor-section-height-default\" data-id=\"d3310e2\" data-element_type=\"section\" data-e-type=\"section\">\n\t\t\t\t\t\t<div class=\"elementor-container elementor-column-gap-default\">\n\t\t\t\t\t<div class=\"elementor-column elementor-col-33 elementor-top-column elementor-element elementor-element-708823b\" data-id=\"708823b\" data-element_type=\"column\" data-e-type=\"column\">\n\t\t\t<div class=\"elementor-widget-wrap elementor-element-populated\">\n\t\t\t\t\t\t<div class=\"elementor-element elementor-element-03af9f6 elementor-align-justify elementor-widget elementor-widget-button\" data-id=\"03af9f6\" data-element_type=\"widget\" data-e-type=\"widget\" data-widget_type=\"button.default\">\n\t\t\t\t<div class=\"elementor-widget-container\">\n\t\t\t\t\t\t\t\t\t<div class=\"elementor-button-wrapper\">\n\t\t\t\t\t<a class=\"elementor-button elementor-button-link elementor-size-sm\" href=\"https:\/\/mythslegendes.com\/en\/mythes-et-legendes-de-perse-1542\/\">\n\t\t\t\t\t\t<span class=\"elementor-button-content-wrapper\">\n\t\t\t\t\t\t\t\t\t<span class=\"elementor-button-text\">Back to the Cultural Group<\/span>\n\t\t\t\t\t<\/span>\n\t\t\t\t\t<\/a>\n\t\t\t\t<\/div>\n\t\t\t\t\t\t\t\t<\/div>\n\t\t\t\t<\/div>\n\t\t\t\t\t<\/div>\n\t\t<\/div>\n\t\t\t\t<div class=\"elementor-column elementor-col-33 elementor-top-column elementor-element elementor-element-6713d13\" data-id=\"6713d13\" data-element_type=\"column\" data-e-type=\"column\">\n\t\t\t<div class=\"elementor-widget-wrap elementor-element-populated\">\n\t\t\t\t\t\t<div class=\"elementor-element elementor-element-93670cf elementor-align-justify elementor-widget elementor-widget-button\" data-id=\"93670cf\" data-element_type=\"widget\" data-e-type=\"widget\" data-widget_type=\"button.default\">\n\t\t\t\t<div class=\"elementor-widget-container\">\n\t\t\t\t\t\t\t\t\t<div class=\"elementor-button-wrapper\">\n\t\t\t\t\t<a class=\"elementor-button elementor-button-link elementor-size-sm\" href=\"https:\/\/mythslegendes.com\/en\/book-libraries\/\">\n\t\t\t\t\t\t<span class=\"elementor-button-content-wrapper\">\n\t\t\t\t\t\t\t\t\t<span class=\"elementor-button-text\">Dedicated Shop<\/span>\n\t\t\t\t\t<\/span>\n\t\t\t\t\t<\/a>\n\t\t\t\t<\/div>\n\t\t\t\t\t\t\t\t<\/div>\n\t\t\t\t<\/div>\n\t\t\t\t\t<\/div>\n\t\t<\/div>\n\t\t\t\t<div class=\"elementor-column elementor-col-33 elementor-top-column elementor-element elementor-element-1cf5382\" data-id=\"1cf5382\" data-element_type=\"column\" data-e-type=\"column\">\n\t\t\t<div class=\"elementor-widget-wrap elementor-element-populated\">\n\t\t\t\t\t\t<div class=\"elementor-element elementor-element-abe49e6 elementor-align-justify elementor-widget elementor-widget-button\" data-id=\"abe49e6\" data-element_type=\"widget\" data-e-type=\"widget\" data-widget_type=\"button.default\">\n\t\t\t\t<div class=\"elementor-widget-container\">\n\t\t\t\t\t\t\t\t\t<div class=\"elementor-button-wrapper\">\n\t\t\t\t\t<a class=\"elementor-button elementor-button-link elementor-size-sm\" href=\"https:\/\/fr.wikipedia.org\/wiki\/Nakh\" target=\"_blank\" rel=\"noopener\">\n\t\t\t\t\t\t<span class=\"elementor-button-content-wrapper\">\n\t\t\t\t\t\t\t\t\t<span class=\"elementor-button-text\">Wiki<\/span>\n\t\t\t\t\t<\/span>\n\t\t\t\t\t<\/a>\n\t\t\t\t<\/div>\n\t\t\t\t\t\t\t\t<\/div>\n\t\t\t\t<\/div>\n\t\t\t\t\t<\/div>\n\t\t<\/div>\n\t\t\t\t\t<\/div>\n\t\t<\/section>\n\t\t\t\t<section class=\"elementor-section elementor-top-section elementor-element elementor-element-48ae6bb elementor-section-boxed elementor-section-height-default elementor-section-height-default\" data-id=\"48ae6bb\" data-element_type=\"section\" data-e-type=\"section\">\n\t\t\t\t\t\t<div class=\"elementor-container elementor-column-gap-default\">\n\t\t\t\t\t<div class=\"elementor-column elementor-col-100 elementor-top-column elementor-element elementor-element-1bc5017\" data-id=\"1bc5017\" data-element_type=\"column\" data-e-type=\"column\">\n\t\t\t<div class=\"elementor-widget-wrap elementor-element-populated\">\n\t\t\t\t\t\t<div class=\"elementor-element elementor-element-b184cdc elementor-widget elementor-widget-heading\" data-id=\"b184cdc\" data-element_type=\"widget\" data-e-type=\"widget\" data-widget_type=\"heading.default\">\n\t\t\t\t<div class=\"elementor-widget-container\">\n\t\t\t\t\t<div id=\"ez-toc-container\" class=\"ez-toc-v2_0_82_2 counter-hierarchy ez-toc-counter ez-toc-grey ez-toc-container-direction\">\n<div class=\"ez-toc-title-container\">\n<p class=\"ez-toc-title\" style=\"cursor:inherit\">Contents<\/p>\n<span class=\"ez-toc-title-toggle\"><a href=\"#\" class=\"ez-toc-pull-right ez-toc-btn ez-toc-btn-xs ez-toc-btn-default ez-toc-toggle\" aria-label=\"Toggle Table of Content\"><span class=\"ez-toc-js-icon-con\"><span class=\"\"><span class=\"eztoc-hide\" style=\"display:none;\">Toggle<\/span><span class=\"ez-toc-icon-toggle-span\"><svg style=\"fill: #999;color:#999\" xmlns=\"http:\/\/www.w3.org\/2000\/svg\" class=\"list-377408\" width=\"20px\" height=\"20px\" viewbox=\"0 0 24 24\" fill=\"none\"><path d=\"M6 6H4v2h2V6zm14 0H8v2h12V6zM4 11h2v2H4v-2zm16 0H8v2h12v-2zM4 16h2v2H4v-2zm16 0H8v2h12v-2z\" fill=\"currentColor\"><\/path><\/svg><svg style=\"fill: #999;color:#999\" class=\"arrow-unsorted-368013\" xmlns=\"http:\/\/www.w3.org\/2000\/svg\" width=\"10px\" height=\"10px\" viewbox=\"0 0 24 24\" version=\"1.2\" baseprofile=\"tiny\"><path d=\"M18.2 9.3l-6.2-6.3-6.2 6.3c-.2.2-.3.4-.3.7s.1.5.3.7c.2.2.4.3.7.3h11c.3 0 .5-.1.7-.3.2-.2.3-.5.3-.7s-.1-.5-.3-.7zM5.8 14.7l6.2 6.3 6.2-6.3c.2-.2.3-.5.3-.7s-.1-.5-.3-.7c-.2-.2-.4-.3-.7-.3h-11c-.3 0-.5.1-.7.3-.2.2-.3.5-.3.7s.1.5.3.7z\"\/><\/svg><\/span><\/span><\/span><\/a><\/span><\/div>\n<nav><ul class='ez-toc-list ez-toc-list-level-1' ><li class='ez-toc-page-1 ez-toc-heading-level-2'><a class=\"ez-toc-link ez-toc-heading-1\" href=\"https:\/\/mythslegendes.com\/en\/mythology-nakh\/#Mythologie-Nakh-Tchetchenes\" >Nakh mythology - Chechens<\/a><\/li><li class='ez-toc-page-1 ez-toc-heading-level-2'><a class=\"ez-toc-link ez-toc-heading-2\" href=\"https:\/\/mythslegendes.com\/en\/mythology-nakh\/#Mythologie-Nakh-Tchetchenes-textes\" >Nakh mythology - Chechens (texts)<\/a><\/li><li class='ez-toc-page-1 ez-toc-heading-level-2'><a class=\"ez-toc-link ez-toc-heading-3\" href=\"https:\/\/mythslegendes.com\/en\/mythology-nakh\/#Livres-sur-la-mythologie-Perse-Caucase\" >Books on Persian-Caucasian mythology<\/a><\/li><\/ul><\/nav><\/div>\n<h2 class=\"elementor-heading-title elementor-size-default\"><span class=\"ez-toc-section\" id=\"Mythologie-Nakh-Tchetchenes\"><\/span>Nakh mythology - Chechens<span class=\"ez-toc-section-end\"><\/span><\/h2>\t\t\t\t<\/div>\n\t\t\t\t<\/div>\n\t\t\t\t\t<\/div>\n\t\t<\/div>\n\t\t\t\t\t<\/div>\n\t\t<\/section>\n\t\t\t\t<section class=\"elementor-section elementor-top-section elementor-element elementor-element-2651a97d elementor-section-boxed elementor-section-height-default elementor-section-height-default\" data-id=\"2651a97d\" data-element_type=\"section\" data-e-type=\"section\">\n\t\t\t\t\t\t<div class=\"elementor-container elementor-column-gap-default\">\n\t\t\t\t\t<div class=\"elementor-column elementor-col-100 elementor-top-column elementor-element elementor-element-6f4b05af\" data-id=\"6f4b05af\" data-element_type=\"column\" data-e-type=\"column\">\n\t\t\t<div class=\"elementor-widget-wrap elementor-element-populated\">\n\t\t\t\t\t\t<div class=\"elementor-element elementor-element-4b758aad elementor-widget elementor-widget-text-editor\" data-id=\"4b758aad\" data-element_type=\"widget\" data-e-type=\"widget\" data-widget_type=\"text-editor.default\">\n\t\t\t\t<div class=\"elementor-widget-container\">\n\t\t\t\t\t\t\t\t\t<p><\/p>\n<p>We call <a href=\"https:\/\/mythslegendes.com\/en\/\">Mythology<\/a> Nakh the myths and <a href=\"https:\/\/mythslegendes.com\/en\/\">legends<\/a> of the Nakh peoples. This is a group of Caucasian peoples speaking related languages and sharing a number of common cultural characteristics. Formerly more widespread, it is now mainly made up of Chechens and Ingush who are two Vainakh peoples. The Bats of <a href=\"https:\/\/mythslegendes.com\/en\/georgian-mythology\/\">Georgia<\/a> constitute a third Nakh (but not Vainakh) people. They are now largely assimilated and their language is threatened.<\/p>\n<p><img decoding=\"async\" class=\"alignnone wp-image-5284 size-full\" src=\"https:\/\/mythslegendes.com\/wp-content\/uploads\/2020\/09\/AlphaOmega-e1602613368367.png\" alt=\"Chechen Nakh Mythology\" width=\"25\" height=\"26\" title=\"\"><\/p>\n<p><\/p>\n<p><\/p>\n<p><\/p>\n<p><\/p>\n<p><\/p>\t\t\t\t\t\t\t\t<\/div>\n\t\t\t\t<\/div>\n\t\t\t\t\t<\/div>\n\t\t<\/div>\n\t\t\t\t\t<\/div>\n\t\t<\/section>\n\t\t\t\t<section class=\"elementor-section elementor-top-section elementor-element elementor-element-562167b elementor-section-boxed elementor-section-height-default elementor-section-height-default\" data-id=\"562167b\" data-element_type=\"section\" data-e-type=\"section\">\n\t\t\t\t\t\t<div class=\"elementor-container elementor-column-gap-default\">\n\t\t\t\t\t<div class=\"elementor-column elementor-col-100 elementor-top-column elementor-element elementor-element-8aa6e2c\" data-id=\"8aa6e2c\" data-element_type=\"column\" data-e-type=\"column\">\n\t\t\t<div class=\"elementor-widget-wrap elementor-element-populated\">\n\t\t\t\t\t\t<div class=\"elementor-element elementor-element-9fd705e elementor-widget elementor-widget-heading\" data-id=\"9fd705e\" data-element_type=\"widget\" data-e-type=\"widget\" data-widget_type=\"heading.default\">\n\t\t\t\t<div class=\"elementor-widget-container\">\n\t\t\t\t\t<h2 class=\"elementor-heading-title elementor-size-default\"><span class=\"ez-toc-section\" id=\"Mythologie-Nakh-Tchetchenes-textes\"><\/span>Nakh mythology - Chechens (texts)<span class=\"ez-toc-section-end\"><\/span><\/h2>\t\t\t\t<\/div>\n\t\t\t\t<\/div>\n\t\t\t\t\t<\/div>\n\t\t<\/div>\n\t\t\t\t\t<\/div>\n\t\t<\/section>\n\t\t\t\t<section class=\"elementor-section elementor-top-section elementor-element elementor-element-ee30bb5 elementor-section-boxed elementor-section-height-default elementor-section-height-default\" data-id=\"ee30bb5\" data-element_type=\"section\" data-e-type=\"section\">\n\t\t\t\t\t\t<div class=\"elementor-container elementor-column-gap-default\">\n\t\t\t\t\t<div class=\"elementor-column elementor-col-100 elementor-top-column elementor-element elementor-element-37349d6\" data-id=\"37349d6\" data-element_type=\"column\" data-e-type=\"column\">\n\t\t\t<div class=\"elementor-widget-wrap elementor-element-populated\">\n\t\t\t\t\t\t<div class=\"elementor-element elementor-element-1a32f4b elementor-widget elementor-widget-toggle\" data-id=\"1a32f4b\" data-element_type=\"widget\" data-e-type=\"widget\" data-widget_type=\"toggle.default\">\n\t\t\t\t<div class=\"elementor-widget-container\">\n\t\t\t\t\t\t\t<div class=\"elementor-toggle\">\n\t\t\t\t\t\t\t<div class=\"elementor-toggle-item\">\n\t\t\t\t\t<div id=\"elementor-tab-title-2741\" class=\"elementor-tab-title\" data-tab=\"1\" role=\"button\" aria-controls=\"elementor-tab-content-2741\" aria-expanded=\"false\">\n\t\t\t\t\t\t\t\t\t\t\t\t<span class=\"elementor-toggle-icon elementor-toggle-icon-left\" aria-hidden=\"true\">\n\t\t\t\t\t\t\t\t\t\t\t\t\t\t\t<span class=\"elementor-toggle-icon-closed\"><i class=\"fas fa-caret-right\"><\/i><\/span>\n\t\t\t\t\t\t\t\t<span class=\"elementor-toggle-icon-opened\"><i class=\"elementor-toggle-icon-opened fas fa-caret-up\"><\/i><\/span>\n\t\t\t\t\t\t\t\t\t\t\t\t\t<\/span>\n\t\t\t\t\t\t\t\t\t\t\t\t<a class=\"elementor-toggle-title\" tabindex=\"0\">Culture and legend Nakh<\/a>\n\t\t\t\t\t<\/div>\n\n\t\t\t\t\t<div id=\"elementor-tab-content-2741\" class=\"elementor-tab-content elementor-clearfix\" data-tab=\"1\" role=\"region\" aria-labelledby=\"elementor-tab-title-2741\"><ul>\n<li><strong><a href=\"https:\/\/mythslegendes.com\/en\/\">Mount Kazbeg, between earth and gods<\/a><\/strong><\/li>\n<li><strong><a href=\"https:\/\/mythslegendes.com\/en\/\">Legends of Taipa<\/a><\/strong><\/li>\n<li><strong><a href=\"https:\/\/journals.openedition.org\/remmm\/281\" target=\"_blank\" rel=\"noopener\">Common origins<\/a><\/strong><\/li>\n<li><strong><a href=\"http:\/\/www.batsav.com\/pages\/vainakhgods.htm\" target=\"_blank\" rel=\"noopener\">Vainakh Deities<\/a><\/strong><\/li>\n<li><a href=\"http:\/\/www.batsav.com\/pages\/vainakhlegends.htm\" target=\"_blank\" rel=\"noopener\"><strong>The legend of the \u201cHordune-Din\u201d (en)<\/strong><\/a><\/li>\n<li><a href=\"http:\/\/www.batsav.com\/pages\/vainakhlegends.htm\" target=\"_blank\" rel=\"noopener\"><strong>The Seven Sons of the Snow-storm<\/strong><\/a><\/li>\n<li><a href=\"http:\/\/www.batsav.com\/pages\/vainakhlegends.htm\" target=\"_blank\" rel=\"noopener\"><strong>The Star of the Winds<\/strong><\/a><\/li>\n<li><a href=\"http:\/\/www.batsav.com\/pages\/vainakhlegends.htm\" target=\"_blank\" rel=\"noopener\"><strong>Pharmat, \u201cThe Blacksmith of the Country\u201d (fr)<\/strong><\/a><\/li>\n<li><strong><a href=\"http:\/\/www.batsav.com\/pages\/chechendeathsong.htm\" target=\"_blank\" rel=\"noopener\">A Chechen Dirge<\/a><\/strong><\/li>\n<li><strong><a href=\"http:\/\/www.batsav.com\/pages\/chechen-proverbs-and-sayings.html\" target=\"_blank\" rel=\"noopener\">Chechen Proverbs and Sayings<\/a><\/strong><\/li>\n<li><strong><a href=\"http:\/\/www.batsav.com\/pages\/pagan-religious-practices-of-the-chechens-and-the-ingush.html\" target=\"_blank\" rel=\"noopener\">Chechen Paganism<\/a><\/strong><\/li>\n<li><strong><a href=\"http:\/\/www.batsav.com\/pages\/a-list-of-all-the-taips-of-chechnya.html\" target=\"_blank\" rel=\"noopener\">Taipa by region (fr)<\/a><\/strong><\/li>\n<li><strong><a href=\"http:\/\/www.waynakh.com\/eng\/2012\/05\/chechen-ethics-konakhallah\/\" target=\"_blank\" rel=\"noopener\">KonakhAllah<\/a><\/strong><\/li>\n<li><strong><a href=\"http:\/\/www.waynakh.com\/eng\/2012\/04\/the-hunter-and-the-nart\/\" target=\"_blank\" rel=\"noopener\">The hunter and the Nart<\/a><\/strong><\/li>\n<li><strong><a href=\"http:\/\/www.waynakh.com\/eng\/2011\/04\/timour-fairy-tale\/\" target=\"_blank\" rel=\"noopener\">Timour<\/a><\/strong><\/li>\n<li><strong><a href=\"http:\/\/www.waynakh.com\/eng\/2010\/07\/three-brothers-qo-vasa\/\" target=\"_blank\" rel=\"noopener\">Three brothers<\/a><\/strong><\/li>\n<\/ul><\/div>\n\t\t\t\t<\/div>\n\t\t\t\t\t\t\t<div class=\"elementor-toggle-item\">\n\t\t\t\t\t<div id=\"elementor-tab-title-2742\" class=\"elementor-tab-title\" data-tab=\"2\" role=\"button\" aria-controls=\"elementor-tab-content-2742\" aria-expanded=\"false\">\n\t\t\t\t\t\t\t\t\t\t\t\t<span class=\"elementor-toggle-icon elementor-toggle-icon-left\" aria-hidden=\"true\">\n\t\t\t\t\t\t\t\t\t\t\t\t\t\t\t<span class=\"elementor-toggle-icon-closed\"><i class=\"fas fa-caret-right\"><\/i><\/span>\n\t\t\t\t\t\t\t\t<span class=\"elementor-toggle-icon-opened\"><i class=\"elementor-toggle-icon-opened fas fa-caret-up\"><\/i><\/span>\n\t\t\t\t\t\t\t\t\t\t\t\t\t<\/span>\n\t\t\t\t\t\t\t\t\t\t\t\t<a class=\"elementor-toggle-title\" tabindex=\"0\">Tales in Chechens<\/a>\n\t\t\t\t\t<\/div>\n\n\t\t\t\t\t<div id=\"elementor-tab-content-2742\" class=\"elementor-tab-content elementor-clearfix\" data-tab=\"2\" role=\"region\" aria-labelledby=\"elementor-tab-title-2742\"><ul>\n<li><strong><a href=\"http:\/\/www.waynakh.com\/tr\/wp-content\/uploads\/masal\/01.hekhal_dolu_vokkhu_staga.mp3\" target=\"_blank\" rel=\"noopener\">Hekhal Dolu Vokkhu Staga<\/a><\/strong><\/li>\n<li><strong><a href=\"http:\/\/www.waynakh.com\/tr\/wp-content\/uploads\/masal\/02.hekhalan_thai.mp3\" target=\"_blank\" rel=\"noopener\">Hekhalan Tjai<\/a><\/strong><\/li>\n<li><strong><a href=\"http:\/\/www.waynakh.com\/tr\/wp-content\/uploads\/masal\/03.tamshin_olhazar.mp3\" target=\"_blank\" rel=\"noopener\">Tamshin Olkhazar<\/a><\/strong><\/li>\n<li><strong><a href=\"http:\/\/www.waynakh.com\/tr\/wp-content\/uploads\/masal\/04.khant_a.mp3\" target=\"_blank\" rel=\"noopener\">Khant a, den shed a<\/a><\/strong><\/li>\n<li><strong><a href=\"http:\/\/www.waynakh.com\/tr\/wp-content\/uploads\/masal\/05.hekhal_dolu_yoj_a.mp3\" target=\"_blank\" rel=\"noopener\">Hekhal Dolu Yoj a, Khielaxo a<\/a><\/strong><\/li>\n<li><strong><a href=\"http:\/\/www.waynakh.com\/tr\/wp-content\/uploads\/masal\/06.myulha_hilla_yokkha.mp3\" target=\"_blank\" rel=\"noopener\">Myulha Hilla Yokkha<\/a><\/strong><\/li>\n<\/ul><\/div>\n\t\t\t\t<\/div>\n\t\t\t\t\t\t\t\t<\/div>\n\t\t\t\t\t\t<\/div>\n\t\t\t\t<\/div>\n\t\t\t\t\t<\/div>\n\t\t<\/div>\n\t\t\t\t\t<\/div>\n\t\t<\/section>\n\t\t\t\t<section class=\"elementor-section elementor-top-section elementor-element elementor-element-6377eaa elementor-section-boxed elementor-section-height-default elementor-section-height-default\" data-id=\"6377eaa\" data-element_type=\"section\" data-e-type=\"section\">\n\t\t\t\t\t\t<div class=\"elementor-container elementor-column-gap-default\">\n\t\t\t\t\t<div class=\"elementor-column elementor-col-100 elementor-top-column elementor-element elementor-element-1e8d1fa\" data-id=\"1e8d1fa\" data-element_type=\"column\" data-e-type=\"column\">\n\t\t\t<div class=\"elementor-widget-wrap elementor-element-populated\">\n\t\t\t\t\t\t<div class=\"elementor-element elementor-element-d5bbe6a elementor-widget elementor-widget-heading\" data-id=\"d5bbe6a\" data-element_type=\"widget\" data-e-type=\"widget\" data-widget_type=\"heading.default\">\n\t\t\t\t<div class=\"elementor-widget-container\">\n\t\t\t\t\t<h2 class=\"elementor-heading-title elementor-size-default\"><span class=\"ez-toc-section\" id=\"Livres-sur-la-mythologie-Perse-Caucase\"><\/span>Books on Persian-Caucasian mythology<span class=\"ez-toc-section-end\"><\/span><\/h2>\t\t\t\t<\/div>\n\t\t\t\t<\/div>\n\t\t\t\t\t<\/div>\n\t\t<\/div>\n\t\t\t\t\t<\/div>\n\t\t<\/section>\n\t\t\t\t<section class=\"elementor-section elementor-top-section elementor-element elementor-element-1cb737f elementor-section-boxed elementor-section-height-default elementor-section-height-default\" data-id=\"1cb737f\" data-element_type=\"section\" data-e-type=\"section\">\n\t\t\t\t\t\t<div class=\"elementor-container elementor-column-gap-default\">\n\t\t\t\t\t<div class=\"elementor-column elementor-col-100 elementor-top-column elementor-element elementor-element-8cd6f54\" data-id=\"8cd6f54\" data-element_type=\"column\" data-e-type=\"column\">\n\t\t\t<div class=\"elementor-widget-wrap elementor-element-populated\">\n\t\t\t\t\t\t<div class=\"elementor-element elementor-element-b765947 elementor-widget elementor-widget-text-editor\" data-id=\"b765947\" data-element_type=\"widget\" data-e-type=\"widget\" data-widget_type=\"text-editor.default\">\n\t\t\t\t<div class=\"elementor-widget-container\">\n\t\t\t\t\t\t\t\t\t<p>Comics \/ Illustrated:<\/p>\n<p>In French :<\/p>\n<ul>\n<li><a href=\"https:\/\/www.amazon.fr\/dp\/222622047X?&amp;linkCode=sl1&amp;tag=mythscience-21&amp;linkId=40bdf14c6bd71d939a5dfac1e03baaa0&amp;language=fr_FR&amp;ref_=as_li_ss_tl\" target=\"_blank\" rel=\"noopener\">The Gathas: The Sublime Book of Zarathustra<\/a><\/li>\n<li><a href=\"https:\/\/www.amazon.fr\/Mille-une-nuits-1\/dp\/2080712004?&amp;linkCode=sl1&amp;tag=mythscience-21&amp;linkId=14c2756ec1ca3d104bec51f79553e986&amp;language=fr_FR&amp;ref_=as_li_ss_tl\" target=\"_blank\" rel=\"noopener\">One Thousand and One Nights, Volume 1<\/a><\/li>\n<li><a href=\"https:\/\/www.amazon.fr\/Mille-une-nuits-2\/dp\/2080712012?&amp;linkCode=sl1&amp;tag=mythscience-21&amp;linkId=c017c0fe0ea77f3ea146eff2acab509b&amp;language=fr_FR&amp;ref_=as_li_ss_tl\" target=\"_blank\" rel=\"noopener\">One Thousand and One Nights, Volume 2<\/a><\/li>\n<li><a href=\"https:\/\/www.amazon.fr\/dp\/2080712020?&amp;linkCode=sl1&amp;tag=mythscience-21&amp;linkId=f35cde6584a81b60524744c2bed11c47&amp;language=fr_FR&amp;ref_=as_li_ss_tl\" target=\"_blank\" rel=\"noopener\">One Thousand and One Nights, Volume 3<\/a><\/li>\n<li><a href=\"https:\/\/www.amazon.fr\/dp\/2020826747?&amp;linkCode=ll1&amp;tag=mythscience-21&amp;linkId=22ec40209879f56fa52138df6e5d6540&amp;language=fr_FR&amp;ref_=as_li_ss_tl\" target=\"_blank\" rel=\"noopener\">Mani and the Manichaean tradition<\/a><\/li>\n<li><a href=\"https:\/\/www.amazon.fr\/Jardins-lumi%C3%A8re-Amin-Maalouf\/dp\/2253061778?&amp;linkCode=sl1&amp;tag=mythscience-21&amp;linkId=330342fa90ce7d1a906a398cce4955d6&amp;language=fr_FR&amp;ref_=as_li_ss_tl\" target=\"_blank\" rel=\"noopener\">The Gardens of Light<\/a><\/li>\n<li><a href=\"https:\/\/www.amazon.fr\/dp\/2262075972?&amp;linkCode=sl1&amp;tag=mythscience-21&amp;linkId=fccdc71d200bf465a70662cc473d3d4f&amp;language=fr_FR&amp;ref_=as_li_ss_tl\" target=\"_blank\" rel=\"noopener\">Iran, a 4000 year history<\/a><\/li>\n<li><a href=\"https:\/\/www.amazon.fr\/dp\/2070716465?&amp;linkCode=ll1&amp;tag=mythscience-21&amp;linkId=a6a358993f23db0ece7f2fd33b8e0c30&amp;language=fr_FR&amp;ref_=as_li_ss_tl\" target=\"_blank\" rel=\"noopener\">The Book of Heroes<\/a><\/li>\n<li><a href=\"https:\/\/www.amazon.fr\/dp\/2070742768?&amp;linkCode=ll1&amp;tag=mythscience-21&amp;linkId=26101cb9016a649fb55013bf2f130f23&amp;language=fr_FR&amp;ref_=as_li_ss_tl\" target=\"_blank\" rel=\"noopener\">The Book of Dede Korkut in the language of the Oghuz people<\/a><\/li>\n<li><a href=\"https:\/\/www.amazon.fr\/dp\/2081344610?&amp;linkCode=sl1&amp;tag=mythscience-21&amp;linkId=98eb9e2fdd51e12de5026cbba1079cc5&amp;language=fr_FR&amp;ref_=as_li_ss_tl\" target=\"_blank\" rel=\"noopener\">15 tales from Armenia<\/a><\/li>\n<li><a href=\"https:\/\/www.amazon.fr\/dp\/2719107948?&amp;linkCode=ll1&amp;tag=mythscience-21&amp;linkId=98365bd6e6069b0860ab4f2c650a4ab6&amp;language=fr_FR&amp;ref_=as_li_ss_tl\" target=\"_blank\" rel=\"noopener\">Tales from Armenia: Epic, folk tales and legends<\/a><\/li>\n<li><a href=\"https:\/\/www.amazon.fr\/dp\/2226172033?&amp;linkCode=ll1&amp;tag=mythscience-21&amp;linkId=71ae7b3c6099b84a91e9be3a253ba65a&amp;language=fr_FR&amp;ref_=as_li_ss_tl\" target=\"_blank\" rel=\"noopener\">The Armenian legend of David of Sassoun<\/a><\/li>\n<\/ul>\n<p>Only in English:<\/p>\n<ul>\n<li><a href=\"https:\/\/www.amazon.fr\/dp\/B083XQ1MJC?&amp;linkCode=sl1&amp;tag=mythscience-21&amp;linkId=7533b2da7efa984dd75c1dbf59fe2781&amp;language=fr_FR&amp;ref_=as_li_ss_tl\" target=\"_blank\" rel=\"noopener\">Tales of the Punjab<\/a><\/li>\n<li><a href=\"https:\/\/www.amazon.fr\/dp\/1794165916?&amp;linkCode=sl1&amp;tag=mythscience-21&amp;linkId=0691f3756390f3ea3b61a71e2947c66e&amp;language=fr_FR&amp;ref_=as_li_ss_tl\" target=\"_blank\" rel=\"noopener\">Mesopotamia: A Captivating Guide to Ancient Mesopotamia History and Civilizations<\/a><\/li>\n<li><a href=\"https:\/\/www.amazon.fr\/Legends-Caucasus-David-Hunt\/dp\/0863564739?_encoding=UTF8&amp;qid=&amp;sr=&amp;linkCode=sl1&amp;tag=mythscience-21&amp;linkId=948a8a9fad0dcbbd1e803a2f1f206d4d&amp;language=fr_FR&amp;ref_=as_li_ss_tl\" target=\"_blank\" rel=\"noopener\">Legends of the Caucasus (English Edition)<\/a><\/li>\n<li><a href=\"https:\/\/www.amazon.fr\/Nart-Sagas-Legends-Ancient-Caucasus\/dp\/0691169144?&amp;linkCode=sl1&amp;tag=mythscience-21&amp;linkId=d500d2f590d0370fc71ad1b5f4fe81f6&amp;language=fr_FR&amp;ref_=as_li_ss_tl\" target=\"_blank\" rel=\"noopener\">Nart Sagas \u2013 Myths and Legends from the Ancient Caucasus<\/a><\/li>\n<\/ul>\t\t\t\t\t\t\t\t<\/div>\n\t\t\t\t<\/div>\n\t\t\t\t\t<\/div>\n\t\t<\/div>\n\t\t\t\t\t<\/div>\n\t\t<\/section>\n\t\t\t\t<\/div>","protected":false},"excerpt":{"rendered":"<p>Retour au Groupe Culturel Boutique D\u00e9di\u00e9e Wiki Mythologie Nakh &#8211; Tch\u00e9tch\u00e8nes On appelle Mythologie Nakh les mythes et l\u00e9gendes des &hellip; <\/p>","protected":false},"author":1,"featured_media":0,"parent":0,"menu_order":1,"comment_status":"closed","ping_status":"closed","template":"","meta":{"footnotes":""},"class_list":["post-3168","page","type-page","status-publish","hentry"],"amp_enabled":true,"_links":{"self":[{"href":"https:\/\/mythslegendes.com\/en\/wp-json\/wp\/v2\/pages\/3168","targetHints":{"allow":["GET"]}}],"collection":[{"href":"https:\/\/mythslegendes.com\/en\/wp-json\/wp\/v2\/pages"}],"about":[{"href":"https:\/\/mythslegendes.com\/en\/wp-json\/wp\/v2\/types\/page"}],"author":[{"embeddable":true,"href":"https:\/\/mythslegendes.com\/en\/wp-json\/wp\/v2\/users\/1"}],"replies":[{"embeddable":true,"href":"https:\/\/mythslegendes.com\/en\/wp-json\/wp\/v2\/comments?post=3168"}],"version-history":[{"count":7,"href":"https:\/\/mythslegendes.com\/en\/wp-json\/wp\/v2\/pages\/3168\/revisions"}],"predecessor-version":[{"id":27297,"href":"https:\/\/mythslegendes.com\/en\/wp-json\/wp\/v2\/pages\/3168\/revisions\/27297"}],"wp:attachment":[{"href":"https:\/\/mythslegendes.com\/en\/wp-json\/wp\/v2\/media?parent=3168"}],"curies":[{"name":"wp","href":"https:\/\/api.w.org\/{rel}","templated":true}]}}