{"id":3250,"date":"2020-07-24T16:26:31","date_gmt":"2020-07-24T15:26:31","guid":{"rendered":"https:\/\/mythslegendes.com\/?page_id=3250"},"modified":"2020-11-20T11:16:16","modified_gmt":"2020-11-20T11:16:16","slug":"les-chaquiras","status":"publish","type":"page","link":"https:\/\/mythslegendes.com\/en\/mythology-choco-embera\/the-chaquiras\/","title":{"rendered":"The chaquiras"},"content":{"rendered":"<div data-elementor-type=\"wp-page\" data-elementor-id=\"3250\" class=\"elementor elementor-3250\">\n\t\t\t\t\t\t<section class=\"elementor-section elementor-top-section elementor-element elementor-element-0cfa289 elementor-section-boxed elementor-section-height-default elementor-section-height-default\" data-id=\"0cfa289\" data-element_type=\"section\" data-e-type=\"section\">\n\t\t\t\t\t\t<div class=\"elementor-container elementor-column-gap-default\">\n\t\t\t\t\t<div class=\"elementor-column elementor-col-50 elementor-top-column elementor-element elementor-element-50b5552\" data-id=\"50b5552\" data-element_type=\"column\" data-e-type=\"column\">\n\t\t\t<div class=\"elementor-widget-wrap elementor-element-populated\">\n\t\t\t\t\t\t<div class=\"elementor-element elementor-element-d2f9808 elementor-align-justify elementor-widget elementor-widget-button\" data-id=\"d2f9808\" data-element_type=\"widget\" data-e-type=\"widget\" data-widget_type=\"button.default\">\n\t\t\t\t<div class=\"elementor-widget-container\">\n\t\t\t\t\t\t\t\t\t<div class=\"elementor-button-wrapper\">\n\t\t\t\t\t<a class=\"elementor-button elementor-button-link elementor-size-sm\" href=\"https:\/\/mythslegendes.com\/en\/mythology-choco-embera\/\">\n\t\t\t\t\t\t<span class=\"elementor-button-content-wrapper\">\n\t\t\t\t\t\t\t\t\t<span class=\"elementor-button-text\">Choco Mythology<\/span>\n\t\t\t\t\t<\/span>\n\t\t\t\t\t<\/a>\n\t\t\t\t<\/div>\n\t\t\t\t\t\t\t\t<\/div>\n\t\t\t\t<\/div>\n\t\t\t\t\t<\/div>\n\t\t<\/div>\n\t\t\t\t<div class=\"elementor-column elementor-col-50 elementor-top-column elementor-element elementor-element-93f5f20\" data-id=\"93f5f20\" data-element_type=\"column\" data-e-type=\"column\">\n\t\t\t<div class=\"elementor-widget-wrap elementor-element-populated\">\n\t\t\t\t\t\t<div class=\"elementor-element elementor-element-1388fd4 elementor-align-justify elementor-widget elementor-widget-button\" data-id=\"1388fd4\" data-element_type=\"widget\" data-e-type=\"widget\" data-widget_type=\"button.default\">\n\t\t\t\t<div class=\"elementor-widget-container\">\n\t\t\t\t\t\t\t\t\t<div class=\"elementor-button-wrapper\">\n\t\t\t\t\t<a class=\"elementor-button elementor-button-link elementor-size-sm\" href=\"https:\/\/fr.wikipedia.org\/wiki\/Indiens_Choc%C3%B3\" target=\"_blank\" rel=\"noopener\">\n\t\t\t\t\t\t<span class=\"elementor-button-content-wrapper\">\n\t\t\t\t\t\t\t\t\t<span class=\"elementor-button-text\">Wiki<\/span>\n\t\t\t\t\t<\/span>\n\t\t\t\t\t<\/a>\n\t\t\t\t<\/div>\n\t\t\t\t\t\t\t\t<\/div>\n\t\t\t\t<\/div>\n\t\t\t\t\t<\/div>\n\t\t<\/div>\n\t\t\t\t\t<\/div>\n\t\t<\/section>\n\t\t\t\t<section class=\"elementor-section elementor-top-section elementor-element elementor-element-d6c7383 elementor-section-boxed elementor-section-height-default elementor-section-height-default\" data-id=\"d6c7383\" data-element_type=\"section\" data-e-type=\"section\">\n\t\t\t\t\t\t<div class=\"elementor-container elementor-column-gap-default\">\n\t\t\t\t\t<div class=\"elementor-column elementor-col-100 elementor-top-column elementor-element elementor-element-d769c18\" data-id=\"d769c18\" data-element_type=\"column\" data-e-type=\"column\">\n\t\t\t<div class=\"elementor-widget-wrap elementor-element-populated\">\n\t\t\t\t\t\t<div class=\"elementor-element elementor-element-17a259c elementor-widget elementor-widget-text-editor\" data-id=\"17a259c\" data-element_type=\"widget\" data-e-type=\"widget\" data-widget_type=\"text-editor.default\">\n\t\t\t\t<div class=\"elementor-widget-container\">\n\t\t\t\t\t\t\t\t\t<p>The dress of the Ember\u00e1 is particular, through the clothes and especially their accessories, they tell stories. With monkey teeth, bones and seeds, they made necklaces, bracelets and applications, which they replaced with plastic or fiberglass chaquiras (beads or beads) and bright colors.<\/p>\t\t\t\t\t\t\t\t<\/div>\n\t\t\t\t<\/div>\n\t\t\t\t\t<\/div>\n\t\t<\/div>\n\t\t\t\t\t<\/div>\n\t\t<\/section>\n\t\t\t\t<section class=\"elementor-section elementor-top-section elementor-element elementor-element-7e4afd6 elementor-section-boxed elementor-section-height-default elementor-section-height-default\" data-id=\"7e4afd6\" data-element_type=\"section\" data-e-type=\"section\">\n\t\t\t\t\t\t<div class=\"elementor-container elementor-column-gap-default\">\n\t\t\t\t\t<div class=\"elementor-column elementor-col-100 elementor-top-column elementor-element elementor-element-82faa27\" data-id=\"82faa27\" data-element_type=\"column\" data-e-type=\"column\">\n\t\t\t<div class=\"elementor-widget-wrap elementor-element-populated\">\n\t\t\t\t\t\t<div class=\"elementor-element elementor-element-523a768 elementor-widget elementor-widget-heading\" data-id=\"523a768\" data-element_type=\"widget\" data-e-type=\"widget\" data-widget_type=\"heading.default\">\n\t\t\t\t<div class=\"elementor-widget-container\">\n\t\t\t\t\t<div id=\"ez-toc-container\" class=\"ez-toc-v2_0_82_2 counter-hierarchy ez-toc-counter ez-toc-grey ez-toc-container-direction\">\n<div class=\"ez-toc-title-container\">\n<p class=\"ez-toc-title\" style=\"cursor:inherit\">Contents<\/p>\n<span class=\"ez-toc-title-toggle\"><a href=\"#\" class=\"ez-toc-pull-right ez-toc-btn ez-toc-btn-xs ez-toc-btn-default ez-toc-toggle\" aria-label=\"Toggle Table of Content\"><span class=\"ez-toc-js-icon-con\"><span class=\"\"><span class=\"eztoc-hide\" style=\"display:none;\">Toggle<\/span><span class=\"ez-toc-icon-toggle-span\"><svg style=\"fill: #999;color:#999\" xmlns=\"http:\/\/www.w3.org\/2000\/svg\" class=\"list-377408\" width=\"20px\" height=\"20px\" viewbox=\"0 0 24 24\" fill=\"none\"><path d=\"M6 6H4v2h2V6zm14 0H8v2h12V6zM4 11h2v2H4v-2zm16 0H8v2h12v-2zM4 16h2v2H4v-2zm16 0H8v2h12v-2z\" fill=\"currentColor\"><\/path><\/svg><svg style=\"fill: #999;color:#999\" class=\"arrow-unsorted-368013\" xmlns=\"http:\/\/www.w3.org\/2000\/svg\" width=\"10px\" height=\"10px\" viewbox=\"0 0 24 24\" version=\"1.2\" baseprofile=\"tiny\"><path d=\"M18.2 9.3l-6.2-6.3-6.2 6.3c-.2.2-.3.4-.3.7s.1.5.3.7c.2.2.4.3.7.3h11c.3 0 .5-.1.7-.3.2-.2.3-.5.3-.7s-.1-.5-.3-.7zM5.8 14.7l6.2 6.3 6.2-6.3c.2-.2.3-.5.3-.7s-.1-.5-.3-.7c-.2-.2-.4-.3-.7-.3h-11c-.3 0-.5.1-.7.3-.2.2-.3.5-.3.7s.1.5.3.7z\"\/><\/svg><\/span><\/span><\/span><\/a><\/span><\/div>\n<nav><ul class='ez-toc-list ez-toc-list-level-1' ><li class='ez-toc-page-1 ez-toc-heading-level-2'><a class=\"ez-toc-link ez-toc-heading-1\" href=\"https:\/\/mythslegendes.com\/en\/mythology-choco-embera\/the-chaquiras\/#Les-chaquiras\" >The chaquiras<\/a><\/li><\/ul><\/nav><\/div>\n<h2 class=\"elementor-heading-title elementor-size-default\"><span class=\"ez-toc-section\" id=\"Les-chaquiras\"><\/span>The chaquiras<span class=\"ez-toc-section-end\"><\/span><\/h2>\t\t\t\t<\/div>\n\t\t\t\t<\/div>\n\t\t\t\t\t<\/div>\n\t\t<\/div>\n\t\t\t\t\t<\/div>\n\t\t<\/section>\n\t\t\t\t<section class=\"elementor-section elementor-top-section elementor-element elementor-element-3a5d1a9f elementor-section-boxed elementor-section-height-default elementor-section-height-default\" data-id=\"3a5d1a9f\" data-element_type=\"section\" data-e-type=\"section\">\n\t\t\t\t\t\t<div class=\"elementor-container elementor-column-gap-default\">\n\t\t\t\t\t<div class=\"elementor-column elementor-col-100 elementor-top-column elementor-element elementor-element-57580cbb\" data-id=\"57580cbb\" data-element_type=\"column\" data-e-type=\"column\">\n\t\t\t<div class=\"elementor-widget-wrap elementor-element-populated\">\n\t\t\t\t\t\t<div class=\"elementor-element elementor-element-5a4275f7 elementor-widget elementor-widget-text-editor\" data-id=\"5a4275f7\" data-element_type=\"widget\" data-e-type=\"widget\" data-widget_type=\"text-editor.default\">\n\t\t\t\t<div class=\"elementor-widget-container\">\n\t\t\t\t\t\t\t\t\t<p><\/p>\n<p>There are accessories created for the wedding, the birth or the funeral. In children, black and red necklaces and bracelets are placed on the left leg against the evil eye, and which must be blessed for them to take effect. Young people wear bracelets on their right arm if they are single and on their left arm if they are engaged.<\/p>\n<p>Chaquiras of different sizes and colors are combined to produce patterns that represent concepts related to their beliefs and traditions.<\/p>\n<p><\/p>\n<p><\/p>\n<figure class=\"wp-block-table\">\n<table>\n<tbody>\n<tr>\n<td><strong>Meaning of colors<\/strong><\/td>\n<\/tr>\n<\/tbody>\n<\/table>\n<\/figure>\n<p><\/p>\n<p><\/p>\n<figure class=\"wp-block-table\">\n<table>\n<tbody>\n<tr>\n<td>Blue<\/td>\n<td>sky, sea, space<\/td>\n<\/tr>\n<tr>\n<td>Red<\/td>\n<td>blood, race<\/td>\n<\/tr>\n<tr>\n<td>Green<\/td>\n<td>Nature<\/td>\n<\/tr>\n<tr>\n<td>Yellow<\/td>\n<td>gold, sun, joy<\/td>\n<\/tr>\n<tr>\n<td>orange, purple<\/td>\n<td>Flowers<\/td>\n<\/tr>\n<tr>\n<td>White<\/td>\n<td>clouds, peace<\/td>\n<\/tr>\n<\/tbody>\n<\/table>\n<\/figure>\n<p><\/p>\n<p><\/p>\n<figure class=\"wp-block-table\">\n<table>\n<tbody>\n<tr>\n<td><strong>Meaning of shapes<\/strong><\/td>\n<\/tr>\n<\/tbody>\n<\/table>\n<\/figure>\n<p><\/p>\n<p><\/p>\n<figure class=\"wp-block-table\">\n<table>\n<tbody>\n<tr>\n<td>Spiral<\/td>\n<td>Path<\/td>\n<\/tr>\n<tr>\n<td>Diamond<\/td>\n<td>The 4 Seasons<\/td>\n<\/tr>\n<tr>\n<td>Circle<\/td>\n<td>unity, community<\/td>\n<\/tr>\n<tr>\n<td>broken lines<\/td>\n<td>cordillera<\/td>\n<\/tr>\n<tr>\n<td>Geometric figures<\/td>\n<td>feelings towards mother earth<\/td>\n<\/tr>\n<\/tbody>\n<\/table>\n<\/figure>\n<p><\/p>\n<p><\/p>\n<figure class=\"wp-block-image\"><img fetchpriority=\"high\" decoding=\"async\" class=\"alignnone\" src=\"https:\/\/img.over-blog-kiwi.com\/0\/56\/62\/66\/20181217\/ob_527653_tejedora.jpg\" alt=\"chaquiras\" width=\"300\" height=\"237\" title=\"\"><\/figure>\n<p><\/p>\n<p><\/p>\n<p><em>The loom is a wooden board with the length of the piece to be made, the chaquiras are inserted by hand, and the mooring is done with a needle.<\/em><\/p>\n<p><\/p>\n<p><\/p>\n<figure class=\"wp-block-image\"><img decoding=\"async\" src=\"https:\/\/img.over-blog-kiwi.com\/0\/56\/62\/66\/20181217\/ob_5e3372_telar.jpg\" alt=\"\" title=\"\"><\/figure>\n<p><\/p>\n<p><\/p>\n<p><em>Loom<\/em><\/p>\n<p><\/p>\n<p><\/p>\n<p>Mothers have taught daughters from generation to generation, the techniques, the meaning of each color, signs and designs, starting with the weaving of cultural heritage.<\/p>\n<p><\/p>\n<p><\/p>\n<p>The most popular piece is the Okama, a necklace with a strong symbolic content and for exclusively female use. The boys wear the Otapa, a rectangular necklace.<\/p>\n<p><\/p>\n<p><\/p>\n<figure class=\"wp-block-image\"><img decoding=\"async\" src=\"https:\/\/img.over-blog-kiwi.com\/0\/56\/62\/66\/20181217\/ob_d00589_okama.jpg\" alt=\"\" title=\"\"><\/figure>\n<p><\/p>\n<p><\/p>\n<p><em><strong>Okama (\u201cPath that passes through the neck\u201d).<\/strong><br \/>Necklace that confers distinction on the woman who wears it, telling her story and her role in the community.<\/em><\/p>\n<p><\/p>\n<p><\/p>\n<p><em>Girls use them small, and older women use them relative to what they&#039;ve been through.<\/em><\/p>\n<p><\/p>\t\t\t\t\t\t\t\t<\/div>\n\t\t\t\t<\/div>\n\t\t\t\t\t<\/div>\n\t\t<\/div>\n\t\t\t\t\t<\/div>\n\t\t<\/section>\n\t\t\t\t<\/div>","protected":false},"excerpt":{"rendered":"<p>Mythologie Choco Wiki L&rsquo;habillement des Ember\u00e1 est particulier, \u00e0 travers les v\u00eatements et surtout leurs accessoires, ils racontent des histoires. &hellip; <\/p>","protected":false},"author":1,"featured_media":0,"parent":3233,"menu_order":0,"comment_status":"closed","ping_status":"closed","template":"","meta":{"footnotes":""},"class_list":["post-3250","page","type-page","status-publish","hentry"],"amp_enabled":true,"_links":{"self":[{"href":"https:\/\/mythslegendes.com\/en\/wp-json\/wp\/v2\/pages\/3250","targetHints":{"allow":["GET"]}}],"collection":[{"href":"https:\/\/mythslegendes.com\/en\/wp-json\/wp\/v2\/pages"}],"about":[{"href":"https:\/\/mythslegendes.com\/en\/wp-json\/wp\/v2\/types\/page"}],"author":[{"embeddable":true,"href":"https:\/\/mythslegendes.com\/en\/wp-json\/wp\/v2\/users\/1"}],"replies":[{"embeddable":true,"href":"https:\/\/mythslegendes.com\/en\/wp-json\/wp\/v2\/comments?post=3250"}],"version-history":[{"count":0,"href":"https:\/\/mythslegendes.com\/en\/wp-json\/wp\/v2\/pages\/3250\/revisions"}],"up":[{"embeddable":true,"href":"https:\/\/mythslegendes.com\/en\/wp-json\/wp\/v2\/pages\/3233"}],"wp:attachment":[{"href":"https:\/\/mythslegendes.com\/en\/wp-json\/wp\/v2\/media?parent=3250"}],"curies":[{"name":"wp","href":"https:\/\/api.w.org\/{rel}","templated":true}]}}