{"id":3266,"date":"2020-07-24T16:36:24","date_gmt":"2020-07-24T15:36:24","guid":{"rendered":"https:\/\/mythslegendes.com\/?page_id=3266"},"modified":"2020-11-20T11:19:34","modified_gmt":"2020-11-20T11:19:34","slug":"jaibanisme","status":"publish","type":"page","link":"https:\/\/mythslegendes.com\/en\/mythology-choco-embera\/jaibanism\/","title":{"rendered":"Ja\u00efbanism"},"content":{"rendered":"<div data-elementor-type=\"wp-page\" data-elementor-id=\"3266\" class=\"elementor elementor-3266\">\n\t\t\t\t\t\t<section class=\"elementor-section elementor-top-section elementor-element elementor-element-8f9733c elementor-section-boxed elementor-section-height-default elementor-section-height-default\" data-id=\"8f9733c\" data-element_type=\"section\" data-e-type=\"section\">\n\t\t\t\t\t\t<div class=\"elementor-container elementor-column-gap-default\">\n\t\t\t\t\t<div class=\"elementor-column elementor-col-50 elementor-top-column elementor-element elementor-element-5b7b48d\" data-id=\"5b7b48d\" data-element_type=\"column\" data-e-type=\"column\">\n\t\t\t<div class=\"elementor-widget-wrap elementor-element-populated\">\n\t\t\t\t\t\t<div class=\"elementor-element elementor-element-ff47786 elementor-align-justify elementor-widget elementor-widget-button\" data-id=\"ff47786\" data-element_type=\"widget\" data-e-type=\"widget\" data-widget_type=\"button.default\">\n\t\t\t\t<div class=\"elementor-widget-container\">\n\t\t\t\t\t\t\t\t\t<div class=\"elementor-button-wrapper\">\n\t\t\t\t\t<a class=\"elementor-button elementor-button-link elementor-size-sm\" href=\"https:\/\/mythslegendes.com\/en\/mythology-choco-embera\/\">\n\t\t\t\t\t\t<span class=\"elementor-button-content-wrapper\">\n\t\t\t\t\t\t\t\t\t<span class=\"elementor-button-text\">Choco Mythology<\/span>\n\t\t\t\t\t<\/span>\n\t\t\t\t\t<\/a>\n\t\t\t\t<\/div>\n\t\t\t\t\t\t\t\t<\/div>\n\t\t\t\t<\/div>\n\t\t\t\t\t<\/div>\n\t\t<\/div>\n\t\t\t\t<div class=\"elementor-column elementor-col-50 elementor-top-column elementor-element elementor-element-f3d17ca\" data-id=\"f3d17ca\" data-element_type=\"column\" data-e-type=\"column\">\n\t\t\t<div class=\"elementor-widget-wrap elementor-element-populated\">\n\t\t\t\t\t\t<div class=\"elementor-element elementor-element-35486f6 elementor-align-justify elementor-widget elementor-widget-button\" data-id=\"35486f6\" data-element_type=\"widget\" data-e-type=\"widget\" data-widget_type=\"button.default\">\n\t\t\t\t<div class=\"elementor-widget-container\">\n\t\t\t\t\t\t\t\t\t<div class=\"elementor-button-wrapper\">\n\t\t\t\t\t<a class=\"elementor-button elementor-button-link elementor-size-sm\" href=\"https:\/\/fr.wikipedia.org\/wiki\/Indiens_Choc%C3%B3\" target=\"_blank\" rel=\"noopener\">\n\t\t\t\t\t\t<span class=\"elementor-button-content-wrapper\">\n\t\t\t\t\t\t\t\t\t<span class=\"elementor-button-text\">Wiki<\/span>\n\t\t\t\t\t<\/span>\n\t\t\t\t\t<\/a>\n\t\t\t\t<\/div>\n\t\t\t\t\t\t\t\t<\/div>\n\t\t\t\t<\/div>\n\t\t\t\t\t<\/div>\n\t\t<\/div>\n\t\t\t\t\t<\/div>\n\t\t<\/section>\n\t\t\t\t<section class=\"elementor-section elementor-top-section elementor-element elementor-element-347ee0d elementor-section-boxed elementor-section-height-default elementor-section-height-default\" data-id=\"347ee0d\" data-element_type=\"section\" data-e-type=\"section\">\n\t\t\t\t\t\t<div class=\"elementor-container elementor-column-gap-default\">\n\t\t\t\t\t<div class=\"elementor-column elementor-col-100 elementor-top-column elementor-element elementor-element-fbf400b\" data-id=\"fbf400b\" data-element_type=\"column\" data-e-type=\"column\">\n\t\t\t<div class=\"elementor-widget-wrap elementor-element-populated\">\n\t\t\t\t\t\t<div class=\"elementor-element elementor-element-36de934 elementor-widget elementor-widget-text-editor\" data-id=\"36de934\" data-element_type=\"widget\" data-e-type=\"widget\" data-widget_type=\"text-editor.default\">\n\t\t\t\t<div class=\"elementor-widget-container\">\n\t\t\t\t\t\t\t\t\t<p>Jaibanism is the religion of the Embera.<\/p>\t\t\t\t\t\t\t\t<\/div>\n\t\t\t\t<\/div>\n\t\t\t\t\t<\/div>\n\t\t<\/div>\n\t\t\t\t\t<\/div>\n\t\t<\/section>\n\t\t\t\t<section class=\"elementor-section elementor-top-section elementor-element elementor-element-e24d008 elementor-section-boxed elementor-section-height-default elementor-section-height-default\" data-id=\"e24d008\" data-element_type=\"section\" data-e-type=\"section\">\n\t\t\t\t\t\t<div class=\"elementor-container elementor-column-gap-default\">\n\t\t\t\t\t<div class=\"elementor-column elementor-col-100 elementor-top-column elementor-element elementor-element-4718e82\" data-id=\"4718e82\" data-element_type=\"column\" data-e-type=\"column\">\n\t\t\t<div class=\"elementor-widget-wrap elementor-element-populated\">\n\t\t\t\t\t\t<div class=\"elementor-element elementor-element-a6091be elementor-widget elementor-widget-heading\" data-id=\"a6091be\" data-element_type=\"widget\" data-e-type=\"widget\" data-widget_type=\"heading.default\">\n\t\t\t\t<div class=\"elementor-widget-container\">\n\t\t\t\t\t<div id=\"ez-toc-container\" class=\"ez-toc-v2_0_82_2 counter-hierarchy ez-toc-counter ez-toc-grey ez-toc-container-direction\">\n<div class=\"ez-toc-title-container\">\n<p class=\"ez-toc-title\" style=\"cursor:inherit\">Contents<\/p>\n<span class=\"ez-toc-title-toggle\"><a href=\"#\" class=\"ez-toc-pull-right ez-toc-btn ez-toc-btn-xs ez-toc-btn-default ez-toc-toggle\" aria-label=\"Toggle Table of Content\"><span class=\"ez-toc-js-icon-con\"><span class=\"\"><span class=\"eztoc-hide\" style=\"display:none;\">Toggle<\/span><span class=\"ez-toc-icon-toggle-span\"><svg style=\"fill: #999;color:#999\" xmlns=\"http:\/\/www.w3.org\/2000\/svg\" class=\"list-377408\" width=\"20px\" height=\"20px\" viewbox=\"0 0 24 24\" fill=\"none\"><path d=\"M6 6H4v2h2V6zm14 0H8v2h12V6zM4 11h2v2H4v-2zm16 0H8v2h12v-2zM4 16h2v2H4v-2zm16 0H8v2h12v-2z\" fill=\"currentColor\"><\/path><\/svg><svg style=\"fill: #999;color:#999\" class=\"arrow-unsorted-368013\" xmlns=\"http:\/\/www.w3.org\/2000\/svg\" width=\"10px\" height=\"10px\" viewbox=\"0 0 24 24\" version=\"1.2\" baseprofile=\"tiny\"><path d=\"M18.2 9.3l-6.2-6.3-6.2 6.3c-.2.2-.3.4-.3.7s.1.5.3.7c.2.2.4.3.7.3h11c.3 0 .5-.1.7-.3.2-.2.3-.5.3-.7s-.1-.5-.3-.7zM5.8 14.7l6.2 6.3 6.2-6.3c.2-.2.3-.5.3-.7s-.1-.5-.3-.7c-.2-.2-.4-.3-.7-.3h-11c-.3 0-.5.1-.7.3-.2.2-.3.5-.3.7s.1.5.3.7z\"\/><\/svg><\/span><\/span><\/span><\/a><\/span><\/div>\n<nav><ul class='ez-toc-list ez-toc-list-level-1' ><li class='ez-toc-page-1 ez-toc-heading-level-2'><a class=\"ez-toc-link ez-toc-heading-1\" href=\"https:\/\/mythslegendes.com\/en\/mythology-choco-embera\/jaibanism\/#Jaibanisme\" >Ja\u00efbanism<\/a><\/li><\/ul><\/nav><\/div>\n<h2 class=\"elementor-heading-title elementor-size-default\"><span class=\"ez-toc-section\" id=\"Jaibanisme\"><\/span>Ja\u00efbanism <span class=\"ez-toc-section-end\"><\/span><\/h2>\t\t\t\t<\/div>\n\t\t\t\t<\/div>\n\t\t\t\t\t<\/div>\n\t\t<\/div>\n\t\t\t\t\t<\/div>\n\t\t<\/section>\n\t\t\t\t<section class=\"elementor-section elementor-top-section elementor-element elementor-element-2638b3b8 elementor-section-boxed elementor-section-height-default elementor-section-height-default\" data-id=\"2638b3b8\" data-element_type=\"section\" data-e-type=\"section\">\n\t\t\t\t\t\t<div class=\"elementor-container elementor-column-gap-default\">\n\t\t\t\t\t<div class=\"elementor-column elementor-col-100 elementor-top-column elementor-element elementor-element-4e2f5d92\" data-id=\"4e2f5d92\" data-element_type=\"column\" data-e-type=\"column\">\n\t\t\t<div class=\"elementor-widget-wrap elementor-element-populated\">\n\t\t\t\t\t\t<div class=\"elementor-element elementor-element-4dde6510 elementor-widget elementor-widget-text-editor\" data-id=\"4dde6510\" data-element_type=\"widget\" data-e-type=\"widget\" data-widget_type=\"text-editor.default\">\n\t\t\t\t<div class=\"elementor-widget-container\">\n\t\t\t\t\t\t\t\t\t<p><\/p>\n<p>The Ember\u00e1 consider <em>Dachizeze<\/em> (Tatzitzetze, also known as Ankore), as the primordial being, masculine\/feminine, creator of all the elements and of the first beings.<\/p>\n<p><\/p>\n<p><\/p>\n<p>In Jaibanism, it spawned<em> Caragabi <\/em>who gave birth to the Ember\u00e1 and their world, ordering the cosmos and giving them access to water, fire and food.<\/p>\n<p><\/p>\n<p><\/p>\n<p><em>trutruca<\/em>, was the owner of <em>Armorcura<\/em> (underworld), according to some versions it was also created by <em>Dachizeze<\/em>, according to other people he did not give him existence, and in this sense he was similar to <em>Dachizeze<\/em>.<\/p>\n<p><\/p>\n<p><\/p>\n<p><strong>The Ember\u00e1 Universe of Jaibanism is composed of three main levels:<\/strong><\/p>\n<p><\/p>\n<p><\/p>\n<p><strong>1. The world of Caragabi<\/strong>. Some call it the World of Blue Things. He houses <em>Dachizeze, Caragabi<\/em>, a series of primordial beings and the souls of the dead.<\/p>\n<p><\/p>\n<p><\/p>\n<p><strong>2. Armorcura.<\/strong> World governed by Trutruica, below the human, in him live the jai (essences, spirits).<\/p>\n<p><\/p>\n<p><\/p>\n<p><strong>3. The world of man<\/strong>, who lives in constant confrontation with jai and primordial beings.<\/p>\n<p><\/p>\n<p><\/p>\n<p>In the beginning, the relationship between the human world and that of <em>Caragabi <\/em>was good, men could access it by a ladder, but when they did not respect the taboos, the possibility of visiting the upper world was broken. Therefore, only the <em>jaibanas <\/em>(shamans) can access the essential levels.<\/p>\n<p><\/p>\n<p><\/p>\n<p>The<em> I have <\/em>of the world <em>trutruca<\/em> are agents of disease and aggression, but also of healing and protection. From<em> I have<\/em> are the &quot;\u00a0<em>owners \u00bb <\/em>of each animal species, that the <em>jaiban\u00e1<\/em> invoke to allow their abundance or to drive them away.<\/p>\n<p><\/p>\n<p><\/p>\n<p>From<em> I have<\/em> the most important stand out:<\/p>\n<p><\/p>\n<p><\/p>\n<p><strong>Antum\u00eda<\/strong> : Jai malin, the equivalent of the devil. Also considered the spirit of water.<br \/><strong>Pakore<\/strong> : Mother of the mountain, she guards the hunts.<br \/><strong>Nusi:<\/strong> Giant fish.<\/p>\n<p><\/p>\n<p><\/p>\n<p><strong>The Jaibana<\/strong><\/p>\n<p><\/p>\n<p><\/p>\n<p>Interaction with spirits<em> I have <\/em>is the responsibility of <em>jaiban\u00e1<\/em>, who continue the work of <em>Caragabi.<\/em> The relationships of <em>jaiban\u00e1<\/em> with the\u00a0<em>I have<\/em> guarantee the fundamental activities of society and the continuity of natural cycles, while establishing the territoriality of communities. The j<em>aibanas <\/em>can penetrate into the essence of all things present in the universe, establish communication with them and make them their allies in healing or attacking.<\/p>\n<p><\/p>\n<p><\/p>\n<p><em>Jaibana<\/em> can be male or female, unremarkable. He begins his apprenticeship from childhood, guided by a master, a <em>jaiban\u00e1 <\/em>wise and powerful. Much of his teaching is transmitted to him by the appearance of the master in his dreams, allowing him to see beyond the limits of time and distance. In their communication with <em>Jet<\/em>, they know the healing properties of plants.<\/p>\n<p><\/p>\n<p><\/p>\n<p>the\u00a0<em>jaiban\u00e1<\/em> organizes a series of ceremonies aimed at communicating with the <em>I have<\/em>. These are performed at night and must include the following items of ritual paraphernalia: intoxicating drinks for the<em> I have <\/em>; wooden sticks, healing carvings, leaves,<em> totumas,<\/em> face and body paintings. the\u00a0<em>jaiban\u00e1 <\/em>the officiates sit on wooden benches usually carved with the figure of an animal.<\/p>\n<p><\/p>\n<p><\/p>\n<figure class=\"wp-block-image\"><img fetchpriority=\"high\" decoding=\"async\" class=\"alignnone\" src=\"https:\/\/img.over-blog-kiwi.com\/0\/56\/62\/66\/20181211\/ob_75f92c_jaibana1.jpg\" alt=\"Ja\u00efbanism\" width=\"265\" height=\"250\" title=\"\"><\/figure>\n<p><\/p>\n<p><\/p>\n<p><em><strong>jaiban\u00e1<\/strong><br \/>Healing scene in Rio Chico, Darien. The jaiban\u00e1 rubs a cane over the patient&#039;s body<\/em><\/p>\n<p><\/p>\n<p><\/p>\n<p>The healing ceremony is called &quot;\u00a0<em>the song of jai<\/em>\u201c. the<em> jaiban\u00e1<\/em>, seated on his bench, holding his canes in his left hand and holding a palm leaf in his right, begins to sing, as he will do rhythmically and steadily all night long, until he has finished his task. He will ask the owners\u00a0<em>I have<\/em> illness, at his command and under his control, to withdraw the <em>I have<\/em> disease and relieve the sick. In the end, the <em>jet<\/em> leave with the<em> I have<\/em> who causes harm, who is now under the control of the <em>jaibana.<\/em><\/p>\n<p><\/p>\n<p><\/p>\n<p>They also heal the houses, the land for sowing and harvesting, the river and the jungle when resources are scarce. Their power extends to natural phenomena, producing rain, lightning, thunder, storms and floods and even earthquakes.<\/p>\n<p><\/p>\n<p><\/p>\n<p>Among their most significant rites, the\u00a0<em>navel &quot;<\/em> is practiced on children in the full moon, a few days after birth, by applying different substances to their stomachs. It is said that with this ritual, children acquire the strength to hunt, fish and navigate. They celebrate the baptism of children, the initiation of adolescents and the harvest.<\/p>\n<p><\/p>\n<p><\/p>\n<figure class=\"wp-block-image\"><img decoding=\"async\" src=\"https:\/\/img.over-blog-kiwi.com\/0\/56\/62\/66\/20181211\/ob_fb0317_jaibana2.jpg\" alt=\"\" title=\"\"><\/figure>\n<p><\/p>\n<p><\/p>\n<p><em><strong>healing doll<\/strong><br \/>Ember\u00e1 sick with a doll that represents a healing spirit. Azusa, Darien.<\/em><\/p>\n<p><\/p>\n<p><\/p>\n<p><strong>Representations of the jai, according to the jaiban\u00e1 of northwest Antioquia<\/strong><\/p>\n<p><\/p>\n<p><\/p>\n<figure class=\"wp-block-image\"><img decoding=\"async\" src=\"https:\/\/img.over-blog-kiwi.com\/0\/56\/62\/66\/20181211\/ob_c4c600_jai1.jpg\" alt=\"\" title=\"\"><\/figure>\n<p><\/p>\n<p><\/p>\n<p><em>Anthropomorphs. The figures with double red lines represent powerful spirits, those with circles or dots represent jai disguised as snakes.<\/em><\/p>\n<p><\/p>\n<p><\/p>\n<figure class=\"wp-block-image\"><img decoding=\"async\" src=\"https:\/\/img.over-blog-kiwi.com\/0\/56\/62\/66\/20181211\/ob_fde6f3_jai2.jpg\" alt=\"\" title=\"\"><\/figure>\n<p><\/p>\n<p><\/p>\n<p><em>Zoomorphs. The representation of the fauna is not very different from that of the animal-shaped jai.<\/em><\/p>\n<p><\/p>\n<p><\/p>\n<p>Fieldwork by Sergio Carmona, published in \u201c\u00a0<em>Perception and graphic representation of the Ember\u00e1 world of northeast Antioquia<\/em>\u201c, Seduca 1988.<\/p>\n<p><\/p>\t\t\t\t\t\t\t\t<\/div>\n\t\t\t\t<\/div>\n\t\t\t\t\t<\/div>\n\t\t<\/div>\n\t\t\t\t\t<\/div>\n\t\t<\/section>\n\t\t\t\t<\/div>","protected":false},"excerpt":{"rendered":"<p>Mythologie Choco Wiki Le Ja\u00efbanisme est la religion des Emberas. Ja\u00efbanisme Les Ember\u00e1s consid\u00e8rent Dachizeze (Tatzitzetze, aussi connu comme Ankore), &hellip; <\/p>","protected":false},"author":1,"featured_media":0,"parent":3233,"menu_order":0,"comment_status":"closed","ping_status":"closed","template":"","meta":{"footnotes":""},"class_list":["post-3266","page","type-page","status-publish","hentry"],"amp_enabled":true,"_links":{"self":[{"href":"https:\/\/mythslegendes.com\/en\/wp-json\/wp\/v2\/pages\/3266","targetHints":{"allow":["GET"]}}],"collection":[{"href":"https:\/\/mythslegendes.com\/en\/wp-json\/wp\/v2\/pages"}],"about":[{"href":"https:\/\/mythslegendes.com\/en\/wp-json\/wp\/v2\/types\/page"}],"author":[{"embeddable":true,"href":"https:\/\/mythslegendes.com\/en\/wp-json\/wp\/v2\/users\/1"}],"replies":[{"embeddable":true,"href":"https:\/\/mythslegendes.com\/en\/wp-json\/wp\/v2\/comments?post=3266"}],"version-history":[{"count":0,"href":"https:\/\/mythslegendes.com\/en\/wp-json\/wp\/v2\/pages\/3266\/revisions"}],"up":[{"embeddable":true,"href":"https:\/\/mythslegendes.com\/en\/wp-json\/wp\/v2\/pages\/3233"}],"wp:attachment":[{"href":"https:\/\/mythslegendes.com\/en\/wp-json\/wp\/v2\/media?parent=3266"}],"curies":[{"name":"wp","href":"https:\/\/api.w.org\/{rel}","templated":true}]}}