{"id":3291,"date":"2020-07-24T17:41:39","date_gmt":"2020-07-24T16:41:39","guid":{"rendered":"https:\/\/mythslegendes.com\/?page_id=3291"},"modified":"2022-12-03T22:07:15","modified_gmt":"2022-12-03T22:07:15","slug":"la-creation-des-guambianos","status":"publish","type":"page","link":"https:\/\/mythslegendes.com\/en\/barbacoan-mythology\/the-creation-of-the-guambianos\/","title":{"rendered":"The creation of the Guambianos"},"content":{"rendered":"<div data-elementor-type=\"wp-page\" data-elementor-id=\"3291\" class=\"elementor elementor-3291\">\n\t\t\t\t\t\t<section class=\"elementor-section elementor-top-section elementor-element elementor-element-0c44d22 elementor-section-boxed elementor-section-height-default elementor-section-height-default\" data-id=\"0c44d22\" data-element_type=\"section\" data-e-type=\"section\">\n\t\t\t\t\t\t<div class=\"elementor-container elementor-column-gap-default\">\n\t\t\t\t\t<div class=\"elementor-column elementor-col-50 elementor-top-column elementor-element elementor-element-629f63a\" data-id=\"629f63a\" data-element_type=\"column\" data-e-type=\"column\">\n\t\t\t<div class=\"elementor-widget-wrap elementor-element-populated\">\n\t\t\t\t\t\t<div class=\"elementor-element elementor-element-c926336 elementor-align-justify elementor-widget elementor-widget-button\" data-id=\"c926336\" data-element_type=\"widget\" data-e-type=\"widget\" data-widget_type=\"button.default\">\n\t\t\t\t<div class=\"elementor-widget-container\">\n\t\t\t\t\t\t\t\t\t<div class=\"elementor-button-wrapper\">\n\t\t\t\t\t<a class=\"elementor-button elementor-button-link elementor-size-sm\" href=\"https:\/\/mythslegendes.com\/en\/barbacoan-mythology\/\">\n\t\t\t\t\t\t<span class=\"elementor-button-content-wrapper\">\n\t\t\t\t\t\t\t\t\t<span class=\"elementor-button-text\">Barbacoan mythology<\/span>\n\t\t\t\t\t<\/span>\n\t\t\t\t\t<\/a>\n\t\t\t\t<\/div>\n\t\t\t\t\t\t\t\t<\/div>\n\t\t\t\t<\/div>\n\t\t\t\t\t<\/div>\n\t\t<\/div>\n\t\t\t\t<div class=\"elementor-column elementor-col-50 elementor-top-column elementor-element elementor-element-7833e0b\" data-id=\"7833e0b\" data-element_type=\"column\" data-e-type=\"column\">\n\t\t\t<div class=\"elementor-widget-wrap elementor-element-populated\">\n\t\t\t\t\t\t<div class=\"elementor-element elementor-element-1797123 elementor-align-justify elementor-widget elementor-widget-button\" data-id=\"1797123\" data-element_type=\"widget\" data-e-type=\"widget\" data-widget_type=\"button.default\">\n\t\t\t\t<div class=\"elementor-widget-container\">\n\t\t\t\t\t\t\t\t\t<div class=\"elementor-button-wrapper\">\n\t\t\t\t\t<a class=\"elementor-button elementor-button-link elementor-size-sm\" href=\"http:\/\/cocomagnanville.over-blog.com\/article-colombie-les-guambianos-114858746.html\" target=\"_blank\" rel=\"noopener\">\n\t\t\t\t\t\t<span class=\"elementor-button-content-wrapper\">\n\t\t\t\t\t\t\t\t\t<span class=\"elementor-button-text\">Wiki<\/span>\n\t\t\t\t\t<\/span>\n\t\t\t\t\t<\/a>\n\t\t\t\t<\/div>\n\t\t\t\t\t\t\t\t<\/div>\n\t\t\t\t<\/div>\n\t\t\t\t\t<\/div>\n\t\t<\/div>\n\t\t\t\t\t<\/div>\n\t\t<\/section>\n\t\t\t\t<section class=\"elementor-section elementor-top-section elementor-element elementor-element-6816191 elementor-section-boxed elementor-section-height-default elementor-section-height-default\" data-id=\"6816191\" data-element_type=\"section\" data-e-type=\"section\">\n\t\t\t\t\t\t<div class=\"elementor-container elementor-column-gap-default\">\n\t\t\t\t\t<div class=\"elementor-column elementor-col-100 elementor-top-column elementor-element elementor-element-a139fb0\" data-id=\"a139fb0\" data-element_type=\"column\" data-e-type=\"column\">\n\t\t\t<div class=\"elementor-widget-wrap elementor-element-populated\">\n\t\t\t\t\t\t<div class=\"elementor-element elementor-element-e7510fb elementor-widget elementor-widget-text-editor\" data-id=\"e7510fb\" data-element_type=\"widget\" data-e-type=\"widget\" data-widget_type=\"text-editor.default\">\n\t\t\t\t<div class=\"elementor-widget-container\">\n\t\t\t\t\t\t\t\t\t<p>the <a href=\"https:\/\/mythslegendes.com\/en\/\">myth<\/a> of the creation of the Guambianos that follows is taken from the first part of a story published on the site of the Colombian anthropologist Luis Guillermo Vasco. The creation of the Guambianos is as follows:<\/p>\n<p><img decoding=\"async\" class=\"alignnone wp-image-5284 size-full\" src=\"https:\/\/mythslegendes.com\/wp-content\/uploads\/2020\/09\/AlphaOmega-e1602613368367.png\" alt=\"The creation myth of the Guambianos\" width=\"25\" height=\"26\" title=\"\"><\/p>\t\t\t\t\t\t\t\t<\/div>\n\t\t\t\t<\/div>\n\t\t\t\t\t<\/div>\n\t\t<\/div>\n\t\t\t\t\t<\/div>\n\t\t<\/section>\n\t\t\t\t<section class=\"elementor-section elementor-top-section elementor-element elementor-element-6ab2498 elementor-section-boxed elementor-section-height-default elementor-section-height-default\" data-id=\"6ab2498\" data-element_type=\"section\" data-e-type=\"section\">\n\t\t\t\t\t\t<div class=\"elementor-container elementor-column-gap-default\">\n\t\t\t\t\t<div class=\"elementor-column elementor-col-100 elementor-top-column elementor-element elementor-element-633f0c8\" data-id=\"633f0c8\" data-element_type=\"column\" data-e-type=\"column\">\n\t\t\t<div class=\"elementor-widget-wrap elementor-element-populated\">\n\t\t\t\t\t\t<div class=\"elementor-element elementor-element-3c29f27 elementor-widget elementor-widget-heading\" data-id=\"3c29f27\" data-element_type=\"widget\" data-e-type=\"widget\" data-widget_type=\"heading.default\">\n\t\t\t\t<div class=\"elementor-widget-container\">\n\t\t\t\t\t<div id=\"ez-toc-container\" class=\"ez-toc-v2_0_82_2 counter-hierarchy ez-toc-counter ez-toc-grey ez-toc-container-direction\">\n<div class=\"ez-toc-title-container\">\n<p class=\"ez-toc-title\" style=\"cursor:inherit\">Contents<\/p>\n<span class=\"ez-toc-title-toggle\"><a href=\"#\" class=\"ez-toc-pull-right ez-toc-btn ez-toc-btn-xs ez-toc-btn-default ez-toc-toggle\" aria-label=\"Toggle Table of Content\"><span class=\"ez-toc-js-icon-con\"><span class=\"\"><span class=\"eztoc-hide\" style=\"display:none;\">Toggle<\/span><span class=\"ez-toc-icon-toggle-span\"><svg style=\"fill: #999;color:#999\" xmlns=\"http:\/\/www.w3.org\/2000\/svg\" class=\"list-377408\" width=\"20px\" height=\"20px\" viewbox=\"0 0 24 24\" fill=\"none\"><path d=\"M6 6H4v2h2V6zm14 0H8v2h12V6zM4 11h2v2H4v-2zm16 0H8v2h12v-2zM4 16h2v2H4v-2zm16 0H8v2h12v-2z\" fill=\"currentColor\"><\/path><\/svg><svg style=\"fill: #999;color:#999\" class=\"arrow-unsorted-368013\" xmlns=\"http:\/\/www.w3.org\/2000\/svg\" width=\"10px\" height=\"10px\" viewbox=\"0 0 24 24\" version=\"1.2\" baseprofile=\"tiny\"><path d=\"M18.2 9.3l-6.2-6.3-6.2 6.3c-.2.2-.3.4-.3.7s.1.5.3.7c.2.2.4.3.7.3h11c.3 0 .5-.1.7-.3.2-.2.3-.5.3-.7s-.1-.5-.3-.7zM5.8 14.7l6.2 6.3 6.2-6.3c.2-.2.3-.5.3-.7s-.1-.5-.3-.7c-.2-.2-.4-.3-.7-.3h-11c-.3 0-.5.1-.7.3-.2.2-.3.5-.3.7s.1.5.3.7z\"\/><\/svg><\/span><\/span><\/span><\/a><\/span><\/div>\n<nav><ul class='ez-toc-list ez-toc-list-level-1' ><li class='ez-toc-page-1 ez-toc-heading-level-2'><a class=\"ez-toc-link ez-toc-heading-1\" href=\"https:\/\/mythslegendes.com\/en\/barbacoan-mythology\/the-creation-of-the-guambianos\/#Le-mythe-de-la-creation-des-Guambianos\" >The creation myth of the Guambianos<\/a><\/li><\/ul><\/nav><\/div>\n<h2 class=\"elementor-heading-title elementor-size-default\"><span class=\"ez-toc-section\" id=\"Le-mythe-de-la-creation-des-Guambianos\"><\/span>The creation myth of the Guambianos<span class=\"ez-toc-section-end\"><\/span><\/h2>\t\t\t\t<\/div>\n\t\t\t\t<\/div>\n\t\t\t\t\t<\/div>\n\t\t<\/div>\n\t\t\t\t\t<\/div>\n\t\t<\/section>\n\t\t\t\t<section class=\"elementor-section elementor-top-section elementor-element elementor-element-70ebb5fd elementor-section-boxed elementor-section-height-default elementor-section-height-default\" data-id=\"70ebb5fd\" data-element_type=\"section\" data-e-type=\"section\">\n\t\t\t\t\t\t<div class=\"elementor-container elementor-column-gap-default\">\n\t\t\t\t\t<div class=\"elementor-column elementor-col-100 elementor-top-column elementor-element elementor-element-1e30412e\" data-id=\"1e30412e\" data-element_type=\"column\" data-e-type=\"column\">\n\t\t\t<div class=\"elementor-widget-wrap elementor-element-populated\">\n\t\t\t\t\t\t<div class=\"elementor-element elementor-element-6045c215 elementor-widget elementor-widget-text-editor\" data-id=\"6045c215\" data-element_type=\"widget\" data-e-type=\"widget\" data-widget_type=\"text-editor.default\">\n\t\t\t\t<div class=\"elementor-widget-container\">\n\t\t\t\t\t\t\t\t\t\n<p><br \/>First was the land\u2026and then came the lagoons, the big lagoons. The largest of these was that of\u00a0<em>Nupisu, Piendamo<\/em>, in the middle of the savannah, of the moor, like a womb, like a heart; It is <em>Nupirrapu<\/em>, which is a very deep hole.<\/p>\n<p>Water is life. First land and water. Water is neither good nor bad. That&#039;s where the good stuff and the bad stuff come from. There, in the heights, it was water. It was raining intensely, with torrential rains, showers, gusts, storms. The rivers became large, with huge landslides that swept away the mountains and brought stones like houses; there were great floods and floods.<\/p>\n<p>It was bad water. At that time, these deep <em>guaicadas<\/em> (hollow between two mountains) and those rocks were not like that, as we see them today, all that was pure mountain, those rivers made them when they flowed down to form the sea. Water, that&#039;s life. It is born in the waters upstream and descends in the rivers to the sea. And it returns, but not by the rivers themselves, but by the air, by the clouds.<\/p>\n\n<p>Climbing through the guaicadas and the mountain ridges, she reaches the p\u00e1ramo, the savannahs, and the rain falls again, the water falls, the good and the bad. There she arrives, like earth and water, she is he-she (The <em>Pishimisak<\/em> is the perfect unit, the perfect pair; it contains in its being the two principles, the masculine and the feminine, which together give multiplication; but, at the same time, it is formed of two characters: the <em>pishimisa<\/em>k itself and the <em>kallim<\/em>).<\/p>\n<p>It&#039;s the <em>Pishimisak<\/em>, masculine and feminine at the same time, which has always existed, all white, all good, all fresh. From the water was born the <em>kosrompoto<\/em>, the rainbow that illuminated everything with its light; there it shone, the <em>Pishimisak<\/em> saw him light up.<\/p>\n\n<p>They bore much fruit, they gave much life. The water was in the desert. In the background the plants were drying up, the flowers were falling, the animals were dying. When the water came down everything grew and blossomed, all the grass grew and there was food here. It was good water.<\/p>\n\n<p>Before, in the savannas of the p\u00e1ramo, the\u00a0<em>Pishimisak<\/em> took all the meals, all the food. Everything belonged to him. He was already there when the landslides took place that dragged gigantic stones that formed the guaicadas. But there were other landslides. Sometimes the water was not born in the lagoons to run towards the sea, but filtered into the earth, stirred it up, loosened it and the landslides happened.<\/p>\n<p>These collapsed centuries in advance, leaving great wounds in the mountains. From them came the humans who were the root of the natives. They called the collapse<em> pirran uno<\/em>, that is to say, to give birth to water.<\/p>\n\n<p>The humans who were born there, they named them the Pishau. The Pishau came from landslides, they came from the flooding of rivers. Under the water, they came crawling and hitting the big stones, above them, the mud, the earth, then the dirty water; on the surface, the palisade, the branches, the leaves, the uprooted trees and, above all, the children, the <em>chumbados<\/em>, arrived.<\/p>\n\n<p>The previous ones are born from the water, come in the <em>shau<\/em>, remnants of vegetation trailing and growing. They have been natives of here for centuries and centuries. Where the collapse occurred, in the great wound of the earth, there remained the smell of blood; it is the blood sprinkled by nature, just as a woman sprinkles blood when giving birth to a child.<\/p>\n\n<p>The Pishau were not from other peoples, they were the same Guambianos, very wise giants who ate salt from here, our own salts, and who were not baptized. They occupied all our territory, they built all our <em>Nupirau<\/em> before the arrival of the Spaniards. Our land was large and very rich.<\/p>\n<p>There were mines of very precious minerals, such as gold which was found in Chisqu\u00edo, San Jos\u00e9 and Corrales, fine woods, fish, hill animals and many other resources that we knew how to use in our work to live well.<\/p>\n<p>This was the creation myth of the Gambianos.<\/p>\n\t\t\t\t\t\t\t\t<\/div>\n\t\t\t\t<\/div>\n\t\t\t\t\t<\/div>\n\t\t<\/div>\n\t\t\t\t\t<\/div>\n\t\t<\/section>\n\t\t\t\t<\/div>","protected":false},"excerpt":{"rendered":"<p>Mythologie Barbacoane Wiki Le mythe de la cr\u00e9ation des Guambianos qui suit est tir\u00e9 de la premi\u00e8re partie d&rsquo;une histoire &hellip; <\/p>","protected":false},"author":1,"featured_media":0,"parent":3274,"menu_order":0,"comment_status":"closed","ping_status":"closed","template":"","meta":{"footnotes":""},"class_list":["post-3291","page","type-page","status-publish","hentry"],"amp_enabled":true,"_links":{"self":[{"href":"https:\/\/mythslegendes.com\/en\/wp-json\/wp\/v2\/pages\/3291","targetHints":{"allow":["GET"]}}],"collection":[{"href":"https:\/\/mythslegendes.com\/en\/wp-json\/wp\/v2\/pages"}],"about":[{"href":"https:\/\/mythslegendes.com\/en\/wp-json\/wp\/v2\/types\/page"}],"author":[{"embeddable":true,"href":"https:\/\/mythslegendes.com\/en\/wp-json\/wp\/v2\/users\/1"}],"replies":[{"embeddable":true,"href":"https:\/\/mythslegendes.com\/en\/wp-json\/wp\/v2\/comments?post=3291"}],"version-history":[{"count":1,"href":"https:\/\/mythslegendes.com\/en\/wp-json\/wp\/v2\/pages\/3291\/revisions"}],"predecessor-version":[{"id":24901,"href":"https:\/\/mythslegendes.com\/en\/wp-json\/wp\/v2\/pages\/3291\/revisions\/24901"}],"up":[{"embeddable":true,"href":"https:\/\/mythslegendes.com\/en\/wp-json\/wp\/v2\/pages\/3274"}],"wp:attachment":[{"href":"https:\/\/mythslegendes.com\/en\/wp-json\/wp\/v2\/media?parent=3291"}],"curies":[{"name":"wp","href":"https:\/\/api.w.org\/{rel}","templated":true}]}}