{"id":341,"date":"2020-06-12T10:59:15","date_gmt":"2020-06-12T09:59:15","guid":{"rendered":"https:\/\/mythslegendes.com\/?page_id=341"},"modified":"2022-12-03T22:06:51","modified_gmt":"2022-12-03T22:06:51","slug":"glossaire-en-h-i-k-celtique","status":"publish","type":"page","link":"https:\/\/mythslegendes.com\/en\/celtic-mythology\/glossary-in-hik-celtic\/","title":{"rendered":"Glossary in HIK (Celtic)"},"content":{"rendered":"<div data-elementor-type=\"wp-page\" data-elementor-id=\"341\" class=\"elementor elementor-341\">\n\t\t\t\t\t\t<section class=\"elementor-section elementor-top-section elementor-element elementor-element-8baf61c elementor-section-boxed elementor-section-height-default elementor-section-height-default\" data-id=\"8baf61c\" data-element_type=\"section\" data-e-type=\"section\">\n\t\t\t\t\t\t<div class=\"elementor-container elementor-column-gap-default\">\n\t\t\t\t\t<div class=\"elementor-column elementor-col-50 elementor-top-column elementor-element elementor-element-441ce1c\" data-id=\"441ce1c\" data-element_type=\"column\" data-e-type=\"column\">\n\t\t\t<div class=\"elementor-widget-wrap elementor-element-populated\">\n\t\t\t\t\t\t<div class=\"elementor-element elementor-element-d305f5d elementor-align-justify elementor-widget elementor-widget-button\" data-id=\"d305f5d\" data-element_type=\"widget\" data-e-type=\"widget\" data-widget_type=\"button.default\">\n\t\t\t\t<div class=\"elementor-widget-container\">\n\t\t\t\t\t\t\t\t\t<div class=\"elementor-button-wrapper\">\n\t\t\t\t\t<a class=\"elementor-button elementor-button-link elementor-size-sm\" href=\"https:\/\/mythslegendes.com\/en\/celtic-mythology\/\">\n\t\t\t\t\t\t<span class=\"elementor-button-content-wrapper\">\n\t\t\t\t\t\t\t\t\t<span class=\"elementor-button-text\">Celtic Mythology<\/span>\n\t\t\t\t\t<\/span>\n\t\t\t\t\t<\/a>\n\t\t\t\t<\/div>\n\t\t\t\t\t\t\t\t<\/div>\n\t\t\t\t<\/div>\n\t\t\t\t\t<\/div>\n\t\t<\/div>\n\t\t\t\t<div class=\"elementor-column elementor-col-50 elementor-top-column elementor-element elementor-element-b204327\" data-id=\"b204327\" data-element_type=\"column\" data-e-type=\"column\">\n\t\t\t<div class=\"elementor-widget-wrap elementor-element-populated\">\n\t\t\t\t\t\t<div class=\"elementor-element elementor-element-305bc7d elementor-align-justify elementor-widget elementor-widget-button\" data-id=\"305bc7d\" data-element_type=\"widget\" data-e-type=\"widget\" data-widget_type=\"button.default\">\n\t\t\t\t<div class=\"elementor-widget-container\">\n\t\t\t\t\t\t\t\t\t<div class=\"elementor-button-wrapper\">\n\t\t\t\t\t<a class=\"elementor-button elementor-button-link elementor-size-sm\" href=\"https:\/\/fr.wikipedia.org\/wiki\/Mythologie_celtique\" target=\"_blank\" rel=\"noopener\">\n\t\t\t\t\t\t<span class=\"elementor-button-content-wrapper\">\n\t\t\t\t\t\t\t\t\t<span class=\"elementor-button-text\">Wiki<\/span>\n\t\t\t\t\t<\/span>\n\t\t\t\t\t<\/a>\n\t\t\t\t<\/div>\n\t\t\t\t\t\t\t\t<\/div>\n\t\t\t\t<\/div>\n\t\t\t\t\t<\/div>\n\t\t<\/div>\n\t\t\t\t\t<\/div>\n\t\t<\/section>\n\t\t\t\t<section class=\"elementor-section elementor-top-section elementor-element elementor-element-52dd2767 elementor-section-boxed elementor-section-height-default elementor-section-height-default\" data-id=\"52dd2767\" data-element_type=\"section\" data-e-type=\"section\">\n\t\t\t\t\t\t<div class=\"elementor-container elementor-column-gap-default\">\n\t\t\t\t\t<div class=\"elementor-column elementor-col-100 elementor-top-column elementor-element elementor-element-1beae0df\" data-id=\"1beae0df\" data-element_type=\"column\" data-e-type=\"column\">\n\t\t\t<div class=\"elementor-widget-wrap elementor-element-populated\">\n\t\t\t\t\t\t<div class=\"elementor-element elementor-element-2d524da1 elementor-widget elementor-widget-text-editor\" data-id=\"2d524da1\" data-element_type=\"widget\" data-e-type=\"widget\" data-widget_type=\"text-editor.default\">\n\t\t\t\t<div class=\"elementor-widget-container\">\n\t\t\t\t\t\t\t\t\t\n<p>Here is a glossary of <a href=\"https:\/\/mythslegendes.com\/en\/\">mythology<\/a> <a href=\"https:\/\/mythslegendes.com\/en\/mythes-et-legendes-celtiques-20\/\">Celtic<\/a> : <strong>Henwen, Herne, Imbolc (party), Karedwen, Korrigan, Kulhwch, Kynon<br \/><\/strong><\/p>\n<p><img decoding=\"async\" class=\"alignnone wp-image-5284 size-full\" src=\"https:\/\/mythslegendes.com\/wp-content\/uploads\/2020\/09\/AlphaOmega-e1602613368367.png\" alt=\"Celtic Glossary\" width=\"25\" height=\"26\" title=\"\"><\/p>\n<div id=\"ez-toc-container\" class=\"ez-toc-v2_0_82_2 counter-hierarchy ez-toc-counter ez-toc-grey ez-toc-container-direction\">\n<div class=\"ez-toc-title-container\">\n<p class=\"ez-toc-title\" style=\"cursor:inherit\">Contents<\/p>\n<span class=\"ez-toc-title-toggle\"><a href=\"#\" class=\"ez-toc-pull-right ez-toc-btn ez-toc-btn-xs ez-toc-btn-default ez-toc-toggle\" aria-label=\"Toggle Table of Content\"><span class=\"ez-toc-js-icon-con\"><span class=\"\"><span class=\"eztoc-hide\" style=\"display:none;\">Toggle<\/span><span class=\"ez-toc-icon-toggle-span\"><svg style=\"fill: #999;color:#999\" xmlns=\"http:\/\/www.w3.org\/2000\/svg\" class=\"list-377408\" width=\"20px\" height=\"20px\" viewbox=\"0 0 24 24\" fill=\"none\"><path d=\"M6 6H4v2h2V6zm14 0H8v2h12V6zM4 11h2v2H4v-2zm16 0H8v2h12v-2zM4 16h2v2H4v-2zm16 0H8v2h12v-2z\" fill=\"currentColor\"><\/path><\/svg><svg style=\"fill: #999;color:#999\" class=\"arrow-unsorted-368013\" xmlns=\"http:\/\/www.w3.org\/2000\/svg\" width=\"10px\" height=\"10px\" viewbox=\"0 0 24 24\" version=\"1.2\" baseprofile=\"tiny\"><path d=\"M18.2 9.3l-6.2-6.3-6.2 6.3c-.2.2-.3.4-.3.7s.1.5.3.7c.2.2.4.3.7.3h11c.3 0 .5-.1.7-.3.2-.2.3-.5.3-.7s-.1-.5-.3-.7zM5.8 14.7l6.2 6.3 6.2-6.3c.2-.2.3-.5.3-.7s-.1-.5-.3-.7c-.2-.2-.4-.3-.7-.3h-11c-.3 0-.5.1-.7.3-.2.2-.3.5-.3.7s.1.5.3.7z\"\/><\/svg><\/span><\/span><\/span><\/a><\/span><\/div>\n<nav><ul class='ez-toc-list ez-toc-list-level-1' ><li class='ez-toc-page-1 ez-toc-heading-level-2'><a class=\"ez-toc-link ez-toc-heading-1\" href=\"https:\/\/mythslegendes.com\/en\/celtic-mythology\/glossary-in-hik-celtic\/#Glossaire-Celtique\" >Celtic Glossary<\/a><\/li><\/ul><\/nav><\/div>\n<h2><span class=\"ez-toc-section\" id=\"Glossaire-Celtique\"><\/span>Celtic Glossary<span class=\"ez-toc-section-end\"><\/span><\/h2>\n<p>Henwen is the name of a fabulous sow, which King Arthur regularly chases. In the Welsh tradition of Celtic mythology, it is also named Twrch Trwyth.<\/p>\n<hr class=\"wp-block-separator\" \/>\n<p class=\"has-text-align-justify\">The Herne is a kind of giant that belongs to English folklore, armed with a club and who lives by hunting. Etymologically, it is a &quot;derivative&quot; of Cernunnos, the deer-god.<\/p>\n<hr class=\"wp-block-separator\" \/>\n<p class=\"has-text-align-justify\">The Imbas forosnai, in Irish Celtic mythology, is a magical incantation reserved for the filid (druids) highest in the druidic hierarchy, the Ollamh. This ritual is described in several mythical texts, including Cormac&#039;s Glossary and The Raid of the Cows of Cooley (T\u00e1in B\u00f3 C\u00faailnge).<\/p>\n\n<p class=\"has-text-align-justify\">According to Christian-J. Guyonvarc&#039;h, the expression means &quot;great science that illuminates&quot;. The file chews a piece of red meat which he then places on a stone as an offering to the gods, then he makes an incantation. The next day, he must redo two incantations, he places the palms of his hands on his cheeks and remains so until he falls asleep.<\/p>\n\n<p class=\"has-text-align-justify\">In the case of The Raid of the Cows of Cooley, the operation is only described in the Lebor na hUidre version and takes the form of a prophecy. Medb, Queen of Connaught, is preparing to invade Ulster when she meets a woman who says her name is Fedelm and is from<a href=\"https:\/\/mythslegendes.com\/en\/scottish-mythology-2\/\">Scotland<\/a>, where she learned the &quot;science of the filid&quot;. The queen, having made sure that the woman knows the science of illuminations, questions her about the outcome of her military adventure. Three times, Fedelm predicted defeat for him, but Medb refused to believe the prophecy.<\/p>\n\n<p>The practice of Imbas forosnai would have been prohibited by Saint Patrick himself.<\/p>\n<hr class=\"wp-block-separator\" \/>\n<p class=\"has-text-align-justify\">The Irish feast of Imbolc (February 1 - the month of anagantios according to the Coligny calendar), in Celtic mythology, is the one on which medieval sources are weakest. The meaning of the name is &quot;lustration&quot;, so it is a purification that takes place at the end of winter, at the equinox. It could be based on a cult linked to fertility.<\/p>\n\n<p class=\"has-text-align-justify\">In <a href=\"https:\/\/mythslegendes.com\/en\/irish-mythology\/\">Ireland<\/a> the celebration of Saint Bridget on this date leads one to believe that Imbolc took place under the patronage of the pre-Christian goddess Brigit.<\/p>\n<hr class=\"wp-block-separator\" \/>\n<p class=\"has-text-align-justify\">An Immram (plural Immrama) is a genre of tales from Irish Celtic mythology which narrate the sojourn of a hero (or important personage) in the Underworld of <a href=\"https:\/\/mythslegendes.com\/en\/mythes-et-legendes-celtiques-20\/\">Celts<\/a>, sometimes called T\u00edr na n\u00d3g (the &quot;Land of the Young&quot;) and Mag Mell (the &quot;Plain of Pleasure&quot;). Written in the context of monasticism <a href=\"https:\/\/mythslegendes.com\/en\/irish-mythology\/\">Irish<\/a>, they present a Christianized version of these myths, while retaining a Celtic substrate. The usual translation of this Gaelic word is &quot;voyage&quot; or &quot;navigation&quot;.<\/p>\n\n<p class=\"has-text-align-justify\">The medieval annals mention seven of these immrama, three of which have come down to us: the Voyage of Mael D\u00fain, the Voyage of U\u00ed Chorra and the Voyage of Snedgus and Mac Riagla. Bran&#039;s Journey (Immram Brain maic Febail) is considered to belong to the Echtra genre while containing specific Immrama elements. The plot is formed by the exploits of the heroes in their search for the Other World, generally located in the islands west of Ireland. The purpose of travel is the lure of adventure or the fulfillment of one&#039;s destiny. The return to Ireland is random.<\/p>\n\n<p class=\"has-text-align-justify\">This theme of the fantastic journey is found in another type of myth, that of the hero \u201ccalled\u201d by a bansidh to sojourn in the perfect world of the sidh. These deities, whose magic is more powerful than that of the druids in matters of love, attract brave men to this perfect and timeless world, they believe they are staying for a few hours but remain there for an eternity, making it impossible to return to the terrestrial world.<\/p>\n<hr class=\"wp-block-separator\" \/>\n<p class=\"has-text-align-justify\">The word korrigan (from <a href=\"https:\/\/mythslegendes.com\/en\/breton-mythology\/\">Breton<\/a> korr, dwarf, followed by the diminutive ig and the suffix an, Breton plural: Korriganed ) means \u201clittle dwarf\u201d with a very common hypocoristic suffix in personal names. In the feminine, we sometimes find a feminized form in the French way \u201ckorrigane\u201d, which can designate an evil fairy. The prefixes corr (Welsh literature) and cor (old <a href=\"https:\/\/mythslegendes.com\/en\/cornish-mythology\/\">cornish<\/a>) both denote a dwarf.<\/p>\n\n<p class=\"has-text-align-justify\">The korrigans, sometimes also called poulpiquets, are spirits taking on the appearance of dwarves in the Celtic tradition and in particular Breton. Benevolent or malicious depending on the case, their appearance is varied. For example, they are endowed with magnificent hair and luminous red eyes, with which they can bewitch mortals. They haunt springs and fountains. A <a href=\"https:\/\/mythslegendes.com\/en\/\">legend<\/a> Breton, reported by Yann Brekilien, describes them as being small, black and hairy and wearing flat hats with velvet ribbons, while the girls were wearing purple caps. In the Middle Ages, the witches&#039; rings that were sometimes found on meadows or in the undergrowth were attributed to them with terror. It is said that they form a circle there to dance at dusk. To the mortal who disturbs them, they sometimes propose challenges which, if they are successful, give the right to a wish (which is generally the case for good men) but which can, in the event of failure, turn into death traps leading straight to hell or an underground prison with no hope of deliverance. On the night of October 31, they are said to be operating near the dolmens, ready to drag their victims into the underworld to avenge the dead for the misdeeds of the living. This tradition links them to the no less Celtic Halloween, originally the festival of Samhain; Celtic New Year, which over the centuries and religions has become the celebration we know today.<\/p>\n\n<p class=\"has-text-align-justify\">Sometimes they also symbolize the resistance of the <a href=\"https:\/\/mythslegendes.com\/en\/breton-mythology\/\">Brittany<\/a> to Christianization and they are then given nocturnal pranks in the vicinity of churches, taking priests especially as targets.<\/p>\n<hr class=\"wp-block-separator\" \/>\n<p class=\"has-text-align-justify\">Kulhwch, in Welsh Celtic mythology is the son of Kilydd and Goleuddydd, he is also a cousin of King Arthur. He is the main character of the tale Kulhwch and Olwen.<\/p>\n\n<p class=\"has-text-align-justify\">Having refused to marry his own daughter, his father&#039;s second wife utters a curse that he can only marry Olwen, the daughter of the leader of the giants Yspaddaden. However, the latter is himself the victim of a spell that requires him to die, at the wedding of his daughter. Kulhwch goes to the giant to ask for his daughter&#039;s hand, but the reception is violent. He is received, with the people of his retinue, by throwing stones and poisoned spears. These three spears are sent back to him, the first wounds his knee, the second pierces his chest and the third penetrates his eye to come out through the back of his neck. Finally, he imposes on Kulhwch a series of extremely difficult tests to carry out, at the end of which he will be able to marry Olwen.<\/p>\n\n<p>After promising the leader of the giants that he will not harm him, Kulhwch must:<\/p>\n\n<p class=\"has-text-align-justify\">* Clear, plow, fertilize, sow land so that the wheat can be harvested the next day.<br \/>* Convince Amaethon to come and plow the land, because only he can do it.<br \/>* Convince Gofannon to come and clean the iron.<br \/>* Get Gwlwlyd Wineu to lend him his two oxen to plow the ground.<br \/>* Grow flax in a sterile field to make the wedding veil.<br \/>* Find a rare honey to make the mead for the wedding meal.<br \/>* Bring back Llwyr&#039;s vat to make mead.<br \/>* Bring back Gwyddneu Garabhir&#039;s dish for the whole world to eat.<br \/>* Bring back the Gwlgawt Gododdin horn to serve the drink.<br \/>* Ask Teirtu for his magic harp, the one that makes music on its own.<br \/>* Catch Rhiannon&#039;s birds.<br \/>* Go get Diwrnach the Irishman&#039;s cauldron, to cook the food for the wedding meal.<br \/>* Tear the tusk off the living boar Yskithrwynn, so that Yspaddaden can shave his beard; the defense must be guarded by Caw of Prydein who, in principle, never leaves his kingdom.<br \/>* Bring back blood from the witch Gorwen to soften the hairs of the beard; the blood must imperatively be preserved in magic bowls, belonging to Gwiddolwyn Gorwen.<br \/>* Bring back the bowls of Rhinnon, which keep the milk fresh.<br \/>* Bring back the scissors and the comb which are between the ears of the boar Twrch Trwyth, to comb the hair of Yspaddaden. To hunt this fantastic boar, you need the dog Drudwyn, the leash of Cors, the collar of Canhastyr, the chain of Kilydd Canhastyr. The dog can only be led by Mabon, whose whereabouts you never know.<br \/>* Bring together eminent hunters including King Arthur.<\/p>\n\t\t\t\t\t\t\t\t<\/div>\n\t\t\t\t<\/div>\n\t\t\t\t\t<\/div>\n\t\t<\/div>\n\t\t\t\t\t<\/div>\n\t\t<\/section>\n\t\t\t\t<\/div>","protected":false},"excerpt":{"rendered":"<p>Celtic Mythology Wiki Here is a glossary of Celtic mythology: Henwen, Herne, Imbolc (feast), Karedwen, Korrigan, Kulhwch, Kynon Glossary \u2026 <\/p>","protected":false},"author":1,"featured_media":0,"parent":295,"menu_order":0,"comment_status":"closed","ping_status":"closed","template":"","meta":{"footnotes":""},"class_list":["post-341","page","type-page","status-publish","hentry"],"amp_enabled":true,"_links":{"self":[{"href":"https:\/\/mythslegendes.com\/en\/wp-json\/wp\/v2\/pages\/341","targetHints":{"allow":["GET"]}}],"collection":[{"href":"https:\/\/mythslegendes.com\/en\/wp-json\/wp\/v2\/pages"}],"about":[{"href":"https:\/\/mythslegendes.com\/en\/wp-json\/wp\/v2\/types\/page"}],"author":[{"embeddable":true,"href":"https:\/\/mythslegendes.com\/en\/wp-json\/wp\/v2\/users\/1"}],"replies":[{"embeddable":true,"href":"https:\/\/mythslegendes.com\/en\/wp-json\/wp\/v2\/comments?post=341"}],"version-history":[{"count":1,"href":"https:\/\/mythslegendes.com\/en\/wp-json\/wp\/v2\/pages\/341\/revisions"}],"predecessor-version":[{"id":24499,"href":"https:\/\/mythslegendes.com\/en\/wp-json\/wp\/v2\/pages\/341\/revisions\/24499"}],"up":[{"embeddable":true,"href":"https:\/\/mythslegendes.com\/en\/wp-json\/wp\/v2\/pages\/295"}],"wp:attachment":[{"href":"https:\/\/mythslegendes.com\/en\/wp-json\/wp\/v2\/media?parent=341"}],"curies":[{"name":"wp","href":"https:\/\/api.w.org\/{rel}","templated":true}]}}