{"id":345,"date":"2020-06-12T11:05:10","date_gmt":"2020-06-12T10:05:10","guid":{"rendered":"https:\/\/mythslegendes.com\/?page_id=345"},"modified":"2022-12-03T22:06:51","modified_gmt":"2022-12-03T22:06:51","slug":"glossaire-en-l-celtique","status":"publish","type":"page","link":"https:\/\/mythslegendes.com\/en\/celtic-mythology\/celtic-l-glossary\/","title":{"rendered":"Glossary in L (Celtic)"},"content":{"rendered":"<div data-elementor-type=\"wp-page\" data-elementor-id=\"345\" class=\"elementor elementor-345\">\n\t\t\t\t\t\t<section class=\"elementor-section elementor-top-section elementor-element elementor-element-8438dc0 elementor-section-boxed elementor-section-height-default elementor-section-height-default\" data-id=\"8438dc0\" data-element_type=\"section\" data-e-type=\"section\">\n\t\t\t\t\t\t<div class=\"elementor-container elementor-column-gap-default\">\n\t\t\t\t\t<div class=\"elementor-column elementor-col-50 elementor-top-column elementor-element elementor-element-05ca8ad\" data-id=\"05ca8ad\" data-element_type=\"column\" data-e-type=\"column\">\n\t\t\t<div class=\"elementor-widget-wrap elementor-element-populated\">\n\t\t\t\t\t\t<div class=\"elementor-element elementor-element-791cc3e elementor-align-justify elementor-widget elementor-widget-button\" data-id=\"791cc3e\" data-element_type=\"widget\" data-e-type=\"widget\" data-widget_type=\"button.default\">\n\t\t\t\t<div class=\"elementor-widget-container\">\n\t\t\t\t\t\t\t\t\t<div class=\"elementor-button-wrapper\">\n\t\t\t\t\t<a class=\"elementor-button elementor-button-link elementor-size-sm\" href=\"https:\/\/mythslegendes.com\/en\/celtic-mythology\/\">\n\t\t\t\t\t\t<span class=\"elementor-button-content-wrapper\">\n\t\t\t\t\t\t\t\t\t<span class=\"elementor-button-text\">Celtic Mythology<\/span>\n\t\t\t\t\t<\/span>\n\t\t\t\t\t<\/a>\n\t\t\t\t<\/div>\n\t\t\t\t\t\t\t\t<\/div>\n\t\t\t\t<\/div>\n\t\t\t\t\t<\/div>\n\t\t<\/div>\n\t\t\t\t<div class=\"elementor-column elementor-col-50 elementor-top-column elementor-element elementor-element-83d347f\" data-id=\"83d347f\" data-element_type=\"column\" data-e-type=\"column\">\n\t\t\t<div class=\"elementor-widget-wrap elementor-element-populated\">\n\t\t\t\t\t\t<div class=\"elementor-element elementor-element-fb4987c elementor-align-justify elementor-widget elementor-widget-button\" data-id=\"fb4987c\" data-element_type=\"widget\" data-e-type=\"widget\" data-widget_type=\"button.default\">\n\t\t\t\t<div class=\"elementor-widget-container\">\n\t\t\t\t\t\t\t\t\t<div class=\"elementor-button-wrapper\">\n\t\t\t\t\t<a class=\"elementor-button elementor-button-link elementor-size-sm\" href=\"https:\/\/fr.wikipedia.org\/wiki\/Mythologie_celtique\" target=\"_blank\" rel=\"noopener\">\n\t\t\t\t\t\t<span class=\"elementor-button-content-wrapper\">\n\t\t\t\t\t\t\t\t\t<span class=\"elementor-button-text\">Wiki<\/span>\n\t\t\t\t\t<\/span>\n\t\t\t\t\t<\/a>\n\t\t\t\t<\/div>\n\t\t\t\t\t\t\t\t<\/div>\n\t\t\t\t<\/div>\n\t\t\t\t\t<\/div>\n\t\t<\/div>\n\t\t\t\t\t<\/div>\n\t\t<\/section>\n\t\t\t\t<section class=\"elementor-section elementor-top-section elementor-element elementor-element-47789ac0 elementor-section-boxed elementor-section-height-default elementor-section-height-default\" data-id=\"47789ac0\" data-element_type=\"section\" data-e-type=\"section\">\n\t\t\t\t\t\t<div class=\"elementor-container elementor-column-gap-default\">\n\t\t\t\t\t<div class=\"elementor-column elementor-col-100 elementor-top-column elementor-element elementor-element-75f89bc5\" data-id=\"75f89bc5\" data-element_type=\"column\" data-e-type=\"column\">\n\t\t\t<div class=\"elementor-widget-wrap elementor-element-populated\">\n\t\t\t\t\t\t<div class=\"elementor-element elementor-element-1847704b elementor-widget elementor-widget-text-editor\" data-id=\"1847704b\" data-element_type=\"widget\" data-e-type=\"widget\" data-widget_type=\"text-editor.default\">\n\t\t\t\t<div class=\"elementor-widget-container\">\n\t\t\t\t\t\t\t\t\t\n<p>Here is a glossary of <a href=\"https:\/\/mythslegendes.com\/en\/\">mythology<\/a> <a href=\"https:\/\/mythslegendes.com\/en\/mythes-et-legendes-celtiques-20\/\">Celtic<\/a> : <strong>Labraid, Laegaire, Lebor Gab\u00e1la \u00c9renn (<a href=\"https:\/\/mythslegendes.com\/en\/book-libraries\/\">Book<\/a> of the Conquests of Ireland), Leborcham, Lebanon, Lir (Llyr), Llew Llaw Gyffes (Llew), Llud, Llwyt, Loch, Luaine, Luchta, Lug (Lugh, Lugos), Lugaid Reo nDerg, Lugnasad (feast)<\/strong><\/p>\n<p><img decoding=\"async\" class=\"alignnone wp-image-5284 size-full\" src=\"https:\/\/mythslegendes.com\/wp-content\/uploads\/2020\/09\/AlphaOmega-e1602613368367.png\" alt=\"Celtic Glossary\" width=\"25\" height=\"26\" title=\"\"><\/p>\n<div id=\"ez-toc-container\" class=\"ez-toc-v2_0_83 counter-hierarchy ez-toc-counter ez-toc-grey ez-toc-container-direction\">\n<div class=\"ez-toc-title-container\">\n<p class=\"ez-toc-title\" style=\"cursor:inherit\">Contents<\/p>\n<span class=\"ez-toc-title-toggle\"><a href=\"#\" class=\"ez-toc-pull-right ez-toc-btn ez-toc-btn-xs ez-toc-btn-default ez-toc-toggle\" aria-label=\"Toggle Table of Content\"><span class=\"ez-toc-js-icon-con\"><span class=\"\"><span class=\"eztoc-hide\" style=\"display:none;\">Toggle<\/span><span class=\"ez-toc-icon-toggle-span\"><svg style=\"fill: #999;color:#999\" xmlns=\"http:\/\/www.w3.org\/2000\/svg\" class=\"list-377408\" width=\"20px\" height=\"20px\" viewbox=\"0 0 24 24\" fill=\"none\"><path d=\"M6 6H4v2h2V6zm14 0H8v2h12V6zM4 11h2v2H4v-2zm16 0H8v2h12v-2zM4 16h2v2H4v-2zm16 0H8v2h12v-2z\" fill=\"currentColor\"><\/path><\/svg><svg style=\"fill: #999;color:#999\" class=\"arrow-unsorted-368013\" xmlns=\"http:\/\/www.w3.org\/2000\/svg\" width=\"10px\" height=\"10px\" viewbox=\"0 0 24 24\" version=\"1.2\" baseprofile=\"tiny\"><path d=\"M18.2 9.3l-6.2-6.3-6.2 6.3c-.2.2-.3.4-.3.7s.1.5.3.7c.2.2.4.3.7.3h11c.3 0 .5-.1.7-.3.2-.2.3-.5.3-.7s-.1-.5-.3-.7zM5.8 14.7l6.2 6.3 6.2-6.3c.2-.2.3-.5.3-.7s-.1-.5-.3-.7c-.2-.2-.4-.3-.7-.3h-11c-.3 0-.5.1-.7.3-.2.2-.3.5-.3.7s.1.5.3.7z\"\/><\/svg><\/span><\/span><\/span><\/a><\/span><\/div>\n<nav><ul class='ez-toc-list ez-toc-list-level-1' ><li class='ez-toc-page-1 ez-toc-heading-level-2'><a class=\"ez-toc-link ez-toc-heading-1\" href=\"https:\/\/mythslegendes.com\/en\/celtic-mythology\/celtic-l-glossary\/#Glossaire-Celtique\" >Celtic Glossary<\/a><\/li><\/ul><\/nav><\/div>\n<h2><span class=\"ez-toc-section\" id=\"Glossaire-Celtique\"><\/span>Celtic Glossary<span class=\"ez-toc-section-end\"><\/span><\/h2>\n<p class=\"has-text-align-justify\">L\u00e9borcham, in Irish Celtic mythology, is the servant of the king of Ulster Conchobar Mac Nessa, her name means \u201cLong Lame\u201d. Daughter of Oa (\u201cEar\u201d) and Adarc (\u201cHorn\u201d), she is so fast that in one day she can travel all over Ireland and report to her master everything that happens there.<\/p>\n\n<p class=\"has-text-align-justify\">She is also famous for her great ugliness and deformity: she is described with her knees and feet upside down, as well as her thighs and ankles. During the legendary battle of Dun Etair, she sided with the druid Aithirne Ailgesach to give victory to the Ulates (inhabitants of Ulster).<\/p>\n<hr class=\"wp-block-separator\" \/>\n<p class=\"has-text-align-justify\">Lir, in Irish Celtic mythology, is the god of the sea, which is the meaning of his name, he is a supreme god of the Tuatha D\u00e9 Danann. He is the father of Manannan Mac Lir, Bran the Blessed and Branwen.<\/p>\n\n<p class=\"has-text-align-justify\">In Welsh tradition, he is Llyr, father of Manawyddan Fab Llyr and the twins Nisien and Evnissyen, from the union with Pernaddun. He also has a daughter, Fionnuala, whose mother&#039;s name is not mentioned.<\/p>\n\n<p>This god is said to be the origin of the character King Lear by William Shakespeare.<\/p>\n\n<p class=\"has-text-align-justify\">In the Garden of Remembrance (Dublin, a garden which commemorates the victims of the struggle for Irish independence) a sculpture is entitled Children of Lir, the work of Ois\u00edn Kelly.<\/p>\n<hr class=\"wp-block-separator\" \/>\n<p class=\"has-text-align-justify\">Llew Llaw Gyffes, in Welsh Celtic mythology, is a character who appears in the Fourth Branch of the <a href=\"https:\/\/mythslegendes.com\/en\/breton-mythology\/\">Mabinogi<\/a> : Math son of Mathonwy. The meaning of his nickname \u201cquick-handed\u201d is similar to that of \u201clamfada\u201d (\u201clong-armed\u201d) which is sometimes given to Lug in <a href=\"https:\/\/mythslegendes.com\/en\/irish-mythology\/\">Ireland<\/a> and of which it is an equivalent, without being the exact replica.<\/p>\n\n<p class=\"has-text-align-justify\">His birth, as well as that of his twin Dylan Eil Ton, results from a magical practice, when King Math wants to test Arianrhod&#039;s virginity. To take revenge for the outrage, his mother pronounces three geisa on the child: she deprives him of his name, she forbids him from carrying weapons and from having a human wife, which prevents him, in fact, from be a man. However, as the child grew up, his mother noted his address and nicknamed him, which had the effect of lifting the first geis. Then, his uncle and guardian Gwydyon forced him to take up arms by simulating an attack on his residence. For the third prohibition, King Math, who is also a magician, and his nephew Gwydyon make him a woman with flowers and plants (broom, primrose, meadowsweet, hawthorn, etc.); thanks to their magic, their \u201ccreature\u201d is more beautiful than the most beautiful woman, she is named Blodeuwedd which means \u201cface of flowers\u201d. The union is celebrated and Llew is given a cantref (estate), but one day when Llew visits King Math at his residence at Caer Dathyl, Blodeuwedd welcomes Goronwy (sometimes called Gronw Pebyr), lord of Penllyn, who hunting in the country. She falls in love and the lovers plan to kill the bridegroom. But Llew is a god who can only be killed in certain ways: He cannot be killed inside, nor outside, while riding or walking. In fact, he can only be murdered in one position: when he takes his bath with one foot on a goat and the other on a cauldron, by a specially forged spear, for a year and a day. These conditions being met, the god is slaughtered and transformed into an eagle; in retaliation, Gwydyon transforms Blodeuwedd into an owl, revives Llew and restores him to human form, which allows him to take revenge and kill the lover.<\/p>\n\n<p class=\"has-text-align-justify\">In altered form, he is the Welsh representation of the pan-Celtic primordial god Lug.<\/p>\n<hr class=\"wp-block-separator\" \/>\n<p class=\"has-text-align-justify\">A loch is a term of Gaelic origin used to designate bodies of water such as a lake, a fjord, an estuary, a bay or even a cove. This term is only found in the British Isles and more particularly in regions with Celtic culture such as<a href=\"https:\/\/mythslegendes.com\/en\/scottish-mythology-2\/\">Scotland<\/a> and Ireland. In the North of England and Northern Ireland, the term generally used is lough. A small loch is also called lochan (in Scotland) or loch\u00e1n (in Ireland).<\/p>\n\n<p class=\"has-text-align-justify\">Lochs can take all shapes but are generally elongated because the waters occupy depressions formed by the passage of glaciers during the last glaciation.<\/p>\n\n<p class=\"has-text-align-justify\">The most famous loch is Loch Ness, but there are hundreds of them. In Scotland, there is only one place with the word lake: Lake Menteith coming from an anglicization of the<a href=\"https:\/\/mythslegendes.com\/en\/scottish-mythology-2\/\">Scottish<\/a> Laich o Menteith.<\/p>\n<hr class=\"wp-block-separator\" \/>\n<p class=\"has-text-align-justify\">Luaine, in Irish Celtic mythology, appears in the story \u201cTochmarc Luaine\u201d (Courtesy of Luaine), she is the daughter of Domanchenn. While she must unite with the king of Ulster Conchobar Mac Nessa, she is pursued by the druid Aithirne Ailgesach (the Demanding) and his two sons Cuingedach (the Envious) and Apartach (the Sarcastic). This misguided druid has a habit of demanding impossible demands, under penalty of suffering a glam dicinn, that is to say a deadly satire. Luaine dies of shame under this curse. Revolted by this infamous practice unworthy of a druid, the Ulates (inhabitants of Ulster), led by Conchobar, massacre Aithirne and his sons.<\/p>\n<hr class=\"wp-block-separator\" \/>\n<p class=\"has-text-align-justify\">Luchta is the carpenter god of the Tuatha D\u00e9 Danann, he belongs to the artisan class and therefore falls under the third production function (see Indo-European tripartite functions by Georges Dum\u00e9zil). In the story of the Cath Maighe Tuireadh which narrates the war between the gods and the Fomoires, he is responsible for working the wood of the spears; his brothers are Goibniu and Credne, sons of Brigid and Tuireann.<\/p>\n<hr class=\"wp-block-separator\" \/>\n<p class=\"has-text-align-justify\">Lug is the supreme god of Celtic mythology, not only because he is at the top of the hierarchy but also because he is pan-Celtic: he is one of the rare deities to be found, according to our knowledge, among all peoples <a href=\"https:\/\/mythslegendes.com\/en\/mythes-et-legendes-celtiques-20\/\">celts<\/a>.<\/p>\n\n<p class=\"has-text-align-justify\">The importance of Lugos in <a href=\"https:\/\/mythslegendes.com\/en\/gallic-mythology\/\">Gaul<\/a> is notably attested by a certain number of toponyms, the best known of which is Lugdunum (\u201cdunon\u201d in <a href=\"https:\/\/mythslegendes.com\/en\/gallic-mythology\/\">Gallic<\/a>, which means fortress and hill \u2013 see article dun), the city of Lyon and also that of Laon.<\/p>\n\n<p class=\"has-text-align-justify\">Its equivalent to <a href=\"https:\/\/mythslegendes.com\/en\/welsh-mythology\/\">Wales<\/a> is called Llew Llaw Gyffes (\u201cdexterous hand\u201d), he appears in literature in the stories of the \u201cMabinogion\u201d.<\/p>\n\n<p class=\"has-text-align-justify\">It is most often mentioned in Irish sources, particularly in the &quot;Cath Maighe Tuireadh&quot; (the &quot;Battle of Mag Tured&quot;). Nowadays, Lug is present in the festival of August 1: Lugnasad (L\u00fbnasa in modern writing).<\/p>\n\n<p class=\"has-text-align-justify\">According to Irish sources, divine society is structured in the same way as human society, and the organization of the Tuatha D\u00e9 Danann (the People of the Tribe of Dana) is hierarchical into three functional classes:<\/p>\n\n<p class=\"has-text-align-justify\">* the priestly function whose role covers the Sacred, embodied by Dagda the druid god<br \/>* the warrior function which is responsible in particular for sovereignty, represented by Ogme the warrior god and Nuada the god-king<br \/>* the artisanal function which must produce for the whole of the community, represented by Goibniu, Credne and Luchta<\/p>\n\n<p>\u2013 out of class:<\/p>\n\n<p>* Lug Samildanach (primordial god)<\/p>\n\n<p>\u2013 priestly function:<\/p>\n\n<p>* Dagda (druid god)<\/p>\n\n<p>\u2013 warrior function:<\/p>\n\n<p>* Ogme (god of war magic and knowledge)<br \/>* Nuada (royalty)<\/p>\n\n<p>\u2013 craft function:<\/p>\n\n<p>* Goibniu (blacksmith god)<br \/>* Credne (bronzier god)<br \/>* Luchta (carpenter god)<\/p>\n\n<p>\u2013 participate in the three functions:<\/p>\n\n<p>* Diancecht (doctor-god)<br \/>* Oengus or Mac Oc (youth)<\/p>\n\n<p>\u2013 unique female divinity:<\/p>\n\n<p>* Brigit (goddess of poets, blacksmiths and doctors)<\/p>\n\n<p class=\"has-text-align-justify\">This pattern corresponds to the tripartite ideology of the Indo-Europeans as studied by Georges Dum\u00e9zil. Lug does not belong to any particular class, but he is above all of them because he can assume all functions. One of his nicknames is Samildanach, the \u201cpolytechnician\u201d in the sense that he masters all the arts, all the sciences.<\/p>\n\n<p class=\"has-text-align-justify\">Lug is the son of Cian and Eithne, he is also related to the Fomoires through his maternal grandfather Balor, whom he kills with his slingshot, in accordance with a prophecy.<br \/>When he presents himself at the residence of King Nuada, on the occasion of a party, the Gatekeeper refuses him access. Lug affirms that he can be useful, he is answered in the negative; this is how he is successively a carpenter, blacksmith, cupbearer, warrior, magician. It is as a chess player that he is accepted, and plays a game with the king he beats. This part is purely symbolic since it is an intellectual contest at the end of which Lug takes power of the world.<br \/>We find him fighting with his son C\u00fachulainn, during Queen Medb&#039;s invasion of Ulster.<\/p>\n<hr class=\"wp-block-separator\" \/>\n<p class=\"has-text-align-justify\">Lugaid Mac Con Ro\u00ed, in Irish Celtic mythology, is a warrior of the Ulster Cycle, he is one of those who caused the death of the champion of the kingdom of Ulster, C\u00fachulainn. He is sometimes called Lugaid Mac Tr\u00ed Con, meaning the \u201cson of the three hunting dogs\u201d. He is the son of C\u00fa Ro\u00ed Mac D\u00e1ire, king of Munster, killed by C\u00fachulainn for the love of Blathnat.<\/p>\n\n<p class=\"has-text-align-justify\">Manipulated by Medb, the Queen of Connaught, Lugaid Mac Con Ro\u00ed is determined to avenge the death of his father. After a visit to his mother Deichtire, C\u00fachulainn, led by his coachman L\u00f3eg, arrives at a ford whose guardian is washing the hero&#039;s bloody linen, which portends his imminent death. Crossing the ford, he arrives in the plain of Muirthemn\u00e9, where his enemies await him. The battle begins and C\u00fachulainn makes a real massacre, killing many warriors. After seven hours of combat, Lugaid Mac Con Ro\u00ed projects a magic spear which misses its mark, but kills L\u00f3eg. A second spear hits the Ulster hero and a third pierces him. Retaining his entrails in his open belly, he goes to wash himself in the stream then leans against a menhir, in order to die standing. Morrigan, in the form of a raven, comes to rest on his shoulder as he dies. Lugaid Mac Con Ro\u00ed then comes to cut off his head, according to the warrior ritual, but the dead man&#039;s sword falls and cuts his hand.<\/p>\n\n<p class=\"has-text-align-justify\">Conall Cernach pursues him and begins the fight to avenge the death of C\u00fachulainn. As his enemy had one hand less, he fights with one arm tucked into his belt, he manages to kill him and decapitates him. Conall places his head on a stone, but the blood melts it and the head sinks into the rock.<\/p>\n<hr class=\"wp-block-separator\" \/>\n<p class=\"has-text-align-justify\">In the Irish tradition of Celtic mythology, Lugaid is the supreme king (Ard ri \u00c9renn) of Ireland. His full name is Lugaid Reo nDerg, which means &quot;with Red Stripes&quot;, in relation to his three biological fathers: his face resembles that of Nar, his bust is that of Bres and the rest of the body resembles Lothar; the limits of resemblances are drawn by red lines. His adoptive father is the great hero C\u00fachulainn, he is the father of Aidlinn.<\/p>\n\n<p class=\"has-text-align-justify\">Several different characters bear the name Lugaid in mythological literature.<\/p>\n<hr class=\"wp-block-separator\" \/>\n<p class=\"has-text-align-justify\">In Irish Celtic mythology, Lugnasad (in <a href=\"https:\/\/mythslegendes.com\/en\/irish-mythology\/\">Irish<\/a> modern L\u00fanasa, which is the name of the month of August) is a religious festival whose name means &quot;assembly of Lug&quot;, the god-king who represents Sovereignty and primordial Man. It takes place on August 1, symbolically during the harvest period.<\/p>\n\n<p class=\"has-text-align-justify\">It is the celebration of the king in his function as redistributor of wealth and equity, under the authority of the druids. It is a military truce that celebrates the peace, friendship, abundance and prosperity of the kingdom. It is obligatory and brings together the three classes (priestly, warrior and artisan) of Celtic society.<\/p>\n\n<p class=\"has-text-align-justify\">It is described as a trade fair, but also an opportunity to settle disputes, celebrate marriages, and hear poets and musicians. If there is no sacrifice or religious ceremony, games and races are held, similar to the Olympics. <a href=\"https:\/\/mythslegendes.com\/en\/mythes-et-legendes-grecques-1664\/\">greek<\/a>.<\/p>\n\n<p>The Gaulish equivalent is the \u201cConcilium Galliarum\u201d: the assembly of the Gauls.<\/p>\n\t\t\t\t\t\t\t\t<\/div>\n\t\t\t\t<\/div>\n\t\t\t\t\t<\/div>\n\t\t<\/div>\n\t\t\t\t\t<\/div>\n\t\t<\/section>\n\t\t\t\t<\/div>","protected":false},"excerpt":{"rendered":"<p>Mythologie Celtique Wiki Voici un glossaire de la mythologie celtique : Labraid, Laegaire, Lebor Gab\u00e1la \u00c9renn (Livre des Conqu\u00eates d\u2019Irlande), &hellip; <\/p>","protected":false},"author":1,"featured_media":0,"parent":295,"menu_order":0,"comment_status":"closed","ping_status":"closed","template":"","meta":{"footnotes":""},"class_list":["post-345","page","type-page","status-publish","hentry"],"amp_enabled":true,"_links":{"self":[{"href":"https:\/\/mythslegendes.com\/en\/wp-json\/wp\/v2\/pages\/345","targetHints":{"allow":["GET"]}}],"collection":[{"href":"https:\/\/mythslegendes.com\/en\/wp-json\/wp\/v2\/pages"}],"about":[{"href":"https:\/\/mythslegendes.com\/en\/wp-json\/wp\/v2\/types\/page"}],"author":[{"embeddable":true,"href":"https:\/\/mythslegendes.com\/en\/wp-json\/wp\/v2\/users\/1"}],"replies":[{"embeddable":true,"href":"https:\/\/mythslegendes.com\/en\/wp-json\/wp\/v2\/comments?post=345"}],"version-history":[{"count":1,"href":"https:\/\/mythslegendes.com\/en\/wp-json\/wp\/v2\/pages\/345\/revisions"}],"predecessor-version":[{"id":24500,"href":"https:\/\/mythslegendes.com\/en\/wp-json\/wp\/v2\/pages\/345\/revisions\/24500"}],"up":[{"embeddable":true,"href":"https:\/\/mythslegendes.com\/en\/wp-json\/wp\/v2\/pages\/295"}],"wp:attachment":[{"href":"https:\/\/mythslegendes.com\/en\/wp-json\/wp\/v2\/media?parent=345"}],"curies":[{"name":"wp","href":"https:\/\/api.w.org\/{rel}","templated":true}]}}