{"id":3589,"date":"2020-07-26T14:33:00","date_gmt":"2020-07-26T13:33:00","guid":{"rendered":"https:\/\/mythslegendes.com\/?page_id=3589"},"modified":"2023-03-04T22:51:50","modified_gmt":"2023-03-04T22:51:50","slug":"mythologie-illiniwek","status":"publish","type":"page","link":"https:\/\/mythslegendes.com\/en\/mythology-illiniwek\/","title":{"rendered":"Illiniwek Mythology"},"content":{"rendered":"<div data-elementor-type=\"wp-page\" data-elementor-id=\"3589\" class=\"elementor elementor-3589\">\n\t\t\t\t\t\t<section class=\"elementor-section elementor-top-section elementor-element elementor-element-6eda5c5 elementor-section-boxed elementor-section-height-default elementor-section-height-default\" data-id=\"6eda5c5\" data-element_type=\"section\" data-e-type=\"section\">\n\t\t\t\t\t\t<div class=\"elementor-container elementor-column-gap-default\">\n\t\t\t\t\t<div class=\"elementor-column elementor-col-33 elementor-top-column elementor-element elementor-element-2c88c6d\" data-id=\"2c88c6d\" data-element_type=\"column\" data-e-type=\"column\">\n\t\t\t<div class=\"elementor-widget-wrap elementor-element-populated\">\n\t\t\t\t\t\t<div class=\"elementor-element elementor-element-6e76ac1 elementor-align-justify elementor-widget elementor-widget-button\" data-id=\"6e76ac1\" data-element_type=\"widget\" data-e-type=\"widget\" data-widget_type=\"button.default\">\n\t\t\t\t<div class=\"elementor-widget-container\">\n\t\t\t\t\t\t\t\t\t<div class=\"elementor-button-wrapper\">\n\t\t\t\t\t<a class=\"elementor-button elementor-button-link elementor-size-sm\" href=\"https:\/\/mythslegendes.com\/en\/mythes-et-legendes-algiques-2118\/\">\n\t\t\t\t\t\t<span class=\"elementor-button-content-wrapper\">\n\t\t\t\t\t\t\t\t\t<span class=\"elementor-button-text\">Back to the Cultural Group<\/span>\n\t\t\t\t\t<\/span>\n\t\t\t\t\t<\/a>\n\t\t\t\t<\/div>\n\t\t\t\t\t\t\t\t<\/div>\n\t\t\t\t<\/div>\n\t\t\t\t\t<\/div>\n\t\t<\/div>\n\t\t\t\t<div class=\"elementor-column elementor-col-33 elementor-top-column elementor-element elementor-element-487a62b\" data-id=\"487a62b\" data-element_type=\"column\" data-e-type=\"column\">\n\t\t\t<div class=\"elementor-widget-wrap elementor-element-populated\">\n\t\t\t\t\t\t<div class=\"elementor-element elementor-element-60646d8 elementor-align-justify elementor-widget elementor-widget-button\" data-id=\"60646d8\" data-element_type=\"widget\" data-e-type=\"widget\" data-widget_type=\"button.default\">\n\t\t\t\t<div class=\"elementor-widget-container\">\n\t\t\t\t\t\t\t\t\t<div class=\"elementor-button-wrapper\">\n\t\t\t\t\t<a class=\"elementor-button elementor-button-link elementor-size-sm\" href=\"https:\/\/mythslegendes.com\/en\/book-libraries\/\">\n\t\t\t\t\t\t<span class=\"elementor-button-content-wrapper\">\n\t\t\t\t\t\t\t\t\t<span class=\"elementor-button-text\">Dedicated Shop<\/span>\n\t\t\t\t\t<\/span>\n\t\t\t\t\t<\/a>\n\t\t\t\t<\/div>\n\t\t\t\t\t\t\t\t<\/div>\n\t\t\t\t<\/div>\n\t\t\t\t\t<\/div>\n\t\t<\/div>\n\t\t\t\t<div class=\"elementor-column elementor-col-33 elementor-top-column elementor-element elementor-element-c446ca0\" data-id=\"c446ca0\" data-element_type=\"column\" data-e-type=\"column\">\n\t\t\t<div class=\"elementor-widget-wrap elementor-element-populated\">\n\t\t\t\t\t\t<div class=\"elementor-element elementor-element-467d40b elementor-align-justify elementor-widget elementor-widget-button\" data-id=\"467d40b\" data-element_type=\"widget\" data-e-type=\"widget\" data-widget_type=\"button.default\">\n\t\t\t\t<div class=\"elementor-widget-container\">\n\t\t\t\t\t\t\t\t\t<div class=\"elementor-button-wrapper\">\n\t\t\t\t\t<a class=\"elementor-button elementor-button-link elementor-size-sm\" href=\"https:\/\/fr.wikipedia.org\/wiki\/Illinois_(peuple)\" target=\"_blank\" rel=\"noopener\">\n\t\t\t\t\t\t<span class=\"elementor-button-content-wrapper\">\n\t\t\t\t\t\t\t\t\t<span class=\"elementor-button-text\">Wiki<\/span>\n\t\t\t\t\t<\/span>\n\t\t\t\t\t<\/a>\n\t\t\t\t<\/div>\n\t\t\t\t\t\t\t\t<\/div>\n\t\t\t\t<\/div>\n\t\t\t\t\t<\/div>\n\t\t<\/div>\n\t\t\t\t\t<\/div>\n\t\t<\/section>\n\t\t\t\t<section class=\"elementor-section elementor-top-section elementor-element elementor-element-592e1784 elementor-section-boxed elementor-section-height-default elementor-section-height-default\" data-id=\"592e1784\" data-element_type=\"section\" data-e-type=\"section\">\n\t\t\t\t\t\t<div class=\"elementor-container elementor-column-gap-default\">\n\t\t\t\t\t<div class=\"elementor-column elementor-col-100 elementor-top-column elementor-element elementor-element-213f082d\" data-id=\"213f082d\" data-element_type=\"column\" data-e-type=\"column\">\n\t\t\t<div class=\"elementor-widget-wrap elementor-element-populated\">\n\t\t\t\t\t\t<div class=\"elementor-element elementor-element-3a926902 elementor-widget elementor-widget-text-editor\" data-id=\"3a926902\" data-element_type=\"widget\" data-e-type=\"widget\" data-widget_type=\"text-editor.default\">\n\t\t\t\t<div class=\"elementor-widget-container\">\n\t\t\t\t\t\t\t\t\t\n<div id=\"ez-toc-container\" class=\"ez-toc-v2_0_82_2 counter-hierarchy ez-toc-counter ez-toc-grey ez-toc-container-direction\">\n<div class=\"ez-toc-title-container\">\n<p class=\"ez-toc-title\" style=\"cursor:inherit\">Contents<\/p>\n<span class=\"ez-toc-title-toggle\"><a href=\"#\" class=\"ez-toc-pull-right ez-toc-btn ez-toc-btn-xs ez-toc-btn-default ez-toc-toggle\" aria-label=\"Toggle Table of Content\"><span class=\"ez-toc-js-icon-con\"><span class=\"\"><span class=\"eztoc-hide\" style=\"display:none;\">Toggle<\/span><span class=\"ez-toc-icon-toggle-span\"><svg style=\"fill: #999;color:#999\" xmlns=\"http:\/\/www.w3.org\/2000\/svg\" class=\"list-377408\" width=\"20px\" height=\"20px\" viewbox=\"0 0 24 24\" fill=\"none\"><path d=\"M6 6H4v2h2V6zm14 0H8v2h12V6zM4 11h2v2H4v-2zm16 0H8v2h12v-2zM4 16h2v2H4v-2zm16 0H8v2h12v-2z\" fill=\"currentColor\"><\/path><\/svg><svg style=\"fill: #999;color:#999\" class=\"arrow-unsorted-368013\" xmlns=\"http:\/\/www.w3.org\/2000\/svg\" width=\"10px\" height=\"10px\" viewbox=\"0 0 24 24\" version=\"1.2\" baseprofile=\"tiny\"><path d=\"M18.2 9.3l-6.2-6.3-6.2 6.3c-.2.2-.3.4-.3.7s.1.5.3.7c.2.2.4.3.7.3h11c.3 0 .5-.1.7-.3.2-.2.3-.5.3-.7s-.1-.5-.3-.7zM5.8 14.7l6.2 6.3 6.2-6.3c.2-.2.3-.5.3-.7s-.1-.5-.3-.7c-.2-.2-.4-.3-.7-.3h-11c-.3 0-.5.1-.7.3-.2.2-.3.5-.3.7s.1.5.3.7z\"\/><\/svg><\/span><\/span><\/span><\/a><\/span><\/div>\n<nav><ul class='ez-toc-list ez-toc-list-level-1' ><li class='ez-toc-page-1 ez-toc-heading-level-2'><a class=\"ez-toc-link ez-toc-heading-1\" href=\"https:\/\/mythslegendes.com\/en\/mythology-illiniwek\/#Mythologie-Illiniwek\" >Illiniwek Mythology<\/a><\/li><li class='ez-toc-page-1 ez-toc-heading-level-2'><a class=\"ez-toc-link ez-toc-heading-2\" href=\"https:\/\/mythslegendes.com\/en\/mythology-illiniwek\/#Mythologie-Illiniwek-textes\" >Illiniwek Mythology (texts)<\/a><\/li><li class='ez-toc-page-1 ez-toc-heading-level-2'><a class=\"ez-toc-link ez-toc-heading-3\" href=\"https:\/\/mythslegendes.com\/en\/mythology-illiniwek\/#Livres-sur-la-mythologie-Algique\" >Books on Algic mythology<\/a><\/li><\/ul><\/nav><\/div>\n<h2><span class=\"ez-toc-section\" id=\"Mythologie-Illiniwek\"><\/span>Illiniwek Mythology<span class=\"ez-toc-section-end\"><\/span><\/h2>\n<p>The <a href=\"https:\/\/mythslegendes.com\/en\/\">mythology<\/a> Illiniwek includes the following Native American peoples: <strong>Confederacy of Illinois, Illinois, Illiniwek, askaskia, Cahokia, Peorias, Tamaroa, Moingwena, Michigamea, Albiui, Amonokoa, Chepoussa, Chinkoa, Coiracoentanon, Espeminkia, Maroa, Matchinkoa, Michibousa, Negawichi, Tapouara.<\/strong><\/p>\n<p>The <strong>Confederacy of Illinois<\/strong> or more simply, the <strong>Illinois<\/strong>, sometimes <strong>Illiniwek<\/strong>, were Native Americans living south of the Great Lakes in the upper Mississippi Valley. The confederation was made up of the tribes of Kaskaskia, Cahokia, Peorias, Tamaroa, Moingwena, Michigamea, Albiui, Amonokoa, Chepoussa, Chinkoa, Coiracoentanon, Espeminkia, Maroa, Matchinkoa, Michibousa, Negawichi and Tapouara.<\/p>\n\n<p>When French explorers first reached this region from Canada at the beginning of the 17th century<sup>e<\/sup>\u00a0century, they find it populated by Algonquian speakers. Much of what we know about them today comes from <em>Jesuit Relations<\/em>, written between 1632 and 1672. These <em>Relationships<\/em> is a collection of correspondence between missionaries from the Society of Jesus sent to Canada and their superiors in Paris.<\/p>\n<p><img decoding=\"async\" class=\"alignnone wp-image-5284 size-full\" src=\"https:\/\/mythslegendes.com\/wp-content\/uploads\/2020\/09\/AlphaOmega-e1602613368367.png\" alt=\"Illiniwek mythology\" width=\"25\" height=\"26\" title=\"\"><\/p>\n\t\t\t\t\t\t\t\t<\/div>\n\t\t\t\t<\/div>\n\t\t\t\t\t<\/div>\n\t\t<\/div>\n\t\t\t\t\t<\/div>\n\t\t<\/section>\n\t\t\t\t<section class=\"elementor-section elementor-top-section elementor-element elementor-element-3cee3aa elementor-section-boxed elementor-section-height-default elementor-section-height-default\" data-id=\"3cee3aa\" data-element_type=\"section\" data-e-type=\"section\">\n\t\t\t\t\t\t<div class=\"elementor-container elementor-column-gap-default\">\n\t\t\t\t\t<div class=\"elementor-column elementor-col-100 elementor-top-column elementor-element elementor-element-4da54b5\" data-id=\"4da54b5\" data-element_type=\"column\" data-e-type=\"column\">\n\t\t\t<div class=\"elementor-widget-wrap elementor-element-populated\">\n\t\t\t\t\t\t<div class=\"elementor-element elementor-element-a08e061 elementor-widget elementor-widget-heading\" data-id=\"a08e061\" data-element_type=\"widget\" data-e-type=\"widget\" data-widget_type=\"heading.default\">\n\t\t\t\t<div class=\"elementor-widget-container\">\n\t\t\t\t\t<h2 class=\"elementor-heading-title elementor-size-default\"><span class=\"ez-toc-section\" id=\"Mythologie-Illiniwek-textes\"><\/span>Illiniwek Mythology (texts)<span class=\"ez-toc-section-end\"><\/span><\/h2>\t\t\t\t<\/div>\n\t\t\t\t<\/div>\n\t\t\t\t\t<\/div>\n\t\t<\/div>\n\t\t\t\t\t<\/div>\n\t\t<\/section>\n\t\t\t\t<section class=\"elementor-section elementor-top-section elementor-element elementor-element-6d02c1f elementor-section-boxed elementor-section-height-default elementor-section-height-default\" data-id=\"6d02c1f\" data-element_type=\"section\" data-e-type=\"section\">\n\t\t\t\t\t\t<div class=\"elementor-container elementor-column-gap-default\">\n\t\t\t\t\t<div class=\"elementor-column elementor-col-100 elementor-top-column elementor-element elementor-element-dce35e0\" data-id=\"dce35e0\" data-element_type=\"column\" data-e-type=\"column\">\n\t\t\t<div class=\"elementor-widget-wrap elementor-element-populated\">\n\t\t\t\t\t\t<div class=\"elementor-element elementor-element-68ce3ec elementor-widget elementor-widget-toggle\" data-id=\"68ce3ec\" data-element_type=\"widget\" data-e-type=\"widget\" data-widget_type=\"toggle.default\">\n\t\t\t\t<div class=\"elementor-widget-container\">\n\t\t\t\t\t\t\t<div class=\"elementor-toggle\">\n\t\t\t\t\t\t\t<div class=\"elementor-toggle-item\">\n\t\t\t\t\t<div id=\"elementor-tab-title-1091\" class=\"elementor-tab-title\" data-tab=\"1\" role=\"button\" aria-controls=\"elementor-tab-content-1091\" aria-expanded=\"false\">\n\t\t\t\t\t\t\t\t\t\t\t\t<span class=\"elementor-toggle-icon elementor-toggle-icon-left\" aria-hidden=\"true\">\n\t\t\t\t\t\t\t\t\t\t\t\t\t\t\t<span class=\"elementor-toggle-icon-closed\"><i class=\"fas fa-caret-right\"><\/i><\/span>\n\t\t\t\t\t\t\t\t<span class=\"elementor-toggle-icon-opened\"><i class=\"elementor-toggle-icon-opened fas fa-caret-up\"><\/i><\/span>\n\t\t\t\t\t\t\t\t\t\t\t\t\t<\/span>\n\t\t\t\t\t\t\t\t\t\t\t\t<a class=\"elementor-toggle-title\" tabindex=\"0\">Miami-Illini Myths and Legends<\/a>\n\t\t\t\t\t<\/div>\n\n\t\t\t\t\t<div id=\"elementor-tab-content-1091\" class=\"elementor-tab-content elementor-clearfix\" data-tab=\"1\" role=\"region\" aria-labelledby=\"elementor-tab-title-1091\"><ul>\n<li><strong><a href=\"http:\/\/www.museum.state.il.us\/muslink\/nat_amer\/post\/htmls\/popups\/be_snake.html\" target=\"_blank\" rel=\"noopener\">The Snake Husband<\/a><\/strong><\/li>\n<li><strong><a href=\"http:\/\/www.museum.state.il.us\/muslink\/nat_amer\/post\/htmls\/popups\/be_turtle.html\" target=\"_blank\" rel=\"noopener\">The Painted Turtle<\/a><\/strong><\/li>\n<li><strong><a href=\"http:\/\/www.museum.state.il.us\/muslink\/nat_amer\/post\/htmls\/popups\/be_rabbit.html\" target=\"_blank\" rel=\"noopener\">Rabbit and Possum<\/a><\/strong><\/li>\n<li><strong><a href=\"http:\/\/www.museum.state.il.us\/muslink\/nat_amer\/post\/htmls\/popups\/be_wisakatchekwa.html\" target=\"_blank\" rel=\"noopener\">How Wisakatchekwa Got Into Some Trouble<\/a><\/strong><\/li>\n<\/ul><\/div>\n\t\t\t\t<\/div>\n\t\t\t\t\t\t\t\t<\/div>\n\t\t\t\t\t\t<\/div>\n\t\t\t\t<\/div>\n\t\t\t\t\t<\/div>\n\t\t<\/div>\n\t\t\t\t\t<\/div>\n\t\t<\/section>\n\t\t\t\t<section class=\"elementor-section elementor-top-section elementor-element elementor-element-9f36687 elementor-section-boxed elementor-section-height-default elementor-section-height-default\" data-id=\"9f36687\" data-element_type=\"section\" data-e-type=\"section\">\n\t\t\t\t\t\t<div class=\"elementor-container elementor-column-gap-default\">\n\t\t\t\t\t<div class=\"elementor-column elementor-col-100 elementor-top-column elementor-element elementor-element-54ebc81\" data-id=\"54ebc81\" data-element_type=\"column\" data-e-type=\"column\">\n\t\t\t<div class=\"elementor-widget-wrap elementor-element-populated\">\n\t\t\t\t\t\t<div class=\"elementor-element elementor-element-4d11bb1 elementor-widget elementor-widget-heading\" data-id=\"4d11bb1\" data-element_type=\"widget\" data-e-type=\"widget\" data-widget_type=\"heading.default\">\n\t\t\t\t<div class=\"elementor-widget-container\">\n\t\t\t\t\t<h2 class=\"elementor-heading-title elementor-size-default\"><span class=\"ez-toc-section\" id=\"Livres-sur-la-mythologie-Algique\"><\/span>Books on Algic mythology<span class=\"ez-toc-section-end\"><\/span><\/h2>\t\t\t\t<\/div>\n\t\t\t\t<\/div>\n\t\t\t\t\t<\/div>\n\t\t<\/div>\n\t\t\t\t\t<\/div>\n\t\t<\/section>\n\t\t\t\t<section class=\"elementor-section elementor-top-section elementor-element elementor-element-1e63be5 elementor-section-boxed elementor-section-height-default elementor-section-height-default\" data-id=\"1e63be5\" data-element_type=\"section\" data-e-type=\"section\">\n\t\t\t\t\t\t<div class=\"elementor-container elementor-column-gap-default\">\n\t\t\t\t\t<div class=\"elementor-column elementor-col-100 elementor-top-column elementor-element elementor-element-60dff00\" data-id=\"60dff00\" data-element_type=\"column\" data-e-type=\"column\">\n\t\t\t<div class=\"elementor-widget-wrap elementor-element-populated\">\n\t\t\t\t\t\t<div class=\"elementor-element elementor-element-fed2250 elementor-widget elementor-widget-text-editor\" data-id=\"fed2250\" data-element_type=\"widget\" data-e-type=\"widget\" data-widget_type=\"text-editor.default\">\n\t\t\t\t<div class=\"elementor-widget-container\">\n\t\t\t\t\t\t\t\t\t<p>Comics \/ Illustrated:<\/p>\n<p>In French :<\/p>\n<ul>\n<li><a href=\"https:\/\/www.amazon.fr\/dp\/2895962375?&amp;linkCode=sl1&amp;tag=mythscience-21&amp;linkId=ebee40ac7617d179e7dd0f1f7ffa4a95&amp;language=fr_FR&amp;ref_=as_li_ss_tl\" target=\"_blank\" rel=\"noopener\">The laughing people: Tribute to my Innu friends<\/a><\/li>\n<li><a href=\"https:\/\/www.amazon.fr\/dp\/2226172246?&amp;linkCode=ll1&amp;tag=mythscience-21&amp;linkId=6006504fbd7d9d64231098b85ff6e989&amp;language=fr_FR&amp;ref_=as_li_ss_tl\" target=\"_blank\" rel=\"noopener\">From Cheyenne Memory: Life and History of My People<\/a><\/li>\n<\/ul>\n<p>Only in English:<\/p>\n<ul>\n<li><a href=\"https:\/\/www.amazon.fr\/dp\/0816697264?&amp;linkCode=ll1&amp;tag=mythscience-21&amp;linkId=6ad8ea5c22390f21f70961905cf836f9&amp;language=fr_FR&amp;ref_=as_li_ss_tl\" target=\"_blank\" rel=\"noopener\">Chi-mewinzha: Ojibwe Stories from Leech Lake<\/a><\/li>\n<li><a href=\"https:\/\/www.amazon.fr\/Legend-Sleeping-Bear-Kathy-Jo-Wargin\/dp\/188694735X?&amp;linkCode=ll1&amp;tag=mythscience-21&amp;linkId=442926fb6f782ade562a20f8e185599f&amp;language=fr_FR&amp;ref_=as_li_ss_tl\" target=\"_blank\" rel=\"noopener\">The Legend of Sleeping Bear<\/a><\/li>\n<li><a href=\"https:\/\/www.amazon.fr\/Heart-Everything-That-Untold-American\/dp\/1451654669?&amp;linkCode=ll1&amp;tag=mythscience-21&amp;linkId=6b3c3676dceb1ccca30f75f5ac56c5f3&amp;language=fr_FR&amp;ref_=as_li_ss_tl\" target=\"_blank\" rel=\"noopener\">The Heart of Everything That Is: The Untold Story of Red Cloud, An American Legend<\/a><\/li>\n<li><a href=\"https:\/\/www.amazon.fr\/Legend-Bigfoot-Leaving-Mark-World\/dp\/1684351391?&amp;linkCode=ll1&amp;tag=mythscience-21&amp;linkId=8a436ede2f977562f3394b6f98129806&amp;language=fr_FR&amp;ref_=as_li_ss_tl\" target=\"_blank\" rel=\"noopener\">The Legend of Bigfoot: Leaving His Mark on the World<\/a><\/li>\n<li><a href=\"https:\/\/www.amazon.fr\/dp\/1847807402?&amp;linkCode=ll1&amp;tag=mythscience-21&amp;linkId=450d06973981e0e8ba0aaa6100fbddb8&amp;language=fr_FR&amp;ref_=as_li_ss_tl\" target=\"_blank\" rel=\"noopener\">The Crow&#039;s Tale: A Lenni Lenape Native American Legend<\/a><\/li>\n<li><a href=\"https:\/\/www.amazon.fr\/dp\/154266585X?&amp;linkCode=sl1&amp;tag=mythscience-21&amp;linkId=91dcdc06f8e7f6b1e01f0b7552a4a6dd&amp;language=fr_FR&amp;ref_=as_li_ss_tl\" target=\"_blank\" rel=\"noopener\">The Algonquin Legends of New England<\/a><\/li>\n<li><a href=\"https:\/\/www.amazon.fr\/dp\/0803224915?&amp;linkCode=ll1&amp;tag=mythscience-21&amp;linkId=2b7bc4a48e22339f4b322021d3af0fe4&amp;language=fr_FR&amp;ref_=as_li_ss_tl\" target=\"_blank\" rel=\"noopener\">Tales from Maliseet Country<\/a><\/li>\n<li><a href=\"https:\/\/www.amazon.fr\/dp\/1425493300?&amp;linkCode=ll1&amp;tag=mythscience-21&amp;linkId=54990317a81fe94b4fb889dfbe0e0615&amp;language=fr_FR&amp;ref_=as_li_ss_tl\" target=\"_blank\" rel=\"noopener\">Wyandot Folk Lore<\/a><\/li>\n<li><a href=\"https:\/\/www.amazon.fr\/dp\/1589792017?&amp;linkCode=ll1&amp;tag=mythscience-21&amp;linkId=a1df3697acc0e808b37335c56e2a2940&amp;language=fr_FR&amp;ref_=as_li_ss_tl\" target=\"_blank\" rel=\"noopener\">The First Fire: Stories Of The Cherokee, Kickapoo, Kiowa, And Tigua<\/a><\/li>\n<li><a href=\"https:\/\/www.amazon.fr\/dp\/1596299169?&amp;linkCode=ll1&amp;tag=mythscience-21&amp;linkId=88cb9c20cb829352f7775123b6527c12&amp;language=fr_FR&amp;ref_=as_li_ss_tl\" target=\"_blank\" rel=\"noopener\">Forgotten Tales of Michigan&#039;s Upper Peninsula<\/a><\/li>\n<\/ul>\t\t\t\t\t\t\t\t<\/div>\n\t\t\t\t<\/div>\n\t\t\t\t\t<\/div>\n\t\t<\/div>\n\t\t\t\t\t<\/div>\n\t\t<\/section>\n\t\t\t\t<\/div>","protected":false},"excerpt":{"rendered":"<p>Retour au Groupe Culturel Boutique D\u00e9di\u00e9e Wiki Mythologie Illiniwek La mythologie Illiniwek regroupe les peuples am\u00e9rindiens suivant : Conf\u00e9d\u00e9ration des &hellip; <\/p>","protected":false},"author":1,"featured_media":0,"parent":0,"menu_order":1,"comment_status":"closed","ping_status":"closed","template":"","meta":{"footnotes":""},"class_list":["post-3589","page","type-page","status-publish","hentry"],"amp_enabled":true,"_links":{"self":[{"href":"https:\/\/mythslegendes.com\/en\/wp-json\/wp\/v2\/pages\/3589","targetHints":{"allow":["GET"]}}],"collection":[{"href":"https:\/\/mythslegendes.com\/en\/wp-json\/wp\/v2\/pages"}],"about":[{"href":"https:\/\/mythslegendes.com\/en\/wp-json\/wp\/v2\/types\/page"}],"author":[{"embeddable":true,"href":"https:\/\/mythslegendes.com\/en\/wp-json\/wp\/v2\/users\/1"}],"replies":[{"embeddable":true,"href":"https:\/\/mythslegendes.com\/en\/wp-json\/wp\/v2\/comments?post=3589"}],"version-history":[{"count":7,"href":"https:\/\/mythslegendes.com\/en\/wp-json\/wp\/v2\/pages\/3589\/revisions"}],"predecessor-version":[{"id":27055,"href":"https:\/\/mythslegendes.com\/en\/wp-json\/wp\/v2\/pages\/3589\/revisions\/27055"}],"wp:attachment":[{"href":"https:\/\/mythslegendes.com\/en\/wp-json\/wp\/v2\/media?parent=3589"}],"curies":[{"name":"wp","href":"https:\/\/api.w.org\/{rel}","templated":true}]}}