{"id":3813,"date":"2020-07-28T12:00:46","date_gmt":"2020-07-28T11:00:46","guid":{"rendered":"https:\/\/mythslegendes.com\/?page_id=3813"},"modified":"2023-03-04T23:00:54","modified_gmt":"2023-03-04T23:00:54","slug":"mythologie-koyukon-ingalik-tanana-kutchin","status":"publish","type":"page","link":"https:\/\/mythslegendes.com\/en\/mythology-koyukon-ingalik-tanana-kutchin\/","title":{"rendered":"Koyukon-Ingalik-Tanana-Kutchin mythology"},"content":{"rendered":"<div data-elementor-type=\"wp-page\" data-elementor-id=\"3813\" class=\"elementor elementor-3813\">\n\t\t\t\t\t\t<section class=\"elementor-section elementor-top-section elementor-element elementor-element-f6695cf elementor-section-boxed elementor-section-height-default elementor-section-height-default\" data-id=\"f6695cf\" data-element_type=\"section\" data-e-type=\"section\">\n\t\t\t\t\t\t<div class=\"elementor-container elementor-column-gap-default\">\n\t\t\t\t\t<div class=\"elementor-column elementor-col-33 elementor-top-column elementor-element elementor-element-6334be6\" data-id=\"6334be6\" data-element_type=\"column\" data-e-type=\"column\">\n\t\t\t<div class=\"elementor-widget-wrap elementor-element-populated\">\n\t\t\t\t\t\t<div class=\"elementor-element elementor-element-1dfb875 elementor-align-justify elementor-widget elementor-widget-button\" data-id=\"1dfb875\" data-element_type=\"widget\" data-e-type=\"widget\" data-widget_type=\"button.default\">\n\t\t\t\t<div class=\"elementor-widget-container\">\n\t\t\t\t\t\t\t\t\t<div class=\"elementor-button-wrapper\">\n\t\t\t\t\t<a class=\"elementor-button elementor-button-link elementor-size-sm\" href=\"https:\/\/mythslegendes.com\/en\/mythes-et-legendes-athabaskans-2103\/\">\n\t\t\t\t\t\t<span class=\"elementor-button-content-wrapper\">\n\t\t\t\t\t\t\t\t\t<span class=\"elementor-button-text\">Back to the Cultural Group<\/span>\n\t\t\t\t\t<\/span>\n\t\t\t\t\t<\/a>\n\t\t\t\t<\/div>\n\t\t\t\t\t\t\t\t<\/div>\n\t\t\t\t<\/div>\n\t\t\t\t\t<\/div>\n\t\t<\/div>\n\t\t\t\t<div class=\"elementor-column elementor-col-33 elementor-top-column elementor-element elementor-element-f35dfd6\" data-id=\"f35dfd6\" data-element_type=\"column\" data-e-type=\"column\">\n\t\t\t<div class=\"elementor-widget-wrap elementor-element-populated\">\n\t\t\t\t\t\t<div class=\"elementor-element elementor-element-393b7d9 elementor-align-justify elementor-widget elementor-widget-button\" data-id=\"393b7d9\" data-element_type=\"widget\" data-e-type=\"widget\" data-widget_type=\"button.default\">\n\t\t\t\t<div class=\"elementor-widget-container\">\n\t\t\t\t\t\t\t\t\t<div class=\"elementor-button-wrapper\">\n\t\t\t\t\t<a class=\"elementor-button elementor-button-link elementor-size-sm\" href=\"https:\/\/mythslegendes.com\/en\/book-libraries\/\">\n\t\t\t\t\t\t<span class=\"elementor-button-content-wrapper\">\n\t\t\t\t\t\t\t\t\t<span class=\"elementor-button-text\">Dedicated Shop<\/span>\n\t\t\t\t\t<\/span>\n\t\t\t\t\t<\/a>\n\t\t\t\t<\/div>\n\t\t\t\t\t\t\t\t<\/div>\n\t\t\t\t<\/div>\n\t\t\t\t\t<\/div>\n\t\t<\/div>\n\t\t\t\t<div class=\"elementor-column elementor-col-33 elementor-top-column elementor-element elementor-element-5eb8f7d\" data-id=\"5eb8f7d\" data-element_type=\"column\" data-e-type=\"column\">\n\t\t\t<div class=\"elementor-widget-wrap elementor-element-populated\">\n\t\t\t\t\t\t<div class=\"elementor-element elementor-element-7f9063b elementor-align-justify elementor-widget elementor-widget-button\" data-id=\"7f9063b\" data-element_type=\"widget\" data-e-type=\"widget\" data-widget_type=\"button.default\">\n\t\t\t\t<div class=\"elementor-widget-container\">\n\t\t\t\t\t\t\t\t\t<div class=\"elementor-button-wrapper\">\n\t\t\t\t\t<a class=\"elementor-button elementor-button-link elementor-size-sm\" href=\"https:\/\/fr.wikipedia.org\/wiki\/Langues_athapascanes\" target=\"_blank\" rel=\"noopener\">\n\t\t\t\t\t\t<span class=\"elementor-button-content-wrapper\">\n\t\t\t\t\t\t\t\t\t<span class=\"elementor-button-text\">Wiki<\/span>\n\t\t\t\t\t<\/span>\n\t\t\t\t\t<\/a>\n\t\t\t\t<\/div>\n\t\t\t\t\t\t\t\t<\/div>\n\t\t\t\t<\/div>\n\t\t\t\t\t<\/div>\n\t\t<\/div>\n\t\t\t\t\t<\/div>\n\t\t<\/section>\n\t\t\t\t<section class=\"elementor-section elementor-top-section elementor-element elementor-element-36978559 elementor-section-boxed elementor-section-height-default elementor-section-height-default\" data-id=\"36978559\" data-element_type=\"section\" data-e-type=\"section\">\n\t\t\t\t\t\t<div class=\"elementor-container elementor-column-gap-default\">\n\t\t\t\t\t<div class=\"elementor-column elementor-col-100 elementor-top-column elementor-element elementor-element-3434967\" data-id=\"3434967\" data-element_type=\"column\" data-e-type=\"column\">\n\t\t\t<div class=\"elementor-widget-wrap elementor-element-populated\">\n\t\t\t\t\t\t<div class=\"elementor-element elementor-element-4684411b elementor-widget elementor-widget-text-editor\" data-id=\"4684411b\" data-element_type=\"widget\" data-e-type=\"widget\" data-widget_type=\"text-editor.default\">\n\t\t\t\t<div class=\"elementor-widget-container\">\n\t\t\t\t\t\t\t\t\t<p><\/p>\n<div id=\"ez-toc-container\" class=\"ez-toc-v2_0_82_2 counter-hierarchy ez-toc-counter ez-toc-grey ez-toc-container-direction\">\n<div class=\"ez-toc-title-container\">\n<p class=\"ez-toc-title\" style=\"cursor:inherit\">Contents<\/p>\n<span class=\"ez-toc-title-toggle\"><a href=\"#\" class=\"ez-toc-pull-right ez-toc-btn ez-toc-btn-xs ez-toc-btn-default ez-toc-toggle\" aria-label=\"Toggle Table of Content\"><span class=\"ez-toc-js-icon-con\"><span class=\"\"><span class=\"eztoc-hide\" style=\"display:none;\">Toggle<\/span><span class=\"ez-toc-icon-toggle-span\"><svg style=\"fill: #999;color:#999\" xmlns=\"http:\/\/www.w3.org\/2000\/svg\" class=\"list-377408\" width=\"20px\" height=\"20px\" viewbox=\"0 0 24 24\" fill=\"none\"><path d=\"M6 6H4v2h2V6zm14 0H8v2h12V6zM4 11h2v2H4v-2zm16 0H8v2h12v-2zM4 16h2v2H4v-2zm16 0H8v2h12v-2z\" fill=\"currentColor\"><\/path><\/svg><svg style=\"fill: #999;color:#999\" class=\"arrow-unsorted-368013\" xmlns=\"http:\/\/www.w3.org\/2000\/svg\" width=\"10px\" height=\"10px\" viewbox=\"0 0 24 24\" version=\"1.2\" baseprofile=\"tiny\"><path d=\"M18.2 9.3l-6.2-6.3-6.2 6.3c-.2.2-.3.4-.3.7s.1.5.3.7c.2.2.4.3.7.3h11c.3 0 .5-.1.7-.3.2-.2.3-.5.3-.7s-.1-.5-.3-.7zM5.8 14.7l6.2 6.3 6.2-6.3c.2-.2.3-.5.3-.7s-.1-.5-.3-.7c-.2-.2-.4-.3-.7-.3h-11c-.3 0-.5.1-.7.3-.2.2-.3.5-.3.7s.1.5.3.7z\"\/><\/svg><\/span><\/span><\/span><\/a><\/span><\/div>\n<nav><ul class='ez-toc-list ez-toc-list-level-1' ><li class='ez-toc-page-1 ez-toc-heading-level-2'><a class=\"ez-toc-link ez-toc-heading-1\" href=\"https:\/\/mythslegendes.com\/en\/mythology-koyukon-ingalik-tanana-kutchin\/#Mythologie-Koyukon-Ingalik-Tanana-Kutchin\" >Koyukon-Ingalik-Tanana-Kutchin mythology<\/a><\/li><li class='ez-toc-page-1 ez-toc-heading-level-2'><a class=\"ez-toc-link ez-toc-heading-2\" href=\"https:\/\/mythslegendes.com\/en\/mythology-koyukon-ingalik-tanana-kutchin\/#Mythologie-Koyukon-Ingalik-Tanana-Kutchin-textes\" >Koyukon-Ingalik-Tanana-Kutchin mythology (texts)<\/a><\/li><li class='ez-toc-page-1 ez-toc-heading-level-2'><a class=\"ez-toc-link ez-toc-heading-3\" href=\"https:\/\/mythslegendes.com\/en\/mythology-koyukon-ingalik-tanana-kutchin\/#Livres-sur-la-mythologie-Athabaskan\" >Books on Athabaskan Mythology<\/a><\/li><\/ul><\/nav><\/div>\n<h2 class=\"entry-title\"><span class=\"ez-toc-section\" id=\"Mythologie-Koyukon-Ingalik-Tanana-Kutchin\"><\/span>Koyukon-Ingalik-Tanana-Kutchin mythology<span class=\"ez-toc-section-end\"><\/span><\/h2>\n<p>The <a href=\"https:\/\/mythslegendes.com\/en\/\">mythology<\/a> Koyukon-Ingalik-Tanana-Kutchin includes the following Native American peoples: <strong>Ingalik<\/strong><strong>, <\/strong><strong>Deg Hit&#039;an, <\/strong><strong>Koyukon, <\/strong><strong>Gwich&#039;in, <\/strong><strong>Shady, <\/strong><strong>Kutchin.<\/strong><\/p>\n<p>Two dialects of <strong>Deg Hit&#039;an<\/strong> (Ingalik) are spoken, one along the Yukon at Shageluk, Anvik and Holy Cross, the other in the middle of the Kuskokwim from Aniak to Vinesale.<\/p>\n<p><\/p>\n<p>the\u00a0<strong>koyukon<\/strong>\u00a0is a Northern Athapaskan language spoken in the United States, in eastern Alaska, along the Yukon and Koyokuk rivers.<\/p>\n<p><\/p>\n<p>The\u00a0<strong>Gwich&#039;in<\/strong>\u00a0(&quot;People&quot;) or\u00a0<strong>Dodgy<\/strong>\u00a0Where\u00a0<strong>Kutchin<\/strong>\u00a0are the tribes of tongues <a href=\"https:\/\/mythslegendes.com\/en\/mythes-et-legendes-athabaskans-2103\/\">athapascans<\/a> northern species that live in the Yukon River and Peel River basin in eastern Alaska and the Yukon Territory in Canada. The northernmost village of Old Crow in the Yukon is also home to one of the oldest settlements in North America.<\/p>\n<p><img decoding=\"async\" class=\"alignnone wp-image-5284 size-full\" src=\"https:\/\/mythslegendes.com\/wp-content\/uploads\/2020\/09\/AlphaOmega-e1602613368367.png\" alt=\"Koyukon-Ingalik-Tanana-Kutchin mythology\" width=\"25\" height=\"26\" title=\"\"><\/p>\n<p><\/p>\n<p><\/p>\t\t\t\t\t\t\t\t<\/div>\n\t\t\t\t<\/div>\n\t\t\t\t\t<\/div>\n\t\t<\/div>\n\t\t\t\t\t<\/div>\n\t\t<\/section>\n\t\t\t\t<section class=\"elementor-section elementor-top-section elementor-element elementor-element-623e68c elementor-section-boxed elementor-section-height-default elementor-section-height-default\" data-id=\"623e68c\" data-element_type=\"section\" data-e-type=\"section\">\n\t\t\t\t\t\t<div class=\"elementor-container elementor-column-gap-default\">\n\t\t\t\t\t<div class=\"elementor-column elementor-col-100 elementor-top-column elementor-element elementor-element-b17533b\" data-id=\"b17533b\" data-element_type=\"column\" data-e-type=\"column\">\n\t\t\t<div class=\"elementor-widget-wrap elementor-element-populated\">\n\t\t\t\t\t\t<div class=\"elementor-element elementor-element-056219f elementor-widget elementor-widget-heading\" data-id=\"056219f\" data-element_type=\"widget\" data-e-type=\"widget\" data-widget_type=\"heading.default\">\n\t\t\t\t<div class=\"elementor-widget-container\">\n\t\t\t\t\t<h2 class=\"elementor-heading-title elementor-size-default\"><span class=\"ez-toc-section\" id=\"Mythologie-Koyukon-Ingalik-Tanana-Kutchin-textes\"><\/span>Koyukon-Ingalik-Tanana-Kutchin mythology (texts)<span class=\"ez-toc-section-end\"><\/span><\/h2>\t\t\t\t<\/div>\n\t\t\t\t<\/div>\n\t\t\t\t\t<\/div>\n\t\t<\/div>\n\t\t\t\t\t<\/div>\n\t\t<\/section>\n\t\t\t\t<section class=\"elementor-section elementor-top-section elementor-element elementor-element-741da63 elementor-section-boxed elementor-section-height-default elementor-section-height-default\" data-id=\"741da63\" data-element_type=\"section\" data-e-type=\"section\">\n\t\t\t\t\t\t<div class=\"elementor-container elementor-column-gap-default\">\n\t\t\t\t\t<div class=\"elementor-column elementor-col-100 elementor-top-column elementor-element elementor-element-683eabb\" data-id=\"683eabb\" data-element_type=\"column\" data-e-type=\"column\">\n\t\t\t<div class=\"elementor-widget-wrap elementor-element-populated\">\n\t\t\t\t\t\t<div class=\"elementor-element elementor-element-263ccc2 elementor-widget elementor-widget-toggle\" data-id=\"263ccc2\" data-element_type=\"widget\" data-e-type=\"widget\" data-widget_type=\"toggle.default\">\n\t\t\t\t<div class=\"elementor-widget-container\">\n\t\t\t\t\t\t\t<div class=\"elementor-toggle\">\n\t\t\t\t\t\t\t<div class=\"elementor-toggle-item\">\n\t\t\t\t\t<div id=\"elementor-tab-title-4001\" class=\"elementor-tab-title\" data-tab=\"1\" role=\"button\" aria-controls=\"elementor-tab-content-4001\" aria-expanded=\"false\">\n\t\t\t\t\t\t\t\t\t\t\t\t<span class=\"elementor-toggle-icon elementor-toggle-icon-left\" aria-hidden=\"true\">\n\t\t\t\t\t\t\t\t\t\t\t\t\t\t\t<span class=\"elementor-toggle-icon-closed\"><i class=\"fas fa-caret-right\"><\/i><\/span>\n\t\t\t\t\t\t\t\t<span class=\"elementor-toggle-icon-opened\"><i class=\"elementor-toggle-icon-opened fas fa-caret-up\"><\/i><\/span>\n\t\t\t\t\t\t\t\t\t\t\t\t\t<\/span>\n\t\t\t\t\t\t\t\t\t\t\t\t<a class=\"elementor-toggle-title\" tabindex=\"0\">Open book Koyukon-Ingalik-Tanana-Kutchin: Our Voices<\/a>\n\t\t\t\t\t<\/div>\n\n\t\t\t\t\t<div id=\"elementor-tab-content-4001\" class=\"elementor-tab-content elementor-clearfix\" data-tab=\"1\" role=\"region\" aria-labelledby=\"elementor-tab-title-4001\"><p><iframe style=\"border: 0px;\" src=\"https:\/\/books.google.fr\/books?id=9r7xY9OAWZcC&amp;lpg=PA387&amp;dq=ATNA'%20YANIDA'A%20AHTNA%20Stories&amp;hl=fr&amp;pg=PP1&amp;output=embed\" width=\"500\" height=\"500\" frameborder=\"0\" scrolling=\"no\"><\/iframe><\/p><\/div>\n\t\t\t\t<\/div>\n\t\t\t\t\t\t\t<div class=\"elementor-toggle-item\">\n\t\t\t\t\t<div id=\"elementor-tab-title-4002\" class=\"elementor-tab-title\" data-tab=\"2\" role=\"button\" aria-controls=\"elementor-tab-content-4002\" aria-expanded=\"false\">\n\t\t\t\t\t\t\t\t\t\t\t\t<span class=\"elementor-toggle-icon elementor-toggle-icon-left\" aria-hidden=\"true\">\n\t\t\t\t\t\t\t\t\t\t\t\t\t\t\t<span class=\"elementor-toggle-icon-closed\"><i class=\"fas fa-caret-right\"><\/i><\/span>\n\t\t\t\t\t\t\t\t<span class=\"elementor-toggle-icon-opened\"><i class=\"elementor-toggle-icon-opened fas fa-caret-up\"><\/i><\/span>\n\t\t\t\t\t\t\t\t\t\t\t\t\t<\/span>\n\t\t\t\t\t\t\t\t\t\t\t\t<a class=\"elementor-toggle-title\" tabindex=\"0\">Koyukon Myths and Legends<\/a>\n\t\t\t\t\t<\/div>\n\n\t\t\t\t\t<div id=\"elementor-tab-content-4002\" class=\"elementor-tab-content elementor-clearfix\" data-tab=\"2\" role=\"region\" aria-labelledby=\"elementor-tab-title-4002\"><ul>\n<li><a href=\"http:\/\/www.ankn.uaf.edu\/NPE\/CulturalAtlases\/Yupiaq\/Marshall\/raven\/DotsonSa.html\" target=\"_blank\" rel=\"noopener\"><strong>Dotson &#039;Sa, Great Raven Makes The World<\/strong><\/a><\/li>\n<li><a href=\"http:\/\/www.ankn.uaf.edu\/NPE\/CulturalAtlases\/Yupiaq\/Marshall\/raven\/RavenStealsTheLight.html\" target=\"_blank\" rel=\"noopener\"><strong>Raven Steals The Light<\/strong><\/a><\/li>\n<li><a href=\"http:\/\/www.ankn.uaf.edu\/NPE\/CulturalAtlases\/Yupiaq\/Marshall\/raven\/WhenRavenWasKilled.html\" target=\"_blank\" rel=\"noopener\"><strong>When Raven Was Killed<\/strong><\/a><\/li>\n<li><a href=\"http:\/\/www.ankn.uaf.edu\/NPE\/CulturalAtlases\/Yupiaq\/Marshall\/raven\/HowRavenKilledWhale.html\" target=\"_blank\" rel=\"noopener\"><strong>How Raven Killed The Whale<\/strong><\/a><\/li>\n<li><a href=\"http:\/\/www.ankn.uaf.edu\/NPE\/CulturalAtlases\/Yupiaq\/Marshall\/raven\/RavenandMink.html\" target=\"_blank\" rel=\"noopener\"><strong>Raven and Mink<\/strong><\/a><\/li>\n<li><a href=\"http:\/\/www.ankn.uaf.edu\/NPE\/CulturalAtlases\/Yupiaq\/Marshall\/raven\/RavenLostHisEyes.html\" target=\"_blank\" rel=\"noopener\"><strong>Raven Lost His Eyes<\/strong><\/a><\/li>\n<li><a href=\"http:\/\/www.ankn.uaf.edu\/NPE\/CulturalAtlases\/Yupiaq\/Marshall\/raven\/RavenandGooseWife.html\" target=\"_blank\" rel=\"noopener\"><strong>Raven and Goose-Wife<\/strong><\/a><\/li>\n<li><strong><a href=\"http:\/\/www.ankn.uaf.edu\/curriculum\/athabascan\/athabascans\/when_people_meet_animals.html\" target=\"_blank\" rel=\"noopener\">Nihts&#039;iil<\/a><\/strong><\/li>\n<li><strong><a href=\"http:\/\/www.ankn.uaf.edu\/curriculum\/athabascan\/athabascans\/when_people_meet_animals.html\" target=\"_blank\" rel=\"noopener\">The Female Beaver<\/a><\/strong><\/li>\n<li><strong><a href=\"http:\/\/www.ankn.uaf.edu\/curriculum\/athabascan\/athabascans\/when_people_meet_animals.html\" target=\"_blank\" rel=\"noopener\">First Salmon Story<\/a><\/strong><\/li>\n<li><strong><a href=\"http:\/\/www.ankn.uaf.edu\/curriculum\/athabascan\/athabascans\/when_people_meet_animals.html\" target=\"_blank\" rel=\"noopener\">A Bear Hunt<\/a><\/strong><\/li>\n<\/ul><\/div>\n\t\t\t\t<\/div>\n\t\t\t\t\t\t\t<div class=\"elementor-toggle-item\">\n\t\t\t\t\t<div id=\"elementor-tab-title-4003\" class=\"elementor-tab-title\" data-tab=\"3\" role=\"button\" aria-controls=\"elementor-tab-content-4003\" aria-expanded=\"false\">\n\t\t\t\t\t\t\t\t\t\t\t\t<span class=\"elementor-toggle-icon elementor-toggle-icon-left\" aria-hidden=\"true\">\n\t\t\t\t\t\t\t\t\t\t\t\t\t\t\t<span class=\"elementor-toggle-icon-closed\"><i class=\"fas fa-caret-right\"><\/i><\/span>\n\t\t\t\t\t\t\t\t<span class=\"elementor-toggle-icon-opened\"><i class=\"elementor-toggle-icon-opened fas fa-caret-up\"><\/i><\/span>\n\t\t\t\t\t\t\t\t\t\t\t\t\t<\/span>\n\t\t\t\t\t\t\t\t\t\t\t\t<a class=\"elementor-toggle-title\" tabindex=\"0\">Kutchin Myths and Legends<\/a>\n\t\t\t\t\t<\/div>\n\n\t\t\t\t\t<div id=\"elementor-tab-content-4003\" class=\"elementor-tab-content elementor-clearfix\" data-tab=\"3\" role=\"region\" aria-labelledby=\"elementor-tab-title-4003\"><ul>\n<li><a href=\"http:\/\/www.bigorrin.org\/archive29.htm\" target=\"_blank\" rel=\"noopener\"><strong>Raven and Goose-Wife<\/strong><\/a><\/li>\n<li><strong><a href=\"https:\/\/explorenorth.com\/library\/weekly\/more\/bl-ravenstory.htm\" target=\"_blank\" rel=\"noopener\">Raven, the Spirit Helper<\/a><\/strong><\/li>\n<li><strong><a href=\"http:\/\/www.oldcrow.ca\/stories.htm#longago\" target=\"_blank\" rel=\"noopener\">Long Long Ago Story<\/a><\/strong><\/li>\n<li><strong><a href=\"http:\/\/www.oldcrow.ca\/stories.htm#beaver\" target=\"_blank\" rel=\"noopener\">The Beaver and Muskrat Story<\/a><\/strong><\/li>\n<li><strong><a href=\"http:\/\/www.oldcrow.ca\/stories.htm#The%20Story%20of%20Kyhenjik\" target=\"_blank\" rel=\"noopener\">The Story of Kyhenjik<\/a><\/strong><\/li>\n<li><strong><a href=\"http:\/\/www.oldcrow.ca\/stories.htm#cloths\" target=\"_blank\" rel=\"noopener\">Never Judge a Person by the Cloths They Wear<\/a><\/strong><\/li>\n<li><strong><a href=\"http:\/\/www.oldcrow.ca\/stories.htm#babyboy\" target=\"_blank\" rel=\"noopener\">Baby Boy Who Went to the Moon<\/a><\/strong><\/li>\n<\/ul><\/div>\n\t\t\t\t<\/div>\n\t\t\t\t\t\t\t\t<\/div>\n\t\t\t\t\t\t<\/div>\n\t\t\t\t<\/div>\n\t\t\t\t\t<\/div>\n\t\t<\/div>\n\t\t\t\t\t<\/div>\n\t\t<\/section>\n\t\t\t\t<section class=\"elementor-section elementor-top-section elementor-element elementor-element-5e4498c elementor-section-boxed elementor-section-height-default elementor-section-height-default\" data-id=\"5e4498c\" data-element_type=\"section\" data-e-type=\"section\">\n\t\t\t\t\t\t<div class=\"elementor-container elementor-column-gap-default\">\n\t\t\t\t\t<div class=\"elementor-column elementor-col-100 elementor-top-column elementor-element elementor-element-2cb185f\" data-id=\"2cb185f\" data-element_type=\"column\" data-e-type=\"column\">\n\t\t\t<div class=\"elementor-widget-wrap elementor-element-populated\">\n\t\t\t\t\t\t<div class=\"elementor-element elementor-element-a2d6021 elementor-widget elementor-widget-heading\" data-id=\"a2d6021\" data-element_type=\"widget\" data-e-type=\"widget\" data-widget_type=\"heading.default\">\n\t\t\t\t<div class=\"elementor-widget-container\">\n\t\t\t\t\t<h2 class=\"elementor-heading-title elementor-size-default\"><span class=\"ez-toc-section\" id=\"Livres-sur-la-mythologie-Athabaskan\"><\/span>Books on Athabaskan Mythology<span class=\"ez-toc-section-end\"><\/span><\/h2>\t\t\t\t<\/div>\n\t\t\t\t<\/div>\n\t\t\t\t\t<\/div>\n\t\t<\/div>\n\t\t\t\t\t<\/div>\n\t\t<\/section>\n\t\t\t\t<section class=\"elementor-section elementor-top-section elementor-element elementor-element-bb0085a elementor-section-boxed elementor-section-height-default elementor-section-height-default\" data-id=\"bb0085a\" data-element_type=\"section\" data-e-type=\"section\">\n\t\t\t\t\t\t<div class=\"elementor-container elementor-column-gap-default\">\n\t\t\t\t\t<div class=\"elementor-column elementor-col-100 elementor-top-column elementor-element elementor-element-616d922\" data-id=\"616d922\" data-element_type=\"column\" data-e-type=\"column\">\n\t\t\t<div class=\"elementor-widget-wrap elementor-element-populated\">\n\t\t\t\t\t\t<div class=\"elementor-element elementor-element-39a2ed4 elementor-widget elementor-widget-text-editor\" data-id=\"39a2ed4\" data-element_type=\"widget\" data-e-type=\"widget\" data-widget_type=\"text-editor.default\">\n\t\t\t\t<div class=\"elementor-widget-container\">\n\t\t\t\t\t\t\t\t\t<p>Comics \/ Illustrated:<\/p>\n<p>In French :<\/p>\n<p>Only in English:<\/p>\n<ul>\n<li><a href=\"https:\/\/www.amazon.fr\/How-Raven-Got-Crooked-Nose\/dp\/1513264397?&amp;linkCode=sl1&amp;tag=mythscience-21&amp;linkId=b76bbeebdc5e06d4f35583a0e11e20e8&amp;language=fr_FR&amp;ref_=as_li_ss_tl\" target=\"_blank\" rel=\"noopener\">How Raven Got His Crooked Nose: An Alaskan Dena&#039;ina Fable<\/a><\/li>\n<li><a href=\"https:\/\/www.amazon.fr\/dp\/0826310435?&amp;linkCode=ll1&amp;tag=mythscience-21&amp;linkId=94849c8ecb406d1a2362cb88cc07dc15&amp;language=fr_FR&amp;ref_=as_li_ss_tl\" target=\"_blank\" rel=\"noopener\">Din\u00e9 Bahane&#039;: The Navajo Creation Story<\/a><\/li>\n<li><a href=\"https:\/\/www.amazon.fr\/dp\/0816530092?&amp;linkCode=ll1&amp;tag=mythscience-21&amp;linkId=0f173589e54269568c76ae1c48164aad&amp;language=fr_FR&amp;ref_=as_li_ss_tl\" target=\"_blank\" rel=\"noopener\">Walking the Land, Feeding the Fire: Knowledge and Stewardship Among the Tlicho Dene<\/a><\/li>\n<li><a href=\"https:\/\/www.amazon.fr\/dp\/0295974354?&amp;linkCode=ll1&amp;tag=mythscience-21&amp;linkId=5cf00f0ce561f528cfa78fdf2d113e03&amp;language=fr_FR&amp;ref_=as_li_ss_tl\" target=\"_blank\" rel=\"noopener\">Tales from the Dena: Indian Stories from the Tanana, Koyukuk, and Yukon Rivers<\/a><\/li>\n<li><a href=\"https:\/\/www.amazon.fr\/dp\/0395779383?&amp;linkCode=ll1&amp;tag=mythscience-21&amp;linkId=9d432b764414a699a3192de3824aa858&amp;language=fr_FR&amp;ref_=as_li_ss_tl\" target=\"_blank\" rel=\"noopener\">How the Stars Fell into the Sky: A Navajo Legend<\/a><\/li>\n<li><a href=\"https:\/\/www.amazon.fr\/Apache-Legends-Lore-Southern-Mexico\/dp\/1626194866?&amp;linkCode=sl1&amp;tag=mythscience-21&amp;linkId=643ebbc93d29f1f070c4962af3c249b8&amp;language=fr_FR&amp;ref_=as_li_ss_tl\" target=\"_blank\" rel=\"noopener\">Apache Legends &amp; Lore of Southern New Mexico: From the Sacred Mountain<\/a><\/li>\n<li><a href=\"https:\/\/www.amazon.fr\/Two-Old-Women-Betrayal-Survival\/dp\/0972494499?&amp;linkCode=sl1&amp;tag=mythscience-21&amp;linkId=c40de0d70b66a90ffdcbe6ede1cfe10b&amp;language=fr_FR&amp;ref_=as_li_ss_tl\" target=\"_blank\" rel=\"noopener\">Two Old Women: An Alaskan Legend of Betrayal, Courage and Survival<\/a><\/li>\n<\/ul>\t\t\t\t\t\t\t\t<\/div>\n\t\t\t\t<\/div>\n\t\t\t\t\t<\/div>\n\t\t<\/div>\n\t\t\t\t\t<\/div>\n\t\t<\/section>\n\t\t\t\t<\/div>","protected":false},"excerpt":{"rendered":"<p>Retour au Groupe Culturel Boutique D\u00e9di\u00e9e Wiki Mythologie Koyukon-Ingalik-Tanana-Kutchin La mythologie Koyukon-Ingalik-Tanana-Kutchin regroupe les peuples am\u00e9rindiens suivant : Ingalik, Deg &hellip; <\/p>","protected":false},"author":1,"featured_media":0,"parent":0,"menu_order":1,"comment_status":"closed","ping_status":"closed","template":"","meta":{"footnotes":""},"class_list":["post-3813","page","type-page","status-publish","hentry"],"amp_enabled":true,"_links":{"self":[{"href":"https:\/\/mythslegendes.com\/en\/wp-json\/wp\/v2\/pages\/3813","targetHints":{"allow":["GET"]}}],"collection":[{"href":"https:\/\/mythslegendes.com\/en\/wp-json\/wp\/v2\/pages"}],"about":[{"href":"https:\/\/mythslegendes.com\/en\/wp-json\/wp\/v2\/types\/page"}],"author":[{"embeddable":true,"href":"https:\/\/mythslegendes.com\/en\/wp-json\/wp\/v2\/users\/1"}],"replies":[{"embeddable":true,"href":"https:\/\/mythslegendes.com\/en\/wp-json\/wp\/v2\/comments?post=3813"}],"version-history":[{"count":8,"href":"https:\/\/mythslegendes.com\/en\/wp-json\/wp\/v2\/pages\/3813\/revisions"}],"predecessor-version":[{"id":27091,"href":"https:\/\/mythslegendes.com\/en\/wp-json\/wp\/v2\/pages\/3813\/revisions\/27091"}],"wp:attachment":[{"href":"https:\/\/mythslegendes.com\/en\/wp-json\/wp\/v2\/media?parent=3813"}],"curies":[{"name":"wp","href":"https:\/\/api.w.org\/{rel}","templated":true}]}}