{"id":3861,"date":"2020-07-28T13:45:19","date_gmt":"2020-07-28T12:45:19","guid":{"rendered":"https:\/\/mythslegendes.com\/?page_id=3854"},"modified":"2023-03-04T22:52:30","modified_gmt":"2023-03-04T22:52:30","slug":"mythologie-innu","status":"publish","type":"page","link":"https:\/\/mythslegendes.com\/en\/innu-mythology\/","title":{"rendered":"Innu Mythology"},"content":{"rendered":"<div data-elementor-type=\"wp-page\" data-elementor-id=\"3861\" class=\"elementor elementor-3861\">\n\t\t\t\t\t\t<section class=\"elementor-section elementor-top-section elementor-element elementor-element-9d8af09 elementor-section-boxed elementor-section-height-default elementor-section-height-default\" data-id=\"9d8af09\" data-element_type=\"section\" data-e-type=\"section\">\n\t\t\t\t\t\t<div class=\"elementor-container elementor-column-gap-default\">\n\t\t\t\t\t<div class=\"elementor-column elementor-col-33 elementor-top-column elementor-element elementor-element-c5155ed\" data-id=\"c5155ed\" data-element_type=\"column\" data-e-type=\"column\">\n\t\t\t<div class=\"elementor-widget-wrap elementor-element-populated\">\n\t\t\t\t\t\t<div class=\"elementor-element elementor-element-2f00099 elementor-align-justify elementor-widget elementor-widget-button\" data-id=\"2f00099\" data-element_type=\"widget\" data-e-type=\"widget\" data-widget_type=\"button.default\">\n\t\t\t\t<div class=\"elementor-widget-container\">\n\t\t\t\t\t\t\t\t\t<div class=\"elementor-button-wrapper\">\n\t\t\t\t\t<a class=\"elementor-button elementor-button-link elementor-size-sm\" href=\"https:\/\/mythslegendes.com\/en\/mythes-et-legendes-algiques-2118\/\">\n\t\t\t\t\t\t<span class=\"elementor-button-content-wrapper\">\n\t\t\t\t\t\t\t\t\t<span class=\"elementor-button-text\">Back to the Cultural Group<\/span>\n\t\t\t\t\t<\/span>\n\t\t\t\t\t<\/a>\n\t\t\t\t<\/div>\n\t\t\t\t\t\t\t\t<\/div>\n\t\t\t\t<\/div>\n\t\t\t\t\t<\/div>\n\t\t<\/div>\n\t\t\t\t<div class=\"elementor-column elementor-col-33 elementor-top-column elementor-element elementor-element-d913a31\" data-id=\"d913a31\" data-element_type=\"column\" data-e-type=\"column\">\n\t\t\t<div class=\"elementor-widget-wrap elementor-element-populated\">\n\t\t\t\t\t\t<div class=\"elementor-element elementor-element-e06203a elementor-align-justify elementor-widget elementor-widget-button\" data-id=\"e06203a\" data-element_type=\"widget\" data-e-type=\"widget\" data-widget_type=\"button.default\">\n\t\t\t\t<div class=\"elementor-widget-container\">\n\t\t\t\t\t\t\t\t\t<div class=\"elementor-button-wrapper\">\n\t\t\t\t\t<a class=\"elementor-button elementor-button-link elementor-size-sm\" href=\"https:\/\/mythslegendes.com\/en\/book-libraries\/\">\n\t\t\t\t\t\t<span class=\"elementor-button-content-wrapper\">\n\t\t\t\t\t\t\t\t\t<span class=\"elementor-button-text\">Dedicated Shop<\/span>\n\t\t\t\t\t<\/span>\n\t\t\t\t\t<\/a>\n\t\t\t\t<\/div>\n\t\t\t\t\t\t\t\t<\/div>\n\t\t\t\t<\/div>\n\t\t\t\t\t<\/div>\n\t\t<\/div>\n\t\t\t\t<div class=\"elementor-column elementor-col-33 elementor-top-column elementor-element elementor-element-85c988d\" data-id=\"85c988d\" data-element_type=\"column\" data-e-type=\"column\">\n\t\t\t<div class=\"elementor-widget-wrap elementor-element-populated\">\n\t\t\t\t\t\t<div class=\"elementor-element elementor-element-dbd33aa elementor-align-justify elementor-widget elementor-widget-button\" data-id=\"dbd33aa\" data-element_type=\"widget\" data-e-type=\"widget\" data-widget_type=\"button.default\">\n\t\t\t\t<div class=\"elementor-widget-container\">\n\t\t\t\t\t\t\t\t\t<div class=\"elementor-button-wrapper\">\n\t\t\t\t\t<a class=\"elementor-button elementor-button-link elementor-size-sm\" href=\"https:\/\/fr.wikipedia.org\/wiki\/Innus\" target=\"_blank\" rel=\"noopener\">\n\t\t\t\t\t\t<span class=\"elementor-button-content-wrapper\">\n\t\t\t\t\t\t\t\t\t<span class=\"elementor-button-text\">Wiki<\/span>\n\t\t\t\t\t<\/span>\n\t\t\t\t\t<\/a>\n\t\t\t\t<\/div>\n\t\t\t\t\t\t\t\t<\/div>\n\t\t\t\t<\/div>\n\t\t\t\t\t<\/div>\n\t\t<\/div>\n\t\t\t\t\t<\/div>\n\t\t<\/section>\n\t\t\t\t<section class=\"elementor-section elementor-top-section elementor-element elementor-element-5bd20095 elementor-section-boxed elementor-section-height-default elementor-section-height-default\" data-id=\"5bd20095\" data-element_type=\"section\" data-e-type=\"section\">\n\t\t\t\t\t\t<div class=\"elementor-container elementor-column-gap-default\">\n\t\t\t\t\t<div class=\"elementor-column elementor-col-100 elementor-top-column elementor-element elementor-element-20430d9f\" data-id=\"20430d9f\" data-element_type=\"column\" data-e-type=\"column\">\n\t\t\t<div class=\"elementor-widget-wrap elementor-element-populated\">\n\t\t\t\t\t\t<div class=\"elementor-element elementor-element-48e02260 elementor-widget elementor-widget-text-editor\" data-id=\"48e02260\" data-element_type=\"widget\" data-e-type=\"widget\" data-widget_type=\"text-editor.default\">\n\t\t\t\t<div class=\"elementor-widget-container\">\n\t\t\t\t\t\t\t\t\t<p><\/p>\n<div id=\"ez-toc-container\" class=\"ez-toc-v2_0_82_2 counter-hierarchy ez-toc-counter ez-toc-grey ez-toc-container-direction\">\n<div class=\"ez-toc-title-container\">\n<p class=\"ez-toc-title\" style=\"cursor:inherit\">Contents<\/p>\n<span class=\"ez-toc-title-toggle\"><a href=\"#\" class=\"ez-toc-pull-right ez-toc-btn ez-toc-btn-xs ez-toc-btn-default ez-toc-toggle\" aria-label=\"Toggle Table of Content\"><span class=\"ez-toc-js-icon-con\"><span class=\"\"><span class=\"eztoc-hide\" style=\"display:none;\">Toggle<\/span><span class=\"ez-toc-icon-toggle-span\"><svg style=\"fill: #999;color:#999\" xmlns=\"http:\/\/www.w3.org\/2000\/svg\" class=\"list-377408\" width=\"20px\" height=\"20px\" viewbox=\"0 0 24 24\" fill=\"none\"><path d=\"M6 6H4v2h2V6zm14 0H8v2h12V6zM4 11h2v2H4v-2zm16 0H8v2h12v-2zM4 16h2v2H4v-2zm16 0H8v2h12v-2z\" fill=\"currentColor\"><\/path><\/svg><svg style=\"fill: #999;color:#999\" class=\"arrow-unsorted-368013\" xmlns=\"http:\/\/www.w3.org\/2000\/svg\" width=\"10px\" height=\"10px\" viewbox=\"0 0 24 24\" version=\"1.2\" baseprofile=\"tiny\"><path d=\"M18.2 9.3l-6.2-6.3-6.2 6.3c-.2.2-.3.4-.3.7s.1.5.3.7c.2.2.4.3.7.3h11c.3 0 .5-.1.7-.3.2-.2.3-.5.3-.7s-.1-.5-.3-.7zM5.8 14.7l6.2 6.3 6.2-6.3c.2-.2.3-.5.3-.7s-.1-.5-.3-.7c-.2-.2-.4-.3-.7-.3h-11c-.3 0-.5.1-.7.3-.2.2-.3.5-.3.7s.1.5.3.7z\"\/><\/svg><\/span><\/span><\/span><\/a><\/span><\/div>\n<nav><ul class='ez-toc-list ez-toc-list-level-1' ><li class='ez-toc-page-1 ez-toc-heading-level-2'><a class=\"ez-toc-link ez-toc-heading-1\" href=\"https:\/\/mythslegendes.com\/en\/innu-mythology\/#Mythologie-Innu\" >Innu Mythology<\/a><\/li><li class='ez-toc-page-1 ez-toc-heading-level-2'><a class=\"ez-toc-link ez-toc-heading-2\" href=\"https:\/\/mythslegendes.com\/en\/innu-mythology\/#Mythologie-Innu-textes\" >Innu mythology (texts)<\/a><\/li><li class='ez-toc-page-1 ez-toc-heading-level-2'><a class=\"ez-toc-link ez-toc-heading-3\" href=\"https:\/\/mythslegendes.com\/en\/innu-mythology\/#Livres-sur-la-mythologie-Algique\" >Books on Algic mythology<\/a><\/li><\/ul><\/nav><\/div>\n<h2><span class=\"ez-toc-section\" id=\"Mythologie-Innu\"><\/span>Innu Mythology<span class=\"ez-toc-section-end\"><\/span><\/h2>\n<p>The <a href=\"https:\/\/mythslegendes.com\/en\/\">mythology<\/a> Innu brings together the following Amerindian peoples: <strong>Innu, Ilnus, Naskapis, Montagnais\u00a0<\/strong><\/p>\n<p>The\u00a0<strong>Innu<\/strong>\u00a0Where\u00a0<strong>Ilnus<\/strong>, or\u00a0<strong>Naskapi<\/strong>\u00a0or\u00a0<strong>Montagnais<\/strong>\u00a0(a term that some consider obsolete), are an indigenous people originally from the eastern part of the Quebec-Labrador peninsula, more specifically from the C\u00f4te-Nord and Saguenay \u2013 Lac-Saint-Jean regions in Quebec as well as from the region from Labrador to Newfoundland and Labrador.<\/p>\n<p><\/p>\n<p>The term &quot;\u00a0<em>Innu<\/em>\u00a0Comes from their language, Innu-aimun, and means \u201chuman being\u201d. This name was officially adopted in 1990 replacing the term &quot;\u00a0<strong>Montagnais<\/strong>\u00a0\u00bbGiven by the first French explorers. The Innu refer to their ancestral territory under the name of Nitassinan.<\/p>\n<p><img decoding=\"async\" class=\"alignnone wp-image-5284 size-full\" src=\"https:\/\/mythslegendes.com\/wp-content\/uploads\/2020\/09\/AlphaOmega-e1602613368367.png\" alt=\"Innu mythology \" width=\"25\" height=\"26\" title=\"\"><\/p>\n<p><\/p>\t\t\t\t\t\t\t\t<\/div>\n\t\t\t\t<\/div>\n\t\t\t\t\t<\/div>\n\t\t<\/div>\n\t\t\t\t\t<\/div>\n\t\t<\/section>\n\t\t\t\t<section class=\"elementor-section elementor-top-section elementor-element elementor-element-1c0fdac elementor-section-boxed elementor-section-height-default elementor-section-height-default\" data-id=\"1c0fdac\" data-element_type=\"section\" data-e-type=\"section\">\n\t\t\t\t\t\t<div class=\"elementor-container elementor-column-gap-default\">\n\t\t\t\t\t<div class=\"elementor-column elementor-col-100 elementor-top-column elementor-element elementor-element-c6ecfb5\" data-id=\"c6ecfb5\" data-element_type=\"column\" data-e-type=\"column\">\n\t\t\t<div class=\"elementor-widget-wrap elementor-element-populated\">\n\t\t\t\t\t\t<div class=\"elementor-element elementor-element-584aae0 elementor-widget elementor-widget-heading\" data-id=\"584aae0\" data-element_type=\"widget\" data-e-type=\"widget\" data-widget_type=\"heading.default\">\n\t\t\t\t<div class=\"elementor-widget-container\">\n\t\t\t\t\t<h2 class=\"elementor-heading-title elementor-size-default\"><span class=\"ez-toc-section\" id=\"Mythologie-Innu-textes\"><\/span>Innu mythology (texts)<span class=\"ez-toc-section-end\"><\/span><\/h2>\t\t\t\t<\/div>\n\t\t\t\t<\/div>\n\t\t\t\t\t<\/div>\n\t\t<\/div>\n\t\t\t\t\t<\/div>\n\t\t<\/section>\n\t\t\t\t<section class=\"elementor-section elementor-top-section elementor-element elementor-element-374a924 elementor-section-boxed elementor-section-height-default elementor-section-height-default\" data-id=\"374a924\" data-element_type=\"section\" data-e-type=\"section\">\n\t\t\t\t\t\t<div class=\"elementor-container elementor-column-gap-default\">\n\t\t\t\t\t<div class=\"elementor-column elementor-col-100 elementor-top-column elementor-element elementor-element-d9e5b32\" data-id=\"d9e5b32\" data-element_type=\"column\" data-e-type=\"column\">\n\t\t\t<div class=\"elementor-widget-wrap elementor-element-populated\">\n\t\t\t\t\t\t<div class=\"elementor-element elementor-element-c28a31b elementor-widget elementor-widget-toggle\" data-id=\"c28a31b\" data-element_type=\"widget\" data-e-type=\"widget\" data-widget_type=\"toggle.default\">\n\t\t\t\t<div class=\"elementor-widget-container\">\n\t\t\t\t\t\t\t<div class=\"elementor-toggle\">\n\t\t\t\t\t\t\t<div class=\"elementor-toggle-item\">\n\t\t\t\t\t<div id=\"elementor-tab-title-2031\" class=\"elementor-tab-title\" data-tab=\"1\" role=\"button\" aria-controls=\"elementor-tab-content-2031\" aria-expanded=\"false\">\n\t\t\t\t\t\t\t\t\t\t\t\t<span class=\"elementor-toggle-icon elementor-toggle-icon-left\" aria-hidden=\"true\">\n\t\t\t\t\t\t\t\t\t\t\t\t\t\t\t<span class=\"elementor-toggle-icon-closed\"><i class=\"fas fa-caret-right\"><\/i><\/span>\n\t\t\t\t\t\t\t\t<span class=\"elementor-toggle-icon-opened\"><i class=\"elementor-toggle-icon-opened fas fa-caret-up\"><\/i><\/span>\n\t\t\t\t\t\t\t\t\t\t\t\t\t<\/span>\n\t\t\t\t\t\t\t\t\t\t\t\t<a class=\"elementor-toggle-title\" tabindex=\"0\">Free audio Innu: Legends of the Mushuau Innu<\/a>\n\t\t\t\t\t<\/div>\n\n\t\t\t\t\t<div id=\"elementor-tab-content-2031\" class=\"elementor-tab-content elementor-clearfix\" data-tab=\"1\" role=\"region\" aria-labelledby=\"elementor-tab-title-2031\"><p class=\"detailHeadline\"><a href=\"https:\/\/www.cbc.ca\/radio\/ideas\/legends-of-the-mushuau-innu-1.2920716\" target=\"_blank\" rel=\"noopener\">Legends of the Mushuau Innu<\/a><\/p><\/div>\n\t\t\t\t<\/div>\n\t\t\t\t\t\t\t<div class=\"elementor-toggle-item\">\n\t\t\t\t\t<div id=\"elementor-tab-title-2032\" class=\"elementor-tab-title\" data-tab=\"2\" role=\"button\" aria-controls=\"elementor-tab-content-2032\" aria-expanded=\"false\">\n\t\t\t\t\t\t\t\t\t\t\t\t<span class=\"elementor-toggle-icon elementor-toggle-icon-left\" aria-hidden=\"true\">\n\t\t\t\t\t\t\t\t\t\t\t\t\t\t\t<span class=\"elementor-toggle-icon-closed\"><i class=\"fas fa-caret-right\"><\/i><\/span>\n\t\t\t\t\t\t\t\t<span class=\"elementor-toggle-icon-opened\"><i class=\"elementor-toggle-icon-opened fas fa-caret-up\"><\/i><\/span>\n\t\t\t\t\t\t\t\t\t\t\t\t\t<\/span>\n\t\t\t\t\t\t\t\t\t\t\t\t<a class=\"elementor-toggle-title\" tabindex=\"0\">Innu Myths and Legends<\/a>\n\t\t\t\t\t<\/div>\n\n\t\t\t\t\t<div id=\"elementor-tab-content-2032\" class=\"elementor-tab-content elementor-clearfix\" data-tab=\"2\" role=\"region\" aria-labelledby=\"elementor-tab-title-2032\"><ul>\n<li><a href=\"http:\/\/www.bigorrin.org\/archive109.htm\" target=\"_blank\" rel=\"noopener\"><strong>Tshakapesh and the Elephant Monster<\/strong><\/a><\/li>\n<li><a href=\"http:\/\/www.bigorrin.org\/archive111.htm\" target=\"_blank\" rel=\"noopener\"><strong>Maminteu\u00a0<\/strong><\/a><\/li>\n<li><strong><a href=\"http:\/\/www.bigorrin.org\/archive110.htm\" target=\"_blank\" rel=\"noopener\">Pishu (The Lynx)<\/a><\/strong><\/li>\n<li><strong><a href=\"http:\/\/www.bigorrin.org\/archive112.htm\" target=\"_blank\" rel=\"noopener\">Mashkussuts: Bear cubs<\/a><\/strong><\/li>\n<li><a href=\"http:\/\/www.bigorrin.org\/archive113.htm\" target=\"_blank\" rel=\"noopener\"><strong>Manitutshu the Spirit Mountain at Muskrat Falls<\/strong><\/a><\/li>\n<li><a href=\"http:\/\/www.bigorrin.org\/archive107.htm\" target=\"_blank\" rel=\"noopener\"><strong>Montagnais Religion<\/strong><\/a><\/li>\n<\/ul><\/div>\n\t\t\t\t<\/div>\n\t\t\t\t\t\t\t\t<\/div>\n\t\t\t\t\t\t<\/div>\n\t\t\t\t<\/div>\n\t\t\t\t\t<\/div>\n\t\t<\/div>\n\t\t\t\t\t<\/div>\n\t\t<\/section>\n\t\t\t\t<section class=\"elementor-section elementor-top-section elementor-element elementor-element-5e1d1e9 elementor-section-boxed elementor-section-height-default elementor-section-height-default\" data-id=\"5e1d1e9\" data-element_type=\"section\" data-e-type=\"section\">\n\t\t\t\t\t\t<div class=\"elementor-container elementor-column-gap-default\">\n\t\t\t\t\t<div class=\"elementor-column elementor-col-100 elementor-top-column elementor-element elementor-element-42c253a\" data-id=\"42c253a\" data-element_type=\"column\" data-e-type=\"column\">\n\t\t\t<div class=\"elementor-widget-wrap elementor-element-populated\">\n\t\t\t\t\t\t<div class=\"elementor-element elementor-element-41283f3 elementor-widget elementor-widget-heading\" data-id=\"41283f3\" data-element_type=\"widget\" data-e-type=\"widget\" data-widget_type=\"heading.default\">\n\t\t\t\t<div class=\"elementor-widget-container\">\n\t\t\t\t\t<h2 class=\"elementor-heading-title elementor-size-default\"><span class=\"ez-toc-section\" id=\"Livres-sur-la-mythologie-Algique\"><\/span>Books on Algic mythology<span class=\"ez-toc-section-end\"><\/span><\/h2>\t\t\t\t<\/div>\n\t\t\t\t<\/div>\n\t\t\t\t\t<\/div>\n\t\t<\/div>\n\t\t\t\t\t<\/div>\n\t\t<\/section>\n\t\t\t\t<section class=\"elementor-section elementor-top-section elementor-element elementor-element-7537205 elementor-section-boxed elementor-section-height-default elementor-section-height-default\" data-id=\"7537205\" data-element_type=\"section\" data-e-type=\"section\">\n\t\t\t\t\t\t<div class=\"elementor-container elementor-column-gap-default\">\n\t\t\t\t\t<div class=\"elementor-column elementor-col-100 elementor-top-column elementor-element elementor-element-fe2c292\" data-id=\"fe2c292\" data-element_type=\"column\" data-e-type=\"column\">\n\t\t\t<div class=\"elementor-widget-wrap elementor-element-populated\">\n\t\t\t\t\t\t<div class=\"elementor-element elementor-element-6e9dfad elementor-widget elementor-widget-text-editor\" data-id=\"6e9dfad\" data-element_type=\"widget\" data-e-type=\"widget\" data-widget_type=\"text-editor.default\">\n\t\t\t\t<div class=\"elementor-widget-container\">\n\t\t\t\t\t\t\t\t\t<p>Comics \/ Illustrated:<\/p>\n<p>In French :<\/p>\n<ul>\n<li><a href=\"https:\/\/www.amazon.fr\/dp\/2895962375?&amp;linkCode=sl1&amp;tag=mythscience-21&amp;linkId=ebee40ac7617d179e7dd0f1f7ffa4a95&amp;language=fr_FR&amp;ref_=as_li_ss_tl\" target=\"_blank\" rel=\"noopener\">The laughing people: Tribute to my Innu friends<\/a><\/li>\n<li><a href=\"https:\/\/www.amazon.fr\/dp\/2226172246?&amp;linkCode=ll1&amp;tag=mythscience-21&amp;linkId=6006504fbd7d9d64231098b85ff6e989&amp;language=fr_FR&amp;ref_=as_li_ss_tl\" target=\"_blank\" rel=\"noopener\">From Cheyenne Memory: Life and History of My People<\/a><\/li>\n<\/ul>\n<p>Only in English:<\/p>\n<ul>\n<li><a href=\"https:\/\/www.amazon.fr\/dp\/0816697264?&amp;linkCode=ll1&amp;tag=mythscience-21&amp;linkId=6ad8ea5c22390f21f70961905cf836f9&amp;language=fr_FR&amp;ref_=as_li_ss_tl\" target=\"_blank\" rel=\"noopener\">Chi-mewinzha: Ojibwe Stories from Leech Lake<\/a><\/li>\n<li><a href=\"https:\/\/www.amazon.fr\/Legend-Sleeping-Bear-Kathy-Jo-Wargin\/dp\/188694735X?&amp;linkCode=ll1&amp;tag=mythscience-21&amp;linkId=442926fb6f782ade562a20f8e185599f&amp;language=fr_FR&amp;ref_=as_li_ss_tl\" target=\"_blank\" rel=\"noopener\">The Legend of Sleeping Bear<\/a><\/li>\n<li><a href=\"https:\/\/www.amazon.fr\/Heart-Everything-That-Untold-American\/dp\/1451654669?&amp;linkCode=ll1&amp;tag=mythscience-21&amp;linkId=6b3c3676dceb1ccca30f75f5ac56c5f3&amp;language=fr_FR&amp;ref_=as_li_ss_tl\" target=\"_blank\" rel=\"noopener\">The Heart of Everything That Is: The Untold Story of Red Cloud, An American Legend<\/a><\/li>\n<li><a href=\"https:\/\/www.amazon.fr\/Legend-Bigfoot-Leaving-Mark-World\/dp\/1684351391?&amp;linkCode=ll1&amp;tag=mythscience-21&amp;linkId=8a436ede2f977562f3394b6f98129806&amp;language=fr_FR&amp;ref_=as_li_ss_tl\" target=\"_blank\" rel=\"noopener\">The Legend of Bigfoot: Leaving His Mark on the World<\/a><\/li>\n<li><a href=\"https:\/\/www.amazon.fr\/dp\/1847807402?&amp;linkCode=ll1&amp;tag=mythscience-21&amp;linkId=450d06973981e0e8ba0aaa6100fbddb8&amp;language=fr_FR&amp;ref_=as_li_ss_tl\" target=\"_blank\" rel=\"noopener\">The Crow&#039;s Tale: A Lenni Lenape Native American Legend<\/a><\/li>\n<li><a href=\"https:\/\/www.amazon.fr\/dp\/154266585X?&amp;linkCode=sl1&amp;tag=mythscience-21&amp;linkId=91dcdc06f8e7f6b1e01f0b7552a4a6dd&amp;language=fr_FR&amp;ref_=as_li_ss_tl\" target=\"_blank\" rel=\"noopener\">The Algonquin Legends of New England<\/a><\/li>\n<li><a href=\"https:\/\/www.amazon.fr\/dp\/0803224915?&amp;linkCode=ll1&amp;tag=mythscience-21&amp;linkId=2b7bc4a48e22339f4b322021d3af0fe4&amp;language=fr_FR&amp;ref_=as_li_ss_tl\" target=\"_blank\" rel=\"noopener\">Tales from Maliseet Country<\/a><\/li>\n<li><a href=\"https:\/\/www.amazon.fr\/dp\/1425493300?&amp;linkCode=ll1&amp;tag=mythscience-21&amp;linkId=54990317a81fe94b4fb889dfbe0e0615&amp;language=fr_FR&amp;ref_=as_li_ss_tl\" target=\"_blank\" rel=\"noopener\">Wyandot Folk Lore<\/a><\/li>\n<li><a href=\"https:\/\/www.amazon.fr\/dp\/1589792017?&amp;linkCode=ll1&amp;tag=mythscience-21&amp;linkId=a1df3697acc0e808b37335c56e2a2940&amp;language=fr_FR&amp;ref_=as_li_ss_tl\" target=\"_blank\" rel=\"noopener\">The First Fire: Stories Of The Cherokee, Kickapoo, Kiowa, And Tigua<\/a><\/li>\n<li><a href=\"https:\/\/www.amazon.fr\/dp\/1596299169?&amp;linkCode=ll1&amp;tag=mythscience-21&amp;linkId=88cb9c20cb829352f7775123b6527c12&amp;language=fr_FR&amp;ref_=as_li_ss_tl\" target=\"_blank\" rel=\"noopener\">Forgotten Tales of Michigan&#039;s Upper Peninsula<\/a><\/li>\n<\/ul>\t\t\t\t\t\t\t\t<\/div>\n\t\t\t\t<\/div>\n\t\t\t\t\t<\/div>\n\t\t<\/div>\n\t\t\t\t\t<\/div>\n\t\t<\/section>\n\t\t\t\t<\/div>","protected":false},"excerpt":{"rendered":"<p>Retour au Groupe Culturel Boutique D\u00e9di\u00e9e Wiki Mythologie Innu La mythologie Innu regroupe les peuples am\u00e9rindiens suivant : Innus, Ilnus, &hellip; <\/p>","protected":false},"author":1,"featured_media":0,"parent":0,"menu_order":1,"comment_status":"closed","ping_status":"closed","template":"","meta":{"footnotes":""},"class_list":["post-3861","page","type-page","status-publish","hentry"],"amp_enabled":true,"_links":{"self":[{"href":"https:\/\/mythslegendes.com\/en\/wp-json\/wp\/v2\/pages\/3861","targetHints":{"allow":["GET"]}}],"collection":[{"href":"https:\/\/mythslegendes.com\/en\/wp-json\/wp\/v2\/pages"}],"about":[{"href":"https:\/\/mythslegendes.com\/en\/wp-json\/wp\/v2\/types\/page"}],"author":[{"embeddable":true,"href":"https:\/\/mythslegendes.com\/en\/wp-json\/wp\/v2\/users\/1"}],"replies":[{"embeddable":true,"href":"https:\/\/mythslegendes.com\/en\/wp-json\/wp\/v2\/comments?post=3861"}],"version-history":[{"count":7,"href":"https:\/\/mythslegendes.com\/en\/wp-json\/wp\/v2\/pages\/3861\/revisions"}],"predecessor-version":[{"id":27058,"href":"https:\/\/mythslegendes.com\/en\/wp-json\/wp\/v2\/pages\/3861\/revisions\/27058"}],"wp:attachment":[{"href":"https:\/\/mythslegendes.com\/en\/wp-json\/wp\/v2\/media?parent=3861"}],"curies":[{"name":"wp","href":"https:\/\/api.w.org\/{rel}","templated":true}]}}