{"id":4064,"date":"2020-07-30T15:36:13","date_gmt":"2020-07-30T14:36:13","guid":{"rendered":"https:\/\/mythslegendes.com\/?page_id=4064"},"modified":"2023-03-04T23:37:54","modified_gmt":"2023-03-04T23:37:54","slug":"mythologie-sahaptienne","status":"publish","type":"page","link":"https:\/\/mythslegendes.com\/en\/sahaptian-mythology\/","title":{"rendered":"Sahaptian-Penutian mythology"},"content":{"rendered":"<div data-elementor-type=\"wp-page\" data-elementor-id=\"4064\" class=\"elementor elementor-4064\">\n\t\t\t\t\t\t<section class=\"elementor-section elementor-top-section elementor-element elementor-element-b126e72 elementor-section-boxed elementor-section-height-default elementor-section-height-default\" data-id=\"b126e72\" data-element_type=\"section\" data-e-type=\"section\">\n\t\t\t\t\t\t<div class=\"elementor-container elementor-column-gap-default\">\n\t\t\t\t\t<div class=\"elementor-column elementor-col-33 elementor-top-column elementor-element elementor-element-f2d39df\" data-id=\"f2d39df\" data-element_type=\"column\" data-e-type=\"column\">\n\t\t\t<div class=\"elementor-widget-wrap elementor-element-populated\">\n\t\t\t\t\t\t<div class=\"elementor-element elementor-element-531cdbe elementor-align-justify elementor-widget elementor-widget-button\" data-id=\"531cdbe\" data-element_type=\"widget\" data-e-type=\"widget\" data-widget_type=\"button.default\">\n\t\t\t\t<div class=\"elementor-widget-container\">\n\t\t\t\t\t\t\t\t\t<div class=\"elementor-button-wrapper\">\n\t\t\t\t\t<a class=\"elementor-button elementor-button-link elementor-size-sm\" href=\"https:\/\/mythslegendes.com\/en\/mythes-et-legendes-penutiens-2080\/\">\n\t\t\t\t\t\t<span class=\"elementor-button-content-wrapper\">\n\t\t\t\t\t\t\t\t\t<span class=\"elementor-button-text\">Back to the Cultural Group<\/span>\n\t\t\t\t\t<\/span>\n\t\t\t\t\t<\/a>\n\t\t\t\t<\/div>\n\t\t\t\t\t\t\t\t<\/div>\n\t\t\t\t<\/div>\n\t\t\t\t\t<\/div>\n\t\t<\/div>\n\t\t\t\t<div class=\"elementor-column elementor-col-33 elementor-top-column elementor-element elementor-element-ab3433a\" data-id=\"ab3433a\" data-element_type=\"column\" data-e-type=\"column\">\n\t\t\t<div class=\"elementor-widget-wrap elementor-element-populated\">\n\t\t\t\t\t\t<div class=\"elementor-element elementor-element-f5fc90a elementor-align-justify elementor-widget elementor-widget-button\" data-id=\"f5fc90a\" data-element_type=\"widget\" data-e-type=\"widget\" data-widget_type=\"button.default\">\n\t\t\t\t<div class=\"elementor-widget-container\">\n\t\t\t\t\t\t\t\t\t<div class=\"elementor-button-wrapper\">\n\t\t\t\t\t<a class=\"elementor-button elementor-button-link elementor-size-sm\" href=\"https:\/\/mythslegendes.com\/en\/book-libraries\/\">\n\t\t\t\t\t\t<span class=\"elementor-button-content-wrapper\">\n\t\t\t\t\t\t\t\t\t<span class=\"elementor-button-text\">Dedicated Shop<\/span>\n\t\t\t\t\t<\/span>\n\t\t\t\t\t<\/a>\n\t\t\t\t<\/div>\n\t\t\t\t\t\t\t\t<\/div>\n\t\t\t\t<\/div>\n\t\t\t\t\t<\/div>\n\t\t<\/div>\n\t\t\t\t<div class=\"elementor-column elementor-col-33 elementor-top-column elementor-element elementor-element-b56eb41\" data-id=\"b56eb41\" data-element_type=\"column\" data-e-type=\"column\">\n\t\t\t<div class=\"elementor-widget-wrap elementor-element-populated\">\n\t\t\t\t\t\t<div class=\"elementor-element elementor-element-503224a elementor-align-justify elementor-widget elementor-widget-button\" data-id=\"503224a\" data-element_type=\"widget\" data-e-type=\"widget\" data-widget_type=\"button.default\">\n\t\t\t\t<div class=\"elementor-widget-container\">\n\t\t\t\t\t\t\t\t\t<div class=\"elementor-button-wrapper\">\n\t\t\t\t\t<a class=\"elementor-button elementor-button-link elementor-size-sm\" href=\"https:\/\/fr.wikipedia.org\/wiki\/Langues_sahaptiennes\" target=\"_blank\" rel=\"noopener\">\n\t\t\t\t\t\t<span class=\"elementor-button-content-wrapper\">\n\t\t\t\t\t\t\t\t\t<span class=\"elementor-button-text\">Wiki<\/span>\n\t\t\t\t\t<\/span>\n\t\t\t\t\t<\/a>\n\t\t\t\t<\/div>\n\t\t\t\t\t\t\t\t<\/div>\n\t\t\t\t<\/div>\n\t\t\t\t\t<\/div>\n\t\t<\/div>\n\t\t\t\t\t<\/div>\n\t\t<\/section>\n\t\t\t\t<section class=\"elementor-section elementor-top-section elementor-element elementor-element-41fd5e9f elementor-section-boxed elementor-section-height-default elementor-section-height-default\" data-id=\"41fd5e9f\" data-element_type=\"section\" data-e-type=\"section\">\n\t\t\t\t\t\t<div class=\"elementor-container elementor-column-gap-default\">\n\t\t\t\t\t<div class=\"elementor-column elementor-col-100 elementor-top-column elementor-element elementor-element-275252b9\" data-id=\"275252b9\" data-element_type=\"column\" data-e-type=\"column\">\n\t\t\t<div class=\"elementor-widget-wrap elementor-element-populated\">\n\t\t\t\t\t\t<div class=\"elementor-element elementor-element-4b073781 elementor-widget elementor-widget-text-editor\" data-id=\"4b073781\" data-element_type=\"widget\" data-e-type=\"widget\" data-widget_type=\"text-editor.default\">\n\t\t\t\t<div class=\"elementor-widget-container\">\n\t\t\t\t\t\t\t\t\t<p><\/p>\n<div id=\"ez-toc-container\" class=\"ez-toc-v2_0_82_2 counter-hierarchy ez-toc-counter ez-toc-grey ez-toc-container-direction\">\n<div class=\"ez-toc-title-container\">\n<p class=\"ez-toc-title\" style=\"cursor:inherit\">Contents<\/p>\n<span class=\"ez-toc-title-toggle\"><a href=\"#\" class=\"ez-toc-pull-right ez-toc-btn ez-toc-btn-xs ez-toc-btn-default ez-toc-toggle\" aria-label=\"Toggle Table of Content\"><span class=\"ez-toc-js-icon-con\"><span class=\"\"><span class=\"eztoc-hide\" style=\"display:none;\">Toggle<\/span><span class=\"ez-toc-icon-toggle-span\"><svg style=\"fill: #999;color:#999\" xmlns=\"http:\/\/www.w3.org\/2000\/svg\" class=\"list-377408\" width=\"20px\" height=\"20px\" viewbox=\"0 0 24 24\" fill=\"none\"><path d=\"M6 6H4v2h2V6zm14 0H8v2h12V6zM4 11h2v2H4v-2zm16 0H8v2h12v-2zM4 16h2v2H4v-2zm16 0H8v2h12v-2z\" fill=\"currentColor\"><\/path><\/svg><svg style=\"fill: #999;color:#999\" class=\"arrow-unsorted-368013\" xmlns=\"http:\/\/www.w3.org\/2000\/svg\" width=\"10px\" height=\"10px\" viewbox=\"0 0 24 24\" version=\"1.2\" baseprofile=\"tiny\"><path d=\"M18.2 9.3l-6.2-6.3-6.2 6.3c-.2.2-.3.4-.3.7s.1.5.3.7c.2.2.4.3.7.3h11c.3 0 .5-.1.7-.3.2-.2.3-.5.3-.7s-.1-.5-.3-.7zM5.8 14.7l6.2 6.3 6.2-6.3c.2-.2.3-.5.3-.7s-.1-.5-.3-.7c-.2-.2-.4-.3-.7-.3h-11c-.3 0-.5.1-.7.3-.2.2-.3.5-.3.7s.1.5.3.7z\"\/><\/svg><\/span><\/span><\/span><\/a><\/span><\/div>\n<nav><ul class='ez-toc-list ez-toc-list-level-1' ><li class='ez-toc-page-1 ez-toc-heading-level-2'><a class=\"ez-toc-link ez-toc-heading-1\" href=\"https:\/\/mythslegendes.com\/en\/sahaptian-mythology\/#Mythologie-Sahaptienne-Penutienne\" >Sahaptian-Penutian mythology<\/a><\/li><li class='ez-toc-page-1 ez-toc-heading-level-2'><a class=\"ez-toc-link ez-toc-heading-2\" href=\"https:\/\/mythslegendes.com\/en\/sahaptian-mythology\/#Mythologie-Sahaptienne-Penutienne-textes\" >Sahaptian-Penutian mythology (texts)<\/a><\/li><li class='ez-toc-page-1 ez-toc-heading-level-2'><a class=\"ez-toc-link ez-toc-heading-3\" href=\"https:\/\/mythslegendes.com\/en\/sahaptian-mythology\/#Livres-sur-la-mythologie-Penutien\" >Books on Penutian Mythology<\/a><\/li><\/ul><\/nav><\/div>\n<h2 class=\"entry-title\"><span class=\"ez-toc-section\" id=\"Mythologie-Sahaptienne-Penutienne\"><\/span>Sahaptian-Penutian mythology<span class=\"ez-toc-section-end\"><\/span><\/h2>\n<p>The <a href=\"https:\/\/mythslegendes.com\/en\/\">mythology<\/a> Sahaptienne-Penutienne brings together the following Amerindian peoples:\u00a0 <strong>Nez-Pierc\u00e9s, <\/strong><strong>Yakamas, <\/strong><strong>Klamaths, <\/strong><strong>Modocs.<\/strong><\/p>\n<p>The <strong>Sahaptian languages<\/strong> are a small family of Native American languages spoken in the northwestern United States. Edward Sapir included them in his hypothesis of languages <a href=\"https:\/\/mythslegendes.com\/en\/mythes-et-legendes-penutiens-2080\/\">penutians<\/a>, within the Penutian Plateaux subgroup.<\/p>\n<p><\/p>\n<p>The <strong>Nose-Pierced<\/strong>, <em>Nim\u00edipuu<\/em>, are a Native American tribe of the group <a href=\"https:\/\/mythslegendes.com\/en\/mythes-et-legendes-penutiens-2080\/\">penutian<\/a> who lived in the Columbia Plateau of the Pacific Northwest at the time of Lewis and Clark&#039;s expedition.<\/p>\n<p><\/p>\n<p>The memory of the Nez-Perce remains intact through the breeding and selection of the Appaloosa horse, native to the Palouse River, and their heroic resistance during their flight over several thousand kilometers under the leadership of Chief Joseph. The term <em>Pierced nose<\/em> is an exonym given by French or French-speaking Canadian fur traders who were the first to come into contact with members of the tribe. This term has been taken up by English speakers.<\/p>\n<p><\/p>\n<p>The nation of <strong>Yakamas<\/strong> (formerly <strong>Yakimas<\/strong>) lives in Washington State in the northwestern United States.<\/p>\n<p><\/p>\n<p>The <strong>Klamaths<\/strong> are a Native American people who lived in southern Oregon. They are related to other peoples of the Columbia Plateau, and particularly to the <strong>Modocs<\/strong>.<\/p>\n<p><img decoding=\"async\" class=\"alignnone wp-image-5284 size-full\" src=\"https:\/\/mythslegendes.com\/wp-content\/uploads\/2020\/09\/AlphaOmega-e1602613368367.png\" alt=\"Sahaptian-Penutian mythology\" width=\"25\" height=\"26\" title=\"\"><\/p>\n<p><\/p>\n<p><\/p>\t\t\t\t\t\t\t\t<\/div>\n\t\t\t\t<\/div>\n\t\t\t\t\t<\/div>\n\t\t<\/div>\n\t\t\t\t\t<\/div>\n\t\t<\/section>\n\t\t\t\t<section class=\"elementor-section elementor-top-section elementor-element elementor-element-94fe4a3 elementor-section-boxed elementor-section-height-default elementor-section-height-default\" data-id=\"94fe4a3\" data-element_type=\"section\" data-e-type=\"section\">\n\t\t\t\t\t\t<div class=\"elementor-container elementor-column-gap-default\">\n\t\t\t\t\t<div class=\"elementor-column elementor-col-100 elementor-top-column elementor-element elementor-element-a34edb7\" data-id=\"a34edb7\" data-element_type=\"column\" data-e-type=\"column\">\n\t\t\t<div class=\"elementor-widget-wrap elementor-element-populated\">\n\t\t\t\t\t\t<div class=\"elementor-element elementor-element-33ec02c elementor-widget elementor-widget-heading\" data-id=\"33ec02c\" data-element_type=\"widget\" data-e-type=\"widget\" data-widget_type=\"heading.default\">\n\t\t\t\t<div class=\"elementor-widget-container\">\n\t\t\t\t\t<h2 class=\"elementor-heading-title elementor-size-default\"><span class=\"ez-toc-section\" id=\"Mythologie-Sahaptienne-Penutienne-textes\"><\/span>Sahaptian-Penutian mythology (texts)<span class=\"ez-toc-section-end\"><\/span><\/h2>\t\t\t\t<\/div>\n\t\t\t\t<\/div>\n\t\t\t\t\t<\/div>\n\t\t<\/div>\n\t\t\t\t\t<\/div>\n\t\t<\/section>\n\t\t\t\t<section class=\"elementor-section elementor-top-section elementor-element elementor-element-69bdada elementor-section-boxed elementor-section-height-default elementor-section-height-default\" data-id=\"69bdada\" data-element_type=\"section\" data-e-type=\"section\">\n\t\t\t\t\t\t<div class=\"elementor-container elementor-column-gap-default\">\n\t\t\t\t\t<div class=\"elementor-column elementor-col-100 elementor-top-column elementor-element elementor-element-89c28ff\" data-id=\"89c28ff\" data-element_type=\"column\" data-e-type=\"column\">\n\t\t\t<div class=\"elementor-widget-wrap elementor-element-populated\">\n\t\t\t\t\t\t<div class=\"elementor-element elementor-element-6d64581 elementor-widget elementor-widget-toggle\" data-id=\"6d64581\" data-element_type=\"widget\" data-e-type=\"widget\" data-widget_type=\"toggle.default\">\n\t\t\t\t<div class=\"elementor-widget-container\">\n\t\t\t\t\t\t\t<div class=\"elementor-toggle\">\n\t\t\t\t\t\t\t<div class=\"elementor-toggle-item\">\n\t\t\t\t\t<div id=\"elementor-tab-title-1141\" class=\"elementor-tab-title\" data-tab=\"1\" role=\"button\" aria-controls=\"elementor-tab-content-1141\" aria-expanded=\"false\">\n\t\t\t\t\t\t\t\t\t\t\t\t<span class=\"elementor-toggle-icon elementor-toggle-icon-left\" aria-hidden=\"true\">\n\t\t\t\t\t\t\t\t\t\t\t\t\t\t\t<span class=\"elementor-toggle-icon-closed\"><i class=\"fas fa-caret-right\"><\/i><\/span>\n\t\t\t\t\t\t\t\t<span class=\"elementor-toggle-icon-opened\"><i class=\"elementor-toggle-icon-opened fas fa-caret-up\"><\/i><\/span>\n\t\t\t\t\t\t\t\t\t\t\t\t\t<\/span>\n\t\t\t\t\t\t\t\t\t\t\t\t<a class=\"elementor-toggle-title\" tabindex=\"0\">Nez-Perce Myths and Legends<\/a>\n\t\t\t\t\t<\/div>\n\n\t\t\t\t\t<div id=\"elementor-tab-content-1141\" class=\"elementor-tab-content elementor-clearfix\" data-tab=\"1\" role=\"region\" aria-labelledby=\"elementor-tab-title-1141\"><ul>\n<li><strong><a href=\"https:\/\/www.firstpeople.us\/FP-Html-Legends\/Bat_And_Coyote-NezPerce.html\" target=\"_blank\" rel=\"noopener\">Bat and coyote<\/a><\/strong><\/li>\n<li><strong><a href=\"https:\/\/www.firstpeople.us\/FP-Html-Legends\/Bear_And_Raccoon_Boy-NezPerce.html\" target=\"_blank\" rel=\"noopener\">Bear And Raccoon Boy<\/a><\/strong><\/li>\n<li><strong><a href=\"https:\/\/www.firstpeople.us\/FP-Html-Legends\/Bear_Leads_A_Boy_Astray-NezPerce.html\" target=\"_blank\" rel=\"noopener\">Bear Leads A Boy Astray<\/a><\/strong><\/li>\n<li><strong><a href=\"https:\/\/www.firstpeople.us\/FP-Html-Legends\/Bears_And_Coyote-NezPerce.html\" target=\"_blank\" rel=\"noopener\">Bears And Coyote<\/a><\/strong><\/li>\n<li><strong><a href=\"https:\/\/www.firstpeople.us\/FP-Html-Legends\/ChipmunkAndSnake-NezPerce.html\" target=\"_blank\" rel=\"noopener\">Chipmunk And Snake<\/a><\/strong><\/li>\n<li><strong><a href=\"https:\/\/www.firstpeople.us\/FP-Html-Legends\/CoyoteAndPorcupine-NezPerce.html\" target=\"_blank\" rel=\"noopener\">Coyote And Porcupine<\/a><\/strong><\/li>\n<li><strong><a href=\"https:\/\/www.firstpeople.us\/FP-Html-Legends\/Coyote-And-The-Mallard-Ducks-NezPerce.html\" target=\"_blank\" rel=\"noopener\">Coyote And The Mallard Ducks<\/a><\/strong><\/li>\n<li><strong><a href=\"https:\/\/www.firstpeople.us\/FP-Html-Legends\/CoyoteandtheMonsterofKamiah-NezPerce.html\" target=\"_blank\" rel=\"noopener\">Coyote And The Monster Of Kamiah<\/a><\/strong><\/li>\n<li><strong><a href=\"https:\/\/www.firstpeople.us\/FP-Html-Legends\/CoyoteCreatesHumanBeings-NezPerce.html\" target=\"_blank\" rel=\"noopener\">Coyote Creates Human Beings<\/a><\/strong><\/li>\n<li><strong><a href=\"https:\/\/www.firstpeople.us\/FP-Html-Legends\/Cry-Because-He-Had-No-Wife-NezPerce.html\" target=\"_blank\" rel=\"noopener\">Cry-Because-He-Had-No-Wife<\/a><\/strong><\/li>\n<li><strong><a href=\"https:\/\/www.firstpeople.us\/FP-Html-Legends\/HowTheBeaverStoleFireFromThePines-NezPerce.html\" target=\"_blank\" rel=\"noopener\">How The Beaver Stole Fire From The Pines<\/a><\/strong><\/li>\n<li><strong><a href=\"https:\/\/www.firstpeople.us\/FP-Html-Legends\/The-First-Moccasins-NezPerce.html\" target=\"_blank\" rel=\"noopener\">The First Moccasins<\/a><\/strong><\/li>\n<li><strong><a href=\"https:\/\/www.firstpeople.us\/FP-Html-Legends\/TheManWhoMarriedABear-NezPerce.html\" target=\"_blank\" rel=\"noopener\">The Man Who Married A Bear<\/a><\/strong><\/li>\n<li><strong><a href=\"https:\/\/www.firstpeople.us\/FP-Html-Legends\/WhenSweatLodgeWasHuman-NezPerce.html\" target=\"_blank\" rel=\"noopener\">When Sweat Lodge Was Human<\/a><\/strong><\/li>\n<li><strong><a href=\"https:\/\/www.firstpeople.us\/FP-Html-Legends\/YellowJacketandAnt-NezPerce.html\" target=\"_blank\" rel=\"noopener\">Yellow Jacket And Ant<\/a><\/strong><\/li>\n<\/ul><\/div>\n\t\t\t\t<\/div>\n\t\t\t\t\t\t\t<div class=\"elementor-toggle-item\">\n\t\t\t\t\t<div id=\"elementor-tab-title-1142\" class=\"elementor-tab-title\" data-tab=\"2\" role=\"button\" aria-controls=\"elementor-tab-content-1142\" aria-expanded=\"false\">\n\t\t\t\t\t\t\t\t\t\t\t\t<span class=\"elementor-toggle-icon elementor-toggle-icon-left\" aria-hidden=\"true\">\n\t\t\t\t\t\t\t\t\t\t\t\t\t\t\t<span class=\"elementor-toggle-icon-closed\"><i class=\"fas fa-caret-right\"><\/i><\/span>\n\t\t\t\t\t\t\t\t<span class=\"elementor-toggle-icon-opened\"><i class=\"elementor-toggle-icon-opened fas fa-caret-up\"><\/i><\/span>\n\t\t\t\t\t\t\t\t\t\t\t\t\t<\/span>\n\t\t\t\t\t\t\t\t\t\t\t\t<a class=\"elementor-toggle-title\" tabindex=\"0\">Yakama Myths and Legends<\/a>\n\t\t\t\t\t<\/div>\n\n\t\t\t\t\t<div id=\"elementor-tab-content-1142\" class=\"elementor-tab-content elementor-clearfix\" data-tab=\"2\" role=\"region\" aria-labelledby=\"elementor-tab-title-1142\"><ul>\n<li><strong><a href=\"https:\/\/www.firstpeople.us\/FP-Html-Legends\/Chinook-Wind-Yakima.html\" target=\"_blank\" rel=\"noopener\">Chinook wind<\/a><\/strong><\/li>\n<li><strong><a href=\"https:\/\/www.firstpeople.us\/FP-Html-Legends\/Coyote-And-Crow-Yakima.html\" target=\"_blank\" rel=\"noopener\">Coyote And Crow<\/a><\/strong><\/li>\n<li><strong><a href=\"https:\/\/www.firstpeople.us\/FP-Html-Legends\/Creation-Of-The-Yakima-World-Yakima.html\" target=\"_blank\" rel=\"noopener\">Creation Of The Yakima World<\/a><\/strong><\/li>\n<li><strong><a href=\"https:\/\/www.firstpeople.us\/FP-Html-Legends\/Legend-Of-The-Lost-Salmon-Yakima.html\" target=\"_blank\" rel=\"noopener\">Legend Of The Lost Salmon<\/a><\/strong><\/li>\n<li><strong><a href=\"https:\/\/www.firstpeople.us\/FP-Html-Legends\/Tsi-Laan-Deep-Water-Yakima.html\" target=\"_blank\" rel=\"noopener\">Tsi - Laan (Deep Water)<\/a><\/strong><\/li>\n<li><a href=\"http:\/\/www.indigenouspeople.net\/owlwoman.htm\" target=\"_blank\" rel=\"noopener\"><strong>Owl-Woman Monster<\/strong><\/a><\/li>\n<\/ul><\/div>\n\t\t\t\t<\/div>\n\t\t\t\t\t\t\t<div class=\"elementor-toggle-item\">\n\t\t\t\t\t<div id=\"elementor-tab-title-1143\" class=\"elementor-tab-title\" data-tab=\"3\" role=\"button\" aria-controls=\"elementor-tab-content-1143\" aria-expanded=\"false\">\n\t\t\t\t\t\t\t\t\t\t\t\t<span class=\"elementor-toggle-icon elementor-toggle-icon-left\" aria-hidden=\"true\">\n\t\t\t\t\t\t\t\t\t\t\t\t\t\t\t<span class=\"elementor-toggle-icon-closed\"><i class=\"fas fa-caret-right\"><\/i><\/span>\n\t\t\t\t\t\t\t\t<span class=\"elementor-toggle-icon-opened\"><i class=\"elementor-toggle-icon-opened fas fa-caret-up\"><\/i><\/span>\n\t\t\t\t\t\t\t\t\t\t\t\t\t<\/span>\n\t\t\t\t\t\t\t\t\t\t\t\t<a class=\"elementor-toggle-title\" tabindex=\"0\">Modoc Free Book: Myths of the Modocs<\/a>\n\t\t\t\t\t<\/div>\n\n\t\t\t\t\t<div id=\"elementor-tab-content-1143\" class=\"elementor-tab-content elementor-clearfix\" data-tab=\"3\" role=\"region\" aria-labelledby=\"elementor-tab-title-1143\"><p><a href=\"https:\/\/archive.org\/details\/mythsofmodocs00curt2?ref=ol&#038;view=theater\" target=\"_blank\" rel=\"noopener\">Myths of the Modocs<\/a><\/p><\/div>\n\t\t\t\t<\/div>\n\t\t\t\t\t\t\t<div class=\"elementor-toggle-item\">\n\t\t\t\t\t<div id=\"elementor-tab-title-1144\" class=\"elementor-tab-title\" data-tab=\"4\" role=\"button\" aria-controls=\"elementor-tab-content-1144\" aria-expanded=\"false\">\n\t\t\t\t\t\t\t\t\t\t\t\t<span class=\"elementor-toggle-icon elementor-toggle-icon-left\" aria-hidden=\"true\">\n\t\t\t\t\t\t\t\t\t\t\t\t\t\t\t<span class=\"elementor-toggle-icon-closed\"><i class=\"fas fa-caret-right\"><\/i><\/span>\n\t\t\t\t\t\t\t\t<span class=\"elementor-toggle-icon-opened\"><i class=\"elementor-toggle-icon-opened fas fa-caret-up\"><\/i><\/span>\n\t\t\t\t\t\t\t\t\t\t\t\t\t<\/span>\n\t\t\t\t\t\t\t\t\t\t\t\t<a class=\"elementor-toggle-title\" tabindex=\"0\">Myths and Legends Modoc<\/a>\n\t\t\t\t\t<\/div>\n\n\t\t\t\t\t<div id=\"elementor-tab-content-1144\" class=\"elementor-tab-content elementor-clearfix\" data-tab=\"4\" role=\"region\" aria-labelledby=\"elementor-tab-title-1144\"><ul>\n<li><strong><a href=\"http:\/\/www.native-languages.org\/modocstory.htm\" target=\"_blank\" rel=\"noopener\">How Old Age Came into the World<\/a><\/strong><\/li>\n<li><a href=\"http:\/\/www.native-languages.org\/modocstory2.htm\" target=\"_blank\" rel=\"noopener\"><strong>The Bat<\/strong><\/a><\/li>\n<\/ul><\/div>\n\t\t\t\t<\/div>\n\t\t\t\t\t\t\t\t<\/div>\n\t\t\t\t\t\t<\/div>\n\t\t\t\t<\/div>\n\t\t\t\t\t<\/div>\n\t\t<\/div>\n\t\t\t\t\t<\/div>\n\t\t<\/section>\n\t\t\t\t<section class=\"elementor-section elementor-top-section elementor-element elementor-element-e8bfca1 elementor-section-boxed elementor-section-height-default elementor-section-height-default\" data-id=\"e8bfca1\" data-element_type=\"section\" data-e-type=\"section\">\n\t\t\t\t\t\t<div class=\"elementor-container elementor-column-gap-default\">\n\t\t\t\t\t<div class=\"elementor-column elementor-col-100 elementor-top-column elementor-element elementor-element-3c53816\" data-id=\"3c53816\" data-element_type=\"column\" data-e-type=\"column\">\n\t\t\t<div class=\"elementor-widget-wrap elementor-element-populated\">\n\t\t\t\t\t\t<div class=\"elementor-element elementor-element-a680c63 elementor-widget elementor-widget-heading\" data-id=\"a680c63\" data-element_type=\"widget\" data-e-type=\"widget\" data-widget_type=\"heading.default\">\n\t\t\t\t<div class=\"elementor-widget-container\">\n\t\t\t\t\t<h2 class=\"elementor-heading-title elementor-size-default\"><span class=\"ez-toc-section\" id=\"Livres-sur-la-mythologie-Penutien\"><\/span>Books on Penutian Mythology<span class=\"ez-toc-section-end\"><\/span><\/h2>\t\t\t\t<\/div>\n\t\t\t\t<\/div>\n\t\t\t\t\t<\/div>\n\t\t<\/div>\n\t\t\t\t\t<\/div>\n\t\t<\/section>\n\t\t\t\t<section class=\"elementor-section elementor-top-section elementor-element elementor-element-974916f elementor-section-boxed elementor-section-height-default elementor-section-height-default\" data-id=\"974916f\" data-element_type=\"section\" data-e-type=\"section\">\n\t\t\t\t\t\t<div class=\"elementor-container elementor-column-gap-default\">\n\t\t\t\t\t<div class=\"elementor-column elementor-col-100 elementor-top-column elementor-element elementor-element-a2785af\" data-id=\"a2785af\" data-element_type=\"column\" data-e-type=\"column\">\n\t\t\t<div class=\"elementor-widget-wrap elementor-element-populated\">\n\t\t\t\t\t\t<div class=\"elementor-element elementor-element-17833e8 elementor-widget elementor-widget-text-editor\" data-id=\"17833e8\" data-element_type=\"widget\" data-e-type=\"widget\" data-widget_type=\"text-editor.default\">\n\t\t\t\t<div class=\"elementor-widget-container\">\n\t\t\t\t\t\t\t\t\t<p>Comics \/ Illustrated:<\/p>\n<p>In French :<\/p>\n<p>Only in English:<\/p>\n<ul>\n<li><a href=\"https:\/\/www.amazon.fr\/dp\/0882403346?&amp;linkCode=sl1&amp;tag=mythscience-21&amp;linkId=35cb8e5541499ebcae44006e1d12983d&amp;language=fr_FR&amp;ref_=as_li_ss_tl\" target=\"_blank\" rel=\"noopener\">Heroes and Heroines in Tlingit Haida Legend<\/a><\/li>\n<li><a href=\"https:\/\/www.amazon.fr\/dp\/0295964952?&amp;linkCode=ll1&amp;tag=mythscience-21&amp;linkId=d916a7f41b2a9e5bb0caff6daa47951d&amp;language=fr_FR&amp;ref_=as_li_ss_tl\" target=\"_blank\" rel=\"noopener\">Haa Shuka, Our Ancestors: Tlingit Oral Narratives<\/a><\/li>\n<li><a href=\"https:\/\/www.amazon.fr\/dp\/1597144142?&amp;linkCode=sl1&amp;tag=mythscience-21&amp;linkId=30ec32655e4ec8249bd0384634ff81aa&amp;language=fr_FR&amp;ref_=as_li_ss_tl\" target=\"_blank\" rel=\"noopener\">How a Mountain Was Made: Stories<\/a><\/li>\n<li><a href=\"https:\/\/www.amazon.fr\/dp\/1597140929?&amp;linkCode=ll1&amp;tag=mythscience-21&amp;linkId=56e850c6f0e4fcfc693ffdb4dd9a0cb7&amp;language=fr_FR&amp;ref_=as_li_ss_tl\" target=\"_blank\" rel=\"noopener\">Two Bear Cubs: A Miwok Legend from California&#039;s Yosemite Valley<\/a><\/li>\n<li><a href=\"https:\/\/www.amazon.fr\/Ohlone-Way-Malcolm-Margolin\/dp\/0930588010?&amp;linkCode=sl1&amp;tag=mythscience-21&amp;linkId=2b84a9e0978a6486bb1cb32e58dc3a07&amp;language=fr_FR&amp;ref_=as_li_ss_tl\" target=\"_blank\" rel=\"noopener\">The Ohlone Way: Indian Life in the San Francisco-Monterey Bay Area<\/a><\/li>\n<li><a href=\"https:\/\/www.amazon.fr\/Hear-Chiefs-Perce-History-Legend\/dp\/0870043102?&amp;linkCode=ll1&amp;tag=mythscience-21&amp;linkId=a56bf4256fd740deb7b09313bba7b446&amp;language=fr_FR&amp;ref_=as_li_ss_tl\" target=\"_blank\" rel=\"noopener\">Hear Me, My Chiefs! Nez Perce History and Legend<\/a><\/li>\n<\/ul>\t\t\t\t\t\t\t\t<\/div>\n\t\t\t\t<\/div>\n\t\t\t\t\t<\/div>\n\t\t<\/div>\n\t\t\t\t\t<\/div>\n\t\t<\/section>\n\t\t\t\t<\/div>","protected":false},"excerpt":{"rendered":"<p>Retour au Groupe Culturel Boutique D\u00e9di\u00e9e Wiki Mythologie Sahaptienne-Penutienne La mythologie Sahaptienne-Penutienne regroupe les peuples am\u00e9rindiens suivant :\u00a0 Nez-Perc\u00e9s, Yakamas, &hellip; <\/p>","protected":false},"author":1,"featured_media":0,"parent":0,"menu_order":1,"comment_status":"closed","ping_status":"closed","template":"","meta":{"footnotes":""},"class_list":["post-4064","page","type-page","status-publish","hentry"],"amp_enabled":true,"_links":{"self":[{"href":"https:\/\/mythslegendes.com\/en\/wp-json\/wp\/v2\/pages\/4064","targetHints":{"allow":["GET"]}}],"collection":[{"href":"https:\/\/mythslegendes.com\/en\/wp-json\/wp\/v2\/pages"}],"about":[{"href":"https:\/\/mythslegendes.com\/en\/wp-json\/wp\/v2\/types\/page"}],"author":[{"embeddable":true,"href":"https:\/\/mythslegendes.com\/en\/wp-json\/wp\/v2\/users\/1"}],"replies":[{"embeddable":true,"href":"https:\/\/mythslegendes.com\/en\/wp-json\/wp\/v2\/comments?post=4064"}],"version-history":[{"count":7,"href":"https:\/\/mythslegendes.com\/en\/wp-json\/wp\/v2\/pages\/4064\/revisions"}],"predecessor-version":[{"id":27206,"href":"https:\/\/mythslegendes.com\/en\/wp-json\/wp\/v2\/pages\/4064\/revisions\/27206"}],"wp:attachment":[{"href":"https:\/\/mythslegendes.com\/en\/wp-json\/wp\/v2\/media?parent=4064"}],"curies":[{"name":"wp","href":"https:\/\/api.w.org\/{rel}","templated":true}]}}