{"id":4074,"date":"2020-07-30T18:13:34","date_gmt":"2020-07-30T17:13:34","guid":{"rendered":"https:\/\/mythslegendes.com\/?page_id=4074"},"modified":"2023-03-05T06:57:45","modified_gmt":"2023-03-05T06:57:45","slug":"mythologie-salish-de-linterieur","status":"publish","type":"page","link":"https:\/\/mythslegendes.com\/en\/interior-salish-mythology\/","title":{"rendered":"Interior Salish Mythology"},"content":{"rendered":"\t\t<div data-elementor-type=\"wp-page\" data-elementor-id=\"4074\" class=\"elementor elementor-4074\">\n\t\t\t\t\t\t<section class=\"elementor-section elementor-top-section elementor-element elementor-element-f7f756b elementor-section-boxed elementor-section-height-default elementor-section-height-default\" data-id=\"f7f756b\" data-element_type=\"section\" data-e-type=\"section\">\n\t\t\t\t\t\t<div class=\"elementor-container elementor-column-gap-default\">\n\t\t\t\t\t<div class=\"elementor-column elementor-col-33 elementor-top-column elementor-element elementor-element-8999acc\" data-id=\"8999acc\" data-element_type=\"column\" data-e-type=\"column\">\n\t\t\t<div class=\"elementor-widget-wrap elementor-element-populated\">\n\t\t\t\t\t\t<div class=\"elementor-element elementor-element-c379972 elementor-align-justify elementor-widget elementor-widget-button\" data-id=\"c379972\" data-element_type=\"widget\" data-e-type=\"widget\" data-widget_type=\"button.default\">\n\t\t\t\t<div class=\"elementor-widget-container\">\n\t\t\t\t\t\t\t\t\t<div class=\"elementor-button-wrapper\">\n\t\t\t\t\t<a class=\"elementor-button elementor-button-link elementor-size-sm\" href=\"https:\/\/mythslegendes.com\/mythes-et-legendes-salishes-2095\/\">\n\t\t\t\t\t\t<span class=\"elementor-button-content-wrapper\">\n\t\t\t\t\t\t\t\t\t<span class=\"elementor-button-text\">Retour au Groupe Culturel<\/span>\n\t\t\t\t\t<\/span>\n\t\t\t\t\t<\/a>\n\t\t\t\t<\/div>\n\t\t\t\t\t\t\t\t<\/div>\n\t\t\t\t<\/div>\n\t\t\t\t\t<\/div>\n\t\t<\/div>\n\t\t\t\t<div class=\"elementor-column elementor-col-33 elementor-top-column elementor-element elementor-element-f4e0e86\" data-id=\"f4e0e86\" data-element_type=\"column\" data-e-type=\"column\">\n\t\t\t<div class=\"elementor-widget-wrap elementor-element-populated\">\n\t\t\t\t\t\t<div class=\"elementor-element elementor-element-2bf61e0 elementor-align-justify elementor-widget elementor-widget-button\" data-id=\"2bf61e0\" data-element_type=\"widget\" data-e-type=\"widget\" data-widget_type=\"button.default\">\n\t\t\t\t<div class=\"elementor-widget-container\">\n\t\t\t\t\t\t\t\t\t<div class=\"elementor-button-wrapper\">\n\t\t\t\t\t<a class=\"elementor-button elementor-button-link elementor-size-sm\" href=\"https:\/\/mythslegendes.com\/bibliotheques-livres\/\">\n\t\t\t\t\t\t<span class=\"elementor-button-content-wrapper\">\n\t\t\t\t\t\t\t\t\t<span class=\"elementor-button-text\">Boutique D\u00e9di\u00e9e<\/span>\n\t\t\t\t\t<\/span>\n\t\t\t\t\t<\/a>\n\t\t\t\t<\/div>\n\t\t\t\t\t\t\t\t<\/div>\n\t\t\t\t<\/div>\n\t\t\t\t\t<\/div>\n\t\t<\/div>\n\t\t\t\t<div class=\"elementor-column elementor-col-33 elementor-top-column elementor-element elementor-element-035174c\" data-id=\"035174c\" data-element_type=\"column\" data-e-type=\"column\">\n\t\t\t<div class=\"elementor-widget-wrap elementor-element-populated\">\n\t\t\t\t\t\t<div class=\"elementor-element elementor-element-24cc686 elementor-align-justify elementor-widget elementor-widget-button\" data-id=\"24cc686\" data-element_type=\"widget\" data-e-type=\"widget\" data-widget_type=\"button.default\">\n\t\t\t\t<div class=\"elementor-widget-container\">\n\t\t\t\t\t\t\t\t\t<div class=\"elementor-button-wrapper\">\n\t\t\t\t\t<a class=\"elementor-button elementor-button-link elementor-size-sm\" href=\"https:\/\/fr.wikipedia.org\/wiki\/Langues_salish\" target=\"_blank\" rel=\"noopener\">\n\t\t\t\t\t\t<span class=\"elementor-button-content-wrapper\">\n\t\t\t\t\t\t\t\t\t<span class=\"elementor-button-text\">Wiki<\/span>\n\t\t\t\t\t<\/span>\n\t\t\t\t\t<\/a>\n\t\t\t\t<\/div>\n\t\t\t\t\t\t\t\t<\/div>\n\t\t\t\t<\/div>\n\t\t\t\t\t<\/div>\n\t\t<\/div>\n\t\t\t\t\t<\/div>\n\t\t<\/section>\n\t\t\t\t<section class=\"elementor-section elementor-top-section elementor-element elementor-element-5d21bf68 elementor-section-boxed elementor-section-height-default elementor-section-height-default\" data-id=\"5d21bf68\" data-element_type=\"section\" data-e-type=\"section\">\n\t\t\t\t\t\t<div class=\"elementor-container elementor-column-gap-default\">\n\t\t\t\t\t<div class=\"elementor-column elementor-col-100 elementor-top-column elementor-element elementor-element-bc15aee\" data-id=\"bc15aee\" data-element_type=\"column\" data-e-type=\"column\">\n\t\t\t<div class=\"elementor-widget-wrap elementor-element-populated\">\n\t\t\t\t\t\t<div class=\"elementor-element elementor-element-16d773e5 elementor-widget elementor-widget-text-editor\" data-id=\"16d773e5\" data-element_type=\"widget\" data-e-type=\"widget\" data-widget_type=\"text-editor.default\">\n\t\t\t\t<div class=\"elementor-widget-container\">\n\t\t\t\t\t\t\t\t\t<p><\/p>\n<div id=\"ez-toc-container\" class=\"ez-toc-v2_0_82_2 counter-hierarchy ez-toc-counter ez-toc-grey ez-toc-container-direction\">\n<div class=\"ez-toc-title-container\">\n<p class=\"ez-toc-title\" style=\"cursor:inherit\">Contenus<\/p>\n<span class=\"ez-toc-title-toggle\"><a href=\"#\" class=\"ez-toc-pull-right ez-toc-btn ez-toc-btn-xs ez-toc-btn-default ez-toc-toggle\" aria-label=\"Toggle Table of Content\"><span class=\"ez-toc-js-icon-con\"><span class=\"\"><span class=\"eztoc-hide\" style=\"display:none;\">Toggle<\/span><span class=\"ez-toc-icon-toggle-span\"><svg style=\"fill: #999;color:#999\" xmlns=\"http:\/\/www.w3.org\/2000\/svg\" class=\"list-377408\" width=\"20px\" height=\"20px\" viewBox=\"0 0 24 24\" fill=\"none\"><path d=\"M6 6H4v2h2V6zm14 0H8v2h12V6zM4 11h2v2H4v-2zm16 0H8v2h12v-2zM4 16h2v2H4v-2zm16 0H8v2h12v-2z\" fill=\"currentColor\"><\/path><\/svg><svg style=\"fill: #999;color:#999\" class=\"arrow-unsorted-368013\" xmlns=\"http:\/\/www.w3.org\/2000\/svg\" width=\"10px\" height=\"10px\" viewBox=\"0 0 24 24\" version=\"1.2\" baseProfile=\"tiny\"><path d=\"M18.2 9.3l-6.2-6.3-6.2 6.3c-.2.2-.3.4-.3.7s.1.5.3.7c.2.2.4.3.7.3h11c.3 0 .5-.1.7-.3.2-.2.3-.5.3-.7s-.1-.5-.3-.7zM5.8 14.7l6.2 6.3 6.2-6.3c.2-.2.3-.5.3-.7s-.1-.5-.3-.7c-.2-.2-.4-.3-.7-.3h-11c-.3 0-.5.1-.7.3-.2.2-.3.5-.3.7s.1.5.3.7z\"\/><\/svg><\/span><\/span><\/span><\/a><\/span><\/div>\n<nav><ul class='ez-toc-list ez-toc-list-level-1 ' ><li class='ez-toc-page-1 ez-toc-heading-level-2'><a class=\"ez-toc-link ez-toc-heading-1\" href=\"https:\/\/mythslegendes.com\/en\/interior-salish-mythology\/#Mythologie-Salish-de-lInterieur\" >Mythologie Salish de l\u2019Int\u00e9rieur<\/a><\/li><li class='ez-toc-page-1 ez-toc-heading-level-2'><a class=\"ez-toc-link ez-toc-heading-2\" href=\"https:\/\/mythslegendes.com\/en\/interior-salish-mythology\/#Mythologie-Salish-de-lInterieur-textes\" >Mythologie Salish de l\u2019Int\u00e9rieur (textes)<\/a><\/li><li class='ez-toc-page-1 ez-toc-heading-level-2'><a class=\"ez-toc-link ez-toc-heading-3\" href=\"https:\/\/mythslegendes.com\/en\/interior-salish-mythology\/#Livres-sur-la-mythologie-Salish\" >Livres sur la mythologie Salish<\/a><\/li><\/ul><\/nav><\/div>\n<h2 class=\"entry-title\"><span class=\"ez-toc-section\" id=\"Mythologie-Salish-de-lInterieur\"><\/span>Mythologie Salish de l\u2019Int\u00e9rieur<span class=\"ez-toc-section-end\"><\/span><\/h2>\n<p>La <a href=\"https:\/\/mythslegendes.com\/en\/\">mythologie<\/a> <a href=\"https:\/\/mythslegendes.com\/en\/mythes-et-legendes-salishes-2095\/\">Salish<\/a> de l\u2019Int\u00e9rieur regroupes les peuples am\u00e9rindiens suivant : <strong>Nlaka\u2019pamux, Thompson River Salish, Okanagan, Okanogan, Sanpoil, Colville<\/strong>\u00a0<\/p>\n<p>L&rsquo;expression <strong>salish de l&rsquo;int\u00e9rieur<\/strong> ou <strong>salish du continent<\/strong> (en anglais <em>Interior Salish<\/em>) fait r\u00e9f\u00e9rence, d&rsquo;un point de vue linguistique, culturel ou ethnographique, \u00e0 un sous-groupe de populations am\u00e9rindiennes salish dont les langues ou dialectes d&rsquo;origine pr\u00e9sentent des caract\u00e9ristiques communes qui ont entra\u00een\u00e9 leur classification dans un sous-groupe de langues salish.<\/p>\n<p><\/p>\n<p>Les <strong>Nlaka&rsquo;pamux<\/strong>, couramment appel\u00e9s <em><strong>The Thompson<\/strong><\/em> ou <strong>Thompson River Salish<\/strong>, sont un peuple am\u00e9rindien vivant en Colombie-Britannique, au Canada, et appartenant au groupe des Salish de l&rsquo;int\u00e9rieur. Leur territoire traditionnel inclut la partie des North Cascades situ\u00e9e dans l&rsquo;\u00c9tat de Washington.<\/p>\n<p><\/p>\n<p>Les <strong>Okanagan<\/strong> (au Canada) ou <strong>Okanogan<\/strong> (aux \u00c9tats-Unis), sont une population d&rsquo;am\u00e9rindiens dont le territoire d&rsquo;origine s&rsquo;\u00e9tend de part et d&rsquo;autre de la fronti\u00e8re entre l&rsquo;\u00c9tat de Washington aux \u00c9tats-Unis et la province de Colombie-Britannique au Canada. Dans leur propre langue les Okanagan s&rsquo;appellent \u00ab\u00a0Syilx\u00a0\u00bb. Les <strong>Sanpoil<\/strong>, <strong>Hai-ai\u2019-nlma<\/strong>, <strong>Ipoilq<\/strong>, <strong>Nesilextcl\u2019n<\/strong>, <strong>.n.selixtcl\u2019n<\/strong> ou <strong>N\u2019pooh-le<\/strong> sont une tribu am\u00e9rindienne de la r\u00e9serve indienne de Colville dans l&rsquo;\u00c9tat de Washington aux \u00c9tats-Unis. Les <strong>Colville<\/strong> sont une tribu am\u00e9rindienne de l\u2019\u00c9tat de Washington, aux \u00c9tats-Unis.<\/p>\n<p><img decoding=\"async\" class=\"alignnone wp-image-5284 size-full\" src=\"https:\/\/mythslegendes.com\/wp-content\/uploads\/2020\/09\/AlphaOmega-e1602613368367.png\" alt=\"mythologie Salish de l\u2019Int\u00e9rieur\" width=\"25\" height=\"26\" title=\"\"><\/p>\n<p><\/p>\n<p><\/p>\t\t\t\t\t\t\t\t<\/div>\n\t\t\t\t<\/div>\n\t\t\t\t\t<\/div>\n\t\t<\/div>\n\t\t\t\t\t<\/div>\n\t\t<\/section>\n\t\t\t\t<section class=\"elementor-section elementor-top-section elementor-element elementor-element-86bafeb elementor-section-boxed elementor-section-height-default elementor-section-height-default\" data-id=\"86bafeb\" data-element_type=\"section\" data-e-type=\"section\">\n\t\t\t\t\t\t<div class=\"elementor-container elementor-column-gap-default\">\n\t\t\t\t\t<div class=\"elementor-column elementor-col-100 elementor-top-column elementor-element elementor-element-f8cfc7d\" data-id=\"f8cfc7d\" data-element_type=\"column\" data-e-type=\"column\">\n\t\t\t<div class=\"elementor-widget-wrap elementor-element-populated\">\n\t\t\t\t\t\t<div class=\"elementor-element elementor-element-0a70814 elementor-widget elementor-widget-heading\" data-id=\"0a70814\" data-element_type=\"widget\" data-e-type=\"widget\" data-widget_type=\"heading.default\">\n\t\t\t\t<div class=\"elementor-widget-container\">\n\t\t\t\t\t<h2 class=\"elementor-heading-title elementor-size-default\"><span class=\"ez-toc-section\" id=\"Mythologie-Salish-de-lInterieur-textes\"><\/span>Mythologie Salish de l\u2019Int\u00e9rieur (textes)<span class=\"ez-toc-section-end\"><\/span><\/h2>\t\t\t\t<\/div>\n\t\t\t\t<\/div>\n\t\t\t\t\t<\/div>\n\t\t<\/div>\n\t\t\t\t\t<\/div>\n\t\t<\/section>\n\t\t\t\t<section class=\"elementor-section elementor-top-section elementor-element elementor-element-0f1ec4f elementor-section-boxed elementor-section-height-default elementor-section-height-default\" data-id=\"0f1ec4f\" data-element_type=\"section\" data-e-type=\"section\">\n\t\t\t\t\t\t<div class=\"elementor-container elementor-column-gap-default\">\n\t\t\t\t\t<div class=\"elementor-column elementor-col-100 elementor-top-column elementor-element elementor-element-9eb3ab2\" data-id=\"9eb3ab2\" data-element_type=\"column\" data-e-type=\"column\">\n\t\t\t<div class=\"elementor-widget-wrap elementor-element-populated\">\n\t\t\t\t\t\t<div class=\"elementor-element elementor-element-542eb18 elementor-widget elementor-widget-toggle\" data-id=\"542eb18\" data-element_type=\"widget\" data-e-type=\"widget\" data-widget_type=\"toggle.default\">\n\t\t\t\t<div class=\"elementor-widget-container\">\n\t\t\t\t\t\t\t<div class=\"elementor-toggle\">\n\t\t\t\t\t\t\t<div class=\"elementor-toggle-item\">\n\t\t\t\t\t<div id=\"elementor-tab-title-8821\" class=\"elementor-tab-title\" data-tab=\"1\" role=\"button\" aria-controls=\"elementor-tab-content-8821\" aria-expanded=\"false\">\n\t\t\t\t\t\t\t\t\t\t\t\t<span class=\"elementor-toggle-icon elementor-toggle-icon-left\" aria-hidden=\"true\">\n\t\t\t\t\t\t\t\t\t\t\t\t\t\t\t<span class=\"elementor-toggle-icon-closed\"><i class=\"fas fa-caret-right\"><\/i><\/span>\n\t\t\t\t\t\t\t\t<span class=\"elementor-toggle-icon-opened\"><i class=\"elementor-toggle-icon-opened fas fa-caret-up\"><\/i><\/span>\n\t\t\t\t\t\t\t\t\t\t\t\t\t<\/span>\n\t\t\t\t\t\t\t\t\t\t\t\t<a class=\"elementor-toggle-title\" tabindex=\"0\">Livre libre Thompson : Traditions of the Thompson River Indians<\/a>\n\t\t\t\t\t<\/div>\n\n\t\t\t\t\t<div id=\"elementor-tab-content-8821\" class=\"elementor-tab-content elementor-clearfix\" data-tab=\"1\" role=\"region\" aria-labelledby=\"elementor-tab-title-8821\"><p class=\"item-title\"><a href=\"https:\/\/archive.org\/details\/cihm_16240\" target=\"_blank\" rel=\"noopener\"><strong><span class=\"breaker-breaker\">Traditions of the Thompson River Indians of British Columbia [microform] : collected and annotated by James Teit ; with introduction by Franz Boas<\/span><\/strong><\/a><\/p><\/div>\n\t\t\t\t<\/div>\n\t\t\t\t\t\t\t<div class=\"elementor-toggle-item\">\n\t\t\t\t\t<div id=\"elementor-tab-title-8822\" class=\"elementor-tab-title\" data-tab=\"2\" role=\"button\" aria-controls=\"elementor-tab-content-8822\" aria-expanded=\"false\">\n\t\t\t\t\t\t\t\t\t\t\t\t<span class=\"elementor-toggle-icon elementor-toggle-icon-left\" aria-hidden=\"true\">\n\t\t\t\t\t\t\t\t\t\t\t\t\t\t\t<span class=\"elementor-toggle-icon-closed\"><i class=\"fas fa-caret-right\"><\/i><\/span>\n\t\t\t\t\t\t\t\t<span class=\"elementor-toggle-icon-opened\"><i class=\"elementor-toggle-icon-opened fas fa-caret-up\"><\/i><\/span>\n\t\t\t\t\t\t\t\t\t\t\t\t\t<\/span>\n\t\t\t\t\t\t\t\t\t\t\t\t<a class=\"elementor-toggle-title\" tabindex=\"0\">Mythes et L\u00e9gendes Thompson (en)<\/a>\n\t\t\t\t\t<\/div>\n\n\t\t\t\t\t<div id=\"elementor-tab-content-8822\" class=\"elementor-tab-content elementor-clearfix\" data-tab=\"2\" role=\"region\" aria-labelledby=\"elementor-tab-title-8822\"><ul>\n<li><strong><a href=\"https:\/\/www.firstpeople.us\/FP-Html-Legends\/AdamandEve-Thompson.html\" target=\"_blank\" rel=\"noopener\">Adam And Eve<\/a><\/strong><\/li>\n<li><strong><a href=\"https:\/\/www.firstpeople.us\/FP-Html-Legends\/Battle_Of_The_Birds-Thompson.html\" target=\"_blank\" rel=\"noopener\">Battle Of The Birds<\/a><\/strong><\/li>\n<li><strong><a href=\"https:\/\/www.firstpeople.us\/FP-Html-Legends\/Beaver_And_Muskrat-Thompson.html\" target=\"_blank\" rel=\"noopener\">Beaver And Muskrat<\/a><\/strong><\/li>\n<li><strong><a href=\"https:\/\/www.firstpeople.us\/FP-Html-Legends\/NoahsFlood-Thompson.html\" target=\"_blank\" rel=\"noopener\">Noah&rsquo;s Flood<\/a><\/strong><\/li>\n<li><strong><a href=\"https:\/\/www.firstpeople.us\/FP-Html-Legends\/TheBagOfWinds-Thompson.html\" target=\"_blank\" rel=\"noopener\">The Bag Of Winds<\/a><\/strong><\/li>\n<li><strong><a href=\"https:\/\/www.firstpeople.us\/FP-Html-Legends\/TheYouthWhoJoinedTheDeer-Thompson.html\" target=\"_blank\" rel=\"noopener\">The Youth Who Joined The Deer<\/a><\/strong><\/li>\n<li><strong><a href=\"https:\/\/www.manataka.org\/page670.html\" target=\"_blank\" rel=\"noopener\">Blue Jay and Sweat-House<\/a><\/strong><\/li>\n<li><strong><a href=\"https:\/\/www.firstpeople.us\/FP-Html-Legends\/The_Dog_Children-Unknown.html\" target=\"_blank\" rel=\"noopener\">The Dog Children<\/a><\/strong><\/li>\n<li><strong><a href=\"https:\/\/sites.pitt.edu\/~dash\/animalindian.html#crow\" target=\"_blank\" rel=\"noopener\">The Girl Who Married the Crow<\/a><\/strong><\/li>\n<li><strong><a href=\"https:\/\/sites.pitt.edu\/~dash\/animalindian.html#horse\" target=\"_blank\" rel=\"noopener\">The Woman Who Became a Horse<\/a><\/strong><\/li>\n<li><strong><a href=\"https:\/\/www.firstpeople.us\/FP-Html-Legends\/A_Man_Eats_His_Sisters_Berries-Unknown.html\" target=\"_blank\" rel=\"noopener\">Aman eats his sisters&rsquo; berries<\/a><\/strong><\/li>\n<\/ul><\/div>\n\t\t\t\t<\/div>\n\t\t\t\t\t\t\t<div class=\"elementor-toggle-item\">\n\t\t\t\t\t<div id=\"elementor-tab-title-8823\" class=\"elementor-tab-title\" data-tab=\"3\" role=\"button\" aria-controls=\"elementor-tab-content-8823\" aria-expanded=\"false\">\n\t\t\t\t\t\t\t\t\t\t\t\t<span class=\"elementor-toggle-icon elementor-toggle-icon-left\" aria-hidden=\"true\">\n\t\t\t\t\t\t\t\t\t\t\t\t\t\t\t<span class=\"elementor-toggle-icon-closed\"><i class=\"fas fa-caret-right\"><\/i><\/span>\n\t\t\t\t\t\t\t\t<span class=\"elementor-toggle-icon-opened\"><i class=\"elementor-toggle-icon-opened fas fa-caret-up\"><\/i><\/span>\n\t\t\t\t\t\t\t\t\t\t\t\t\t<\/span>\n\t\t\t\t\t\t\t\t\t\t\t\t<a class=\"elementor-toggle-title\" tabindex=\"0\">Mythes et L\u00e9gendes Okanagan, Sanpoil et Colville (en)<\/a>\n\t\t\t\t\t<\/div>\n\n\t\t\t\t\t<div id=\"elementor-tab-content-8823\" class=\"elementor-tab-content elementor-clearfix\" data-tab=\"3\" role=\"region\" aria-labelledby=\"elementor-tab-title-8823\"><ul>\n<li><strong><a href=\"https:\/\/www.firstpeople.us\/FP-Html-Legends\/CreationOfTheAnimalPeople-Okanagon.html\" target=\"_blank\" rel=\"noopener\">Creation Of The Animal People<\/a><\/strong><\/li>\n<li><strong><a href=\"https:\/\/www.firstpeople.us\/FP-Html-Legends\/DirtyBoy-Okanagon.html\" target=\"_blank\" rel=\"noopener\">Dirty Boy<\/a><\/strong><\/li>\n<li><strong><a href=\"https:\/\/www.firstpeople.us\/FP-Html-Legends\/Chipmunk_And_Meadow-Lark-Sanpoils.html\" target=\"_blank\" rel=\"noopener\">Chipmunk And Meadow-Lark<\/a><\/strong><\/li>\n<li><strong><a href=\"https:\/\/www.firstpeople.us\/FP-Html-Legends\/CoyoteBecomesChiefOfTheSalmon-Sanpoils.html\" target=\"_blank\" rel=\"noopener\">Coyote Becomes Chief Of The Salmon<\/a><\/strong><\/li>\n<li><strong><a href=\"https:\/\/www.firstpeople.us\/FP-Html-Legends\/CoyotesSalmon-Sanpoils.html\" target=\"_blank\" rel=\"noopener\">Coyote&rsquo;s Salmon<\/a><\/strong><\/li>\n<li><strong><a href=\"https:\/\/www.firstpeople.us\/FP-Html-Legends\/HowTheColdLostItsPower-Sanpoils.html\" target=\"_blank\" rel=\"noopener\">How The Cold Lost Its Power<\/a><\/strong><\/li>\n<li><strong><a href=\"https:\/\/www.firstpeople.us\/FP-Html-Legends\/TheFiveWolves-Sanpoils.html\" target=\"_blank\" rel=\"noopener\">The Five Wolves<\/a><\/strong><\/li>\n<li><strong><a href=\"https:\/\/www.firstpeople.us\/FP-Html-Legends\/TheOriginOfDifferentLanguages-Sanpoils.html\" target=\"_blank\" rel=\"noopener\">The Origin Of Different Languages<\/a><\/strong><\/li>\n<li><strong><a href=\"https:\/\/www.firstpeople.us\/FP-Html-Legends\/The_Rolling_Stone-Sanpoils.html\" target=\"_blank\" rel=\"noopener\">The Rolling Stone<\/a><\/strong><\/li>\n<li><strong><a href=\"https:\/\/www.firstpeople.us\/FP-Html-Legends\/TheTickAndTheDeer-Sanpoils.html\" target=\"_blank\" rel=\"noopener\">The Tick And The Deer<\/a><\/strong><\/li>\n<li><strong><a href=\"http:\/\/www.indigenouspeople.net\/woodpeck.htm\" target=\"_blank\" rel=\"noopener\">Woodpecker and the Theft of Fire<\/a><\/strong><\/li>\n<li><strong><a href=\"http:\/\/www.indigenouspeople.net\/coyotesa.htm\" target=\"_blank\" rel=\"noopener\">Coyote&rsquo;s Salmon<\/a><\/strong><\/li>\n<li><strong><a href=\"https:\/\/sites.pitt.edu\/~dash\/animalindian.html#bearwoman\" target=\"_blank\" rel=\"noopener\">The Bear Woman<\/a><\/strong><\/li>\n<\/ul><\/div>\n\t\t\t\t<\/div>\n\t\t\t\t\t\t\t\t<\/div>\n\t\t\t\t\t\t<\/div>\n\t\t\t\t<\/div>\n\t\t\t\t\t<\/div>\n\t\t<\/div>\n\t\t\t\t\t<\/div>\n\t\t<\/section>\n\t\t\t\t<section class=\"elementor-section elementor-top-section elementor-element elementor-element-02a2ba0 elementor-section-boxed elementor-section-height-default elementor-section-height-default\" data-id=\"02a2ba0\" data-element_type=\"section\" data-e-type=\"section\">\n\t\t\t\t\t\t<div class=\"elementor-container elementor-column-gap-default\">\n\t\t\t\t\t<div class=\"elementor-column elementor-col-100 elementor-top-column elementor-element elementor-element-f7dd89c\" data-id=\"f7dd89c\" data-element_type=\"column\" data-e-type=\"column\">\n\t\t\t<div class=\"elementor-widget-wrap elementor-element-populated\">\n\t\t\t\t\t\t<div class=\"elementor-element elementor-element-03297f4 elementor-widget elementor-widget-heading\" data-id=\"03297f4\" data-element_type=\"widget\" data-e-type=\"widget\" data-widget_type=\"heading.default\">\n\t\t\t\t<div class=\"elementor-widget-container\">\n\t\t\t\t\t<h2 class=\"elementor-heading-title elementor-size-default\"><span class=\"ez-toc-section\" id=\"Livres-sur-la-mythologie-Salish\"><\/span>Livres sur la mythologie Salish<span class=\"ez-toc-section-end\"><\/span><\/h2>\t\t\t\t<\/div>\n\t\t\t\t<\/div>\n\t\t\t\t\t<\/div>\n\t\t<\/div>\n\t\t\t\t\t<\/div>\n\t\t<\/section>\n\t\t\t\t<section class=\"elementor-section elementor-top-section elementor-element elementor-element-79577f9 elementor-section-boxed elementor-section-height-default elementor-section-height-default\" data-id=\"79577f9\" data-element_type=\"section\" data-e-type=\"section\">\n\t\t\t\t\t\t<div class=\"elementor-container elementor-column-gap-default\">\n\t\t\t\t\t<div class=\"elementor-column elementor-col-100 elementor-top-column elementor-element elementor-element-eaab464\" data-id=\"eaab464\" data-element_type=\"column\" data-e-type=\"column\">\n\t\t\t<div class=\"elementor-widget-wrap elementor-element-populated\">\n\t\t\t\t\t\t<div class=\"elementor-element elementor-element-9bbc78f elementor-widget elementor-widget-text-editor\" data-id=\"9bbc78f\" data-element_type=\"widget\" data-e-type=\"widget\" data-widget_type=\"text-editor.default\">\n\t\t\t\t<div class=\"elementor-widget-container\">\n\t\t\t\t\t\t\t\t\t<p>BD \/ Illustr\u00e9s\u00a0:<\/p>\n<p>En fran\u00e7ais\u00a0:<\/p>\n<p>Uniquement en anglais :<\/p>\n<ul>\n<li><a href=\"https:\/\/www.amazon.fr\/dp\/0774810858?&amp;linkCode=ll1&amp;tag=mythscience-21&amp;linkId=f8d6d3555b8d32eeebc26f4304cc4b9e&amp;language=fr_FR&amp;ref_=as_li_ss_tl\" target=\"_blank\" rel=\"noopener\">Tsawalk: A Nuu-chah-nulth Worldview<\/a><\/li>\n<li><a href=\"https:\/\/www.amazon.fr\/dp\/0888392303?&amp;linkCode=sl1&amp;tag=mythscience-21&amp;linkId=e7e0aad05250dd39c9eb6f56aa7d7e49&amp;language=fr_FR&amp;ref_=as_li_ss_tl\" target=\"_blank\" rel=\"noopener\">Kwakiutl Legends: as told to Pamela Whitaker by Chief James Wallas<\/a><\/li>\n<li><a href=\"https:\/\/www.amazon.fr\/dp\/0803271506?&amp;linkCode=ll1&amp;tag=mythscience-21&amp;linkId=effaed74a65a60621befb62cbbfb6a4c&amp;language=fr_FR&amp;ref_=as_li_ss_tl\" target=\"_blank\" rel=\"noopener\">Honne, the Spirit of the Chehalis<\/a><\/li>\n<li><a href=\"https:\/\/www.amazon.fr\/Haboo-Native-American-Stories-Puget\/dp\/0295746963?&amp;linkCode=sl1&amp;tag=mythscience-21&amp;linkId=6c6cf259a84052c286d1be1fc4e1468a&amp;language=fr_FR&amp;ref_=as_li_ss_tl\" target=\"_blank\" rel=\"noopener\">Haboo: Native American Stories from Puget Sound<\/a><\/li>\n<li><a href=\"https:\/\/www.amazon.fr\/dp\/0803210892?&amp;linkCode=ll1&amp;tag=mythscience-21&amp;linkId=652f5fc0c22846aa237d8d48e883614b&amp;language=fr_FR&amp;ref_=as_li_ss_tl\" target=\"_blank\" rel=\"noopener\">Salish Myths and Legends: One People\u2019s Stories<\/a><\/li>\n<li><a href=\"https:\/\/www.amazon.fr\/dp\/0803226683?&amp;linkCode=ll1&amp;tag=mythscience-21&amp;linkId=61d33882a97a59c12eed92fe604592ff&amp;language=fr_FR&amp;ref_=as_li_ss_tl\" target=\"_blank\" rel=\"noopener\">Folk-Tales of the Coast Salish<\/a><\/li>\n<\/ul>\t\t\t\t\t\t\t\t<\/div>\n\t\t\t\t<\/div>\n\t\t\t\t\t<\/div>\n\t\t<\/div>\n\t\t\t\t\t<\/div>\n\t\t<\/section>\n\t\t\t\t<\/div>\n\t\t","protected":false},"excerpt":{"rendered":"<p>Retour au Groupe Culturel Boutique D\u00e9di\u00e9e Wiki Mythologie Salish de l\u2019Int\u00e9rieur La mythologie Salish de l\u2019Int\u00e9rieur regroupes les peuples am\u00e9rindiens &hellip; <\/p>","protected":false},"author":1,"featured_media":0,"parent":0,"menu_order":1,"comment_status":"closed","ping_status":"closed","template":"","meta":{"footnotes":""},"class_list":["post-4074","page","type-page","status-publish","hentry"],"amp_enabled":true,"_links":{"self":[{"href":"https:\/\/mythslegendes.com\/en\/wp-json\/wp\/v2\/pages\/4074","targetHints":{"allow":["GET"]}}],"collection":[{"href":"https:\/\/mythslegendes.com\/en\/wp-json\/wp\/v2\/pages"}],"about":[{"href":"https:\/\/mythslegendes.com\/en\/wp-json\/wp\/v2\/types\/page"}],"author":[{"embeddable":true,"href":"https:\/\/mythslegendes.com\/en\/wp-json\/wp\/v2\/users\/1"}],"replies":[{"embeddable":true,"href":"https:\/\/mythslegendes.com\/en\/wp-json\/wp\/v2\/comments?post=4074"}],"version-history":[{"count":10,"href":"https:\/\/mythslegendes.com\/en\/wp-json\/wp\/v2\/pages\/4074\/revisions"}],"predecessor-version":[{"id":27224,"href":"https:\/\/mythslegendes.com\/en\/wp-json\/wp\/v2\/pages\/4074\/revisions\/27224"}],"wp:attachment":[{"href":"https:\/\/mythslegendes.com\/en\/wp-json\/wp\/v2\/media?parent=4074"}],"curies":[{"name":"wp","href":"https:\/\/api.w.org\/{rel}","templated":true}]}}