{"id":4092,"date":"2020-08-18T10:35:05","date_gmt":"2020-08-18T09:35:05","guid":{"rendered":"https:\/\/mythslegendes.com\/?page_id=4092"},"modified":"2023-03-04T22:39:45","modified_gmt":"2023-03-04T22:39:45","slug":"mythologie-akan","status":"publish","type":"page","link":"https:\/\/mythslegendes.com\/en\/akan-mythology\/","title":{"rendered":"Akan mythology"},"content":{"rendered":"<div data-elementor-type=\"wp-page\" data-elementor-id=\"4092\" class=\"elementor elementor-4092\">\n\t\t\t\t\t\t<section class=\"elementor-section elementor-top-section elementor-element elementor-element-daaedc8 elementor-section-boxed elementor-section-height-default elementor-section-height-default\" data-id=\"daaedc8\" data-element_type=\"section\" data-e-type=\"section\">\n\t\t\t\t\t\t<div class=\"elementor-container elementor-column-gap-default\">\n\t\t\t\t\t<div class=\"elementor-column elementor-col-33 elementor-top-column elementor-element elementor-element-1830ec1\" data-id=\"1830ec1\" data-element_type=\"column\" data-e-type=\"column\">\n\t\t\t<div class=\"elementor-widget-wrap elementor-element-populated\">\n\t\t\t\t\t\t<div class=\"elementor-element elementor-element-b6a0cfe elementor-align-justify elementor-widget elementor-widget-button\" data-id=\"b6a0cfe\" data-element_type=\"widget\" data-e-type=\"widget\" data-widget_type=\"button.default\">\n\t\t\t\t<div class=\"elementor-widget-container\">\n\t\t\t\t\t\t\t\t\t<div class=\"elementor-button-wrapper\">\n\t\t\t\t\t<a class=\"elementor-button elementor-button-link elementor-size-sm\" href=\"https:\/\/mythslegendes.com\/en\/mythes-et-legendes-niger-congo-1949\/\">\n\t\t\t\t\t\t<span class=\"elementor-button-content-wrapper\">\n\t\t\t\t\t\t\t\t\t<span class=\"elementor-button-text\">Back to the Cultural Group<\/span>\n\t\t\t\t\t<\/span>\n\t\t\t\t\t<\/a>\n\t\t\t\t<\/div>\n\t\t\t\t\t\t\t\t<\/div>\n\t\t\t\t<\/div>\n\t\t\t\t\t<\/div>\n\t\t<\/div>\n\t\t\t\t<div class=\"elementor-column elementor-col-33 elementor-top-column elementor-element elementor-element-fb53cfa\" data-id=\"fb53cfa\" data-element_type=\"column\" data-e-type=\"column\">\n\t\t\t<div class=\"elementor-widget-wrap elementor-element-populated\">\n\t\t\t\t\t\t<div class=\"elementor-element elementor-element-93b20b8 elementor-align-justify elementor-widget elementor-widget-button\" data-id=\"93b20b8\" data-element_type=\"widget\" data-e-type=\"widget\" data-widget_type=\"button.default\">\n\t\t\t\t<div class=\"elementor-widget-container\">\n\t\t\t\t\t\t\t\t\t<div class=\"elementor-button-wrapper\">\n\t\t\t\t\t<a class=\"elementor-button elementor-button-link elementor-size-sm\" href=\"https:\/\/mythslegendes.com\/en\/book-libraries\/\">\n\t\t\t\t\t\t<span class=\"elementor-button-content-wrapper\">\n\t\t\t\t\t\t\t\t\t<span class=\"elementor-button-text\">Dedicated Shop<\/span>\n\t\t\t\t\t<\/span>\n\t\t\t\t\t<\/a>\n\t\t\t\t<\/div>\n\t\t\t\t\t\t\t\t<\/div>\n\t\t\t\t<\/div>\n\t\t\t\t\t<\/div>\n\t\t<\/div>\n\t\t\t\t<div class=\"elementor-column elementor-col-33 elementor-top-column elementor-element elementor-element-d481017\" data-id=\"d481017\" data-element_type=\"column\" data-e-type=\"column\">\n\t\t\t<div class=\"elementor-widget-wrap elementor-element-populated\">\n\t\t\t\t\t\t<div class=\"elementor-element elementor-element-35e482e elementor-align-justify elementor-widget elementor-widget-button\" data-id=\"35e482e\" data-element_type=\"widget\" data-e-type=\"widget\" data-widget_type=\"button.default\">\n\t\t\t\t<div class=\"elementor-widget-container\">\n\t\t\t\t\t\t\t\t\t<div class=\"elementor-button-wrapper\">\n\t\t\t\t\t<a class=\"elementor-button elementor-button-link elementor-size-sm\" href=\"https:\/\/fr.wikipedia.org\/wiki\/Akan_(peuple)\" target=\"_blank\" rel=\"noopener\">\n\t\t\t\t\t\t<span class=\"elementor-button-content-wrapper\">\n\t\t\t\t\t\t\t\t\t<span class=\"elementor-button-text\">Wiki<\/span>\n\t\t\t\t\t<\/span>\n\t\t\t\t\t<\/a>\n\t\t\t\t<\/div>\n\t\t\t\t\t\t\t\t<\/div>\n\t\t\t\t<\/div>\n\t\t\t\t\t<\/div>\n\t\t<\/div>\n\t\t\t\t\t<\/div>\n\t\t<\/section>\n\t\t\t\t<section class=\"elementor-section elementor-top-section elementor-element elementor-element-1320daa elementor-section-boxed elementor-section-height-default elementor-section-height-default\" data-id=\"1320daa\" data-element_type=\"section\" data-e-type=\"section\">\n\t\t\t\t\t\t<div class=\"elementor-container elementor-column-gap-default\">\n\t\t\t\t\t<div class=\"elementor-column elementor-col-100 elementor-top-column elementor-element elementor-element-9eea4f5\" data-id=\"9eea4f5\" data-element_type=\"column\" data-e-type=\"column\">\n\t\t\t<div class=\"elementor-widget-wrap elementor-element-populated\">\n\t\t\t\t\t\t<div class=\"elementor-element elementor-element-3b8bef2 elementor-widget elementor-widget-heading\" data-id=\"3b8bef2\" data-element_type=\"widget\" data-e-type=\"widget\" data-widget_type=\"heading.default\">\n\t\t\t\t<div class=\"elementor-widget-container\">\n\t\t\t\t\t<div id=\"ez-toc-container\" class=\"ez-toc-v2_0_82_2 counter-hierarchy ez-toc-counter ez-toc-grey ez-toc-container-direction\">\n<div class=\"ez-toc-title-container\">\n<p class=\"ez-toc-title\" style=\"cursor:inherit\">Contents<\/p>\n<span class=\"ez-toc-title-toggle\"><a href=\"#\" class=\"ez-toc-pull-right ez-toc-btn ez-toc-btn-xs ez-toc-btn-default ez-toc-toggle\" aria-label=\"Toggle Table of Content\"><span class=\"ez-toc-js-icon-con\"><span class=\"\"><span class=\"eztoc-hide\" style=\"display:none;\">Toggle<\/span><span class=\"ez-toc-icon-toggle-span\"><svg style=\"fill: #999;color:#999\" xmlns=\"http:\/\/www.w3.org\/2000\/svg\" class=\"list-377408\" width=\"20px\" height=\"20px\" viewbox=\"0 0 24 24\" fill=\"none\"><path d=\"M6 6H4v2h2V6zm14 0H8v2h12V6zM4 11h2v2H4v-2zm16 0H8v2h12v-2zM4 16h2v2H4v-2zm16 0H8v2h12v-2z\" fill=\"currentColor\"><\/path><\/svg><svg style=\"fill: #999;color:#999\" class=\"arrow-unsorted-368013\" xmlns=\"http:\/\/www.w3.org\/2000\/svg\" width=\"10px\" height=\"10px\" viewbox=\"0 0 24 24\" version=\"1.2\" baseprofile=\"tiny\"><path d=\"M18.2 9.3l-6.2-6.3-6.2 6.3c-.2.2-.3.4-.3.7s.1.5.3.7c.2.2.4.3.7.3h11c.3 0 .5-.1.7-.3.2-.2.3-.5.3-.7s-.1-.5-.3-.7zM5.8 14.7l6.2 6.3 6.2-6.3c.2-.2.3-.5.3-.7s-.1-.5-.3-.7c-.2-.2-.4-.3-.7-.3h-11c-.3 0-.5.1-.7.3-.2.2-.3.5-.3.7s.1.5.3.7z\"\/><\/svg><\/span><\/span><\/span><\/a><\/span><\/div>\n<nav><ul class='ez-toc-list ez-toc-list-level-1' ><li class='ez-toc-page-1 ez-toc-heading-level-2'><a class=\"ez-toc-link ez-toc-heading-1\" href=\"https:\/\/mythslegendes.com\/en\/akan-mythology\/#Mythologie-Akan\" >Akan mythology<\/a><\/li><li class='ez-toc-page-1 ez-toc-heading-level-2'><a class=\"ez-toc-link ez-toc-heading-2\" href=\"https:\/\/mythslegendes.com\/en\/akan-mythology\/#Mythologie-Akan-textes\" >Akan mythology (texts)<\/a><\/li><li class='ez-toc-page-1 ez-toc-heading-level-2'><a class=\"ez-toc-link ez-toc-heading-3\" href=\"https:\/\/mythslegendes.com\/en\/akan-mythology\/#Livres-sur-la-mythologie-Niger-congo\" >Books on Niger-Congo mythology<\/a><\/li><\/ul><\/nav><\/div>\n<h2 class=\"elementor-heading-title elementor-size-default\"><span class=\"ez-toc-section\" id=\"Mythologie-Akan\"><\/span>Akan mythology<span class=\"ez-toc-section-end\"><\/span><\/h2>\t\t\t\t<\/div>\n\t\t\t\t<\/div>\n\t\t\t\t\t<\/div>\n\t\t<\/div>\n\t\t\t\t\t<\/div>\n\t\t<\/section>\n\t\t\t\t<section class=\"elementor-section elementor-top-section elementor-element elementor-element-613bab45 elementor-section-boxed elementor-section-height-default elementor-section-height-default\" data-id=\"613bab45\" data-element_type=\"section\" data-e-type=\"section\">\n\t\t\t\t\t\t<div class=\"elementor-container elementor-column-gap-default\">\n\t\t\t\t\t<div class=\"elementor-column elementor-col-100 elementor-top-column elementor-element elementor-element-1375e578\" data-id=\"1375e578\" data-element_type=\"column\" data-e-type=\"column\">\n\t\t\t<div class=\"elementor-widget-wrap elementor-element-populated\">\n\t\t\t\t\t\t<div class=\"elementor-element elementor-element-30aac9b2 elementor-widget elementor-widget-text-editor\" data-id=\"30aac9b2\" data-element_type=\"widget\" data-e-type=\"widget\" data-widget_type=\"text-editor.default\">\n\t\t\t\t<div class=\"elementor-widget-container\">\n\t\t\t\t\t\t\t\t\t<p><\/p>\n<p>The <a href=\"https:\/\/mythslegendes.com\/en\/\">Mythology<\/a> Akan brings together a group of peoples (Bron, Adjoukrou Ashanti, Baoul\u00e9, Agni, Appolo, Atti\u00e9, Abbey, Abidji, Adioukrou, Alladian, Abour\u00e9, Ebri\u00e9, Avikam, Tchokossi, Akuapem, Denkyira, Fanti, Wassa, etc.) settled mainly in southern Ghana. The Akans are also settled in C\u00f4te d&#039;Ivoire, Togo and <a href=\"https:\/\/mythslegendes.com\/en\/benign-delta-mythology\/\">Benign<\/a> (Ewe, Guin, An\u00e9, Adja, Tchokossi\/Anoufo, Tchumbuli). The Akan speak the same language, Twi, with many dialectal variants.<\/p>\n<p><\/p>\n<p>When the Portuguese explorers arrived in 1474, these different populations were organized into small independent kingdoms. The supreme office - like that of those responsible for families - is hereditary, transmitted by matrilineal way. It is exercised, in association, by a man and a woman. The Akan are also characterized by their name giving system linked to the days of birth.<\/p>\n<p><img decoding=\"async\" class=\"alignnone wp-image-5284 size-full\" src=\"https:\/\/mythslegendes.com\/wp-content\/uploads\/2020\/09\/AlphaOmega-e1602613368367.png\" alt=\"akan ashanti mythology\" width=\"25\" height=\"26\" title=\"\"><\/p>\n<p><\/p>\n<p><\/p>\t\t\t\t\t\t\t\t<\/div>\n\t\t\t\t<\/div>\n\t\t\t\t\t<\/div>\n\t\t<\/div>\n\t\t\t\t\t<\/div>\n\t\t<\/section>\n\t\t\t\t<section class=\"elementor-section elementor-top-section elementor-element elementor-element-86be611 elementor-section-boxed elementor-section-height-default elementor-section-height-default\" data-id=\"86be611\" data-element_type=\"section\" data-e-type=\"section\">\n\t\t\t\t\t\t<div class=\"elementor-container elementor-column-gap-default\">\n\t\t\t\t\t<div class=\"elementor-column elementor-col-100 elementor-top-column elementor-element elementor-element-c8143ad\" data-id=\"c8143ad\" data-element_type=\"column\" data-e-type=\"column\">\n\t\t\t<div class=\"elementor-widget-wrap elementor-element-populated\">\n\t\t\t\t\t\t<div class=\"elementor-element elementor-element-b17d370 elementor-widget elementor-widget-heading\" data-id=\"b17d370\" data-element_type=\"widget\" data-e-type=\"widget\" data-widget_type=\"heading.default\">\n\t\t\t\t<div class=\"elementor-widget-container\">\n\t\t\t\t\t<h2 class=\"elementor-heading-title elementor-size-default\"><span class=\"ez-toc-section\" id=\"Mythologie-Akan-textes\"><\/span>Akan mythology (texts)<span class=\"ez-toc-section-end\"><\/span><\/h2>\t\t\t\t<\/div>\n\t\t\t\t<\/div>\n\t\t\t\t\t<\/div>\n\t\t<\/div>\n\t\t\t\t\t<\/div>\n\t\t<\/section>\n\t\t\t\t<section class=\"elementor-section elementor-top-section elementor-element elementor-element-9baeedb elementor-section-boxed elementor-section-height-default elementor-section-height-default\" data-id=\"9baeedb\" data-element_type=\"section\" data-e-type=\"section\">\n\t\t\t\t\t\t<div class=\"elementor-container elementor-column-gap-default\">\n\t\t\t\t\t<div class=\"elementor-column elementor-col-100 elementor-top-column elementor-element elementor-element-6b5e0d7\" data-id=\"6b5e0d7\" data-element_type=\"column\" data-e-type=\"column\">\n\t\t\t<div class=\"elementor-widget-wrap elementor-element-populated\">\n\t\t\t\t\t\t<div class=\"elementor-element elementor-element-b0d2cc9 elementor-widget elementor-widget-toggle\" data-id=\"b0d2cc9\" data-element_type=\"widget\" data-e-type=\"widget\" data-widget_type=\"toggle.default\">\n\t\t\t\t<div class=\"elementor-widget-container\">\n\t\t\t\t\t\t\t<div class=\"elementor-toggle\">\n\t\t\t\t\t\t\t<div class=\"elementor-toggle-item\">\n\t\t\t\t\t<div id=\"elementor-tab-title-1851\" class=\"elementor-tab-title\" data-tab=\"1\" role=\"button\" aria-controls=\"elementor-tab-content-1851\" aria-expanded=\"false\">\n\t\t\t\t\t\t\t\t\t\t\t\t<span class=\"elementor-toggle-icon elementor-toggle-icon-left\" aria-hidden=\"true\">\n\t\t\t\t\t\t\t\t\t\t\t\t\t\t\t<span class=\"elementor-toggle-icon-closed\"><i class=\"fas fa-caret-right\"><\/i><\/span>\n\t\t\t\t\t\t\t\t<span class=\"elementor-toggle-icon-opened\"><i class=\"elementor-toggle-icon-opened fas fa-caret-up\"><\/i><\/span>\n\t\t\t\t\t\t\t\t\t\t\t\t\t<\/span>\n\t\t\t\t\t\t\t\t\t\t\t\t<a class=\"elementor-toggle-title\" tabindex=\"0\">Akan-Ashanti History and Religion<\/a>\n\t\t\t\t\t<\/div>\n\n\t\t\t\t\t<div id=\"elementor-tab-content-1851\" class=\"elementor-tab-content elementor-clearfix\" data-tab=\"1\" role=\"region\" aria-labelledby=\"elementor-tab-title-1851\"><ul>\n<li><strong><a href=\"https:\/\/mythslegendes.com\/en\/akan-mythology\/the-akan-peoples\/\">Akan peoples<\/a><\/strong><\/li>\n<li><strong><a href=\"https:\/\/mythslegendes.com\/en\/akan-mythology\/the-origin-of-akan\/\">The origin of the Akan<\/a><\/strong><\/li>\n<li><strong><a href=\"https:\/\/mythslegendes.com\/en\/akan-mythology\/pantheon-akan-ashanti\/\">Akan-Ashanti Pantheon<\/a><\/strong><\/li>\n<\/ul><\/div>\n\t\t\t\t<\/div>\n\t\t\t\t\t\t\t<div class=\"elementor-toggle-item\">\n\t\t\t\t\t<div id=\"elementor-tab-title-1852\" class=\"elementor-tab-title\" data-tab=\"2\" role=\"button\" aria-controls=\"elementor-tab-content-1852\" aria-expanded=\"false\">\n\t\t\t\t\t\t\t\t\t\t\t\t<span class=\"elementor-toggle-icon elementor-toggle-icon-left\" aria-hidden=\"true\">\n\t\t\t\t\t\t\t\t\t\t\t\t\t\t\t<span class=\"elementor-toggle-icon-closed\"><i class=\"fas fa-caret-right\"><\/i><\/span>\n\t\t\t\t\t\t\t\t<span class=\"elementor-toggle-icon-opened\"><i class=\"elementor-toggle-icon-opened fas fa-caret-up\"><\/i><\/span>\n\t\t\t\t\t\t\t\t\t\t\t\t\t<\/span>\n\t\t\t\t\t\t\t\t\t\t\t\t<a class=\"elementor-toggle-title\" tabindex=\"0\">Akan-Ashanti Free Book: Akan Tales from Ghana<\/a>\n\t\t\t\t\t<\/div>\n\n\t\t\t\t\t<div id=\"elementor-tab-content-1852\" class=\"elementor-tab-content elementor-clearfix\" data-tab=\"2\" role=\"region\" aria-labelledby=\"elementor-tab-title-1852\"><p><a href=\"https:\/\/fr.calameo.com\/read\/000903947a4d1d3f83615?authid=B7RXRWTsCKrx\" target=\"_blank\" rel=\"noopener\">Akan tales from Ghana<\/a><\/p><\/div>\n\t\t\t\t<\/div>\n\t\t\t\t\t\t\t<div class=\"elementor-toggle-item\">\n\t\t\t\t\t<div id=\"elementor-tab-title-1853\" class=\"elementor-tab-title\" data-tab=\"3\" role=\"button\" aria-controls=\"elementor-tab-content-1853\" aria-expanded=\"false\">\n\t\t\t\t\t\t\t\t\t\t\t\t<span class=\"elementor-toggle-icon elementor-toggle-icon-left\" aria-hidden=\"true\">\n\t\t\t\t\t\t\t\t\t\t\t\t\t\t\t<span class=\"elementor-toggle-icon-closed\"><i class=\"fas fa-caret-right\"><\/i><\/span>\n\t\t\t\t\t\t\t\t<span class=\"elementor-toggle-icon-opened\"><i class=\"elementor-toggle-icon-opened fas fa-caret-up\"><\/i><\/span>\n\t\t\t\t\t\t\t\t\t\t\t\t\t<\/span>\n\t\t\t\t\t\t\t\t\t\t\t\t<a class=\"elementor-toggle-title\" tabindex=\"0\">Akan-Ashanti Free Audiobook<\/a>\n\t\t\t\t\t<\/div>\n\n\t\t\t\t\t<div id=\"elementor-tab-content-1853\" class=\"elementor-tab-content elementor-clearfix\" data-tab=\"3\" role=\"region\" aria-labelledby=\"elementor-tab-title-1853\"><p class=\"a12b67e576d73f97c44f1f37026223c4-scss\"><a href=\"https:\/\/open.spotify.com\/album\/27OrNAJwl1B8l1D9Z7GZpx\" target=\"_blank\" rel=\"noopener\">Ashanti: Folk Tales from Ghana<\/a><\/p><\/div>\n\t\t\t\t<\/div>\n\t\t\t\t\t\t\t<div class=\"elementor-toggle-item\">\n\t\t\t\t\t<div id=\"elementor-tab-title-1854\" class=\"elementor-tab-title\" data-tab=\"4\" role=\"button\" aria-controls=\"elementor-tab-content-1854\" aria-expanded=\"false\">\n\t\t\t\t\t\t\t\t\t\t\t\t<span class=\"elementor-toggle-icon elementor-toggle-icon-left\" aria-hidden=\"true\">\n\t\t\t\t\t\t\t\t\t\t\t\t\t\t\t<span class=\"elementor-toggle-icon-closed\"><i class=\"fas fa-caret-right\"><\/i><\/span>\n\t\t\t\t\t\t\t\t<span class=\"elementor-toggle-icon-opened\"><i class=\"elementor-toggle-icon-opened fas fa-caret-up\"><\/i><\/span>\n\t\t\t\t\t\t\t\t\t\t\t\t\t<\/span>\n\t\t\t\t\t\t\t\t\t\t\t\t<a class=\"elementor-toggle-title\" tabindex=\"0\">Akan-Ashanti Myths and Legends<\/a>\n\t\t\t\t\t<\/div>\n\n\t\t\t\t\t<div id=\"elementor-tab-content-1854\" class=\"elementor-tab-content elementor-clearfix\" data-tab=\"4\" role=\"region\" aria-labelledby=\"elementor-tab-title-1854\"><ul>\n<li><strong><a href=\"https:\/\/mythslegendes.com\/en\/akan-mythology\/anansi-gets-the-sky-god-stories\/\">Anansi gets the Sky God Stories<\/a><\/strong><\/li>\n<li><a href=\"https:\/\/mythslegendes.com\/en\/akan-mythology\/ashanti-creation-myth\/\"><b>creation myth<\/b><\/a><\/li>\n<li><a href=\"https:\/\/mythslegendes.com\/en\/akan-mythology\/anansi-and-the-chameleon\/\"><strong>Anansi and the Chameleon<\/strong><\/a><\/li>\n<li><a href=\"https:\/\/mythslegendes.com\/en\/akan-mythology\/anansi-and-lepi-of-corn\/\"><strong>Anansi and the corn cob<\/strong><\/a><\/li>\n<li><a href=\"https:\/\/mythslegendes.com\/en\/akan-mythology\/how-anansi-became-a-spider\/\"><strong>How Anansi became a spider<\/strong><\/a><\/li>\n<li><a href=\"https:\/\/mythslegendes.com\/en\/akan-mythology\/how-anansi-cheated-on-god\/\"><strong>How Anansi tricked god<\/strong><\/a><\/li>\n<\/ul><\/div>\n\t\t\t\t<\/div>\n\t\t\t\t\t\t\t\t<\/div>\n\t\t\t\t\t\t<\/div>\n\t\t\t\t<\/div>\n\t\t\t\t\t<\/div>\n\t\t<\/div>\n\t\t\t\t\t<\/div>\n\t\t<\/section>\n\t\t\t\t<section class=\"elementor-section elementor-top-section elementor-element elementor-element-12fc95c elementor-section-boxed elementor-section-height-default elementor-section-height-default\" data-id=\"12fc95c\" data-element_type=\"section\" data-e-type=\"section\">\n\t\t\t\t\t\t<div class=\"elementor-container elementor-column-gap-default\">\n\t\t\t\t\t<div class=\"elementor-column elementor-col-100 elementor-top-column elementor-element elementor-element-ae9b195\" data-id=\"ae9b195\" data-element_type=\"column\" data-e-type=\"column\">\n\t\t\t<div class=\"elementor-widget-wrap elementor-element-populated\">\n\t\t\t\t\t\t<div class=\"elementor-element elementor-element-c23f121 elementor-widget elementor-widget-heading\" data-id=\"c23f121\" data-element_type=\"widget\" data-e-type=\"widget\" data-widget_type=\"heading.default\">\n\t\t\t\t<div class=\"elementor-widget-container\">\n\t\t\t\t\t<h2 class=\"elementor-heading-title elementor-size-default\"><span class=\"ez-toc-section\" id=\"Livres-sur-la-mythologie-Niger-congo\"><\/span>Books on Niger-Congo mythology<span class=\"ez-toc-section-end\"><\/span><\/h2>\t\t\t\t<\/div>\n\t\t\t\t<\/div>\n\t\t\t\t\t<\/div>\n\t\t<\/div>\n\t\t\t\t\t<\/div>\n\t\t<\/section>\n\t\t\t\t<section class=\"elementor-section elementor-top-section elementor-element elementor-element-598e7c2 elementor-section-boxed elementor-section-height-default elementor-section-height-default\" data-id=\"598e7c2\" data-element_type=\"section\" data-e-type=\"section\">\n\t\t\t\t\t\t<div class=\"elementor-container elementor-column-gap-default\">\n\t\t\t\t\t<div class=\"elementor-column elementor-col-100 elementor-top-column elementor-element elementor-element-427fa52\" data-id=\"427fa52\" data-element_type=\"column\" data-e-type=\"column\">\n\t\t\t<div class=\"elementor-widget-wrap elementor-element-populated\">\n\t\t\t\t\t\t<div class=\"elementor-element elementor-element-2e93724 elementor-widget elementor-widget-text-editor\" data-id=\"2e93724\" data-element_type=\"widget\" data-e-type=\"widget\" data-widget_type=\"text-editor.default\">\n\t\t\t\t<div class=\"elementor-widget-container\">\n\t\t\t\t\t\t\t\t\t<p>Comics \/ Illustrated:<\/p>\n<p>In French :<\/p>\n<ul>\n<li><a href=\"https:\/\/www.amazon.fr\/dp\/201340414X?&amp;linkCode=ll1&amp;tag=mythscience-21&amp;linkId=d5b8887cf18a7cfa02ad93af916ac815&amp;language=fr_FR&amp;ref_=as_li_ss_tl\" target=\"_blank\" rel=\"noopener\">The ancient kingdom of Dahomey, mores, religion, history<\/a><\/li>\n<li><a href=\"https:\/\/www.amazon.fr\/dp\/2845866232?&amp;linkCode=sl1&amp;tag=mythscience-21&amp;linkId=11762ff4f8c1306d435a19d0df251bfd&amp;language=fr_FR&amp;ref_=as_li_ss_tl\" target=\"_blank\" rel=\"noopener\">Tales and legends of Benin<\/a><\/li>\n<li><a href=\"https:\/\/www.amazon.fr\/dp\/2372490621?&amp;linkCode=sl1&amp;tag=mythscience-21&amp;linkId=a0f6a7429baecbcbdfeb5c9d9c80a6fb&amp;language=fr_FR&amp;ref_=as_li_ss_tl\" target=\"_blank\" rel=\"noopener\">water god<\/a><\/li>\n<li><a href=\"https:\/\/www.amazon.fr\/dp\/2266230735?&amp;linkCode=ll1&amp;tag=mythscience-21&amp;linkId=af3ec2f9438cc350c2a09e75790c9d5e&amp;language=fr_FR&amp;ref_=as_li_ss_tl\" target=\"_blank\" rel=\"noopener\">There is no small quarrel<\/a><\/li>\n<li><a href=\"https:\/\/www.amazon.fr\/dp\/2266095501?&amp;linkCode=ll1&amp;tag=mythscience-21&amp;linkId=a9394ef1d01b802735a2e08f3d380214&amp;language=fr_FR&amp;ref_=as_li_ss_tl\" target=\"_blank\" rel=\"noopener\">Fulani initiation tales<\/a><\/li>\n<li><a href=\"https:\/\/www.amazon.fr\/dp\/274819828X?&amp;linkCode=sl1&amp;tag=mythscience-21&amp;linkId=0db1afe8ca5a75b3a97ae302f3e9daef&amp;language=fr_FR&amp;ref_=as_li_ss_tl\" target=\"_blank\" rel=\"noopener\">Tales and legends in Serer country<\/a><\/li>\n<\/ul>\n<p>Only in English:<\/p>\n<ul>\n<li><a href=\"https:\/\/www.amazon.fr\/dp\/0805003118?&amp;linkCode=ll1&amp;tag=mythscience-21&amp;linkId=8467497c53cdcb2f19c500bbaf3cde05&amp;language=fr_FR&amp;ref_=as_li_ss_tl\" target=\"_blank\" rel=\"noopener\">Anansi the Spider: A Tale from the Ashanti<\/a><\/li>\n<li><a href=\"https:\/\/www.amazon.fr\/dp\/1952228018?&amp;linkCode=sl1&amp;tag=mythscience-21&amp;linkId=73064ee14327ce575d29f192e75998a3&amp;language=fr_FR&amp;ref_=as_li_ss_tl\" target=\"_blank\" rel=\"noopener\">The Akan, Other Africans and The Sirius Star System<\/a><\/li>\n<li><a href=\"https:\/\/www.amazon.fr\/dp\/199933633X?&amp;linkCode=sl1&amp;tag=mythscience-21&amp;linkId=dd29acafa74501c491cdb150f22d14e6&amp;language=fr_FR&amp;ref_=as_li_ss_tl\" target=\"_blank\" rel=\"noopener\">Children of the Benin Kingdom<\/a><\/li>\n<li><a href=\"https:\/\/www.amazon.fr\/dp\/1594771340?&amp;linkCode=sl1&amp;tag=mythscience-21&amp;linkId=ca1c6d940008fc55622dea1ac73d6a54&amp;language=fr_FR&amp;ref_=as_li_ss_tl\" target=\"_blank\" rel=\"noopener\">Sacred Symbols of the Dogon<\/a><\/li>\n<li><a href=\"https:\/\/www.amazon.fr\/dp\/1981166270?&amp;linkCode=sl1&amp;tag=mythscience-21&amp;linkId=43d1586e3a9618fcab1a777d95f45e53&amp;language=fr_FR&amp;ref_=as_li_ss_tl\" target=\"_blank\" rel=\"noopener\">Efik Moonlight Tales, Calabar Nigeria<\/a><\/li>\n<li><a href=\"https:\/\/www.amazon.fr\/dp\/1592218091?&amp;linkCode=ll1&amp;tag=mythscience-21&amp;linkId=7c9dcc959eef4cb06cb8f091a6d44f88&amp;language=fr_FR&amp;ref_=as_li_ss_tl\" target=\"_blank\" rel=\"noopener\">The Timbuktu Chronicles, 1493-1599<\/a><\/li>\n<li><a href=\"https:\/\/www.amazon.fr\/dp\/1432913409?&amp;linkCode=ll1&amp;tag=mythscience-21&amp;linkId=d6f7852a5d4e338b7e3d1922a7515f16&amp;language=fr_FR&amp;ref_=as_li_ss_tl\" target=\"_blank\" rel=\"noopener\">Ancient West African Kingdoms<\/a><\/li>\n<li><a href=\"https:\/\/www.amazon.fr\/Legend-Walking-Dead-Igbo-Mythologies\/dp\/1631359347?&amp;linkCode=sl1&amp;tag=mythscience-21&amp;linkId=ca926601d80f9a051a3cae47d325f6a7&amp;language=fr_FR&amp;ref_=as_li_ss_tl\" target=\"_blank\" rel=\"noopener\">Legend of the Walking Dead: Igbo Mythologies<\/a><\/li>\n<li><a href=\"https:\/\/www.amazon.fr\/dp\/0803218435?&amp;linkCode=ll1&amp;tag=mythscience-21&amp;linkId=4345366d88ae3f754876465e88b069ab&amp;language=fr_FR&amp;ref_=as_li_ss_tl\" target=\"_blank\" rel=\"noopener\">Yoruba Proverbs<\/a><\/li>\n<li><a href=\"https:\/\/www.amazon.fr\/dp\/0872866300?&amp;linkCode=sl1&amp;tag=mythscience-21&amp;linkId=dc7396111d0ebbb36ac05bd62fdab37e&amp;language=fr_FR&amp;ref_=as_li_ss_tl\" target=\"_blank\" rel=\"noopener\">Forest of A Thousand Daemons<\/a><\/li>\n<li><a href=\"https:\/\/www.amazon.fr\/dp\/1605060178?&amp;linkCode=sl1&amp;tag=mythscience-21&amp;linkId=68aa8bd1ad2804b60acae2259fcd0254&amp;language=fr_FR&amp;ref_=as_li_ss_tl\" target=\"_blank\" rel=\"noopener\">Yoruba Legends (Forgotten Books)<\/a><\/li>\n<li><a href=\"https:\/\/www.amazon.fr\/dp\/159143145X?&amp;linkCode=sl1&amp;tag=mythscience-21&amp;linkId=b6aa27aebd2668685c4e32cbc13ad718&amp;language=fr_FR&amp;ref_=as_li_ss_tl\" target=\"_blank\" rel=\"noopener\">The Lost History of the Little People<\/a><\/li>\n<\/ul>\t\t\t\t\t\t\t\t<\/div>\n\t\t\t\t<\/div>\n\t\t\t\t\t<\/div>\n\t\t<\/div>\n\t\t\t\t\t<\/div>\n\t\t<\/section>\n\t\t\t\t<\/div>","protected":false},"excerpt":{"rendered":"<p>Retour au Groupe Culturel Boutique D\u00e9di\u00e9e Wiki Mythologie Akan La Mythologie Akan regroupe un ensemble de peuples (Bron, Adjoukrou Ashanti, &hellip; <\/p>","protected":false},"author":1,"featured_media":0,"parent":0,"menu_order":1,"comment_status":"closed","ping_status":"closed","template":"","meta":{"footnotes":""},"class_list":["post-4092","page","type-page","status-publish","hentry"],"amp_enabled":true,"_links":{"self":[{"href":"https:\/\/mythslegendes.com\/en\/wp-json\/wp\/v2\/pages\/4092","targetHints":{"allow":["GET"]}}],"collection":[{"href":"https:\/\/mythslegendes.com\/en\/wp-json\/wp\/v2\/pages"}],"about":[{"href":"https:\/\/mythslegendes.com\/en\/wp-json\/wp\/v2\/types\/page"}],"author":[{"embeddable":true,"href":"https:\/\/mythslegendes.com\/en\/wp-json\/wp\/v2\/users\/1"}],"replies":[{"embeddable":true,"href":"https:\/\/mythslegendes.com\/en\/wp-json\/wp\/v2\/comments?post=4092"}],"version-history":[{"count":13,"href":"https:\/\/mythslegendes.com\/en\/wp-json\/wp\/v2\/pages\/4092\/revisions"}],"predecessor-version":[{"id":27001,"href":"https:\/\/mythslegendes.com\/en\/wp-json\/wp\/v2\/pages\/4092\/revisions\/27001"}],"wp:attachment":[{"href":"https:\/\/mythslegendes.com\/en\/wp-json\/wp\/v2\/media?parent=4092"}],"curies":[{"name":"wp","href":"https:\/\/api.w.org\/{rel}","templated":true}]}}