{"id":411,"date":"2020-06-12T12:52:44","date_gmt":"2020-06-12T11:52:44","guid":{"rendered":"https:\/\/mythslegendes.com\/?page_id=411"},"modified":"2022-12-03T22:06:52","modified_gmt":"2022-12-03T22:06:52","slug":"la-legende-du-barde-cervorix","status":"publish","type":"page","link":"https:\/\/mythslegendes.com\/en\/gallic-mythology\/the-legend-of-the-bard-cervorix\/","title":{"rendered":"The Bard Cervorix"},"content":{"rendered":"<div data-elementor-type=\"wp-page\" data-elementor-id=\"411\" class=\"elementor elementor-411\">\n\t\t\t\t\t\t<section class=\"elementor-section elementor-top-section elementor-element elementor-element-4dc06c0 elementor-section-boxed elementor-section-height-default elementor-section-height-default\" data-id=\"4dc06c0\" data-element_type=\"section\" data-e-type=\"section\">\n\t\t\t\t\t\t<div class=\"elementor-container elementor-column-gap-default\">\n\t\t\t\t\t<div class=\"elementor-column elementor-col-50 elementor-top-column elementor-element elementor-element-2d6d5ec\" data-id=\"2d6d5ec\" data-element_type=\"column\" data-e-type=\"column\">\n\t\t\t<div class=\"elementor-widget-wrap elementor-element-populated\">\n\t\t\t\t\t\t<div class=\"elementor-element elementor-element-82c11fe elementor-align-justify elementor-widget elementor-widget-button\" data-id=\"82c11fe\" data-element_type=\"widget\" data-e-type=\"widget\" data-widget_type=\"button.default\">\n\t\t\t\t<div class=\"elementor-widget-container\">\n\t\t\t\t\t\t\t\t\t<div class=\"elementor-button-wrapper\">\n\t\t\t\t\t<a class=\"elementor-button elementor-button-link elementor-size-sm\" href=\"https:\/\/mythslegendes.com\/en\/gallic-mythology\/\">\n\t\t\t\t\t\t<span class=\"elementor-button-content-wrapper\">\n\t\t\t\t\t\t\t\t\t<span class=\"elementor-button-text\">Gaulish mythology<\/span>\n\t\t\t\t\t<\/span>\n\t\t\t\t\t<\/a>\n\t\t\t\t<\/div>\n\t\t\t\t\t\t\t\t<\/div>\n\t\t\t\t<\/div>\n\t\t\t\t\t<\/div>\n\t\t<\/div>\n\t\t\t\t<div class=\"elementor-column elementor-col-50 elementor-top-column elementor-element elementor-element-b417809\" data-id=\"b417809\" data-element_type=\"column\" data-e-type=\"column\">\n\t\t\t<div class=\"elementor-widget-wrap elementor-element-populated\">\n\t\t\t\t\t\t<div class=\"elementor-element elementor-element-bad096d elementor-align-justify elementor-widget elementor-widget-button\" data-id=\"bad096d\" data-element_type=\"widget\" data-e-type=\"widget\" data-widget_type=\"button.default\">\n\t\t\t\t<div class=\"elementor-widget-container\">\n\t\t\t\t\t\t\t\t\t<div class=\"elementor-button-wrapper\">\n\t\t\t\t\t<a class=\"elementor-button elementor-button-link elementor-size-sm\" href=\"https:\/\/fr.wikipedia.org\/wiki\/Religion_gauloise\" target=\"_blank\" rel=\"noopener\">\n\t\t\t\t\t\t<span class=\"elementor-button-content-wrapper\">\n\t\t\t\t\t\t\t\t\t<span class=\"elementor-button-text\">Wiki<\/span>\n\t\t\t\t\t<\/span>\n\t\t\t\t\t<\/a>\n\t\t\t\t<\/div>\n\t\t\t\t\t\t\t\t<\/div>\n\t\t\t\t<\/div>\n\t\t\t\t\t<\/div>\n\t\t<\/div>\n\t\t\t\t\t<\/div>\n\t\t<\/section>\n\t\t\t\t<section class=\"elementor-section elementor-top-section elementor-element elementor-element-57c50cf1 elementor-section-boxed elementor-section-height-default elementor-section-height-default\" data-id=\"57c50cf1\" data-element_type=\"section\" data-e-type=\"section\">\n\t\t\t\t\t\t<div class=\"elementor-container elementor-column-gap-default\">\n\t\t\t\t\t<div class=\"elementor-column elementor-col-100 elementor-top-column elementor-element elementor-element-2b69d6ee\" data-id=\"2b69d6ee\" data-element_type=\"column\" data-e-type=\"column\">\n\t\t\t<div class=\"elementor-widget-wrap elementor-element-populated\">\n\t\t\t\t\t\t<div class=\"elementor-element elementor-element-33f9c77f elementor-widget elementor-widget-text-editor\" data-id=\"33f9c77f\" data-element_type=\"widget\" data-e-type=\"widget\" data-widget_type=\"text-editor.default\">\n\t\t\t\t<div class=\"elementor-widget-container\">\n\t\t\t\t\t\t\t\t\t<p><\/p>\n<p class=\"has-text-align-justify\">Not far from the Sa\u00f4ne, in the country of the Aulerques-Brannovie, in a wood consecrated to B\u00e9l\u00e9nos, one evening, the Bard Cervorix, seated on a solitary rock (because he was surrounded by water), instructed his disciples who, bareheaded , listened to his words.<\/p>\n<p><img decoding=\"async\" class=\"alignnone wp-image-5284 size-full\" src=\"https:\/\/mythslegendes.com\/wp-content\/uploads\/2020\/09\/AlphaOmega-e1602613368367.png\" alt=\"The Bard Cervorix\" width=\"25\" height=\"26\" title=\"\"><\/p>\n<div id=\"ez-toc-container\" class=\"ez-toc-v2_0_82_2 counter-hierarchy ez-toc-counter ez-toc-grey ez-toc-container-direction\">\n<div class=\"ez-toc-title-container\">\n<p class=\"ez-toc-title\" style=\"cursor:inherit\">Contents<\/p>\n<span class=\"ez-toc-title-toggle\"><a href=\"#\" class=\"ez-toc-pull-right ez-toc-btn ez-toc-btn-xs ez-toc-btn-default ez-toc-toggle\" aria-label=\"Toggle Table of Content\"><span class=\"ez-toc-js-icon-con\"><span class=\"\"><span class=\"eztoc-hide\" style=\"display:none;\">Toggle<\/span><span class=\"ez-toc-icon-toggle-span\"><svg style=\"fill: #999;color:#999\" xmlns=\"http:\/\/www.w3.org\/2000\/svg\" class=\"list-377408\" width=\"20px\" height=\"20px\" viewbox=\"0 0 24 24\" fill=\"none\"><path d=\"M6 6H4v2h2V6zm14 0H8v2h12V6zM4 11h2v2H4v-2zm16 0H8v2h12v-2zM4 16h2v2H4v-2zm16 0H8v2h12v-2z\" fill=\"currentColor\"><\/path><\/svg><svg style=\"fill: #999;color:#999\" class=\"arrow-unsorted-368013\" xmlns=\"http:\/\/www.w3.org\/2000\/svg\" width=\"10px\" height=\"10px\" viewbox=\"0 0 24 24\" version=\"1.2\" baseprofile=\"tiny\"><path d=\"M18.2 9.3l-6.2-6.3-6.2 6.3c-.2.2-.3.4-.3.7s.1.5.3.7c.2.2.4.3.7.3h11c.3 0 .5-.1.7-.3.2-.2.3-.5.3-.7s-.1-.5-.3-.7zM5.8 14.7l6.2 6.3 6.2-6.3c.2-.2.3-.5.3-.7s-.1-.5-.3-.7c-.2-.2-.4-.3-.7-.3h-11c-.3 0-.5.1-.7.3-.2.2-.3.5-.3.7s.1.5.3.7z\"\/><\/svg><\/span><\/span><\/span><\/a><\/span><\/div>\n<nav><ul class='ez-toc-list ez-toc-list-level-1' ><li class='ez-toc-page-1 ez-toc-heading-level-2'><a class=\"ez-toc-link ez-toc-heading-1\" href=\"https:\/\/mythslegendes.com\/en\/gallic-mythology\/the-legend-of-the-bard-cervorix\/#Le-Barde-Cervorix\" >The Bard Cervorix<\/a><\/li><\/ul><\/nav><\/div>\n<h2><span class=\"ez-toc-section\" id=\"Le-Barde-Cervorix\"><\/span>The Bard Cervorix<span class=\"ez-toc-section-end\"><\/span><\/h2>\n<p><\/p>\n<p class=\"has-text-align-justify\">Cervorix plucked the strings of an ivory lyre enriched with gold blades. This first epta cord was a gift from the Druidesses of Sena Island.<\/p>\n<p><\/p>\n<p class=\"has-text-align-justify\">All was calm around the Bard: the water, the earth, the forest, as well as the bright vault of the sky dotted with stars. The disciples listened to the accents of the poet, who detailed to them the marvels of the firmament, making them admire the regular and continuous march of the stars, which roll in infinite space.<\/p>\n<p><\/p>\n<p class=\"has-text-align-justify\">Suddenly the horizon darkens, thick clouds spread their veils over it, an impetuous wind begins to blow and shake the trees, while night birds flutter around the Bard&#039;s head. A sinister storm seems to be coming, as the dogs howl on the mountain. Then Cervorix disdainfully exclaims: \u201cMan as matter is nothing but heavy vapors and fetid exhalations.<\/p>\n<p class=\"has-text-align-justify\">His corporeal envelope compresses the impulses of his soul and retains his best instincts, those, for example, which command him to leave the earth for a more fortunate home. What is life? Laugh! It is not the moment spent, the one that will pass, but the good use of time, which is important! Children of the <a href=\"https:\/\/mythslegendes.com\/en\/mythes-et-legendes-celtiques-20\/\">Celtic<\/a>, live in peace, think of eternity and tell everyone that you have seen and known the Bard Cervorix. \u00bb<\/p>\n<p><\/p>\n<p class=\"has-text-align-justify\">Having thus spoken, he broke his lyre and from the heights of the rock on which he was standing, he rushed into the waves. It is to perpetuate his memory that the Druids call this waterfall the Saut de Cervorix, which has become the Saut de la Cerv\u00e8ze by corruption of the famous Barde.<\/p>\n<p><\/p>\n<p class=\"has-text-align-justify\">The day after that sad day, a huge pyre decorated with flowers and covered with herbs was erected near a dolmen and at midnight, when the seven stars of the Big Dipper were reflected on the surface of the water contained in seven holes in the table of the Druidic altar, two ministers of Esus raising their hands to heaven, set fire to the pyre, after having addressed a sincere prayer to God.<\/p>\n<p><\/p>\n<p class=\"has-text-align-justify\">The Druids, the Druidesse, a young virgin and a Bard walked around the pyre; one of the Druids threw down an amber goblet, the other an ivory lyre, the Druidesse her veil, the young girl a lock of her fair hair, finally the Bard, her saie as white as the lily of the valley.<\/p>\n<p><\/p>\n<p class=\"has-text-align-justify\">Weep over this death, said the Druids to the people, it has been granted to your love; but forever sing the trait of courage and devotion of the Bard Cervorix! \u00bb<\/p>\n<p><\/p>\n<p class=\"has-text-align-justify\">After the cremation ceremony, the Bard&#039;s ashes were placed in a colored glass urn, on which was enamelled this inscription:<\/p>\n<p><\/p>\n<p class=\"has-text-align-justify\">&quot; Deadly ! Learn where you come from, where you are going, look at this dust. She was what you are, you will be what she is. \u00bb<\/p>\n<p><\/p>\n<p>This is the origin of the world of the Grosne Valley waterfall.<\/p>\n<p><\/p>\t\t\t\t\t\t\t\t<\/div>\n\t\t\t\t<\/div>\n\t\t\t\t\t<\/div>\n\t\t<\/div>\n\t\t\t\t\t<\/div>\n\t\t<\/section>\n\t\t\t\t<\/div>","protected":false},"excerpt":{"rendered":"<p>Gaulish Mythology Wiki Not far from the Sa\u00f4ne, in the land of the Aulerques-Brannovie, in a wood dedicated to B\u00e9l\u00e9nos, a \u2026 <\/p>","protected":false},"author":1,"featured_media":412,"parent":367,"menu_order":0,"comment_status":"closed","ping_status":"closed","template":"","meta":{"footnotes":""},"class_list":["post-411","page","type-page","status-publish","has-post-thumbnail","hentry"],"amp_enabled":true,"_links":{"self":[{"href":"https:\/\/mythslegendes.com\/en\/wp-json\/wp\/v2\/pages\/411","targetHints":{"allow":["GET"]}}],"collection":[{"href":"https:\/\/mythslegendes.com\/en\/wp-json\/wp\/v2\/pages"}],"about":[{"href":"https:\/\/mythslegendes.com\/en\/wp-json\/wp\/v2\/types\/page"}],"author":[{"embeddable":true,"href":"https:\/\/mythslegendes.com\/en\/wp-json\/wp\/v2\/users\/1"}],"replies":[{"embeddable":true,"href":"https:\/\/mythslegendes.com\/en\/wp-json\/wp\/v2\/comments?post=411"}],"version-history":[{"count":1,"href":"https:\/\/mythslegendes.com\/en\/wp-json\/wp\/v2\/pages\/411\/revisions"}],"predecessor-version":[{"id":24511,"href":"https:\/\/mythslegendes.com\/en\/wp-json\/wp\/v2\/pages\/411\/revisions\/24511"}],"up":[{"embeddable":true,"href":"https:\/\/mythslegendes.com\/en\/wp-json\/wp\/v2\/pages\/367"}],"wp:featuredmedia":[{"embeddable":true,"href":"https:\/\/mythslegendes.com\/en\/wp-json\/wp\/v2\/media\/412"}],"wp:attachment":[{"href":"https:\/\/mythslegendes.com\/en\/wp-json\/wp\/v2\/media?parent=411"}],"curies":[{"name":"wp","href":"https:\/\/api.w.org\/{rel}","templated":true}]}}