{"id":4152,"date":"2020-08-18T13:51:03","date_gmt":"2020-08-18T12:51:03","guid":{"rendered":"https:\/\/mythslegendes.com\/?page_id=4152"},"modified":"2022-12-03T22:07:19","modified_gmt":"2022-12-03T22:07:19","slug":"dieux-de-3eme-generation-fon","status":"publish","type":"page","link":"https:\/\/mythslegendes.com\/en\/dahomeenne-fon-mythology\/3rd-generation-gods-fon\/","title":{"rendered":"3rd generation gods Fon"},"content":{"rendered":"<div data-elementor-type=\"wp-page\" data-elementor-id=\"4152\" class=\"elementor elementor-4152\">\n\t\t\t\t\t\t<section class=\"elementor-section elementor-top-section elementor-element elementor-element-449f572 elementor-section-boxed elementor-section-height-default elementor-section-height-default\" data-id=\"449f572\" data-element_type=\"section\" data-e-type=\"section\">\n\t\t\t\t\t\t<div class=\"elementor-container elementor-column-gap-default\">\n\t\t\t\t\t<div class=\"elementor-column elementor-col-50 elementor-top-column elementor-element elementor-element-eb2329a\" data-id=\"eb2329a\" data-element_type=\"column\" data-e-type=\"column\">\n\t\t\t<div class=\"elementor-widget-wrap elementor-element-populated\">\n\t\t\t\t\t\t<div class=\"elementor-element elementor-element-9537247 elementor-align-justify elementor-widget elementor-widget-button\" data-id=\"9537247\" data-element_type=\"widget\" data-e-type=\"widget\" data-widget_type=\"button.default\">\n\t\t\t\t<div class=\"elementor-widget-container\">\n\t\t\t\t\t\t\t\t\t<div class=\"elementor-button-wrapper\">\n\t\t\t\t\t<a class=\"elementor-button elementor-button-link elementor-size-sm\" href=\"\">\n\t\t\t\t\t\t<span class=\"elementor-button-content-wrapper\">\n\t\t\t\t\t\t\t\t\t<span class=\"elementor-button-text\">Dahomean-Fon mythology<\/span>\n\t\t\t\t\t<\/span>\n\t\t\t\t\t<\/a>\n\t\t\t\t<\/div>\n\t\t\t\t\t\t\t\t<\/div>\n\t\t\t\t<\/div>\n\t\t\t\t\t<\/div>\n\t\t<\/div>\n\t\t\t\t<div class=\"elementor-column elementor-col-50 elementor-top-column elementor-element elementor-element-0cba9e5\" data-id=\"0cba9e5\" data-element_type=\"column\" data-e-type=\"column\">\n\t\t\t<div class=\"elementor-widget-wrap elementor-element-populated\">\n\t\t\t\t\t\t<div class=\"elementor-element elementor-element-850ff34 elementor-align-justify elementor-widget elementor-widget-button\" data-id=\"850ff34\" data-element_type=\"widget\" data-e-type=\"widget\" data-widget_type=\"button.default\">\n\t\t\t\t<div class=\"elementor-widget-container\">\n\t\t\t\t\t\t\t\t\t<div class=\"elementor-button-wrapper\">\n\t\t\t\t\t<a class=\"elementor-button elementor-button-link elementor-size-sm\" href=\"https:\/\/fr.wikipedia.org\/wiki\/Royaume_du_Dahomey\" target=\"_blank\" rel=\"noopener\">\n\t\t\t\t\t\t<span class=\"elementor-button-content-wrapper\">\n\t\t\t\t\t\t\t\t\t<span class=\"elementor-button-text\">Wiki<\/span>\n\t\t\t\t\t<\/span>\n\t\t\t\t\t<\/a>\n\t\t\t\t<\/div>\n\t\t\t\t\t\t\t\t<\/div>\n\t\t\t\t<\/div>\n\t\t\t\t\t<\/div>\n\t\t<\/div>\n\t\t\t\t\t<\/div>\n\t\t<\/section>\n\t\t\t\t<section class=\"elementor-section elementor-top-section elementor-element elementor-element-367385c elementor-section-boxed elementor-section-height-default elementor-section-height-default\" data-id=\"367385c\" data-element_type=\"section\" data-e-type=\"section\">\n\t\t\t\t\t\t<div class=\"elementor-container elementor-column-gap-default\">\n\t\t\t\t\t<div class=\"elementor-column elementor-col-100 elementor-top-column elementor-element elementor-element-2abbfe1\" data-id=\"2abbfe1\" data-element_type=\"column\" data-e-type=\"column\">\n\t\t\t<div class=\"elementor-widget-wrap elementor-element-populated\">\n\t\t\t\t\t\t<div class=\"elementor-element elementor-element-1784c48 elementor-widget elementor-widget-text-editor\" data-id=\"1784c48\" data-element_type=\"widget\" data-e-type=\"widget\" data-widget_type=\"text-editor.default\">\n\t\t\t\t<div class=\"elementor-widget-container\">\n\t\t\t\t\t\t\t\t\t<p>The 3rd generation Fon gods are: GOU, SO, DJI, KPAN, SUN, TO, AGE<\/p>\n<p><img decoding=\"async\" class=\"alignnone wp-image-5284 size-full\" src=\"https:\/\/mythslegendes.com\/wp-content\/uploads\/2020\/09\/AlphaOmega-e1602613368367.png\" alt=\"Fon 3rd generation gods are: GOU, SO, DJI, KPAN, SUN, TO, AGE\" width=\"25\" height=\"26\" title=\"\"><\/p>\t\t\t\t\t\t\t\t<\/div>\n\t\t\t\t<\/div>\n\t\t\t\t\t<\/div>\n\t\t<\/div>\n\t\t\t\t\t<\/div>\n\t\t<\/section>\n\t\t\t\t<section class=\"elementor-section elementor-top-section elementor-element elementor-element-d9f4b49 elementor-section-boxed elementor-section-height-default elementor-section-height-default\" data-id=\"d9f4b49\" data-element_type=\"section\" data-e-type=\"section\">\n\t\t\t\t\t\t<div class=\"elementor-container elementor-column-gap-default\">\n\t\t\t\t\t<div class=\"elementor-column elementor-col-100 elementor-top-column elementor-element elementor-element-e8ce91d\" data-id=\"e8ce91d\" data-element_type=\"column\" data-e-type=\"column\">\n\t\t\t<div class=\"elementor-widget-wrap elementor-element-populated\">\n\t\t\t\t\t\t<div class=\"elementor-element elementor-element-df9bef8 elementor-widget elementor-widget-heading\" data-id=\"df9bef8\" data-element_type=\"widget\" data-e-type=\"widget\" data-widget_type=\"heading.default\">\n\t\t\t\t<div class=\"elementor-widget-container\">\n\t\t\t\t\t<div id=\"ez-toc-container\" class=\"ez-toc-v2_0_82_2 counter-hierarchy ez-toc-counter ez-toc-grey ez-toc-container-direction\">\n<div class=\"ez-toc-title-container\">\n<p class=\"ez-toc-title\" style=\"cursor:inherit\">Contents<\/p>\n<span class=\"ez-toc-title-toggle\"><a href=\"#\" class=\"ez-toc-pull-right ez-toc-btn ez-toc-btn-xs ez-toc-btn-default ez-toc-toggle\" aria-label=\"Toggle Table of Content\"><span class=\"ez-toc-js-icon-con\"><span class=\"\"><span class=\"eztoc-hide\" style=\"display:none;\">Toggle<\/span><span class=\"ez-toc-icon-toggle-span\"><svg style=\"fill: #999;color:#999\" xmlns=\"http:\/\/www.w3.org\/2000\/svg\" class=\"list-377408\" width=\"20px\" height=\"20px\" viewbox=\"0 0 24 24\" fill=\"none\"><path d=\"M6 6H4v2h2V6zm14 0H8v2h12V6zM4 11h2v2H4v-2zm16 0H8v2h12v-2zM4 16h2v2H4v-2zm16 0H8v2h12v-2z\" fill=\"currentColor\"><\/path><\/svg><svg style=\"fill: #999;color:#999\" class=\"arrow-unsorted-368013\" xmlns=\"http:\/\/www.w3.org\/2000\/svg\" width=\"10px\" height=\"10px\" viewbox=\"0 0 24 24\" version=\"1.2\" baseprofile=\"tiny\"><path d=\"M18.2 9.3l-6.2-6.3-6.2 6.3c-.2.2-.3.4-.3.7s.1.5.3.7c.2.2.4.3.7.3h11c.3 0 .5-.1.7-.3.2-.2.3-.5.3-.7s-.1-.5-.3-.7zM5.8 14.7l6.2 6.3 6.2-6.3c.2-.2.3-.5.3-.7s-.1-.5-.3-.7c-.2-.2-.4-.3-.7-.3h-11c-.3 0-.5.1-.7.3-.2.2-.3.5-.3.7s.1.5.3.7z\"\/><\/svg><\/span><\/span><\/span><\/a><\/span><\/div>\n<nav><ul class='ez-toc-list ez-toc-list-level-1' ><li class='ez-toc-page-1 ez-toc-heading-level-2'><a class=\"ez-toc-link ez-toc-heading-1\" href=\"https:\/\/mythslegendes.com\/en\/dahomeenne-fon-mythology\/3rd-generation-gods-fon\/#Dieux-de-3eme-generation-Fon\" >3rd generation gods Fon<\/a><\/li><li class='ez-toc-page-1 ez-toc-heading-level-2'><a class=\"ez-toc-link ez-toc-heading-2\" href=\"https:\/\/mythslegendes.com\/en\/dahomeenne-fon-mythology\/3rd-generation-gods-fon\/#Gou-Feu\" >Gou (Fire)<\/a><\/li><li class='ez-toc-page-1 ez-toc-heading-level-2'><a class=\"ez-toc-link ez-toc-heading-3\" href=\"https:\/\/mythslegendes.com\/en\/dahomeenne-fon-mythology\/3rd-generation-gods-fon\/#SO-Feu\" >SO (Fire)<\/a><\/li><li class='ez-toc-page-1 ez-toc-heading-level-2'><a class=\"ez-toc-link ez-toc-heading-4\" href=\"https:\/\/mythslegendes.com\/en\/dahomeenne-fon-mythology\/3rd-generation-gods-fon\/#DJI-Air\" >DJI (Air)<\/a><\/li><li class='ez-toc-page-1 ez-toc-heading-level-2'><a class=\"ez-toc-link ez-toc-heading-5\" href=\"https:\/\/mythslegendes.com\/en\/dahomeenne-fon-mythology\/3rd-generation-gods-fon\/#KPAN-Air\" >KPAN (Air)<\/a><\/li><li class='ez-toc-page-1 ez-toc-heading-level-2'><a class=\"ez-toc-link ez-toc-heading-6\" href=\"https:\/\/mythslegendes.com\/en\/dahomeenne-fon-mythology\/3rd-generation-gods-fon\/#SUN-Eau\" >SUN (Water)<\/a><\/li><li class='ez-toc-page-1 ez-toc-heading-level-2'><a class=\"ez-toc-link ez-toc-heading-7\" href=\"https:\/\/mythslegendes.com\/en\/dahomeenne-fon-mythology\/3rd-generation-gods-fon\/#TO-EAU\" >TO (WATER)<\/a><\/li><li class='ez-toc-page-1 ez-toc-heading-level-2'><a class=\"ez-toc-link ez-toc-heading-8\" href=\"https:\/\/mythslegendes.com\/en\/dahomeenne-fon-mythology\/3rd-generation-gods-fon\/#AGE-Terre\" >AGE (Earth)<\/a><\/li><\/ul><\/nav><\/div>\n<h2 class=\"elementor-heading-title elementor-size-default\"><span class=\"ez-toc-section\" id=\"Dieux-de-3eme-generation-Fon\"><\/span>3rd generation gods Fon<span class=\"ez-toc-section-end\"><\/span><\/h2>\t\t\t\t<\/div>\n\t\t\t\t<\/div>\n\t\t\t\t\t<\/div>\n\t\t<\/div>\n\t\t\t\t\t<\/div>\n\t\t<\/section>\n\t\t\t\t<section class=\"elementor-section elementor-top-section elementor-element elementor-element-6537d443 elementor-section-boxed elementor-section-height-default elementor-section-height-default\" data-id=\"6537d443\" data-element_type=\"section\" data-e-type=\"section\">\n\t\t\t\t\t\t<div class=\"elementor-container elementor-column-gap-default\">\n\t\t\t\t\t<div class=\"elementor-column elementor-col-100 elementor-top-column elementor-element elementor-element-564e85e4\" data-id=\"564e85e4\" data-element_type=\"column\" data-e-type=\"column\">\n\t\t\t<div class=\"elementor-widget-wrap elementor-element-populated\">\n\t\t\t\t\t\t<div class=\"elementor-element elementor-element-6dc77bd9 elementor-widget elementor-widget-text-editor\" data-id=\"6dc77bd9\" data-element_type=\"widget\" data-e-type=\"widget\" data-widget_type=\"text-editor.default\">\n\t\t\t\t<div class=\"elementor-widget-container\">\n\t\t\t\t\t\t\t\t\t<p><\/p>\n<h2 class=\"wp-block-heading\"><span class=\"ez-toc-section\" id=\"Gou-Feu\"><\/span>Gou (Fire)<span class=\"ez-toc-section-end\"><\/span><\/h2>\n<p><\/p>\n<p><\/p>\n<p>The God Gou personifies justice, cosmic harmony, absolute law. He therefore controls the evolution and destiny of all creation. Gou represents duality; positive and negative, good and bad, life and death. It ensures the transformation from one extreme to the other. Gou is thus the master of alchemy allowing the preparation of the philosopher&#039;s stone, the God of the arts and in particular that of blacksmiths. His name &quot;gou&quot; (phallus, iron) symbolizes combativeness, virility, power and sovereignty. <\/p>\n<p>According to tradition, Lisa brought Gou to earth in the form of a \u201cbasa\u201d or \u201cgoubasa\u201d sword. Gou, is Lisa&#039;s son, that is to say, her manifestation on earth. The sword, a tool of sovereign power and therefore of justice, of creativity, ensuring the transformation of nature, the conversion of forces, can become an object of violence, passions and anger, hence the polarity of this god Gou then appears in god of agriculture and war. The God Gou corresponds to the God <a href=\"https:\/\/mythslegendes.com\/en\/mythes-et-legendes-grecques-1664\/\">Greek<\/a> Kronos of the Titan family, who is as well as Apollo god of the arts and archer. Like Apollo, the God Gou has the animal attribute, the rooster.<\/p>\n<p><\/p>\n<p><\/p>\n<h2 class=\"wp-block-heading\"><span class=\"ez-toc-section\" id=\"SO-Feu\"><\/span>SO (Fire)<span class=\"ez-toc-section-end\"><\/span><\/h2>\n<p><\/p>\n<p><\/p>\n<p>H\u00eavioso designates the best known aspect of the God So which designates the sum of all power in the universe, omnipotence, the primordial fire within all creation. It is the will, the strength, the active power of the spirit. So is identified with the Basa de Gou sword, which symbolizes omnipotence. Zo manifests the virtue of fire and So, its power, its force. As for its H\u00eavioso aspect, it represents the manifestation of lightning, storms, divine majesty. The term H\u00eavioso breaks down into \u201ch\u00ea\u201d (bird) \u201cvi\u201d (vomit) \u201cso\u201d (lightning), a bird of fire. H\u00eavioso is also represented by a ram carrying an ax in its mouth.<\/p>\n<p>So seems to be a fon form of Zeus, So&#039;s sacred tree is the iroko, the king of trees in tropical environments, while the oak represents Zeus. feu fon, h\u00eavioso. The pantheon of So is very rich in secondary gods or god-sons. Among the males we find Sogbo, Djakata; Gbad\u00ea, Accromb\u00e9. Among the females, there are: Agb\u00e9, Avl\u00e9k\u00e9t\u00e9; saho; Naete; Addin; Keli.<\/p>\n<p><\/p>\n<p><\/p>\n<h2 class=\"wp-block-heading\"><span class=\"ez-toc-section\" id=\"DJI-Air\"><\/span>DJI (Air)<span class=\"ez-toc-section-end\"><\/span><\/h2>\n<p><\/p>\n<p><\/p>\n<p>She personifies the principle of gestation \u201cdji\u201d and represents the Mother Goddess, the Mother of the Gods. Her name means Sky, Rain and her brother is the Elder God. From their union is born the multitude of gods of the pantheon. <a href=\"https:\/\/mythslegendes.com\/en\/dahomeenne-fon-mythology\/\">voodoo<\/a>.There <a href=\"https:\/\/mythslegendes.com\/en\/\">legend<\/a> tells that at the beginning of creation, Heaven Dji, and the Old Earth, almost touched each other and were two \u201cnonvi\u201d (brother and sister). They used to hunt together and shared the game. One day, Terre the elder, killed a rodent \u201cgb\u00e9dja\u201d which they divided into two parts. There remained the head, \u201cta\u201d, on which they could not agree, because everyone wanted it.<\/p>\n<p>Over these arguments, Ciel grew angry and walked away from Earth. The latter for lack became arid. The seeds stopped growing and the women could no longer give birth (&quot;dji&quot;). To reconcile with Ciel, Terre again killed another \u201cgb\u00e9dja\u201d whom he decided to send entirely to Ciel. Only \u201caklasou\u201d (the vulture) among the birds, could carry out this task. Aklasou carried out this transport in exchange for the promise that had been made to him: the construction of a house on Earth. So the rain started to fall again. <\/p>\n<p>However, the promise made to Aklasou was not kept. With its wings, it was able to protect itself from the rain, which is why it does not hide when it rains. &quot;Nout&quot; the Sky, which swallows the sun &quot;R\u00ea&quot; S\u00ea each evening and gives birth to it &quot;dji en fon&quot; each morning.<\/p>\n<p><\/p>\n<p><\/p>\n<h2 class=\"wp-block-heading\"><span class=\"ez-toc-section\" id=\"KPAN-Air\"><\/span>KPAN (Air)<span class=\"ez-toc-section-end\"><\/span><\/h2>\n<p><\/p>\n<p><\/p>\n<p>Kpan designates the god of the flute, in the <a href=\"https:\/\/mythslegendes.com\/en\/\">mythology<\/a> fund. The myth connects the God Kpan to the God Aw\u00easou, master of the earth, whose glories and splendors he sings, like the Greek God Pan, who cheers up the gods of Olympus. The god &quot;Kpan&quot; (frog) embodies the law in the same way as Pan the god of the Greek flute. <\/p>\n<p>This myth will be at the origin of the function of Kpan-lin-gan, instituted by the God-king Hwegbadja, founder of the kingdom of Abomey, which consists in reciting the litanies in honor of the deceased God-kings and the glories of the living God-King, with a view to maintaining the balance, the harmony of the cosmic forces for the well-being of humanity and the prosperity of the kingdom of Abomey, the center of creation. The word Kpanlingan breaks down into \u201ckpan\u201d (frog) \u201clin\u201d (think, vibrate) \u201cgan\u201d (rhythm, metal). Kpan is therefore the god of breath, of melody, of the flute.<\/p>\n<p><\/p>\n<p><\/p>\n<h2 class=\"wp-block-heading\"><span class=\"ez-toc-section\" id=\"SUN-Eau\"><\/span>SUN (Water)<span class=\"ez-toc-section-end\"><\/span><\/h2>\n<p><\/p>\n<p><\/p>\n<p>The Moon-God Sun personifies the periodicity of phenomena, that is to say, their evolution in a cycle, in a loop. It thus measures time, represents the number 30, evoking the duration of 30 days that counts the month fon. It governs the quality of the blood in man, the vitality. Sun controls the movement of all beings, men and animals, on the surface of the earth. This god whose name means to connect, announces the end of time, the end of creation, of which he will connect the two extremities thus removing the space created, and will again generate the initial chaos from which the universe emerged. <\/p>\n<p>It is the return to the point of origin of creation, to the birth of being, for which the God Soun is responsible, which constitutes a danger for man. For it implies the return of human consciousness to an infantile state, of immaturity. Because of what precedes, the tradition instituted the rite called \u201cSoun \u2013 Ki-Ko\u201d that is to say \u201cremove the cyclic duration\u201d of the being. This rite is administered to the individual from childhood, generally three months after birth. It consists, among other rituals, of whistling the moon. The whistle stops an action in progress. The objective is to stop the action of &quot;sun&quot; (moon) on the being, since the period of gestation.<\/p>\n<p><\/p>\n<p><\/p>\n<h2 class=\"wp-block-heading\"><span class=\"ez-toc-section\" id=\"TO-EAU\"><\/span>TO (WATER)<span class=\"ez-toc-section-end\"><\/span><\/h2>\n<p><\/p>\n<p><\/p>\n<p>He governs the seabed and the rivers. Master of the water domain, he appears as a primordial god like So. Like So whose anger causes lightning and flooding, To&#039;s anger manifests floods, tidal waves, storms. In his association with the God Dan, or To \u2013 Dan, he causes earthquakes. These attributes define a relationship between the two gods, So and ToThe God To has the same division in his expression as So. <\/p>\n<p>We also distinguish the principles Tosou = To \u2013 male, or its virile and positive manifestation, and Tobosi = To \u2013 female, or its gentle and negative manifestation. Tosou thus designates the generic name of To&#039;s sons and, Tobosi, that of his daughters. Tosa designates another aspect of To. The cult of To is confused, <a href=\"https:\/\/mythslegendes.com\/en\/dahomeenne-fon-mythology\/\">Abomey<\/a>, to the royal cult of the Tohosou or disabled children of the royal family: Tohosou = To-sovereign. They are considered incarnations of the God To. Their worship is part of the cult generally known as \u201cNinsouhw\u00e9\u201d or \u201cLinsouhw\u00e9\u201d. To corresponds to Toth, the Egyptian lunar god. <\/p>\n<p>To also appears to be a deep form of Poseidon, god of the ocean in mythology <a href=\"https:\/\/mythslegendes.com\/en\/mythes-et-legendes-grecques-1664\/\">Greek<\/a> which gave rise to monsters such as Polyphemus, Antaeus, Procrustes and Triton, on the one hand, and on the other, the wild horse and Pegasus. Poseidon&#039;s wild horse joins that reported to the God To and called Toso = To-horse, generally referred to as marsh horse or antelope horse.\u00a0<\/p>\n<p><\/p>\n<p><\/p>\n<h2 class=\"wp-block-heading\"><span class=\"ez-toc-section\" id=\"AGE-Terre\"><\/span>AGE (Earth)<span class=\"ez-toc-section-end\"><\/span><\/h2>\n<p><\/p>\n<p><\/p>\n<p>Its name means emerged land, dry land, out of the water or shore. Also he represents the primordial earth, the initial matter, on which Ayidohw\u00eado will stand to create light, day and night, diurnal and nocturnal rhythms. The meaning of Ag\u00e9, emerged land, shows that the creative act due to the couple Lisa \/ Maou, consisted in the separation of the primordial waters with the created world; in other words these waters are rejected at the periphery of the organized universe. They then form the world of chaos from which creation originated.<\/p>\n<p>This primordial ocean not being created, it escapes the end of creation and remains eternal with the creator, which is why its name Dan is inseparable from that of Ayidohw\u00eado. As in Egypt, land has a masculine value in the Fon tradition. Finally, note that Age corresponds to the Greek goddess Gea (Gaia) to the Egyptian god Aker, an aspect of Geb. This last name (Geb) is similar to that of the god fon &quot;Ge&quot; (Earth) from which is derived the noun Ge-vi attributed to the Abomeans.<\/p>\n<p><\/p>\t\t\t\t\t\t\t\t<\/div>\n\t\t\t\t<\/div>\n\t\t\t\t\t<\/div>\n\t\t<\/div>\n\t\t\t\t\t<\/div>\n\t\t<\/section>\n\t\t\t\t<\/div>","protected":false},"excerpt":{"rendered":"<p>Mythologie Dahom\u00e9enne-Fon Wiki Les dieux de 3\u00e8me g\u00e9n\u00e9ration Fon sont : GOU, SO, DJI, KPAN, SUN, TO, AGE Dieux de &hellip; <\/p>","protected":false},"author":1,"featured_media":0,"parent":4116,"menu_order":0,"comment_status":"closed","ping_status":"closed","template":"","meta":{"footnotes":""},"class_list":["post-4152","page","type-page","status-publish","hentry"],"amp_enabled":true,"_links":{"self":[{"href":"https:\/\/mythslegendes.com\/en\/wp-json\/wp\/v2\/pages\/4152","targetHints":{"allow":["GET"]}}],"collection":[{"href":"https:\/\/mythslegendes.com\/en\/wp-json\/wp\/v2\/pages"}],"about":[{"href":"https:\/\/mythslegendes.com\/en\/wp-json\/wp\/v2\/types\/page"}],"author":[{"embeddable":true,"href":"https:\/\/mythslegendes.com\/en\/wp-json\/wp\/v2\/users\/1"}],"replies":[{"embeddable":true,"href":"https:\/\/mythslegendes.com\/en\/wp-json\/wp\/v2\/comments?post=4152"}],"version-history":[{"count":1,"href":"https:\/\/mythslegendes.com\/en\/wp-json\/wp\/v2\/pages\/4152\/revisions"}],"predecessor-version":[{"id":24947,"href":"https:\/\/mythslegendes.com\/en\/wp-json\/wp\/v2\/pages\/4152\/revisions\/24947"}],"up":[{"embeddable":true,"href":"https:\/\/mythslegendes.com\/en\/wp-json\/wp\/v2\/pages\/4116"}],"wp:attachment":[{"href":"https:\/\/mythslegendes.com\/en\/wp-json\/wp\/v2\/media?parent=4152"}],"curies":[{"name":"wp","href":"https:\/\/api.w.org\/{rel}","templated":true}]}}