{"id":4473,"date":"2020-08-20T10:42:29","date_gmt":"2020-08-20T09:42:29","guid":{"rendered":"https:\/\/mythslegendes.com\/?page_id=4473"},"modified":"2022-12-03T22:07:20","modified_gmt":"2022-12-03T22:07:20","slug":"pantheon-yoruba","status":"publish","type":"page","link":"https:\/\/mythslegendes.com\/en\/oyo-yoruba-mythology\/pantheon-yoruba\/","title":{"rendered":"Yoruba Pantheon"},"content":{"rendered":"<div data-elementor-type=\"wp-page\" data-elementor-id=\"4473\" class=\"elementor elementor-4473\">\n\t\t\t\t\t\t<section class=\"elementor-section elementor-top-section elementor-element elementor-element-207a01c elementor-section-boxed elementor-section-height-default elementor-section-height-default\" data-id=\"207a01c\" data-element_type=\"section\" data-e-type=\"section\">\n\t\t\t\t\t\t<div class=\"elementor-container elementor-column-gap-default\">\n\t\t\t\t\t<div class=\"elementor-column elementor-col-50 elementor-top-column elementor-element elementor-element-b7a04a5\" data-id=\"b7a04a5\" data-element_type=\"column\" data-e-type=\"column\">\n\t\t\t<div class=\"elementor-widget-wrap elementor-element-populated\">\n\t\t\t\t\t\t<div class=\"elementor-element elementor-element-3cd1126 elementor-align-justify elementor-widget elementor-widget-button\" data-id=\"3cd1126\" data-element_type=\"widget\" data-e-type=\"widget\" data-widget_type=\"button.default\">\n\t\t\t\t<div class=\"elementor-widget-container\">\n\t\t\t\t\t\t\t\t\t<div class=\"elementor-button-wrapper\">\n\t\t\t\t\t<a class=\"elementor-button elementor-button-link elementor-size-sm\" href=\"https:\/\/mythslegendes.com\/en\/oyo-yoruba-mythology\/\">\n\t\t\t\t\t\t<span class=\"elementor-button-content-wrapper\">\n\t\t\t\t\t\t\t\t\t<span class=\"elementor-button-text\">Oyo-Yoruba mythology<\/span>\n\t\t\t\t\t<\/span>\n\t\t\t\t\t<\/a>\n\t\t\t\t<\/div>\n\t\t\t\t\t\t\t\t<\/div>\n\t\t\t\t<\/div>\n\t\t\t\t\t<\/div>\n\t\t<\/div>\n\t\t\t\t<div class=\"elementor-column elementor-col-50 elementor-top-column elementor-element elementor-element-be3f689\" data-id=\"be3f689\" data-element_type=\"column\" data-e-type=\"column\">\n\t\t\t<div class=\"elementor-widget-wrap elementor-element-populated\">\n\t\t\t\t\t\t<div class=\"elementor-element elementor-element-5e7ac7f elementor-align-justify elementor-widget elementor-widget-button\" data-id=\"5e7ac7f\" data-element_type=\"widget\" data-e-type=\"widget\" data-widget_type=\"button.default\">\n\t\t\t\t<div class=\"elementor-widget-container\">\n\t\t\t\t\t\t\t\t\t<div class=\"elementor-button-wrapper\">\n\t\t\t\t\t<a class=\"elementor-button elementor-button-link elementor-size-sm\" href=\"https:\/\/fr.wikipedia.org\/wiki\/Yoruba_(peuple)\" target=\"_blank\" rel=\"noopener\">\n\t\t\t\t\t\t<span class=\"elementor-button-content-wrapper\">\n\t\t\t\t\t\t\t\t\t<span class=\"elementor-button-text\">Wiki<\/span>\n\t\t\t\t\t<\/span>\n\t\t\t\t\t<\/a>\n\t\t\t\t<\/div>\n\t\t\t\t\t\t\t\t<\/div>\n\t\t\t\t<\/div>\n\t\t\t\t\t<\/div>\n\t\t<\/div>\n\t\t\t\t\t<\/div>\n\t\t<\/section>\n\t\t\t\t<section class=\"elementor-section elementor-top-section elementor-element elementor-element-478b4ed elementor-section-boxed elementor-section-height-default elementor-section-height-default\" data-id=\"478b4ed\" data-element_type=\"section\" data-e-type=\"section\">\n\t\t\t\t\t\t<div class=\"elementor-container elementor-column-gap-default\">\n\t\t\t\t\t<div class=\"elementor-column elementor-col-100 elementor-top-column elementor-element elementor-element-2a6fa81\" data-id=\"2a6fa81\" data-element_type=\"column\" data-e-type=\"column\">\n\t\t\t<div class=\"elementor-widget-wrap elementor-element-populated\">\n\t\t\t\t\t\t<div class=\"elementor-element elementor-element-97000b3 elementor-widget elementor-widget-text-editor\" data-id=\"97000b3\" data-element_type=\"widget\" data-e-type=\"widget\" data-widget_type=\"text-editor.default\">\n\t\t\t\t<div class=\"elementor-widget-container\">\n\t\t\t\t\t\t\t\t\t<p>The pantheon <a href=\"https:\/\/mythslegendes.com\/en\/hausa-fulani-mythology\/\">Yoruba<\/a> bring together many deities common to many African countries and to the African diaspora in the world.<\/p>\n<p><img decoding=\"async\" class=\"alignnone wp-image-5284 size-full\" src=\"https:\/\/mythslegendes.com\/wp-content\/uploads\/2020\/09\/AlphaOmega-e1602613368367.png\" alt=\"Yoruba pantheon\" width=\"25\" height=\"26\" title=\"\"><\/p>\t\t\t\t\t\t\t\t<\/div>\n\t\t\t\t<\/div>\n\t\t\t\t\t<\/div>\n\t\t<\/div>\n\t\t\t\t\t<\/div>\n\t\t<\/section>\n\t\t\t\t<section class=\"elementor-section elementor-top-section elementor-element elementor-element-638b342 elementor-section-boxed elementor-section-height-default elementor-section-height-default\" data-id=\"638b342\" data-element_type=\"section\" data-e-type=\"section\">\n\t\t\t\t\t\t<div class=\"elementor-container elementor-column-gap-default\">\n\t\t\t\t\t<div class=\"elementor-column elementor-col-100 elementor-top-column elementor-element elementor-element-695c19a\" data-id=\"695c19a\" data-element_type=\"column\" data-e-type=\"column\">\n\t\t\t<div class=\"elementor-widget-wrap elementor-element-populated\">\n\t\t\t\t\t\t<div class=\"elementor-element elementor-element-2175ac7 elementor-widget elementor-widget-heading\" data-id=\"2175ac7\" data-element_type=\"widget\" data-e-type=\"widget\" data-widget_type=\"heading.default\">\n\t\t\t\t<div class=\"elementor-widget-container\">\n\t\t\t\t\t<div id=\"ez-toc-container\" class=\"ez-toc-v2_0_82_2 counter-hierarchy ez-toc-counter ez-toc-grey ez-toc-container-direction\">\n<div class=\"ez-toc-title-container\">\n<p class=\"ez-toc-title\" style=\"cursor:inherit\">Contents<\/p>\n<span class=\"ez-toc-title-toggle\"><a href=\"#\" class=\"ez-toc-pull-right ez-toc-btn ez-toc-btn-xs ez-toc-btn-default ez-toc-toggle\" aria-label=\"Toggle Table of Content\"><span class=\"ez-toc-js-icon-con\"><span class=\"\"><span class=\"eztoc-hide\" style=\"display:none;\">Toggle<\/span><span class=\"ez-toc-icon-toggle-span\"><svg style=\"fill: #999;color:#999\" xmlns=\"http:\/\/www.w3.org\/2000\/svg\" class=\"list-377408\" width=\"20px\" height=\"20px\" viewbox=\"0 0 24 24\" fill=\"none\"><path d=\"M6 6H4v2h2V6zm14 0H8v2h12V6zM4 11h2v2H4v-2zm16 0H8v2h12v-2zM4 16h2v2H4v-2zm16 0H8v2h12v-2z\" fill=\"currentColor\"><\/path><\/svg><svg style=\"fill: #999;color:#999\" class=\"arrow-unsorted-368013\" xmlns=\"http:\/\/www.w3.org\/2000\/svg\" width=\"10px\" height=\"10px\" viewbox=\"0 0 24 24\" version=\"1.2\" baseprofile=\"tiny\"><path d=\"M18.2 9.3l-6.2-6.3-6.2 6.3c-.2.2-.3.4-.3.7s.1.5.3.7c.2.2.4.3.7.3h11c.3 0 .5-.1.7-.3.2-.2.3-.5.3-.7s-.1-.5-.3-.7zM5.8 14.7l6.2 6.3 6.2-6.3c.2-.2.3-.5.3-.7s-.1-.5-.3-.7c-.2-.2-.4-.3-.7-.3h-11c-.3 0-.5.1-.7.3-.2.2-.3.5-.3.7s.1.5.3.7z\"\/><\/svg><\/span><\/span><\/span><\/a><\/span><\/div>\n<nav><ul class='ez-toc-list ez-toc-list-level-1' ><li class='ez-toc-page-1 ez-toc-heading-level-2'><a class=\"ez-toc-link ez-toc-heading-1\" href=\"https:\/\/mythslegendes.com\/en\/oyo-yoruba-mythology\/pantheon-yoruba\/#Pantheon-Yoruba\" >Yoruba Pantheon<\/a><\/li><\/ul><\/nav><\/div>\n<h2 class=\"elementor-heading-title elementor-size-default\"><span class=\"ez-toc-section\" id=\"Pantheon-Yoruba\"><\/span>Yoruba Pantheon<span class=\"ez-toc-section-end\"><\/span><\/h2>\t\t\t\t<\/div>\n\t\t\t\t<\/div>\n\t\t\t\t\t<\/div>\n\t\t<\/div>\n\t\t\t\t\t<\/div>\n\t\t<\/section>\n\t\t\t\t<section class=\"elementor-section elementor-top-section elementor-element elementor-element-6a34ff1b elementor-section-boxed elementor-section-height-default elementor-section-height-default\" data-id=\"6a34ff1b\" data-element_type=\"section\" data-e-type=\"section\">\n\t\t\t\t\t\t<div class=\"elementor-container elementor-column-gap-default\">\n\t\t\t\t\t<div class=\"elementor-column elementor-col-100 elementor-top-column elementor-element elementor-element-dd2e2bf\" data-id=\"dd2e2bf\" data-element_type=\"column\" data-e-type=\"column\">\n\t\t\t<div class=\"elementor-widget-wrap elementor-element-populated\">\n\t\t\t\t\t\t<div class=\"elementor-element elementor-element-54dd09a9 elementor-widget elementor-widget-text-editor\" data-id=\"54dd09a9\" data-element_type=\"widget\" data-e-type=\"widget\" data-widget_type=\"text-editor.default\">\n\t\t\t\t<div class=\"elementor-widget-container\">\n\t\t\t\t\t\t\t\t\t\n<p>In the Yoruba pantheon <em><strong>orishas<\/strong><\/em>, Where\u00a0<em><strong>orix\u00e1s<\/strong><\/em>, are Afro-American deities from Africa, and more specifically Yoruba religious traditions.<\/p>\n<p>They are found in several African countries as well as in many American countries, where they were introduced by the slave trade, which hit the Yoruba populations in a particularly heavy way. They are revered in Africa, especially in Nigeria and <a href=\"https:\/\/mythslegendes.com\/en\/benign-delta-mythology\/\">Benign<\/a>. Here is the list of orishas of the Yoruba pantheon.<\/p>\n\n<p>AJA Goddess of the forest honored by the Yoruba of Nigeria. It reigns over forests and medicinal herbs. She advises her worshipers on the use of medicinal herbs they collect in African forests.<\/p>\n\n<p>EGBERE Small beings who live in the forest.<\/p>\n\n<p>EHI Spirit who controls the destiny of the people he determines with Osanobua before their birth.<\/p>\n\n<p>EJI OGBE King of the deities.<\/p>\n\n<p>ELEDA Name of Olodumare which means &quot;creator&quot;.<\/p>\n\n<p>ELEMII Name of Olodumare which means &quot;the one who possesses the life&quot;<\/p>\n\n<p>NDE One of the three spirits of each individual, that of the vital breath.<\/p>\n\n<p>ERE To be with the childlike aspect which takes possession of a person during the initiation.<\/p>\n\n<p>ESHU God of luck, chance and the unpredictable. As a master of language, Eshu is responsible for bringing the messages and sacrifices of Earth to the gods of heaven. Eshu is both good and bad and appears frequently in <a href=\"https:\/\/mythslegendes.com\/en\/\">myths<\/a> like a prankster god.<\/p>\n\n<p>IBEJI God of twins.<\/p>\n\n<p>IFA Prediction system given by Eshu to Men.<\/p>\n\n<p>JAKUTA (the one who throws stones) Orisha associated with Shango and considered as a partner of Shango in the creation of thunder and lightning. In some traditions, Jakuta is simply another name for Shango.<\/p>\n\n<p>NANA BURUKU Supreme Being in the masculine and feminine faith who created at the very beginning the structure of the universe leaving the care to his children Mawu-Lisa to complete it.<\/p>\n\n<p>OBATALA God of Fertility and god-sculptor. He is the son of Olorun and the brother and husband of Oduduwa or Yemoja. At the request of Olorun he dispersed snail dejections which he made scratch by a hen and a pigeon to form the Earth.<\/p>\n\n<p>ODUDUWA Deified ancestor; according to Ife tradition, the first ruler of the city of Ife. In a myth, Oduduwa was commissioned by Obatala to create the Earth and its inhabitants. Oduduwa has sometimes been seen as a woman from Obatala. Obatala and Oduduwa also represented the male and female aspects brought together in one androgynous deity.<\/p>\n\n<p>OGUN God of iron and war and therefore the guardian deity of man whose work involved the use of iron, such as hairdressers, butchers, blacksmiths, hunters, and warriors.<\/p>\n\n<p>OJIJI One of the three spirits of each person who follows her like her shadow.<\/p>\n\n<p>OLODUMARE Supreme God and Creator God<\/p>\n\n<p>OLOKUN (Owner of the sea) Goddess or god of the sea and swamps who rules over the liquid element that existed before the earth was created.<\/p>\n\n<p>OLORUN (Owner of Heaven) Supreme God; also known as Olodumare (Owner of Endless Space). Olorun has been recognized as the owner of everything and the highest authority in all matters. In some traditions Olorun is androgynous.<\/p>\n\n<p>OLU-IGBO (Owner of the Bush) Orisha of the bush and the jungle.<\/p>\n\n<p>ORANYAN Son of Aganju or Oduduwa and Yemoja (In this version, Oduduwa is the brother of Obatala), he became the second king of the tribe<\/p>\n\n<p>ORELUERE First man created by Olodumare<\/p>\n\n<p>ORI God of Wisdom and Determination. He oversees the choice of fate made by each spirit Ori chooses a fate before birth.<\/p>\n\n<p>ORI Spirit residing in each individual.<\/p>\n\n<p>ORISHA Distant deified ancestors who were able to establish links with certain forces and phenomena of nature during their lifetime.<\/p>\n\n<p>ORISHAKO God of Agriculture, husband of Oduduwa.<\/p>\n\n<p>ORISHA-NLA First god, who existed before the other Orishas and from whom all Orisas originated.<\/p>\n\n<p>ORISHA OKO Orisha of agriculture and tutelary god of farmers.<\/p>\n\n<p>ORUN God of the Sun.<\/p>\n\n<p>ORUN BUBURU Part of the sky reserved for evil people.<\/p>\n\n<p>ORUN RERE Part of the sky reserved for good people.<\/p>\n\n<p>ORUNMILA (Heaven knows those who prosper) God of Divination, Fate, and Wisdom; the oldest son of Olorun. Orunmila possesses knowledge of future events and he has the ability to speak to human beings for Olorun through oracles. He defended Men against Olokur<\/p>\n\n<p>OSAIN God of Vegetation.<\/p>\n\n<p>OSANYIN Orisha of Medicine and Divination.<\/p>\n\n<p>OSHOSSI God of forests and hunting.<\/p>\n\n<p>OSHUNMARE Snake deity.<\/p>\n\n<p>OSUN River Goddess and Goddess of Riches. Daughter of Oba Jumu and Oba Do, wife of Shango.<\/p>\n\n<p>OYA River goddess and climate goddess, wife of Shango; she wore a beard.<\/p>\n\n<p>SHANGO God of thunder and lightning, whose auxiliaries are the wind and the rainbow. Shango Il is considered the fourth ruler of Oyo City and was deified after his death. His wives were Obba, orisha of the river Obba; Oshun, orisha of the Oshun River; and Oya, orisha of the river <a href=\"https:\/\/mythslegendes.com\/en\/mythes-et-legendes-niger-congo-1949\/\">Niger<\/a>.<\/p>\n\n<p>YANSAN Orisha of the wind.<\/p>\n\n<p>YEMOJA Orisha of the Ogun River and Mother Goddess, Orisha of the Ocean and Maternity; from his body arose fifteen gods among which Ogun and Shango. In certain <a href=\"https:\/\/mythslegendes.com\/en\/\">legends<\/a> Yemoja is identified as a woman from Ogun. There are also the spellings Yemaja and Yemayah.<\/p>\n\t\t\t\t\t\t\t\t<\/div>\n\t\t\t\t<\/div>\n\t\t\t\t\t<\/div>\n\t\t<\/div>\n\t\t\t\t\t<\/div>\n\t\t<\/section>\n\t\t\t\t<\/div>","protected":false},"excerpt":{"rendered":"<p>Mythologie Oyo-Yoruba Wiki Le panth\u00e9on Yoruba regroupent de nombreuses divinit\u00e9s communes \u00e0 de nombreux pays africains et \u00e0 la diaspora &hellip; <\/p>","protected":false},"author":1,"featured_media":0,"parent":4469,"menu_order":0,"comment_status":"closed","ping_status":"closed","template":"","meta":{"footnotes":""},"class_list":["post-4473","page","type-page","status-publish","hentry"],"amp_enabled":true,"_links":{"self":[{"href":"https:\/\/mythslegendes.com\/en\/wp-json\/wp\/v2\/pages\/4473","targetHints":{"allow":["GET"]}}],"collection":[{"href":"https:\/\/mythslegendes.com\/en\/wp-json\/wp\/v2\/pages"}],"about":[{"href":"https:\/\/mythslegendes.com\/en\/wp-json\/wp\/v2\/types\/page"}],"author":[{"embeddable":true,"href":"https:\/\/mythslegendes.com\/en\/wp-json\/wp\/v2\/users\/1"}],"replies":[{"embeddable":true,"href":"https:\/\/mythslegendes.com\/en\/wp-json\/wp\/v2\/comments?post=4473"}],"version-history":[{"count":1,"href":"https:\/\/mythslegendes.com\/en\/wp-json\/wp\/v2\/pages\/4473\/revisions"}],"predecessor-version":[{"id":24968,"href":"https:\/\/mythslegendes.com\/en\/wp-json\/wp\/v2\/pages\/4473\/revisions\/24968"}],"up":[{"embeddable":true,"href":"https:\/\/mythslegendes.com\/en\/wp-json\/wp\/v2\/pages\/4469"}],"wp:attachment":[{"href":"https:\/\/mythslegendes.com\/en\/wp-json\/wp\/v2\/media?parent=4473"}],"curies":[{"name":"wp","href":"https:\/\/api.w.org\/{rel}","templated":true}]}}