{"id":4486,"date":"2020-08-20T10:46:37","date_gmt":"2020-08-20T09:46:37","guid":{"rendered":"https:\/\/mythslegendes.com\/?page_id=4486"},"modified":"2022-12-03T22:07:20","modified_gmt":"2022-12-03T22:07:20","slug":"le-religion-yoruba","status":"publish","type":"page","link":"https:\/\/mythslegendes.com\/en\/oyo-yoruba-mythology\/the-yoruba-religion\/","title":{"rendered":"Yoruba religion"},"content":{"rendered":"<div data-elementor-type=\"wp-page\" data-elementor-id=\"4486\" class=\"elementor elementor-4486\">\n\t\t\t\t\t\t<section class=\"elementor-section elementor-top-section elementor-element elementor-element-fe4f3b3 elementor-section-boxed elementor-section-height-default elementor-section-height-default\" data-id=\"fe4f3b3\" data-element_type=\"section\" data-e-type=\"section\">\n\t\t\t\t\t\t<div class=\"elementor-container elementor-column-gap-default\">\n\t\t\t\t\t<div class=\"elementor-column elementor-col-50 elementor-top-column elementor-element elementor-element-71147a8\" data-id=\"71147a8\" data-element_type=\"column\" data-e-type=\"column\">\n\t\t\t<div class=\"elementor-widget-wrap elementor-element-populated\">\n\t\t\t\t\t\t<div class=\"elementor-element elementor-element-2db26e6 elementor-align-justify elementor-widget elementor-widget-button\" data-id=\"2db26e6\" data-element_type=\"widget\" data-e-type=\"widget\" data-widget_type=\"button.default\">\n\t\t\t\t<div class=\"elementor-widget-container\">\n\t\t\t\t\t\t\t\t\t<div class=\"elementor-button-wrapper\">\n\t\t\t\t\t<a class=\"elementor-button elementor-button-link elementor-size-sm\" href=\"https:\/\/mythslegendes.com\/en\/oyo-yoruba-mythology\/\">\n\t\t\t\t\t\t<span class=\"elementor-button-content-wrapper\">\n\t\t\t\t\t\t\t\t\t<span class=\"elementor-button-text\">Oyo-Yoruba mythology<\/span>\n\t\t\t\t\t<\/span>\n\t\t\t\t\t<\/a>\n\t\t\t\t<\/div>\n\t\t\t\t\t\t\t\t<\/div>\n\t\t\t\t<\/div>\n\t\t\t\t\t<\/div>\n\t\t<\/div>\n\t\t\t\t<div class=\"elementor-column elementor-col-50 elementor-top-column elementor-element elementor-element-c8b61cf\" data-id=\"c8b61cf\" data-element_type=\"column\" data-e-type=\"column\">\n\t\t\t<div class=\"elementor-widget-wrap elementor-element-populated\">\n\t\t\t\t\t\t<div class=\"elementor-element elementor-element-5e59b7f elementor-align-justify elementor-widget elementor-widget-button\" data-id=\"5e59b7f\" data-element_type=\"widget\" data-e-type=\"widget\" data-widget_type=\"button.default\">\n\t\t\t\t<div class=\"elementor-widget-container\">\n\t\t\t\t\t\t\t\t\t<div class=\"elementor-button-wrapper\">\n\t\t\t\t\t<a class=\"elementor-button elementor-button-link elementor-size-sm\" href=\"https:\/\/fr.wikipedia.org\/wiki\/Yoruba_(peuple)\" target=\"_blank\" rel=\"noopener\">\n\t\t\t\t\t\t<span class=\"elementor-button-content-wrapper\">\n\t\t\t\t\t\t\t\t\t<span class=\"elementor-button-text\">Wiki<\/span>\n\t\t\t\t\t<\/span>\n\t\t\t\t\t<\/a>\n\t\t\t\t<\/div>\n\t\t\t\t\t\t\t\t<\/div>\n\t\t\t\t<\/div>\n\t\t\t\t\t<\/div>\n\t\t<\/div>\n\t\t\t\t\t<\/div>\n\t\t<\/section>\n\t\t\t\t<section class=\"elementor-section elementor-top-section elementor-element elementor-element-0c97f87 elementor-section-boxed elementor-section-height-default elementor-section-height-default\" data-id=\"0c97f87\" data-element_type=\"section\" data-e-type=\"section\">\n\t\t\t\t\t\t<div class=\"elementor-container elementor-column-gap-default\">\n\t\t\t\t\t<div class=\"elementor-column elementor-col-100 elementor-top-column elementor-element elementor-element-2bf5c28\" data-id=\"2bf5c28\" data-element_type=\"column\" data-e-type=\"column\">\n\t\t\t<div class=\"elementor-widget-wrap elementor-element-populated\">\n\t\t\t\t\t\t<div class=\"elementor-element elementor-element-5edb712 elementor-widget elementor-widget-text-editor\" data-id=\"5edb712\" data-element_type=\"widget\" data-e-type=\"widget\" data-widget_type=\"text-editor.default\">\n\t\t\t\t<div class=\"elementor-widget-container\">\n\t\t\t\t\t\t\t\t\t<p>Religion <a href=\"https:\/\/mythslegendes.com\/en\/hausa-fulani-mythology\/\">Yoruba<\/a> is practiced in the southwest of Nigeria, and in the adjacent regions of Togo and <a href=\"https:\/\/mythslegendes.com\/en\/benign-delta-mythology\/\">Benign<\/a>. She influenced the creation of Afro-Brazilian cults such as Candombl\u00e9, Umbanda and Santeria.<\/p>\n<p><img decoding=\"async\" class=\"alignnone wp-image-5284 size-full\" src=\"https:\/\/mythslegendes.com\/wp-content\/uploads\/2020\/09\/AlphaOmega-e1602613368367.png\" alt=\"yoruba religion\" width=\"25\" height=\"26\" title=\"\"><\/p>\t\t\t\t\t\t\t\t<\/div>\n\t\t\t\t<\/div>\n\t\t\t\t\t<\/div>\n\t\t<\/div>\n\t\t\t\t\t<\/div>\n\t\t<\/section>\n\t\t\t\t<section class=\"elementor-section elementor-top-section elementor-element elementor-element-ea1673e elementor-section-boxed elementor-section-height-default elementor-section-height-default\" data-id=\"ea1673e\" data-element_type=\"section\" data-e-type=\"section\">\n\t\t\t\t\t\t<div class=\"elementor-container elementor-column-gap-default\">\n\t\t\t\t\t<div class=\"elementor-column elementor-col-100 elementor-top-column elementor-element elementor-element-9f28ac4\" data-id=\"9f28ac4\" data-element_type=\"column\" data-e-type=\"column\">\n\t\t\t<div class=\"elementor-widget-wrap elementor-element-populated\">\n\t\t\t\t\t\t<div class=\"elementor-element elementor-element-c063e4d elementor-widget elementor-widget-heading\" data-id=\"c063e4d\" data-element_type=\"widget\" data-e-type=\"widget\" data-widget_type=\"heading.default\">\n\t\t\t\t<div class=\"elementor-widget-container\">\n\t\t\t\t\t<div id=\"ez-toc-container\" class=\"ez-toc-v2_0_82_2 counter-hierarchy ez-toc-counter ez-toc-grey ez-toc-container-direction\">\n<div class=\"ez-toc-title-container\">\n<p class=\"ez-toc-title\" style=\"cursor:inherit\">Contents<\/p>\n<span class=\"ez-toc-title-toggle\"><a href=\"#\" class=\"ez-toc-pull-right ez-toc-btn ez-toc-btn-xs ez-toc-btn-default ez-toc-toggle\" aria-label=\"Toggle Table of Content\"><span class=\"ez-toc-js-icon-con\"><span class=\"\"><span class=\"eztoc-hide\" style=\"display:none;\">Toggle<\/span><span class=\"ez-toc-icon-toggle-span\"><svg style=\"fill: #999;color:#999\" xmlns=\"http:\/\/www.w3.org\/2000\/svg\" class=\"list-377408\" width=\"20px\" height=\"20px\" viewbox=\"0 0 24 24\" fill=\"none\"><path d=\"M6 6H4v2h2V6zm14 0H8v2h12V6zM4 11h2v2H4v-2zm16 0H8v2h12v-2zM4 16h2v2H4v-2zm16 0H8v2h12v-2z\" fill=\"currentColor\"><\/path><\/svg><svg style=\"fill: #999;color:#999\" class=\"arrow-unsorted-368013\" xmlns=\"http:\/\/www.w3.org\/2000\/svg\" width=\"10px\" height=\"10px\" viewbox=\"0 0 24 24\" version=\"1.2\" baseprofile=\"tiny\"><path d=\"M18.2 9.3l-6.2-6.3-6.2 6.3c-.2.2-.3.4-.3.7s.1.5.3.7c.2.2.4.3.7.3h11c.3 0 .5-.1.7-.3.2-.2.3-.5.3-.7s-.1-.5-.3-.7zM5.8 14.7l6.2 6.3 6.2-6.3c.2-.2.3-.5.3-.7s-.1-.5-.3-.7c-.2-.2-.4-.3-.7-.3h-11c-.3 0-.5.1-.7.3-.2.2-.3.5-.3.7s.1.5.3.7z\"\/><\/svg><\/span><\/span><\/span><\/a><\/span><\/div>\n<nav><ul class='ez-toc-list ez-toc-list-level-1' ><li class='ez-toc-page-1 ez-toc-heading-level-2'><a class=\"ez-toc-link ez-toc-heading-1\" href=\"https:\/\/mythslegendes.com\/en\/oyo-yoruba-mythology\/the-yoruba-religion\/#Religion-Yoruba\" >Yoruba Religion<\/a><\/li><li class='ez-toc-page-1 ez-toc-heading-level-2'><a class=\"ez-toc-link ez-toc-heading-2\" href=\"https:\/\/mythslegendes.com\/en\/oyo-yoruba-mythology\/the-yoruba-religion\/#La-creation\" >Creation<\/a><\/li><li class='ez-toc-page-1 ez-toc-heading-level-2'><a class=\"ez-toc-link ez-toc-heading-3\" href=\"https:\/\/mythslegendes.com\/en\/oyo-yoruba-mythology\/the-yoruba-religion\/#Les-marques\" >Marks<\/a><\/li><\/ul><\/nav><\/div>\n<h2 class=\"elementor-heading-title elementor-size-default\"><span class=\"ez-toc-section\" id=\"Religion-Yoruba\"><\/span>Yoruba Religion<span class=\"ez-toc-section-end\"><\/span><\/h2>\t\t\t\t<\/div>\n\t\t\t\t<\/div>\n\t\t\t\t\t<\/div>\n\t\t<\/div>\n\t\t\t\t\t<\/div>\n\t\t<\/section>\n\t\t\t\t<section class=\"elementor-section elementor-top-section elementor-element elementor-element-242135be elementor-section-boxed elementor-section-height-default elementor-section-height-default\" data-id=\"242135be\" data-element_type=\"section\" data-e-type=\"section\">\n\t\t\t\t\t\t<div class=\"elementor-container elementor-column-gap-default\">\n\t\t\t\t\t<div class=\"elementor-column elementor-col-100 elementor-top-column elementor-element elementor-element-2ecab38f\" data-id=\"2ecab38f\" data-element_type=\"column\" data-e-type=\"column\">\n\t\t\t<div class=\"elementor-widget-wrap elementor-element-populated\">\n\t\t\t\t\t\t<div class=\"elementor-element elementor-element-73307437 elementor-widget elementor-widget-text-editor\" data-id=\"73307437\" data-element_type=\"widget\" data-e-type=\"widget\" data-widget_type=\"text-editor.default\">\n\t\t\t\t<div class=\"elementor-widget-container\">\n\t\t\t\t\t\t\t\t\t\n<ol class=\"wp-block-list\">\n<li>Belief in Olodunmare Olokun, Supreme Being of the universe, creator of the heavens and the earth, who knows no beginning.<\/li>\n<li>Belief in deities\/Orixas. Small entities created by Olodunmare who gave them specific tasks. They acted as intermediaries between Olodunmare and the men. There are up to 401 deities among which Obatala mother of human bodies; Ogun, god of war and iron; Sango, the man changed into the god of thunder (see below); Yemoja, goddess of water, worshiped on the coast. Two groups stand out: those created by Olodunmare, and men who have become gods (Sango, Osun, Oya).<\/li>\n<li>The Irunmal\u1eb9 are intermediate spirits between Orodunmare and men, they perform the tasks of the latter, on request, and have no task assigned by default. Live in forests, mountains and other remote places.<\/li>\n<li>A cult of the ancestors was in order in the past.<\/li>\n<li>Belief in reincarnation, that the spirits of ancestors can return to a baby&#039;s body. Names such as Babatunde, Babajide, Iyabode, Yewande, Yeside and Yetunde are given to these children.<\/li>\n<\/ol>\n\n<h2 class=\"wp-block-heading\"><span class=\"ez-toc-section\" id=\"La-creation\"><\/span>Creation<span class=\"ez-toc-section-end\"><\/span><\/h2>\n\n<p>The first men were made in heaven by the great god. The first man received morality and family order, which he enforced as legislator and ancestor. He imposed taboos and punished those who broke them. He particularly revered the Great God, for having been created by him. It is said that one of the other gods who descended on earth acted with disdain towards the first man, so the latter poisoned the daughter of said god. Everything was done, but he is unable to treat his daughter. The man was gifted in medicine, so he promised healing in exchange for repentance from the rude god.<\/p>\n\n<p>Former King Oduduwa had many grandchildren, and upon his death he divided all his possessions between them. But his youngest grandson, Oranyan, had gone hunting during the division, and when he returned he learned that his brothers and cousins had already inherited everything: money, cattle, seeds, clothes, crowns but nothing was left for him. otherwise 21 pieces of iron, a rooster and some potting soil wrapped in a cloth.<\/p>\n\n<p>At that time the whole earth was covered with water, on the surface of which all mankind lived.<\/p>\n\n<p>Oranyan spread the pieces of iron on the water, and on the pieces of iron he put the cloth; and on the cloth, the earth; and on earth, the rooster. The rooster scratched its feet and spread the earth far and wide, until it began to fill the ocean and form islands. Iron scraps became buried ores<\/p>\n\n<p>From now on, all his brothers and cousins wanted to live on these islands. He allowed it against tribute and from then on became king of the Yorubas, true heir of his grandfather.<\/p>\n\n<h2 class=\"wp-block-heading\"><span class=\"ez-toc-section\" id=\"Les-marques\"><\/span>Marks<span class=\"ez-toc-section-end\"><\/span><\/h2>\n\n<p>King Sango sent two slaves on a mission abroad. One returned having accomplished his mission and the other had done nothing. The king rewarded the first and cut the other with 22 razor strokes.<\/p>\n\n<p>However, it gave him a remarkable appearance, which the king&#039;s wife even found attractive. The king therefore decided to reuse the technique, not to punish, but to set royalty apart. However, he could only endure two cuts. Also, two cuts on the arm became the sign of royalty, and other marks the sign of other tribes.<\/p>\n\t\t\t\t\t\t\t\t<\/div>\n\t\t\t\t<\/div>\n\t\t\t\t\t<\/div>\n\t\t<\/div>\n\t\t\t\t\t<\/div>\n\t\t<\/section>\n\t\t\t\t<\/div>","protected":false},"excerpt":{"rendered":"<p>Mythologie Oyo-Yoruba Wiki La religion Yoruba est pratiqu\u00e9e au sud ouest du Nig\u00e9ria, et dans les r\u00e9gions adjacentes du Togo &hellip; <\/p>","protected":false},"author":1,"featured_media":0,"parent":4469,"menu_order":0,"comment_status":"closed","ping_status":"closed","template":"","meta":{"footnotes":""},"class_list":["post-4486","page","type-page","status-publish","hentry"],"amp_enabled":true,"_links":{"self":[{"href":"https:\/\/mythslegendes.com\/en\/wp-json\/wp\/v2\/pages\/4486","targetHints":{"allow":["GET"]}}],"collection":[{"href":"https:\/\/mythslegendes.com\/en\/wp-json\/wp\/v2\/pages"}],"about":[{"href":"https:\/\/mythslegendes.com\/en\/wp-json\/wp\/v2\/types\/page"}],"author":[{"embeddable":true,"href":"https:\/\/mythslegendes.com\/en\/wp-json\/wp\/v2\/users\/1"}],"replies":[{"embeddable":true,"href":"https:\/\/mythslegendes.com\/en\/wp-json\/wp\/v2\/comments?post=4486"}],"version-history":[{"count":1,"href":"https:\/\/mythslegendes.com\/en\/wp-json\/wp\/v2\/pages\/4486\/revisions"}],"predecessor-version":[{"id":24969,"href":"https:\/\/mythslegendes.com\/en\/wp-json\/wp\/v2\/pages\/4486\/revisions\/24969"}],"up":[{"embeddable":true,"href":"https:\/\/mythslegendes.com\/en\/wp-json\/wp\/v2\/pages\/4469"}],"wp:attachment":[{"href":"https:\/\/mythslegendes.com\/en\/wp-json\/wp\/v2\/media?parent=4486"}],"curies":[{"name":"wp","href":"https:\/\/api.w.org\/{rel}","templated":true}]}}