{"id":4498,"date":"2020-08-20T13:12:34","date_gmt":"2020-08-20T12:12:34","guid":{"rendered":"https:\/\/mythslegendes.com\/?page_id=4498"},"modified":"2023-03-04T22:47:22","modified_gmt":"2023-03-04T22:47:22","slug":"mythologie-mbuti","status":"publish","type":"page","link":"https:\/\/mythslegendes.com\/en\/mbuti-mythology\/","title":{"rendered":"Mythology Mbuti Pygmy"},"content":{"rendered":"<div data-elementor-type=\"wp-page\" data-elementor-id=\"4498\" class=\"elementor elementor-4498\">\n\t\t\t\t\t\t<section class=\"elementor-section elementor-top-section elementor-element elementor-element-6aa956e elementor-section-boxed elementor-section-height-default elementor-section-height-default\" data-id=\"6aa956e\" data-element_type=\"section\" data-e-type=\"section\">\n\t\t\t\t\t\t<div class=\"elementor-container elementor-column-gap-default\">\n\t\t\t\t\t<div class=\"elementor-column elementor-col-33 elementor-top-column elementor-element elementor-element-93002a6\" data-id=\"93002a6\" data-element_type=\"column\" data-e-type=\"column\">\n\t\t\t<div class=\"elementor-widget-wrap elementor-element-populated\">\n\t\t\t\t\t\t<div class=\"elementor-element elementor-element-75217c9 elementor-align-justify elementor-widget elementor-widget-button\" data-id=\"75217c9\" data-element_type=\"widget\" data-e-type=\"widget\" data-widget_type=\"button.default\">\n\t\t\t\t<div class=\"elementor-widget-container\">\n\t\t\t\t\t\t\t\t\t<div class=\"elementor-button-wrapper\">\n\t\t\t\t\t<a class=\"elementor-button elementor-button-link elementor-size-sm\" href=\"https:\/\/mythslegendes.com\/en\/mythes-et-legendes-niger-congo-1949\/\">\n\t\t\t\t\t\t<span class=\"elementor-button-content-wrapper\">\n\t\t\t\t\t\t\t\t\t<span class=\"elementor-button-text\">Back to the Cultural Group<\/span>\n\t\t\t\t\t<\/span>\n\t\t\t\t\t<\/a>\n\t\t\t\t<\/div>\n\t\t\t\t\t\t\t\t<\/div>\n\t\t\t\t<\/div>\n\t\t\t\t\t<\/div>\n\t\t<\/div>\n\t\t\t\t<div class=\"elementor-column elementor-col-33 elementor-top-column elementor-element elementor-element-d6ccd86\" data-id=\"d6ccd86\" data-element_type=\"column\" data-e-type=\"column\">\n\t\t\t<div class=\"elementor-widget-wrap elementor-element-populated\">\n\t\t\t\t\t\t<div class=\"elementor-element elementor-element-bd3652b elementor-align-justify elementor-widget elementor-widget-button\" data-id=\"bd3652b\" data-element_type=\"widget\" data-e-type=\"widget\" data-widget_type=\"button.default\">\n\t\t\t\t<div class=\"elementor-widget-container\">\n\t\t\t\t\t\t\t\t\t<div class=\"elementor-button-wrapper\">\n\t\t\t\t\t<a class=\"elementor-button elementor-button-link elementor-size-sm\" href=\"https:\/\/mythslegendes.com\/en\/book-libraries\/\">\n\t\t\t\t\t\t<span class=\"elementor-button-content-wrapper\">\n\t\t\t\t\t\t\t\t\t<span class=\"elementor-button-text\">Dedicated Shop<\/span>\n\t\t\t\t\t<\/span>\n\t\t\t\t\t<\/a>\n\t\t\t\t<\/div>\n\t\t\t\t\t\t\t\t<\/div>\n\t\t\t\t<\/div>\n\t\t\t\t\t<\/div>\n\t\t<\/div>\n\t\t\t\t<div class=\"elementor-column elementor-col-33 elementor-top-column elementor-element elementor-element-341426f\" data-id=\"341426f\" data-element_type=\"column\" data-e-type=\"column\">\n\t\t\t<div class=\"elementor-widget-wrap elementor-element-populated\">\n\t\t\t\t\t\t<div class=\"elementor-element elementor-element-de6805f elementor-align-justify elementor-widget elementor-widget-button\" data-id=\"de6805f\" data-element_type=\"widget\" data-e-type=\"widget\" data-widget_type=\"button.default\">\n\t\t\t\t<div class=\"elementor-widget-container\">\n\t\t\t\t\t\t\t\t\t<div class=\"elementor-button-wrapper\">\n\t\t\t\t\t<a class=\"elementor-button elementor-button-link elementor-size-sm\" href=\"https:\/\/fr.wikipedia.org\/wiki\/Pygm%C3%A9e\" target=\"_blank\" rel=\"noopener\">\n\t\t\t\t\t\t<span class=\"elementor-button-content-wrapper\">\n\t\t\t\t\t\t\t\t\t<span class=\"elementor-button-text\">Wiki<\/span>\n\t\t\t\t\t<\/span>\n\t\t\t\t\t<\/a>\n\t\t\t\t<\/div>\n\t\t\t\t\t\t\t\t<\/div>\n\t\t\t\t<\/div>\n\t\t\t\t\t<\/div>\n\t\t<\/div>\n\t\t\t\t\t<\/div>\n\t\t<\/section>\n\t\t\t\t<section class=\"elementor-section elementor-top-section elementor-element elementor-element-2f8bfd5 elementor-section-boxed elementor-section-height-default elementor-section-height-default\" data-id=\"2f8bfd5\" data-element_type=\"section\" data-e-type=\"section\">\n\t\t\t\t\t\t<div class=\"elementor-container elementor-column-gap-default\">\n\t\t\t\t\t<div class=\"elementor-column elementor-col-100 elementor-top-column elementor-element elementor-element-bacad80\" data-id=\"bacad80\" data-element_type=\"column\" data-e-type=\"column\">\n\t\t\t<div class=\"elementor-widget-wrap elementor-element-populated\">\n\t\t\t\t\t\t<div class=\"elementor-element elementor-element-724616f elementor-widget elementor-widget-heading\" data-id=\"724616f\" data-element_type=\"widget\" data-e-type=\"widget\" data-widget_type=\"heading.default\">\n\t\t\t\t<div class=\"elementor-widget-container\">\n\t\t\t\t\t<div id=\"ez-toc-container\" class=\"ez-toc-v2_0_83 counter-hierarchy ez-toc-counter ez-toc-grey ez-toc-container-direction\">\n<div class=\"ez-toc-title-container\">\n<p class=\"ez-toc-title\" style=\"cursor:inherit\">Contents<\/p>\n<span class=\"ez-toc-title-toggle\"><a href=\"#\" class=\"ez-toc-pull-right ez-toc-btn ez-toc-btn-xs ez-toc-btn-default ez-toc-toggle\" aria-label=\"Toggle Table of Content\"><span class=\"ez-toc-js-icon-con\"><span class=\"\"><span class=\"eztoc-hide\" style=\"display:none;\">Toggle<\/span><span class=\"ez-toc-icon-toggle-span\"><svg style=\"fill: #999;color:#999\" xmlns=\"http:\/\/www.w3.org\/2000\/svg\" class=\"list-377408\" width=\"20px\" height=\"20px\" viewbox=\"0 0 24 24\" fill=\"none\"><path d=\"M6 6H4v2h2V6zm14 0H8v2h12V6zM4 11h2v2H4v-2zm16 0H8v2h12v-2zM4 16h2v2H4v-2zm16 0H8v2h12v-2z\" fill=\"currentColor\"><\/path><\/svg><svg style=\"fill: #999;color:#999\" class=\"arrow-unsorted-368013\" xmlns=\"http:\/\/www.w3.org\/2000\/svg\" width=\"10px\" height=\"10px\" viewbox=\"0 0 24 24\" version=\"1.2\" baseprofile=\"tiny\"><path d=\"M18.2 9.3l-6.2-6.3-6.2 6.3c-.2.2-.3.4-.3.7s.1.5.3.7c.2.2.4.3.7.3h11c.3 0 .5-.1.7-.3.2-.2.3-.5.3-.7s-.1-.5-.3-.7zM5.8 14.7l6.2 6.3 6.2-6.3c.2-.2.3-.5.3-.7s-.1-.5-.3-.7c-.2-.2-.4-.3-.7-.3h-11c-.3 0-.5.1-.7.3-.2.2-.3.5-.3.7s.1.5.3.7z\"\/><\/svg><\/span><\/span><\/span><\/a><\/span><\/div>\n<nav><ul class='ez-toc-list ez-toc-list-level-1' ><li class='ez-toc-page-1 ez-toc-heading-level-2'><a class=\"ez-toc-link ez-toc-heading-1\" href=\"https:\/\/mythslegendes.com\/en\/mbuti-mythology\/#Mythologie-Mbuti-Pygmee\" >Mythology Mbuti Pygmy<\/a><\/li><li class='ez-toc-page-1 ez-toc-heading-level-2'><a class=\"ez-toc-link ez-toc-heading-2\" href=\"https:\/\/mythslegendes.com\/en\/mbuti-mythology\/#Livres-sur-la-mythologie-Niger-congo\" >Books on Niger-Congo mythology<\/a><\/li><\/ul><\/nav><\/div>\n<h2 class=\"elementor-heading-title elementor-size-default\"><span class=\"ez-toc-section\" id=\"Mythologie-Mbuti-Pygmee\"><\/span>Mythology Mbuti Pygmy<span class=\"ez-toc-section-end\"><\/span><\/h2>\t\t\t\t<\/div>\n\t\t\t\t<\/div>\n\t\t\t\t\t<\/div>\n\t\t<\/div>\n\t\t\t\t\t<\/div>\n\t\t<\/section>\n\t\t\t\t<section class=\"elementor-section elementor-top-section elementor-element elementor-element-1f784df7 elementor-section-boxed elementor-section-height-default elementor-section-height-default\" data-id=\"1f784df7\" data-element_type=\"section\" data-e-type=\"section\">\n\t\t\t\t\t\t<div class=\"elementor-container elementor-column-gap-default\">\n\t\t\t\t\t<div class=\"elementor-column elementor-col-100 elementor-top-column elementor-element elementor-element-5c36daf8\" data-id=\"5c36daf8\" data-element_type=\"column\" data-e-type=\"column\">\n\t\t\t<div class=\"elementor-widget-wrap elementor-element-populated\">\n\t\t\t\t\t\t<div class=\"elementor-element elementor-element-3e63614b elementor-widget elementor-widget-text-editor\" data-id=\"3e63614b\" data-element_type=\"widget\" data-e-type=\"widget\" data-widget_type=\"text-editor.default\">\n\t\t\t\t<div class=\"elementor-widget-container\">\n\t\t\t\t\t\t\t\t\t\n<p>The <a href=\"https:\/\/mythslegendes.com\/en\/\">Mythology<\/a> Mbuti Pygmy concerns all the pygmy tribes of Central Africa: <strong>Aka, Sua, Efe (or Mbuti), Batwa, Bakas, Kola, Bongo, Koya, Twa<\/strong><\/p>\n<p>The terms &quot;pygmy&quot;, &quot;indigenous populations&quot; or &quot;peoples of the forest&quot; encompass the various ethnic groups scattered along the equator in many states of present-day Central Africa, ranging from the western part of Cameroon, Gabon,\u00a0<a href=\"https:\/\/mythslegendes.com\/en\/mythes-et-legendes-niger-congo-1949\/\">congo<\/a>, Democratic Republic of the Congo, east to Rwanda, Burundi and Uganda. These groups of hunter-gatherer-fishermen are today confronted with growing precariousness and their culture is threatened.<\/p>\n\n<p>The Pygmies are divided into two large groups: a group of the Pygmies of the West and a group of the Pygmies of the East. These two sets diverged about 20,000 years ago. The two would have followed a convergent evolution towards a form of island dwarfism, they are however distinguished by the shape of their respective growth curves. The two groups share common cultural characteristics:<\/p>\n\n<ul class=\"wp-block-list\">\n<li>Eastern Pygmies, present in Rwanda, eastern DRC and Uganda: this group includes the Aka, Sua, Efe (or Mbuti) and the Batwa<\/li>\n<li>Western Pygmies, present in Cameroon, Central African Republic, Gabon, Congo Brazzaville and DRC: include the Bakas, Kola, Bongo, Koya, Aka and Twa.<\/li>\n<\/ul>\n<p><img decoding=\"async\" class=\"alignnone wp-image-5284 size-full\" src=\"https:\/\/mythslegendes.com\/wp-content\/uploads\/2020\/09\/AlphaOmega-e1602613368367.png\" alt=\"Pygmy mbuti mythology\" width=\"25\" height=\"26\" title=\"\"><\/p>\n\n<ul class=\"wp-block-list\">\n<li><strong><a href=\"https:\/\/mythslegendes.com\/en\/mbuti-mythology\/baatsi\/\">Baatsi<\/a><\/strong><\/li>\n<li><strong><a href=\"https:\/\/www.encyclopedia.com\/environment\/encyclopedias-almanacs-transcripts-and-maps\/pygmy-religions\" target=\"_blank\" rel=\"noopener\">Pygmies Religion<\/a><\/strong><\/li>\n<\/ul>\n\t\t\t\t\t\t\t\t<\/div>\n\t\t\t\t<\/div>\n\t\t\t\t\t<\/div>\n\t\t<\/div>\n\t\t\t\t\t<\/div>\n\t\t<\/section>\n\t\t\t\t<section class=\"elementor-section elementor-top-section elementor-element elementor-element-742a76a elementor-section-boxed elementor-section-height-default elementor-section-height-default\" data-id=\"742a76a\" data-element_type=\"section\" data-e-type=\"section\">\n\t\t\t\t\t\t<div class=\"elementor-container elementor-column-gap-default\">\n\t\t\t\t\t<div class=\"elementor-column elementor-col-100 elementor-top-column elementor-element elementor-element-b22e11b\" data-id=\"b22e11b\" data-element_type=\"column\" data-e-type=\"column\">\n\t\t\t<div class=\"elementor-widget-wrap elementor-element-populated\">\n\t\t\t\t\t\t<div class=\"elementor-element elementor-element-b8c301a elementor-widget elementor-widget-heading\" data-id=\"b8c301a\" data-element_type=\"widget\" data-e-type=\"widget\" data-widget_type=\"heading.default\">\n\t\t\t\t<div class=\"elementor-widget-container\">\n\t\t\t\t\t<h2 class=\"elementor-heading-title elementor-size-default\"><span class=\"ez-toc-section\" id=\"Livres-sur-la-mythologie-Niger-congo\"><\/span>Books on Niger-Congo mythology<span class=\"ez-toc-section-end\"><\/span><\/h2>\t\t\t\t<\/div>\n\t\t\t\t<\/div>\n\t\t\t\t\t<\/div>\n\t\t<\/div>\n\t\t\t\t\t<\/div>\n\t\t<\/section>\n\t\t\t\t<section class=\"elementor-section elementor-top-section elementor-element elementor-element-dab145b elementor-section-boxed elementor-section-height-default elementor-section-height-default\" data-id=\"dab145b\" data-element_type=\"section\" data-e-type=\"section\">\n\t\t\t\t\t\t<div class=\"elementor-container elementor-column-gap-default\">\n\t\t\t\t\t<div class=\"elementor-column elementor-col-100 elementor-top-column elementor-element elementor-element-2084808\" data-id=\"2084808\" data-element_type=\"column\" data-e-type=\"column\">\n\t\t\t<div class=\"elementor-widget-wrap elementor-element-populated\">\n\t\t\t\t\t\t<div class=\"elementor-element elementor-element-474ddf9 elementor-widget elementor-widget-text-editor\" data-id=\"474ddf9\" data-element_type=\"widget\" data-e-type=\"widget\" data-widget_type=\"text-editor.default\">\n\t\t\t\t<div class=\"elementor-widget-container\">\n\t\t\t\t\t\t\t\t\t<p>Comics \/ Illustrated:<\/p>\n<p>In French :<\/p>\n<ul>\n<li><a href=\"https:\/\/www.amazon.fr\/dp\/201340414X?&amp;linkCode=ll1&amp;tag=mythscience-21&amp;linkId=d5b8887cf18a7cfa02ad93af916ac815&amp;language=fr_FR&amp;ref_=as_li_ss_tl\" target=\"_blank\" rel=\"noopener\">The ancient kingdom of Dahomey, mores, religion, history<\/a><\/li>\n<li><a href=\"https:\/\/www.amazon.fr\/dp\/2845866232?&amp;linkCode=sl1&amp;tag=mythscience-21&amp;linkId=11762ff4f8c1306d435a19d0df251bfd&amp;language=fr_FR&amp;ref_=as_li_ss_tl\" target=\"_blank\" rel=\"noopener\">Tales and legends of Benin<\/a><\/li>\n<li><a href=\"https:\/\/www.amazon.fr\/dp\/2372490621?&amp;linkCode=sl1&amp;tag=mythscience-21&amp;linkId=a0f6a7429baecbcbdfeb5c9d9c80a6fb&amp;language=fr_FR&amp;ref_=as_li_ss_tl\" target=\"_blank\" rel=\"noopener\">water god<\/a><\/li>\n<li><a href=\"https:\/\/www.amazon.fr\/dp\/2266230735?&amp;linkCode=ll1&amp;tag=mythscience-21&amp;linkId=af3ec2f9438cc350c2a09e75790c9d5e&amp;language=fr_FR&amp;ref_=as_li_ss_tl\" target=\"_blank\" rel=\"noopener\">There is no small quarrel<\/a><\/li>\n<li><a href=\"https:\/\/www.amazon.fr\/dp\/2266095501?&amp;linkCode=ll1&amp;tag=mythscience-21&amp;linkId=a9394ef1d01b802735a2e08f3d380214&amp;language=fr_FR&amp;ref_=as_li_ss_tl\" target=\"_blank\" rel=\"noopener\">Fulani initiation tales<\/a><\/li>\n<li><a href=\"https:\/\/www.amazon.fr\/dp\/274819828X?&amp;linkCode=sl1&amp;tag=mythscience-21&amp;linkId=0db1afe8ca5a75b3a97ae302f3e9daef&amp;language=fr_FR&amp;ref_=as_li_ss_tl\" target=\"_blank\" rel=\"noopener\">Tales and legends in Serer country<\/a><\/li>\n<\/ul>\n<p>Only in English:<\/p>\n<ul>\n<li><a href=\"https:\/\/www.amazon.fr\/dp\/0805003118?&amp;linkCode=ll1&amp;tag=mythscience-21&amp;linkId=8467497c53cdcb2f19c500bbaf3cde05&amp;language=fr_FR&amp;ref_=as_li_ss_tl\" target=\"_blank\" rel=\"noopener\">Anansi the Spider: A Tale from the Ashanti<\/a><\/li>\n<li><a href=\"https:\/\/www.amazon.fr\/dp\/1952228018?&amp;linkCode=sl1&amp;tag=mythscience-21&amp;linkId=73064ee14327ce575d29f192e75998a3&amp;language=fr_FR&amp;ref_=as_li_ss_tl\" target=\"_blank\" rel=\"noopener\">The Akan, Other Africans and The Sirius Star System<\/a><\/li>\n<li><a href=\"https:\/\/www.amazon.fr\/dp\/199933633X?&amp;linkCode=sl1&amp;tag=mythscience-21&amp;linkId=dd29acafa74501c491cdb150f22d14e6&amp;language=fr_FR&amp;ref_=as_li_ss_tl\" target=\"_blank\" rel=\"noopener\">Children of the Benin Kingdom<\/a><\/li>\n<li><a href=\"https:\/\/www.amazon.fr\/dp\/1594771340?&amp;linkCode=sl1&amp;tag=mythscience-21&amp;linkId=ca1c6d940008fc55622dea1ac73d6a54&amp;language=fr_FR&amp;ref_=as_li_ss_tl\" target=\"_blank\" rel=\"noopener\">Sacred Symbols of the Dogon<\/a><\/li>\n<li><a href=\"https:\/\/www.amazon.fr\/dp\/1981166270?&amp;linkCode=sl1&amp;tag=mythscience-21&amp;linkId=43d1586e3a9618fcab1a777d95f45e53&amp;language=fr_FR&amp;ref_=as_li_ss_tl\" target=\"_blank\" rel=\"noopener\">Efik Moonlight Tales, Calabar Nigeria<\/a><\/li>\n<li><a href=\"https:\/\/www.amazon.fr\/dp\/1592218091?&amp;linkCode=ll1&amp;tag=mythscience-21&amp;linkId=7c9dcc959eef4cb06cb8f091a6d44f88&amp;language=fr_FR&amp;ref_=as_li_ss_tl\" target=\"_blank\" rel=\"noopener\">The Timbuktu Chronicles, 1493-1599<\/a><\/li>\n<li><a href=\"https:\/\/www.amazon.fr\/dp\/1432913409?&amp;linkCode=ll1&amp;tag=mythscience-21&amp;linkId=d6f7852a5d4e338b7e3d1922a7515f16&amp;language=fr_FR&amp;ref_=as_li_ss_tl\" target=\"_blank\" rel=\"noopener\">Ancient West African Kingdoms<\/a><\/li>\n<li><a href=\"https:\/\/www.amazon.fr\/Legend-Walking-Dead-Igbo-Mythologies\/dp\/1631359347?&amp;linkCode=sl1&amp;tag=mythscience-21&amp;linkId=ca926601d80f9a051a3cae47d325f6a7&amp;language=fr_FR&amp;ref_=as_li_ss_tl\" target=\"_blank\" rel=\"noopener\">Legend of the Walking Dead: Igbo Mythologies<\/a><\/li>\n<li><a href=\"https:\/\/www.amazon.fr\/dp\/0803218435?&amp;linkCode=ll1&amp;tag=mythscience-21&amp;linkId=4345366d88ae3f754876465e88b069ab&amp;language=fr_FR&amp;ref_=as_li_ss_tl\" target=\"_blank\" rel=\"noopener\">Yoruba Proverbs<\/a><\/li>\n<li><a href=\"https:\/\/www.amazon.fr\/dp\/0872866300?&amp;linkCode=sl1&amp;tag=mythscience-21&amp;linkId=dc7396111d0ebbb36ac05bd62fdab37e&amp;language=fr_FR&amp;ref_=as_li_ss_tl\" target=\"_blank\" rel=\"noopener\">Forest of A Thousand Daemons<\/a><\/li>\n<li><a href=\"https:\/\/www.amazon.fr\/dp\/1605060178?&amp;linkCode=sl1&amp;tag=mythscience-21&amp;linkId=68aa8bd1ad2804b60acae2259fcd0254&amp;language=fr_FR&amp;ref_=as_li_ss_tl\" target=\"_blank\" rel=\"noopener\">Yoruba Legends (Forgotten Books)<\/a><\/li>\n<li><a href=\"https:\/\/www.amazon.fr\/dp\/159143145X?&amp;linkCode=sl1&amp;tag=mythscience-21&amp;linkId=b6aa27aebd2668685c4e32cbc13ad718&amp;language=fr_FR&amp;ref_=as_li_ss_tl\" target=\"_blank\" rel=\"noopener\">The Lost History of the Little People<\/a><\/li>\n<\/ul>\t\t\t\t\t\t\t\t<\/div>\n\t\t\t\t<\/div>\n\t\t\t\t\t<\/div>\n\t\t<\/div>\n\t\t\t\t\t<\/div>\n\t\t<\/section>\n\t\t\t\t<\/div>","protected":false},"excerpt":{"rendered":"<p>Retour au Groupe Culturel Boutique D\u00e9di\u00e9e Wiki Mythologie Mbuti Pygm\u00e9e La Mythologie Mbuti Pygm\u00e9e concerne l&rsquo;ensemble des tibus pygm\u00e9e d&rsquo;Afrique &hellip; <\/p>","protected":false},"author":1,"featured_media":0,"parent":0,"menu_order":0,"comment_status":"closed","ping_status":"closed","template":"","meta":{"footnotes":""},"class_list":["post-4498","page","type-page","status-publish","hentry"],"amp_enabled":true,"_links":{"self":[{"href":"https:\/\/mythslegendes.com\/en\/wp-json\/wp\/v2\/pages\/4498","targetHints":{"allow":["GET"]}}],"collection":[{"href":"https:\/\/mythslegendes.com\/en\/wp-json\/wp\/v2\/pages"}],"about":[{"href":"https:\/\/mythslegendes.com\/en\/wp-json\/wp\/v2\/types\/page"}],"author":[{"embeddable":true,"href":"https:\/\/mythslegendes.com\/en\/wp-json\/wp\/v2\/users\/1"}],"replies":[{"embeddable":true,"href":"https:\/\/mythslegendes.com\/en\/wp-json\/wp\/v2\/comments?post=4498"}],"version-history":[{"count":7,"href":"https:\/\/mythslegendes.com\/en\/wp-json\/wp\/v2\/pages\/4498\/revisions"}],"predecessor-version":[{"id":27040,"href":"https:\/\/mythslegendes.com\/en\/wp-json\/wp\/v2\/pages\/4498\/revisions\/27040"}],"wp:attachment":[{"href":"https:\/\/mythslegendes.com\/en\/wp-json\/wp\/v2\/media?parent=4498"}],"curies":[{"name":"wp","href":"https:\/\/api.w.org\/{rel}","templated":true}]}}