{"id":4698,"date":"2020-08-22T16:52:48","date_gmt":"2020-08-22T15:52:48","guid":{"rendered":"https:\/\/mythslegendes.com\/?page_id=4698"},"modified":"2022-12-27T22:12:48","modified_gmt":"2022-12-27T22:12:48","slug":"mythologie-aymara-inca","status":"publish","type":"page","link":"https:\/\/mythslegendes.com\/en\/aymara-inca-mythology\/","title":{"rendered":"Aymara-Inca mythology"},"content":{"rendered":"<div data-elementor-type=\"wp-page\" data-elementor-id=\"4698\" class=\"elementor elementor-4698\">\n\t\t\t\t\t\t<section class=\"elementor-section elementor-top-section elementor-element elementor-element-b422015 elementor-section-boxed elementor-section-height-default elementor-section-height-default\" data-id=\"b422015\" data-element_type=\"section\" data-e-type=\"section\">\n\t\t\t\t\t\t<div class=\"elementor-container elementor-column-gap-default\">\n\t\t\t\t\t<div class=\"elementor-column elementor-col-33 elementor-top-column elementor-element elementor-element-349cf70\" data-id=\"349cf70\" data-element_type=\"column\" data-e-type=\"column\">\n\t\t\t<div class=\"elementor-widget-wrap elementor-element-populated\">\n\t\t\t\t\t\t<div class=\"elementor-element elementor-element-3fedf2e elementor-align-justify elementor-widget elementor-widget-button\" data-id=\"3fedf2e\" data-element_type=\"widget\" data-e-type=\"widget\" data-widget_type=\"button.default\">\n\t\t\t\t<div class=\"elementor-widget-container\">\n\t\t\t\t\t\t\t\t\t<div class=\"elementor-button-wrapper\">\n\t\t\t\t\t<a class=\"elementor-button elementor-button-link elementor-size-sm\" href=\"https:\/\/mythslegendes.com\/en\/mythes-et-legendes-des-andes-2009\/\">\n\t\t\t\t\t\t<span class=\"elementor-button-content-wrapper\">\n\t\t\t\t\t\t\t\t\t<span class=\"elementor-button-text\">Back to the Cultural Group<\/span>\n\t\t\t\t\t<\/span>\n\t\t\t\t\t<\/a>\n\t\t\t\t<\/div>\n\t\t\t\t\t\t\t\t<\/div>\n\t\t\t\t<\/div>\n\t\t\t\t\t<\/div>\n\t\t<\/div>\n\t\t\t\t<div class=\"elementor-column elementor-col-33 elementor-top-column elementor-element elementor-element-373480f\" data-id=\"373480f\" data-element_type=\"column\" data-e-type=\"column\">\n\t\t\t<div class=\"elementor-widget-wrap elementor-element-populated\">\n\t\t\t\t\t\t<div class=\"elementor-element elementor-element-095da18 elementor-align-justify elementor-widget elementor-widget-button\" data-id=\"095da18\" data-element_type=\"widget\" data-e-type=\"widget\" data-widget_type=\"button.default\">\n\t\t\t\t<div class=\"elementor-widget-container\">\n\t\t\t\t\t\t\t\t\t<div class=\"elementor-button-wrapper\">\n\t\t\t\t\t<a class=\"elementor-button elementor-button-link elementor-size-sm\" href=\"https:\/\/mythslegendes.com\/en\/book-libraries\/\">\n\t\t\t\t\t\t<span class=\"elementor-button-content-wrapper\">\n\t\t\t\t\t\t\t\t\t<span class=\"elementor-button-text\">Dedicated Shop<\/span>\n\t\t\t\t\t<\/span>\n\t\t\t\t\t<\/a>\n\t\t\t\t<\/div>\n\t\t\t\t\t\t\t\t<\/div>\n\t\t\t\t<\/div>\n\t\t\t\t\t<\/div>\n\t\t<\/div>\n\t\t\t\t<div class=\"elementor-column elementor-col-33 elementor-top-column elementor-element elementor-element-4d40762\" data-id=\"4d40762\" data-element_type=\"column\" data-e-type=\"column\">\n\t\t\t<div class=\"elementor-widget-wrap elementor-element-populated\">\n\t\t\t\t\t\t<div class=\"elementor-element elementor-element-63060b2 elementor-align-justify elementor-widget elementor-widget-button\" data-id=\"63060b2\" data-element_type=\"widget\" data-e-type=\"widget\" data-widget_type=\"button.default\">\n\t\t\t\t<div class=\"elementor-widget-container\">\n\t\t\t\t\t\t\t\t\t<div class=\"elementor-button-wrapper\">\n\t\t\t\t\t<a class=\"elementor-button elementor-button-link elementor-size-sm\" href=\"https:\/\/fr.wikipedia.org\/wiki\/Empire_inca\" target=\"_blank\" rel=\"noopener\">\n\t\t\t\t\t\t<span class=\"elementor-button-content-wrapper\">\n\t\t\t\t\t\t\t\t\t<span class=\"elementor-button-text\">Wiki<\/span>\n\t\t\t\t\t<\/span>\n\t\t\t\t\t<\/a>\n\t\t\t\t<\/div>\n\t\t\t\t\t\t\t\t<\/div>\n\t\t\t\t<\/div>\n\t\t\t\t\t<\/div>\n\t\t<\/div>\n\t\t\t\t\t<\/div>\n\t\t<\/section>\n\t\t\t\t<section class=\"elementor-section elementor-top-section elementor-element elementor-element-01ad84a elementor-section-boxed elementor-section-height-default elementor-section-height-default\" data-id=\"01ad84a\" data-element_type=\"section\" data-e-type=\"section\">\n\t\t\t\t\t\t<div class=\"elementor-container elementor-column-gap-default\">\n\t\t\t\t\t<div class=\"elementor-column elementor-col-100 elementor-top-column elementor-element elementor-element-15a47c2\" data-id=\"15a47c2\" data-element_type=\"column\" data-e-type=\"column\">\n\t\t\t<div class=\"elementor-widget-wrap elementor-element-populated\">\n\t\t\t\t\t\t<div class=\"elementor-element elementor-element-9a0696a elementor-widget elementor-widget-heading\" data-id=\"9a0696a\" data-element_type=\"widget\" data-e-type=\"widget\" data-widget_type=\"heading.default\">\n\t\t\t\t<div class=\"elementor-widget-container\">\n\t\t\t\t\t<div id=\"ez-toc-container\" class=\"ez-toc-v2_0_82_2 counter-hierarchy ez-toc-counter ez-toc-grey ez-toc-container-direction\">\n<div class=\"ez-toc-title-container\">\n<p class=\"ez-toc-title\" style=\"cursor:inherit\">Contents<\/p>\n<span class=\"ez-toc-title-toggle\"><a href=\"#\" class=\"ez-toc-pull-right ez-toc-btn ez-toc-btn-xs ez-toc-btn-default ez-toc-toggle\" aria-label=\"Toggle Table of Content\"><span class=\"ez-toc-js-icon-con\"><span class=\"\"><span class=\"eztoc-hide\" style=\"display:none;\">Toggle<\/span><span class=\"ez-toc-icon-toggle-span\"><svg style=\"fill: #999;color:#999\" xmlns=\"http:\/\/www.w3.org\/2000\/svg\" class=\"list-377408\" width=\"20px\" height=\"20px\" viewbox=\"0 0 24 24\" fill=\"none\"><path d=\"M6 6H4v2h2V6zm14 0H8v2h12V6zM4 11h2v2H4v-2zm16 0H8v2h12v-2zM4 16h2v2H4v-2zm16 0H8v2h12v-2z\" fill=\"currentColor\"><\/path><\/svg><svg style=\"fill: #999;color:#999\" class=\"arrow-unsorted-368013\" xmlns=\"http:\/\/www.w3.org\/2000\/svg\" width=\"10px\" height=\"10px\" viewbox=\"0 0 24 24\" version=\"1.2\" baseprofile=\"tiny\"><path d=\"M18.2 9.3l-6.2-6.3-6.2 6.3c-.2.2-.3.4-.3.7s.1.5.3.7c.2.2.4.3.7.3h11c.3 0 .5-.1.7-.3.2-.2.3-.5.3-.7s-.1-.5-.3-.7zM5.8 14.7l6.2 6.3 6.2-6.3c.2-.2.3-.5.3-.7s-.1-.5-.3-.7c-.2-.2-.4-.3-.7-.3h-11c-.3 0-.5.1-.7.3-.2.2-.3.5-.3.7s.1.5.3.7z\"\/><\/svg><\/span><\/span><\/span><\/a><\/span><\/div>\n<nav><ul class='ez-toc-list ez-toc-list-level-1' ><li class='ez-toc-page-1 ez-toc-heading-level-2'><a class=\"ez-toc-link ez-toc-heading-1\" href=\"https:\/\/mythslegendes.com\/en\/aymara-inca-mythology\/#Mythologie-Aymara-Inca\" >Aymara-Inca mythology<\/a><\/li><li class='ez-toc-page-1 ez-toc-heading-level-2'><a class=\"ez-toc-link ez-toc-heading-2\" href=\"https:\/\/mythslegendes.com\/en\/aymara-inca-mythology\/#Mythologie-Aymara-Inca-textes\" >Aymara-Inca mythology (texts)<\/a><\/li><\/ul><\/nav><\/div>\n<h2 class=\"elementor-heading-title elementor-size-default\"><span class=\"ez-toc-section\" id=\"Mythologie-Aymara-Inca\"><\/span>Aymara-Inca mythology<span class=\"ez-toc-section-end\"><\/span><\/h2>\t\t\t\t<\/div>\n\t\t\t\t<\/div>\n\t\t\t\t\t<\/div>\n\t\t<\/div>\n\t\t\t\t\t<\/div>\n\t\t<\/section>\n\t\t\t\t<section class=\"elementor-section elementor-top-section elementor-element elementor-element-610fa3b2 elementor-section-boxed elementor-section-height-default elementor-section-height-default\" data-id=\"610fa3b2\" data-element_type=\"section\" data-e-type=\"section\">\n\t\t\t\t\t\t<div class=\"elementor-container elementor-column-gap-default\">\n\t\t\t\t\t<div class=\"elementor-column elementor-col-100 elementor-top-column elementor-element elementor-element-8a21c24\" data-id=\"8a21c24\" data-element_type=\"column\" data-e-type=\"column\">\n\t\t\t<div class=\"elementor-widget-wrap elementor-element-populated\">\n\t\t\t\t\t\t<div class=\"elementor-element elementor-element-17ca67dd elementor-widget elementor-widget-text-editor\" data-id=\"17ca67dd\" data-element_type=\"widget\" data-e-type=\"widget\" data-widget_type=\"text-editor.default\">\n\t\t\t\t<div class=\"elementor-widget-container\">\n\t\t\t\t\t\t\t\t\t<p><\/p>\n<p>The <a href=\"https:\/\/mythslegendes.com\/en\/\">Mythology<\/a> Aymara-Inca include the following South American peoples and empires: <strong>Aymara, Inca Empire, Tahua<\/strong><strong>not<\/strong><strong>tinsuyu, Tahuantinsuyo, Quechua<\/strong><\/p>\n<p>THE&#039;<strong>aymara<\/strong> (or sometimes <strong>aimara<\/strong>) is a vernacular language that has replaced many others such as Bolivia&#039;s Uru or Uchhumataqu.<\/p>\n<p><\/p>\n<p>According to Rodolfo Cerr\u00f3n-Palomino, one of the main specialists of these two languages, it is not Quechua, but indeed Aymara which was the official language of the Inca Empire, contrary to a widespread belief.<abbr title=\"reference\"><\/abbr>.<\/p>\n<p><\/p>\n<p>The varieties of aymara form a linguistic subfamily with the varieties of Quechua.<\/p>\n<p><\/p>\n<p>THE&#039;<strong>Inca Empire<\/strong> (called <em>Tahuantinsuyu<\/em>, <em>Tahuantinsuyo<\/em> Where <em>Tawantin Suyu<\/em> in Quechua, meaning &quot;four in one&quot; or &quot;the whole of the four parts&quot;) was, from the XV<sup>e<\/sup> in the XVI<sup>e<\/sup>\u00a0century, one of the states of Andean civilization and the largest empire in pre-Columbian America.<\/p>\n<p>Its territory has in fact extended, to its maximum extent, over nearly 4,500 km in length, from the southwest of present-day Colombia (the Ancasmayo valley, and even for a while to the R\u00edo Pat\u00eda, region of San Juan de Pasto), in the north, to the middle of present-day Chile (in the R\u00edo Maule), in the south, and comprising almost all of the current territories of Peru and Ecuador, as well as a significant part of Bolivia, Chile, and significant of Northwest Argentina, over an area more than three times that of France today.<\/p>\n<p>Heir to pre-existing Andean civilizations, it was linked by an important network of roads of approximately 22,500 to 38,600 kilometers converging on its capital, Cuzco.<\/p>\n<p><img decoding=\"async\" class=\"alignnone wp-image-5284 size-full\" src=\"https:\/\/mythslegendes.com\/wp-content\/uploads\/2020\/09\/AlphaOmega-e1602613368367.png\" alt=\"Aymara-Inca mythology\" width=\"25\" height=\"26\" title=\"\"><\/p>\n<p><\/p>\t\t\t\t\t\t\t\t<\/div>\n\t\t\t\t<\/div>\n\t\t\t\t\t<\/div>\n\t\t<\/div>\n\t\t\t\t\t<\/div>\n\t\t<\/section>\n\t\t\t\t<section class=\"elementor-section elementor-top-section elementor-element elementor-element-2c456b8 elementor-section-boxed elementor-section-height-default elementor-section-height-default\" data-id=\"2c456b8\" data-element_type=\"section\" data-e-type=\"section\">\n\t\t\t\t\t\t<div class=\"elementor-container elementor-column-gap-default\">\n\t\t\t\t\t<div class=\"elementor-column elementor-col-100 elementor-top-column elementor-element elementor-element-a76f931\" data-id=\"a76f931\" data-element_type=\"column\" data-e-type=\"column\">\n\t\t\t<div class=\"elementor-widget-wrap elementor-element-populated\">\n\t\t\t\t\t\t<div class=\"elementor-element elementor-element-37dfe56 elementor-widget elementor-widget-heading\" data-id=\"37dfe56\" data-element_type=\"widget\" data-e-type=\"widget\" data-widget_type=\"heading.default\">\n\t\t\t\t<div class=\"elementor-widget-container\">\n\t\t\t\t\t<h2 class=\"elementor-heading-title elementor-size-default\"><span class=\"ez-toc-section\" id=\"Mythologie-Aymara-Inca-textes\"><\/span>Aymara-Inca mythology (texts)<span class=\"ez-toc-section-end\"><\/span><\/h2>\t\t\t\t<\/div>\n\t\t\t\t<\/div>\n\t\t\t\t\t<\/div>\n\t\t<\/div>\n\t\t\t\t\t<\/div>\n\t\t<\/section>\n\t\t\t\t<section class=\"elementor-section elementor-top-section elementor-element elementor-element-37eeb69 elementor-section-boxed elementor-section-height-default elementor-section-height-default\" data-id=\"37eeb69\" data-element_type=\"section\" data-e-type=\"section\">\n\t\t\t\t\t\t<div class=\"elementor-container elementor-column-gap-default\">\n\t\t\t\t\t<div class=\"elementor-column elementor-col-100 elementor-top-column elementor-element elementor-element-5a52a5b\" data-id=\"5a52a5b\" data-element_type=\"column\" data-e-type=\"column\">\n\t\t\t<div class=\"elementor-widget-wrap elementor-element-populated\">\n\t\t\t\t\t\t<div class=\"elementor-element elementor-element-9d7cf09 elementor-widget elementor-widget-toggle\" data-id=\"9d7cf09\" data-element_type=\"widget\" data-e-type=\"widget\" data-widget_type=\"toggle.default\">\n\t\t\t\t<div class=\"elementor-widget-container\">\n\t\t\t\t\t\t\t<div class=\"elementor-toggle\">\n\t\t\t\t\t\t\t<div class=\"elementor-toggle-item\">\n\t\t\t\t\t<div id=\"elementor-tab-title-1651\" class=\"elementor-tab-title\" data-tab=\"1\" role=\"button\" aria-controls=\"elementor-tab-content-1651\" aria-expanded=\"false\">\n\t\t\t\t\t\t\t\t\t\t\t\t<span class=\"elementor-toggle-icon elementor-toggle-icon-left\" aria-hidden=\"true\">\n\t\t\t\t\t\t\t\t\t\t\t\t\t\t\t<span class=\"elementor-toggle-icon-closed\"><i class=\"fas fa-caret-right\"><\/i><\/span>\n\t\t\t\t\t\t\t\t<span class=\"elementor-toggle-icon-opened\"><i class=\"elementor-toggle-icon-opened fas fa-caret-up\"><\/i><\/span>\n\t\t\t\t\t\t\t\t\t\t\t\t\t<\/span>\n\t\t\t\t\t\t\t\t\t\t\t\t<a class=\"elementor-toggle-title\" tabindex=\"0\">Free Andean Book: The Myths of Mexico and Peru<\/a>\n\t\t\t\t\t<\/div>\n\n\t\t\t\t\t<div id=\"elementor-tab-content-1651\" class=\"elementor-tab-content elementor-clearfix\" data-tab=\"1\" role=\"region\" aria-labelledby=\"elementor-tab-title-1651\"><p><a href=\"https:\/\/www.sacred-texts.com\/nam\/mmp\/index.htm\" target=\"_blank\" rel=\"noopener\">The Myths of Mexico and Peru<\/a><\/p><\/div>\n\t\t\t\t<\/div>\n\t\t\t\t\t\t\t<div class=\"elementor-toggle-item\">\n\t\t\t\t\t<div id=\"elementor-tab-title-1652\" class=\"elementor-tab-title\" data-tab=\"2\" role=\"button\" aria-controls=\"elementor-tab-content-1652\" aria-expanded=\"false\">\n\t\t\t\t\t\t\t\t\t\t\t\t<span class=\"elementor-toggle-icon elementor-toggle-icon-left\" aria-hidden=\"true\">\n\t\t\t\t\t\t\t\t\t\t\t\t\t\t\t<span class=\"elementor-toggle-icon-closed\"><i class=\"fas fa-caret-right\"><\/i><\/span>\n\t\t\t\t\t\t\t\t<span class=\"elementor-toggle-icon-opened\"><i class=\"elementor-toggle-icon-opened fas fa-caret-up\"><\/i><\/span>\n\t\t\t\t\t\t\t\t\t\t\t\t\t<\/span>\n\t\t\t\t\t\t\t\t\t\t\t\t<a class=\"elementor-toggle-title\" tabindex=\"0\">Aymara Free Book: Mountain of the Condor<\/a>\n\t\t\t\t\t<\/div>\n\n\t\t\t\t\t<div id=\"elementor-tab-content-1652\" class=\"elementor-tab-content elementor-clearfix\" data-tab=\"2\" role=\"region\" aria-labelledby=\"elementor-tab-title-1652\"><iframe frameborder=\"0\" scrolling=\"no\" style=\"border:0px\" src=\"https:\/\/books.google.fr\/books?id=paAQAAAAQBAJ&#038;lpg=PP1&#038;hl=fr&#038;pg=PP1&#038;output=embed\" width=\"500\" height=\"500\"><\/iframe><\/div>\n\t\t\t\t<\/div>\n\t\t\t\t\t\t\t<div class=\"elementor-toggle-item\">\n\t\t\t\t\t<div id=\"elementor-tab-title-1653\" class=\"elementor-tab-title\" data-tab=\"3\" role=\"button\" aria-controls=\"elementor-tab-content-1653\" aria-expanded=\"false\">\n\t\t\t\t\t\t\t\t\t\t\t\t<span class=\"elementor-toggle-icon elementor-toggle-icon-left\" aria-hidden=\"true\">\n\t\t\t\t\t\t\t\t\t\t\t\t\t\t\t<span class=\"elementor-toggle-icon-closed\"><i class=\"fas fa-caret-right\"><\/i><\/span>\n\t\t\t\t\t\t\t\t<span class=\"elementor-toggle-icon-opened\"><i class=\"elementor-toggle-icon-opened fas fa-caret-up\"><\/i><\/span>\n\t\t\t\t\t\t\t\t\t\t\t\t\t<\/span>\n\t\t\t\t\t\t\t\t\t\t\t\t<a class=\"elementor-toggle-title\" tabindex=\"0\">Free book Quechua: The Inca religion<\/a>\n\t\t\t\t\t<\/div>\n\n\t\t\t\t\t<div id=\"elementor-tab-content-1653\" class=\"elementor-tab-content elementor-clearfix\" data-tab=\"3\" role=\"region\" aria-labelledby=\"elementor-tab-title-1653\"><p><a href=\"https:\/\/www.sacred-texts.com\/nam\/inca\/index.htm\" target=\"_blank\" rel=\"noopener\">\u00a0Inca religion<\/a><\/p><\/div>\n\t\t\t\t<\/div>\n\t\t\t\t\t\t\t<div class=\"elementor-toggle-item\">\n\t\t\t\t\t<div id=\"elementor-tab-title-1654\" class=\"elementor-tab-title\" data-tab=\"4\" role=\"button\" aria-controls=\"elementor-tab-content-1654\" aria-expanded=\"false\">\n\t\t\t\t\t\t\t\t\t\t\t\t<span class=\"elementor-toggle-icon elementor-toggle-icon-left\" aria-hidden=\"true\">\n\t\t\t\t\t\t\t\t\t\t\t\t\t\t\t<span class=\"elementor-toggle-icon-closed\"><i class=\"fas fa-caret-right\"><\/i><\/span>\n\t\t\t\t\t\t\t\t<span class=\"elementor-toggle-icon-opened\"><i class=\"elementor-toggle-icon-opened fas fa-caret-up\"><\/i><\/span>\n\t\t\t\t\t\t\t\t\t\t\t\t\t<\/span>\n\t\t\t\t\t\t\t\t\t\t\t\t<a class=\"elementor-toggle-title\" tabindex=\"0\">Free Book Quechua: Handbook of Inca Mythology<\/a>\n\t\t\t\t\t<\/div>\n\n\t\t\t\t\t<div id=\"elementor-tab-content-1654\" class=\"elementor-tab-content elementor-clearfix\" data-tab=\"4\" role=\"region\" aria-labelledby=\"elementor-tab-title-1654\"><iframe frameborder=\"0\" scrolling=\"no\" style=\"border:0px\" src=\"https:\/\/books.google.fr\/books?id=6Wa9RwqdqEkC&#038;lpg=PP1&#038;hl=fr&#038;pg=PP1&#038;output=embed\" width=\"500\" height=\"500\"><\/iframe><\/div>\n\t\t\t\t<\/div>\n\t\t\t\t\t\t\t<div class=\"elementor-toggle-item\">\n\t\t\t\t\t<div id=\"elementor-tab-title-1655\" class=\"elementor-tab-title\" data-tab=\"5\" role=\"button\" aria-controls=\"elementor-tab-content-1655\" aria-expanded=\"false\">\n\t\t\t\t\t\t\t\t\t\t\t\t<span class=\"elementor-toggle-icon elementor-toggle-icon-left\" aria-hidden=\"true\">\n\t\t\t\t\t\t\t\t\t\t\t\t\t\t\t<span class=\"elementor-toggle-icon-closed\"><i class=\"fas fa-caret-right\"><\/i><\/span>\n\t\t\t\t\t\t\t\t<span class=\"elementor-toggle-icon-opened\"><i class=\"elementor-toggle-icon-opened fas fa-caret-up\"><\/i><\/span>\n\t\t\t\t\t\t\t\t\t\t\t\t\t<\/span>\n\t\t\t\t\t\t\t\t\t\t\t\t<a class=\"elementor-toggle-title\" tabindex=\"0\">Quechua Myths and Legends<\/a>\n\t\t\t\t\t<\/div>\n\n\t\t\t\t\t<div id=\"elementor-tab-content-1655\" class=\"elementor-tab-content elementor-clearfix\" data-tab=\"5\" role=\"region\" aria-labelledby=\"elementor-tab-title-1655\"><ul>\n<li><strong><a href=\"https:\/\/www.firstpeople.us\/FP-Html-Legends\/DeathofPachacutiIncaYupanqui-Inca.html\" target=\"_blank\" rel=\"noopener\">Death Of PachacutiInca Yupanqui<\/a><\/strong><\/li>\n<li><strong><a href=\"https:\/\/www.firstpeople.us\/FP-Html-Legends\/EntryoftheIncasIntotheValleyofCuzco-Inca.html\" target=\"_blank\" rel=\"noopener\">Entry Of The Incas Into The Valley Of Cuzco<\/a><\/strong><\/li>\n<li><strong><a href=\"https:\/\/www.firstpeople.us\/FP-Html-Legends\/FableoftheSecondAge-Inca.html\" target=\"_blank\" rel=\"noopener\">Fable Of The Second Age<\/a><\/strong><\/li>\n<li><strong><a href=\"https:\/\/www.firstpeople.us\/FP-Html-Legends\/HowtheIncasBegantoTerrorizeOvertheLands-Inca.html\" target=\"_blank\" rel=\"noopener\">How The Incas Beganto Terrorize Over The Lands<\/a><\/strong><\/li>\n<li><strong><a href=\"https:\/\/www.firstpeople.us\/FP-Html-Legends\/TheAncientFreedoms-Inca.html\" target=\"_blank\" rel=\"noopener\">The Ancient Freedoms<\/a><\/strong><\/li>\n<li><strong><a href=\"https:\/\/www.firstpeople.us\/FP-Html-Legends\/TheFableoftheOriginoftheIncasofCuzco-Inca.html\" target=\"_blank\" rel=\"noopener\">The Fable Of The Origin Of The Incas Of Cuzco<\/a><\/strong><\/li>\n<li><strong><a href=\"https:\/\/www.firstpeople.us\/FP-Html-Legends\/TheFestivaloftheSun-Inca.html\" target=\"_blank\" rel=\"noopener\">The Festival Of The Sun<\/a><\/strong><\/li>\n<li><strong><a href=\"https:\/\/www.firstpeople.us\/FP-Html-Legends\/TheFirstSettlersintheValleyofCuzco-Inca.html\" target=\"_blank\" rel=\"noopener\">The First Settlers in The Valley Of Cuzco<\/a><\/strong><\/li>\n<li><strong><a href=\"https:\/\/www.firstpeople.us\/FP-Html-Legends\/TheRoadtoCuzco-Inca.html\" target=\"_blank\" rel=\"noopener\">The Road To Cuzco<\/a><\/strong><\/li>\n<li><strong><a href=\"https:\/\/www.firstpeople.us\/FP-Html-Legends\/TheShepherdandtheDaughteroftheSun-Inca.html\" target=\"_blank\" rel=\"noopener\">The Shepherd And The Daughter Of The Sun<\/a><\/strong><\/li>\n<li><strong><a href=\"https:\/\/www.firstpeople.us\/FP-Html-Legends\/TheYncaPachacutec-Inca.html\" target=\"_blank\" rel=\"noopener\">The Ynca Pachacutec<\/a><\/strong><\/li>\n<li><strong><a href=\"https:\/\/www.firstpeople.us\/FP-Html-Legends\/ViracochaandtheComingoftheIncas-Inca.html\" target=\"_blank\" rel=\"noopener\">Viracocha And The Coming Of The Incas<\/a><\/strong><\/li>\n<li><strong><a href=\"https:\/\/www.meta-religion.com\/World_Religions\/Ancient_religions\/South_america\/flood_myth_of_the_incas.htm\" target=\"_blank\" rel=\"noopener\">The flood myth of the Incas<\/a><\/strong><\/li>\n<\/ul><\/div>\n\t\t\t\t<\/div>\n\t\t\t\t\t\t\t\t<\/div>\n\t\t\t\t\t\t<\/div>\n\t\t\t\t<\/div>\n\t\t\t\t\t<\/div>\n\t\t<\/div>\n\t\t\t\t\t<\/div>\n\t\t<\/section>\n\t\t\t\t<\/div>","protected":false},"excerpt":{"rendered":"<p>Return to the Cultural Group Wiki Library Aymara-Inca Mythology Aymara-Inca Mythology brings together the following South American peoples and empires: Aymara, \u2026 <\/p>","protected":false},"author":1,"featured_media":0,"parent":0,"menu_order":1,"comment_status":"closed","ping_status":"closed","template":"","meta":{"footnotes":""},"class_list":["post-4698","page","type-page","status-publish","hentry"],"amp_enabled":true,"_links":{"self":[{"href":"https:\/\/mythslegendes.com\/en\/wp-json\/wp\/v2\/pages\/4698","targetHints":{"allow":["GET"]}}],"collection":[{"href":"https:\/\/mythslegendes.com\/en\/wp-json\/wp\/v2\/pages"}],"about":[{"href":"https:\/\/mythslegendes.com\/en\/wp-json\/wp\/v2\/types\/page"}],"author":[{"embeddable":true,"href":"https:\/\/mythslegendes.com\/en\/wp-json\/wp\/v2\/users\/1"}],"replies":[{"embeddable":true,"href":"https:\/\/mythslegendes.com\/en\/wp-json\/wp\/v2\/comments?post=4698"}],"version-history":[{"count":4,"href":"https:\/\/mythslegendes.com\/en\/wp-json\/wp\/v2\/pages\/4698\/revisions"}],"predecessor-version":[{"id":26437,"href":"https:\/\/mythslegendes.com\/en\/wp-json\/wp\/v2\/pages\/4698\/revisions\/26437"}],"wp:attachment":[{"href":"https:\/\/mythslegendes.com\/en\/wp-json\/wp\/v2\/media?parent=4698"}],"curies":[{"name":"wp","href":"https:\/\/api.w.org\/{rel}","templated":true}]}}