{"id":487,"date":"2020-06-12T14:07:52","date_gmt":"2020-06-12T13:07:52","guid":{"rendered":"https:\/\/mythslegendes.com\/?page_id=487"},"modified":"2022-12-03T22:06:54","modified_gmt":"2022-12-03T22:06:54","slug":"les-hommes-de-medb","status":"publish","type":"page","link":"https:\/\/mythslegendes.com\/en\/irish-mythology\/the-men-of-medb\/","title":{"rendered":"The Men of Medb"},"content":{"rendered":"\t\t<div data-elementor-type=\"wp-page\" data-elementor-id=\"487\" class=\"elementor elementor-487\">\n\t\t\t\t\t\t<section class=\"elementor-section elementor-top-section elementor-element elementor-element-ca17f5f elementor-section-boxed elementor-section-height-default elementor-section-height-default\" data-id=\"ca17f5f\" data-element_type=\"section\" data-e-type=\"section\">\n\t\t\t\t\t\t<div class=\"elementor-container elementor-column-gap-default\">\n\t\t\t\t\t<div class=\"elementor-column elementor-col-50 elementor-top-column elementor-element elementor-element-12ad182\" data-id=\"12ad182\" data-element_type=\"column\" data-e-type=\"column\">\n\t\t\t<div class=\"elementor-widget-wrap elementor-element-populated\">\n\t\t\t\t\t\t<div class=\"elementor-element elementor-element-4ab5e0d elementor-align-justify elementor-widget elementor-widget-button\" data-id=\"4ab5e0d\" data-element_type=\"widget\" data-e-type=\"widget\" data-widget_type=\"button.default\">\n\t\t\t\t<div class=\"elementor-widget-container\">\n\t\t\t\t\t\t\t\t\t<div class=\"elementor-button-wrapper\">\n\t\t\t\t\t<a class=\"elementor-button elementor-button-link elementor-size-sm\" href=\"https:\/\/mythslegendes.com\/mythologie-irlandaise\/\">\n\t\t\t\t\t\t<span class=\"elementor-button-content-wrapper\">\n\t\t\t\t\t\t\t\t\t<span class=\"elementor-button-text\">Mythologie irlandaise<\/span>\n\t\t\t\t\t<\/span>\n\t\t\t\t\t<\/a>\n\t\t\t\t<\/div>\n\t\t\t\t\t\t\t\t<\/div>\n\t\t\t\t<\/div>\n\t\t\t\t\t<\/div>\n\t\t<\/div>\n\t\t\t\t<div class=\"elementor-column elementor-col-50 elementor-top-column elementor-element elementor-element-dc95e66\" data-id=\"dc95e66\" data-element_type=\"column\" data-e-type=\"column\">\n\t\t\t<div class=\"elementor-widget-wrap elementor-element-populated\">\n\t\t\t\t\t\t<div class=\"elementor-element elementor-element-3c484ad elementor-align-justify elementor-widget elementor-widget-button\" data-id=\"3c484ad\" data-element_type=\"widget\" data-e-type=\"widget\" data-widget_type=\"button.default\">\n\t\t\t\t<div class=\"elementor-widget-container\">\n\t\t\t\t\t\t\t\t\t<div class=\"elementor-button-wrapper\">\n\t\t\t\t\t<a class=\"elementor-button elementor-button-link elementor-size-sm\" href=\"https:\/\/fr.wikipedia.org\/wiki\/Mythologie_celtique_irlandaise\" target=\"_blank\" rel=\"noopener\">\n\t\t\t\t\t\t<span class=\"elementor-button-content-wrapper\">\n\t\t\t\t\t\t\t\t\t<span class=\"elementor-button-text\">Wiki<\/span>\n\t\t\t\t\t<\/span>\n\t\t\t\t\t<\/a>\n\t\t\t\t<\/div>\n\t\t\t\t\t\t\t\t<\/div>\n\t\t\t\t<\/div>\n\t\t\t\t\t<\/div>\n\t\t<\/div>\n\t\t\t\t\t<\/div>\n\t\t<\/section>\n\t\t\t\t<section class=\"elementor-section elementor-top-section elementor-element elementor-element-3de563d8 elementor-section-boxed elementor-section-height-default elementor-section-height-default\" data-id=\"3de563d8\" data-element_type=\"section\" data-e-type=\"section\">\n\t\t\t\t\t\t<div class=\"elementor-container elementor-column-gap-default\">\n\t\t\t\t\t<div class=\"elementor-column elementor-col-100 elementor-top-column elementor-element elementor-element-441cb6cb\" data-id=\"441cb6cb\" data-element_type=\"column\" data-e-type=\"column\">\n\t\t\t<div class=\"elementor-widget-wrap elementor-element-populated\">\n\t\t\t\t\t\t<div class=\"elementor-element elementor-element-6f097986 elementor-widget elementor-widget-text-editor\" data-id=\"6f097986\" data-element_type=\"widget\" data-e-type=\"widget\" data-widget_type=\"text-editor.default\">\n\t\t\t\t<div class=\"elementor-widget-container\">\n\t\t\t\t\t\t\t\t\t\n<p>Voici l&rsquo;histoire des Hommes de Medb, de la <a href=\"https:\/\/mythslegendes.com\/en\/irish-mythology\/\">branche rouge<\/a> de la <a href=\"https:\/\/mythslegendes.com\/en\/\">mythologie<\/a> irlandaise.<\/p>\n<p><img decoding=\"async\" class=\"alignnone wp-image-5284 size-full\" src=\"https:\/\/mythslegendes.com\/wp-content\/uploads\/2020\/09\/AlphaOmega-e1602613368367.png\" alt=\"Hommes de Medb\" width=\"25\" height=\"26\" title=\"\"><\/p>\n<div id=\"ez-toc-container\" class=\"ez-toc-v2_0_82_2 counter-hierarchy ez-toc-counter ez-toc-grey ez-toc-container-direction\">\n<div class=\"ez-toc-title-container\">\n<p class=\"ez-toc-title\" style=\"cursor:inherit\">Contenus<\/p>\n<span class=\"ez-toc-title-toggle\"><a href=\"#\" class=\"ez-toc-pull-right ez-toc-btn ez-toc-btn-xs ez-toc-btn-default ez-toc-toggle\" aria-label=\"Toggle Table of Content\"><span class=\"ez-toc-js-icon-con\"><span class=\"\"><span class=\"eztoc-hide\" style=\"display:none;\">Toggle<\/span><span class=\"ez-toc-icon-toggle-span\"><svg style=\"fill: #999;color:#999\" xmlns=\"http:\/\/www.w3.org\/2000\/svg\" class=\"list-377408\" width=\"20px\" height=\"20px\" viewBox=\"0 0 24 24\" fill=\"none\"><path d=\"M6 6H4v2h2V6zm14 0H8v2h12V6zM4 11h2v2H4v-2zm16 0H8v2h12v-2zM4 16h2v2H4v-2zm16 0H8v2h12v-2z\" fill=\"currentColor\"><\/path><\/svg><svg style=\"fill: #999;color:#999\" class=\"arrow-unsorted-368013\" xmlns=\"http:\/\/www.w3.org\/2000\/svg\" width=\"10px\" height=\"10px\" viewBox=\"0 0 24 24\" version=\"1.2\" baseProfile=\"tiny\"><path d=\"M18.2 9.3l-6.2-6.3-6.2 6.3c-.2.2-.3.4-.3.7s.1.5.3.7c.2.2.4.3.7.3h11c.3 0 .5-.1.7-.3.2-.2.3-.5.3-.7s-.1-.5-.3-.7zM5.8 14.7l6.2 6.3 6.2-6.3c.2-.2.3-.5.3-.7s-.1-.5-.3-.7c-.2-.2-.4-.3-.7-.3h-11c-.3 0-.5.1-.7.3-.2.2-.3.5-.3.7s.1.5.3.7z\"\/><\/svg><\/span><\/span><\/span><\/a><\/span><\/div>\n<nav><ul class='ez-toc-list ez-toc-list-level-1 ' ><li class='ez-toc-page-1 ez-toc-heading-level-2'><a class=\"ez-toc-link ez-toc-heading-1\" href=\"https:\/\/mythslegendes.com\/en\/irish-mythology\/the-men-of-medb\/#Les-Hommes-de-Medb\" >Les Hommes de Medb<\/a><\/li><\/ul><\/nav><\/div>\n<h2><span class=\"ez-toc-section\" id=\"Les-Hommes-de-Medb\"><\/span>Les Hommes de Medb<span class=\"ez-toc-section-end\"><\/span><\/h2>\n<p>Un roi prit la royaut\u00e9 sur l&rsquo;Irlande en une seule fois, c&rsquo;est-\u00e0-dire Eochaid Feidlech, le fils de Finn, fils de Rogen Ruad, fils de Easamain Eammab de la lign\u00e9e de Rifad Scot de la tour de Nimrod; car c&rsquo;est de la race de Rifad Scot que proc\u00e8dent toutes les invasions de l&rsquo;Irlande except\u00e9e seulement celle de Cessair. Voici pourquoi il fut appel\u00e9 Eochaid Feidlech, c&rsquo;est parce qu&rsquo;il \u00e9tait &lsquo;feidil&rsquo; envers tous, c&rsquo;est-\u00e0-dire que ce roi \u00e9tait &lsquo;juste&rsquo; \u00e0 l&rsquo;\u00e9gard de tous.<\/p>\n\n<p>Il avait quatre fils, \u00e0 savoir, les trois Findeamnad (&lsquo;eamain&rsquo; signifiant &lsquo;une chose qui ne peut \u00eatre divis\u00e9e&rsquo;), et ils \u00e9taient n\u00e9s en m\u00eame temps, Breas, N\u00e1r, et Lothar \u00e9taient leurs noms; c&rsquo;est eux qui con\u00e7urent Lugaid Riab nDerg (Lugaid-aux-trois-raies-rouges) avec leur propre soeur la nuit pr\u00e9c\u00e9dant la Bataille de Druicriad contre leur p\u00e8re. Tous trois moururent de la main de Eochaid Feidlech; et c&rsquo;est Eoched Feidlech qui fit la requ\u00eate salutaire que jamais aucun fils ne r\u00e8gne sur l&rsquo;Irlande apr\u00e8s son p\u00e8re, et ce fut confirm\u00e9. Et [son autre fils \u00e9tait] Conall Anglonach, fils d&rsquo;Eochaid Feidlech, de qui descendent les Conailli au pays des hommes de Breagh.<\/p>\n\n<p>Ce roi, Eochaid Feidlech, avait aussi de nombreuses filles, \u00e0 savoir : \u00c9le, fille d&rsquo;Eochy, femme de Fergal mac M\u00e1gach, c&rsquo;est d&rsquo;elle que Bri Eili en Leinster tient son nom; apr\u00e8s Fergal, elle fut la femme de Sraibgend mac Niuil des Erna , et elle lui donna un fils, Mata le fils de Sraibgend, le p\u00e8re de Ailill mac Mata;<br \/>et Mumain Etanchaithrech, fille d&rsquo;Eochaid Feidlech, femme de Conchobar mac Fachtna Fathach, la m\u00e8re de Glaisne, fils de Conchobar;<br \/>et Eithne, fille d&rsquo;Eochaid Feidlech, une autre femme du m\u00eame Conchobar, m\u00e8re de Furbaide, fils de Conchobar; (voici pourquoi il fut appel\u00e9 &lsquo;Furbaide&rsquo;, c&rsquo;est parce qu&rsquo;il fut sorti par &lsquo;urbad&rsquo; ou &lsquo;c\u00e9sarienne&rsquo; de la matrice de sa m\u00e8re apr\u00e8s qu&rsquo;elle eut \u00e9t\u00e9 noy\u00e9e dans les flots de Bearramain, qu&rsquo;on nomme Eithne maintenant, et c&rsquo;est d&rsquo;elle que la rivi\u00e8re tient son nom, \u00e0 savoir Eithne. Et Diarmaid fut le (premier) nom de Furbaide;<br \/>et Clothra, fille d&rsquo;Eochaid Feidlech, m\u00e8re de Cormac Conlongas, fils de Conchobar (ou bien Nessa, fille de Eochaid Sulbaide fut la m\u00e8re de Cormac Conlongas);<br \/>et Derbriu, fille d&rsquo;Eochaid Feidlech, de qui furent (nomm\u00e9s) les porcs de Derbriu;<br \/>et Medb de Cruachan, fille d&rsquo;Eochaid Feidlech, une autre des femmes de Conchobar, m\u00e8re de Amalgad, fils de Conchobar, si bien que Conchobar fut le premier \u00e9poux de Medb, et Medb abandonna Conchobar par esprit d&rsquo;orgueil, et elle vint \u00e0 tara, o\u00f9 se trouvait le Haut-Roi d&rsquo;Irlande.<\/p>\n\n<p>La raison pour laquelle le Haut-Roi d&rsquo;Irlande donna ses filles \u00e0 Conchobar est que c&rsquo;\u00e9tait par lui, Eochaid Feidlech, que Fachtna Fatnach \u00e9tait tomb\u00e9 dans la bataille de Lettir Ruad en Corann, si bien que c&rsquo;\u00e9tait comme &lsquo;eric&rsquo; [prix du sang] qu&rsquo;elles revenaient \u00e0 Conchobar, de m\u00eame que la royaut\u00e9 d&rsquo;Ulster qu&rsquo;il prit de force au Clan de Rudraidhe : et la premi\u00e8re cause de l&rsquo;effervescence de la Razzia des vaches de Cooley fut que Medb quitta Conchobar contre sa volont\u00e9.<br \/>Tindi, le fils de Conrachch Cas, des Fir Domnain, \u00e9tait roi du Connaught \u00e0 cette \u00e9poque, et Eochaid Dala et Fidig mac Feicc, des Gamanrad, revendiquaient leurs droits \u00e0 la royaut\u00e9.<\/p>\n\n<p>Fidig mac Feicc alla \u00e0 Tara pour gagner les rois \u00e0 sa cause, et il demanda \u00e0 Medb son soutien. Tindi, fils de Conrachch, eut vent de cette affaire, et attendit Fideic en embuscade. Ils se rencontr\u00e8rent sur le cours de la Shannon, et les enfant de Conrachch et Monodar, fils de Conrachch, tu\u00e8rent Fidig, ce fut la premi\u00e8re cause de la guerre entre les enfants de Conrach et les Gamanrad. Eochaid Feidlech commit une injustice \u00e0 l&rsquo;encontre de Tindi, il le chassa dans les solitudes du Connaught, et il pla\u00e7a Medb sur le tr\u00f4ne de Cruachan. Il arriva, cependant, que Tindi fut un invit\u00e9 (?) de Medb pendant une longue p\u00e9riode apr\u00e8s cela, si bien que c&rsquo;\u00e9tait \u00e0 Cruachan, aupr\u00e8s de Medb, que se tenaient les f\u00eates d&rsquo;Irlande, et les fils des rois d&rsquo;Irlande \u00e9taient aupr\u00e8s de Medb pour voir s&rsquo;ils pourraient partir en guerre contre la province de Conchobar. (Parmi eux) vinrent Sraibgend mac Niuil des Erna, et son fils, Mata mac Sraibgend, pour voir s&rsquo;ils pourraient mener la guerre contre Conchobar en raison de la rancune qui \u00e9tait entre eux.<\/p>\n\n<p>Les festivit\u00e9s de Tara furent tenues par Eochaid Feidlech, avec les provinces d&rsquo;Irlande autour de lui, except\u00e9s Medb et Tindi. Les hommes d&rsquo;Irlande pri\u00e8rent Eochaid de faire venir Medb \u00e0 l&rsquo;assembl\u00e9e. Eochaid envoya Searbluath, sa messag\u00e8re, \u00e0 Cruachan pour (inviter) Medb. Medb se rendit le lendemain \u00e0 Tara, et les courses (de chevaux) eurent lieu pendant un mois et une quinzaine de jours. Apr\u00e8s cela, les hommes d&rsquo;Irlande se dispers\u00e8rent.<\/p>\n\n<p>Conchobar resta apr\u00e8s les autres \u00e0 la f\u00eate, surveillant Medb, et un jour que Medb se rendit \u00e0 la Boyne pour se baigner, Conchobar vint \u00e0 sa rencontre, la ma\u00eetrisa et la viola.<\/p>\n\n<p>Lorsque le r\u00e9cit en fut rapport\u00e9 \u00e0 Tara, les rois d&rsquo;Irlande prirent les armes et quitt\u00e8rent Tara, Tindi mac Conrachch et Eochaid Dala (\u00e9taient) avec eux. Une autre version dit que Eochaid Dala avait \u00e9t\u00e9 tu\u00e9 par Tindi avant cela (au cours d&rsquo;une dispute) pour la royaut\u00e9, mais ce n&rsquo;est pas la v\u00e9rit\u00e9.<\/p>\n\n<p>Les banni\u00e8res du roi d&rsquo;Irlande furent lev\u00e9es pour attaquer le roi d&rsquo;Ulster, et Tindi, le fils de Conrach, d\u00e9fia Conchobar au combat. Conchobar l&rsquo;accepta; et Monodar M\u00f2r, fils de Conla et fr\u00e8re de Tindi, qui se trouvait \u00e0 ce moment-l\u00e0 avec Conchobar, fut demand\u00e9 comme t\u00e9moin de Tindi. Il dit qu&rsquo;il le ferait. Ce fut un combat entre champions; Tindi tomba dans le combat, et tous dire \u00ab\u00a0Heureux est le fait\u00a0\u00bb; et le Druide dit \u00ab\u00a0mac Ceacht sera son nom d\u00e9sormais\u00a0\u00bb; c&rsquo;est pourquoi il est appel\u00e9 \u00ab\u00a0Mac Eacht\u00a0\u00bb.<\/p>\n\n<p>Conchobar gagna la Bataille de la Boyne contre Eochaid Feidlech; et Sraibgend mac Niuil et son fils tomb\u00e8rent l\u00e0, au cours du combat. Eochaid Dala prit la t\u00eate de l&rsquo;arm\u00e9e \u00e0 travers Meath, par del\u00e0 les eaux vertes du Shannon, et conduisit Medb et ceux du Connaught en s\u00e9curit\u00e9 \u00e0 force de combat, si bien qu&rsquo;il ne fut pas affront\u00e9, de la Boyne au Shannon.<\/p>\n\n<p>Les Fir Domnain, les Dal n-Druithni et les Firchraibi, d&rsquo;o\u00f9 \u00e9tait issu Eochaid Dala, vinrent \u00e0 Cruachan apr\u00e8s le meurtre de Tindi, le fils de Conrach Cas, car bien qu&rsquo;ils aient \u00e9t\u00e9 trois tribus par leurs divisions, ils n&rsquo;en formaient qu&rsquo;une \u00e0 l&rsquo;origine, \u00e0 savoir les enfants de Genand; fils de Dil(?), fils de Loch, et ils \u00e9taient de la race des Firbolg.<\/p>\n\n<p>Leur conseil fut d&rsquo;attribuer la royaut\u00e9 du Connaught \u00e0 Eochaid Dala avec le consentement de Medb. Medb y consentit \u00e0 condition qu&rsquo;il se marie avec elle, et qu&rsquo;il ne fasse jamais preuve de jalousie, de peur ou d&rsquo;avarice, car c&rsquo;\u00e9tait une geis pour elle que d&rsquo;\u00e9pouser un homme ayant ces trois d\u00e9fauts. Eochaid Dala fut alors couronn\u00e9, et r\u00e9sida un moment \u00e0 Cruachan, comme \u00e9poux de Medb.<\/p>\n\n<p>C&rsquo;est alors que Ailill, le fils de Mata, fils de Sraibgend des Erna, vint \u00e0 Cruachan. Ailill \u00e9tait alors un enfant, et les autres enfants de Sraibgend \u00e9taient avec lui pour \u00eatre \u00e9lev\u00e9s par Medb, car Medb \u00e9tait de leur famille, en effet, \u00c9le, fille de Eochaid Feidlech \u00e9tait leur grand-m\u00e8re.<\/p>\n\n<p>Ailill fut \u00e9lev\u00e9 \u00e0 Cruachan jusqu&rsquo;\u00e0 ce qu&rsquo;il soit un grand et intr\u00e9pide guerrier dans les guerres et les batailles, et une tour de soutien dans le combat contre Conchobar, d\u00e9fendant la province de Medb, si bien qu&rsquo;il devint le chef de la garde de Medb apr\u00e8s cela.<\/p>\n\n<p>Medb l&rsquo;aimait pour ses qualit\u00e9s et il s&rsquo;unit \u00e0 elle, et il devint son amant \u00e0 la place de Eochaid Dala. Eochaid Dala en fut jaloux, et tous les Fir Domnain partag\u00e8rent sa jalousie par amiti\u00e9, si bien qu&rsquo;ils song\u00e8rent \u00e0 bannir Ailill, et tous les Erna qui \u00e9taient avec lui, hors du Connaught. Mais Medb ne permit pas que cela se produise car elle aimait davantage Ailill que Eochaid.<\/p>\n\n<p>Lorsque Eochaid s&rsquo;aper\u00e7ut de la pr\u00e9f\u00e9rence de Medb, il provoqua Ailill en combat pour le royaume et pour sa femme. Ils combattirent f\u00e9rocement, et Eochaid Dala fut tu\u00e9 par Ailill mac Mata du fait des artifices (?) de Medb.<\/p>\n\n<p>Ailill assuma la royaut\u00e9 du Connaught \u00e0 partir de ce moment, avec le consentement de Medb, et c&rsquo;est lui qui \u00e9tait roi du Connaught au temps du couronnement de Conaire M\u00f2r, et au commencement de la Razzia contre les Ulates.<\/p>\n\n<p>C&rsquo;est de Ailill que Medb con\u00e7ut les Maines, et Maine n&rsquo;\u00e9tait pas leur premier nom, mais ainsi :<br \/>Feidlimid, c&rsquo;est-\u00e0-dire Maine Aithreamail,<br \/>Cairpri, Maine Maithreamail,<br \/>et Eochaid, Maine Andoe,<br \/>et Fergus, Maine tai,<br \/>et Ceat, Maine (M)or(g)or,<br \/>et Sin, Maine Milscothach,<br \/>et Daire, Maine Mo-epert.<\/p>\n\n<p>Pourquoi \u00e9taient-ils appel\u00e9s les Maines. Ce n&rsquo;est pas difficile. Un jour que Medb \u00e9tait \u00e0 l&rsquo;assembl\u00e9 de Cluitheamnach pr\u00e9parant la bataille de Findchorad contre Conchobar, elle parla \u00e0 son druide, \u00ab\u00a0Par lequel de mes enfants Conchobar sera-t-il tu\u00e9 ?\u00a0\u00bb dit-elle. \u00ab\u00a0Tu ne les as pas encore enfant\u00e9s, \u00e0 moins qu&rsquo;ils ne soient rebaptis\u00e9s\u00a0\u00bb, dit le druide. \u00ab\u00a0En tout cas, c&rsquo;est par Maine qu&rsquo;il tombera.\u00a0\u00bb<\/p>\n\n<p>Et c&rsquo;est pour cette raison qu&rsquo;elle appela chacun de ses fils Maine, dans l&rsquo;espoir qu&rsquo;il viendrait \u00e0 tuer Conchobar, et ces surnoms rempla\u00e7\u00e8rent leurs vrais noms. Medb pensait que le druide parlait de Conchobar, fils de Fachtna Fathach. Ce n&rsquo;\u00e9tait pas lui, en fait, mais Conchobar, fils d&rsquo;Arthur, fils de Bruide, fils de Dongal, le fils du roi d&rsquo;Ecosse, par-del\u00e0 la mer. C&rsquo;est lui qui fut tu\u00e9 par Maine Andai, fils d&rsquo;Ailill et de Medb.<\/p>\n\t\t\t\t\t\t\t\t<\/div>\n\t\t\t\t<\/div>\n\t\t\t\t\t<\/div>\n\t\t<\/div>\n\t\t\t\t\t<\/div>\n\t\t<\/section>\n\t\t\t\t<\/div>\n\t\t","protected":false},"excerpt":{"rendered":"<p>Irish Mythology Wiki This is the story of the Men of Medb, from the red branch of Irish mythology. The Men of\u2026 <\/p>","protected":false},"author":1,"featured_media":0,"parent":439,"menu_order":0,"comment_status":"closed","ping_status":"closed","template":"","meta":{"footnotes":""},"class_list":["post-487","page","type-page","status-publish","hentry"],"amp_enabled":true,"_links":{"self":[{"href":"https:\/\/mythslegendes.com\/en\/wp-json\/wp\/v2\/pages\/487","targetHints":{"allow":["GET"]}}],"collection":[{"href":"https:\/\/mythslegendes.com\/en\/wp-json\/wp\/v2\/pages"}],"about":[{"href":"https:\/\/mythslegendes.com\/en\/wp-json\/wp\/v2\/types\/page"}],"author":[{"embeddable":true,"href":"https:\/\/mythslegendes.com\/en\/wp-json\/wp\/v2\/users\/1"}],"replies":[{"embeddable":true,"href":"https:\/\/mythslegendes.com\/en\/wp-json\/wp\/v2\/comments?post=487"}],"version-history":[{"count":1,"href":"https:\/\/mythslegendes.com\/en\/wp-json\/wp\/v2\/pages\/487\/revisions"}],"predecessor-version":[{"id":24525,"href":"https:\/\/mythslegendes.com\/en\/wp-json\/wp\/v2\/pages\/487\/revisions\/24525"}],"up":[{"embeddable":true,"href":"https:\/\/mythslegendes.com\/en\/wp-json\/wp\/v2\/pages\/439"}],"wp:attachment":[{"href":"https:\/\/mythslegendes.com\/en\/wp-json\/wp\/v2\/media?parent=487"}],"curies":[{"name":"wp","href":"https:\/\/api.w.org\/{rel}","templated":true}]}}