{"id":490,"date":"2020-06-12T14:22:08","date_gmt":"2020-06-12T13:22:08","guid":{"rendered":"https:\/\/mythslegendes.com\/?page_id=490"},"modified":"2022-12-03T22:06:54","modified_gmt":"2022-12-03T22:06:54","slug":"la-courtise-demer","status":"publish","type":"page","link":"https:\/\/mythslegendes.com\/en\/irish-mythology\/la-courtise-demer\/","title":{"rendered":"The Court of Emer"},"content":{"rendered":"\t\t<div data-elementor-type=\"wp-page\" data-elementor-id=\"490\" class=\"elementor elementor-490\">\n\t\t\t\t\t\t<section class=\"elementor-section elementor-top-section elementor-element elementor-element-c0ec9e1 elementor-section-boxed elementor-section-height-default elementor-section-height-default\" data-id=\"c0ec9e1\" data-element_type=\"section\" data-e-type=\"section\">\n\t\t\t\t\t\t<div class=\"elementor-container elementor-column-gap-default\">\n\t\t\t\t\t<div class=\"elementor-column elementor-col-50 elementor-top-column elementor-element elementor-element-f366c9c\" data-id=\"f366c9c\" data-element_type=\"column\" data-e-type=\"column\">\n\t\t\t<div class=\"elementor-widget-wrap elementor-element-populated\">\n\t\t\t\t\t\t<div class=\"elementor-element elementor-element-5a72f4a elementor-align-justify elementor-widget elementor-widget-button\" data-id=\"5a72f4a\" data-element_type=\"widget\" data-e-type=\"widget\" data-widget_type=\"button.default\">\n\t\t\t\t<div class=\"elementor-widget-container\">\n\t\t\t\t\t\t\t\t\t<div class=\"elementor-button-wrapper\">\n\t\t\t\t\t<a class=\"elementor-button elementor-button-link elementor-size-sm\" href=\"https:\/\/mythslegendes.com\/mythologie-irlandaise\/\">\n\t\t\t\t\t\t<span class=\"elementor-button-content-wrapper\">\n\t\t\t\t\t\t\t\t\t<span class=\"elementor-button-text\">Mythologie irlandaise<\/span>\n\t\t\t\t\t<\/span>\n\t\t\t\t\t<\/a>\n\t\t\t\t<\/div>\n\t\t\t\t\t\t\t\t<\/div>\n\t\t\t\t<\/div>\n\t\t\t\t\t<\/div>\n\t\t<\/div>\n\t\t\t\t<div class=\"elementor-column elementor-col-50 elementor-top-column elementor-element elementor-element-c67f73e\" data-id=\"c67f73e\" data-element_type=\"column\" data-e-type=\"column\">\n\t\t\t<div class=\"elementor-widget-wrap elementor-element-populated\">\n\t\t\t\t\t\t<div class=\"elementor-element elementor-element-d05ba27 elementor-align-justify elementor-widget elementor-widget-button\" data-id=\"d05ba27\" data-element_type=\"widget\" data-e-type=\"widget\" data-widget_type=\"button.default\">\n\t\t\t\t<div class=\"elementor-widget-container\">\n\t\t\t\t\t\t\t\t\t<div class=\"elementor-button-wrapper\">\n\t\t\t\t\t<a class=\"elementor-button elementor-button-link elementor-size-sm\" href=\"https:\/\/fr.wikipedia.org\/wiki\/Mythologie_celtique_irlandaise\" target=\"_blank\" rel=\"noopener\">\n\t\t\t\t\t\t<span class=\"elementor-button-content-wrapper\">\n\t\t\t\t\t\t\t\t\t<span class=\"elementor-button-text\">Wiki<\/span>\n\t\t\t\t\t<\/span>\n\t\t\t\t\t<\/a>\n\t\t\t\t<\/div>\n\t\t\t\t\t\t\t\t<\/div>\n\t\t\t\t<\/div>\n\t\t\t\t\t<\/div>\n\t\t<\/div>\n\t\t\t\t\t<\/div>\n\t\t<\/section>\n\t\t\t\t<section class=\"elementor-section elementor-top-section elementor-element elementor-element-4e6eda5f elementor-section-boxed elementor-section-height-default elementor-section-height-default\" data-id=\"4e6eda5f\" data-element_type=\"section\" data-e-type=\"section\">\n\t\t\t\t\t\t<div class=\"elementor-container elementor-column-gap-default\">\n\t\t\t\t\t<div class=\"elementor-column elementor-col-100 elementor-top-column elementor-element elementor-element-488897d\" data-id=\"488897d\" data-element_type=\"column\" data-e-type=\"column\">\n\t\t\t<div class=\"elementor-widget-wrap elementor-element-populated\">\n\t\t\t\t\t\t<div class=\"elementor-element elementor-element-5ee76d80 elementor-widget elementor-widget-text-editor\" data-id=\"5ee76d80\" data-element_type=\"widget\" data-e-type=\"widget\" data-widget_type=\"text-editor.default\">\n\t\t\t\t<div class=\"elementor-widget-container\">\n\t\t\t\t\t\t\t\t\t\n<p>Voici l&rsquo;histoire de La courtise d&rsquo;Emer, de la <a href=\"https:\/\/mythslegendes.com\/en\/irish-mythology\/\">branche rouge<\/a> de la <a href=\"https:\/\/mythslegendes.com\/en\/\">mythologie<\/a> irlandaise.<\/p>\n<p><img decoding=\"async\" class=\"alignnone wp-image-5284 size-full\" src=\"https:\/\/mythslegendes.com\/wp-content\/uploads\/2020\/09\/AlphaOmega-e1602613368367.png\" alt=\"La courtise d&#039;Emer\" width=\"25\" height=\"26\" title=\"\"><\/p>\n<div id=\"ez-toc-container\" class=\"ez-toc-v2_0_82_2 counter-hierarchy ez-toc-counter ez-toc-grey ez-toc-container-direction\">\n<div class=\"ez-toc-title-container\">\n<p class=\"ez-toc-title\" style=\"cursor:inherit\">Contenus<\/p>\n<span class=\"ez-toc-title-toggle\"><a href=\"#\" class=\"ez-toc-pull-right ez-toc-btn ez-toc-btn-xs ez-toc-btn-default ez-toc-toggle\" aria-label=\"Toggle Table of Content\"><span class=\"ez-toc-js-icon-con\"><span class=\"\"><span class=\"eztoc-hide\" style=\"display:none;\">Toggle<\/span><span class=\"ez-toc-icon-toggle-span\"><svg style=\"fill: #999;color:#999\" xmlns=\"http:\/\/www.w3.org\/2000\/svg\" class=\"list-377408\" width=\"20px\" height=\"20px\" viewBox=\"0 0 24 24\" fill=\"none\"><path d=\"M6 6H4v2h2V6zm14 0H8v2h12V6zM4 11h2v2H4v-2zm16 0H8v2h12v-2zM4 16h2v2H4v-2zm16 0H8v2h12v-2z\" fill=\"currentColor\"><\/path><\/svg><svg style=\"fill: #999;color:#999\" class=\"arrow-unsorted-368013\" xmlns=\"http:\/\/www.w3.org\/2000\/svg\" width=\"10px\" height=\"10px\" viewBox=\"0 0 24 24\" version=\"1.2\" baseProfile=\"tiny\"><path d=\"M18.2 9.3l-6.2-6.3-6.2 6.3c-.2.2-.3.4-.3.7s.1.5.3.7c.2.2.4.3.7.3h11c.3 0 .5-.1.7-.3.2-.2.3-.5.3-.7s-.1-.5-.3-.7zM5.8 14.7l6.2 6.3 6.2-6.3c.2-.2.3-.5.3-.7s-.1-.5-.3-.7c-.2-.2-.4-.3-.7-.3h-11c-.3 0-.5.1-.7.3-.2.2-.3.5-.3.7s.1.5.3.7z\"\/><\/svg><\/span><\/span><\/span><\/a><\/span><\/div>\n<nav><ul class='ez-toc-list ez-toc-list-level-1 ' ><li class='ez-toc-page-1 ez-toc-heading-level-2'><a class=\"ez-toc-link ez-toc-heading-1\" href=\"https:\/\/mythslegendes.com\/en\/irish-mythology\/la-courtise-demer\/#La-courtise-dEmer\" >La courtise d&rsquo;Emer<\/a><\/li><\/ul><\/nav><\/div>\n<h2><span class=\"ez-toc-section\" id=\"La-courtise-dEmer\"><\/span>La courtise d&rsquo;Emer<span class=\"ez-toc-section-end\"><\/span><\/h2>\n<p>C\u00fbchulainn, tout jeune, avait \u00e0 la cour de Conchobar, dans le ch\u00e2teau royal d&rsquo;Emain-Macha, un si grand succ\u00e8s, que les autres guerriers, craignant pour la vertu de leurs femmes et de leurs filles, reconnurent la n\u00e9cessit\u00e9 de le marier. Le roi donc envoya neuf hommes dans chaque province de l&rsquo;Irlande, pour chercher une femme au brillant h\u00e9ros. Au bout d&rsquo;un an, ces messagers revinrent, et tous d\u00e9clar\u00e8rent qu&rsquo;ils n&rsquo;avaient pas trouve \u00e0 C\u00fbchulainn une compagne digne de lui. Alors celui-ci fit atteler ses deux chevaux \u00e0 son char et partit avec son cocher Loeg, fils de Riangabair. Il alla au ch\u00e2teau de Luglochta-Loga, qui appartenait \u00e0 Forgall le rus\u00e9; il voulait faire sa cour \u00e0 Emer, fille de Forgall; il la trouva dans une nombreuse r\u00e9union de jeunes filles. Emer et les autres \u00e9taient occup\u00e9es de travaux \u00e0 l&rsquo;aiguille. Il eut avec Emer une longue conversation entrem\u00eal\u00e9e de mots savants qu&rsquo;Emer, fille fort instruite, comprenait fort bien; mais le sens de leur conversation \u00e9chappait aux autres. Forgall \u00e9tait absent. De retour, au r\u00e9cit qu&rsquo;on lui f\u00eet, il devina tout de suite de quoi il s&rsquo;agissait.<\/p>\n\n<p>Les filles racont\u00e8rent aux seigneurs comment le guerrier \u00e9tait venu dans un char si beau; les seigneurs r\u00e9p\u00e9t\u00e8rent \u00e0 Forgall le Rus\u00e9, leur chef, tout ce qu&rsquo;Emer avait dit au guerrier. \u00ab Vraiment, \u00bb dit Forgall , \u00ab c&rsquo;est le grimacier d&rsquo;Emain-Macha ; il est venu parler \u00e0 Emer, ma fille, et Emer est devenue amoureuse de lui; voil\u00e0 pourquoi elle a caus\u00e9 avec lui , mais cela ne servira de rien au galant, je l&#8217;emp\u00eacherai d&rsquo;avoir avec ma fille une nouvelle entrevue. \u00bb Ensuite, Forgall le Rus\u00e9 se rendit \u00e0 Emain-Macha , il \u00e9tait habill\u00e9 \u00e0 la gauloise , il dit qu&rsquo;il \u00e9tait ambassadeur du roi des <a href=\"https:\/\/mythslegendes.com\/en\/gallic-mythology\/\">Gaulois<\/a> , qu&rsquo;il venait parler \u00e0 Conchobar , roi d&rsquo;Ulster, et lui demander s&rsquo;il voudrait bien accepter de l&rsquo;or et du vin des Gaulois. Conchobar lui fit bon accueil; Forgall avait amen\u00e9 deux compagnons; quand, le troisi\u00e8me jour, il les eut cong\u00e9di\u00e9s, on vanta devant lui C\u00fbchulainn et les autres guerriers d&rsquo;Ulster qui combattaient en char; il r\u00e9pondit que l&rsquo;\u00e9loge \u00e9tait l\u00e9gitime, que ces guerriers \u00e9taient admirables, que, cependant, si C\u00fbchulainn allait trouver Domnall le belliqueux en Albion, il serait encore bien plus digne d&rsquo;admiration. Forgall proposait cela dans l&rsquo;esp\u00e9rance qu&rsquo;une fois en Albion C\u00fbchulainn ne reviendrait pas. Forgall ne partit d&rsquo;Emain-Macha qu&rsquo;apr\u00e8s \u00eatre venu \u00e0 bout d&rsquo;imposer sa volont\u00e9 et le voyage d&rsquo;Albion \u00e0 C\u00fbchulainn.<\/p>\n\n<p>C\u00fbchulainn partit donc, Lo\u00e9gair\u00e9 le vainqueur et Conchobar, roi d&rsquo;Ulster, l&rsquo;accompagnaient : C\u00fbchulainn, traversant Brega , alla faire visite \u00e0 Emer; celle-ci eut un entretien avec lui au moment o\u00f9 il entrait dans le navire ; chacun des deux promit \u00e0 l&rsquo;autre de lui \u00eatre fid\u00e8le jusqu&rsquo;au jour o\u00f9 ils se reverraient. Les trois guerriers arriv\u00e9s en Albion, chez Domnall le Belliqueux, apprirent de lui un premier tour d&rsquo;adresse : ce tour consistait \u00e0 se coucher sur une pierre plate, o\u00f9 \u00e9tait perc\u00e9 un petit trou , et \u00e0 souffler dans ce trou de mani\u00e8re \u00e0 gonfler quatre outres ; les trois guerriers n&rsquo;y parvenaient qu&rsquo;apr\u00e8s tant d&rsquo;efforts que la plante de leurs pieds en devenait noire ou bleue. Un autre tour se faisait sur une lance, en haut de laquelle chacun des trois guerriers montait, il se tenait sur la pointe de la lance et posait sur cette pointe la plante de son pied.<\/p>\n\n<p>La fille de Domnall devint amoureuse de C\u00fbchulainn , elle s&rsquo;appelait Poing Sublime \u00e0 la Sublime Poign\u00e9e, elle avait de grands genoux, les talons devant, la pointe du pied derri\u00e8re ; de figure, elle \u00e9tait laide, C\u00fbchulainn dit non, elle se promit d&rsquo;en tirer une belle vengeance. [Voici quelle fut cette vengeance :]<\/p>\n\n<p>Domnall dit qu&rsquo;on ne reconna\u00eetrait pas \u00e0 C\u00fbchulainn une instruction suffisante tant qu&rsquo;il ne serait pas all\u00e9 trouver Scathach qui habitait en Albion au levant. Les trois guerriers se mirent donc en route, C\u00fbchulainn, Conchobar, roi d&rsquo;Ulster, et Lo\u00e9gair\u00e9 le vainqueur travers\u00e8rent Albion ; mais alors l&rsquo;image d&rsquo;Emain-Macha, capitale de l&rsquo;Ulster, apparut devant leurs yeux , Conchobar et Lo\u00e9gair\u00e9 n&rsquo;eurent pas le courage d&rsquo;aller plus loin; C\u00fbchulainn consentit \u00e0 se s\u00e9parer d&rsquo;eux, il ne put repousser cette \u00e9preuve, ses efforts pour l&rsquo;\u00e9viter furent inutiles, .car la fille de Domnall avait la puissance des f\u00e9es et c&rsquo;\u00e9tait elle qui \u00e9tait la cause du mal, [c&rsquo;\u00e9tait elle qui avait fait appara\u00eetre Emain M\u00e2cha devant leurs yeux,] c&rsquo;\u00e9tait elle qui s\u00e9parait de lui ses compagnons.<\/p>\n\n<p>Ce fut donc en traversant Albion qu&rsquo;il eut le chagrin de leur d\u00e9part; quand il les vit s&rsquo;en aller, il s&rsquo;arr\u00eata; alors une b\u00eate terrible semblable \u00e0 un lion vint l&rsquo;attaquer; elle ne lui fit point de mal, mais des jeunes gens [qui regardaient] s&rsquo;en amus\u00e8rent m\u00e9chamment et se moqu\u00e8rent de lui ; le quatri\u00e8me jour, la b\u00eate le quitta; alors il rencontra une maison dans la vall\u00e9e, il y trouva une jeune fille, elle lui adressa la parole et lui souhaita la bienvenue; il lui demanda o\u00f9 elle l&rsquo;avait connu : \u00ab\u00c2\u00a0Nous avons \u00e9t\u00e9, \u00bb lui r\u00e9pondit-elle , \u00ab \u00e9l\u00e8ves ensemble chez le petit Wolf le Saxon, quand tous deux chez lui nous apprenions \u00e0 parler l&rsquo;harmonieux langage. \u00bb<\/p>\n\n<p>Il rencontra ensuite un guerrier, et celui-ci lui souhaita de m\u00eame la bienvenue, ce fut celui-ci qui lui enseigna le moyen de traverser la Plaine de Malheur qui \u00e9tait devant lui : dans une moiti\u00e9 de cette plaine, les hommes gelaient ; dans l&rsquo;autre moiti\u00e9, l&rsquo;herbe \u00e9tait si \u00e9paisse qu&rsquo;elle portait les gens. C\u00fbchulainn re\u00e7ut du guerrier une roue : il devait traverser la plaine comme cette roue afin de ne pas geler ; le guerrier lui donna aussi une pomme : C\u00fbchulainn devait aller sur le sol comme irait cette pomme.<\/p>\n\n<p>C\u00fbchulainn \u00e9chappa donc aux dangers de la plaine qu&rsquo;il trouva devant lui apr\u00e8s avoir quitt\u00e9 le guerrier ; celui-ci l&rsquo;avait pr\u00e9venu qu&rsquo;il rencontrerait une vall\u00e9e, que dans cette vall\u00e9e il trouverait un chemin \u00e9troit et que c&rsquo;\u00e9tait la route qui menait \u00e0 la maison de Scathach; cette maison \u00e9tait sur un rocher d&rsquo;une hauteur effrayante.<\/p>\n\n<p>C\u00fbchulainn suivit la route indiqu\u00e9e, il arriva au ch\u00e2teau de Scathach, il frappa \u00e0 la porte avec la hampe de sa lance et entra. Uathach, c&rsquo;est-\u00e0-dire \u00ab terrible \u00bb, fille de Scathach, se pr\u00e9senta \u00e0 lui, elle le regarda, elle ne lui parla point, tant la beaut\u00e9 du guerrier lui avait inspir\u00e9 d&rsquo;amour ! Elle retourna pr\u00e8s de sa m\u00e8re et lui vanta les charmes du nouveau venu. \u00ab Cet homme t&rsquo;a plu? \u00bb lui dit sa m\u00e8re. \u00ab Il vient dans mon lit, \u00bb r\u00e9pondit la jeune fille, \u00ab et je dors \u00e0 ses c\u00f4t\u00e9s cette nuit. \u00bb \u00ab Ton projet ne me d\u00e9pla\u00eet pas, \u00bb dit la m\u00e8re.<\/p>\n\n<p>Uathach donna \u00e0 C\u00fbchulainn de l&rsquo;eau pour se laver, lui apporta \u00e0 manger, lui fit le meilleur accueil, elle s&rsquo;\u00e9tait d\u00e9guis\u00e9e en valet pour le servir. C\u00fbchulainn la frappa et lui cassa un doigt. Uathach jeta un cri. Tous les habitants du ch\u00e2teau accoururent \u00e0 son aide. Cochor Cruf\u00e9 , le fort soldat de Scathach , se leva contre C\u00fbchulainn ; C\u00fbchulainn et lui se battirent, Cochor Cruf\u00e9 succomba.<\/p>\n\n<p>Scathach fut attrist\u00e9e par sa mort. C\u00fbchulainn lui dit qu&rsquo;il ferait le service du fort soldat qu&rsquo;elle avait perdu.<\/p>\n\n<p>Uathach donna un conseil \u00e0 C\u00fbchulainn, le troisi\u00e8me jour : \u00ab Puisque c&rsquo;est pour apprendre l&rsquo;art des guerriers que tu es venu, il faut que tu ailles trouver Scathach dans l&rsquo;endroit o\u00f9 elle est, l\u00e0 o\u00f9 elle donne l&rsquo;instruction \u00e0 Cuar et \u00e0 Cet, ses deux fils. En faisant le saut guerrier du saumon, tu arriveras au grand buisson d&rsquo;if, sous lequel elle se trouve. En ce moment elle dort; tu lui mettras l&rsquo;\u00e9p\u00e9e entre les deux mamelles, et tu exigeras qu&rsquo;elle te promette les trois choses que tu lui demanderas. Voici ces trois choses : elle t&rsquo;enseignera l&rsquo;art des guerriers compl\u00e8tement, sans rien te cacher; elle me donnera en mariage \u00e0 toi, C\u00fbchulainn, en sorte que tu me feras le cadeau de noces que tu me devras ; enfin elle te pr\u00e9dira ce qui t&rsquo;arrivera, car elle sait l&rsquo;avenir. \u00bb<\/p>\n\n<p>Tout se passa comme Uathach avait dit.<\/p>\n\n<p>Tandis qu&rsquo;en Albion C\u00fbchulainn habitait chez Scathach, o\u00f9 il \u00e9tait le mari de Uathach, sa fille, [voici ce qui arriva en <a href=\"https:\/\/mythslegendes.com\/en\/irish-mythology\/\">Irlande<\/a>] : Un guerrier merveilleux de Munster, le roi Lugaid Noes, fils d&rsquo;Alamacc, venant de la r\u00e9gion occidentale de. l&rsquo;\u00eele, vint \u00e0 Tara, capitale de l&rsquo;Irlande, avec douze nobles de Munster, pour demander en mariage les douze filles du roi de Tara, Cairpr\u00e9 Niafer [monarque supr\u00eame d&rsquo;Irlande]. Toutes les douze filles avaient \u00e9t\u00e9 fianc\u00e9es avant que ces pr\u00e9tendants ne se pr\u00e9sentassent. Forgall le Rus\u00e9 entendit parler de la d\u00e9marche de Lugaid Noes; il se rendit \u00e0 Tara, promit de donner sa fille Emer au roi Lugaid Noes, et douze filles de ses riches vassaux aux douze nobles de Munster.<\/p>\n\n<p>Le roi Lugaid Noes arriva chez Forgall pour la c\u00e9l\u00e9bration des noces. On lui amena Emer, et on la fit asseoir \u00e0 c\u00f4t\u00e9 de lui sur le banc o\u00f9 il \u00e9tait. Mais elle se cacha la figure dans les mains ; et, prenant son honneur \u00e0 t\u00e9moin, lui avoua que c&rsquo;\u00e9tait C\u00fbchulainn qu&rsquo;elle aimait. Le roi Lugaid Noes n&rsquo;osa pas l&rsquo;\u00e9pouser et partit.<\/p>\n\n<p>Pendant ce temps-l\u00e0 [en Albion], Scathach eut la guerre avec d&rsquo;autres peuples sur lesquels r\u00e9gnait une femme appel\u00e9e A\u00efff\u00e9. Scathach d\u00e9sirant tenir C\u00fbchulainn prisonnier chez elle, lui donna un breuvage qui l&rsquo;endormit; elle ne voulait pas qu&rsquo;il all\u00e2t \u00e0 la guerre, elle craignait qu&rsquo;il ne lui arriv\u00e2t malheur, c&rsquo;\u00e9tait une pr\u00e9caution bienveillante. Mais C\u00fbchulainn se r\u00e9veilla tr\u00e8s vite. Le breuvage soporifique qu&rsquo;elle lui avait donn\u00e9 aurait fait dormir tout autre pendant vingt-quatre heures; pour lui le sommeil dura une heure seulement.<\/p>\n\n<p>Avec les deux fils de Scathach , il alla \u00e0 la rencontre de Cuar, Cet et Cruffe, les trois guerriers d&rsquo;A\u00efff\u00e9; seul il combattit [et vainquit] les trois.<\/p>\n\n<p>Le lendemain , encore accompagn\u00e9 des deux fils de Scathach, il attaqua les trois fils d&rsquo;une femme appel\u00e9e E\u00efss Enchend; c&rsquo;\u00e9taient Ciri, Biri, et Bailcn\u00e9, tous trois guerriers d&rsquo;A\u00efff\u00e9 , comme les pr\u00e9c\u00e9dents. Scathach poussait des soupirs continuels, elle ne savait ce qui arriverait quand C\u00fbchulainn irait sur la route au-devant d&rsquo;A\u00efff\u00e9 ; en effet, les deux fils de Scathach devaient alors rester seuls pour combattre les trois guerriers d&rsquo;A\u00efff\u00e9. Scathach craignait aussi pour C\u00fbchulainn, car A\u00efff\u00e9 \u00e9tait la guerri\u00e8re la plus redoutable qui f\u00fbt au monde.<\/p>\n\n<p>C\u00fbchulainn [tua les trois guerriers, fils d&rsquo;E\u00efs Enchend]. Puis, allant \u00e0 la rencontre de leur reine, il demanda \u00e0 Scathach quel avait \u00e9t\u00e9 jusque-l\u00e0 le principal objet de l&rsquo;amour d&rsquo;A\u00efff\u00e9. \u00ab Ce qu&rsquo;A\u00effF\u00e9 aime le mieux, \u00bb r\u00e9pondit Scathach, \u00ab\u00c2\u00a0c&rsquo;est son cocher, et ce sont les deux chevaux attel\u00e9s \u00e0 son char. \u00bb<\/p>\n\n<p>Alors la bataille commen\u00e7a sur la route entre C\u00fbchulainn et A\u00efff\u00e9. A\u00efff\u00e9 brisa l&rsquo;\u00e9p\u00e9e de C\u00fbchulainn, qui n&rsquo;eut plus qu&rsquo;un tron\u00e7on d&rsquo;arme long comme le poing. \u00ab Malheur \u00e0 moi ! \u00bb s&rsquo;\u00e9cria C\u00fbchulainn \u00ab Mais , \u00bb ajouta-t-il , \u00ab\u00c2\u00a0voil\u00e0 le cocher et les deux chevaux du char d&rsquo;A\u00efff\u00e9 \u00e9tendus par terre et morts tous les trois. \u00bb L\u00e0-dessus A\u00efff\u00e9 regarde. C\u00fbchulainn se pr\u00e9cipite au-dessous d&rsquo;elle, la prend \u00e0 la taille, la jette sur son \u00e9paule comme un paquet, rejoint la troupe des gens de Scathach, et lance violemment A\u00efff\u00e9 par terre.<\/p>\n\n<p>\u00ab\u00c2\u00a0Gr\u00e2ce ! \u00bb s&rsquo;\u00e9crie-t-elle. \u00ab Tu m&rsquo;accorderas trois choses, \u00bb r\u00e9pondit C\u00fbchulainn \u00ab Soit! \u00bb dit A\u00efff\u00e9. \u00ab Voici les trois choses que je veux, \u00bb reprit C\u00fbchulainn : \u00ab otages \u00e0 Scathach , \u00e0 qui tu ne feras plus la guerre ; mariage avec moi cette nuit m\u00eame devant ton ch\u00e2teau ; un fils que tu m&rsquo;enfanteras. \u00bb<\/p>\n\n<p>Elle consentit, et tout fut fait comme avait demand\u00e9 C\u00fbchulainn<\/p>\n\n<p>Elle dit \u00e0 C\u00fbchulainn qu&rsquo;il l&rsquo;avait rendue enceinte. Il lui r\u00e9pondit qu&rsquo;elle mettrait au monde un fils , et que ce fils irait en Irlande dans sept ans \u00e0 pareil jour; il ajouta quel nom elle donnerait \u00e0 ce fils, puis il s&rsquo;en retourna ; il prit la route qui devait le ramener chez Scathach. Une vieille femme borgne de l&rsquo;oeil gauche se trouva devant lui sur son chemin. \u00ab Prends garde \u00e0 toi , \u00bb lui dit-elle , \u00ab ne reste pas devant moi. \u00bb Il n&rsquo;y avait pas de place pour se d\u00e9tourner, le chemin \u00e9tait un sentier, sur un rocher le long de la mer ; il descendit au-dessous du sentier, ses doigts de pied seuls le soutenaient; quand la vieille le croisa, elle lui donna un coup sur le gros orteil pour le faire tomber du rocher; lui, faisant le saut guerrier du saumon, remonta sur le haut du rocher et coupa la t\u00eate de la vieille ; c&rsquo;\u00e9tait la m\u00e8re des trois derniers guerriers qu&rsquo;il avait tu\u00e9s, c&rsquo;\u00e9tait E\u00efss Enchend.<\/p>\n\n<p>C\u00fbchulainn et les autres guerriers retourn\u00e8rent, avec Scathach , dans son royaume ; le h\u00e9ros y s\u00e9journa et gu\u00e9rit, dans le repos, les blessures qu&rsquo;il avait re\u00e7ues en combattant. Scathach lui annon\u00e7a ce qui lui arriverait quand il serait de retour en Irlande :<\/p>\n\n<p>\u00ab De grands p\u00e9rils t&rsquo;attendent, \u00bb dit-elle, etc.<\/p>\n\n<p>Il partit donc pour l&rsquo;Irlande, et prit part \u00e0 l&rsquo;exp\u00e9dition c\u00e9l\u00e8bre du <em>T\u00e1in b\u00f3 C\u00faalnge<\/em>, puis , comme il avait promis, il alla au ch\u00e2teau de Forgall le Rus\u00e9; d&rsquo;un saut, il passa par dessus les trois remparts, et dans la forteresse il frappa trois coups ; de chaque coup, il tua huit hommes, \u00e9pargnant le neuvi\u00e8me; les trois hommes qui eurent la vie sauve furent Scibor; Ibor et Catt, fr\u00e8res d&rsquo;Emer ; il prit Emer et sa soeur de lait, chacune avec leur charge d&rsquo;or, et, les tenant toutes les deux, sauta par-dessus les trois remparts hors du ch\u00e2teau. Ayant ainsi accompli toutes les promesses qu&rsquo;il avait faites \u00e0 Emer, il partit avec elle et arriva \u00e0 Emain-Macha, capitale de l&rsquo;Ulster.<\/p>\n\n<p>La fin du texte provient de l&rsquo;article : <strong>Le droit du roi dans l&rsquo;\u00e9pop\u00e9e irlandaise<\/strong>, in <strong>Revue arch\u00e9ologique<\/strong>.<\/p>\n\n<p>Il m\u00e8ne Emer au palais ; il la pr\u00e9sente \u00e0 Conchobar et au reste des grands seigneurs d&rsquo;Ulster. Ceux-ci souhaitent la bienvenue \u00e0 la mari\u00e9e. Il se trouvait dan la maison un homme dont la langue \u00e9tait le fl\u00e9au d&rsquo;Ulster. Cet homme \u00e9tait le fils d&rsquo;Arbad, Bricriu \u00e0 la langue empoisonn\u00e9e. Il prit la parole : \u00ab\u00c2\u00a0C\u00fbchulainn, \u00bb dit-il, \u00abaura peine \u00e0 supporter ce qui se fera ici cette nuit ; la femme qu&rsquo;il a amen\u00e9e couchera cette nuit avec Conchobar, puisque c&rsquo;est avec Conchobar que dort toute premi\u00e8re femme avant de dormir avec les habitants d&rsquo;Ulster. \u00bb En entendant ces mots, C\u00fbchulainn entra en fureur. Il secoua avec tant de force le coussin qui \u00e9tait sous lui qu&rsquo;il fit voler la plume dans la maison tout \u00e0 l&rsquo;entour. Puis il sortit. Le druide Cathbad prit la parole : \u00ab La situation, \u00bb dit-il, \u00ab est pleine de difficult\u00e9s; il n&rsquo;est pas possible au roi de faire ce qu&rsquo;a dit Bricriu, C\u00fbchulainn tuera celui qui couchera avec sa femme. \u00bb \u00abQu&rsquo;on appelle C\u00fbchulainn,\u00bb dit Conchobar, \u00ab nous verrons s&rsquo;il y a moyen de calmer sa col\u00e8re. \u00bb C\u00fbchulainn revient. \u00ab Tu vas te mettre en route pour moi, \u00bb dit Conchobar, \u00ab tu m&rsquo;am\u00e8neras le troupeau que j&rsquo;ai sur la montagne de Fuait. \u00bb C\u00fbchulainn part, et tout ce qu&rsquo;il trouve de sangliers, de cerfs, d&rsquo;animaux sauvages quelconques sur la montagne de Fuait, il le chasse devant lui et les pousse ensemble comme un troupeau dans la pelouse d&rsquo;Emain Macha. L\u00e0-dessus sa col\u00e8re [se passe].<\/p>\n\n<p>Les habitants d&rsquo;Ulster discutent le point en litige, et voici la solution \u00e0 laquelle ils s&rsquo;arr\u00eatent : Emer couchera avec Conchobar cette nuit ; Fergus et Cathbad se mettront dans le m\u00eame lit pour veiller sur l&rsquo;honneur de C\u00fbchulainn. Conchobar et Emer recevront les remerciements de l&rsquo;Ulster s&rsquo;ils acceptent. Conchobar et Emer accept\u00e8rent et firent comme il avait \u00e9t\u00e9 d\u00e9cid\u00e9. Le lendemain matin Conchobar donna \u00e0 Emer le pr\u00e9sent que tout nouveau mari\u00e9 doit en ce moment \u00e0 l&rsquo;\u00e9pouse, et il paya \u00e0 C\u00fbchulainn le prix de son honneur outrag\u00e9.<\/p>\n\t\t\t\t\t\t\t\t<\/div>\n\t\t\t\t<\/div>\n\t\t\t\t\t<\/div>\n\t\t<\/div>\n\t\t\t\t\t<\/div>\n\t\t<\/section>\n\t\t\t\t<\/div>\n\t\t","protected":false},"excerpt":{"rendered":"<p>Irish Mythology Wiki This is the story of The Courtship of Emer, from the Red Branch of Irish Mythology. Courtship of Emer... <\/p>","protected":false},"author":1,"featured_media":0,"parent":439,"menu_order":0,"comment_status":"closed","ping_status":"closed","template":"","meta":{"footnotes":""},"class_list":["post-490","page","type-page","status-publish","hentry"],"amp_enabled":true,"_links":{"self":[{"href":"https:\/\/mythslegendes.com\/en\/wp-json\/wp\/v2\/pages\/490","targetHints":{"allow":["GET"]}}],"collection":[{"href":"https:\/\/mythslegendes.com\/en\/wp-json\/wp\/v2\/pages"}],"about":[{"href":"https:\/\/mythslegendes.com\/en\/wp-json\/wp\/v2\/types\/page"}],"author":[{"embeddable":true,"href":"https:\/\/mythslegendes.com\/en\/wp-json\/wp\/v2\/users\/1"}],"replies":[{"embeddable":true,"href":"https:\/\/mythslegendes.com\/en\/wp-json\/wp\/v2\/comments?post=490"}],"version-history":[{"count":1,"href":"https:\/\/mythslegendes.com\/en\/wp-json\/wp\/v2\/pages\/490\/revisions"}],"predecessor-version":[{"id":24526,"href":"https:\/\/mythslegendes.com\/en\/wp-json\/wp\/v2\/pages\/490\/revisions\/24526"}],"up":[{"embeddable":true,"href":"https:\/\/mythslegendes.com\/en\/wp-json\/wp\/v2\/pages\/439"}],"wp:attachment":[{"href":"https:\/\/mythslegendes.com\/en\/wp-json\/wp\/v2\/media?parent=490"}],"curies":[{"name":"wp","href":"https:\/\/api.w.org\/{rel}","templated":true}]}}