{"id":524,"date":"2020-06-12T15:00:02","date_gmt":"2020-06-12T14:00:02","guid":{"rendered":"https:\/\/mythslegendes.com\/?page_id=524"},"modified":"2022-12-03T22:06:55","modified_gmt":"2022-12-03T22:06:55","slug":"la-mort-de-cet-mac-magach","status":"publish","type":"page","link":"https:\/\/mythslegendes.com\/en\/irish-mythology\/the-death-of-this-mac-magach\/","title":{"rendered":"The Death of This Mac Magach"},"content":{"rendered":"<div data-elementor-type=\"wp-page\" data-elementor-id=\"524\" class=\"elementor elementor-524\">\n\t\t\t\t\t\t<section class=\"elementor-section elementor-top-section elementor-element elementor-element-17adb59 elementor-section-boxed elementor-section-height-default elementor-section-height-default\" data-id=\"17adb59\" data-element_type=\"section\" data-e-type=\"section\">\n\t\t\t\t\t\t<div class=\"elementor-container elementor-column-gap-default\">\n\t\t\t\t\t<div class=\"elementor-column elementor-col-50 elementor-top-column elementor-element elementor-element-43f901d\" data-id=\"43f901d\" data-element_type=\"column\" data-e-type=\"column\">\n\t\t\t<div class=\"elementor-widget-wrap elementor-element-populated\">\n\t\t\t\t\t\t<div class=\"elementor-element elementor-element-e9310da elementor-align-justify elementor-widget elementor-widget-button\" data-id=\"e9310da\" data-element_type=\"widget\" data-e-type=\"widget\" data-widget_type=\"button.default\">\n\t\t\t\t<div class=\"elementor-widget-container\">\n\t\t\t\t\t\t\t\t\t<div class=\"elementor-button-wrapper\">\n\t\t\t\t\t<a class=\"elementor-button elementor-button-link elementor-size-sm\" href=\"https:\/\/mythslegendes.com\/en\/irish-mythology\/\">\n\t\t\t\t\t\t<span class=\"elementor-button-content-wrapper\">\n\t\t\t\t\t\t\t\t\t<span class=\"elementor-button-text\">Irish mythology<\/span>\n\t\t\t\t\t<\/span>\n\t\t\t\t\t<\/a>\n\t\t\t\t<\/div>\n\t\t\t\t\t\t\t\t<\/div>\n\t\t\t\t<\/div>\n\t\t\t\t\t<\/div>\n\t\t<\/div>\n\t\t\t\t<div class=\"elementor-column elementor-col-50 elementor-top-column elementor-element elementor-element-b92994b\" data-id=\"b92994b\" data-element_type=\"column\" data-e-type=\"column\">\n\t\t\t<div class=\"elementor-widget-wrap elementor-element-populated\">\n\t\t\t\t\t\t<div class=\"elementor-element elementor-element-95a76ec elementor-align-justify elementor-widget elementor-widget-button\" data-id=\"95a76ec\" data-element_type=\"widget\" data-e-type=\"widget\" data-widget_type=\"button.default\">\n\t\t\t\t<div class=\"elementor-widget-container\">\n\t\t\t\t\t\t\t\t\t<div class=\"elementor-button-wrapper\">\n\t\t\t\t\t<a class=\"elementor-button elementor-button-link elementor-size-sm\" href=\"https:\/\/fr.wikipedia.org\/wiki\/Mythologie_celtique_irlandaise\" target=\"_blank\" rel=\"noopener\">\n\t\t\t\t\t\t<span class=\"elementor-button-content-wrapper\">\n\t\t\t\t\t\t\t\t\t<span class=\"elementor-button-text\">Wiki<\/span>\n\t\t\t\t\t<\/span>\n\t\t\t\t\t<\/a>\n\t\t\t\t<\/div>\n\t\t\t\t\t\t\t\t<\/div>\n\t\t\t\t<\/div>\n\t\t\t\t\t<\/div>\n\t\t<\/div>\n\t\t\t\t\t<\/div>\n\t\t<\/section>\n\t\t\t\t<section class=\"elementor-section elementor-top-section elementor-element elementor-element-2eff1e2a elementor-section-boxed elementor-section-height-default elementor-section-height-default\" data-id=\"2eff1e2a\" data-element_type=\"section\" data-e-type=\"section\">\n\t\t\t\t\t\t<div class=\"elementor-container elementor-column-gap-default\">\n\t\t\t\t\t<div class=\"elementor-column elementor-col-100 elementor-top-column elementor-element elementor-element-3b9697bf\" data-id=\"3b9697bf\" data-element_type=\"column\" data-e-type=\"column\">\n\t\t\t<div class=\"elementor-widget-wrap elementor-element-populated\">\n\t\t\t\t\t\t<div class=\"elementor-element elementor-element-7a31c99 elementor-widget elementor-widget-text-editor\" data-id=\"7a31c99\" data-element_type=\"widget\" data-e-type=\"widget\" data-widget_type=\"text-editor.default\">\n\t\t\t\t<div class=\"elementor-widget-container\">\n\t\t\t\t\t\t\t\t\t\n<p>This is the story of the death of This Mac Magach, of the <a href=\"https:\/\/mythslegendes.com\/en\/irish-mythology\/\">red branch<\/a> of the <a href=\"https:\/\/mythslegendes.com\/en\/\">mythology<\/a> Irish.<\/p>\n<p><img decoding=\"async\" class=\"alignnone wp-image-5284 size-full\" src=\"https:\/\/mythslegendes.com\/wp-content\/uploads\/2020\/09\/AlphaOmega-e1602613368367.png\" alt=\"the death of This Mac Magach\" width=\"25\" height=\"26\" title=\"\"><\/p>\n<div id=\"ez-toc-container\" class=\"ez-toc-v2_0_82_2 counter-hierarchy ez-toc-counter ez-toc-grey ez-toc-container-direction\">\n<div class=\"ez-toc-title-container\">\n<p class=\"ez-toc-title\" style=\"cursor:inherit\">Contents<\/p>\n<span class=\"ez-toc-title-toggle\"><a href=\"#\" class=\"ez-toc-pull-right ez-toc-btn ez-toc-btn-xs ez-toc-btn-default ez-toc-toggle\" aria-label=\"Toggle Table of Content\"><span class=\"ez-toc-js-icon-con\"><span class=\"\"><span class=\"eztoc-hide\" style=\"display:none;\">Toggle<\/span><span class=\"ez-toc-icon-toggle-span\"><svg style=\"fill: #999;color:#999\" xmlns=\"http:\/\/www.w3.org\/2000\/svg\" class=\"list-377408\" width=\"20px\" height=\"20px\" viewbox=\"0 0 24 24\" fill=\"none\"><path d=\"M6 6H4v2h2V6zm14 0H8v2h12V6zM4 11h2v2H4v-2zm16 0H8v2h12v-2zM4 16h2v2H4v-2zm16 0H8v2h12v-2z\" fill=\"currentColor\"><\/path><\/svg><svg style=\"fill: #999;color:#999\" class=\"arrow-unsorted-368013\" xmlns=\"http:\/\/www.w3.org\/2000\/svg\" width=\"10px\" height=\"10px\" viewbox=\"0 0 24 24\" version=\"1.2\" baseprofile=\"tiny\"><path d=\"M18.2 9.3l-6.2-6.3-6.2 6.3c-.2.2-.3.4-.3.7s.1.5.3.7c.2.2.4.3.7.3h11c.3 0 .5-.1.7-.3.2-.2.3-.5.3-.7s-.1-.5-.3-.7zM5.8 14.7l6.2 6.3 6.2-6.3c.2-.2.3-.5.3-.7s-.1-.5-.3-.7c-.2-.2-.4-.3-.7-.3h-11c-.3 0-.5.1-.7.3-.2.2-.3.5-.3.7s.1.5.3.7z\"\/><\/svg><\/span><\/span><\/span><\/a><\/span><\/div>\n<nav><ul class='ez-toc-list ez-toc-list-level-1' ><li class='ez-toc-page-1 ez-toc-heading-level-2'><a class=\"ez-toc-link ez-toc-heading-1\" href=\"https:\/\/mythslegendes.com\/en\/irish-mythology\/the-death-of-this-mac-magach\/#La-mort-de-Cet-Mac-Magach\" >The death of This Mac Magach<\/a><\/li><\/ul><\/nav><\/div>\n<h2><span class=\"ez-toc-section\" id=\"La-mort-de-Cet-Mac-Magach\"><\/span>The death of This Mac Magach<span class=\"ez-toc-section-end\"><\/span><\/h2>\n<p>1. Where did the death of Cet mac Magach come from?<br \/>It&#039;s not hard to tell.<br \/>Once This came to Ulster looking for a man to kill, which he often did (namely, killing Ulates), for since he was a child he did not go a day without murdering an Ulate.<\/p>\n\n<p>2. Therefore he went west, already having the head of three times nine Ulates with him. And Conall Cernach was then sent on his tracks to Brefne in Connaught (because the snow had fallen), until he found him in an unoccupied house, him and his driver, cooking their meal. The horses, however, were outside harnessed to the chariot.<\/p>\n\n<p>3. \u201cThis is Cet,\u201d said Conall, \u201cand it is not proper for us to fight with him because of his ferocity and violence. Lying is wild, \u201dsays Conall. &quot; Misfortune! said the coachman, &quot;let no good come out of thy lips, and thou not storm the house in which is found the plague which plagues Ulster, and there is no shame for thee in fall in battle at the same time as him, because of his great courage so far. &quot;O father,&quot; said Conall, &quot;I will not give my life to any of the heroes of Ireland; but I will put a sign on the horses. Conall plucked a lock of the horses&#039; mane, put it in the front of the chariot, and walked east towards Ulster.<\/p>\n\n<p>4. \u201cWoe to this! Said the driver.<br \/>&quot;There is no woe,&quot; Cet said. \u201cIt&#039;s a good thing he spared the horses. It was Conall (who did this), he says, and from that will come a friendship, and it will be beneficial. &quot;<br \/>\u201cWoe to you,\u201d said the coachman, \u201cthat the man who slaughtered the Connaught men could dishonor you, your name cannot wait until Judgment Day without you killing him or putting him to flight tonight. &quot;It is true indeed,&quot; said Cet. They pursued him as far as Ath Ceit, the ford of Cet.<\/p>\n\n<p>5. \u201cWell, Conall! Said Cet.<br \/>&quot;What is it, O Cet?&quot; Said Conall.<br \/>&quot;You will not escape today, O evil one,&quot; said Cet. &quot;I think the same,&quot; Conall said, turning to him. And each of them hit the other, so their screaming and breathing, and the. \u2026 Horses, and the\u2026 of their coachmen (?) Encouraging the heroes who were in the ford were heard through the wastelands, until all of them fell there. This, however, died immediately, and Conall passed out.<\/p>\n\n<p>6. And Conall recovered from his fainting &quot;Take the horses with you for the Ulster men,&quot; he said, &quot;before the Connaught ones ...&quot; However, the young man was unable to carry him in the chariot, so he said- he said goodbye, and went home. \u201cWell, it&#039;s bad,\u201d said Conall, \u201cthat one man from Connaught could have hurt me when I took an oath that no man from Connaught could kill me. And I would rather have sovereignty over the world that someone from Connaught could hurt me again, so that my death could not go to an inhabitant of Connaught. &quot;<\/p>\n\n<p>7. B\u00e9lch\u00fa de Brefne, however, was the first to come there.<br \/>&quot;Here is This,&quot; he said. &quot;And this is Conall,&quot; he said. And now Ireland will be happy, since these two dogs of war have fallen, which ruined Ireland between them. As he spoke, he rested the heel of his spear on Conall. &quot;Don&#039;t leave your spear on me, O father,&quot; Conall said.<br \/>\u201cYou are alive,\u201d B\u00e9lch\u00fa said. &quot;It&#039;s not because of you,&quot; Conall said, &quot;if I am alive. &quot;I see, O Conall,&quot; said B\u00e9lch\u00fa, &quot;you would like me to kill you. But I won&#039;t, because you&#039;re already nearly dead. &quot;You wouldn&#039;t even dare to hurt my coat,&quot; Conall said, &quot;you pitiful old woman. &quot;&quot; I&#039;m not going to kill you now, but that&#039;s not all. I will take you home, and you will be taken care of; and when you are well, I will fight with you. &quot;<\/p>\n\n<p>8. So he lifted him onto his back, pulling him halfway behind him, until he reached his abode. And he brought in doctors until he was well. \u201cSoon,\u201d B\u00e9lch\u00fa said to his sons, \u201cthis man will escape me and he will do us no good. Kill the man before he gets away from us! So all of you come to him next night, when I leave the door open for you, and kill him in his bed. The man of calamities and great calamities, that is, Conall, knew of the evil plans that were (prepared) against him.<\/p>\n\n<p>9. \u201cClose the door! Conall said to B\u00e9lch\u00fa. He walked away but left the door open. \u201cOkay now, B\u00e9lch\u00fa,\u201d said Conall, \u201ccome to my bed. &quot;No,&quot; B\u00e9lch\u00fa said. &quot;I&#039;m blowing your head!&quot; Said Conall, if you don&#039;t come to that bed. &quot;Since it has to be,&quot; B\u00e9lch\u00fa said. Then B\u00e9lch\u00fa closed the door. When B\u00e9lch\u00fa was asleep, Conall opened the door. B\u00e9lch\u00fa&#039;s sons came to the bed their father was in and stuck their three spears through his body, so that they killed him. And so Conall sprang up and ran his sword at them, so their brains were hurled against the walls. And he carried their four heads with him eastward until he reached his abode before daybreak. Here is the Death of Cet and B\u00e9lch\u00fa de Brefne with his Sons.<\/p>\n\t\t\t\t\t\t\t\t<\/div>\n\t\t\t\t<\/div>\n\t\t\t\t\t<\/div>\n\t\t<\/div>\n\t\t\t\t\t<\/div>\n\t\t<\/section>\n\t\t\t\t<\/div>","protected":false},"excerpt":{"rendered":"<p>Irish Mythology Wiki This is the story of the death of Cet Mac Magach, from the red branch of Irish mythology. \u2026 <\/p>","protected":false},"author":1,"featured_media":0,"parent":439,"menu_order":0,"comment_status":"closed","ping_status":"closed","template":"","meta":{"footnotes":""},"class_list":["post-524","page","type-page","status-publish","hentry"],"amp_enabled":true,"_links":{"self":[{"href":"https:\/\/mythslegendes.com\/en\/wp-json\/wp\/v2\/pages\/524","targetHints":{"allow":["GET"]}}],"collection":[{"href":"https:\/\/mythslegendes.com\/en\/wp-json\/wp\/v2\/pages"}],"about":[{"href":"https:\/\/mythslegendes.com\/en\/wp-json\/wp\/v2\/types\/page"}],"author":[{"embeddable":true,"href":"https:\/\/mythslegendes.com\/en\/wp-json\/wp\/v2\/users\/1"}],"replies":[{"embeddable":true,"href":"https:\/\/mythslegendes.com\/en\/wp-json\/wp\/v2\/comments?post=524"}],"version-history":[{"count":1,"href":"https:\/\/mythslegendes.com\/en\/wp-json\/wp\/v2\/pages\/524\/revisions"}],"predecessor-version":[{"id":24536,"href":"https:\/\/mythslegendes.com\/en\/wp-json\/wp\/v2\/pages\/524\/revisions\/24536"}],"up":[{"embeddable":true,"href":"https:\/\/mythslegendes.com\/en\/wp-json\/wp\/v2\/pages\/439"}],"wp:attachment":[{"href":"https:\/\/mythslegendes.com\/en\/wp-json\/wp\/v2\/media?parent=524"}],"curies":[{"name":"wp","href":"https:\/\/api.w.org\/{rel}","templated":true}]}}