{"id":588,"date":"2020-06-12T15:50:18","date_gmt":"2020-06-12T14:50:18","guid":{"rendered":"https:\/\/mythslegendes.com\/?page_id=588"},"modified":"2022-12-03T22:06:56","modified_gmt":"2022-12-03T22:06:56","slug":"les-aventures-de-nera","status":"publish","type":"page","link":"https:\/\/mythslegendes.com\/en\/irish-mythology\/the-adventures-of-nera\/","title":{"rendered":"The Adventures of Nera"},"content":{"rendered":"\t\t<div data-elementor-type=\"wp-page\" data-elementor-id=\"588\" class=\"elementor elementor-588\">\n\t\t\t\t\t\t<section class=\"elementor-section elementor-top-section elementor-element elementor-element-1810d11 elementor-section-boxed elementor-section-height-default elementor-section-height-default\" data-id=\"1810d11\" data-element_type=\"section\" data-e-type=\"section\">\n\t\t\t\t\t\t<div class=\"elementor-container elementor-column-gap-default\">\n\t\t\t\t\t<div class=\"elementor-column elementor-col-50 elementor-top-column elementor-element elementor-element-eceea7f\" data-id=\"eceea7f\" data-element_type=\"column\" data-e-type=\"column\">\n\t\t\t<div class=\"elementor-widget-wrap elementor-element-populated\">\n\t\t\t\t\t\t<div class=\"elementor-element elementor-element-062d021 elementor-align-justify elementor-widget elementor-widget-button\" data-id=\"062d021\" data-element_type=\"widget\" data-e-type=\"widget\" data-widget_type=\"button.default\">\n\t\t\t\t<div class=\"elementor-widget-container\">\n\t\t\t\t\t\t\t\t\t<div class=\"elementor-button-wrapper\">\n\t\t\t\t\t<a class=\"elementor-button elementor-button-link elementor-size-sm\" href=\"https:\/\/mythslegendes.com\/mythologie-irlandaise\/\">\n\t\t\t\t\t\t<span class=\"elementor-button-content-wrapper\">\n\t\t\t\t\t\t\t\t\t<span class=\"elementor-button-text\">Mythologie irlandaise<\/span>\n\t\t\t\t\t<\/span>\n\t\t\t\t\t<\/a>\n\t\t\t\t<\/div>\n\t\t\t\t\t\t\t\t<\/div>\n\t\t\t\t<\/div>\n\t\t\t\t\t<\/div>\n\t\t<\/div>\n\t\t\t\t<div class=\"elementor-column elementor-col-50 elementor-top-column elementor-element elementor-element-7a41f56\" data-id=\"7a41f56\" data-element_type=\"column\" data-e-type=\"column\">\n\t\t\t<div class=\"elementor-widget-wrap elementor-element-populated\">\n\t\t\t\t\t\t<div class=\"elementor-element elementor-element-266180f elementor-align-justify elementor-widget elementor-widget-button\" data-id=\"266180f\" data-element_type=\"widget\" data-e-type=\"widget\" data-widget_type=\"button.default\">\n\t\t\t\t<div class=\"elementor-widget-container\">\n\t\t\t\t\t\t\t\t\t<div class=\"elementor-button-wrapper\">\n\t\t\t\t\t<a class=\"elementor-button elementor-button-link elementor-size-sm\" href=\"https:\/\/fr.wikipedia.org\/wiki\/Mythologie_celtique_irlandaise\" target=\"_blank\" rel=\"noopener\">\n\t\t\t\t\t\t<span class=\"elementor-button-content-wrapper\">\n\t\t\t\t\t\t\t\t\t<span class=\"elementor-button-text\">Wiki<\/span>\n\t\t\t\t\t<\/span>\n\t\t\t\t\t<\/a>\n\t\t\t\t<\/div>\n\t\t\t\t\t\t\t\t<\/div>\n\t\t\t\t<\/div>\n\t\t\t\t\t<\/div>\n\t\t<\/div>\n\t\t\t\t\t<\/div>\n\t\t<\/section>\n\t\t\t\t<section class=\"elementor-section elementor-top-section elementor-element elementor-element-380067c5 elementor-section-boxed elementor-section-height-default elementor-section-height-default\" data-id=\"380067c5\" data-element_type=\"section\" data-e-type=\"section\">\n\t\t\t\t\t\t<div class=\"elementor-container elementor-column-gap-default\">\n\t\t\t\t\t<div class=\"elementor-column elementor-col-100 elementor-top-column elementor-element elementor-element-d392595\" data-id=\"d392595\" data-element_type=\"column\" data-e-type=\"column\">\n\t\t\t<div class=\"elementor-widget-wrap elementor-element-populated\">\n\t\t\t\t\t\t<div class=\"elementor-element elementor-element-7a4b1cdd elementor-widget elementor-widget-text-editor\" data-id=\"7a4b1cdd\" data-element_type=\"widget\" data-e-type=\"widget\" data-widget_type=\"text-editor.default\">\n\t\t\t\t<div class=\"elementor-widget-container\">\n\t\t\t\t\t\t\t\t\t\n<p>Voici les Aventures de Nera, de la <a href=\"https:\/\/mythslegendes.com\/en\/irish-mythology\/\">branche rouge<\/a> de la <a href=\"https:\/\/mythslegendes.com\/en\/\">mythologie<\/a> irlandaise.<\/p>\n<p><img decoding=\"async\" class=\"alignnone wp-image-5284 size-full\" src=\"https:\/\/mythslegendes.com\/wp-content\/uploads\/2020\/09\/AlphaOmega-e1602613368367.png\" alt=\"Aventures de Nera\" width=\"25\" height=\"26\" title=\"\"><\/p>\n<div id=\"ez-toc-container\" class=\"ez-toc-v2_0_82_2 counter-hierarchy ez-toc-counter ez-toc-grey ez-toc-container-direction\">\n<div class=\"ez-toc-title-container\">\n<p class=\"ez-toc-title\" style=\"cursor:inherit\">Contenus<\/p>\n<span class=\"ez-toc-title-toggle\"><a href=\"#\" class=\"ez-toc-pull-right ez-toc-btn ez-toc-btn-xs ez-toc-btn-default ez-toc-toggle\" aria-label=\"Toggle Table of Content\"><span class=\"ez-toc-js-icon-con\"><span class=\"\"><span class=\"eztoc-hide\" style=\"display:none;\">Toggle<\/span><span class=\"ez-toc-icon-toggle-span\"><svg style=\"fill: #999;color:#999\" xmlns=\"http:\/\/www.w3.org\/2000\/svg\" class=\"list-377408\" width=\"20px\" height=\"20px\" viewBox=\"0 0 24 24\" fill=\"none\"><path d=\"M6 6H4v2h2V6zm14 0H8v2h12V6zM4 11h2v2H4v-2zm16 0H8v2h12v-2zM4 16h2v2H4v-2zm16 0H8v2h12v-2z\" fill=\"currentColor\"><\/path><\/svg><svg style=\"fill: #999;color:#999\" class=\"arrow-unsorted-368013\" xmlns=\"http:\/\/www.w3.org\/2000\/svg\" width=\"10px\" height=\"10px\" viewBox=\"0 0 24 24\" version=\"1.2\" baseProfile=\"tiny\"><path d=\"M18.2 9.3l-6.2-6.3-6.2 6.3c-.2.2-.3.4-.3.7s.1.5.3.7c.2.2.4.3.7.3h11c.3 0 .5-.1.7-.3.2-.2.3-.5.3-.7s-.1-.5-.3-.7zM5.8 14.7l6.2 6.3 6.2-6.3c.2-.2.3-.5.3-.7s-.1-.5-.3-.7c-.2-.2-.4-.3-.7-.3h-11c-.3 0-.5.1-.7.3-.2.2-.3.5-.3.7s.1.5.3.7z\"\/><\/svg><\/span><\/span><\/span><\/a><\/span><\/div>\n<nav><ul class='ez-toc-list ez-toc-list-level-1 ' ><li class='ez-toc-page-1 ez-toc-heading-level-2'><a class=\"ez-toc-link ez-toc-heading-1\" href=\"https:\/\/mythslegendes.com\/en\/irish-mythology\/the-adventures-of-nera\/#Aventures-de-Nera\" >Aventures de Nera<\/a><\/li><\/ul><\/nav><\/div>\n<h2><span class=\"ez-toc-section\" id=\"Aventures-de-Nera\"><\/span>Aventures de Nera<span class=\"ez-toc-section-end\"><\/span><\/h2>\n<p>1.\u00a0Un soir de Samain Ailill et Medb \u00e9taient \u00e0 Rath Cruachan avec toute leur maisonn\u00e9e. Ils se mirent \u00e0 cuire les aliments. Deux captifs avaient \u00e9t\u00e9 pendus par eux la veille de ce jour. Alors Ailill dit: \u00ab\u00a0Celui qui veut maintenant mettre un brin d&rsquo;osier autour du pied d&rsquo;un des deux captifs qui sont sur la potence, aura une r\u00e9compense par moi, telle qu&rsquo;il la choisira.\u00a0\u00bb<\/p>\n\n<p>2. Grande \u00e9tait l&rsquo;obscurit\u00e9 de cette nuit et son horreur, et les d\u00e9mons devaient apparaitre tout au long de cette nuit-l\u00e0. Tour \u00e0 tour, chacun d&rsquo;eux sortit tenter [l&rsquo;aventure] cette nuit-l\u00e0, et vite il revenait dans la maison. \u00ab\u00a0Je vais obtenir ta r\u00e9compense, dit Nera, et je vais sortir.\u00a0\u00bb \u00ab\u00a0En v\u00e9rit\u00e9 tu auras ceci, mon \u00e9p\u00e9e \u00e0 poign\u00e9e d&rsquo;or, [qui est] l\u00e0.\u00a0\u00bb dit Ailill.<\/p>\n\n<p>3. Puis ce Nera s&rsquo;\u00e9loigna vers les captifs, et mit une bonne armure sur lui. Il mit un brin d&rsquo;osier au pied de l&rsquo;un des deux captifs. Trois fois il se d\u00e9tacha. Puis le captif lui dit qu&rsquo;\u00e0 moins de mettre une cheville ad\u00e9quate dessus, il ne la fixerait pas, m\u00eame en s&rsquo;y employant jusqu&rsquo;au lendemain. Alors Nera y mit une cheville ad\u00e9quate.<\/p>\n\n<p>4. De la potence le captif dit \u00e0 Nera: \u00ab\u00a0C&rsquo;est viril, \u00d4 Nera!\u00a0\u00bb \u00ab\u00a0Viril, en effet!\u00a0\u00bb dit Nera. \u00ab\u00a0Par la v\u00e9rit\u00e9 de ta valeur, prends-moi sur ton cou, que je puisse boire quelque chose avec toi. J&rsquo;\u00e9tais tr\u00e8s assoiff\u00e9 quand j&rsquo;ai \u00e9t\u00e9 pendu.\u00a0\u00bb \u00ab\u00a0Viens sur mon cou alors!\u00a0\u00bb dit Nera. Il alla donc sur son cou. \u00ab\u00a0O\u00f9 dois-je te porter?\u00a0\u00bb dit Nera. \u00ab\u00a0A la maison qui est la plus proche de nous\u00a0\u00bb, dit le captif.<\/p>\n\n<p>5. Ainsi ils all\u00e8rent vers cette maison. Alors ils virent quelque chose. Un lac de feu autour de la maison [autour de l&rsquo;\u00e2tre, H.2.16]. \u00ab\u00a0Il n&rsquo;y a rien \u00e0 boire pour nous dans cette maison\u00a0\u00bb, dit le captif. \u00ab\u00a0Il n&rsquo;y a jamais de feu en elle sans r\u00e9serve [de bois].\u00a0\u00bb \u00ab\u00a0Allons donc \u00e0 l&rsquo;autre maison, qui est plus proche de nous\u00a0\u00bb, dit le captif. Ils y all\u00e8rent et virent un lac d&rsquo;eau autour d&rsquo;elle. \u00ab\u00a0Ne va pas dans cette maison, dit le captif. Personne ne lave, et il n&rsquo;y a ni baignoire, ni seau d&rsquo;eau sale en elle la nuit apr\u00e8s le coucher.\u00a0\u00bb \u00ab\u00a0Allons donc \u00e0 l&rsquo;autre maison\u00a0\u00bb, dit le captif. \u00ab\u00a0Maintenant, ma boisson est l\u00e0 dans cette maison\u00a0\u00bb, dit le captif. Il [Nera] le laissa tomber sur le plancher. Il entra dans la maison. Il y avait des bacs pour laver et se baigner, et de la boisson dans les deux. [Il y avait] aussi un seau d&rsquo;eau sale sur le plancher de la maison. Il but une gorg\u00e9e dans chacun d&rsquo;eux et projeta les derni\u00e8res gouttes de sa bouche sur les visages des gens qui \u00e9taient dans la maison, de sorte qu&rsquo;ils moururent tous. D\u00e9sormais, il n&rsquo;est pas bon (avoir) ou un bac pour laver ou se baigner, ou un feu sans r\u00e9serve [de bois] ou un seau d&rsquo;eau sale dans une maison apr\u00e8s le coucher.<\/p>\n\n<p>6. L\u00e0-dessus il le ramena \u00e0 son [lieu de] supplice, et Nera retourna \u00e0 Cruachan. Alors il vit quelque chose. Le fort \u00e9tait incendi\u00e9 devant lui, et il voyait un tas de t\u00eates de son peuple (coup\u00e9es) par les guerriers du fort. Il suivit alors l&rsquo;arm\u00e9e dans la grotte de Cruachan. \u00ab\u00a0Un homme sur la piste ici!\u00a0\u00bb dit le dernier homme \u00e0 Nera. \u00ab\u00a0Plus ennuyeuse est la voie\u00a0\u00bb, lui d\u00e9clara son camarade [le dernier homme, Eg.], et chaque homme dit ces mots \u00e0 son compagnon du dernier homme au premier. L\u00e0-dessus, ils atteignirent le sid de Cruachan et y p\u00e9n\u00e9tr\u00e8rent. Ensuite, les t\u00eates furent montr\u00e9es au roi dans le sid. \u00ab\u00a0Que doit-on faire de l&rsquo;homme qui est venu avec vous?\u00a0\u00bb dit l&rsquo;un d&rsquo;entre eux. \u00ab\u00a0Laissez-le venir ici, que je puisse parler avec lui\u00a0\u00bb, dit le roi. Alors Nera vint \u00e0 eux et le roi lui dit: \u00ab\u00a0Qu&rsquo;est-ce qui t&rsquo;a conduit avec les guerriers dans le sid?\u00a0\u00bb lui dit le roi. \u00ab\u00a0Je suis venu en compagnie de ton arm\u00e9e,\u00a0\u00bb dit Nera. \u00ab\u00a0Va maintenant \u00e0 la maison l\u00e0-bas,\u00a0\u00bb dit le roi. \u00ab\u00a0Il y a une femme seule l\u00e0-bas, qui t&rsquo;accueillera. Dis-lui que c&rsquo;est de ma part que tu es envoy\u00e9 \u00e0 elle, et viens chaque jour \u00e0 cette maison avec une charge de bois de chauffage\u00a0\u00bb.<\/p>\n\n<p>7. Alors il fit ce qu&rsquo;on lui avait dit. La femme lui souhaita la bienvenue et lui dit: \u00ab\u00a0Bienvenue \u00e0 toi, si c&rsquo;est le roi qui t&rsquo;a envoy\u00e9 ici.\u00a0\u00bb \u00ab\u00a0C&rsquo;est lui, vraiment,\u00a0\u00bb dit Nera. Chaque jour Nera avait l&rsquo;habitude d&rsquo;aller avec une charge de bois vers le fort. Il voyait chaque jour, un aveugle et un boiteux sur son cou sortant du fort devant lui. Ils allaient jusqu&rsquo;\u00e0 ce qu&rsquo;ils soient au bord d&rsquo;un puits devant le fort. \u00ab\u00a0Est-ce l\u00e0?\u00a0\u00bb disait l&rsquo;aveugle. \u00ab\u00a0C&rsquo;est bien l\u00e0,\u00a0\u00bb disait le boiteux. \u00ab\u00a0Allons-nous en,\u00a0\u00bb disait le boiteux.<\/p>\n\n<p>8. Nera alors questionna la femme \u00e0 ce sujet. \u00ab\u00a0Pourquoi l&rsquo;aveugle et le boiteux visitent-ils le puits?\u00a0\u00bb \u00ab\u00a0Ils inspectent la couronne, qui est dans le puits, dit la femme, \u00e0 savoir, un diad\u00e8me d&rsquo;or, que le roi porte sur sa t\u00eate. C&rsquo;est l\u00e0 qu&rsquo;il est gard\u00e9.\u00a0\u00bb \u00ab\u00a0Pourquoi ces deux-l\u00e0 y vont-ils?\u00a0\u00bb dit Nera. \u00ab\u00a0Ce n&rsquo;est pas difficile \u00e0 dire, dit-elle, parce que ce sont eux qui sont approuv\u00e9s par le roi pour inspecter la couronne. L&rsquo;un d&rsquo;eux a \u00e9t\u00e9 aveugl\u00e9, l&rsquo;autre rendu boiteux.\u00a0\u00bb \u00ab\u00a0Viens ici un moment, dit Nera \u00e0 sa femme, que tu puisses me parler de mes aventures, maintenant.\u00a0\u00bb \u00ab\u00a0Qu&rsquo;est-ce qui t&rsquo;es apparu?\u00a0\u00bb demanda la femme. \u00ab\u00a0Ce n&rsquo;est pas difficle \u00e0 dire,\u00a0\u00bb d\u00e9clara Nera. \u00ab\u00a0Quand je vins dans le sid, il me semblait que le rath de Cruachan avait \u00e9t\u00e9 d\u00e9truit et que Ailill et Medb avec toute leur maisonn\u00e9e \u00e9taient morts \u00e0 l&rsquo;int\u00e9rieur.\u00a0\u00bb \u00ab\u00a0Ce n&rsquo;est pas vrai en effet, dit la femme, mais une arm\u00e9e magique est venue \u00e0 toi. [\u00e0 eux, H.2.16] Cela va se r\u00e9aliser, dit-elle, \u00e0 moins qu&rsquo;il [Nera] ne le r\u00e9v\u00e8le \u00e0 ses amis.\u00a0\u00bb \u00ab\u00a0Comment vais-je donner un avertissement \u00e0 mon peuple\u00a0\u00bb, dit Nera. \u00ab\u00a0L\u00e8ve-toi et va jusqu&rsquo;\u00e0 eux\u00a0\u00bb, dit-elle. \u00ab\u00a0Ils sont toujours autour du m\u00eame chaudron et le contenu n&rsquo;a pas encore \u00e9t\u00e9 retir\u00e9 du feu.\u00a0\u00bb Pourtant, il lui avait sembl\u00e9 que trois jours et trois nuits [avaient pass\u00e9] depuis qu&rsquo;il \u00e9tait all\u00e9 dans le sid. \u00ab\u00a0Dis-leur d&rsquo;\u00eatre sur leurs gardes \u00e0 Halloween prochaine, \u00e0 moins qu&rsquo;ils ne viennent d\u00e9truire les habitants du sid. Car je leur promets ceci: le sid sera d\u00e9truit par Ailill et Medb, et la couronne de Briun sera emport\u00e9e par eux.\u00a0\u00bb<\/p>\n\n<p>9. [Ce sont les trois choses, qui y furent trouv\u00e9es, \u00e0 savoir: le manteau de L\u00f3egaire \u00e0 Armagh, et la couronne de Briun dans le Connaught, et la chemise de Dunlaing en Leinster \u00e0 Kildare.]<\/p>\n\n<p>10. \u00ab\u00a0Comment sera-t-il cru que je suis all\u00e9 dans le sid?\u00a0\u00bb dit Nera. \u00ab\u00a0Prends les fruits de l&rsquo;\u00e9t\u00e9 avec toi,\u00a0\u00bb dit la femme. Puis il prit de l&rsquo;ail sauvage avec lui et de la primev\u00e8re et de la foug\u00e8re dor\u00e9e. \u00ab\u00a0Et je serai enceinte de toi, dit-elle et te donnerai un fils. Et envoie un message de toi au sid, quand ton peuple viendra pour d\u00e9truire le sid, que tu puisses emmener ta famille et tes troupeaux hors du sid.\u00a0\u00bb<\/p>\n\n<p>11. L\u00e0-dessus, Nera alla \u00e0 son peuple, et les trouva autour du m\u00eame chaudron, et il leur raconta ses aventures. Et alors son \u00e9p\u00e9e lui fut donn\u00e9e, et il s\u00e9journa avec son peuple jusqu&rsquo;\u00e0 la fin d&rsquo;une ann\u00e9e. Ce fut la m\u00eame ann\u00e9e durant laquelle Fergus Mac Roeg vint comme exil\u00e9 de la terre d&rsquo;Ulster vers Ailill et Medb \u00e0 Cruachan. \u00ab\u00a0Ton rendez-vous est venu, oh Nera\u00a0\u00bb, d\u00e9clara Ailill \u00e0 Nera. \u00ab\u00a0L\u00e8ve-toi et emm\u00e8ne tes gens et ton b\u00e9tail hors du sid, que nous puissions aller d\u00e9truire le sid.\u00a0\u00bb<\/p>\n\n<p>12.Alors Nera alla \u00e0 son \u00e9pouse dans le sid, et elle lui souhaita la bienvenue. \u00ab\u00a0Rends-toi au fort maintenant, dit la femme \u00e0 Nera, et prends une charge de bois de chauffage avec toi. Je m&rsquo;y suis rendue pendant une ann\u00e9e enti\u00e8re avec un fardeau de bois de chauffage sur mon cou chaque jour \u00e0 ta place, et j&rsquo;ai dit tu \u00e9tais dans la maladie. Et il y a aussi ton fils l\u00e0-bas.\u00a0\u00bb Aussi, il sortit en direction du fort, et porta une charge de bois avec lui sur son cou. \u00ab\u00a0Bienvenue r\u00e9tabli de la maladie dans laquelle tu \u00e9tais!\u00a0\u00bb dit le roi. \u00ab\u00a0Je suis m\u00e9content que la femme ait dormi avec toi sans rien demander.\u00a0\u00bb \u00ab\u00a0Ta volont\u00e9 sera faite \u00e0 ce sujet\u00a0\u00bb, d\u00e9clara Nera. \u00ab\u00a0Ce ne sera pas difficile pour toi\u00a0\u00bb, dit le roi. Il retourna \u00e0 sa maison. \u00ab\u00a0Maintenant, surveille tes vaches aujourd&rsquo;hui!\u00a0\u00bb dit la femme. \u00ab\u00a0J&rsquo;ai donn\u00e9 une vache d&rsquo;entre elles \u00e0 ton fils aussit\u00f4t apr\u00e8s sa naissance.\u00a0\u00bb Alors Nera alla avec son b\u00e9tail dans la journ\u00e9e.<\/p>\n\n<p>13. Puis, pendant qu&rsquo;il dormait la Morrigan prit la vache de son fils, et le Brun de Cualnge la monta dans l&rsquo;est en Cualnge. Elle (la Morrigan) revint ensuite \u00e0 nouveau vers l&rsquo;ouest avec sa vache. Cuchulain les rattrapa dans la plaine de Murthemne comme ils la traversaient. Car c&rsquo;\u00e9tait l&rsquo;un des\u00a0<em>gessa<\/em>\u00a0de Cuchulain que m\u00eame une femme ne pouvait quitter sa terre \u00e0 son insu. [C&rsquo;\u00e9tait l&rsquo;un de ses\u00a0<em>gessa<\/em>\u00a0que les oiseaux ne puissent se nourrir sur sa terre, s&rsquo;ils ne lui laissaient pas quelque chose. C&rsquo;\u00e9tait l&rsquo;un de ses\u00a0<em>gessa<\/em>\u00a0que le poisson soit dans les baies, sauf si il mourait de sa main. C&rsquo;\u00e9tait l&rsquo;un de ses\u00a0<em>gessa<\/em>\u00a0que les guerriers d&rsquo;une autre tribu soient dans son pays sans qu&rsquo;il les d\u00e9fie, avant le matin, si ils venaient la nuit, ou avant la nuit, s&rsquo;ils venaient dans la journ\u00e9e. Chaque jeune fille et chaque femme seule qui \u00e9taient en Ulster, elles \u00e9taient sous sa protection jusqu&rsquo;\u00e0 ce qu&rsquo;elles soient destin\u00e9es \u00e0 leurs maris. Ce sont les\u00a0<em>gessa<\/em>\u00a0de Cuchulain]. Cuchulain rattrapa la Morrigan avec sa vache, et il dit: \u00ab\u00a0Cette vache ne doit pas \u00eatre emmen\u00e9e.\u00a0\u00bb<\/p>\n\n<p>14. Nera retourna ensuite \u00e0 sa maison avec ses vaches dans la soir\u00e9e. \u00ab\u00a0La vache de mon fils manque\u00a0\u00bb, dit-il. [elle, H.2.16] \u00ab\u00a0Je ne m\u00e9rite pas que tu ailles surveiller les vaches de cette fa\u00e7on\u00a0\u00bb, lui dit sa femme. Sur ce, la vache arriva. \u00ab\u00a0Une merveille maintenant! D&rsquo;o\u00f9 vient cette vache?\u00a0\u00bb \u00ab\u00a0En v\u00e9rit\u00e9, elle vient de Cualnge, apr\u00e8s avoir \u00e9t\u00e9 mont\u00e9e par le Brun de Cualnge\u00a0\u00bb, dit la femme. \u00ab\u00a0L\u00e8ve-toi maintenant, de peur que tes guerriers ne viennent\u00a0\u00bb, dit-elle. \u00ab\u00a0Cette arm\u00e9e ne peut bouger pendant une ann\u00e9e jusqu&rsquo;\u00e0 Halloween prochaine. Ils viendront \u00e0 la prochaine Halloween: car les\u00a0<em>sid<\/em>\u00a0de Erinn sont toujours ouverts pendant Halloween.<\/p>\n\n<p>15. Nera alla \u00e0 son peuple. \u00abD&rsquo;o\u00f9 viens-tu? demand\u00e8rent Ailill et Medb \u00e0 Nera, et o\u00f9 tu es-tu all\u00e9 depuis que tu nous as quitt\u00e9s?\u00a0\u00bb \u00ab\u00a0Je suis all\u00e9 dans les terres f\u00e9eriques, d\u00e9clara Nera, pleines de grands tr\u00e9sors et de choses pr\u00e9cieuses, avec beaucoup de v\u00eatements et de nourriture, et de merveilleux tr\u00e9sors. Ils viendront pour vous tuer \u00e0 Halloween prochaine, sauf si cela vous a \u00e9t\u00e9 r\u00e9v\u00e9l\u00e9.\u00a0\u00bb \u00ab\u00a0Nous allons certainement aller \u00e0 leur encontre\u00a0\u00bb, d\u00e9clara Ailill. Alors ils rest\u00e8rent l\u00e0 jusqu&rsquo;\u00e0 la fin de l&rsquo;ann\u00e9e. \u00ab\u00a0Maintenant, si tu as quelque chose dans le sid, dit Ailill \u00e0 Nera, emporte-le au loin.\u00a0\u00bb Alors Nera alla le troisi\u00e8me jour avant Halloween et amena son troupeau hors du sid. Or, comme le taurillon sortait du sid, viz. le veau de la vache de Aingen (Aingene \u00e9tait le nom de son fils), il beugla trois fois. A la m\u00eame heure Ailill et Fergus jouaient aux \u00e9checs, quand ils entendirent quelque chose, le mugissement du taurillon dans la plaine. Fergus dit alors:<\/p>\n\n<p>\u00abJe n&rsquo;aime pas le veau<br \/>beuglant dans la plaine de Cruachan,<br \/>le fils du taureau noir de Cualnge, qui approche,<br \/>le jeune fils du taureau de Loch Laig.<\/p>\n\n<p>Il y aura des veaux sans vaches<br \/>\u00e0 Bairche en Cualnge,<br \/>le roi ira \u00e0 une *** marche<br \/>\u00e0 cause de ce veau de Aingene.<\/p>\n\n<p>17. (Aingene \u00e9tait le nom de l&rsquo;homme et Be Aingeni le nom de la femme, et l&rsquo;apparence que Nera vit sur eux \u00e9tait la m\u00eame que celle que Cuchulain vit dans la\u00a0<em>Tain Bo Regamna<\/em>\u00a0[Razzia des vaches de Regamain].]<\/p>\n\n<p>18. Ensuite, le taurillon et le Blanc-cornu [de Ai, H.2.16] se rencontr\u00e8rent dans la plaine de Cruachan. Une nuit et un jour, ils se battirent l\u00e0-bas, jusqu&rsquo;\u00e0 ce qu&rsquo;enfin le taurillon soit vaincu. Alors, le taurillon meugla quand il fut vaincu. \u00ab\u00a0Qu&rsquo;est-ce que le veau meugle?\u00a0\u00bb demanda Medb \u00e0 son bouvier, dont le nom \u00e9tait Buaigle. \u00ab\u00a0Je sais cela, mon bon p\u00e8re Fergus, dit Bricriu, il s&rsquo;agit du couplet que tu chantas dans la matin\u00e9e.\u00a0\u00bb Sur ce Fergus jeta un regard de c\u00f4t\u00e9 et frappa de son poing la t\u00eate Bricriu, de sorte que les cinq hommes de l&rsquo;\u00e9chiquier qui \u00e9taient dans sa main, p\u00e9n\u00e9tr\u00e8rent dans la t\u00eate de Bricriu, et ce fut un mal durable pour lui. \u00ab\u00a0Dis-moi, \u00f4 Buaigle, que dit le taureau?\u00a0\u00bb demanda Medb. \u00ab\u00a0En v\u00e9rit\u00e9, r\u00e9pondit Buaigle, il dit que si son p\u00e8re venait \u00e0 son aide, viz. le Brun de Cualnge, il [le Blanc-cornu] ne serait pas pris en consid\u00e9ration dans Ai, et il serait battu [et promen\u00e9] \u00e0 travers toute la plaine d&rsquo;Ai de tous c\u00f4t\u00e9s.\u00a0\u00bb Medb dit alors \u00e0 la mani\u00e8re d&rsquo;un serment: \u00ab\u00a0Je jure par les dieux par lesquels jure mon peuple, que je ne me coucherai pas, ni ne dormirai sur un lit de camp ou sur un lit de laine, ni ne boirai de petit-lait ; je ne prendrai pas soin de moi, ni ne boirai de bi\u00e8re brune ou blanche, et je ne go\u00fbterai aucun aliment jusqu&rsquo;\u00e0 ce que je voie ces deux taureaux combattre devant mes yeux.\u00a0\u00bb<\/p>\n\n<p>19. Ensuite, les hommes de Connaught et la sombre arm\u00e9e des exil\u00e9s entr\u00e8rent dans le sid, et d\u00e9truisirent le sid, et en sortirent ce qu&rsquo;il y avait dedans. Et puis ils emport\u00e8rent la couronne de Briun. C&rsquo;est le troisi\u00e8me don merveilleux en Erinn, avec le manteau de L\u00f3egaire \u00e0 Armagh, et la chemise de Dunlaing en Leinster \u00e0 Kildare. Nera fut laiss\u00e9 avec ses gens dans le sid, et n&rsquo;en est pas sorti jusqu&rsquo;\u00e0 pr\u00e9sent, pas plus qu&rsquo;il n&rsquo;en sortira jusqu&rsquo;au Jour du Jugement.<\/p>\n\t\t\t\t\t\t\t\t<\/div>\n\t\t\t\t<\/div>\n\t\t\t\t\t<\/div>\n\t\t<\/div>\n\t\t\t\t\t<\/div>\n\t\t<\/section>\n\t\t\t\t<\/div>\n\t\t","protected":false},"excerpt":{"rendered":"<p>Mythologie irlandaise Wiki Voici les Aventures de Nera, de la branche rouge de la mythologie irlandaise. Aventures de Nera 1.\u00a0Un &hellip; <\/p>","protected":false},"author":1,"featured_media":0,"parent":439,"menu_order":0,"comment_status":"closed","ping_status":"closed","template":"","meta":{"footnotes":""},"class_list":["post-588","page","type-page","status-publish","hentry"],"amp_enabled":true,"_links":{"self":[{"href":"https:\/\/mythslegendes.com\/en\/wp-json\/wp\/v2\/pages\/588","targetHints":{"allow":["GET"]}}],"collection":[{"href":"https:\/\/mythslegendes.com\/en\/wp-json\/wp\/v2\/pages"}],"about":[{"href":"https:\/\/mythslegendes.com\/en\/wp-json\/wp\/v2\/types\/page"}],"author":[{"embeddable":true,"href":"https:\/\/mythslegendes.com\/en\/wp-json\/wp\/v2\/users\/1"}],"replies":[{"embeddable":true,"href":"https:\/\/mythslegendes.com\/en\/wp-json\/wp\/v2\/comments?post=588"}],"version-history":[{"count":1,"href":"https:\/\/mythslegendes.com\/en\/wp-json\/wp\/v2\/pages\/588\/revisions"}],"predecessor-version":[{"id":24553,"href":"https:\/\/mythslegendes.com\/en\/wp-json\/wp\/v2\/pages\/588\/revisions\/24553"}],"up":[{"embeddable":true,"href":"https:\/\/mythslegendes.com\/en\/wp-json\/wp\/v2\/pages\/439"}],"wp:attachment":[{"href":"https:\/\/mythslegendes.com\/en\/wp-json\/wp\/v2\/media?parent=588"}],"curies":[{"name":"wp","href":"https:\/\/api.w.org\/{rel}","templated":true}]}}