{"id":704,"date":"2020-06-15T11:58:01","date_gmt":"2020-06-15T10:58:01","guid":{"rendered":"https:\/\/mythslegendes.com\/?page_id=704"},"modified":"2021-04-15T10:50:25","modified_gmt":"2021-04-15T10:50:25","slug":"la-branche-rouge","status":"publish","type":"page","link":"https:\/\/mythslegendes.com\/en\/irish-mythology\/the-red-branch\/","title":{"rendered":"The Red Branch"},"content":{"rendered":"<p class=\"has-text-align-justify\">The accounts of this cycle are from the reign of King Conchobar Mac Nessa, son of the Druid Cathbad and Queen Ness, who is said to have lived in the time of Christ (30&nbsp;<abbr title=\"30 BC\">av. J.-C.<\/abbr>&nbsp;to 35 apr. AD). Its capital is Emain Macha. It was during the war he delivered to Queen Medb and King Ailill of Connaught that C\u00fachulainn&#039;s gesture intervened.<\/p>\n\n\n\n<ul class=\"wp-block-list\"><li><strong><a href=\"https:\/\/mythslegendes.com\/en\/\">Compert Conchobuir (The Conception of Conchobar)<\/a><\/strong><\/li><li><strong><a href=\"https:\/\/mythslegendes.com\/en\/\">Sc\u00e9la Conchobuir mac Nessa (Story of Conchobar Mac Nessa)<\/a><\/strong><\/li><li><strong><a href=\"https:\/\/mythslegendes.com\/en\/\">Ferchuitred Medba \/ Cath B\u00f3inde (The Men of Medb \/ The Battle of The Boyne)<\/a><\/strong><\/li><li><strong><a href=\"https:\/\/mythslegendes.com\/en\/\">Compert Con Culainn (The Conception of C\u00fachulainn)<\/a><\/strong><\/li><li><strong><a href=\"https:\/\/mythslegendes.com\/en\/\">Feis Rod Becfoltaig (The Conception of Cuchulainn)<\/a><\/strong><\/li><li><strong><a href=\"https:\/\/mythslegendes.com\/en\/\">Tochmarc Emire (The Court of Emer)<\/a><\/strong><\/li><li><strong><a href=\"https:\/\/mythslegendes.com\/en\/\">Aided \u00d3enfir A\u00edfe (The Violent Death of Aife&#039;s Only Son)<\/a><\/strong><\/li><li><strong><a href=\"https:\/\/mythslegendes.com\/en\/\">Ainfer Aife (The murder of Aif\u00e9)<\/a><\/strong><\/li><li><strong><a href=\"https:\/\/mythslegendes.com\/en\/\">Aided Derbforgaill<\/a><\/strong><\/li><li><strong>Aided Guill maic Carbada ocus Aided Gairb Glinne Rige<\/strong><\/li><li><strong><a href=\"https:\/\/mythslegendes.com\/en\/\">Sc\u00e9la Muicce Maic Dath\u00f3 (Mac Datho&#039;s History of Pigs)<\/a><\/strong><\/li><li><strong><a href=\"https:\/\/mythslegendes.com\/en\/\">Fled Bricrenn (The Feast of Bricriu)<\/a><\/strong><\/li><li><strong><a href=\"https:\/\/mythslegendes.com\/en\/\">Longes mac nDu\u00edl Dermait (The Exile of the Sons of D\u00f3el Dermait)<\/a><\/strong><\/li><li><strong><a href=\"https:\/\/mythslegendes.com\/en\/\">The tales of Deirdre and Grania<\/a><\/strong><\/li><li><strong><a href=\"https:\/\/mythslegendes.com\/en\/\">Mac nUisnech Lanyards (The Exile of the Sons of Usnech)<\/a><\/strong><\/li><li><strong><a href=\"https:\/\/mythslegendes.com\/en\/\">Aided Chloinne Uisnig<\/a><\/strong><\/li><li><strong>Aislinge \u00d3enguso (The Dream of Oengus)<\/strong><\/li><li><strong><a href=\"https:\/\/mythslegendes.com\/en\/\">T\u00e1in B\u00f3 Fr\u00e1ich (La Razzia de Fraich)<\/a><\/strong><\/li><li><strong><a href=\"https:\/\/mythslegendes.com\/en\/\">Tochmarc Treblainne (The Court of Treblainne)<\/a><\/strong><\/li><li><strong>T\u00e1in B\u00f3 Regamain (La Razzia de Regamon)<\/strong><\/li><li><strong>T\u00e1in B\u00f3 Dartada (The Raid of Dartaid)<\/strong><\/li><li><strong>T\u00e1in B\u00f3 Flidaise (La Razzia de Flidais)<\/strong><\/li><li><strong><a href=\"https:\/\/mythslegendes.com\/en\/\">Tochmarc Ferbe (The Courtise of Ferb)<\/a><\/strong><\/li><li><strong><a href=\"https:\/\/mythslegendes.com\/en\/\">Echtra Nerae (The Adventures of Nera)<\/a><\/strong><\/li><li><strong><a href=\"https:\/\/mythslegendes.com\/en\/\">T\u00e1in B\u00f3 Regamna (La Razzia de Ragamna)<\/a><\/strong><\/li><li><strong><a href=\"https:\/\/mythslegendes.com\/en\/\">Cath Aenaig Macha (The Battle of the Assembly of Macha)<\/a><\/strong><\/li><li><strong><a href=\"https:\/\/mythslegendes.com\/en\/\">No\u00ednden Ulad (The Debility of the Ulates)<\/a><\/strong><\/li><li><strong><a href=\"https:\/\/mythslegendes.com\/en\/\">De Chophur in D\u00e1 Muccida (The Dispute of the Two Pigmen)<\/a><\/strong><\/li><li><strong><a href=\"https:\/\/mythslegendes.com\/en\/\">T\u00e1in B\u00f3 Cuailnge (The Raid of the Cooley cows)<\/a><\/strong><\/li><li><strong><a href=\"https:\/\/mythslegendes.com\/en\/\">Macgnimrada Conculaid (The Childhood Feats of C\u00fachulainn)<\/a><\/strong><\/li><li><strong><a href=\"https:\/\/mythslegendes.com\/en\/\">Aided Con Ro\u00ed (The Death of Con Roi)<\/a><\/strong><\/li><li><strong><a href=\"https:\/\/mythslegendes.com\/en\/\">Aided Conroi Maic Dairi (The Tragic Death of Curoi Mac Dari)<\/a><\/strong><\/li><li><strong>Mesca Ulad (The Drunkenness of the Ulates)<\/strong><\/li><li><strong><a href=\"https:\/\/mythslegendes.com\/en\/\">These Ulad (The Ulate Disease)<\/a><\/strong><\/li><li><strong><a href=\"https:\/\/mythslegendes.com\/en\/\">Tochmarc Luaine ocus Aided Athirni<\/a><\/strong><\/li><li><strong>Togail Bruidne Da Derga (Destruction of Da Derga&#039;s Residence)<\/strong><\/li><li><strong><a href=\"https:\/\/mythslegendes.com\/en\/\">Aided Cheltchair maic Uthechair (La Mort de Celtchar mac Uthechair)<\/a><\/strong><\/li><li><strong><a href=\"https:\/\/mythslegendes.com\/en\/\">Serglige Con Culainn \u00d3en\u00e9t Emire (The Story of C\u00fachulainn and Emer&#039;s Jealousy)<\/a><\/strong><\/li><li><strong>Cath \u00c9tair (The Battle of Howth)<\/strong><\/li><li><strong>Cath Ruis na R\u00edg (The Battle of Ros na Rig)<\/strong><\/li><li><strong><a href=\"https:\/\/mythslegendes.com\/en\/\">Aided Con Culainn<\/a><\/strong><\/li><li><strong><a href=\"https:\/\/mythslegendes.com\/en\/\">The Death of Connlach<\/a> (variant)<\/strong><\/li><li><strong><a href=\"https:\/\/mythslegendes.com\/en\/\">Aided Ceit maic M\u00e1gach (The Death of This Mac M\u00e1gach)<\/a><\/strong><\/li><li><strong>Aided L\u00f3egairi B\u00faadaig (The Violent Death of the Victorious Loegaire)<\/strong><\/li><li><strong><a href=\"https:\/\/mythslegendes.com\/en\/\">Aided Conchobair<\/a><\/strong><\/li><li><strong><a href=\"https:\/\/mythslegendes.com\/en\/\">Bruiden Da Chocae (The Residence of Da Choca)<\/a><\/strong><\/li><li><strong>Cath Airtig (The Battle of Airtech)<\/strong><\/li><li><strong><a href=\"https:\/\/mythslegendes.com\/en\/\">Aided Fergusa maic R\u00f3ig (The Death of Fergus Mac Roeg)<\/a><\/strong><\/li><li><strong><a href=\"https:\/\/mythslegendes.com\/en\/\">Goire Conaill Chernaig ocus Aided Ailella ocus Conaill Chernaig<\/a><\/strong><\/li><li><strong><a href=\"https:\/\/mythslegendes.com\/en\/\">Aided Meidbe (The Death of Medb)<\/a><\/strong><\/li><li><strong>Siaburcharpat Con Culainn (The Ghost of C\u00fachulainn&#039;s Chariot)<\/strong><\/li><li><strong>De Faillsigud T\u00e1na B\u00f3 Cuailnge (The Rediscovery of the Raid of the Cooley Cows)<\/strong><\/li><li><strong><a href=\"https:\/\/mythslegendes.com\/en\/\">Masha in the Dinnshenchas<\/a><\/strong><\/li><li><strong><a href=\"https:\/\/mythslegendes.com\/en\/\">The Battle of Leitir Ruibhe<\/a><\/strong><\/li><li><strong><a href=\"https:\/\/mythslegendes.com\/en\/\">Cogadh Ferghusa agus Choncubhair sonn (The War between Fergus and Conchobar)<\/a><\/strong><\/li><li><strong><a href=\"https:\/\/mythslegendes.com\/en\/\">Verba Sc\u00e1thaige (The Prediction of Sc\u00e1thach)<\/a><\/strong><\/li><li><strong><a href=\"https:\/\/mythslegendes.com\/en\/\">Sanas Cormaic (Story of N\u00e9d\u00e9 son of Adnae)<\/a><\/strong><\/li><li><strong><a href=\"https:\/\/mythslegendes.com\/en\/\">Serglige Con Culainn \u00d3en\u00e9t Emire (Cuchulainn&#039;s Disease and Emer&#039;s unique jealousy)<\/a><\/strong><\/li><li><strong><a href=\"https:\/\/mythslegendes.com\/en\/\">Comracc Conchulaind re Senbecc hua n-Ebricc a Segais in so (The Combat of Cuchulainn with Senbecc, grandson of Ebrecc, of Segais)<\/a><\/strong><\/li><li><strong><a href=\"https:\/\/mythslegendes.com\/en\/\">Brinna Ferchertne inso triana codlud (Brinna Ferchertne)<\/a><\/strong><\/li><\/ul>","protected":false},"excerpt":{"rendered":"<p>The stories in this cycle are set during the reign of King Conchobar Mac Nessa, son of the Druid Cathbad and Queen Ness, who\u2026 <\/p>","protected":false},"author":1,"featured_media":711,"parent":439,"menu_order":0,"comment_status":"closed","ping_status":"closed","template":"","meta":{"footnotes":""},"class_list":["post-704","page","type-page","status-publish","has-post-thumbnail","hentry"],"amp_enabled":true,"_links":{"self":[{"href":"https:\/\/mythslegendes.com\/en\/wp-json\/wp\/v2\/pages\/704","targetHints":{"allow":["GET"]}}],"collection":[{"href":"https:\/\/mythslegendes.com\/en\/wp-json\/wp\/v2\/pages"}],"about":[{"href":"https:\/\/mythslegendes.com\/en\/wp-json\/wp\/v2\/types\/page"}],"author":[{"embeddable":true,"href":"https:\/\/mythslegendes.com\/en\/wp-json\/wp\/v2\/users\/1"}],"replies":[{"embeddable":true,"href":"https:\/\/mythslegendes.com\/en\/wp-json\/wp\/v2\/comments?post=704"}],"version-history":[{"count":0,"href":"https:\/\/mythslegendes.com\/en\/wp-json\/wp\/v2\/pages\/704\/revisions"}],"up":[{"embeddable":true,"href":"https:\/\/mythslegendes.com\/en\/wp-json\/wp\/v2\/pages\/439"}],"wp:featuredmedia":[{"embeddable":true,"href":"https:\/\/mythslegendes.com\/en\/wp-json\/wp\/v2\/media\/711"}],"wp:attachment":[{"href":"https:\/\/mythslegendes.com\/en\/wp-json\/wp\/v2\/media?parent=704"}],"curies":[{"name":"wp","href":"https:\/\/api.w.org\/{rel}","templated":true}]}}